{"id":978,"date":"2021-12-06T11:44:00","date_gmt":"2021-12-06T11:44:00","guid":{"rendered":"https:\/\/www.ablakkarter.hu\/?page_id=978"},"modified":"2021-12-06T15:57:54","modified_gmt":"2021-12-06T15:57:54","slug":"hasznos-oldalak","status":"publish","type":"page","link":"https:\/\/www.ablakkarter.hu\/?page_id=978","title":{"rendered":"Hasznos oldalak"},"content":{"rendered":"\n<p>V\u00e1lasszon a leg\u00f6rd\u00fcl\u0151 men\u00fcb\u0151l.<\/p>\n","protected":false},"excerpt":{"rendered":"<p>V\u00e1lasszon a leg\u00f6rd\u00fcl\u0151 men\u00fcb\u0151l.<\/p>\n","protected":false},"author":2,"featured_media":0,"parent":0,"menu_order":0,"comment_status":"closed","ping_status":"closed","template":"","meta":{"footnotes":""},"class_list":["post-978","page","type-page","status-publish","hentry"],"_links":{"self":[{"href":"https:\/\/www.ablakkarter.hu\/index.php?rest_route=\/wp\/v2\/pages\/978","targetHints":{"allow":["GET"]}}],"collection":[{"href":"https:\/\/www.ablakkarter.hu\/index.php?rest_route=\/wp\/v2\/pages"}],"about":[{"href":"https:\/\/www.ablakkarter.hu\/index.php?rest_route=\/wp\/v2\/types\/page"}],"author":[{"embeddable":true,"href":"https:\/\/www.ablakkarter.hu\/index.php?rest_route=\/wp\/v2\/users\/2"}],"replies":[{"embeddable":true,"href":"https:\/\/www.ablakkarter.hu\/index.php?rest_route=%2Fwp%2Fv2%2Fcomments&post=978"}],"version-history":[{"count":3,"href":"https:\/\/www.ablakkarter.hu\/index.php?rest_route=\/wp\/v2\/pages\/978\/revisions"}],"predecessor-version":[{"id":1096,"href":"https:\/\/www.ablakkarter.hu\/index.php?rest_route=\/wp\/v2\/pages\/978\/revisions\/1096"}],"wp:attachment":[{"href":"https:\/\/www.ablakkarter.hu\/index.php?rest_route=%2Fwp%2Fv2%2Fmedia&parent=978"}],"curies":[{"name":"wp","href":"https:\/\/api.w.org\/{rel}","templated":true}]}}