{"id":86,"date":"2012-06-07T16:18:23","date_gmt":"2012-06-07T16:18:23","guid":{"rendered":"https:\/\/www.ablakkarter.hu\/biztonsagi-ajto\/"},"modified":"2026-03-12T13:56:34","modified_gmt":"2026-03-12T13:56:34","slug":"biztonsagi-ajto","status":"publish","type":"page","link":"https:\/\/www.ablakkarter.hu\/?page_id=86","title":{"rendered":"Biztons\u00e1gi ajt\u00f3"},"content":{"rendered":"<table width=\"1000\" cellspacing=\"1\" cellpadding=\"1\" border=\"1\">\n<tbody>\n<tr>\n<td>\n<p style=\"text-align: center;\"><span style=\"font-size: 16px;\"><span style=\"font-family: verdana,geneva,sans-serif;\"><strong>&nbsp;Bet\u00f6r\u00e9sbiztos&nbsp; biztons\u00e1gi ajt\u00f3 ak\u00e1r 15 perces \u00e1tt\u00f6r\u00e9sg\u00e1tl\u00e1ssal!<\/strong><\/span><\/span><\/p>\n<p style=\"text-align: center;\"><span style=\"font-size: 16px;\"><span style=\"font-family: verdana,geneva,sans-serif;\"><strong>A Karter Ablak Kft \u00e1ltal forgalmazott ac\u00e9l biztons\u00e1gi ajt\u00f3k min\u0151s\u00e9ge megfelel a magas Eur\u00f3pai Uni\u00f3s k\u00f6vetelm\u00e9nyeknek.<\/strong><\/span><\/span><\/p>\n<p><span style=\"font-size: 16px;\"><span style=\"font-family: verdana,geneva,sans-serif;\">Term\u00e9keink \u00c9MI \u00e9s MABISZ min\u0151s\u00edt\u00e9ssel&nbsp; rendelkeznek.<\/span><\/span><\/p>\n<p><span style=\"font-size: 16px;\"><span style=\"font-family: verdana,geneva,sans-serif;\">Az ac\u00e9lszerkezet\u0171 biztons\u00e1gi ajt\u00f3&nbsp;kiv\u00e1l\u00f3an ellen\u00e1ll&nbsp;az er\u0151szakos &nbsp;mechanikai hat\u00e1soknak.<br \/>\nA MABISZ aj\u00e1nl\u00e1saiban le\u00edrt felt\u00e9telek szerint a biztons\u00e1gi ajt\u00f3 mechanikai v\u00e9delem kialak\u00edt\u00e1s\u00e1ra alkalmas.<\/span><\/span><\/p>\n<p><span style=\"font-size: 16px;\"><span style=\"font-family: verdana,geneva,sans-serif;\">A biztons\u00e1gi ajt\u00f3 helysz\u00edni felm\u00e9r\u00e9s ut\u00e1n egyedi m\u00e9retek alapj\u00e1n ker\u00fcl legy\u00e1rt\u00e1sra.<\/span><\/span><\/p>\n<p style=\"text-align: center;\"><span style=\"font-size: 16px;\"><span style=\"font-family: verdana,geneva,sans-serif;\"><strong>Biztons\u00e1g el\u00e9rhet\u0151 \u00e1ron!<\/strong><\/span><\/span><\/p>\n<p style=\"text-align: center;\"><strong><span style=\"font-size: 16px;\"><span style=\"font-family: verdana,geneva,sans-serif;\">Ugye, \u00d6n is szeretn\u00e9 csal\u00e1dj\u00e1t, \u00e9rt\u00e9keit biztons\u00e1gban tudni!?<br \/>\nEl\u0151zz\u00fck meg a bet\u00f6r\u00e9seket!<\/span><\/span><\/strong><\/p>\n<\/td>\n<td>\n<p style=\"text-align: center;\"><img loading=\"lazy\" decoding=\"async\" class=\" size-full wp-image-85\" style=\"width: 250px; height: 333px;\" src=\"https:\/\/www.ablakkarter.hu\/wp-content\/uploads\/2012\/06\/biztonsagi_ajto.jpg\" alt=\"Biztons\u00e1gi ajt\u00f3\" width=\"600\" height=\"800\" srcset=\"https:\/\/www.ablakkarter.hu\/wp-content\/uploads\/2012\/06\/biztonsagi_ajto.jpg 600w, https:\/\/www.ablakkarter.hu\/wp-content\/uploads\/2012\/06\/biztonsagi_ajto-225x300.jpg 225w\" sizes=\"auto, (max-width: 600px) 100vw, 600px\" \/><\/p>\n<\/td>\n<\/tr>\n<\/tbody>\n<\/table>\n<p style=\"text-align: center;\">\n<p style=\"text-align: center;\">\n","protected":false},"excerpt":{"rendered":"<table border=\"1\" cellpadding=\"1\" cellspacing=\"1\" height=\"352\" width=\"1000\">\n<tbody>\n<tr>\n<td>\n<p style=\"text-align: center;\"><span style=\"font-size:16px;\"><span style=\"font-family: verdana,geneva,sans-serif;\"><strong>&nbsp;Bet\u00f6r\u00e9sbiztos&nbsp; biztons\u00e1gi ajt\u00f3 ak\u00e1r 15 perces \u00e1tt\u00f6r\u00e9sg\u00e1tl\u00e1ssal!<\/strong><\/span><\/span><\/p>\n<p style=\"text-align: center;\"><span style=\"font-size:16px;\"><span style=\"font-family: verdana,geneva,sans-serif;\"><strong>A Karter Ablak Kft \u00e1ltal forgalmazott ac\u00e9l biztons\u00e1gi ajt\u00f3k min\u0151s\u00e9ge megfelel a magas Eur\u00f3pai Uni\u00f3s k\u00f6vetelm\u00e9nyeknek.<\/strong><\/span><\/span><\/p>\n<p><span style=\"font-size:16px;\"><span style=\"font-family: verdana,geneva,sans-serif;\">Term\u00e9keink \u00c9MI \u00e9s MABISZ min\u0151s\u00edt\u00e9ssel&nbsp; rendelkeznek.<\/span><\/span><\/p>\n<p><span style=\"font-size:16px;\"><span style=\"font-family: verdana,geneva,sans-serif;\">Az ac\u00e9lszerkezet\u0171 biztons\u00e1gi ajt\u00f3&nbsp;kiv\u00e1l\u00f3an ellen\u00e1ll&nbsp;az er\u0151szakos &nbsp;mechanikai hat\u00e1soknak.<br \/>A MABISZ aj\u00e1nl\u00e1saiban leirt felt\u00e9telek szerint a biztons\u00e1gi ajt\u00f3 mechanikai v\u00e9delem kialak\u00edt\u00e1s\u00e1ra alkalmas.<\/span><\/span><\/p>\n<p><span style=\"font-size:16px;\"><span style=\"font-family:verdana,geneva,sans-serif;\">A biztons\u00e1gi ajt\u00f3 helysz\u00edni felm\u00e9r\u00e9s ut\u00e1n egyedi m\u00e9retek alapj\u00e1n ker\u00fcl legy\u00e1rt\u00e1sra.<\/span><\/span><\/p>\n<p style=\"text-align: center;\"><span style=\"font-size:16px;\"><span style=\"font-family: verdana,geneva,sans-serif;\"><strong>Biztons\u00e1g el\u00e9rhet\u0151 \u00e1ron!<\/strong><\/span><\/span><\/p>\n<p style=\"text-align: center;\"><strong><span style=\"font-size:16px;\"><span style=\"font-family: verdana,geneva,sans-serif;\">Ugye, \u00d6n is szeretn\u00e9 csal\u00e1dj\u00e1t, \u00e9rt\u00e9keit biztons\u00e1gban tudni!?<br \/>El\u0151zz\u00fck meg a bet\u00f6r\u00e9seket!<\/span><\/span><\/strong><\/p>\n<\/td>\n<td>\n<p style=\"text-align: center;\"><img loading=\"lazy\" decoding=\"async\" class=\" size-full wp-image-85\" alt=\"Biztons\u00e1gi ajt\u00f3\" class=\"kat_lec\" src=\"https:\/\/www.ablakkarter.hu\/wp-content\/uploads\/2012\/06\/biztonsagi_ajto.jpg\" style=\"width: 250px; height: 333px;\" width=\"600\" height=\"800\" srcset=\"https:\/\/www.ablakkarter.hu\/wp-content\/uploads\/2012\/06\/biztonsagi_ajto.jpg 600w, https:\/\/www.ablakkarter.hu\/wp-content\/uploads\/2012\/06\/biztonsagi_ajto-225x300.jpg 225w\" sizes=\"auto, (max-width: 600px) 100vw, 600px\" \/><\/p>\n<\/td>\n<\/tr>\n<\/tbody>\n<\/table>\n<p style=\"text-align: center;\">&nbsp;<\/p>\n<p>&nbsp;<\/p>\n","protected":false},"author":1,"featured_media":0,"parent":0,"menu_order":0,"comment_status":"closed","ping_status":"closed","template":"","meta":{"footnotes":""},"class_list":["post-86","page","type-page","status-publish","hentry"],"_links":{"self":[{"href":"https:\/\/www.ablakkarter.hu\/index.php?rest_route=\/wp\/v2\/pages\/86","targetHints":{"allow":["GET"]}}],"collection":[{"href":"https:\/\/www.ablakkarter.hu\/index.php?rest_route=\/wp\/v2\/pages"}],"about":[{"href":"https:\/\/www.ablakkarter.hu\/index.php?rest_route=\/wp\/v2\/types\/page"}],"author":[{"embeddable":true,"href":"https:\/\/www.ablakkarter.hu\/index.php?rest_route=\/wp\/v2\/users\/1"}],"replies":[{"embeddable":true,"href":"https:\/\/www.ablakkarter.hu\/index.php?rest_route=%2Fwp%2Fv2%2Fcomments&post=86"}],"version-history":[{"count":2,"href":"https:\/\/www.ablakkarter.hu\/index.php?rest_route=\/wp\/v2\/pages\/86\/revisions"}],"predecessor-version":[{"id":1146,"href":"https:\/\/www.ablakkarter.hu\/index.php?rest_route=\/wp\/v2\/pages\/86\/revisions\/1146"}],"wp:attachment":[{"href":"https:\/\/www.ablakkarter.hu\/index.php?rest_route=%2Fwp%2Fv2%2Fmedia&parent=86"}],"curies":[{"name":"wp","href":"https:\/\/api.w.org\/{rel}","templated":true}]}}