{"id":84,"date":"2012-06-07T16:15:33","date_gmt":"2012-06-07T16:15:33","guid":{"rendered":"https:\/\/www.ablakkarter.hu\/garazskapuk\/"},"modified":"2021-12-08T15:26:00","modified_gmt":"2021-12-08T15:26:00","slug":"garazskapuk","status":"publish","type":"page","link":"https:\/\/www.ablakkarter.hu\/?page_id=84","title":{"rendered":"Gar\u00e1zskapuk"},"content":{"rendered":"<p style=\"text-align: center;\"><span style=\"font-family: verdana,geneva,sans-serif;\"><strong><span style=\"font-size: 14px;\">\u201e\u00c1lmodtam egy vil\u00e1got magamnak, itt \u00e1llok a kapui el\u0151tt\u201d <\/span><\/strong><\/span><\/p>\n<p style=\"text-align: center;\"><span style=\"font-family: verdana,geneva,sans-serif;\"><strong><span style=\"font-size: 14px;\">Ugye, elege van m\u00e1r a r\u00e9gi gar\u00e1zskapub\u00f3l, az \u00e1lland\u00f3 ki-be ugr\u00e1l\u00e1s az aut\u00f3b\u00f3l? \u2013 V\u00e9gre v\u00e9ge!<\/span><\/strong><\/span><\/p>\n<p style=\"text-align: center;\"><span style=\"font-family: verdana,geneva,sans-serif;\"><strong><span style=\"font-size: 14px;\">V\u00e1lasszon a Karter Kapuk \u00f3ri\u00e1si gar\u00e1zskapu k\u00edn\u00e1lat\u00e1b\u00f3l!<\/span><\/strong><\/span><\/p>\n<table style=\"width: 995px; height: 265px;\" cellspacing=\"1\" cellpadding=\"1\" border=\"1\">\n<tbody>\n<tr>\n<td style=\"text-align: center; background-color: #cc0000;\"><span style=\"font-size: 18px;\"><span style=\"font-family: verdana,geneva,sans-serif;\"><a href=\"\/billeno-garazskapu\"><span style=\"color: #fff0f5;\">Billen\u0151 gar\u00e1zskapu<\/span><\/a><\/span><\/span><\/td>\n<td style=\"text-align: center; background-color: #cc0000;\"><span style=\"font-size: 18px;\"><a href=\"\/szekcionalt-garazskapu\"><span style=\"color: #fff0f5;\">Szekcion\u00e1lt gar\u00e1zskapu<\/span><\/a><\/span><\/td>\n<td style=\"text-align: center; background-color: #cc0000;\"><span style=\"font-size: 18px;\"><span style=\"font-family: verdana,geneva,sans-serif;\"><a href=\"\/ipari-kapu\"><span style=\"color: #fff0f5;\">Ipari gar\u00e1zskapu<\/span><\/a><\/span><\/span><\/td>\n<\/tr>\n<tr>\n<td><a href=\"\/billeno-garazskapu\"><img loading=\"lazy\" decoding=\"async\" class=\"size-full wp-image-81 aligncenter\" title=\"billen\u0151 gar\u00e1zskapu\" src=\"https:\/\/www.ablakkarter.hu\/wp-content\/uploads\/2012\/06\/billeno_garazskapu.jpg\" alt=\"billen\u0151 gar\u00e1zskapu\" width=\"214\" height=\"198\"><\/a><\/td>\n<td><a href=\"\/szekcionalt-garazskapu\"><img loading=\"lazy\" decoding=\"async\" class=\"size-full wp-image-82 aligncenter\" style=\"width: 234px; height: 197px;\" title=\"szekcion\u00e1lt gar\u00e1zskapu\" src=\"https:\/\/www.ablakkarter.hu\/wp-content\/uploads\/2012\/06\/garazskapu.gif\" alt=\"szekcion\u00e1lt gar\u00e1zskapu\" width=\"213\" height=\"182\"><\/a><\/td>\n<td><a href=\"\/ipari-kapu\"><img loading=\"lazy\" decoding=\"async\" class=\"size-full wp-image-83 aligncenter\" style=\"width: 251px; height: 196px;\" title=\"ipari kapu\" src=\"https:\/\/www.ablakkarter.hu\/wp-content\/uploads\/2012\/06\/ik_2.jpg\" alt=\"ipari kapu\" width=\"329\" height=\"259\" srcset=\"https:\/\/www.ablakkarter.hu\/wp-content\/uploads\/2012\/06\/ik_2.jpg 329w, https:\/\/www.ablakkarter.hu\/wp-content\/uploads\/2012\/06\/ik_2-300x236.jpg 300w\" sizes=\"auto, (max-width: 329px) 100vw, 329px\" \/><\/a><\/td>\n<\/tr>\n<\/tbody>\n<\/table>\n<p><span style=\"font-family: verdana,geneva,sans-serif;\"><span style=\"font-size: 14px;\">A v\u00e1laszt\u00e1st befoly\u00e1solhatja a ny\u00edl\u00e1s m\u00e9ret\u00e9n k\u00edv\u00fcl a gar\u00e1zskapu sz\u00edne, anyaga, a panelek mint\u00e1zata, \u00e9s a szerkezetek vari\u00e1lhat\u00f3s\u00e1ga, a motoriz\u00e1l\u00e1si lehet\u0151s\u00e9gek, no meg nem utols\u00f3 sorban, hogy mennyi p\u00e9nzt sz\u00e1nunk \u00e1lmaink kapuj\u00e1ra!<\/span><\/span><\/p>\n<p><span style=\"font-family: verdana,geneva,sans-serif;\"><span style=\"font-size: 14px;\">Olcs\u00f3 gar\u00e1zskapu gy\u00e1rt\u00e1s min\u0151s\u00e9gi kivitelez\u00e9s, <\/span>5 \u00e9v gar\u00e1zskapu garancia &#8211; Karter Ablak Kft &#8211; Kaputechnika<\/span><\/p>\n<p style=\"text-align: center;\"><strong><span style=\"font-size: 14px;\"><span style=\"font-family: verdana,geneva,sans-serif;\">Billen\u0151 gar\u00e1zskapuk, szekcion\u00e1lt gar\u00e1zskapuk \u00e9s ipari gar\u00e1zskapuk egyedi m\u00e9retre gy\u00e1rt\u00e1sa fel\u00e1r n\u00e9lk\u00fcl!<\/span><\/span><\/strong><\/p>\n<p style=\"text-align: center;\"><strong><span style=\"font-family: verdana,geneva,sans-serif;\"><span style=\"font-size: 14px;\">\u00c9s \u00e9n vajon milyen gar\u00e1zskaput v\u00e1lasszak? <\/span><\/span><\/strong><\/p>\n<p style=\"text-align: center;\"><strong><span style=\"font-family: verdana,geneva,sans-serif;\"><span style=\"font-size: 14px;\">Egy j\u00f3 gar\u00e1zskapun\u00e1l m\u00e1r csak a kiv\u00e1laszt\u00e1sa nehezebb!<\/span><\/span><\/strong><\/p>\n<p style=\"text-align: center;\"><span style=\"font-family: verdana,geneva,sans-serif;\"><span style=\"font-size: 14px;\"><strong>M\u00e1r a tervez\u00e9sn\u00e9l k\u00e9rje kaputechnik\u00e1val foglalkoz\u00f3 munkat\u00e1rsunk seg\u00edts\u00e9g\u00e9t!<\/strong><\/span><\/span><\/p>\n<p style=\"text-align: center;\">\n<p style=\"text-align: center;\"><span style=\"font-family: verdana,geneva,sans-serif;\"><span style=\"font-size: 14px;\"><strong>Gar\u00e1zskapuk gy\u00e1rt\u00e1s\u00e1t \u00e9s beszerel\u00e9s\u00e9t r\u00f6vid hat\u00e1rid\u0151vel v\u00e1llaljuk!<\/strong><\/span><\/span><\/p>\n<p style=\"text-align: center;\">\n","protected":false},"excerpt":{"rendered":"<p style=\"text-align: center;\"><span style=\"font-family:verdana,geneva,sans-serif;\"><strong><span style=\"font-size: 14px;\">&bdquo;\u00c1lmodtam egy vil\u00e1got magamnak, itt \u00e1llok a kapui el\u0151tt&rdquo; <\/span><\/strong><\/span><\/p>\n<p style=\"text-align: center;\"><span style=\"font-family:verdana,geneva,sans-serif;\"><strong><span style=\"font-size: 14px;\">Ugye, elege van m\u00e1r a r\u00e9gi gar\u00e1zskapub\u00f3l, az \u00e1lland\u00f3 ki-be ugr\u00e1l\u00e1s az aut\u00f3b\u00f3l? &ndash; V\u00e9gre v\u00e9ge!<\/span><\/strong><\/span><\/p>\n<p style=\"text-align: center;\"><span style=\"font-family:verdana,geneva,sans-serif;\"><strong><span style=\"font-size: 14px;\">V\u00e1lasszon a Karter Kapuk \u00f3ri\u00e1si gar\u00e1zskapu k\u00edn\u00e1lat\u00e1b\u00f3l!<\/span><\/strong><\/span><strong><span style=\"font-family:verdana,geneva,sans-serif;\"><span style=\"font-size: 14px;\"> <\/span><\/span><\/strong><\/p>\n<table border=\"1\" cellpadding=\"1\" cellspacing=\"1\" style=\"width: 500px;\">\n<tbody>\n<tr>\n<td style=\"text-align: center; background-color: rgb(204, 0, 0);\"><span style=\"font-size:18px;\"><span style=\"font-family: verdana,geneva,sans-serif;\"><a href=\"\/billeno-garazskapu\"><span style=\"color: rgb(255, 240, 245);\">Billen\u0151 gar\u00e1zskapu<\/span><\/a><\/span><\/span><\/td>\n<td style=\"text-align: center; background-color: rgb(204, 0, 0);\"><span style=\"font-size:18px;\"><a href=\"\/szekcionalt-garazskapu\"><span style=\"color: rgb(255, 240, 245);\">Szekcion\u00e1lt gar\u00e1zskapu<\/span><\/a><\/span><\/td>\n<td style=\"text-align: center; background-color: rgb(204, 0, 0);\"><span style=\"font-size:18px;\"><span style=\"font-family: verdana,geneva,sans-serif;\"><a href=\"\/ipari-kapu\"><span style=\"color: rgb(255, 240, 245);\">Ipari gar\u00e1zskapu<\/span><\/a><\/span><\/span><\/td>\n<\/tr>\n<tr>\n<td><a href=\"\/billeno-garazskapu\"><img loading=\"lazy\" decoding=\"async\" class=\" size-full wp-image-81\" alt=\"billen\u0151 gar\u00e1zskapu\" height=\"198\" src=\"https:\/\/www.ablakkarter.hu\/wp-content\/uploads\/2012\/06\/billeno_garazskapu.jpg\" title=\"billen\u0151 gar\u00e1zskapu\" width=\"214\" \/><\/a><\/td>\n<td><a href=\"\/szekcionalt-garazskapu\"><img loading=\"lazy\" decoding=\"async\" class=\" size-full wp-image-82\" alt=\"szekcion\u00e1lt gar\u00e1zskapu\" src=\"https:\/\/www.ablakkarter.hu\/wp-content\/uploads\/2012\/06\/garazskapu.gif\" style=\"width: 234px; height: 197px;\" title=\"szekcion\u00e1lt gar\u00e1zskapu\" width=\"213\" height=\"182\" \/><\/a><\/td>\n<td><a href=\"\/ipari-kapu\"><img loading=\"lazy\" decoding=\"async\" class=\" size-full wp-image-83\" alt=\"ipari kapu\" src=\"https:\/\/www.ablakkarter.hu\/wp-content\/uploads\/2012\/06\/ik_2.jpg\" style=\"width: 251px; height: 196px;\" title=\"ipari kapu\" width=\"329\" height=\"259\" srcset=\"https:\/\/www.ablakkarter.hu\/wp-content\/uploads\/2012\/06\/ik_2.jpg 329w, https:\/\/www.ablakkarter.hu\/wp-content\/uploads\/2012\/06\/ik_2-300x236.jpg 300w\" sizes=\"auto, (max-width: 329px) 100vw, 329px\" \/><\/a><\/td>\n<\/tr>\n<\/tbody>\n<\/table>\n<p>&nbsp;<\/p>\n<p><span style=\"font-family:verdana,geneva,sans-serif;\"><span style=\"font-size: 14px;\">A v\u00e1laszt\u00e1st befoly\u00e1solhatja a ny\u00edl\u00e1s m\u00e9ret\u00e9n k\u00edv\u00fcl a gar\u00e1zskapu sz\u00edne, anyaga, a panelek mint\u00e1zata, \u00e9s a szerkezetek vari\u00e1lhat\u00f3s\u00e1ga, a motoriz\u00e1l\u00e1si lehet\u0151s\u00e9gek, no meg nem utols\u00f3 sorban, hogy mennyi p\u00e9nzt sz\u00e1nunk \u00e1lmaink kapuj\u00e1ra!<\/span><\/span><\/p>\n<p><span style=\"font-family:verdana,geneva,sans-serif;\"><span style=\"font-size: 14px;\">Olcs\u00f3 gar\u00e1zskapu gy\u00e1rt\u00e1s min\u0151s\u00e9gi kivitelez\u00e9s, <\/span>5 \u00e9v gar\u00e1zskapu garancia &#8211; Karter Ablak Kft &#8211; Kaputechnika<\/span><\/p>\n<p style=\"text-align: center;\"><strong><span style=\"font-size:14px;\"><span style=\"font-family: verdana,geneva,sans-serif;\">Billen\u0151 gar\u00e1zskapuk, szekcion\u00e1lt gar\u00e1zskapuk \u00e9s ipari gar\u00e1zskapuk egyedi m\u00e9retre gy\u00e1rt\u00e1sa fel\u00e1r n\u00e9lk\u00fcl!<\/span><\/span><\/strong><\/p>\n<p style=\"text-align: center;\"><strong><span style=\"font-family:verdana,geneva,sans-serif;\"><span style=\"font-size: 14px;\">\u00c9s \u00e9n vajon milyen gar\u00e1zskaput v\u00e1lasszak? <\/span><\/span><\/strong><\/p>\n<p style=\"text-align: center;\"><strong><span style=\"font-family:verdana,geneva,sans-serif;\"><span style=\"font-size: 14px;\">Egy j\u00f3 gar\u00e1zskapun\u00e1l m\u00e1r csak a kiv\u00e1laszt\u00e1sa nehezebb!<\/span><\/span><\/strong><\/p>\n<p style=\"text-align: center;\"><span style=\"font-family:verdana,geneva,sans-serif;\"><span style=\"font-size: 14px;\"><strong>M\u00e1r a tervez\u00e9sn\u00e9l k\u00e9rje kaputechnik\u00e1val foglalkoz\u00f3 munkat\u00e1rsunk seg\u00edts\u00e9g\u00e9t!<\/strong><\/span><\/span><\/p>\n<p style=\"text-align: center;\">&nbsp;<\/p>\n<p style=\"text-align: center;\"><span style=\"font-family:verdana,geneva,sans-serif;\"><span style=\"font-size: 14px;\"><strong>Gar\u00e1zskapuk gy\u00e1rt\u00e1s\u00e1t \u00e9s beszerel\u00e9s\u00e9t r\u00f6vid hat\u00e1rid\u0151vel v\u00e1llaljuk!<\/strong><\/span><\/span><\/p>\n","protected":false},"author":1,"featured_media":1118,"parent":0,"menu_order":0,"comment_status":"closed","ping_status":"closed","template":"","meta":{"footnotes":""},"class_list":["post-84","page","type-page","status-publish","has-post-thumbnail","hentry"],"_links":{"self":[{"href":"https:\/\/www.ablakkarter.hu\/index.php?rest_route=\/wp\/v2\/pages\/84","targetHints":{"allow":["GET"]}}],"collection":[{"href":"https:\/\/www.ablakkarter.hu\/index.php?rest_route=\/wp\/v2\/pages"}],"about":[{"href":"https:\/\/www.ablakkarter.hu\/index.php?rest_route=\/wp\/v2\/types\/page"}],"author":[{"embeddable":true,"href":"https:\/\/www.ablakkarter.hu\/index.php?rest_route=\/wp\/v2\/users\/1"}],"replies":[{"embeddable":true,"href":"https:\/\/www.ablakkarter.hu\/index.php?rest_route=%2Fwp%2Fv2%2Fcomments&post=84"}],"version-history":[{"count":3,"href":"https:\/\/www.ablakkarter.hu\/index.php?rest_route=\/wp\/v2\/pages\/84\/revisions"}],"predecessor-version":[{"id":1131,"href":"https:\/\/www.ablakkarter.hu\/index.php?rest_route=\/wp\/v2\/pages\/84\/revisions\/1131"}],"wp:featuredmedia":[{"embeddable":true,"href":"https:\/\/www.ablakkarter.hu\/index.php?rest_route=\/wp\/v2\/media\/1118"}],"wp:attachment":[{"href":"https:\/\/www.ablakkarter.hu\/index.php?rest_route=%2Fwp%2Fv2%2Fmedia&parent=84"}],"curies":[{"name":"wp","href":"https:\/\/api.w.org\/{rel}","templated":true}]}}