{"id":71,"date":"2012-06-07T15:50:59","date_gmt":"2012-06-07T15:50:59","guid":{"rendered":"https:\/\/www.ablakkarter.hu\/muanyag-bejarati-ajtok\/"},"modified":"2026-03-12T14:02:34","modified_gmt":"2026-03-12T14:02:34","slug":"muanyag-bejarati-ajtok","status":"publish","type":"page","link":"https:\/\/www.ablakkarter.hu\/?page_id=71","title":{"rendered":"M\u0171anyag bej\u00e1rati ajt\u00f3k"},"content":{"rendered":"\n<div class=\"wp-block-media-text alignwide is-stacked-on-mobile\" style=\"grid-template-columns:23% auto\"><figure class=\"wp-block-media-text__media\"><a href=\"https:\/\/www.ablakkarter.hu\/gealan-muanyag-bejarati-ajto\/\"><img loading=\"lazy\" decoding=\"async\" width=\"590\" height=\"754\" src=\"https:\/\/www.ablakkarter.hu\/wp-content\/uploads\/2022\/04\/gealan_muanyag_bejarati_ajto.jpg\" alt=\"\" class=\"wp-image-1486 size-full\" srcset=\"https:\/\/www.ablakkarter.hu\/wp-content\/uploads\/2022\/04\/gealan_muanyag_bejarati_ajto.jpg 590w, https:\/\/www.ablakkarter.hu\/wp-content\/uploads\/2022\/04\/gealan_muanyag_bejarati_ajto-235x300.jpg 235w\" sizes=\"auto, (max-width: 590px) 100vw, 590px\" \/><\/a><\/figure><div class=\"wp-block-media-text__content\">\n<p class=\"has-large-font-size\"><a href=\"https:\/\/www.ablakkarter.hu\/gealan-muanyag-bejarati-ajto\/\" data-type=\"page\" data-id=\"79\">Gealan m\u0171anyag bej\u00e1rati ajt\u00f3<\/a><\/p>\n<\/div><\/div>\n\n\n\n<hr class=\"wp-block-separator has-css-opacity\"\/>\n\n\n\n<div class=\"wp-block-media-text alignwide is-stacked-on-mobile\" style=\"grid-template-columns:24% auto\"><figure class=\"wp-block-media-text__media\"><img loading=\"lazy\" decoding=\"async\" width=\"800\" height=\"800\" src=\"https:\/\/www.ablakkarter.hu\/wp-content\/uploads\/2022\/05\/e2-1.jpg\" alt=\"\" class=\"wp-image-1648 size-full\" srcset=\"https:\/\/www.ablakkarter.hu\/wp-content\/uploads\/2022\/05\/e2-1.jpg 800w, https:\/\/www.ablakkarter.hu\/wp-content\/uploads\/2022\/05\/e2-1-300x300.jpg 300w, https:\/\/www.ablakkarter.hu\/wp-content\/uploads\/2022\/05\/e2-1-100x100.jpg 100w, https:\/\/www.ablakkarter.hu\/wp-content\/uploads\/2022\/05\/e2-1-600x600.jpg 600w, https:\/\/www.ablakkarter.hu\/wp-content\/uploads\/2022\/05\/e2-1-150x150.jpg 150w, https:\/\/www.ablakkarter.hu\/wp-content\/uploads\/2022\/05\/e2-1-768x768.jpg 768w\" sizes=\"auto, (max-width: 800px) 100vw, 800px\" \/><\/figure><div class=\"wp-block-media-text__content\">\n<p class=\"has-large-font-size\"><a href=\"https:\/\/www.ablakkarter.hu\/gealan-eco-akcios-bejarati-ajtok\/\" data-type=\"page\" data-id=\"1595\">Gealan ECO akci\u00f3s bej\u00e1rati ajt\u00f3k<\/a><\/p>\n<\/div><\/div>\n\n\n\n<hr class=\"wp-block-separator has-alpha-channel-opacity\"\/>\n\n\n\n<div class=\"wp-block-media-text alignwide is-stacked-on-mobile\" style=\"grid-template-columns:23% auto\"><figure class=\"wp-block-media-text__media\"><a href=\"https:\/\/www.ablakkarter.hu\/muanyag-bejarati-ajto-diszpanelek\/\"><img loading=\"lazy\" decoding=\"async\" width=\"577\" height=\"554\" src=\"https:\/\/www.ablakkarter.hu\/wp-content\/uploads\/2022\/04\/munyag_bejarati_ajto_panel_arak.jpg\" alt=\"\" class=\"wp-image-1487 size-full\" srcset=\"https:\/\/www.ablakkarter.hu\/wp-content\/uploads\/2022\/04\/munyag_bejarati_ajto_panel_arak.jpg 577w, https:\/\/www.ablakkarter.hu\/wp-content\/uploads\/2022\/04\/munyag_bejarati_ajto_panel_arak-300x288.jpg 300w\" sizes=\"auto, (max-width: 577px) 100vw, 577px\" \/><\/a><\/figure><div class=\"wp-block-media-text__content\">\n<p class=\"has-large-font-size\"><a href=\"https:\/\/www.ablakkarter.hu\/muanyag-bejarati-ajto-diszpanelek\/\" data-type=\"page\" data-id=\"329\">Bej\u00e1rati ajt\u00f3panelek, d\u00edszpanelek<\/a><\/p>\n<\/div><\/div>\n\n\n\n<hr class=\"wp-block-separator has-css-opacity\"\/>\n\n\n\n<div class=\"wp-block-media-text alignwide is-stacked-on-mobile\" style=\"grid-template-columns:22% auto\"><figure class=\"wp-block-media-text__media\"><a href=\"https:\/\/www.ablakkarter.hu\/classic-bejarati-ajto\/\"><img loading=\"lazy\" decoding=\"async\" width=\"288\" height=\"380\" src=\"https:\/\/www.ablakkarter.hu\/wp-content\/uploads\/2022\/04\/muanyag_bejarati_ajto.jpg\" alt=\"\" class=\"wp-image-1488 size-full\" srcset=\"https:\/\/www.ablakkarter.hu\/wp-content\/uploads\/2022\/04\/muanyag_bejarati_ajto.jpg 288w, https:\/\/www.ablakkarter.hu\/wp-content\/uploads\/2022\/04\/muanyag_bejarati_ajto-227x300.jpg 227w\" sizes=\"auto, (max-width: 288px) 100vw, 288px\" \/><\/a><\/figure><div class=\"wp-block-media-text__content\">\n<p class=\"has-large-font-size\"><a href=\"https:\/\/www.ablakkarter.hu\/classic-bejarati-ajto\/\" data-type=\"page\" data-id=\"521\">Classic bej\u00e1rati ajt\u00f3<\/a><\/p>\n<\/div><\/div>\n\n\n\n<p class=\"has-text-align-center\">\u00d3ri\u00e1si bej\u00e1rati ajt\u00f3 v\u00e1laszt\u00e9k!<br><br>Ny\u00edl\u00e1sz\u00e1r\u00f3 bemutat\u00f3termeinkben t\u00f6bb sz\u00e1z bej\u00e1rati ajt\u00f3 k\u00f6z\u00fcl v\u00e1laszthatja ki a legmegfelel\u0151bb t\u00edpust!<br>A min\u0151s\u00e9gi m\u0171anyag bej\u00e1rati ajt\u00f3k t\u00f6bb pontos z\u00e1r\u00f3d\u00e1ssal, n\u00e9met 3D \u00e1ll\u00edthat\u00f3 ajt\u00f3p\u00e1ntokkal \u00e9s sarokmerev\u00edt\u00e9ssel k\u00e9sz\u00fclnek.<br><br>M\u00e9g biztons\u00e1gosabb bej\u00e1rati ajt\u00f3t v\u00e1s\u00e1rolna?<br>\u00d3vja csal\u00e1dj\u00e1t, \u00e9rt\u00e9keit!<br><\/p>\n\n\n\n<p class=\"has-text-align-center\">A biztons\u00e1g tov\u00e1bb fokozhat\u00f3 MABISZ min\u0151s\u00edt\u00e9s\u0171 ac\u00e9lcsapos z\u00e1rakkal, p\u00f3tz\u00e1rral, speci\u00e1lis z\u00e1rbet\u00e9tekkel,<br>ac\u00e9lmerev\u00edt\u00e9ssel ell\u00e1tott ajt\u00f3panelekkel, biztons\u00e1gi \u00fcvegez\u00e9ssel.<\/p>\n\n\n\n<p class=\"has-text-align-center\">Akci\u00f3s bej\u00e1rati ajt\u00f3 v\u00e1s\u00e1r!<br>Az akci\u00f3s m\u0171anyag bej\u00e1rati ajt\u00f3kat keresse az <a href=\"https:\/\/www.ablakkarter.hu\/akciok\/\" data-type=\"page\" data-id=\"524\">AKCI\u00d3K<\/a> men\u00fcpont alatt!<\/p>\n\n\n<div class=\"wp-block-image\">\n<figure class=\"aligncenter size-full\"><img loading=\"lazy\" decoding=\"async\" width=\"676\" height=\"381\" src=\"https:\/\/www.ablakkarter.hu\/wp-content\/uploads\/2022\/04\/ajto_nyitasirany_meghatarozas.jpg\" alt=\"\" class=\"wp-image-1489\" srcset=\"https:\/\/www.ablakkarter.hu\/wp-content\/uploads\/2022\/04\/ajto_nyitasirany_meghatarozas.jpg 676w, https:\/\/www.ablakkarter.hu\/wp-content\/uploads\/2022\/04\/ajto_nyitasirany_meghatarozas-600x338.jpg 600w, https:\/\/www.ablakkarter.hu\/wp-content\/uploads\/2022\/04\/ajto_nyitasirany_meghatarozas-300x169.jpg 300w\" sizes=\"auto, (max-width: 676px) 100vw, 676px\" \/><\/figure>\n<\/div>\n\n\n<p class=\"has-text-align-center\">Min\u0151s\u00e9gi m\u0171anyag bej\u00e1rati ajt\u00f3 gy\u00e1rt\u00e1s egyedi m\u00e9retben, fel\u00e1r n\u00e9lk\u00fcl!<\/p>\n\n\n\n<p>A m\u0171anyag bej\u00e1rati ajt\u00f3k t\u00edpusv\u00e1laszt\u00e9ka:<\/p>\n\n\n\n<ul class=\"wp-block-list\"><li>Befel\u00e9 ny\u00edl\u00f3 egysz\u00e1rny\u00fa bej\u00e1rati ajt\u00f3<\/li><li>Kifel\u00e9 ny\u00edl\u00f3 egysz\u00e1rny\u00fa bej\u00e1rati ajt\u00f3<\/li><li>Befel\u00e9 ny\u00edl\u00f3 k\u00e9tsz\u00e1rny\u00fa bej\u00e1rati ajt\u00f3<\/li><li>Kifel\u00e9 ny\u00edl\u00f3 k\u00e9tsz\u00e1rny\u00fa bej\u00e1rati ajt\u00f3<\/li><li>Oldalvil\u00e1g\u00edt\u00f3s bej\u00e1rati ajt\u00f3<\/li><li>Fel\u00fclvil\u00e1g\u00edt\u00f3s bej\u00e1rati ajt\u00f3<\/li><li>K\u00f6z\u00e9pen felny\u00edl\u00f3 bej\u00e1rati ajt\u00f3<\/li><li>Aszimmetrikus bej\u00e1rati ajt\u00f3<\/li><li>D\u00edszpaneles bej\u00e1rati ajt\u00f3<\/li><li>\u00dcvegezett bej\u00e1rati ajt\u00f3<\/li><li>F\u00e9lig \u00fcveges bej\u00e1rati ajt\u00f3<\/li><li>F\u00f6ldig \u00fcveges bej\u00e1rati ajt\u00f3<\/li><li>T\u00f6m\u00f6r bej\u00e1rati ajt\u00f3<\/li><li>Osztott bej\u00e1rati ajt\u00f3<\/li><li>Oszt\u00f3bord\u00e1s bej\u00e1rati ajt\u00f3<\/li><li>F\u0151bej\u00e1rati ajt\u00f3<\/li><li>Biztons\u00e1gi bej\u00e1rati ajt\u00f3<\/li><li>Mell\u00e9kbej\u00e1rati ajt\u00f3<\/li><li>Alacsony k\u00fcsz\u00f6b\u00f6s bej\u00e1rati ajt\u00f3<\/li><li>Automata k\u00fcsz\u00f6b\u00f6s bej\u00e1rati ajt\u00f3<\/li><li>\u00c1tmen\u0151 k\u00fcsz\u00f6b\u00f6s bej\u00e1rati ajt\u00f3<\/li><li>Feh\u00e9r sz\u00edn\u0171 bej\u00e1rati ajt\u00f3<\/li><li>K\u00edv\u00fcl sz\u00ednes-bel\u00fcl feh\u00e9r bej\u00e1rati ajt\u00f3<\/li><li>K\u00edv\u00fcl-bel\u00fcl sz\u00ednes bej\u00e1rati ajt\u00f3<\/li><\/ul>\n\n\n\n<p class=\"has-text-align-center\">A m\u0171anyag bej\u00e1rati ajt\u00f3k r\u00f6vid gy\u00e1rt\u00e1si hat\u00e1rid\u0151vel, kedvez\u0151 \u00e1ron megrendelhet\u0151k!<br>Az akci\u00f3s bej\u00e1rati ajt\u00f3 \u00e1rakr\u00f3l \u00e9rdekl\u0151dj\u00f6n vev\u0151szolg\u00e1latunk telefonsz\u00e1main!<br>Amennyiben b\u00e1rmilyen tov\u00e1bbi k\u00e9rd\u00e9se lenne a bej\u00e1rati ajt\u00f3kkal kapcsolatban, k\u00e9rj\u00fck vegye fel vel\u00fcnk a kapcsolatot!<\/p>\n\n\n\n<p class=\"has-text-align-center\">Telefon\/Fax:<br>+36-79\/320-165<br>Mobil:<br>+36-70\/616-50-93<br>+36-70\/616-50-96<br>+36-70\/413-12-96<\/p>\n\n\n\n<p class=\"has-text-align-center\">Ne maradjon le \u00d6n sem!<\/p>\n\n\n\n<p class=\"has-text-align-center\">M\u0171anyag bej\u00e1rati ajt\u00f3 Baja &#8211; M\u0171anyag bej\u00e1rati ajt\u00f3 Kalocsa &#8211; M\u0171anyag bej\u00e1rati ajt\u00f3 Kisk\u0151r\u00f6s<\/p>\n","protected":false},"excerpt":{"rendered":"<div align=\"center\">\n<table border=\"1\" cellpadding=\"1\" cellspacing=\"1\" style=\"width: 600px;\">\n<tbody>\n<tr>\n<td style=\"text-align: center;\"><a href=\"\/gealan-iq-system\"><img loading=\"lazy\" decoding=\"async\" class=\" size-full wp-image-66\" alt=\"\" height=\"190\" src=\"https:\/\/www.ablakkarter.hu\/wp-content\/uploads\/2012\/06\/gealan_muanyag_bejarati_ajto.jpg\" title=\"m\u0171anyag bej\u00e1rati ajt\u00f3\" width=\"185\" \/><\/a><\/td>\n<td style=\"text-align: center;\"><a href=\"\/inoutic-prestige\"><img loading=\"lazy\" decoding=\"async\" class=\" size-full wp-image-67\" alt=\"\" height=\"190\" src=\"https:\/\/www.ablakkarter.hu\/wp-content\/uploads\/2012\/06\/muanyag_ajto_inoutic_prestige.jpg\" title=\"inoutic prestige\" width=\"185\" \/><\/a><\/td>\n<td><a href=\"\/diszpanelek\"><img loading=\"lazy\" decoding=\"async\" class=\" size-full wp-image-68\" alt=\"d\u00edszpanelek\" height=\"190\" src=\"https:\/\/www.ablakkarter.hu\/wp-content\/uploads\/2012\/06\/munyag_bejarati_ajto_panel_arak.jpg\" title=\"d\u00edszpanelek\" width=\"185\" \/><\/a><\/td>\n<td><a href=\"\/diszpanelek\"><img loading=\"lazy\" decoding=\"async\" class=\" size-full wp-image-69\" alt=\"m\u0171anyag bej\u00e1rati ajt\u00f3\" height=\"190\" src=\"https:\/\/www.ablakkarter.hu\/wp-content\/uploads\/2012\/06\/muanyag_bejarati_ajto.jpg\" title=\"m\u0171anyag bej\u00e1rati ajt\u00f3\" width=\"185\" \/><\/a><\/td>\n<\/tr>\n<tr>\n<td style=\"text-align: center;\"><a href=\"\/gealan-iq-system\"><span style=\"color:#ffd700;\"><strong><span style=\"font-size: 14px;\"><span style=\"font-family: verdana,geneva,sans-serif;\">Gealan m\u0171anyag bej\u00e1rati ajt\u00f3<\/span><\/span><\/strong><\/span><\/a><\/td>\n<td style=\"text-align: center;\"><a href=\"\/inoutic-prestige\"><span style=\"color:#ffd700;\"><strong><span style=\"font-size: 14px;\"><span style=\"font-family: verdana,geneva,sans-serif;\">Inoutic m\u0171anyag bej\u00e1rati ajt\u00f3<\/span><\/span><\/strong><\/span><\/a><\/td>\n<td style=\"text-align: center;\"><a href=\"\/diszpanelek\"><span style=\"color:#ffd700;\"><strong><span style=\"font-size: 14px;\"><span style=\"font-family: verdana,geneva,sans-serif;\">Bej\u00e1rati ajt\u00f3panelek D\u00edszpanelek<\/span><\/span><\/strong><\/span><\/a><\/td>\n<td style=\"text-align: center;\"><a href=\"\/classic-bejarati-ajto\"><span style=\"color:#ffd700;\"><strong><span style=\"font-size: 14px;\"><span style=\"font-family: verdana,geneva,sans-serif;\">Classic bej\u00e1rati ajt\u00f3<\/span><\/span><\/strong><\/span><\/a><\/td>\n<\/tr>\n<\/tbody>\n<\/table>\n<\/div>\n<p style=\"text-align: center;\"><span style=\"font-size:16px;\"><span style=\"font-family: verdana,geneva,sans-serif;\"><strong>\u00d3ri\u00e1si bej\u00e1rati ajt\u00f3 v\u00e1laszt\u00e9k!<\/strong><\/span><\/span><\/p>\n<p style=\"text-align: center;\"><span style=\"font-size:16px;\"><span style=\"font-family: verdana,geneva,sans-serif;\"><strong>Ny\u00edl\u00e1sz\u00e1r\u00f3 bemutat\u00f3termeinkben t\u00f6bb sz\u00e1z bej\u00e1rati ajt\u00f3 k\u00f6z\u00fcl v\u00e1laszthatja ki a legmegfelel\u0151bb t\u00edpust!<\/strong><\/span><\/span><\/p>\n<p style=\"text-align: center;\"><strong><span style=\"font-size:14px;\"><span style=\"font-family: verdana,geneva,sans-serif;\">A min\u0151s\u00e9gi m\u0171anyag bej\u00e1rati ajt\u00f3k t\u00f6bb pontos z\u00e1r\u00f3d\u00e1ssal, n\u00e9met 3D \u00e1ll\u00edthat\u00f3 ajt\u00f3p\u00e1ntokkal \u00e9s sarokmerev\u00edt\u00e9ssel k\u00e9sz\u00fclnek.<\/span><\/span><\/strong><\/p>\n<p style=\"text-align: center;\"><span style=\"font-size:16px;\"><strong><span style=\"font-family: verdana,geneva,sans-serif;\">M\u00e9g biztons\u00e1gosabb bej\u00e1rati ajt\u00f3t v\u00e1s\u00e1rolna?<\/span><\/strong><\/span><\/p>\n<p style=\"text-align: center;\"><strong><span style=\"font-size:16px;\"><span style=\"font-family: verdana,geneva,sans-serif;\">\u00d3vja csal\u00e1dj\u00e1t, \u00e9rt\u00e9keit!<\/span><\/span><\/strong><\/p>\n<p style=\"text-align: center;\"><strong><span style=\"font-size:14px;\"><span style=\"font-family: verdana,geneva,sans-serif;\">A biztons\u00e1g tov\u00e1bb fokozhat\u00f3 MABISZ min\u0151s\u00edt\u00e9s\u0171 ac\u00e9lcsapos z\u00e1rakkal, p\u00f3tz\u00e1rral, speci\u00e1lis z\u00e1rbet\u00e9tekkel, ac\u00e9lmerev\u00edt\u00e9ssel ell\u00e1tott ajt\u00f3panelekkel, biztons\u00e1gi \u00fcvegez\u00e9ssel. <\/span><\/span><\/strong><\/p>\n<p style=\"text-align: center;\"><span style=\"font-size:16px;\"><span style=\"font-family: verdana,geneva,sans-serif;\"><strong>Akci\u00f3s bej\u00e1rati ajt\u00f3 v\u00e1s\u00e1r! <\/strong><\/span><\/span><\/p>\n<p style=\"text-align: center;\"><span style=\"font-size:16px;\"><span style=\"font-family: verdana,geneva,sans-serif;\"><strong><span style=\"font-size:16px;\"><span style=\"font-family: verdana,geneva,sans-serif;\"><strong>Az akci\u00f3s m\u0171anyag bej\u00e1rati ajt\u00f3kat keresse az AKCI\u00d3K men\u00fcpont alatt!<\/strong><\/span><\/span><\/strong><\/span><\/span><\/p>\n<p style=\"text-align: center;\"><img loading=\"lazy\" decoding=\"async\" class=\" size-full wp-image-70\" alt=\"ajt\u00f3 nyit\u00e1sir\u00e1ny meghat\u00e1roz\u00e1s\" height=\"268\" src=\"https:\/\/www.ablakkarter.hu\/wp-content\/uploads\/2012\/06\/ajto_nyitasirany_meghatarozas.jpg\" width=\"475\" srcset=\"https:\/\/www.ablakkarter.hu\/wp-content\/uploads\/2012\/06\/ajto_nyitasirany_meghatarozas.jpg 676w, https:\/\/www.ablakkarter.hu\/wp-content\/uploads\/2012\/06\/ajto_nyitasirany_meghatarozas-300x169.jpg 300w\" sizes=\"auto, (max-width: 475px) 100vw, 475px\" \/><\/p>\n<h4 style=\"text-align: center;\"><strong><span style=\"font-size:14px;\"><span style=\"font-family: verdana,geneva,sans-serif;\">Min\u0151s\u00e9gi m\u0171anyag bej\u00e1rati ajt\u00f3 gy\u00e1rt\u00e1s egyedi m\u00e9retben, fel\u00e1r n\u00e9lk\u00fcl!<\/span><\/span><\/strong><\/h4>\n<p><span style=\"font-size:14px;\"><span style=\"font-family: verdana,geneva,sans-serif;\"><strong>A m\u0171anyag bej\u00e1rati ajt\u00f3k t\u00edpusv\u00e1laszt\u00e9ka:<\/strong><\/span><\/span><\/p>\n<div class=\"one_half\">\n<ul>\n<li><span style=\"font-size:14px;\"><span style=\"font-family: verdana,geneva,sans-serif;\">Befel\u00e9 ny\u00edl\u00f3 egysz\u00e1rny\u00fa bej\u00e1rati ajt\u00f3<\/span><\/span><\/li>\n<li><span style=\"font-size:14px;\"><span style=\"font-family: verdana,geneva,sans-serif;\">Kifel\u00e9 ny\u00edl\u00f3 egysz\u00e1rny\u00fa bej\u00e1rati ajt\u00f3<\/span><\/span><\/li>\n<li><span style=\"font-size:14px;\"><span style=\"font-family: verdana,geneva,sans-serif;\">Befel\u00e9 ny\u00edl\u00f3 k\u00e9tsz\u00e1rny\u00fa bej\u00e1rati ajt\u00f3<\/span><\/span><\/li>\n<li><span style=\"font-size:14px;\"><span style=\"font-family: verdana,geneva,sans-serif;\">Kifel\u00e9 ny\u00edl\u00f3 k\u00e9tsz\u00e1rny\u00fa bej\u00e1rati ajt\u00f3<\/span><\/span><\/li>\n<li><span style=\"font-size:14px;\"><span style=\"font-family: verdana,geneva,sans-serif;\">Oldalvil\u00e1g\u00edt\u00f3s bej\u00e1rati ajt\u00f3<\/span><\/span><\/li>\n<li><span style=\"font-size:14px;\"><span style=\"font-family: verdana,geneva,sans-serif;\">Fel\u00fclvil\u00e1g\u00edt\u00f3s bej\u00e1rati ajt\u00f3<\/span><\/span><\/li>\n<li><span style=\"font-size:14px;\"><span style=\"font-family: verdana,geneva,sans-serif;\">K\u00f6z\u00e9pen felny\u00edl\u00f3 bej\u00e1rati ajt\u00f3<\/span><\/span><\/li>\n<li><span style=\"font-size:14px;\"><span style=\"font-family: verdana,geneva,sans-serif;\">Aszimmetrikus bej\u00e1rati ajt\u00f3<\/span><\/span><\/li>\n<li><span style=\"font-size:14px;\"><span style=\"font-family: verdana,geneva,sans-serif;\">D\u00edszpaneles bej\u00e1rati ajt\u00f3<\/span><\/span><\/li>\n<li><span style=\"font-size:14px;\"><span style=\"font-family: verdana,geneva,sans-serif;\">\u00dcvegezett bej\u00e1rati ajt\u00f3<\/span><\/span><\/li>\n<li><span style=\"font-size:14px;\"><span style=\"font-family: verdana,geneva,sans-serif;\">F\u00e9lig \u00fcveges bej\u00e1rati ajt\u00f3<\/span><\/span><\/li>\n<li><span style=\"font-size:14px;\"><span style=\"font-family: verdana,geneva,sans-serif;\">F\u00f6ldig \u00fcveges bej\u00e1rati ajt\u00f3<\/span><\/span><\/li>\n<li><span style=\"font-size:14px;\"><span style=\"font-family: verdana,geneva,sans-serif;\">T\u00f6m\u00f6r bej\u00e1rati ajt\u00f3<\/span><\/span><\/li>\n<li><span style=\"font-size:14px;\"><span style=\"font-family: verdana,geneva,sans-serif;\">Osztott bej\u00e1rati ajt\u00f3<\/span><\/span><\/li>\n<li><span style=\"font-size:14px;\"><span style=\"font-family: verdana,geneva,sans-serif;\">Oszt\u00f3bord\u00e1s bej\u00e1rati ajt\u00f3<\/span><\/span><\/li>\n<li><span style=\"font-size:14px;\"><span style=\"font-family: verdana,geneva,sans-serif;\">F\u0151bej\u00e1rati ajt\u00f3<\/span><\/span><\/li>\n<li><span style=\"font-size:14px;\"><span style=\"font-family: verdana,geneva,sans-serif;\">Biztons\u00e1gi bej\u00e1rati ajt\u00f3<\/span><\/span><\/li>\n<li><span style=\"font-size:14px;\"><span style=\"font-family: verdana,geneva,sans-serif;\">Mell\u00e9kbej\u00e1rati ajt\u00f3<\/span><\/span><\/li>\n<li><span style=\"font-size:14px;\"><span style=\"font-family: verdana,geneva,sans-serif;\">Alacsony k\u00fcsz\u00f6b\u00f6s bej\u00e1rati ajt\u00f3<\/span><\/span><\/li>\n<li><span style=\"font-size:14px;\"><span style=\"font-family: verdana,geneva,sans-serif;\">Automata k\u00fcsz\u00f6b\u00f6s <span style=\"font-size:14px;\"><span style=\"font-family: verdana,geneva,sans-serif;\">bej\u00e1rati ajt\u00f3<\/span><\/span><\/span><\/span><\/li>\n<li><span style=\"font-size:14px;\"><span style=\"font-family: verdana,geneva,sans-serif;\"><span style=\"font-size:14px;\"><span style=\"font-family: verdana,geneva,sans-serif;\">\u00c1tmen\u0151 k\u00fcsz\u00f6b\u00f6s <span style=\"font-size:14px;\"><span style=\"font-family: verdana,geneva,sans-serif;\">bej\u00e1rati ajt\u00f3<\/span><\/span><\/span><\/span><\/span><\/span><\/li>\n<li><span style=\"font-size:14px;\"><span style=\"font-family: verdana,geneva,sans-serif;\">Feh\u00e9r sz\u00edn\u0171 bej\u00e1rati ajt\u00f3<\/span><\/span><\/li>\n<li><span style=\"font-size:14px;\"><span style=\"font-family: verdana,geneva,sans-serif;\">K\u00edv\u00fcl sz\u00ednes-bel\u00fcl feh\u00e9r bej\u00e1rati ajt\u00f3<\/span><\/span><\/li>\n<li><span style=\"font-size:14px;\"><span style=\"font-family: verdana,geneva,sans-serif;\">K\u00edv\u00fcl-bel\u00fcl sz\u00ednes bej\u00e1rati ajt\u00f3<\/span><\/span><\/li>\n<\/ul>\n<\/div>\n<div class=\"one_half_last\">\n<p style=\"text-align: center;\"><span style=\"font-size:14px;\"><span style=\"font-family: verdana,geneva,sans-serif;\">A m\u0171anyag bej\u00e1rati ajt\u00f3k r\u00f6vid gy\u00e1rt\u00e1si hat\u00e1rid\u0151vel, <span style=\"font-size:14px;\"><span style=\"font-family: verdana,geneva,sans-serif;\">kedvez\u0151 \u00e1ron<\/span><\/span> megrendelhet\u0151k!<\/span><\/span><\/p>\n<\/div>\n<p style=\"text-align: center;\"><strong><span style=\"font-size:14px;\"><span style=\"font-family: verdana,geneva,sans-serif;\">Az akci\u00f3s bej\u00e1rati ajt\u00f3 \u00e1rakr\u00f3l \u00e9rdekl\u0151dj\u00f6n vev\u0151szolg\u00e1latunk telefonsz\u00e1main!<\/span><\/span><\/strong><\/p>\n<p style=\"text-align: center;\"><span style=\"font-family:verdana,geneva,sans-serif;\"><strong><span style=\"font-size: 14px;\">Amennyiben b\u00e1rmilyen tov\u00e1bbi k\u00e9rd\u00e9se lenne a bej\u00e1rati ajt\u00f3kkal kapcsolatban, k\u00e9rj\u00fck vegye fel vel\u00fcnk a kapcsolatot !<\/span><\/strong><\/span><\/p>\n<p style=\"text-align: center;\"><span style=\"font-size:14px;\"><span style=\"font-family: verdana,geneva,sans-serif;\"><strong>Telefon\/Fax:+36-79\/320-165<\/strong><\/span><\/span><\/p>\n<p style=\"text-align: center;\"><span style=\"font-size:14px;\"><span style=\"font-family: verdana,geneva,sans-serif;\"><strong>Mobil:+36-70\/616-50-93<\/strong><\/span><\/span><\/p>\n<p style=\"text-align: center;\"><span style=\"font-size:14px;\">&nbsp;&nbsp;&nbsp;&nbsp;&nbsp;&nbsp;&nbsp;&nbsp;&nbsp;&nbsp;&nbsp;&nbsp; <strong><span style=\"font-family: verdana,geneva,sans-serif;\">+36-70\/616-50-96<\/span><\/strong><\/span><\/p>\n<p style=\"text-align: center;\"><strong><span style=\"font-size:14px;\"><span style=\"font-family: verdana,geneva,sans-serif;\">&nbsp;&nbsp;&nbsp;&nbsp;&nbsp;&nbsp;&nbsp;&nbsp;&nbsp; +36-70\/413-12-96<\/span><\/span><\/strong><\/p>\n<p style=\"text-align: center;\"><span style=\"font-size:14px;\"><span style=\"font-family: verdana,geneva,sans-serif;\"><strong>Ne maradjon le \u00d6n sem!<\/strong><\/span><\/span><\/p>\n<p style=\"text-align: center;\"><strong><span style=\"font-size:14px;\"><span style=\"font-family: verdana,geneva,sans-serif;\">M\u0171anyag bej\u00e1rati ajt\u00f3 Baja<\/span><\/span><\/strong> &#8211; <strong><span style=\"font-size:14px;\"><span style=\"font-family: verdana,geneva,sans-serif;\">M\u0171anyag bej\u00e1rati ajt\u00f3 Kalocsa &#8211; <strong><span style=\"font-size:14px;\"><span style=\"font-family: verdana,geneva,sans-serif;\">M\u0171anyag bej\u00e1rati ajt\u00f3 Szeksz\u00e1rd<\/span><\/span><\/strong><\/span><\/span><\/strong><\/p>\n<p>&nbsp;<\/p>\n","protected":false},"author":1,"featured_media":16694,"parent":0,"menu_order":0,"comment_status":"closed","ping_status":"closed","template":"","meta":{"footnotes":""},"class_list":["post-71","page","type-page","status-publish","has-post-thumbnail","hentry"],"_links":{"self":[{"href":"https:\/\/www.ablakkarter.hu\/index.php?rest_route=\/wp\/v2\/pages\/71","targetHints":{"allow":["GET"]}}],"collection":[{"href":"https:\/\/www.ablakkarter.hu\/index.php?rest_route=\/wp\/v2\/pages"}],"about":[{"href":"https:\/\/www.ablakkarter.hu\/index.php?rest_route=\/wp\/v2\/types\/page"}],"author":[{"embeddable":true,"href":"https:\/\/www.ablakkarter.hu\/index.php?rest_route=\/wp\/v2\/users\/1"}],"replies":[{"embeddable":true,"href":"https:\/\/www.ablakkarter.hu\/index.php?rest_route=%2Fwp%2Fv2%2Fcomments&post=71"}],"version-history":[{"count":8,"href":"https:\/\/www.ablakkarter.hu\/index.php?rest_route=\/wp\/v2\/pages\/71\/revisions"}],"predecessor-version":[{"id":1650,"href":"https:\/\/www.ablakkarter.hu\/index.php?rest_route=\/wp\/v2\/pages\/71\/revisions\/1650"}],"wp:featuredmedia":[{"embeddable":true,"href":"https:\/\/www.ablakkarter.hu\/index.php?rest_route=\/wp\/v2\/media\/16694"}],"wp:attachment":[{"href":"https:\/\/www.ablakkarter.hu\/index.php?rest_route=%2Fwp%2Fv2%2Fmedia&parent=71"}],"curies":[{"name":"wp","href":"https:\/\/api.w.org\/{rel}","templated":true}]}}