{"id":652,"date":"2013-11-05T13:45:01","date_gmt":"2013-11-05T13:45:01","guid":{"rendered":"https:\/\/www.ablakkarter.hu\/szekcionalt-garazskapu-referenciak\/"},"modified":"2021-12-13T15:29:03","modified_gmt":"2021-12-13T15:29:03","slug":"szekcionalt-garazskapu-referenciak","status":"publish","type":"page","link":"https:\/\/www.ablakkarter.hu\/?page_id=652","title":{"rendered":"Szekcion\u00e1lt gar\u00e1zskapu referenci\u00e1k"},"content":{"rendered":"<p><img loading=\"lazy\" decoding=\"async\" class=\" size-full wp-image-641\" title=\"Kisk\u0151r\u00f6s telepaneles kapu\" src=\"https:\/\/www.ablakkarter.hu\/wp-content\/uploads\/2013\/11\/Kiskoros-telepaneles-kapu.jpg\" alt=\"\" width=\"352\" height=\"262\" \/> <img loading=\"lazy\" decoding=\"async\" class=\" size-full wp-image-642\" title=\"Baja, P\u00e9ter P\u00e1l utca\" src=\"https:\/\/www.ablakkarter.hu\/wp-content\/uploads\/2013\/11\/Peter-Pal-utcai-Sommer-twist200.jpg\" alt=\"\" width=\"348\" height=\"262\" srcset=\"https:\/\/www.ablakkarter.hu\/wp-content\/uploads\/2013\/11\/Peter-Pal-utcai-Sommer-twist200.jpg 410w, https:\/\/www.ablakkarter.hu\/wp-content\/uploads\/2013\/11\/Peter-Pal-utcai-Sommer-twist200-300x225.jpg 300w\" sizes=\"auto, (max-width: 348px) 100vw, 348px\" \/><\/p>\n<p><img loading=\"lazy\" decoding=\"async\" class=\" size-full wp-image-643\" title=\"Baja, P\u00e9ter P\u00e1l utca\" src=\"https:\/\/www.ablakkarter.hu\/wp-content\/uploads\/2013\/11\/Peter-Pal-utcai-Sommer-twist200_004.jpg\" alt=\"\" width=\"277\" height=\"207\" srcset=\"https:\/\/www.ablakkarter.hu\/wp-content\/uploads\/2013\/11\/Peter-Pal-utcai-Sommer-twist200_004.jpg 410w, https:\/\/www.ablakkarter.hu\/wp-content\/uploads\/2013\/11\/Peter-Pal-utcai-Sommer-twist200_004-300x225.jpg 300w\" sizes=\"auto, (max-width: 277px) 100vw, 277px\" \/> <img loading=\"lazy\" decoding=\"async\" class=\" size-full wp-image-644\" title=\"Katym\u00e1r, T\u0171zolt\u00f3s\u00e1g\" src=\"https:\/\/www.ablakkarter.hu\/wp-content\/uploads\/2013\/11\/Katymar_Tuzoltosag_garazskapu.jpg\" alt=\"\" width=\"155\" height=\"207\" srcset=\"https:\/\/www.ablakkarter.hu\/wp-content\/uploads\/2013\/11\/Katymar_Tuzoltosag_garazskapu.jpg 384w, https:\/\/www.ablakkarter.hu\/wp-content\/uploads\/2013\/11\/Katymar_Tuzoltosag_garazskapu-225x300.jpg 225w\" sizes=\"auto, (max-width: 155px) 100vw, 155px\" \/> <img loading=\"lazy\" decoding=\"async\" class=\" size-full wp-image-645\" title=\"Gar\u00e1szkapu, Szeksz\u00e1rd\" src=\"https:\/\/www.ablakkarter.hu\/wp-content\/uploads\/2013\/11\/garazskapu_Szekszard.jpg\" alt=\"\" width=\"261\" height=\"207\" srcset=\"https:\/\/www.ablakkarter.hu\/wp-content\/uploads\/2013\/11\/garazskapu_Szekszard.jpg 546w, https:\/\/www.ablakkarter.hu\/wp-content\/uploads\/2013\/11\/garazskapu_Szekszard-300x237.jpg 300w\" sizes=\"auto, (max-width: 261px) 100vw, 261px\" \/><\/p>\n<p><img loading=\"lazy\" decoding=\"async\" class=\" size-full wp-image-646\" title=\"Gar\u00e1zskapu\" src=\"https:\/\/www.ablakkarter.hu\/wp-content\/uploads\/2013\/11\/garazskapu2.jpg\" alt=\"\" width=\"337\" height=\"263\" srcset=\"https:\/\/www.ablakkarter.hu\/wp-content\/uploads\/2013\/11\/garazskapu2.jpg 466w, https:\/\/www.ablakkarter.hu\/wp-content\/uploads\/2013\/11\/garazskapu2-300x235.jpg 300w\" sizes=\"auto, (max-width: 337px) 100vw, 337px\" \/> <img loading=\"lazy\" decoding=\"async\" class=\" size-full wp-image-647\" title=\"Gar\u00e1zskapu\" src=\"https:\/\/www.ablakkarter.hu\/wp-content\/uploads\/2013\/11\/garazskapu_ar.jpg\" alt=\"\" width=\"368\" height=\"261\" srcset=\"https:\/\/www.ablakkarter.hu\/wp-content\/uploads\/2013\/11\/garazskapu_ar.jpg 499w, https:\/\/www.ablakkarter.hu\/wp-content\/uploads\/2013\/11\/garazskapu_ar-300x212.jpg 300w\" sizes=\"auto, (max-width: 368px) 100vw, 368px\" \/><\/p>\n<p><img loading=\"lazy\" decoding=\"async\" class=\" size-full wp-image-648\" title=\"Gar\u00e1zskapu, Kalocsa\" src=\"https:\/\/www.ablakkarter.hu\/wp-content\/uploads\/2013\/11\/Garazskapu_Kalocsa.jpg\" alt=\"\" width=\"372\" height=\"222\" \/> <img loading=\"lazy\" decoding=\"async\" class=\" size-full wp-image-649\" title=\"Gar\u00e1zskapu, Kalocsa\" src=\"https:\/\/www.ablakkarter.hu\/wp-content\/uploads\/2013\/11\/Garazskapu_Kalocsa_.jpg\" alt=\"\" width=\"296\" height=\"222\" srcset=\"https:\/\/www.ablakkarter.hu\/wp-content\/uploads\/2013\/11\/Garazskapu_Kalocsa_.jpg 528w, https:\/\/www.ablakkarter.hu\/wp-content\/uploads\/2013\/11\/Garazskapu_Kalocsa_-300x225.jpg 300w\" sizes=\"auto, (max-width: 296px) 100vw, 296px\" \/> <img loading=\"lazy\" decoding=\"async\" class=\" size-full wp-image-650\" title=\"Gar\u00e1zskapu, Baja\" src=\"https:\/\/www.ablakkarter.hu\/wp-content\/uploads\/2013\/11\/garazskapu_baja.jpg\" alt=\"\" width=\"379\" height=\"247\" srcset=\"https:\/\/www.ablakkarter.hu\/wp-content\/uploads\/2013\/11\/garazskapu_baja.jpg 512w, https:\/\/www.ablakkarter.hu\/wp-content\/uploads\/2013\/11\/garazskapu_baja-300x196.jpg 300w\" sizes=\"auto, (max-width: 379px) 100vw, 379px\" \/> <img loading=\"lazy\" decoding=\"async\" class=\" size-full wp-image-651\" style=\"width: 288px; height: 247px;\" title=\"Gar\u00e1zskapu, Baja\" src=\"https:\/\/www.ablakkarter.hu\/wp-content\/uploads\/2013\/11\/garazskapu_baja_.jpg\" alt=\"\" width=\"445\" height=\"379\" srcset=\"https:\/\/www.ablakkarter.hu\/wp-content\/uploads\/2013\/11\/garazskapu_baja_.jpg 445w, https:\/\/www.ablakkarter.hu\/wp-content\/uploads\/2013\/11\/garazskapu_baja_-300x256.jpg 300w\" sizes=\"auto, (max-width: 445px) 100vw, 445px\" \/><\/p>\n<p><img loading=\"lazy\" decoding=\"async\" class=\" size-full wp-image-641\" title=\"Kisk\u0151r\u00f6s telepaneles kapu\" src=\"https:\/\/www.ablakkarter.hu\/wp-content\/uploads\/2013\/11\/Kiskoros-telepaneles-kapu.jpg\" alt=\"\" width=\"352\" height=\"262\" \/> <img loading=\"lazy\" decoding=\"async\" class=\" size-full wp-image-642\" title=\"Baja, P\u00e9ter P\u00e1l utca\" src=\"https:\/\/www.ablakkarter.hu\/wp-content\/uploads\/2013\/11\/Peter-Pal-utcai-Sommer-twist200.jpg\" alt=\"\" width=\"348\" height=\"262\" srcset=\"https:\/\/www.ablakkarter.hu\/wp-content\/uploads\/2013\/11\/Peter-Pal-utcai-Sommer-twist200.jpg 410w, https:\/\/www.ablakkarter.hu\/wp-content\/uploads\/2013\/11\/Peter-Pal-utcai-Sommer-twist200-300x225.jpg 300w\" sizes=\"auto, (max-width: 348px) 100vw, 348px\" \/><\/p>\n<p><img loading=\"lazy\" decoding=\"async\" class=\" size-full wp-image-643\" title=\"Baja, P\u00e9ter P\u00e1l utca\" src=\"https:\/\/www.ablakkarter.hu\/wp-content\/uploads\/2013\/11\/Peter-Pal-utcai-Sommer-twist200_004.jpg\" alt=\"\" width=\"277\" height=\"207\" srcset=\"https:\/\/www.ablakkarter.hu\/wp-content\/uploads\/2013\/11\/Peter-Pal-utcai-Sommer-twist200_004.jpg 410w, https:\/\/www.ablakkarter.hu\/wp-content\/uploads\/2013\/11\/Peter-Pal-utcai-Sommer-twist200_004-300x225.jpg 300w\" sizes=\"auto, (max-width: 277px) 100vw, 277px\" \/> <img loading=\"lazy\" decoding=\"async\" class=\" size-full wp-image-644\" title=\"Katym\u00e1r, T\u0171zolt\u00f3s\u00e1g\" src=\"https:\/\/www.ablakkarter.hu\/wp-content\/uploads\/2013\/11\/Katymar_Tuzoltosag_garazskapu.jpg\" alt=\"\" width=\"155\" height=\"207\" srcset=\"https:\/\/www.ablakkarter.hu\/wp-content\/uploads\/2013\/11\/Katymar_Tuzoltosag_garazskapu.jpg 384w, https:\/\/www.ablakkarter.hu\/wp-content\/uploads\/2013\/11\/Katymar_Tuzoltosag_garazskapu-225x300.jpg 225w\" sizes=\"auto, (max-width: 155px) 100vw, 155px\" \/> <img loading=\"lazy\" decoding=\"async\" class=\" size-full wp-image-645\" title=\"Gar\u00e1szkapu, Szeksz\u00e1rd\" src=\"https:\/\/www.ablakkarter.hu\/wp-content\/uploads\/2013\/11\/garazskapu_Szekszard.jpg\" alt=\"\" width=\"261\" height=\"207\" srcset=\"https:\/\/www.ablakkarter.hu\/wp-content\/uploads\/2013\/11\/garazskapu_Szekszard.jpg 546w, https:\/\/www.ablakkarter.hu\/wp-content\/uploads\/2013\/11\/garazskapu_Szekszard-300x237.jpg 300w\" sizes=\"auto, (max-width: 261px) 100vw, 261px\" \/><\/p>\n<p><img loading=\"lazy\" decoding=\"async\" class=\" size-full wp-image-646\" title=\"Gar\u00e1zskapu\" src=\"https:\/\/www.ablakkarter.hu\/wp-content\/uploads\/2013\/11\/garazskapu2.jpg\" alt=\"\" width=\"337\" height=\"263\" srcset=\"https:\/\/www.ablakkarter.hu\/wp-content\/uploads\/2013\/11\/garazskapu2.jpg 466w, https:\/\/www.ablakkarter.hu\/wp-content\/uploads\/2013\/11\/garazskapu2-300x235.jpg 300w\" sizes=\"auto, (max-width: 337px) 100vw, 337px\" \/> <img loading=\"lazy\" decoding=\"async\" class=\" size-full wp-image-647\" title=\"Gar\u00e1zskapu\" src=\"https:\/\/www.ablakkarter.hu\/wp-content\/uploads\/2013\/11\/garazskapu_ar.jpg\" alt=\"\" width=\"368\" height=\"261\" srcset=\"https:\/\/www.ablakkarter.hu\/wp-content\/uploads\/2013\/11\/garazskapu_ar.jpg 499w, https:\/\/www.ablakkarter.hu\/wp-content\/uploads\/2013\/11\/garazskapu_ar-300x212.jpg 300w\" sizes=\"auto, (max-width: 368px) 100vw, 368px\" \/><\/p>\n<p><img loading=\"lazy\" decoding=\"async\" class=\" size-full wp-image-648\" title=\"Gar\u00e1zskapu, Kalocsa\" src=\"https:\/\/www.ablakkarter.hu\/wp-content\/uploads\/2013\/11\/Garazskapu_Kalocsa.jpg\" alt=\"\" width=\"372\" height=\"222\" \/> <img loading=\"lazy\" decoding=\"async\" class=\" size-full wp-image-649\" title=\"Gar\u00e1zskapu, Kalocsa\" src=\"https:\/\/www.ablakkarter.hu\/wp-content\/uploads\/2013\/11\/Garazskapu_Kalocsa_.jpg\" alt=\"\" width=\"296\" height=\"222\" srcset=\"https:\/\/www.ablakkarter.hu\/wp-content\/uploads\/2013\/11\/Garazskapu_Kalocsa_.jpg 528w, https:\/\/www.ablakkarter.hu\/wp-content\/uploads\/2013\/11\/Garazskapu_Kalocsa_-300x225.jpg 300w\" sizes=\"auto, (max-width: 296px) 100vw, 296px\" \/> <img loading=\"lazy\" decoding=\"async\" class=\" size-full wp-image-650\" title=\"Gar\u00e1zskapu, Baja\" src=\"https:\/\/www.ablakkarter.hu\/wp-content\/uploads\/2013\/11\/garazskapu_baja.jpg\" alt=\"\" width=\"379\" height=\"247\" srcset=\"https:\/\/www.ablakkarter.hu\/wp-content\/uploads\/2013\/11\/garazskapu_baja.jpg 512w, https:\/\/www.ablakkarter.hu\/wp-content\/uploads\/2013\/11\/garazskapu_baja-300x196.jpg 300w\" sizes=\"auto, (max-width: 379px) 100vw, 379px\" \/> <img loading=\"lazy\" decoding=\"async\" class=\" size-full wp-image-651\" style=\"width: 288px; height: 247px;\" title=\"Gar\u00e1zskapu, Baja\" src=\"https:\/\/www.ablakkarter.hu\/wp-content\/uploads\/2013\/11\/garazskapu_baja_.jpg\" alt=\"\" width=\"445\" height=\"379\" srcset=\"https:\/\/www.ablakkarter.hu\/wp-content\/uploads\/2013\/11\/garazskapu_baja_.jpg 445w, https:\/\/www.ablakkarter.hu\/wp-content\/uploads\/2013\/11\/garazskapu_baja_-300x256.jpg 300w\" sizes=\"auto, (max-width: 445px) 100vw, 445px\" \/><\/p>\n","protected":false},"excerpt":{"rendered":"<p><img loading=\"lazy\" decoding=\"async\" class=\" size-full wp-image-641\" alt=\"\" height=\"262\" src=\"https:\/\/www.ablakkarter.hu\/wp-content\/uploads\/2013\/11\/Kiskoros-telepaneles-kapu.jpg\" title=\"Kisk\u0151r\u00f6s telepaneles kapu\" width=\"352\" \/> <img loading=\"lazy\" decoding=\"async\" class=\" size-full wp-image-642\" alt=\"\" height=\"262\" src=\"https:\/\/www.ablakkarter.hu\/wp-content\/uploads\/2013\/11\/Peter-Pal-utcai-Sommer-twist200.jpg\" title=\"Baja, P\u00e9ter P\u00e1l utca\" width=\"348\" srcset=\"https:\/\/www.ablakkarter.hu\/wp-content\/uploads\/2013\/11\/Peter-Pal-utcai-Sommer-twist200.jpg 410w, https:\/\/www.ablakkarter.hu\/wp-content\/uploads\/2013\/11\/Peter-Pal-utcai-Sommer-twist200-300x225.jpg 300w\" sizes=\"auto, (max-width: 348px) 100vw, 348px\" \/><\/p>\n<p><img loading=\"lazy\" decoding=\"async\" class=\" size-full wp-image-643\" alt=\"\" height=\"207\" src=\"https:\/\/www.ablakkarter.hu\/wp-content\/uploads\/2013\/11\/Peter-Pal-utcai-Sommer-twist200_004.jpg\" title=\"Baja, P\u00e9ter P\u00e1l utca\" width=\"277\" srcset=\"https:\/\/www.ablakkarter.hu\/wp-content\/uploads\/2013\/11\/Peter-Pal-utcai-Sommer-twist200_004.jpg 410w, https:\/\/www.ablakkarter.hu\/wp-content\/uploads\/2013\/11\/Peter-Pal-utcai-Sommer-twist200_004-300x225.jpg 300w\" sizes=\"auto, (max-width: 277px) 100vw, 277px\" \/> <img loading=\"lazy\" decoding=\"async\" class=\" size-full wp-image-644\" alt=\"\" height=\"207\" src=\"https:\/\/www.ablakkarter.hu\/wp-content\/uploads\/2013\/11\/Katymar_Tuzoltosag_garazskapu.jpg\" title=\"Katym\u00e1r, T\u0171zolt\u00f3s\u00e1g\" width=\"155\" srcset=\"https:\/\/www.ablakkarter.hu\/wp-content\/uploads\/2013\/11\/Katymar_Tuzoltosag_garazskapu.jpg 384w, https:\/\/www.ablakkarter.hu\/wp-content\/uploads\/2013\/11\/Katymar_Tuzoltosag_garazskapu-225x300.jpg 225w\" sizes=\"auto, (max-width: 155px) 100vw, 155px\" \/> <img loading=\"lazy\" decoding=\"async\" class=\" size-full wp-image-645\" alt=\"\" height=\"207\" src=\"https:\/\/www.ablakkarter.hu\/wp-content\/uploads\/2013\/11\/garazskapu_Szekszard.jpg\" title=\"Gar\u00e1szkapu, Szeksz\u00e1rd\" width=\"261\" srcset=\"https:\/\/www.ablakkarter.hu\/wp-content\/uploads\/2013\/11\/garazskapu_Szekszard.jpg 546w, https:\/\/www.ablakkarter.hu\/wp-content\/uploads\/2013\/11\/garazskapu_Szekszard-300x237.jpg 300w\" sizes=\"auto, (max-width: 261px) 100vw, 261px\" \/><\/p>\n<p><img loading=\"lazy\" decoding=\"async\" class=\" size-full wp-image-646\" alt=\"\" height=\"263\" src=\"https:\/\/www.ablakkarter.hu\/wp-content\/uploads\/2013\/11\/garazskapu2.jpg\" title=\"Gar\u00e1zskapu\" width=\"337\" srcset=\"https:\/\/www.ablakkarter.hu\/wp-content\/uploads\/2013\/11\/garazskapu2.jpg 466w, https:\/\/www.ablakkarter.hu\/wp-content\/uploads\/2013\/11\/garazskapu2-300x235.jpg 300w\" sizes=\"auto, (max-width: 337px) 100vw, 337px\" \/> <img loading=\"lazy\" decoding=\"async\" class=\" size-full wp-image-647\" alt=\"\" height=\"261\" src=\"https:\/\/www.ablakkarter.hu\/wp-content\/uploads\/2013\/11\/garazskapu_ar.jpg\" title=\"Gar\u00e1zskapu\" width=\"368\" srcset=\"https:\/\/www.ablakkarter.hu\/wp-content\/uploads\/2013\/11\/garazskapu_ar.jpg 499w, https:\/\/www.ablakkarter.hu\/wp-content\/uploads\/2013\/11\/garazskapu_ar-300x212.jpg 300w\" sizes=\"auto, (max-width: 368px) 100vw, 368px\" \/><\/p>\n<p><img loading=\"lazy\" decoding=\"async\" class=\" size-full wp-image-648\" alt=\"\" height=\"222\" src=\"https:\/\/www.ablakkarter.hu\/wp-content\/uploads\/2013\/11\/Garazskapu_Kalocsa.jpg\" title=\"Gar\u00e1zskapu, Kalocsa\" width=\"372\" \/> <img loading=\"lazy\" decoding=\"async\" class=\" size-full wp-image-649\" alt=\"\" height=\"222\" src=\"https:\/\/www.ablakkarter.hu\/wp-content\/uploads\/2013\/11\/Garazskapu_Kalocsa_.jpg\" title=\"Gar\u00e1zskapu, Kalocsa\" width=\"296\" srcset=\"https:\/\/www.ablakkarter.hu\/wp-content\/uploads\/2013\/11\/Garazskapu_Kalocsa_.jpg 528w, https:\/\/www.ablakkarter.hu\/wp-content\/uploads\/2013\/11\/Garazskapu_Kalocsa_-300x225.jpg 300w\" sizes=\"auto, (max-width: 296px) 100vw, 296px\" \/> <img loading=\"lazy\" decoding=\"async\" class=\" size-full wp-image-650\" alt=\"\" height=\"247\" src=\"https:\/\/www.ablakkarter.hu\/wp-content\/uploads\/2013\/11\/garazskapu_baja.jpg\" title=\"Gar\u00e1zskapu, Baja\" width=\"379\" srcset=\"https:\/\/www.ablakkarter.hu\/wp-content\/uploads\/2013\/11\/garazskapu_baja.jpg 512w, https:\/\/www.ablakkarter.hu\/wp-content\/uploads\/2013\/11\/garazskapu_baja-300x196.jpg 300w\" sizes=\"auto, (max-width: 379px) 100vw, 379px\" \/> <img loading=\"lazy\" decoding=\"async\" class=\" size-full wp-image-651\" alt=\"\" src=\"https:\/\/www.ablakkarter.hu\/wp-content\/uploads\/2013\/11\/garazskapu_baja_.jpg\" style=\"width: 288px; height: 247px;\" title=\"Gar\u00e1zskapu, Baja\" width=\"445\" height=\"379\" srcset=\"https:\/\/www.ablakkarter.hu\/wp-content\/uploads\/2013\/11\/garazskapu_baja_.jpg 445w, https:\/\/www.ablakkarter.hu\/wp-content\/uploads\/2013\/11\/garazskapu_baja_-300x256.jpg 300w\" sizes=\"auto, (max-width: 445px) 100vw, 445px\" \/><\/p>\n","protected":false},"author":1,"featured_media":1118,"parent":0,"menu_order":0,"comment_status":"closed","ping_status":"closed","template":"","meta":{"footnotes":""},"class_list":["post-652","page","type-page","status-publish","has-post-thumbnail","hentry"],"_links":{"self":[{"href":"https:\/\/www.ablakkarter.hu\/index.php?rest_route=\/wp\/v2\/pages\/652","targetHints":{"allow":["GET"]}}],"collection":[{"href":"https:\/\/www.ablakkarter.hu\/index.php?rest_route=\/wp\/v2\/pages"}],"about":[{"href":"https:\/\/www.ablakkarter.hu\/index.php?rest_route=\/wp\/v2\/types\/page"}],"author":[{"embeddable":true,"href":"https:\/\/www.ablakkarter.hu\/index.php?rest_route=\/wp\/v2\/users\/1"}],"replies":[{"embeddable":true,"href":"https:\/\/www.ablakkarter.hu\/index.php?rest_route=%2Fwp%2Fv2%2Fcomments&post=652"}],"version-history":[{"count":1,"href":"https:\/\/www.ablakkarter.hu\/index.php?rest_route=\/wp\/v2\/pages\/652\/revisions"}],"predecessor-version":[{"id":1189,"href":"https:\/\/www.ablakkarter.hu\/index.php?rest_route=\/wp\/v2\/pages\/652\/revisions\/1189"}],"wp:featuredmedia":[{"embeddable":true,"href":"https:\/\/www.ablakkarter.hu\/index.php?rest_route=\/wp\/v2\/media\/1118"}],"wp:attachment":[{"href":"https:\/\/www.ablakkarter.hu\/index.php?rest_route=%2Fwp%2Fv2%2Fmedia&parent=652"}],"curies":[{"name":"wp","href":"https:\/\/api.w.org\/{rel}","templated":true}]}}