{"id":65,"date":"2012-06-07T12:22:48","date_gmt":"2012-06-07T12:22:48","guid":{"rendered":"https:\/\/www.ablakkarter.hu\/karter-thermo90\/"},"modified":"2022-03-29T13:18:06","modified_gmt":"2022-03-29T13:18:06","slug":"karter-thermo90","status":"publish","type":"page","link":"https:\/\/www.ablakkarter.hu\/?page_id=65","title":{"rendered":"KARTER Thermo90"},"content":{"rendered":"<table style=\"width: 700px;\" border=\"1\" cellspacing=\"1\" cellpadding=\"1\">\n<tbody>\n<tr>\n<td>\n<ul>\n<li><span style=\"font-size: 14px;\"><span style=\"font-family: verdana,geneva,sans-serif;\">Be\u00e9p\u00edt\u00e9si m\u00e9lys\u00e9g: 90mm<\/span><\/span><\/li>\n<li><span style=\"font-size: 14px;\"><span style=\"font-family: verdana,geneva,sans-serif;\">T\u00f6mb\u00f6s\u00edtett I. oszt\u00e1ly\u00fa vetemed\u00e9smentes, n\u00e9gy r\u00e9tegben ragasztott faanyag <\/span><\/span><\/li>\n<li><span style=\"font-size: 14px;\"><span style=\"font-family: verdana,geneva,sans-serif;\">Hossztoldott r\u00e9tegragasztott borovi feny\u0151 vagy lucfeny\u0151<\/span><\/span><\/li>\n<li><span style=\"font-size: 14px;\"><span style=\"font-family: verdana,geneva,sans-serif;\">Dupl\u00e1n k\u00f6rbefut\u00f3 EPDM z\u00e1rtcell\u00e1s t\u00f6m\u00edt\u00e9s<\/span><\/span><\/li>\n<li><span style=\"font-size: 14px;\"><span style=\"font-family: verdana,geneva,sans-serif;\">3 r\u00e9teg\u0171 (4-16Ar-4-16Ar-4UltraN), fokozottan h\u0151szigetelt \u00fcvegez\u00e9s<\/span><\/span><\/li>\n<li><span style=\"font-size: 14px;\"><span style=\"font-family: verdana,geneva,sans-serif;\">GUTMANN szokny\u00e1s f\u00e9m v\u00edzvet\u0151 \u00e9s sz\u00e1rny \u00e9lv\u00e9d\u0151<\/span><\/span><\/li>\n<li><span style=\"font-size: 14px;\"><span style=\"font-family: verdana,geneva,sans-serif;\">ROTO NT nanotechnol\u00f3gi\u00e1val fel\u00fcletkezelt biztons\u00e1gi vasalat , hib\u00e1s m\u0171k\u00f6dtet\u00e9s g\u00e1tl\u00f3 \u00e9s r\u00e9sszell\u0151ztet\u0151 funkci\u00f3val, huzatbiztos\u00edt\u00f3val.<\/span><\/span><\/li>\n<li><span style=\"font-size: 14px;\"><span style=\"font-family: verdana,geneva,sans-serif;\">Hoppe Tokyo elox\u00e1lt alum\u00ednium kilincs<\/span><\/span><\/li>\n<li><span style=\"font-size: 14px;\"><span style=\"font-family: verdana,geneva,sans-serif;\">V\u00e1laszthat\u00f3 kilincs sz\u00ednek: F1 Alum\u00ednium; F2 Pezsg\u0151; F3 R\u00e9z; F4 Bronz; F5 Tit\u00e1n<\/span><\/span><\/li>\n<li><span style=\"font-size: 14px;\"><span style=\"font-family: verdana,geneva,sans-serif;\">MILESI SPA HYDROCROM gy\u00e1ri laz\u00faros 3+1 r\u00e9teg\u0171 fel\u00fcletkezel\u00e9s (21 f\u00e9le standard sz\u00edn + feh\u00e9r) Sz\u00ednminta alapj\u00e1n!<\/span><\/span><\/li>\n<\/ul>\n<\/td>\n<td>\n<p style=\"text-align: center;\"><img loading=\"lazy\" decoding=\"async\" class=\" size-full wp-image-9\" src=\"https:\/\/www.ablakkarter.hu\/wp-content\/uploads\/2012\/05\/FA90.png\" alt=\"\" width=\"240\" height=\"310\" \/><\/p>\n<\/td>\n<\/tr>\n<\/tbody>\n<\/table>\n<p style=\"text-align: center;\">\n","protected":false},"excerpt":{"rendered":"<table border=\"1\" cellpadding=\"1\" cellspacing=\"1\" style=\"width: 700px;\">\n<tbody>\n<tr>\n<td>\n<ul>\n<li><span style=\"font-size:14px;\"><span style=\"font-family: verdana,geneva,sans-serif;\">Be\u00e9p\u00edt\u00e9si m\u00e9lys\u00e9g: 90mm<\/span><\/span><\/li>\n<li><span style=\"font-size:14px;\"><span style=\"font-family: verdana,geneva,sans-serif;\">T\u00f6mb\u00f6s\u00edtett I. oszt\u00e1ly\u00fa vetemed\u00e9smentes, n\u00e9gy r\u00e9tegben ragasztott faanyag <\/span><\/span><\/li>\n<li><span style=\"font-size:14px;\"><span style=\"font-family: verdana,geneva,sans-serif;\">Hossztoldott r\u00e9tegragasztott borovi feny\u0151 vagy lucfeny\u0151<\/span><\/span><\/li>\n<li><span style=\"font-size:14px;\"><span style=\"font-family: verdana,geneva,sans-serif;\">Dupl\u00e1n k\u00f6rbefut\u00f3 EPDM z\u00e1rtcell\u00e1s t\u00f6m\u00edt\u00e9s<\/span><\/span><\/li>\n<li><span style=\"font-size:14px;\"><span style=\"font-family: verdana,geneva,sans-serif;\">3 r\u00e9teg\u0171 (4-16Ar-4-16Ar-4UltraN), fokozottan h\u0151szigetelt \u00fcvegez\u00e9s<\/span><\/span><\/li>\n<li><span style=\"font-size:14px;\"><span style=\"font-family: verdana,geneva,sans-serif;\">GUTMANN szokny\u00e1s f\u00e9m v\u00edzvet\u0151 \u00e9s sz\u00e1rny \u00e9lv\u00e9d\u0151<\/span><\/span><\/li>\n<li><span style=\"font-size:14px;\"><span style=\"font-family: verdana,geneva,sans-serif;\">ROTO NT nanotechnol\u00f3gi\u00e1val fel\u00fcletkezelt biztons\u00e1gi vasalat , hib\u00e1s m\u0171k\u00f6dtet\u00e9s g\u00e1tl\u00f3 \u00e9s r\u00e9sszell\u0151ztet\u0151 funkci\u00f3val, huzatbiztos\u00edt\u00f3val.<\/span><\/span><\/li>\n<li><span style=\"font-size:14px;\"><span style=\"font-family: verdana,geneva,sans-serif;\">Hoppe Tokyo elox\u00e1lt alum\u00ednium kilincs<\/span><\/span><\/li>\n<li><span style=\"font-size:14px;\"><span style=\"font-family: verdana,geneva,sans-serif;\">V\u00e1laszthat\u00f3 kilincs sz\u00ednek: F1 Alum\u00ednium; F2 Pezsg\u0151; F3 R\u00e9z; F4 Bronz; F5 Tit\u00e1n<\/span><\/span><\/li>\n<li><span style=\"font-size:14px;\"><span style=\"font-family: verdana,geneva,sans-serif;\">MILESI SPA HYDROCROM gy\u00e1ri laz\u00faros 3+1 r\u00e9teg\u0171 fel\u00fcletkezel\u00e9s (21 f\u00e9le standard sz\u00edn + feh\u00e9r) Sz\u00ednminta alapj\u00e1n!<\/span><\/span><\/li>\n<\/ul>\n<\/td>\n<td>\n<p style=\"text-align: center;\"><img loading=\"lazy\" decoding=\"async\" class=\" size-full wp-image-9\" alt=\"\" height=\"310\" src=\"https:\/\/www.ablakkarter.hu\/wp-content\/uploads\/2012\/05\/FA90.png\" width=\"240\" \/><\/p>\n<\/td>\n<\/tr>\n<\/tbody>\n<\/table>\n<p style=\"text-align: center;\"><span style=\"font-family:verdana,geneva,sans-serif;\"><span style=\"font-size: 14px;\">Figyelem! Az eredeti sz\u00ednek elt\u00e9rhetnek a sz\u00e1m\u00edt\u00f3g\u00e9pen l\u00e1tott t\u00f3nust\u00f3l ez\u00e9rt ezek csak t\u00e1j\u00e9koztat\u00f3 jelleg\u0171ek! Laz\u00farfestett term\u00e9keken a fa term\u00e9szetes jelleg\u00e9b\u0151l ad\u00f3d\u00f3an, a f\u00e9nyer\u0151ss\u00e9gt\u0151l f\u00fcgg\u0151en egy term\u00e9ken bel\u00fcl sz\u00ednelt\u00e9r\u00e9s, \u00e9s a sz\u00ednmint\u00e1hoz k\u00e9pest \u00e1rnyalatnyi elt\u00e9r\u00e9s lehets\u00e9ges!<\/span><\/span><\/p>\n","protected":false},"author":1,"featured_media":9,"parent":0,"menu_order":0,"comment_status":"closed","ping_status":"closed","template":"","meta":{"footnotes":""},"class_list":["post-65","page","type-page","status-publish","has-post-thumbnail","hentry"],"_links":{"self":[{"href":"https:\/\/www.ablakkarter.hu\/index.php?rest_route=\/wp\/v2\/pages\/65","targetHints":{"allow":["GET"]}}],"collection":[{"href":"https:\/\/www.ablakkarter.hu\/index.php?rest_route=\/wp\/v2\/pages"}],"about":[{"href":"https:\/\/www.ablakkarter.hu\/index.php?rest_route=\/wp\/v2\/types\/page"}],"author":[{"embeddable":true,"href":"https:\/\/www.ablakkarter.hu\/index.php?rest_route=\/wp\/v2\/users\/1"}],"replies":[{"embeddable":true,"href":"https:\/\/www.ablakkarter.hu\/index.php?rest_route=%2Fwp%2Fv2%2Fcomments&post=65"}],"version-history":[{"count":1,"href":"https:\/\/www.ablakkarter.hu\/index.php?rest_route=\/wp\/v2\/pages\/65\/revisions"}],"predecessor-version":[{"id":1333,"href":"https:\/\/www.ablakkarter.hu\/index.php?rest_route=\/wp\/v2\/pages\/65\/revisions\/1333"}],"wp:featuredmedia":[{"embeddable":true,"href":"https:\/\/www.ablakkarter.hu\/index.php?rest_route=\/wp\/v2\/media\/9"}],"wp:attachment":[{"href":"https:\/\/www.ablakkarter.hu\/index.php?rest_route=%2Fwp%2Fv2%2Fmedia&parent=65"}],"curies":[{"name":"wp","href":"https:\/\/api.w.org\/{rel}","templated":true}]}}