{"id":637,"date":"2013-10-15T09:33:12","date_gmt":"2013-10-15T09:33:12","guid":{"rendered":"https:\/\/www.ablakkarter.hu\/emelopaneles-es-tolopaneles-ablak\/"},"modified":"2021-12-08T15:29:31","modified_gmt":"2021-12-08T15:29:31","slug":"emelopaneles-es-tolopaneles-ablak","status":"publish","type":"page","link":"https:\/\/www.ablakkarter.hu\/?page_id=637","title":{"rendered":"Emel\u0151paneles \u00e9s tol\u00f3paneles ablak"},"content":{"rendered":"<h3 style=\"color: blue;\" align=\"center\"><span style=\"color: #ffffff;\"><span style=\"font-family: verdana,geneva,sans-serif;\"><span style=\"font-size: 18px;\"><strong>Amerikai tol\u00f3paneles ablakok<\/strong><\/span><\/span><\/span><\/h3>\n<p style=\"text-align: center;\"><span style=\"color: #ffffff;\"><span style=\"font-family: verdana,geneva,sans-serif;\"><span style=\"font-size: 16px;\">A m\u0171anyag ny\u00edl\u00e1sz\u00e1r\u00f3 rendszerek \u00faj gener\u00e1ci\u00f3ja<\/span><\/span><\/span><\/p>\n<p style=\"text-align: center;\"><span style=\"color: #ffffff;\"><span style=\"font-family: verdana,geneva,sans-serif;\"><span style=\"font-size: 16px;\">\u00c9lvezze \u00d6n is az emel\u0151paneles \u00e9s tol\u00f3 paneles m\u0171anyag ablakok el\u0151nyeit!<\/span><\/span><\/span><\/p>\n<p style=\"text-align: center;\"><img loading=\"lazy\" decoding=\"async\" class=\" size-full wp-image-636\" style=\"width: 596px; height: 314px;\" src=\"https:\/\/www.ablakkarter.hu\/wp-content\/uploads\/2013\/10\/emeloablak1.jpg\" alt=\"\" width=\"596\" height=\"314\" srcset=\"https:\/\/www.ablakkarter.hu\/wp-content\/uploads\/2013\/10\/emeloablak1.jpg 596w, https:\/\/www.ablakkarter.hu\/wp-content\/uploads\/2013\/10\/emeloablak1-300x158.jpg 300w\" sizes=\"auto, (max-width: 596px) 100vw, 596px\" \/><\/p>\n<p><span style=\"font-size: 14px;\"><span style=\"font-family: verdana,geneva,sans-serif;\">A tol\u00f3 \u00e9s emel\u0151 m\u0171anyag ablakrendszert az USA-ban fejlesztett\u00e9k ki. Az ablakok \u00e9s teraszajt\u00f3k UV stabil m\u0171anyagb\u00f3l k\u00e9sz\u00fclnek az Amerik\u00e1ban is n\u00e9pszer\u0171 emel\u0151paneles \u00e9s tol\u00f3paneles megold\u00e1sokkal. <\/span><\/span><span style=\"font-size: 14px;\"><span style=\"font-family: verdana,geneva,sans-serif;\">Alapsz\u00edn: feh\u00e9r, de ig\u00e9ny eset\u00e9n sz\u00ednes v\u00e1ltozatban is rendelhet\u0151k. Az ablakok k\u00e9tr\u00e9teg\u0171 \u00fcvegez\u00e9ssel, 3-12-4 \u00fcveg r\u00e9tegrenddel ker\u00fclnek forgalomba.<\/span><\/span><\/p>\n<ul>\n<li><strong><span style=\"font-size: 14px;\"><span style=\"font-family: verdana,geneva,sans-serif;\">Ug =2,8W\/m<sup>2<\/sup>K h\u0151szigetelt \u00fcvegez\u00e9st csak belt\u00e9ri haszn\u00e1latra javasoljuk.<\/span><\/span><\/strong><\/li>\n<li><strong><span style=\"font-size: 14px;\"><span style=\"font-family: verdana,geneva,sans-serif;\">Ug =1,1W\/m<sup>2<\/sup>K h\u0151szigetelt \u00fcvegez\u00e9st k\u00fclt\u00e9ri felhaszn\u00e1l\u00e1sra, homlokzati ny\u00edl\u00e1sz\u00e1r\u00f3khoz aj\u00e1nljuk.<\/span><\/span><\/strong><\/li>\n<\/ul>\n","protected":false},"excerpt":{"rendered":"<h3 align=\"center\" style=\"color:blue;\"><span style=\"color:#ffffff;\"><span style=\"font-family: verdana,geneva,sans-serif;\"><span style=\"font-size: 18px;\"><strong>Amerikai tol\u00f3paneles ablakok<\/strong><\/span><\/span><\/span><\/h3>\n<p style=\"text-align: center;\"><span style=\"color:#ffffff;\"><span style=\"font-family: verdana,geneva,sans-serif;\"><span style=\"font-size: 16px;\">A m\u0171anyag ny\u00edl\u00e1sz\u00e1r\u00f3 rendszerek \u00faj gener\u00e1ci\u00f3ja<\/span><\/span><\/span><\/p>\n<p style=\"text-align: center;\"><span style=\"color:#ffffff;\"><span style=\"font-family: verdana,geneva,sans-serif;\"><span style=\"font-size: 16px;\">\u00c9lvezze \u00d6n is az emel\u0151paneles \u00e9s tol\u00f3 paneles m\u0171anyag ablakok el\u0151nyeit!<\/span><\/span><\/span><\/p>\n<p style=\"text-align: center;\"><img loading=\"lazy\" decoding=\"async\" class=\" size-full wp-image-636\" alt=\"\" src=\"https:\/\/www.ablakkarter.hu\/wp-content\/uploads\/2013\/10\/emeloablak1.jpg\" style=\"width: 596px; height: 314px;\" width=\"596\" height=\"314\" srcset=\"https:\/\/www.ablakkarter.hu\/wp-content\/uploads\/2013\/10\/emeloablak1.jpg 596w, https:\/\/www.ablakkarter.hu\/wp-content\/uploads\/2013\/10\/emeloablak1-300x158.jpg 300w\" sizes=\"auto, (max-width: 596px) 100vw, 596px\" \/><\/p>\n<p><span style=\"font-size:14px;\"><span style=\"font-family: verdana,geneva,sans-serif;\">A tol\u00f3 \u00e9s emel\u0151 m\u0171anyag ablakrendszert az USA-ban fejlesztett\u00e9k ki. Az ablakok \u00e9s teraszajt\u00f3k UV stabil m\u0171anyagb\u00f3l k\u00e9sz\u00fclnek az Amerik\u00e1ban is n\u00e9pszer\u0171 emel\u0151paneles \u00e9s tol\u00f3paneles megold\u00e1sokkal. <\/span><\/span><span style=\"font-size:14px;\"><span style=\"font-family: verdana,geneva,sans-serif;\">Alapsz\u00edn: feh\u00e9r, de ig\u00e9ny eset\u00e9n sz\u00ednes v\u00e1ltozatban is rendelhet\u0151k. Az ablakok k\u00e9tr\u00e9teg\u0171 \u00fcvegez\u00e9ssel, 3-12-4 \u00fcveg r\u00e9tegrenddel ker\u00fclnek forgalomba.<\/span><\/span><\/p>\n<ul>\n<li><strong><span style=\"font-size:14px;\"><span style=\"font-family: verdana,geneva,sans-serif;\">Ug =2,8W\/m<sup>2<\/sup>K h\u0151szigetelt \u00fcvegez\u00e9st csak belt\u00e9ri haszn\u00e1latra javasoljuk.<\/span><\/span><\/strong><\/li>\n<li><strong><span style=\"font-size:14px;\"><span style=\"font-family: verdana,geneva,sans-serif;\">Ug =1,1W\/m<sup>2<\/sup>K h\u0151szigetelt \u00fcvegez\u00e9st k\u00fclt\u00e9ri felhaszn\u00e1l\u00e1sra, homlokzati ny\u00edl\u00e1sz\u00e1r\u00f3khoz aj\u00e1nljuk.<\/span><\/span><\/strong><\/li>\n<\/ul>\n","protected":false},"author":1,"featured_media":1118,"parent":0,"menu_order":0,"comment_status":"closed","ping_status":"closed","template":"","meta":{"footnotes":""},"class_list":["post-637","page","type-page","status-publish","has-post-thumbnail","hentry"],"_links":{"self":[{"href":"https:\/\/www.ablakkarter.hu\/index.php?rest_route=\/wp\/v2\/pages\/637","targetHints":{"allow":["GET"]}}],"collection":[{"href":"https:\/\/www.ablakkarter.hu\/index.php?rest_route=\/wp\/v2\/pages"}],"about":[{"href":"https:\/\/www.ablakkarter.hu\/index.php?rest_route=\/wp\/v2\/types\/page"}],"author":[{"embeddable":true,"href":"https:\/\/www.ablakkarter.hu\/index.php?rest_route=\/wp\/v2\/users\/1"}],"replies":[{"embeddable":true,"href":"https:\/\/www.ablakkarter.hu\/index.php?rest_route=%2Fwp%2Fv2%2Fcomments&post=637"}],"version-history":[{"count":1,"href":"https:\/\/www.ablakkarter.hu\/index.php?rest_route=\/wp\/v2\/pages\/637\/revisions"}],"predecessor-version":[{"id":1137,"href":"https:\/\/www.ablakkarter.hu\/index.php?rest_route=\/wp\/v2\/pages\/637\/revisions\/1137"}],"wp:featuredmedia":[{"embeddable":true,"href":"https:\/\/www.ablakkarter.hu\/index.php?rest_route=\/wp\/v2\/media\/1118"}],"wp:attachment":[{"href":"https:\/\/www.ablakkarter.hu\/index.php?rest_route=%2Fwp%2Fv2%2Fmedia&parent=637"}],"curies":[{"name":"wp","href":"https:\/\/api.w.org\/{rel}","templated":true}]}}