{"id":635,"date":"2013-10-15T09:05:03","date_gmt":"2013-10-15T09:05:03","guid":{"rendered":"https:\/\/www.ablakkarter.hu\/pvc-takaroprofil\/"},"modified":"2021-12-13T15:29:30","modified_gmt":"2021-12-13T15:29:30","slug":"pvc-takaroprofil","status":"publish","type":"page","link":"https:\/\/www.ablakkarter.hu\/?page_id=635","title":{"rendered":"PVC takar\u00f3profil"},"content":{"rendered":"<p align=\"center\"><strong>\u00d6ntapad\u00f3s m\u0171anyag takar\u00f3profil<\/strong><\/p>\n<p align=\"center\">\n<p align=\"center\"><strong>Haszn\u00e1lati utas\u00edt\u00e1s<\/strong><\/p>\n<p align=\"center\">\n<ul>\n<li><strong>Tiszt\u00edtsa meg a m\u0171anyag ny\u00edl\u00e1sz\u00e1r\u00f3t! <\/strong><\/li>\n<li value=\"2\"><strong>A ragasztand\u00f3 fel\u00fcletnek \u00e9s a takar\u00f3profilnak is sz\u00e1raznak, por, zs\u00edr \u00e9s szennyez\u0151d\u00e9smentesnek kell lennie.<\/strong><\/li>\n<li value=\"3\"><strong>Hideg fel\u00fcletre ne ragasszon! <\/strong><\/li>\n<li value=\"4\"><strong>Az \u00f6ntapad\u00f3s takar\u00f3profilok ragaszt\u00e1sa +5 C<sup>0<\/sup>-\u00e9s + 60 C<sup>0<\/sup>k\u00f6z\u00f6tt javasolt.<\/strong><\/li>\n<li value=\"5\"><strong>Alacsonyabb h\u0151m\u00e9rs\u00e9kleten haszn\u00e1ljon elektromos sz\u00e1r\u00edt\u00f3 k\u00e9sz\u00fcl\u00e9ket a felmeleg\u00edt\u00e9shez.<\/strong><\/li>\n<li value=\"6\"><strong>G\u00e1zmeleg\u00edt\u0151 haszn\u00e1lata k\u00e1ros\u00edthatja a term\u00e9ket, vesz\u00e9lyes \u00e9s ez\u00e9rt nem megengedett!<\/strong><\/li>\n<li value=\"7\"><strong>\u00dcgyeljen a PVC takar\u00f3profilok h\u0151t\u00e1gul\u00e1s\u00e1ra.<\/strong><\/li>\n<li value=\"8\"><strong>V\u00e1gja a pontos m\u00e9retre a takar\u00f3profilt. <\/strong><\/li>\n<li value=\"9\"><strong>A pontos g\u00e9rv\u00e1g\u00e1shoz, vagy sz\u00f6gv\u00e1g\u00e1shoz haszn\u00e1ljon g\u00e9rv\u00e1g\u00f3 oll\u00f3t.<\/strong><\/li>\n<li value=\"10\"><strong>\u00d3vatosan h\u00fazza le a m\u0171anyag takar\u00f3l\u00e9c ragaszt\u00f3cs\u00edkj\u00e1r\u00f3l a v\u00e9d\u0151f\u00f3li\u00e1j\u00e1t.<\/strong><\/li>\n<li value=\"11\"><strong>A ragasztand\u00f3 fel\u00fclet tapad\u00e1s\u00e1t folyamatos er\u0151s nyom\u00e1ssal vagy m\u0171anyag g\u00f6rget\u0151vel biztos\u00edthatjuk.<\/strong><\/li>\n<li value=\"12\"><strong>A felragasztott takar\u00f3profil sz\u00e9l\u00e9t h\u00fazza ki Cosmofen PVC ragaszt\u00f3val. <\/strong><\/li>\n<li value=\"13\"><strong>A Cosmofen PVC ragaszt\u00f3 hozz\u00e1j\u00e1rul a m\u0171anyag takar\u00f3profil tart\u00f3s r\u00f6gz\u00edt\u00e9s\u00e9hez.\u00a0 <\/strong><\/li>\n<li value=\"14\"><strong>Amennyiben a m\u0171anyag takar\u00f3l\u00e9c a munka sor\u00e1n elszennyez\u0151d\u00f6tt, tiszt\u00edtsa meg Cosmofen PVC tiszt\u00edt\u00f3val.<\/strong><\/li>\n<\/ul>\n","protected":false},"excerpt":{"rendered":"<p align=\"center\"><strong>\u00d6ntapad\u00f3s m\u0171anyag takar\u00f3profil<\/strong><\/p>\n<p align=\"center\">&nbsp;<\/p>\n<p align=\"center\"><strong>Haszn\u00e1lati utas\u00edt\u00e1s<\/strong><\/p>\n<p align=\"center\">&nbsp;<\/p>\n<ul>\n<li><strong>Tiszt\u00edtsa meg a m\u0171anyag ny\u00edl\u00e1sz\u00e1r\u00f3t! <\/strong><\/li>\n<li value=\"2\"><strong>A ragasztand\u00f3 fel\u00fcletnek \u00e9s a takar\u00f3profilnak is sz\u00e1raznak, por, zs\u00edr \u00e9s szennyez\u0151d\u00e9smentesnek kell lennie.<\/strong><\/li>\n<li value=\"3\"><strong>Hideg fel\u00fcletre ne ragasszon! <\/strong><\/li>\n<li value=\"4\"><strong>Az \u00f6ntapad\u00f3s takar\u00f3profilok ragaszt\u00e1sa +5 C<sup>0<\/sup>-\u00e9s + 60 C<sup>0<\/sup>k\u00f6z\u00f6tt javasolt.<\/strong><\/li>\n<li value=\"5\"><strong>Alacsonyabb h\u0151m\u00e9rs\u00e9kleten haszn\u00e1ljon elektromos sz\u00e1r\u00edt\u00f3 k\u00e9sz\u00fcl\u00e9ket a felmeleg\u00edt\u00e9shez.<\/strong><\/li>\n<li value=\"6\"><strong>G\u00e1zmeleg\u00edt\u0151 haszn\u00e1lata k\u00e1ros\u00edthatja a term\u00e9ket, vesz\u00e9lyes \u00e9s ez\u00e9rt nem megengedett!<\/strong><\/li>\n<li value=\"7\"><strong>\u00dcgyeljen a PVC takar\u00f3profilok h\u0151t\u00e1gul\u00e1s\u00e1ra.<\/strong><\/li>\n<li value=\"8\"><strong>V\u00e1gja a pontos m\u00e9retre a takar\u00f3profilt. <\/strong><\/li>\n<li value=\"9\"><strong>A pontos g\u00e9rv\u00e1g\u00e1shoz, vagy sz\u00f6gv\u00e1g\u00e1shoz haszn\u00e1ljon g\u00e9rv\u00e1g\u00f3 oll\u00f3t.<\/strong><\/li>\n<li value=\"10\"><strong>\u00d3vatosan h\u00fazza le a m\u0171anyag takar\u00f3l\u00e9c ragaszt\u00f3cs\u00edkj\u00e1r\u00f3l a v\u00e9d\u0151f\u00f3li\u00e1j\u00e1t.<\/strong><\/li>\n<li value=\"11\"><strong>A ragasztand\u00f3 fel\u00fclet tapad\u00e1s\u00e1t folyamatos er\u0151s nyom\u00e1ssal vagy m\u0171anyag g\u00f6rget\u0151vel biztos\u00edthatjuk.<\/strong><\/li>\n<li value=\"12\"><strong>A felragasztott takar\u00f3profil sz\u00e9l\u00e9t h\u00fazza ki Cosmofen PVC ragaszt\u00f3val. <\/strong><\/li>\n<li value=\"13\"><strong>A Cosmofen PVC ragaszt\u00f3 hozz\u00e1j\u00e1rul a m\u0171anyag takar\u00f3profil tart\u00f3s r\u00f6gz\u00edt\u00e9s\u00e9hez.&nbsp; <\/strong><\/li>\n<li value=\"14\"><strong>Amennyiben a m\u0171anyag takar\u00f3l\u00e9c a munka sor\u00e1n elszennyez\u0151d\u00f6tt, tiszt\u00edtsa meg Cosmofen PVC tiszt\u00edt\u00f3val.<\/strong><\/li>\n<\/ul>\n<p>&nbsp;<\/p>\n","protected":false},"author":1,"featured_media":1118,"parent":0,"menu_order":0,"comment_status":"closed","ping_status":"closed","template":"","meta":{"footnotes":""},"class_list":["post-635","page","type-page","status-publish","has-post-thumbnail","hentry"],"_links":{"self":[{"href":"https:\/\/www.ablakkarter.hu\/index.php?rest_route=\/wp\/v2\/pages\/635","targetHints":{"allow":["GET"]}}],"collection":[{"href":"https:\/\/www.ablakkarter.hu\/index.php?rest_route=\/wp\/v2\/pages"}],"about":[{"href":"https:\/\/www.ablakkarter.hu\/index.php?rest_route=\/wp\/v2\/types\/page"}],"author":[{"embeddable":true,"href":"https:\/\/www.ablakkarter.hu\/index.php?rest_route=\/wp\/v2\/users\/1"}],"replies":[{"embeddable":true,"href":"https:\/\/www.ablakkarter.hu\/index.php?rest_route=%2Fwp%2Fv2%2Fcomments&post=635"}],"version-history":[{"count":1,"href":"https:\/\/www.ablakkarter.hu\/index.php?rest_route=\/wp\/v2\/pages\/635\/revisions"}],"predecessor-version":[{"id":1190,"href":"https:\/\/www.ablakkarter.hu\/index.php?rest_route=\/wp\/v2\/pages\/635\/revisions\/1190"}],"wp:featuredmedia":[{"embeddable":true,"href":"https:\/\/www.ablakkarter.hu\/index.php?rest_route=\/wp\/v2\/media\/1118"}],"wp:attachment":[{"href":"https:\/\/www.ablakkarter.hu\/index.php?rest_route=%2Fwp%2Fv2%2Fmedia&parent=635"}],"curies":[{"name":"wp","href":"https:\/\/api.w.org\/{rel}","templated":true}]}}