{"id":633,"date":"2013-10-15T08:47:39","date_gmt":"2013-10-15T08:47:39","guid":{"rendered":"https:\/\/www.ablakkarter.hu\/feluletkezelt-fa-ajtok-fa-ablakok-es-paralecsapodas\/"},"modified":"2021-12-13T15:34:29","modified_gmt":"2021-12-13T15:34:29","slug":"feluletkezelt-fa-ajtok-fa-ablakok-es-paralecsapodas","status":"publish","type":"page","link":"https:\/\/www.ablakkarter.hu\/?page_id=633","title":{"rendered":"Fel\u00fcletkezelt fa ajt\u00f3k, fa ablakok \u00e9s a p\u00e1ralecsap\u00f3d\u00e1s"},"content":{"rendered":"<p align=\"center\">\n<p align=\"center\"><strong><img loading=\"lazy\" decoding=\"async\" class=\" size-full wp-image-629\" style=\"width: 186px; height: 189px;\" src=\"https:\/\/www.ablakkarter.hu\/wp-content\/uploads\/2013\/10\/ablak1.jpg\" alt=\"\" width=\"331\" height=\"333\" srcset=\"https:\/\/www.ablakkarter.hu\/wp-content\/uploads\/2013\/10\/ablak1.jpg 331w, https:\/\/www.ablakkarter.hu\/wp-content\/uploads\/2013\/10\/ablak1-100x100.jpg 100w, https:\/\/www.ablakkarter.hu\/wp-content\/uploads\/2013\/10\/ablak1-298x300.jpg 298w, https:\/\/www.ablakkarter.hu\/wp-content\/uploads\/2013\/10\/ablak1-150x150.jpg 150w\" sizes=\"auto, (max-width: 331px) 100vw, 331px\" \/><\/strong><\/p>\n<p align=\"center\"><strong>Annak \u00e9rdek\u00e9ben, hogy a fel\u00fcletkezelt, festett vagy laz\u00farozott ny\u00edl\u00e1sz\u00e1r\u00f3ink fel\u00fcletv\u00e9d\u0151 bevonatrendszer\u00e9t min\u00e9l tov\u00e1bb meg\u0151rizz\u00e9k, k\u00e9rj\u00fck, biztos\u00edtsa a helys\u00e9g megfelel\u0151 szell\u0151ztet\u00e9s\u00e9t!<\/strong><\/p>\n<p>1. F\u0151leg \u00faj h\u00e1z \u00e9p\u00edt\u00e9sekor vagy egy h\u00e1z fel\u00faj\u00edt\u00e1sa sor\u00e1n az \u00e9p\u00fclet bels\u0151 ter\u00e9ben \u00f3ri\u00e1si mennyis\u00e9g\u0171 v\u00edzg\u0151z illetve p\u00e1ra szabadul fel a belt\u00e9ri vakolatb\u00f3l \u00e9s beton aljzatb\u00f3l, falra felvitt falfest\u00e9kb\u0151l.<\/p>\n<p>2. A felszabadul\u00f3 p\u00e1ra a falak hideg fel\u00fcletein lecsap\u00f3dik. A t\u00f6m\u00f6r fa ny\u00edl\u00e1sz\u00e1r\u00f3kn\u00e1l a fa szerkezet\u00e9n kereszt\u00fcl igyekszik a k\u00fcls\u0151 t\u00e9r fel\u00e9, majd a v\u00e9d\u0151bevonat \u00e9s a faanyag k\u00f6z\u00f6tt csap\u00f3dik le.<\/p>\n<p>3. A p\u00e1ra megtal\u00e1lja a t\u00f6m\u00f6rfa ablakkeret gyenge pontjait, a bevonati s\u00e9r\u00fcl\u00e9seket \u00e9s a vakolattal \u00e9rintkez\u0151 fel\u00fcleteket. A megn\u00f6vekedett p\u00e1rtatartalom a fa ablak nedvess\u00e9gtartalm\u00e1t 30% f\u00f6l\u00e9 emeli, mely vetemed\u00e9shez, a ragaszt\u00e1si csom\u00f3pontok s\u00e9r\u00fcl\u00e9s\u00e9hez \u00e9s gomb\u00e1sod\u00e1shoz vezet. A magas p\u00e1ratartalom miatt a v\u00edzg\u0151z nyom\u00e1sa a bevonat bels\u0151 fel\u00fclet\u00e9n megn\u0151, ez\u00e9rt itt felh\u00f3lyagosodhat a fest\u00e9kr\u00e9teg. Sz\u00e9ls\u0151s\u00e9ges esetekben v\u00edzzel teli bubor\u00e9kok jelennek meg a bevonat k\u00fclt\u00e9ri fel\u00fcletein.<\/p>\n<p><img loading=\"lazy\" decoding=\"async\" class=\" size-full wp-image-630\" style=\"width: 605px; height: 383px;\" src=\"https:\/\/www.ablakkarter.hu\/wp-content\/uploads\/2013\/10\/ablak2.jpg\" alt=\"\" width=\"605\" height=\"383\" srcset=\"https:\/\/www.ablakkarter.hu\/wp-content\/uploads\/2013\/10\/ablak2.jpg 605w, https:\/\/www.ablakkarter.hu\/wp-content\/uploads\/2013\/10\/ablak2-600x380.jpg 600w, https:\/\/www.ablakkarter.hu\/wp-content\/uploads\/2013\/10\/ablak2-300x190.jpg 300w\" sizes=\"auto, (max-width: 605px) 100vw, 605px\" \/><\/p>\n<p align=\"center\"><strong>A vakol\u00e1s \u00e9s az ezt k\u00f6vet\u0151 sz\u00e1rad\u00e1s ideje alatt megfelel\u0151 szell\u0151ztet\u00e9ssel megel\u0151zhetj\u00fck az ilyen s\u00e9r\u00fcl\u00e9seket!<\/strong><\/p>\n<p>4. A magas p\u00e1ratartalom szerkezeti k\u00e1rosod\u00e1st okozhat a fa ablakokn\u00e1l \u00e9s a fa ajt\u00f3kn\u00e1l egyar\u00e1nt.<\/p>\n<p>5. A t\u00e9li h\u00f3napokban az alacsony h\u0151m\u00e9rs\u00e9klet \u00e9s a cs\u00f6kkentett szell\u0151ztet\u00e9s miatt a fa ny\u00edl\u00e1sz\u00e1r\u00f3k k\u00fcl\u00f6n\u00f6sen vesz\u00e9lyeztetettek.<\/p>\n<p>6. A f\u0171t\u00f6tt helys\u00e9gekben kisebb a vesz\u00e9lye a fa ablakok k\u00e1rosod\u00e1s\u00e1nak, mert alacsonyabb a relat\u00edv p\u00e1ratartalom, mint a f\u0171tetlenekben.<\/p>\n<p align=\"center\">7.&nbsp; \u00c9p\u00edtkez\u00e9s alatt egy r\u00f6vid szell\u0151ztet\u00e9si id\u0151 nem elegend\u0151 a magas p\u00e1ratartalom elt\u00e1vol\u00edt\u00e1s\u00e1ra.&nbsp;&nbsp;&nbsp;&nbsp;&nbsp;&nbsp;&nbsp;&nbsp;&nbsp;&nbsp;&nbsp;&nbsp;&nbsp;&nbsp; <strong>Az \u00e9p\u00edtkez\u00e9s ideje alatt \u00e9rdemes a ny\u00edl\u00e1sz\u00e1r\u00f3kat folyamatosan buk\u00f3 helyzetbe \u00e1ll\u00edtani!<\/strong><\/p>\n<p align=\"center\"><strong><img loading=\"lazy\" decoding=\"async\" class=\" size-full wp-image-631\" style=\"width: 603px; height: 355px;\" src=\"https:\/\/www.ablakkarter.hu\/wp-content\/uploads\/2013\/10\/szellozes.jpg\" alt=\"\" width=\"603\" height=\"355\" srcset=\"https:\/\/www.ablakkarter.hu\/wp-content\/uploads\/2013\/10\/szellozes.jpg 603w, https:\/\/www.ablakkarter.hu\/wp-content\/uploads\/2013\/10\/szellozes-600x353.jpg 600w, https:\/\/www.ablakkarter.hu\/wp-content\/uploads\/2013\/10\/szellozes-300x177.jpg 300w\" sizes=\"auto, (max-width: 603px) 100vw, 603px\" \/><\/strong><\/p>\n<p align=\"center\">\n<p>&nbsp;<strong>A nem megfelel\u0151 l\u00e9gcsere, valamint a p\u00e1ratartalom n\u00f6veked\u00e9s\u00e9nek els\u0151 jelei:<\/strong><\/p>\n<p>&#8211; T\u00fal p\u00e1r\u00e1s leveg\u0151<\/p>\n<p>&#8211; Megjelenik a pen\u00e9sz a sarkokban \u00e9s a falk\u00e1v\u00e1ban<\/p>\n<p>&#8211; Sz\u00fcrke foltok megjelen\u00e9se a tap\u00e9t\u00e1n<\/p>\n<p>&#8211; Harmat a ny\u00edl\u00e1sz\u00e1r\u00f3k \u00fcvegfel\u00fclet\u00e9n alul \u00e9s k\u00f6rben az \u00fcvegen<\/p>\n<p>&#8211; Harmat a p\u00e1rk\u00e1nyokon \u00e9s a vasalatokon<\/p>\n<p>&#8211; Fa ablakok eset\u00e9ben a fa alkatr\u00e9szek megduzzad\u00e1sa, majd elv\u00e1l\u00e1sa egym\u00e1st\u00f3l.<\/p>\n<p>&#8211; Reped\u00e9sek a fa ajt\u00f3kon \u00e9s a fa ablakokon a bet\u00e9tek \u00e9s a keretek ment\u00e9n<\/p>\n<p>&#8211; Nehezen ny\u00edl\u00f3, szorul\u00f3 ny\u00edl\u00e1sz\u00e1r\u00f3k<\/p>\n<p align=\"center\"><img loading=\"lazy\" decoding=\"async\" class=\" size-full wp-image-632\" style=\"width: 192px; height: 173px;\" src=\"https:\/\/www.ablakkarter.hu\/wp-content\/uploads\/2013\/10\/szellozes.png\" alt=\"\" width=\"447\" height=\"403\" srcset=\"https:\/\/www.ablakkarter.hu\/wp-content\/uploads\/2013\/10\/szellozes.png 447w, https:\/\/www.ablakkarter.hu\/wp-content\/uploads\/2013\/10\/szellozes-300x270.png 300w\" sizes=\"auto, (max-width: 447px) 100vw, 447px\" \/><\/p>\n","protected":false},"excerpt":{"rendered":"<p align=\"center\"><strong><img loading=\"lazy\" decoding=\"async\" class=\" size-full wp-image-629\" alt=\"\" src=\"https:\/\/www.ablakkarter.hu\/wp-content\/uploads\/2013\/10\/ablak1.jpg\" style=\"width: 186px; height: 189px;\" width=\"331\" height=\"333\" srcset=\"https:\/\/www.ablakkarter.hu\/wp-content\/uploads\/2013\/10\/ablak1.jpg 331w, https:\/\/www.ablakkarter.hu\/wp-content\/uploads\/2013\/10\/ablak1-100x100.jpg 100w, https:\/\/www.ablakkarter.hu\/wp-content\/uploads\/2013\/10\/ablak1-298x300.jpg 298w, https:\/\/www.ablakkarter.hu\/wp-content\/uploads\/2013\/10\/ablak1-150x150.jpg 150w\" sizes=\"auto, (max-width: 331px) 100vw, 331px\" \/><\/strong><\/p>\n<p align=\"center\"><strong>Annak \u00e9rdek\u00e9ben, hogy a fel\u00fcletkezelt, festett vagy laz\u00farozott ny\u00edl\u00e1sz\u00e1r\u00f3ink fel\u00fcletv\u00e9d\u0151 bevonatrendszer\u00e9t min\u00e9l tov\u00e1bb meg\u0151rizz\u00e9k, k\u00e9rj\u00fck, biztos\u00edtsa a helys\u00e9g megfelel\u0151 szell\u0151ztet\u00e9s\u00e9t!<\/strong><\/p>\n<p>1. F\u0151leg \u00faj h\u00e1z \u00e9p\u00edt\u00e9sekor vagy egy h\u00e1z fel\u00faj\u00edt\u00e1sa sor\u00e1n az \u00e9p\u00fclet bels\u0151 ter\u00e9ben \u00f3ri\u00e1si mennyis\u00e9g\u0171 v\u00edzg\u0151z illetve p\u00e1ra szabadul fel a belt\u00e9ri vakolatb\u00f3l \u00e9s beton aljzatb\u00f3l, falra felvitt falfest\u00e9kb\u0151l.<\/p>\n<p>2. A felszabadul\u00f3 p\u00e1ra a falak hideg fel\u00fcletein lecsap\u00f3dik. A t\u00f6m\u00f6r fa ny\u00edl\u00e1sz\u00e1r\u00f3kn\u00e1l a fa szerkezet\u00e9n kereszt\u00fcl igyekszik a k\u00fcls\u0151 t\u00e9r fel\u00e9, majd a v\u00e9d\u0151bevonat \u00e9s a faanyag k\u00f6z\u00f6tt csap\u00f3dik le.<\/p>\n<p>3. A p\u00e1ra megtal\u00e1lja a t\u00f6m\u00f6rfa ablakkeret gyenge pontjait, a bevonati s\u00e9r\u00fcl\u00e9seket \u00e9s a vakolattal \u00e9rintkez\u0151 fel\u00fcleteket. A megn\u00f6vekedett p\u00e1rtatartalom a fa ablak nedvess\u00e9gtartalm\u00e1t 30% f\u00f6l\u00e9 emeli, mely vetemed\u00e9shez, a ragaszt\u00e1si csom\u00f3pontok s\u00e9r\u00fcl\u00e9s\u00e9hez \u00e9s gomb\u00e1sod\u00e1shoz vezet. A magas p\u00e1ratartalom miatt a v\u00edzg\u0151z nyom\u00e1sa a bevonat bels\u0151 fel\u00fclet\u00e9n megn\u0151, ez\u00e9rt itt felh\u00f3lyagosodhat a fest\u00e9kr\u00e9teg. Sz\u00e9ls\u0151s\u00e9ges esetekben v\u00edzzel teli bubor\u00e9kok jelennek meg a bevonat k\u00fclt\u00e9ri fel\u00fcletein.<\/p>\n<p><img loading=\"lazy\" decoding=\"async\" class=\" size-full wp-image-630\" alt=\"\" src=\"https:\/\/www.ablakkarter.hu\/wp-content\/uploads\/2013\/10\/ablak2.jpg\" style=\"width: 605px; height: 383px;\" width=\"605\" height=\"383\" srcset=\"https:\/\/www.ablakkarter.hu\/wp-content\/uploads\/2013\/10\/ablak2.jpg 605w, https:\/\/www.ablakkarter.hu\/wp-content\/uploads\/2013\/10\/ablak2-600x380.jpg 600w, https:\/\/www.ablakkarter.hu\/wp-content\/uploads\/2013\/10\/ablak2-300x190.jpg 300w\" sizes=\"auto, (max-width: 605px) 100vw, 605px\" \/><\/p>\n<p align=\"center\"><strong>A vakol\u00e1s \u00e9s az ezt k\u00f6vet\u0151 sz\u00e1rad\u00e1s ideje alatt megfelel\u0151 szell\u0151ztet\u00e9ssel megel\u0151zhetj\u00fck az ilyen s\u00e9r\u00fcl\u00e9seket!<\/strong><\/p>\n<p>4. A magas p\u00e1ratartalom szerkezeti k\u00e1rosod\u00e1st okozhat a fa ablakokn\u00e1l \u00e9s a fa ajt\u00f3kn\u00e1l egyar\u00e1nt.<\/p>\n<p>5. A t\u00e9li h\u00f3napokban az alacsony h\u0151m\u00e9rs\u00e9klet \u00e9s a cs\u00f6kkentett szell\u0151ztet\u00e9s miatt a fa ny\u00edl\u00e1sz\u00e1r\u00f3k k\u00fcl\u00f6n\u00f6sen vesz\u00e9lyeztetettek.<\/p>\n<p>6. A f\u0171t\u00f6tt helys\u00e9gekben kisebb a vesz\u00e9lye a fa ablakok k\u00e1rosod\u00e1s\u00e1nak, mert alacsonyabb a relat\u00edv p\u00e1ratartalom, mint a f\u0171tetlenekben.<\/p>\n<p align=\"center\">7.&nbsp; \u00c9p\u00edtkez\u00e9s alatt egy r\u00f6vid szell\u0151ztet\u00e9si id\u0151 nem elegend\u0151 a magas p\u00e1ratartalom elt\u00e1vol\u00edt\u00e1s\u00e1ra.&nbsp;&nbsp;&nbsp;&nbsp;&nbsp;&nbsp;&nbsp;&nbsp;&nbsp;&nbsp;&nbsp;&nbsp;&nbsp;&nbsp; <strong>Az \u00e9p\u00edtkez\u00e9s ideje alatt \u00e9rdemes a ny\u00edl\u00e1sz\u00e1r\u00f3kat folyamatosan buk\u00f3 helyzetbe \u00e1ll\u00edtani!<\/strong><\/p>\n<p align=\"center\"><strong><img loading=\"lazy\" decoding=\"async\" class=\" size-full wp-image-631\" alt=\"\" src=\"https:\/\/www.ablakkarter.hu\/wp-content\/uploads\/2013\/10\/szellozes.jpg\" style=\"width: 603px; height: 355px;\" width=\"603\" height=\"355\" srcset=\"https:\/\/www.ablakkarter.hu\/wp-content\/uploads\/2013\/10\/szellozes.jpg 603w, https:\/\/www.ablakkarter.hu\/wp-content\/uploads\/2013\/10\/szellozes-600x353.jpg 600w, https:\/\/www.ablakkarter.hu\/wp-content\/uploads\/2013\/10\/szellozes-300x177.jpg 300w\" sizes=\"auto, (max-width: 603px) 100vw, 603px\" \/><\/strong><\/p>\n<p align=\"center\">&nbsp;<\/p>\n<p>&nbsp;<strong>A nem megfelel\u0151 l\u00e9gcsere, valamint a p\u00e1ratartalom n\u00f6veked\u00e9s\u00e9nek els\u0151 jelei:<\/strong><\/p>\n<p>&#8211; T\u00fal p\u00e1r\u00e1s leveg\u0151<\/p>\n<p>&#8211; Megjelenik a pen\u00e9sz a sarkokban \u00e9s a falk\u00e1v\u00e1ban<\/p>\n<p>&#8211; Sz\u00fcrke foltok megjelen\u00e9se a tap\u00e9t\u00e1n<\/p>\n<p>&#8211; Harmat a ny\u00edl\u00e1sz\u00e1r\u00f3k \u00fcvegfel\u00fclet\u00e9n alul \u00e9s k\u00f6rben az \u00fcvegen<\/p>\n<p>&#8211; Harmat a p\u00e1rk\u00e1nyokon \u00e9s a vasalatokon<\/p>\n<p>&#8211; Fa ablakok eset\u00e9ben a fa alkatr\u00e9szek megduzzad\u00e1sa, majd elv\u00e1l\u00e1sa egym\u00e1st\u00f3l.<\/p>\n<p>&#8211; Reped\u00e9sek a fa ajt\u00f3kon \u00e9s a fa ablakokon a bet\u00e9tek \u00e9s a keretek ment\u00e9n<\/p>\n<p>&#8211; Nehezen ny\u00edl\u00f3, szorul\u00f3 ny\u00edl\u00e1sz\u00e1r\u00f3k<\/p>\n<p>&nbsp;<\/p>\n<p align=\"center\"><img loading=\"lazy\" decoding=\"async\" class=\" size-full wp-image-632\" alt=\"\" src=\"https:\/\/www.ablakkarter.hu\/wp-content\/uploads\/2013\/10\/szellozes.png\" style=\"width: 192px; height: 173px;\" width=\"447\" height=\"403\" srcset=\"https:\/\/www.ablakkarter.hu\/wp-content\/uploads\/2013\/10\/szellozes.png 447w, https:\/\/www.ablakkarter.hu\/wp-content\/uploads\/2013\/10\/szellozes-300x270.png 300w\" sizes=\"auto, (max-width: 447px) 100vw, 447px\" \/><\/p>\n<p>&nbsp;<\/p>\n<p>&nbsp;<\/p>\n","protected":false},"author":1,"featured_media":1120,"parent":0,"menu_order":0,"comment_status":"closed","ping_status":"closed","template":"","meta":{"footnotes":""},"class_list":["post-633","page","type-page","status-publish","has-post-thumbnail","hentry"],"_links":{"self":[{"href":"https:\/\/www.ablakkarter.hu\/index.php?rest_route=\/wp\/v2\/pages\/633","targetHints":{"allow":["GET"]}}],"collection":[{"href":"https:\/\/www.ablakkarter.hu\/index.php?rest_route=\/wp\/v2\/pages"}],"about":[{"href":"https:\/\/www.ablakkarter.hu\/index.php?rest_route=\/wp\/v2\/types\/page"}],"author":[{"embeddable":true,"href":"https:\/\/www.ablakkarter.hu\/index.php?rest_route=\/wp\/v2\/users\/1"}],"replies":[{"embeddable":true,"href":"https:\/\/www.ablakkarter.hu\/index.php?rest_route=%2Fwp%2Fv2%2Fcomments&post=633"}],"version-history":[{"count":2,"href":"https:\/\/www.ablakkarter.hu\/index.php?rest_route=\/wp\/v2\/pages\/633\/revisions"}],"predecessor-version":[{"id":1198,"href":"https:\/\/www.ablakkarter.hu\/index.php?rest_route=\/wp\/v2\/pages\/633\/revisions\/1198"}],"wp:featuredmedia":[{"embeddable":true,"href":"https:\/\/www.ablakkarter.hu\/index.php?rest_route=\/wp\/v2\/media\/1120"}],"wp:attachment":[{"href":"https:\/\/www.ablakkarter.hu\/index.php?rest_route=%2Fwp%2Fv2%2Fmedia&parent=633"}],"curies":[{"name":"wp","href":"https:\/\/api.w.org\/{rel}","templated":true}]}}