{"id":628,"date":"2013-10-15T08:42:07","date_gmt":"2013-10-15T08:42:07","guid":{"rendered":"https:\/\/www.ablakkarter.hu\/ablakparkany-vasarlas\/"},"modified":"2024-03-07T17:23:42","modified_gmt":"2024-03-07T17:23:42","slug":"ablakparkany-vasarlas","status":"publish","type":"page","link":"https:\/\/www.ablakkarter.hu\/?page_id=628","title":{"rendered":"Ablakp\u00e1rk\u00e1ny v\u00e1s\u00e1rl\u00e1s"},"content":{"rendered":"<p align=\"center\"><strong>Tan\u00e1csok ablakp\u00e1rk\u00e1ny v\u00e1s\u00e1rl\u00e1s el\u0151tt<\/strong><\/p>\n<p align=\"center\"><strong>Ablakp\u00e1rk\u00e1ny v\u00e1s\u00e1rl\u00e1s el\u0151tt k\u00e9rj\u00fck, olvassa el tan\u00e1csainkat, amelyekkel megk\u00f6nny\u00edthetj\u00fck a v\u00e1laszt\u00e1st!<\/strong><\/p>\n<ul>\n<li><strong>Ablakp\u00e1rk\u00e1nyt hossz\u00fa t\u00e1vra v\u00e1s\u00e1rolunk, ez\u00e9rt figyelj\u00fcnk a min\u0151s\u00e9gre \u00e9s az eszt\u00e9tikai t\u00e9nyez\u0151kre. <\/strong><\/li>\n<li><strong>V\u00e1lasszuk ki, hogy milyen alapanyagb\u00f3l k\u00e9sz\u00fclt ablakp\u00e1rk\u00e1nyt szeretn\u00e9nk v\u00e1s\u00e1rolni.<\/strong><\/li>\n<li><strong>Sz\u00e1moljuk meg hogy, h\u00e1ny darab ablakp\u00e1rk\u00e1nyra lesz sz\u00fcks\u00e9g\u00fcnk. <\/strong><\/li>\n<li><strong>Gondoljuk \u00e1t, hogy ezekb\u0151l mennyi lesz a belt\u00e9ri ablakk\u00f6ny\u00f6kl\u0151 \u00e9s mennyi a k\u00fclt\u00e9ri ablakp\u00e1rk\u00e1ny. <\/strong><\/li>\n<li><strong>A pontos \u00e1raj\u00e1nlathoz sz\u00fcks\u00e9g van az ablakp\u00e1rk\u00e1nyok pontos m\u00e9reteire. Ezek a m\u00e9retek az ablakp\u00e1rk\u00e1ny hossz\u00fas\u00e1ga, az ablakp\u00e1rk\u00e1ny sz\u00e9less\u00e9ge \u00e9s nem utols\u00f3 sorban f\u0151leg a term\u00e9szetes k\u0151 p\u00e1rk\u00e1nyok eset\u00e9ben az ablakp\u00e1rk\u00e1nyok anyagvastags\u00e1ga. <\/strong><\/li>\n<li><strong>Az ablakp\u00e1rk\u00e1ny m\u00e9ret felv\u00e9tel\u00e9n\u00e9l ne feledkezz\u00fcnk meg a p\u00e1rk\u00e1nyok t\u00falny\u00fal\u00e1s\u00e1r\u00f3l, amely belt\u00e9ri ablakk\u00f6ny\u00f6kl\u0151 eset\u00e9ben minimum 2cm, k\u00fclt\u00e9ri ablakp\u00e1rk\u00e1ny alkalmaz\u00e1sakor pedig minimum 4-5cm legyen.<\/strong><\/li>\n<li><strong>Az ablakp\u00e1rk\u00e1ny sz\u00e9less\u00e9gi m\u00e9ret\u00e9hez felt\u00e9tlen\u00fcl adjuk hozz\u00e1 a p\u00e1rk\u00e1ny t\u00falny\u00fal\u00e1s\u00e1nak m\u00e9ret\u00e9t!<\/strong><\/li>\n<li><strong>Id\u0151ben gondoljunk a h\u0151szigetel\u00e9sre! Amennyiben az \u00e9p\u00fcletet h\u0151szigetelni is szeretn\u00e9nk, az ablakp\u00e1rk\u00e1ny sz\u00e9less\u00e9gi m\u00e9ret\u00e9hez felt\u00e9tlen\u00fcl adjuk hozz\u00e1 a h\u0151szigetel\u0151 anyag vastags\u00e1g\u00e1t is.<\/strong><\/li>\n<li><strong>Az ablakp\u00e1rk\u00e1ny felm\u00e9r\u00e9s nagy pontoss\u00e1got ig\u00e9nyel. Amennyiben egy picit is bizonytalanok vagyunk, a felm\u00e9r\u00e9st b\u00edzzuk szakemberre!<\/strong><\/li>\n<li><strong>Nem sz\u00fcks\u00e9ges azonos t\u00edpus\u00fa p\u00e1rk\u00e1nyt tenni bel\u00fclre \u00e9s k\u00edv\u00fclre, mert az id\u0151j\u00e1r\u00e1si k\u00f6r\u00fclm\u00e9nyek miatt a k\u00fcls\u0151 p\u00e1rk\u00e1ny m\u00e1s feladatot l\u00e1t el, mint a bels\u0151 k\u00f6ny\u00f6kl\u0151.<\/strong><\/li>\n<li><strong>Az ablakp\u00e1rk\u00e1nyok sz\u00ednv\u00e1laszt\u00e9ka \u00f3ri\u00e1si! A belt\u00e9ri k\u00f6ny\u00f6kl\u0151 sz\u00edne ak\u00e1r szob\u00e1nk\u00e9nt is v\u00e1ltozhat, mivel minden helyis\u00e9gnek m\u00e1s a sz\u00ednvil\u00e1ga.<\/strong><\/li>\n<li><strong>Nedves, vizes helys\u00e9gekben (f\u00fcrd\u0151szoba, mos\u00f3konyha), kiz\u00e1r\u00f3lag v\u00edz\u00e1ll\u00f3 ablakp\u00e1rk\u00e1nyokat c\u00e9lszer\u0171 v\u00e1lasztani. Ilyen a m\u0171anyag ablakp\u00e1rk\u00e1ny, \u00e9s az \u00f6nt\u00f6tt m\u00e1rv\u00e1ny ablakk\u00f6ny\u00f6kl\u0151, amely teljes m\u00e9rt\u00e9kben v\u00edz\u00e1ll\u00f3.<\/strong><\/li>\n<\/ul>\n<p align=\"center\"><strong>Ablakp\u00e1rk\u00e1nyt szeretne v\u00e1s\u00e1rolni?\u00a0 <\/strong><\/p>\n<p align=\"center\"><strong>Min\u0151s\u00e9gi term\u00e9keinket megtekintheti bemutat\u00f3termeinkben, \u00e9s honlapunkon egyar\u00e1nt!<\/strong><\/p>\n<p align=\"center\"><strong>Karter Ablak Kft.<\/strong><\/p>\n<p align=\"center\"><strong>\u00dcgyf\u00e9lszolg\u00e1latunk telefonsz\u00e1ma<\/strong><\/p>\n<p align=\"center\"><strong>\u00a0+36 79\/320-165 <\/strong><\/p>\n<p align=\"center\">+36 70\/616-50-93<\/p>\n<p align=\"center\">+36 70\/616-5096<\/p>\n<p align=\"center\"><a href=\"http:\/\/www.azablakparkany.hu\/\"><strong>www.ablakkarter.hu<\/strong><\/a><\/p>\n<p align=\"center\"><strong>V\u00e1rjuk jelentkez\u00e9s\u00e9t!<\/strong><\/p>\n<p align=\"center\">\n","protected":false},"excerpt":{"rendered":"<p align=\"center\"><strong>Tan\u00e1csok ablakp\u00e1rk\u00e1ny v\u00e1s\u00e1rl\u00e1s el\u0151tt<\/strong><\/p>\n<p align=\"center\"><strong>Ablakp\u00e1rk\u00e1ny v\u00e1s\u00e1rl\u00e1s el\u0151tt k\u00e9rj\u00fck, olvassa el tan\u00e1csainkat, amelyekkel tal\u00e1n megk\u00f6nny\u00edthetj\u00fck a v\u00e1laszt\u00e1st!<\/strong><\/p>\n<p>&nbsp;<\/p>\n<ul>\n<li><strong>Ablakp\u00e1rk\u00e1nyt hossz\u00fa t\u00e1vra v\u00e1s\u00e1rolunk, ez\u00e9rt figyelj\u00fcnk a min\u0151s\u00e9gre \u00e9s az eszt\u00e9tikai t\u00e9nyez\u0151kre is. <\/strong><\/li>\n<li><strong>V\u00e1lasszuk ki, hogy milyen alapanyagb\u00f3l k\u00e9sz\u00fclt ablakp\u00e1rk\u00e1nyt szeretn\u00e9nk v\u00e1s\u00e1rolni.<\/strong><\/li>\n<li><strong>Sz\u00e1moljuk meg hogy, h\u00e1ny darab ablakp\u00e1rk\u00e1nyra lesz sz\u00fcks\u00e9g\u00fcnk. <\/strong><\/li>\n<li><strong>Gondoljuk \u00e1t, hogy ezekb\u0151l mennyi lesz a belt\u00e9ri ablakk\u00f6ny\u00f6kl\u0151 \u00e9s mennyi a k\u00fclt\u00e9ri ablakp\u00e1rk\u00e1ny. <\/strong><\/li>\n<li><strong>A pontos \u00e1raj\u00e1nlathoz sz\u00fcks\u00e9g van az ablakp\u00e1rk\u00e1nyok pontos m\u00e9reteire. Ezek a m\u00e9retek az ablakp\u00e1rk\u00e1ny hossz\u00fas\u00e1ga, az ablakp\u00e1rk\u00e1ny sz\u00e9less\u00e9ge \u00e9s nem utols\u00f3 sorban f\u0151leg a term\u00e9szetes k\u0151 p\u00e1rk\u00e1nyok eset\u00e9ben az ablakp\u00e1rk\u00e1nyok anyagvastags\u00e1ga. <\/strong><\/li>\n<li><strong>Az ablakp\u00e1rk\u00e1ny m\u00e9ret felv\u00e9tel\u00e9n\u00e9l ne feledkezz\u00fcnk meg a p\u00e1rk\u00e1nyok t\u00falny\u00fal\u00e1s\u00e1r\u00f3l, amely belt\u00e9ri ablakk\u00f6ny\u00f6kl\u0151 eset\u00e9ben minimum 2cm, k\u00fclt\u00e9ri ablakp\u00e1rk\u00e1ny alkalmaz\u00e1sakor pedig minimum 4-5cm legyen.<\/strong><\/li>\n<li><strong>Az ablakp\u00e1rk\u00e1ny sz\u00e9less\u00e9gi m\u00e9ret\u00e9hez felt\u00e9tlen\u00fcl adjuk hozz\u00e1 a p\u00e1rk\u00e1ny t\u00falny\u00fal\u00e1s\u00e1nak m\u00e9ret\u00e9t!<\/strong><\/li>\n<li><strong>Id\u0151ben gondoljunk a h\u0151szigetel\u00e9sre! Amennyiben az \u00e9p\u00fcletet h\u0151szigetelni is szeretn\u00e9nk, az ablakp\u00e1rk\u00e1ny sz\u00e9less\u00e9gi m\u00e9ret\u00e9hez felt\u00e9tlen\u00fcl adjuk hozz\u00e1 a h\u0151szigetel\u0151 anyag vastags\u00e1g\u00e1t is.<\/strong><\/li>\n<li><strong>Az ablakp\u00e1rk\u00e1ny felm\u00e9r\u00e9s nagy pontoss\u00e1got ig\u00e9nyel. Amennyiben egy picit is bizonytalanok vagyunk, a felm\u00e9r\u00e9st b\u00edzzuk szakemberre!<\/strong><\/li>\n<li><strong>Nem sz\u00fcks\u00e9ges azonos t\u00edpus\u00fa p\u00e1rk\u00e1nyt tenni bel\u00fclre \u00e9s k\u00edv\u00fclre, mert az id\u0151j\u00e1r\u00e1si k\u00f6r\u00fclm\u00e9nyek miatt a k\u00fcls\u0151 p\u00e1rk\u00e1ny m\u00e1s feladatot l\u00e1t el, mint a bels\u0151 k\u00f6ny\u00f6kl\u0151.<\/strong><\/li>\n<li><strong>Az ablakp\u00e1rk\u00e1nyok sz\u00ednv\u00e1laszt\u00e9ka \u00f3ri\u00e1si! A belt\u00e9ri k\u00f6ny\u00f6kl\u0151 sz\u00edne ak\u00e1r szob\u00e1nk\u00e9nt is v\u00e1ltozhat, mivel minden helyis\u00e9gnek m\u00e1s a sz\u00ednvil\u00e1ga.<\/strong><\/li>\n<li><strong>Nedves, vizes helys\u00e9gekben (f\u00fcrd\u0151szoba, mos\u00f3konyha), kiz\u00e1r\u00f3lag v\u00edz\u00e1ll\u00f3 ablakp\u00e1rk\u00e1nyokat c\u00e9lszer\u0171 v\u00e1lasztani. Ilyen a m\u0171anyag ablakp\u00e1rk\u00e1ny, \u00e9s az \u00f6nt\u00f6tt m\u00e1rv\u00e1ny ablakk\u00f6ny\u00f6kl\u0151, amely teljes m\u00e9rt\u00e9kban v\u00edz\u00e1ll\u00f3.<\/strong><\/li>\n<\/ul>\n<p>&nbsp;<\/p>\n<p align=\"center\"><strong>Ablakp\u00e1rk\u00e1nyt szeretne v\u00e1s\u00e1rolni?&nbsp; <\/strong><\/p>\n<p align=\"center\">&nbsp;<\/p>\n<p align=\"center\"><strong>Min\u0151s\u00e9gi term\u00e9keinket megtekintheti bemutat\u00f3termeinkben, \u00e9s honlapunkon egyar\u00e1nt!<\/strong><\/p>\n<p align=\"center\">&nbsp;<\/p>\n<p align=\"center\"><strong>\u00dcgyf\u00e9lszolg\u00e1latunk telefonsz\u00e1ma<\/strong><\/p>\n<p align=\"center\"><strong>&nbsp;+36-79\/320-165 <\/strong><\/p>\n<p align=\"center\"><a href=\"http:\/\/www.azablakparkany.hu\/\"><strong>www.azablakparkany.hu<\/strong><\/a><\/p>\n<p align=\"center\"><strong>V\u00e1rjuk jelentkez\u00e9s\u00e9t!<\/strong><\/p>\n","protected":false},"author":1,"featured_media":0,"parent":0,"menu_order":0,"comment_status":"closed","ping_status":"closed","template":"","meta":{"footnotes":""},"class_list":["post-628","page","type-page","status-publish","hentry"],"_links":{"self":[{"href":"https:\/\/www.ablakkarter.hu\/index.php?rest_route=\/wp\/v2\/pages\/628","targetHints":{"allow":["GET"]}}],"collection":[{"href":"https:\/\/www.ablakkarter.hu\/index.php?rest_route=\/wp\/v2\/pages"}],"about":[{"href":"https:\/\/www.ablakkarter.hu\/index.php?rest_route=\/wp\/v2\/types\/page"}],"author":[{"embeddable":true,"href":"https:\/\/www.ablakkarter.hu\/index.php?rest_route=\/wp\/v2\/users\/1"}],"replies":[{"embeddable":true,"href":"https:\/\/www.ablakkarter.hu\/index.php?rest_route=%2Fwp%2Fv2%2Fcomments&post=628"}],"version-history":[{"count":2,"href":"https:\/\/www.ablakkarter.hu\/index.php?rest_route=\/wp\/v2\/pages\/628\/revisions"}],"predecessor-version":[{"id":1672,"href":"https:\/\/www.ablakkarter.hu\/index.php?rest_route=\/wp\/v2\/pages\/628\/revisions\/1672"}],"wp:attachment":[{"href":"https:\/\/www.ablakkarter.hu\/index.php?rest_route=%2Fwp%2Fv2%2Fmedia&parent=628"}],"curies":[{"name":"wp","href":"https:\/\/api.w.org\/{rel}","templated":true}]}}