{"id":627,"date":"2013-10-15T08:31:16","date_gmt":"2013-10-15T08:31:16","guid":{"rendered":"https:\/\/www.ablakkarter.hu\/ablakcsere-gyakorlatban\/"},"modified":"2026-03-09T10:04:47","modified_gmt":"2026-03-09T10:04:47","slug":"ablakcsere-gyakorlatban","status":"publish","type":"page","link":"https:\/\/www.ablakkarter.hu\/?page_id=627","title":{"rendered":"Ablakcsere a gyakorlatban"},"content":{"rendered":"<p align=\"center\"><strong>Ablakcsere, avagy a bont\u00e1s \u00e9s a be\u00e9p\u00edt\u00e9s<\/strong><\/p>\n<p align=\"center\"><strong>Ablakcsere eset\u00e9n a r\u00e9gi ablak kibont\u00e1sa \u00e9s az \u00faj ablak be\u00e9p\u00edt\u00e9se el\u0151tt n\u00e9h\u00e1ny dologra \u00e9rdemes odafigyelni. Ezzel rengeteg bossz\u00fas\u00e1gt\u00f3l \u00f3vjuk meg saj\u00e1t magunkat \u00e9s a p\u00e9nzt\u00e1rc\u00e1nkat!<\/strong><\/p>\n<p align=\"center\">\n<p align=\"center\"><img loading=\"lazy\" decoding=\"async\" class=\" size-full wp-image-623\" style=\"width: 215px; height: 203px;\" src=\"https:\/\/www.ablakkarter.hu\/wp-content\/uploads\/2013\/10\/ablakcsere3.jpg\" alt=\"\" width=\"290\" height=\"312\" srcset=\"https:\/\/www.ablakkarter.hu\/wp-content\/uploads\/2013\/10\/ablakcsere3.jpg 290w, https:\/\/www.ablakkarter.hu\/wp-content\/uploads\/2013\/10\/ablakcsere3-279x300.jpg 279w\" sizes=\"auto, (max-width: 290px) 100vw, 290px\" \/><\/p>\n<p align=\"center\">\n<p align=\"center\"><strong>Hogyan t\u00f6rt\u00e9nik az ablakcsere?<\/strong><\/p>\n<p align=\"center\"><strong>A r\u00e9gi ablakok kibont\u00e1sa<\/strong><\/p>\n<p align=\"center\"><strong>Ablakcsere eset\u00e9n a bont\u00e1s mindig porral \u00e9s zajjal j\u00e1r. A r\u00e9gi ablakok kibont\u00e1sakor por keletkezik ez\u00e9rt az ablakcsere megkezd\u00e9se el\u0151tt c\u00e9lszer\u0171 a b\u00fatorokat takar\u00f3f\u00f3li\u00e1val letakarni. Az ablakcsere ut\u00e1n a takar\u00f3f\u00f3li\u00e1t elt\u00e1vol\u00edtva a takar\u00edt\u00e1s sokkal egyszer\u0171bb \u00e9s gyorsabb lesz, mintha kisp\u00f3roltuk volna a v\u00e9d\u0151f\u00f3li\u00e1t.<\/strong><br \/>\nAz ablakbe\u00e9p\u00edt\u0151knek az ablakbe\u00e9p\u00edt\u00e9shez helyre van sz\u00fcks\u00e9g\u00fck. Az ablakok el\u0151tt legal\u00e1bb m\u00e1sf\u00e9l m\u00e9teres s\u00e1von t\u00e1vol\u00edtsuk el a b\u00fatorokat, elektromos eszk\u00f6z\u00f6ket, \u00e9s tekerj\u00fck fel a sz\u0151nyeget. Alak\u00edtsunk ki egy k\u00f6zleked\u0151 utat, amin a szersz\u00e1mokat \u00e9s a ny\u00edl\u00e1sz\u00e1r\u00f3kat \u00fagy tudj\u00e1k az ablakcsere hely\u00e9re sz\u00e1ll\u00edtani, hogy semmilyen k\u00e1rt ne okozzanak az \u00e9p\u00fcletben.<\/p>\n<p>A padl\u00f3burkolatot vastag hull\u00e1mpap\u00edrral, vagy filcsz\u0151nyeggel \u00e9rdemes megv\u00e9deni a s\u00e9r\u00fcl\u00e9st\u0151l, f\u0151leg parketta burkolat eset\u00e9n.<\/p>\n<p align=\"center\">&nbsp;<img loading=\"lazy\" decoding=\"async\" class=\" size-full wp-image-624\" style=\"width: 467px; height: 269px;\" src=\"https:\/\/www.ablakkarter.hu\/wp-content\/uploads\/2013\/10\/ablakcsere4.jpg\" alt=\"\" width=\"467\" height=\"269\" srcset=\"https:\/\/www.ablakkarter.hu\/wp-content\/uploads\/2013\/10\/ablakcsere4.jpg 467w, https:\/\/www.ablakkarter.hu\/wp-content\/uploads\/2013\/10\/ablakcsere4-300x173.jpg 300w\" sizes=\"auto, (max-width: 467px) 100vw, 467px\" \/><\/p>\n<p align=\"center\"><strong>Az r\u00e9gi ablakok kibont\u00e1sa a gyakorlatban<\/strong><\/p>\n<p><strong>A bont\u00e1st a gyakorlott ablakbe\u00e9p\u00edt\u0151 szakemberek r\u00f6vid id\u0151 alatt elv\u00e9gzik, \u00e9s ha kell\u0151k\u00e9ppen el\u0151k\u00e9sz\u00edtett\u00fck a terepet, akkor minden \u00fagy t\u00f6rt\u00e9nik, ahogy eltervezt\u00fck.<\/strong><\/p>\n<p>Az els\u0151 l\u00e9p\u00e9sben m\u00e9g az ablakok kibont\u00e1sa el\u0151tt utolj\u00e1ra m\u00e9g egyszer ellen\u0151rzik a m\u00e9reteket, az ablak sz\u00e9less\u00e9g\u00e9t valamint az ablak magass\u00e1g\u00e1t, \u00e9s ha minden rendben van, megkezd\u0151dik a r\u00e9gi ablakok kibont\u00e1sa. Az ablaksz\u00e1rnyakat leemelik \u00e9s elt\u00e1vol\u00edtj\u00e1k az ablakok sz\u00e9l\u00e9r\u0151l a takar\u00f3l\u00e9ceket. Ezut\u00e1n k\u00f6vetkezik a r\u00e9gi red\u0151ny\u00f6k, rol\u00f3k \u00e9s a sz\u00fanyogh\u00e1l\u00f3k elt\u00e1vol\u00edt\u00e1sa.<\/p>\n<p>Ekkor m\u00e1r csak a csupasz ablaktokot l\u00e1tjuk. Az ablaktokot t\u00f6bb helyen \u00e1tf\u0171r\u00e9szelj\u00fck, bev\u00e1gjuk, majd k\u00f6z\u00e9pir\u00e1nyba beroppantjuk. Tulajdonk\u00e9ppen ez az ablakbont\u00e1s legpiszkosabb r\u00e9sze, mivel a r\u00e9gi ablaktokok sokszor sz\u00e9tporlanak \u00e9s az ablaktok belsej\u00e9b\u0151l az \u00e9vek sor\u00e1n \u00f6sszegy\u0171lt rengeteg por \u00e9s kosz hullik ki.<\/p>\n<p>El\u0151fordult m\u00e1r, hogy \u00f3ri\u00e1si dar\u00e1zsf\u00e9szkekre bukkantunk a bont\u00e1s sor\u00e1n. Volt ahol eg\u00e9sz eg\u00e9rtanya rejt\u0151z\u00f6tt az ablaktok m\u00f6g\u00f6tt, \u00e9s volt olyan is ahol a r\u00e9gi ablak be\u00e9p\u00edt\u00e9sekor a r\u00e9seket homokkal t\u00f6lt\u00f6tt\u00e9k ki, \u00e9s a kibont\u00e1sn\u00e1l t\u00f6bb v\u00f6d\u00f6r homok hullott a lak\u00e1sba.<\/p>\n<p>A kibontott ablakokat az ablakbe\u00e9p\u00edt\u0151k a munka elv\u00e9gz\u00e9se ut\u00e1n elsz\u00e1ll\u00edtj\u00e1k.<\/p>\n<p align=\"center\"><strong>Az ablakbe\u00e9p\u00edt\u00e9s<\/strong><\/p>\n<p align=\"center\"><strong>Az ablakbe\u00e9p\u00edt\u00e9st b\u00edzza szakemberre!<\/strong><\/p>\n<p><strong>A be\u00e9p\u00edt\u00e9s folyamata igen nagy szak\u00e9rtelmet k\u00f6vetel. A mai korszer\u0171 ny\u00edl\u00e1sz\u00e1r\u00f3k olyanok, mint egy prec\u00edz m\u0171szer. Szakszer\u0171 \u00e9s pontos be\u00e9p\u00edt\u00e9s eset\u00e9n hossz\u00fa-hossz\u00fa \u00e9vekig gond n\u00e9lk\u00fcl haszn\u00e1lhatjuk \u0151ket!<\/strong><\/p>\n<p>A be\u00e9p\u00edt\u00e9s elkezd\u00e9se el\u0151tt az ablakbe\u00e9p\u00edt\u0151k leszerelik az ablaksz\u00e1rnyakat az ablaktokr\u00f3l. Az \u00fcres ablaktokot beemelik a ny\u00edl\u00e1sba \u00e9s szakszer\u0171en be\u00e1ll\u00edtj\u00e1k. Az ablakbe\u00e1ll\u00edt\u00e1sn\u00e1l figyelembe veszik a f\u00fcgg\u0151leges \u00e9s v\u00edzszintes be\u00e1ll\u00edt\u00e1si pontokat, \u00e9s az ablakk\u00e1v\u00e1ban az el\u0151re egyeztetett be\u00e9p\u00edt\u00e9si m\u00e9lys\u00e9gn\u00e9l speci\u00e1lis ablak tokr\u00f6gz\u00edt\u0151 csavarral a falba stabilan r\u00f6gz\u00edtik a ny\u00edl\u00e1sz\u00e1r\u00f3kat.<\/p>\n<p align=\"center\"><img loading=\"lazy\" decoding=\"async\" class=\" size-full wp-image-625\" style=\"width: 205px; height: 205px;\" src=\"https:\/\/www.ablakkarter.hu\/wp-content\/uploads\/2013\/10\/ablakcsere5.jpg\" alt=\"\" width=\"400\" height=\"400\" srcset=\"https:\/\/www.ablakkarter.hu\/wp-content\/uploads\/2013\/10\/ablakcsere5.jpg 400w, https:\/\/www.ablakkarter.hu\/wp-content\/uploads\/2013\/10\/ablakcsere5-300x300.jpg 300w, https:\/\/www.ablakkarter.hu\/wp-content\/uploads\/2013\/10\/ablakcsere5-100x100.jpg 100w, https:\/\/www.ablakkarter.hu\/wp-content\/uploads\/2013\/10\/ablakcsere5-150x150.jpg 150w\" sizes=\"auto, (max-width: 400px) 100vw, 400px\" \/><\/p>\n<p>Az ablakbe\u00e9p\u00edt\u00e9s megkezd\u00e9se el\u0151tt c\u00e9lszer\u0171 leegyeztetni az ablakbe\u00e9p\u00edt\u0151vel, hogy a falk\u00e1v\u00e1ba pontosan hova \u00e9p\u00edtse be a ny\u00edl\u00e1sz\u00e1r\u00f3kat.<\/p>\n<p>Az ablakbe\u00e9p\u00edt\u00e9s t\u00f6rt\u00e9nhet:<\/p>\n<ul>\n<li>A k\u00fcls\u0151 homlokzatra<\/li>\n<li>A k\u00fcls\u0151 homlokzathoz k\u00f6zel<\/li>\n<li>A fal k\u00f6zep\u00e9re<\/li>\n<li>A fal k\u00f6zep\u00e9t\u0151l beljebb<\/li>\n<li>Bels\u0151 fals\u00edkra<\/li>\n<\/ul>\n<p><strong>Mi\u00e9rt fontos ez? <\/strong><\/p>\n<p>Mert <strong>az ablakok elhelyez\u00e9se nagyban befoly\u00e1solja a h\u0151hidak kialakul\u00e1s\u00e1t<\/strong>. Ha rossz az \u00faj ablak falszerkezethez viszony\u00edtott be\u00e9p\u00edt\u00e9si poz\u00edci\u00f3ja, akkor p\u00e1ra keletkezhet, \u00e9s rosszabb esetben megkezd\u0151dik a pen\u00e9szed\u00e9s.<\/p>\n<p align=\"center\">. &nbsp;&nbsp;&nbsp;<strong>H\u0151technol\u00f3giai szempontb\u00f3l a legjobb megold\u00e1s, ha az ablakot a falk\u00e1va k\u00f6zep\u00e9re \u00e9p\u00edtj\u00fck be!<\/strong><\/p>\n<p>R\u00f6gz\u00edt\u00e9s ut\u00e1n megnedves\u00edtik a falfel\u00fcletet \u00e9s k\u00f6rbef\u00fajj\u00e1k az ablakot purhabbal. A purhab a nedvess\u00e9g hat\u00e1s\u00e1ra gyorsabban \u00e9s t\u00f6k\u00e9letesebben krist\u00e1lyosodik ki! A megk\u00f6t\u00f6tt purhab t\u00f6k\u00e9letesen r\u00f6gz\u00edti a tokot, valamint megg\u00e1tolja, hogy a t\u00f6k\u00e9letesen szigetel\u0151 \u00faj ablak \u00e9s a fal k\u00f6z\u00f6tt besziv\u00e1rogjon a leveg\u0151.<br \/>\nA purhab megk\u00f6t\u00e9se, \u00e9s krist\u00e1lyosod\u00e1sa ut\u00e1n az ablakbe\u00e9p\u00edt\u0151k visszaemelik az ablaksz\u00e1rnyakat az ablaktokra, \u00e9s felszerelik a kilincset, \u00e9s a vasalat takar\u00f3kat.<\/p>\n<p align=\"center\"><img loading=\"lazy\" decoding=\"async\" class=\" size-full wp-image-626\" style=\"width: 602px; height: 336px;\" src=\"https:\/\/www.ablakkarter.hu\/wp-content\/uploads\/2013\/10\/ablakcsere7.jpg\" alt=\"\" width=\"602\" height=\"336\" srcset=\"https:\/\/www.ablakkarter.hu\/wp-content\/uploads\/2013\/10\/ablakcsere7.jpg 602w, https:\/\/www.ablakkarter.hu\/wp-content\/uploads\/2013\/10\/ablakcsere7-600x335.jpg 600w, https:\/\/www.ablakkarter.hu\/wp-content\/uploads\/2013\/10\/ablakcsere7-300x167.jpg 300w\" sizes=\"auto, (max-width: 602px) 100vw, 602px\" \/><\/p>\n<p>Mindezek ut\u00e1n leellen\u0151rzik az ablak m\u0171k\u00f6d\u00e9s\u00e9t \u00e9s amennyiben sz\u00fcks\u00e9ges elv\u00e9gzik a finombe\u00e1ll\u00edt\u00e1st is.<\/p>\n<p>Az ablak be\u00e9p\u00edt\u00e9se ut\u00e1n a helyre\u00e1ll\u00edt\u00e1si munk\u00e1k k\u00f6vetkeznek.<\/p>\n<p>Panellak\u00e1sok eset\u00e9n egyszer\u0171 m\u0171anyag takar\u00f3l\u00e9cez\u00e9ssel elt\u00fcntethetj\u00fck a szerel\u00e9si h\u00e9zagokat. T\u00e9gla\u00e9p\u00fcletekn\u00e9l a falazatot vakol\u00e1ssal, gipszkartonoz\u00e1ssal vagy EPS polisztirol burkol\u00e1ssal jav\u00edthatjuk ki. Az expand\u00e1lt polisztirol alkalmaz\u00e1sa tov\u00e1bb jav\u00edtja a bels\u0151 ablakk\u00e1va szigetel\u00e9s\u00e9t.<\/p>\n<p>V\u00e9gezet\u00fcl csak egy megjegyz\u00e9s.<\/p>\n<p>Sokan gondolj\u00e1k \u00fagy, hogy majd \u0151k otthon saj\u00e1t m\u00f3dszerekkel be\u00e9p\u00edtik az \u00faj ablakokat vagy bej\u00e1rati ajt\u00f3kat, \u00e9s \u00edgy olcs\u00f3bban \u00e9s gyorsabban v\u00e9geznek az ablakcser\u00e9vel. A sok \u00e9ves gyakorlat azonban azt mutatja, hogy a saj\u00e1t be\u00e9p\u00edt\u00e9s nem mindig m\u0171k\u00f6dik t\u00f6k\u00e9letesen. Akkor, ha valaki nem tudja leakasztani az ablaksz\u00e1rnyat vagy az ajt\u00f3sz\u00e1rnyat a tokr\u00f3l, az ne is kezdjen bele az ablakbe\u00e9p\u00edt\u00e9sbe, mert egy apr\u00f3nak t\u0171n\u0151 be\u00e9p\u00edt\u00e9si hib\u00e1val t\u00f6bb k\u00e1rt tud csin\u00e1lni, mint gondoln\u00e1nk.<\/p>\n<p>Ha felmer\u00fclt \u00d6nben az ablakcsere gondolata, akkor azt javaslom, hogy <strong>olyan ablakos c\u00e9get keressen fel, aki j\u00f3l k\u00e9pzett szakemberekkel, komplett szolg\u00e1ltat\u00e1st k\u00edn\u00e1l. Ebbe beletartozik az ablak felm\u00e9r\u00e9st\u0151l az ablakbe\u00e9p\u00edt\u00e9sig, a be\u00e9p\u00edt\u00e9si garanciav\u00e1llal\u00e1sig minden.<\/strong><\/p>\n<p>K\u00f6sz\u00f6n\u00f6m, hogy id\u0151t szentelt az ablakcser\u00e9vel foglalkoz\u00f3 dokumentum elolvas\u00e1s\u00e1ra!<\/p>\n<p>Rem\u00e9lem, ezzel a n\u00e9h\u00e1ny gondolattal egy picit hozz\u00e1j\u00e1rulhatok, a t\u00f6k\u00e9letesebb ablakcser\u00e9hez!<\/p>\n<p>Sikeres ablakcser\u00e9t k\u00edv\u00e1nok mindenkinek!<\/p>\n<p>P\u00e1ti Mikl\u00f3s \u2013 Karter Ablak Kft<\/p>\n","protected":false},"excerpt":{"rendered":"<p align=\"center\"><strong>Ablakcsere, avagy a bont\u00e1s \u00e9s a be\u00e9p\u00edt\u00e9s<\/strong><\/p>\n<p align=\"center\"><strong>Ablakcsere eset\u00e9n a r\u00e9gi ablak kibont\u00e1sa \u00e9s az \u00faj ablak be\u00e9p\u00edt\u00e9se el\u0151tt n\u00e9h\u00e1ny dologra \u00e9rdemes odafigyelni. Ezzel rengeteg bossz\u00fas\u00e1gt\u00f3l \u00f3vjuk meg saj\u00e1t magunkat \u00e9s a p\u00e9nzt\u00e1rc\u00e1nkat!<\/strong><\/p>\n<p align=\"center\">&nbsp;<\/p>\n<p align=\"center\"><img loading=\"lazy\" decoding=\"async\" class=\" size-full wp-image-623\" alt=\"\" src=\"https:\/\/www.ablakkarter.hu\/wp-content\/uploads\/2013\/10\/ablakcsere3.jpg\" style=\"width: 215px; height: 203px;\" width=\"290\" height=\"312\" srcset=\"https:\/\/www.ablakkarter.hu\/wp-content\/uploads\/2013\/10\/ablakcsere3.jpg 290w, https:\/\/www.ablakkarter.hu\/wp-content\/uploads\/2013\/10\/ablakcsere3-279x300.jpg 279w\" sizes=\"auto, (max-width: 290px) 100vw, 290px\" \/><\/p>\n<p align=\"center\">&nbsp;<\/p>\n<p align=\"center\"><strong>Hogyan t\u00f6rt\u00e9nik az ablakcsere?<\/strong><\/p>\n<p align=\"center\"><strong>A r\u00e9gi ablakok kibont\u00e1sa<\/strong><\/p>\n<p align=\"center\"><strong>Ablakcsere eset\u00e9n a bont\u00e1s mindig porral \u00e9s zajjal j\u00e1r. A r\u00e9gi ablakok kibont\u00e1sakor por keletkezik ez\u00e9rt az ablakcsere megkezd\u00e9se el\u0151tt c\u00e9lszer\u0171 a b\u00fatorokat takar\u00f3f\u00f3li\u00e1val letakarni. Az ablakcsere ut\u00e1n a takar\u00f3f\u00f3li\u00e1t elt\u00e1vol\u00edtva a takar\u00edt\u00e1s sokkal egyszer\u0171bb \u00e9s gyorsabb lesz, mintha kisp\u00f3roltuk volna a v\u00e9d\u0151f\u00f3li\u00e1t.<\/strong><br \/>Az ablakbe\u00e9p\u00edt\u0151knek az ablakbe\u00e9p\u00edt\u00e9shez helyre van sz\u00fcks\u00e9g\u00fck. Az ablakok el\u0151tt legal\u00e1bb m\u00e1sf\u00e9l m\u00e9teres s\u00e1von t\u00e1vol\u00edtsuk el a b\u00fatorokat, elektromos eszk\u00f6z\u00f6ket, \u00e9s tekerj\u00fck fel a sz\u0151nyeget. Alak\u00edtsunk ki egy k\u00f6zleked\u0151 utat, amin a szersz\u00e1mokat \u00e9s a ny\u00edl\u00e1sz\u00e1r\u00f3kat \u00fagy tudj\u00e1k az ablakcsere hely\u00e9re sz\u00e1ll\u00edtani, hogy semmilyen k\u00e1rt ne okozzanak az \u00e9p\u00fcletben.<\/p>\n<p>A padl\u00f3burkolatot vastag hull\u00e1mpap\u00edrral, vagy filcsz\u0151nyeggel \u00e9rdemes megv\u00e9deni a s\u00e9r\u00fcl\u00e9st\u0151l, f\u0151leg parketta burkolat eset\u00e9n.<\/p>\n<p align=\"center\">&nbsp;<img loading=\"lazy\" decoding=\"async\" class=\" size-full wp-image-624\" alt=\"\" src=\"https:\/\/www.ablakkarter.hu\/wp-content\/uploads\/2013\/10\/ablakcsere4.jpg\" style=\"width: 467px; height: 269px;\" width=\"467\" height=\"269\" srcset=\"https:\/\/www.ablakkarter.hu\/wp-content\/uploads\/2013\/10\/ablakcsere4.jpg 467w, https:\/\/www.ablakkarter.hu\/wp-content\/uploads\/2013\/10\/ablakcsere4-300x173.jpg 300w\" sizes=\"auto, (max-width: 467px) 100vw, 467px\" \/><\/p>\n<p align=\"center\"><strong>Az r\u00e9gi ablakok kibont\u00e1sa a gyakorlatban<\/strong><\/p>\n<p><strong>A bont\u00e1st a gyakorlott ablakbe\u00e9p\u00edt\u0151 szakemberek r\u00f6vid id\u0151 alatt elv\u00e9gzik, \u00e9s ha kell\u0151k\u00e9ppen el\u0151k\u00e9sz\u00edtett\u00fck a terepet, akkor minden \u00fagy t\u00f6rt\u00e9nik, ahogy eltervezt\u00fck.<\/strong><\/p>\n<p>Az els\u0151 l\u00e9p\u00e9sben m\u00e9g az ablakok kibont\u00e1sa el\u0151tt utolj\u00e1ra m\u00e9g egyszer ellen\u0151rzik a m\u00e9reteket, az ablak sz\u00e9less\u00e9g\u00e9t valamint az ablak magass\u00e1g\u00e1t, \u00e9s ha minden rendben van, megkezd\u0151dik a r\u00e9gi ablakok kibont\u00e1sa. Az ablaksz\u00e1rnyakat leemelik \u00e9s elt\u00e1vol\u00edtj\u00e1k az ablakok sz\u00e9l\u00e9r\u0151l a takar\u00f3l\u00e9ceket. Ezut\u00e1n k\u00f6vetkezik a r\u00e9gi red\u0151ny\u00f6k, rol\u00f3k \u00e9s a sz\u00fanyogh\u00e1l\u00f3k elt\u00e1vol\u00edt\u00e1sa.<\/p>\n<p>Ekkor m\u00e1r csak a csupasz ablaktokot l\u00e1tjuk. Az ablaktokot t\u00f6bb helyen \u00e1tf\u0171r\u00e9szelj\u00fck, bev\u00e1gjuk, majd k\u00f6z\u00e9pir\u00e1nyba beroppantjuk. Tulajdonk\u00e9ppen ez az ablakbont\u00e1s legpiszkosabb r\u00e9sze, mivel a r\u00e9gi ablaktokok sokszor sz\u00e9tporlanak \u00e9s az ablaktok belsej\u00e9b\u0151l az \u00e9vek sor\u00e1n \u00f6sszegy\u0171lt rengeteg por \u00e9s kosz hullik ki.<\/p>\n<p>El\u0151fordult m\u00e1r, hogy \u00f3ri\u00e1si dar\u00e1zsf\u00e9szkekre bukkantunk a bont\u00e1s sor\u00e1n. Volt ahol eg\u00e9sz eg\u00e9rtanya rejt\u0151z\u00f6tt az ablaktok m\u00f6g\u00f6tt, \u00e9s volt olyan is ahol a r\u00e9gi ablak be\u00e9p\u00edt\u00e9sekor a r\u00e9seket homokkal t\u00f6lt\u00f6tt\u00e9k ki, \u00e9s a kibont\u00e1sn\u00e1l t\u00f6bb v\u00f6d\u00f6r homok hullott a lak\u00e1sba.<\/p>\n<p>A kibontott ablakokat az ablakbe\u00e9p\u00edt\u0151k a munka elv\u00e9gz\u00e9se ut\u00e1n elsz\u00e1ll\u00edtj\u00e1k.<\/p>\n<p align=\"center\"><strong>Az ablakbe\u00e9p\u00edt\u00e9s<\/strong><\/p>\n<p align=\"center\"><strong>Az ablakbe\u00e9p\u00edt\u00e9st b\u00edzza szakemberre!<\/strong><\/p>\n<p><strong>A be\u00e9p\u00edt\u00e9s folyamata igen nagy szak\u00e9rtelmet k\u00f6vetel. A mai korszer\u0171 ny\u00edl\u00e1sz\u00e1r\u00f3k olyanok, mint egy prec\u00edz m\u0171szer. Szakszer\u0171 \u00e9s pontos be\u00e9p\u00edt\u00e9s eset\u00e9n hossz\u00fa-hossz\u00fa \u00e9vekig gond n\u00e9lk\u00fcl haszn\u00e1lhatjuk \u0151ket!<\/strong><\/p>\n<p>A be\u00e9p\u00edt\u00e9s elkezd\u00e9se el\u0151tt az ablakbe\u00e9p\u00edt\u0151k leszerelik az ablaksz\u00e1rnyakat az ablaktokr\u00f3l. Az \u00fcres ablaktokot beemelik a ny\u00edl\u00e1sba \u00e9s szakszer\u0171en be\u00e1ll\u00edtj\u00e1k. Az ablakbe\u00e1ll\u00edt\u00e1sn\u00e1l figyelembe veszik a f\u00fcgg\u0151leges \u00e9s v\u00edzszintes be\u00e1ll\u00edt\u00e1si pontokat, \u00e9s az ablakk\u00e1v\u00e1ban az el\u0151re egyeztetett be\u00e9p\u00edt\u00e9si m\u00e9lys\u00e9gn\u00e9l speci\u00e1lis ablak tokr\u00f6gz\u00edt\u0151 csavarral a falba stabilan r\u00f6gz\u00edtik a ny\u00edl\u00e1sz\u00e1r\u00f3kat.&nbsp;&nbsp;<\/p>\n<p align=\"center\"><img loading=\"lazy\" decoding=\"async\" class=\" size-full wp-image-625\" alt=\"\" src=\"https:\/\/www.ablakkarter.hu\/wp-content\/uploads\/2013\/10\/ablakcsere5.jpg\" style=\"width: 205px; height: 205px;\" width=\"400\" height=\"400\" srcset=\"https:\/\/www.ablakkarter.hu\/wp-content\/uploads\/2013\/10\/ablakcsere5.jpg 400w, https:\/\/www.ablakkarter.hu\/wp-content\/uploads\/2013\/10\/ablakcsere5-300x300.jpg 300w, https:\/\/www.ablakkarter.hu\/wp-content\/uploads\/2013\/10\/ablakcsere5-100x100.jpg 100w, https:\/\/www.ablakkarter.hu\/wp-content\/uploads\/2013\/10\/ablakcsere5-150x150.jpg 150w\" sizes=\"auto, (max-width: 400px) 100vw, 400px\" \/><\/p>\n<p>Az ablakbe\u00e9p\u00edt\u00e9s megkezd\u00e9se el\u0151tt c\u00e9lszer\u0171 leegyeztetni az ablakbe\u00e9p\u00edt\u0151vel, hogy a falk\u00e1v\u00e1ba pontosan hova \u00e9p\u00edtse be a ny\u00edl\u00e1sz\u00e1r\u00f3kat.<\/p>\n<p>Az ablakbe\u00e9p\u00edt\u00e9s t\u00f6rt\u00e9nhet:<\/p>\n<ul>\n<li>A k\u00fcls\u0151 homlokzatra<\/li>\n<li>A k\u00fcls\u0151 homlokzathoz k\u00f6zel<\/li>\n<li>A fal k\u00f6zep\u00e9re<\/li>\n<li>A fal k\u00f6zep\u00e9t\u0151l beljebb<\/li>\n<li>Bels\u0151 fals\u00edkra<\/li>\n<\/ul>\n<p><strong>Mi\u00e9rt fontos ez? <\/strong><\/p>\n<p>Mert <strong>az ablakok elhelyez\u00e9se nagyban befoly\u00e1solja a h\u0151hidak kialakul\u00e1s\u00e1t<\/strong>. Ha rossz az \u00faj ablak falszerkezethez viszony\u00edtott be\u00e9p\u00edt\u00e9si poz\u00edci\u00f3ja, akkor p\u00e1ra keletkezhet, \u00e9s rosszabb esetben megkezd\u0151dik a pen\u00e9szed\u00e9s.<\/p>\n<p align=\"center\">. &nbsp;&nbsp;&nbsp;<strong>H\u0151technol\u00f3giai szempontb\u00f3l a legjobb megold\u00e1s, ha az ablakot a falk\u00e1va k\u00f6zep\u00e9re \u00e9p\u00edtj\u00fck be!<\/strong><\/p>\n<p>R\u00f6gz\u00edt\u00e9s ut\u00e1n megnedves\u00edtik a falfel\u00fcletet \u00e9s k\u00f6rbef\u00fajj\u00e1k az ablakot purhabbal. A purhab a nedvess\u00e9g hat\u00e1s\u00e1ra gyorsabban \u00e9s t\u00f6k\u00e9letesebben krist\u00e1lyosodik ki! A megk\u00f6t\u00f6tt purhab t\u00f6k\u00e9letesen r\u00f6gz\u00edti a tokot, valamint megg\u00e1tolja, hogy a t\u00f6k\u00e9letesen szigetel\u0151 \u00faj ablak \u00e9s a fal k\u00f6z\u00f6tt besziv\u00e1rogjon a leveg\u0151.<br \/>A purhab megk\u00f6t\u00e9se, \u00e9s krist\u00e1lyosod\u00e1sa ut\u00e1n az ablakbe\u00e9p\u00edt\u0151k visszaemelik az ablaksz\u00e1rnyakat az ablaktokra, \u00e9s felszerelik a kilincset, \u00e9s a vasalat takar\u00f3kat.<\/p>\n<p align=\"center\"><img loading=\"lazy\" decoding=\"async\" class=\" size-full wp-image-626\" alt=\"\" src=\"https:\/\/www.ablakkarter.hu\/wp-content\/uploads\/2013\/10\/ablakcsere7.jpg\" style=\"width: 602px; height: 336px;\" width=\"602\" height=\"336\" srcset=\"https:\/\/www.ablakkarter.hu\/wp-content\/uploads\/2013\/10\/ablakcsere7.jpg 602w, https:\/\/www.ablakkarter.hu\/wp-content\/uploads\/2013\/10\/ablakcsere7-600x335.jpg 600w, https:\/\/www.ablakkarter.hu\/wp-content\/uploads\/2013\/10\/ablakcsere7-300x167.jpg 300w\" sizes=\"auto, (max-width: 602px) 100vw, 602px\" \/><\/p>\n<p>Mindezek ut\u00e1n leellen\u0151rzik az ablak m\u0171k\u00f6d\u00e9s\u00e9t \u00e9s amennyiben sz\u00fcks\u00e9ges elv\u00e9gzik a finombe\u00e1ll\u00edt\u00e1st is.<\/p>\n<p>&nbsp;<\/p>\n<p>Az ablak be\u00e9p\u00edt\u00e9se ut\u00e1n a helyre\u00e1ll\u00edt\u00e1si munk\u00e1k k\u00f6vetkeznek.<\/p>\n<p>Panellak\u00e1sok eset\u00e9n egyszer\u0171 m\u0171anyag takar\u00f3l\u00e9cez\u00e9ssel elt\u00fcntethetj\u00fck a szerel\u00e9si h\u00e9zagokat. T\u00e9gla\u00e9p\u00fcletekn\u00e9l a falazatot vakol\u00e1ssal, gipszkartonoz\u00e1ssal vagy EPS polisztirol burkol\u00e1ssal jav\u00edthatjuk ki. Az expand\u00e1lt polisztirol alkalmaz\u00e1sa tov\u00e1bb jav\u00edtja a bels\u0151 ablakk\u00e1va szigetel\u00e9s\u00e9t.<\/p>\n<p>V\u00e9gezet\u00fcl csak egy megjegyz\u00e9s.<\/p>\n<p>Sokan gondolj\u00e1k \u00fagy, hogy majd \u0151k otthon saj\u00e1t m\u00f3dszerekkel be\u00e9p\u00edtik az \u00faj ablakokat vagy bej\u00e1rati ajt\u00f3kat, \u00e9s \u00edgy olcs\u00f3bban \u00e9s gyorsabban v\u00e9geznek az ablakcser\u00e9vel. A sok \u00e9ves gyakorlat azonban azt mutatja, hogy a saj\u00e1t be\u00e9p\u00edt\u00e9s nem mindig m\u0171k\u00f6dik t\u00f6k\u00e9letesen. Akkor, ha valaki nem tudja leakasztani az ablaksz\u00e1rnyat vagy az ajt\u00f3sz\u00e1rnyat a tokr\u00f3l, az ne is kezdjen bele az ablakbe\u00e9p\u00edt\u00e9sbe, mert egy apr\u00f3nak t\u0171n\u0151 be\u00e9p\u00edt\u00e9si hib\u00e1val t\u00f6bb k\u00e1rt tud csin\u00e1lni, mint gondoln\u00e1nk.<\/p>\n<p>Ha felmer\u00fclt \u00d6nben az ablakcsere gondolata, akkor azt javaslom, hogy <strong>olyan ablakos c\u00e9get keressen fel, aki j\u00f3l k\u00e9pzett szakemberekkel, komplett szolg\u00e1ltat\u00e1st k\u00edn\u00e1l. Ebbe beletartozik az ablak felm\u00e9r\u00e9st\u0151l az ablakbe\u00e9p\u00edt\u00e9sig, a be\u00e9p\u00edt\u00e9si garanciav\u00e1llal\u00e1sig minden.<\/strong><\/p>\n<p>K\u00f6sz\u00f6n\u00f6m, hogy id\u0151t szentelt az ablakcser\u00e9vel foglalkoz\u00f3 dokumentum elolvas\u00e1s\u00e1ra!<\/p>\n<p>Rem\u00e9lem, ezzel a n\u00e9h\u00e1ny gondolattal egy picit hozz\u00e1j\u00e1rulhatok, a t\u00f6k\u00e9letesebb ablakcser\u00e9hez!<\/p>\n<p>Sikeres ablakcser\u00e9t k\u00edv\u00e1nok mindenkinek!<\/p>\n<p>P\u00e1ti Mikl\u00f3s &ndash; Karter Ablak Kft<\/p>\n<p>&nbsp;<\/p>\n","protected":false},"author":1,"featured_media":1120,"parent":0,"menu_order":0,"comment_status":"closed","ping_status":"closed","template":"","meta":{"footnotes":""},"class_list":["post-627","page","type-page","status-publish","has-post-thumbnail","hentry"],"_links":{"self":[{"href":"https:\/\/www.ablakkarter.hu\/index.php?rest_route=\/wp\/v2\/pages\/627","targetHints":{"allow":["GET"]}}],"collection":[{"href":"https:\/\/www.ablakkarter.hu\/index.php?rest_route=\/wp\/v2\/pages"}],"about":[{"href":"https:\/\/www.ablakkarter.hu\/index.php?rest_route=\/wp\/v2\/types\/page"}],"author":[{"embeddable":true,"href":"https:\/\/www.ablakkarter.hu\/index.php?rest_route=\/wp\/v2\/users\/1"}],"replies":[{"embeddable":true,"href":"https:\/\/www.ablakkarter.hu\/index.php?rest_route=%2Fwp%2Fv2%2Fcomments&post=627"}],"version-history":[{"count":2,"href":"https:\/\/www.ablakkarter.hu\/index.php?rest_route=\/wp\/v2\/pages\/627\/revisions"}],"predecessor-version":[{"id":768,"href":"https:\/\/www.ablakkarter.hu\/index.php?rest_route=\/wp\/v2\/pages\/627\/revisions\/768"}],"wp:featuredmedia":[{"embeddable":true,"href":"https:\/\/www.ablakkarter.hu\/index.php?rest_route=\/wp\/v2\/media\/1120"}],"wp:attachment":[{"href":"https:\/\/www.ablakkarter.hu\/index.php?rest_route=%2Fwp%2Fv2%2Fmedia&parent=627"}],"curies":[{"name":"wp","href":"https:\/\/api.w.org\/{rel}","templated":true}]}}