{"id":622,"date":"2013-10-15T08:28:25","date_gmt":"2013-10-15T08:28:25","guid":{"rendered":"https:\/\/www.ablakkarter.hu\/muanyag-ablakok-elonyei\/"},"modified":"2026-03-11T13:58:26","modified_gmt":"2026-03-11T13:58:26","slug":"muanyag-ablakok-elonyei","status":"publish","type":"page","link":"https:\/\/www.ablakkarter.hu\/?page_id=622","title":{"rendered":"A m\u0171anyag ablakok el\u0151nyei"},"content":{"rendered":"\n<p class=\"has-black-color has-text-color has-link-color has-medium-font-size wp-elements-1c14e39a3eefc4372dde485cff749de6\"><strong>1. A m\u0171anyag ablakok kiv\u00e1l\u00f3 h\u0151szigetel\u0151k<\/strong><br>\nAz ablakok h\u0151szigetel\u00e9s\u00e9nek meghat\u00e1roz\u00f3 t\u00e9nyez\u0151je az ablaktok. A m\u0171anyagb\u00f3l gy\u00e1rtott ablakprofilok az alum\u00ednium vagy fa ablakokkal \u00f6sszehasonl\u00edtva jobb szigetel\u00e9si \u00e9rt\u00e9keket \u00e9rnek el, teh\u00e1t a f\u0171t\u00e9sre ford\u00edtott energiak\u00f6lts\u00e9geket cs\u00f6kkentik. Ezen a t\u00e9ren kimagasl\u00f3an magas megtakar\u00edt\u00e1si \u00e9rt\u00e9ke a passz\u00edvh\u00e1z szintet el\u00e9r\u0151 m\u0171anyag ablaktokoknak van. A passz\u00edvh\u00e1z ablakok m\u0171anyag h\u00e1rom r\u00e9teg\u0171 \u00fcvegez\u00e9ssel ma m\u00e1r kedvez\u0151 \u00e1ron legy\u00e1rthat\u00f3k.<\/p>\n\n\n\n<p class=\"has-black-color has-text-color has-link-color has-medium-font-size wp-elements-7f2c53cddcc840c1b31e9d0dc0cd8e41\"><strong>2. A m\u0171anyag ablakok \u00e1r-\u00e9rt\u00e9k ar\u00e1nya kiv\u00e1l\u00f3<\/strong><br>\nA m\u0171anyag ablakok mind beszerz\u00e9s\u00fckkor, mind teljes \u00e9letciklusuk sor\u00e1n jelent\u0151s anyagi megtakar\u00edt\u00e1st k\u00edn\u00e1lnak. A fa ablaktok\u00e9rt k\u00f6r\u00fclbel\u00fcl 20-30%-kal kell t\u00f6bbet fizetni, mint a m\u0171anyag\u00e9rt. Az alum\u00ednium ablakok a legdr\u00e1g\u00e1bbak. \u00c1ruk megk\u00f6zel\u00edt\u0151leg m\u00e9g tov\u00e1bbi 30%-kal magasabb. A magas energia megtakar\u00edt\u00e1snak, a karbantart\u00e1s mentess\u00e9gnek \u00e9s az 50 \u00e9vet meghalad\u00f3 \u00e9lettartamnak k\u00f6sz\u00f6nhet\u0151en a m\u0171anyag ablakokkal \u00e9rhet\u0151 el a legjelent\u0151sebb megtakar\u00edt\u00e1s.<\/p>\n\n\n\n<p class=\"has-black-color has-text-color has-link-color has-medium-font-size wp-elements-9205779776daf2ca705cc568affa2083\"><strong>3. A m\u0171anyag ablakok karbantart\u00e1sa egyszer\u0171<\/strong><br>\nA m\u0171anyag ablakok \u00e1pol\u00e1sa rendk\u00edv\u00fcl egyszer\u0171, karbantart\u00e1si ig\u00e9ny\u00fck minim\u00e1lis. Ezzel szemben a fa ablakok rendszeres fel\u00fcletkezel\u00e9st ig\u00e9nyelnek. Ablakfest\u00e9st, laz\u00faroz\u00e1st, lakkoz\u00e1st. A modern m\u0171anyag ablak \u00e9s m\u0171anyag ajt\u00f3 profilok UV stabiliz\u00e1tor hozz\u00e1ad\u00e1s\u00e1val k\u00e9sz\u00fclnek, fokozottan id\u0151j\u00e1r\u00e1s\u00e1ll\u00f3k. A sima fel\u00fclet\u00fcknek k\u00f6sz\u00f6nhet\u0151en az ablaktokok tiszt\u00edt\u00e1s\u00e1hoz elegend\u0151 egyszer\u0171 tiszt\u00edt\u00f3oldat haszn\u00e1lata.<\/p>\n\n\n\n<p class=\"has-black-color has-text-color has-link-color has-medium-font-size wp-elements-616f8a1440b98711d5971a280ce351bc\"><strong>4. A m\u0171anyag ablakok \u00e9lettartama rendk\u00edv\u00fcl hossz\u00fa<\/strong><br>\nA fa ablakokkal ellent\u00e9tben a m\u0171anyag ablakok tart\u00f3ss\u00e1ga rendk\u00edv\u00fcl hossz\u00fa. A m\u0171anyag ablakok szinte teljesen gondoz\u00e1s-mentesek. A kiv\u00e1l\u00f3 min\u0151s\u00e9g\u0171 m\u0171anyag ablakok a&nbsp; profil belsej\u00e9ben tal\u00e1lhat\u00f3 er\u0151s ac\u00e9lmerev\u00edt\u00e9snek k\u00f6sz\u00f6nhet\u0151en forma \u00e9s alaktart\u00f3k, valamint teljesen vetemed\u00e9s-mentesek. A m\u0171anyag ablakok \u00e9lettartama rendk\u00edv\u00fcl hossz\u00fa. hossz\u00fa. A m\u0171anyag ablakok el\u0151ny\u00f6s befektet\u00e9st jelentenek, mert az \u00faj ablakok be\u00e9p\u00edt\u00e9s\u00e9vel jelent\u0151sen n\u00f6vekszik az ingatlan \u00e9rt\u00e9ke.<\/p>\n\n\n\n<p class=\"has-black-color has-text-color has-link-color has-medium-font-size wp-elements-a21e82ff452cff76b1fe1bd2e53aa62b\"><strong>5. A m\u0171anyag ablakok \u00fajrahasznos\u00edthat\u00f3k<\/strong><br>\nA m\u0171anyag ablakok 100%-ban \u00fajrahasznos\u00edthat\u00f3k, \u00edgy jelent\u0151sen k\u00edm\u00e9lik k\u00f6rnyezet\u00fcnket. Az&nbsp; ablakgy\u00e1rt\u00e1s sor\u00e1n a m\u0171anyag ablakok gy\u00e1rt\u00e1sa gyorsabb, k\u00f6lts\u00e9ghat\u00e9konyabb, \u00e9s a legy\u00e1rt\u00e1sukhoz j\u00f3val kevesebb energi\u00e1t kell felhaszn\u00e1lni, mint a fa ablakok elk\u00e9sz\u00edt\u00e9s\u00e9hez.<\/p>\n","protected":false},"excerpt":{"rendered":"<p><strong>1. A m\u0171anyag ablakok kiv\u00e1l\u00f3 h\u0151szigetel\u0151k<\/strong><br \/>Az ablakok h\u0151szigetel\u00e9s\u00e9nek meghat\u00e1roz\u00f3 t\u00e9nyez\u0151je az ablaktok. A m\u0171anyagb\u00f3l gy\u00e1rtott ablakprofilok az alum\u00ednium vagy fa ablakokkal \u00f6sszehasonl\u00edtva jobb szigetel\u00e9si \u00e9rt\u00e9keket \u00e9rnek el, teh\u00e1t a f\u0171t\u00e9sre ford\u00edtott energiak\u00f6lts\u00e9geket cs\u00f6kkentik. Ezen a t\u00e9ren kimagasl\u00f3an magas megtakar\u00edt\u00e1si \u00e9rt\u00e9ke a passz\u00edvh\u00e1z szintet el\u00e9r\u0151 m\u0171anyag ablaktokoknak van. A passz\u00edvh\u00e1z ablakok m\u0171anyag h\u00e1rom r\u00e9teg\u0171 \u00fcvegez\u00e9ssel ma m\u00e1r kedvez\u0151 \u00e1ron legy\u00e1rthat\u00f3k.<\/p>\n<p><strong>2. A m\u0171anyag ablakok \u00e1r-\u00e9rt\u00e9k ar\u00e1nya kiv\u00e1l\u00f3<\/strong><br \/>A m\u0171anyag ablakok mind beszerz\u00e9s\u00fckkor, mind teljes \u00e9letciklusuk sor\u00e1n jelent\u0151s anyagi megtakar\u00edt\u00e1st k\u00edn\u00e1lnak. A fa ablaktok\u00e9rt k\u00f6r\u00fclbel\u00fcl 20-30%-kal kell t\u00f6bbet fizetni, mint a m\u0171anyag\u00e9rt. Az alum\u00ednium ablakok a legdr\u00e1g\u00e1bbak. \u00c1ruk megk\u00f6zel\u00edt\u0151leg m\u00e9g tov\u00e1bbi 30%-kal magasabb. A magas energia megtakar\u00edt\u00e1snak, a karbantart\u00e1s mentess\u00e9gnek \u00e9s az 50 \u00e9vet meghalad\u00f3 \u00e9lettartamnak k\u00f6sz\u00f6nhet\u0151en a m\u0171anyag ablakokkal \u00e9rhet\u0151 el a legjelent\u0151sebb megtakar\u00edt\u00e1s.<\/p>\n<p><strong>3. A m\u0171anyag ablakok karbantart\u00e1sa egyszer\u0171<\/strong><br \/>A m\u0171anyag ablakok \u00e1pol\u00e1sa rendk\u00edv\u00fcl egyszer\u0171, karbantart\u00e1si ig\u00e9ny\u00fck minim\u00e1lis. Ezzel szemben a fa ablakok rendszeres fel\u00fcletkezel\u00e9st ig\u00e9nyelnek. Ablakfest\u00e9st, laz\u00faroz\u00e1st, lakkoz\u00e1st. A modern m\u0171anyag ablak \u00e9s m\u0171anyag ajt\u00f3 profilok UV stabiliz\u00e1tor hozz\u00e1ad\u00e1s\u00e1val k\u00e9sz\u00fclnek, fokozottan id\u0151j\u00e1r\u00e1s\u00e1ll\u00f3k. A sima fel\u00fclet\u00fcknek k\u00f6sz\u00f6nhet\u0151en az ablaktokok tiszt\u00edt\u00e1s\u00e1hoz elegend\u0151 egyszer\u0171 tiszt\u00edt\u00f3oldat haszn\u00e1lata.<\/p>\n<p><strong>4. A m\u0171anyag ablakok \u00e9lettartama rendk\u00edv\u00fcl hossz\u00fa<\/strong><br \/>A fa ablakokkal ellent\u00e9tben a m\u0171anyag ablakok tart\u00f3ss\u00e1ga rendk\u00edv\u00fcl hossz\u00fa. A m\u0171anyag ablakok szinte teljesen gondoz\u00e1smentesek. A kiv\u00e1l\u00f3 min\u0151s\u00e9g\u0171 m\u0171anyag ablakok a&nbsp; profil belsej\u00e9ben tal\u00e1lhat\u00f3 er\u0151s ac\u00e9lmerevit\u00e9snek k\u00fcsz\u00f6nhet\u0151en forma \u00e9s alaktart\u00f3k, valamint teljesen vetemed\u00e9smentesek. A m\u0171anyag ablakok \u00e9lettartama rendk\u00edv\u00fcl hossz\u00fa. hossz\u00fa. A m\u0171anyag ablakok el\u0151ny\u00f6s befektet\u00e9st jelentenek, mert az \u00faj ablakok be\u00e9p\u00edt\u00e9s\u00e9vel jelent\u0151sen n\u00f6vekszik az ingatlan \u00e9rt\u00e9ke.<\/p>\n<p><strong>5. A m\u0171anyag ablakok \u00fajrahasznos\u00edthat\u00f3k<\/strong><br \/>A m\u0171anyag ablakok 100%-ban \u00fajrahasznos\u00edthat\u00f3k, \u00edgy jelent\u0151sen k\u00edm\u00e9lik k\u00f6rnyezet\u00fcnket. Az&nbsp; ablakgy\u00e1rt\u00e1s sor\u00e1n a m\u0171anyag ablakok gy\u00e1rt\u00e1sa gyorsabb, k\u00f6lts\u00e9ghat\u00e9konyabb, \u00e9s a legy\u00e1rt\u00e1sukhoz j\u00f3val kevesebb energi\u00e1t kell felhaszn\u00e1lni, mint a fa ablakok elk\u00e9sz\u00edt\u00e9s\u00e9hez.<\/p>\n","protected":false},"author":1,"featured_media":0,"parent":0,"menu_order":0,"comment_status":"closed","ping_status":"closed","template":"","meta":{"footnotes":""},"class_list":["post-622","page","type-page","status-publish","hentry"],"_links":{"self":[{"href":"https:\/\/www.ablakkarter.hu\/index.php?rest_route=\/wp\/v2\/pages\/622","targetHints":{"allow":["GET"]}}],"collection":[{"href":"https:\/\/www.ablakkarter.hu\/index.php?rest_route=\/wp\/v2\/pages"}],"about":[{"href":"https:\/\/www.ablakkarter.hu\/index.php?rest_route=\/wp\/v2\/types\/page"}],"author":[{"embeddable":true,"href":"https:\/\/www.ablakkarter.hu\/index.php?rest_route=\/wp\/v2\/users\/1"}],"replies":[{"embeddable":true,"href":"https:\/\/www.ablakkarter.hu\/index.php?rest_route=%2Fwp%2Fv2%2Fcomments&post=622"}],"version-history":[{"count":6,"href":"https:\/\/www.ablakkarter.hu\/index.php?rest_route=\/wp\/v2\/pages\/622\/revisions"}],"predecessor-version":[{"id":16721,"href":"https:\/\/www.ablakkarter.hu\/index.php?rest_route=\/wp\/v2\/pages\/622\/revisions\/16721"}],"wp:attachment":[{"href":"https:\/\/www.ablakkarter.hu\/index.php?rest_route=%2Fwp%2Fv2%2Fmedia&parent=622"}],"curies":[{"name":"wp","href":"https:\/\/api.w.org\/{rel}","templated":true}]}}