{"id":621,"date":"2013-10-15T08:19:09","date_gmt":"2013-10-15T08:19:09","guid":{"rendered":"https:\/\/www.ablakkarter.hu\/penzmegtakaritas-ablakcserevel\/"},"modified":"2026-03-16T19:57:30","modified_gmt":"2026-03-16T19:57:30","slug":"penzmegtakaritas-ablakcserevel","status":"publish","type":"page","link":"https:\/\/www.ablakkarter.hu\/?page_id=621","title":{"rendered":"P\u00e9nzmegtakar\u00edt\u00e1s ablakcser\u00e9vel"},"content":{"rendered":"<div>\n<h1><span style=\"font-size: 16px;\">Ablakcsere fel\u00faj\u00edt\u00e1sok sor\u00e1n: az \u00faj ablakokkal p\u00e9nzt takar\u00edt meg<\/span><\/h1>\n<p>A r\u00e9gi ablakok cser\u00e9je sz\u00e1mos el\u0151nyt k\u00edn\u00e1l:<\/p>\n<ul>\n<li>P\u00e9nzmegtakar\u00edt\u00e1s a f\u0171t\u00e9sre ford\u00edtott energiafogyaszt\u00e1s cs\u00f6kken\u00e9s\u00e9vel<\/li>\n<li>Magasabb komfort, jobb komfort\u00e9rzet<\/li>\n<li>Az ablakcser\u00e9vel az ingatlan \u00e1ra jelent\u0151sen n\u00f6vekszik<\/li>\n<li>A ablakcsere mint&nbsp; befektet\u00e9s gyorsan megt\u00e9r\u00fcl a f\u0171t\u00e9sk\u00f6lts\u00e9g cs\u00f6kken\u00e9snek \u00e9s a ny\u00e1ri klimatiz\u00e1l\u00e1si energia megtakar\u00edt\u00e1snak k\u00f6sz\u00f6nhet\u0151en.<\/li>\n<\/ul>\n<p align=\"center\"><strong>El\u0151ny\u00f6k \u2013 egyszer\u0171 \u00e9s gyors ablakcsere a magasabb lakhat\u00e1si komfort\u00e9rt.<\/strong><\/p>\n<p style=\"text-align: center;\"><img loading=\"lazy\" decoding=\"async\" class=\" size-full wp-image-619\" src=\"https:\/\/www.ablakkarter.hu\/wp-content\/uploads\/2013\/10\/ablakcsere1.png\" alt=\"\" width=\"588\" height=\"377\" srcset=\"https:\/\/www.ablakkarter.hu\/wp-content\/uploads\/2013\/10\/ablakcsere1.png 700w, https:\/\/www.ablakkarter.hu\/wp-content\/uploads\/2013\/10\/ablakcsere1-600x385.png 600w, https:\/\/www.ablakkarter.hu\/wp-content\/uploads\/2013\/10\/ablakcsere1-300x192.png 300w\" sizes=\"auto, (max-width: 588px) 100vw, 588px\" \/><\/p>\n<h3>Ablakcsere: gyorsan, el\u0151ny\u00f6sen, hat\u00e9konyan<\/h3>\n<p>Az ablakcsere anyagi szempontb\u00f3l az el\u0151ny\u00f6s, \u00e9p\u00edt\u00e9szeti-technol\u00f3giai szempontb\u00f3l pedig a legegyszer\u0171bb megold\u00e1st jelenti. Az emberek sokszor el sem tudj\u00e1k k\u00e9pzelni, hogy az ablakcsere mennyire egyszer\u0171en \u00e9s gond n\u00e9lk\u00fcl t\u00f6rt\u00e9nik. Az \u00faj ablakok be\u00e9p\u00edt\u00e9se gyors, \u00e9s nemcsak a f\u0171t\u00e9sk\u00f6lts\u00e9gek tart\u00f3s cs\u00f6kkent\u00e9s\u00e9ben seg\u00edt, hanem hozz\u00e1j\u00e1rul a k\u00f6rnyezet v\u00e9delm\u00e9hez is. Ezen a t\u00e9ren mindenekel\u0151tt a m\u0171anyag ablakok rendk\u00edv\u00fcl hat\u00e9konyak, rendszeresen vezet\u0151 helyez\u00e9seket \u00e9rnek el az \u00f6kol\u00f3giai besorol\u00e1sokban A 15-20 \u00e9ves r\u00e9gi ablakok cser\u00e9je a h\u0151vesztes\u00e9g t\u00f6bb mint 40%-os cs\u00f6kkent\u00e9s\u00e9t teszi lehet\u0151v\u00e9. Amennyiben a homlokzat \u00e9s a tet\u0151 is fel\u00faj\u00edt\u00e1sra ker\u00fcl, enn\u00e9l is nagyobb megtakar\u00edt\u00e1s \u00e9rhet\u0151 el.<\/p>\n<p>A k\u00f6vetkez\u0151 grafikon a r\u00e9gi \u00e9p\u00fcletek \u00e1tlagos h\u0151vesztes\u00e9g\u00e9t mutatja be az \u00e9p\u00fclet \u00e9s a homlokzat fel\u00fclet\u00e9nek f\u00fcggv\u00e9ny\u00e9ben:<\/p>\n<p style=\"text-align: center;\"><img loading=\"lazy\" decoding=\"async\" class=\" size-full wp-image-620\" src=\"https:\/\/www.ablakkarter.hu\/wp-content\/uploads\/2013\/10\/ablakcsere2.png\" alt=\"Fenstertausch und Fenstersanierung Reduzierung von W\u00e4rmeverlust\" width=\"556\" height=\"356\"><\/p>\n<h3>Magasabb komfort \u2013 alacsonyabb k\u00f6lts\u00e9gek<\/h3>\n<p><strong>A csal\u00e1di h\u00e1zak ablakainak cser\u00e9je \u00e1ltal\u00e1ban 8 \u00e9v ut\u00e1n megt\u00e9r\u00fcl.<\/strong><\/p>\n<p><strong>Az ablakcsere az \u00f3ri\u00e1si energiamegtakar\u00edt\u00e1s mellett, j\u00f3val magasabb komfort\u00e9rzetet eredm\u00e9nyez.<\/strong><\/p>\n<p>A megjelen\u00edtett p\u00e9lda a csal\u00e1di h\u00e1zak kb. 40 m<sup>2<\/sup>&nbsp;ablakfel\u00fclet\u00e9b\u0151l sz\u00e1m\u00edtott \u00e1tlagos \u00e9rt\u00e9kekre t\u00e1maszkodik (2010. okt\u00f3beri \u00e1llapot). A sz\u00e1m\u00edt\u00e1s alapj\u00e1ul a f\u0171t\u0151olaj 0,7 eur\u00f3\/liter \u00e1ra szolg\u00e1lt. Az \u00e1r szabv\u00e1nym\u00f3dszerrel ker\u00fclt meg\u00e1llap\u00edt\u00e1sra (garancia n\u00e9lk\u00fcl). A f\u0171t\u0151olaj emelked\u0151 \u00e1r\u00e1val a befektet\u00e9s megt\u00e9r\u00fcl\u00e9s\u00e9nek ideje r\u00f6vid\u00fcl.<\/p>\n<p>A m\u0171anyag ablakrendszerek fel\u00faj\u00edt\u00e1sra kiv\u00e1l\u00f3an alkalmasak, \u00e9s sz\u00e1mos el\u0151nyt k\u00edn\u00e1lnak:<\/p>\n<ul>\n<li>Jelent\u0151s energia megtakar\u00edt\u00e1s \u00e9rhet\u0151 el az ablakcser\u00e9vel.<\/li>\n<li>A m\u0171anyag ablakok kit\u0171n\u0151 h\u0151szigetel\u00e9si tulajdons\u00e1gokkal rendelkeznek.<\/li>\n<li>A m\u0171anyag ablakokat a modern \u00e9s eleg\u00e1ns formatervez\u00e9s jellemzi.<\/li>\n<li>Ablakok egyedi form\u00e1kban \u00e9s k\u00fcl\u00f6nleges sz\u00ednekben. Faut\u00e1nzat\u00fa sz\u00ednek vari\u00e1ci\u00f3j\u00e1t\u00f3l, az acrylcolor \u00e9s alum\u00ednium hat\u00e1s\u00fa sz\u00ednekig&nbsp; vagy alum\u00ednium bevonat\u00fa m\u0171anyag ablak kialak\u00edt\u00e1sok k\u00f6z\u00fcl v\u00e1laszthat.<\/li>\n<li>Soha t\u00f6bb\u00e9 ablakfest\u00e9s! A m\u0171anyag ablakokat nem kell festeni.<\/li>\n<\/ul>\n<\/div>\n\n\n<p>P\u00e9nzmegtakar\u00edt\u00e1s ablakcser\u00e9vel<\/p>\n\n\n\n<p>Ablakcsere sor\u00e1n az \u00faj ablakokkal rengeteg p\u00e9nzt takar\u00edthatunk meg!<\/p>\n\n\n\n<p class=\"has-medium-font-size\">A r\u00e9gi ablakok cser\u00e9je sz\u00e1mos el\u0151nyt k\u00edn\u00e1l:<\/p>\n\n\n\n<ul class=\"wp-block-list\">\n<li>P\u00e9nzmegtakar\u00edt\u00e1s a f\u0171t\u00e9sre ford\u00edtott energiafogyaszt\u00e1s cs\u00f6kken\u00e9s\u00e9vel<\/li>\n\n\n\n<li>Magasabb komfort, jobb komfort\u00e9rzet<\/li>\n\n\n\n<li>Az ablakcser\u00e9vel az ingatlan \u00e1ra jelent\u0151sen n\u00f6vekszik<\/li>\n\n\n\n<li>A ablakcsere mint\u00a0 befektet\u00e9s gyorsan megt\u00e9r\u00fcl a f\u0171t\u00e9sk\u00f6lts\u00e9g cs\u00f6kken\u00e9snek \u00e9s a ny\u00e1ri klimatiz\u00e1l\u00e1si energia megtakar\u00edt\u00e1snak k\u00f6sz\u00f6nhet\u0151en.<\/li>\n\n\n\n<li>Egyszer\u0171 \u00e9s gyors ablakcsere a magasabb komfort\u00e9rzet\u00e9rt.<\/li>\n<\/ul>\n\n\n\n<p>Ablakcsere gyorsan \u00e9s hat\u00e9konyan<\/p>\n\n\n\n<p>Az ablakcsere energiamegtakar\u00edt\u00e1si szempontb\u00f3l az egyik legegyszer\u0171bb megold\u00e1st k\u00edn\u00e1lja. Az emberek sokszor el sem tudj\u00e1k k\u00e9pzelni, hogy az ablakcsere mennyire egyszer\u0171en \u00e9s gond n\u00e9lk\u00fcl t\u00f6rt\u00e9nik. Az \u00faj ablakok be\u00e9p\u00edt\u00e9se gyors, \u00e9s nemcsak a f\u0171t\u00e9sk\u00f6lts\u00e9gek tart\u00f3s cs\u00f6kkent\u00e9s\u00e9ben seg\u00edt, hanem hozz\u00e1j\u00e1rul a k\u00f6rnyezet v\u00e9delm\u00e9hez is. Ezen a t\u00e9ren mindenekel\u0151tt a m\u0171anyag ablakok rendk\u00edv\u00fcl hat\u00e9konyak, rendszeresen vezet\u0151 helyez\u00e9seket \u00e9rnek el az \u00f6kol\u00f3giai besorol\u00e1sokban A 15-20 \u00e9ves r\u00e9gi ablakok cser\u00e9je a h\u0151vesztes\u00e9g t\u00f6bb mint 40%-os cs\u00f6kkent\u00e9s\u00e9t teszi lehet\u0151v\u00e9. Amennyiben a homlokzat \u00e9s a tet\u0151 is fel\u00faj\u00edt\u00e1sra ker\u00fcl, enn\u00e9l is nagyobb megtakar\u00edt\u00e1s \u00e9rhet\u0151 el.<\/p>\n\n\n\n<p>Magasabb komfort \u00e9s alacsonyabb k\u00f6lts\u00e9gek ablakcser\u00e9vel illetve korszer\u0171 \u00faj ablakok be\u00e9p\u00edt\u00e9s\u00e9vel!<\/p>\n\n\n\n<p>A csal\u00e1di h\u00e1zak ablakainak cser\u00e9je \u00e1ltal\u00e1ban 8 \u00e9v ut\u00e1n megt\u00e9r\u00fcl.<\/p>\n\n\n\n<p>Az ablakcsere az \u00f3ri\u00e1si energiamegtakar\u00edt\u00e1s mellett, j\u00f3val magasabb komfort\u00e9rzetet eredm\u00e9nyez.<\/p>\n\n\n\n<p>A megjelen\u00edtett p\u00e9lda a csal\u00e1di h\u00e1zak kb. 40 m2&nbsp;ablakfel\u00fclet\u00e9b\u0151l sz\u00e1m\u00edtott \u00e1tlagos \u00e9rt\u00e9kekre t\u00e1maszkodik (2010. okt\u00f3beri \u00e1llapot). A sz\u00e1m\u00edt\u00e1s alapj\u00e1ul a f\u0171t\u0151olaj 0,7 Eur\u00f3\/liter \u00e1ra szolg\u00e1lt. Az \u00e1r szabv\u00e1nym\u00f3dszerrel ker\u00fclt meg\u00e1llap\u00edt\u00e1sra (garancia n\u00e9lk\u00fcl). A f\u0171t\u0151olaj emelked\u0151 \u00e1r\u00e1val a befektet\u00e9s megt\u00e9r\u00fcl\u00e9s\u00e9nek ideje r\u00f6vid\u00fcl.<\/p>\n\n\n\n<p>A m\u0171anyag ablakrendszerek fel\u00faj\u00edt\u00e1sra kiv\u00e1l\u00f3an alkalmasak, \u00e9s sz\u00e1mos el\u0151nyt k\u00edn\u00e1lnak:<\/p>\n\n\n\n<p>Jelent\u0151s energia megtakar\u00edt\u00e1s \u00e9rhet\u0151 el az ablakcser\u00e9vel.<\/p>\n\n\n\n<p>A m\u0171anyag ablakok kit\u0171n\u0151 h\u0151szigetel\u00e9si tulajdons\u00e1gokkal rendelkeznek.<\/p>\n\n\n\n<p>A m\u0171anyag ablakokat a modern \u00e9s eleg\u00e1ns formatervez\u00e9s jellemzi.<\/p>\n\n\n\n<p>Ablakok egyedi form\u00e1kban \u00e9s k\u00fcl\u00f6nleges sz\u00ednekben is rendelhet\u0151k. A faut\u00e1nzat\u00fa sz\u00ednek vari\u00e1ci\u00f3j\u00e1t\u00f3l, az acrylcolor \u00e9s alum\u00ednium hat\u00e1s\u00fa sz\u00ednekig&nbsp; vagy alum\u00ednium bevonat\u00fa m\u0171anyag ablak kialak\u00edt\u00e1sok k\u00f6z\u00fcl v\u00e1laszthat.<\/p>\n\n\n\n<p>Soha t\u00f6bb\u00e9 ablakfest\u00e9s! A m\u0171anyag ablakokat nem kell festeni.<\/p>\n","protected":false},"excerpt":{"rendered":"<div>\n<h1><span style=\"font-size:16px;\">Ablakcsere fel\u00faj\u00edt\u00e1sok sor\u00e1n: az \u00faj ablakokkal p\u00e9nzt takar\u00edt meg<\/span><\/h1>\n<p>A r\u00e9gi ablakok cser\u00e9je sz\u00e1mos el\u0151nyt k\u00edn\u00e1l:<\/p>\n<ul>\n<li>P\u00e9nzmegtakar\u00edt\u00e1s a f\u0171t\u00e9sre ford\u00edtott energiafogyaszt\u00e1s cs\u00f6kken\u00e9s\u00e9vel<\/li>\n<li>Magasabb komfort, jobb komfort\u00e9rzet<\/li>\n<li>Az ablakcser\u00e9vel az ingatlan \u00e1ra jelent\u0151sen n\u00f6vekszik<\/li>\n<li>A ablakcsere mint&nbsp; befektet\u00e9s gyorsan megt\u00e9r\u00fcl a f\u0171t\u00e9sk\u00f6lts\u00e9g cs\u00f6kken\u00e9snek \u00e9s a ny\u00e1ri klimatiz\u00e1l\u00e1si energia megtakar\u00edt\u00e1snak k\u00f6sz\u00f6nhet\u0151en.<\/li>\n<\/ul>\n<p align=\"center\"><strong>El\u0151ny\u00f6k &ndash; egyszer\u0171 \u00e9s gyors ablakcsere a magasabb lakhat\u00e1si komfort\u00e9rt.<\/strong><\/p>\n<p style=\"text-align: center;\"><img loading=\"lazy\" decoding=\"async\" class=\" size-full wp-image-619\" alt=\"\" height=\"377\" src=\"https:\/\/www.ablakkarter.hu\/wp-content\/uploads\/2013\/10\/ablakcsere1.png\" width=\"588\" srcset=\"https:\/\/www.ablakkarter.hu\/wp-content\/uploads\/2013\/10\/ablakcsere1.png 700w, https:\/\/www.ablakkarter.hu\/wp-content\/uploads\/2013\/10\/ablakcsere1-600x385.png 600w, https:\/\/www.ablakkarter.hu\/wp-content\/uploads\/2013\/10\/ablakcsere1-300x192.png 300w\" sizes=\"auto, (max-width: 588px) 100vw, 588px\" \/><\/p>\n<h3>Ablakcsere: gyorsan, el\u0151ny\u00f6sen, hat\u00e9konyan<\/h3>\n<p>Az ablakcsere anyagi szempontb\u00f3l az el\u0151ny\u00f6s, \u00e9p\u00edt\u00e9szeti-technol\u00f3giai szempontb\u00f3l pedig a legegyszer\u0171bb megold\u00e1st jelenti. Az emberek sokszor el sem tudj\u00e1k k\u00e9pzelni, hogy az ablakcsere mennyire egyszer\u0171en \u00e9s gond n\u00e9lk\u00fcl t\u00f6rt\u00e9nik. Az \u00faj ablakok be\u00e9p\u00edt\u00e9se gyors, \u00e9s nemcsak a f\u0171t\u00e9sk\u00f6lts\u00e9gek tart\u00f3s cs\u00f6kkent\u00e9s\u00e9ben seg\u00edt, hanem hozz\u00e1j\u00e1rul a k\u00f6rnyezet v\u00e9delm\u00e9hez is. Ezen a t\u00e9ren mindenekel\u0151tt a m\u0171anyag ablakok rendk\u00edv\u00fcl hat\u00e9konyak, rendszeresen vezet\u0151 helyez\u00e9seket \u00e9rnek el az \u00f6kol\u00f3giai besorol\u00e1sokban A 15-20 \u00e9ves r\u00e9gi ablakok cser\u00e9je a h\u0151vesztes\u00e9g t\u00f6bb mint 40%-os cs\u00f6kkent\u00e9s\u00e9t teszi lehet\u0151v\u00e9. Amennyiben a homlokzat \u00e9s a tet\u0151 is fel\u00faj\u00edt\u00e1sra ker\u00fcl, enn\u00e9l is nagyobb megtakar\u00edt\u00e1s \u00e9rhet\u0151 el.<\/p>\n<p>A k\u00f6vetkez\u0151 grafikon a r\u00e9gi \u00e9p\u00fcletek \u00e1tlagos h\u0151vesztes\u00e9g\u00e9t mutatja be az \u00e9p\u00fclet \u00e9s a homlokzat fel\u00fclet\u00e9nek f\u00fcggv\u00e9ny\u00e9ben:<\/p>\n<p style=\"text-align: center;\"><img loading=\"lazy\" decoding=\"async\" class=\" size-full wp-image-620\" alt=\"Fenstertausch und Fenstersanierung Reduzierung von W\u00e4rmeverlust\" height=\"356\" src=\"https:\/\/www.ablakkarter.hu\/wp-content\/uploads\/2013\/10\/ablakcsere2.png\" width=\"556\" \/><\/p>\n<h3>Magasabb komfort &ndash; alacsonyabb k\u00f6lts\u00e9gek<\/h3>\n<p><strong>A csal\u00e1di h\u00e1zak ablakainak cser\u00e9je \u00e1ltal\u00e1ban 8 \u00e9v ut\u00e1n megt\u00e9r\u00fcl.<\/strong><\/p>\n<p><strong>Az ablakcsere az \u00f3ri\u00e1si energiamegtakar\u00edt\u00e1s mellett, j\u00f3val magasabb komfort\u00e9rzetet eredm\u00e9nyez.<\/strong><\/p>\n<p>A megjelen\u00edtett p\u00e9lda a csal\u00e1di h\u00e1zak kb. 40 m<sup>2<\/sup>&nbsp;ablakfel\u00fclet\u00e9b\u0151l sz\u00e1m\u00edtott \u00e1tlagos \u00e9rt\u00e9kekre t\u00e1maszkodik (2010. okt\u00f3beri \u00e1llapot). A sz\u00e1m\u00edt\u00e1s alapj\u00e1ul a f\u0171t\u0151olaj 0,7 eur\u00f3\/liter \u00e1ra szolg\u00e1lt. Az \u00e1r szabv\u00e1nym\u00f3dszerrel ker\u00fclt meg\u00e1llap\u00edt\u00e1sra (garancia n\u00e9lk\u00fcl). A f\u0171t\u0151olaj emelked\u0151 \u00e1r\u00e1val a befektet\u00e9s megt\u00e9r\u00fcl\u00e9s\u00e9nek ideje r\u00f6vid\u00fcl.<\/p>\n<p>A m\u0171anyag ablakrendszerek fel\u00faj\u00edt\u00e1sra kiv\u00e1l\u00f3an alkalmasak, \u00e9s sz\u00e1mos el\u0151nyt k\u00edn\u00e1lnak:<\/p>\n<ul>\n<li>Jelent\u0151s energia megtakar\u00edt\u00e1s \u00e9rhet\u0151 el az ablakcser\u00e9vel.<\/li>\n<li>A m\u0171anyag ablakok kit\u0171n\u0151 h\u0151szigetel\u00e9si tulajdons\u00e1gokkal rendelkeznek.<\/li>\n<li>A m\u0171anyag ablakokat a modern \u00e9s eleg\u00e1ns formatervez\u00e9s jellemzi.<\/li>\n<li>Ablakok egyedi form\u00e1kban \u00e9s k\u00fcl\u00f6nleges sz\u00ednekben. Faut\u00e1nzat\u00fa sz\u00ednek vari\u00e1ci\u00f3j\u00e1t\u00f3l, az acrylcolor \u00e9s alum\u00ednium hat\u00e1s\u00fa sz\u00ednekig&nbsp; vagy alum\u00ednium bevonat\u00fa m\u0171anyag ablak kialak\u00edt\u00e1sok k\u00f6z\u00fcl v\u00e1laszthat.<\/li>\n<li>Soha t\u00f6bb\u00e9 ablakfest\u00e9s! A m\u0171anyag ablakokat nem kell festeni.<\/li>\n<\/ul>\n<p>&nbsp;<\/p>\n<\/div>\n<p>&nbsp;<\/p>\n","protected":false},"author":1,"featured_media":0,"parent":0,"menu_order":0,"comment_status":"closed","ping_status":"closed","template":"","meta":{"footnotes":""},"class_list":["post-621","page","type-page","status-publish","hentry"],"_links":{"self":[{"href":"https:\/\/www.ablakkarter.hu\/index.php?rest_route=\/wp\/v2\/pages\/621","targetHints":{"allow":["GET"]}}],"collection":[{"href":"https:\/\/www.ablakkarter.hu\/index.php?rest_route=\/wp\/v2\/pages"}],"about":[{"href":"https:\/\/www.ablakkarter.hu\/index.php?rest_route=\/wp\/v2\/types\/page"}],"author":[{"embeddable":true,"href":"https:\/\/www.ablakkarter.hu\/index.php?rest_route=\/wp\/v2\/users\/1"}],"replies":[{"embeddable":true,"href":"https:\/\/www.ablakkarter.hu\/index.php?rest_route=%2Fwp%2Fv2%2Fcomments&post=621"}],"version-history":[{"count":3,"href":"https:\/\/www.ablakkarter.hu\/index.php?rest_route=\/wp\/v2\/pages\/621\/revisions"}],"predecessor-version":[{"id":16758,"href":"https:\/\/www.ablakkarter.hu\/index.php?rest_route=\/wp\/v2\/pages\/621\/revisions\/16758"}],"wp:attachment":[{"href":"https:\/\/www.ablakkarter.hu\/index.php?rest_route=%2Fwp%2Fv2%2Fmedia&parent=621"}],"curies":[{"name":"wp","href":"https:\/\/api.w.org\/{rel}","templated":true}]}}