{"id":618,"date":"2013-10-14T14:23:03","date_gmt":"2013-10-14T14:23:03","guid":{"rendered":"https:\/\/www.ablakkarter.hu\/szabvanymeretu-ablakok\/"},"modified":"2021-12-13T15:34:44","modified_gmt":"2021-12-13T15:34:44","slug":"szabvanymeretu-ablakok","status":"publish","type":"page","link":"https:\/\/www.ablakkarter.hu\/?page_id=618","title":{"rendered":"Szabv\u00e1nym\u00e9ret\u0171 ablakok"},"content":{"rendered":"<p style=\"text-align: center;\">\n<p>Szabv\u00e1nym\u00e9ret\u0171 ablakok eset\u00e9ben is el\u0151sz\u00f6r a sz\u00e9less\u00e9get, m\u00e1sodszor a magass\u00e1gi m\u00e9retet adjuk meg.<br \/>\nAz ablakok m\u00e9retmegad\u00e1s\u00e1n\u00e1l megk\u00fcl\u00f6nb\u00f6ztetj\u00fck a n\u00e9vleges m\u00e9ret \u00e9s a gy\u00e1rt\u00e1si m\u00e9ret.<br \/>\nA n\u00e9vleges m\u00e9ret a kialak\u00edtott falny\u00edl\u00e1s m\u00e9rete, a gy\u00e1rt\u00e1si m\u00e9ret az ablak vagy az ajt\u00f3 pontos gy\u00e1rt\u00e1si m\u00e9rete.<\/p>\n<p style=\"text-align: center;\">\n<p><strong>A leggyakrabban alkalmazott szabv\u00e1ny ablak m\u00e9retek:<\/strong><\/p>\n<ul>\n<li>60 x 60 Buk\u00f3-ny\u00edl\u00f3 ablak<\/li>\n<li>60 x 60 Buk\u00f3 ablak<\/li>\n<li>60 x 60 Ny\u00edl\u00f3 ablak<\/li>\n<li>60 x 90 Buk\u00f3-ny\u00edl\u00f3 ablak<\/li>\n<li>60 x 120 Buk\u00f3-ny\u00edl\u00f3 ablak<\/li>\n<li>60 x 150 Buk\u00f3-ny\u00edl\u00f3 ablak<\/li>\n<li>90 x 60 Buk\u00f3-ny\u00edl\u00f3 ablak<\/li>\n<li>90 x 90 Buk\u00f3-ny\u00edl\u00f3 ablak<\/li>\n<li>90 x 120 Buk\u00f3-ny\u00edl\u00f3 ablak<\/li>\n<li>90 x 150 Buk\u00f3-ny\u00edl\u00f3 ablak<\/li>\n<li>90 x 210 Buk\u00f3-ny\u00edl\u00f3 erk\u00e9lyajt\u00f3<\/li>\n<li>120 x 60 Buk\u00f3-ny\u00edl\u00f3 ablak<\/li>\n<li>120 x 60 Buk\u00f3 ablak<\/li>\n<li>120 x 90 Buk\u00f3-ny\u00edl\u00f3 ablak<\/li>\n<li>120 x 90 Buk\u00f3 ablak<\/li>\n<li>120 x 120 Buk\u00f3-ny\u00edl\u00f3 ablak<\/li>\n<li>120 x 150 Buk\u00f3-ny\u00edl\u00f3 ablak<\/li>\n<li>150 x 150 Buk\u00f3-ny\u00edl\u00f3 ablak<\/li>\n<li>150 x 150 K\u00e9tsz\u00e1rny\u00fa k\u00f6z\u00e9pen felny\u00edl\u00f3 ablak<\/li>\n<li>150 x 150 K\u00e9tsz\u00e1rny\u00fa tokosztott ablak<\/li>\n<\/ul>\n<p>Akci\u00f3s szabv\u00e1nym\u00e9ret\u0171 ablakok.<\/p>\n<p><strong>Az akci\u00f3s szabv\u00e1nym\u00e9ret\u0171 ablak \u00e1rakr\u00f3l \u00e9rdekl\u0151dj\u00f6n el\u00e9rhet\u0151s\u00e9geinken!<\/strong><\/p>\n","protected":false},"excerpt":{"rendered":"<p style=\"text-align: center;\">&nbsp;<\/p>\n<p>Szabv\u00e1nym\u00e9ret\u0171 ablakok eset\u00e9ben is el\u0151sz\u00f6r a sz\u00e9less\u00e9get, m\u00e1sodszor a magass\u00e1gi m\u00e9retet adjuk meg.<br \/>Az ablakok m\u00e9retmegad\u00e1s\u00e1n\u00e1l megk\u00fcl\u00f6nb\u00f6ztetj\u00fck a n\u00e9vleges m\u00e9ret \u00e9s a gy\u00e1rt\u00e1si m\u00e9ret.<br \/>A n\u00e9vleges m\u00e9ret a kialak\u00edtott falny\u00edl\u00e1s m\u00e9rete, a gy\u00e1rt\u00e1si m\u00e9ret az ablak vagy az ajt\u00f3 pontos gy\u00e1rt\u00e1si m\u00e9rete.<\/p>\n<p style=\"text-align: center;\">&nbsp;<\/p>\n<p><strong>A leggyakrabban alkalmazott szabv\u00e1ny ablak m\u00e9retek:<\/strong><\/p>\n<ul>\n<li>60 x 60 Buk\u00f3-ny\u00edl\u00f3 ablak<\/li>\n<li>60 x 60 Buk\u00f3 ablak<\/li>\n<li>60 x 60 Ny\u00edl\u00f3 ablak<\/li>\n<li>60 x 90 Buk\u00f3-ny\u00edl\u00f3 ablak<\/li>\n<li>60 x 120 Buk\u00f3-ny\u00edl\u00f3 ablak<\/li>\n<li>60 x 150 Buk\u00f3-ny\u00edl\u00f3 ablak<\/li>\n<li>90 x 60 Buk\u00f3-ny\u00edl\u00f3 ablak<\/li>\n<li>90 x 90 Buk\u00f3-ny\u00edl\u00f3 ablak<\/li>\n<li>90 x 120 Buk\u00f3-ny\u00edl\u00f3 ablak<\/li>\n<li>90 x 150 Buk\u00f3-ny\u00edl\u00f3 ablak<\/li>\n<li>90 x 210 Buk\u00f3-ny\u00edl\u00f3 erk\u00e9lyajt\u00f3<\/li>\n<li>120 x 60 Buk\u00f3-ny\u00edl\u00f3 ablak<\/li>\n<li>120 x 60 Buk\u00f3 ablak<\/li>\n<li>120 x 90 Buk\u00f3-ny\u00edl\u00f3 ablak<\/li>\n<li>120 x 90 Buk\u00f3 ablak<\/li>\n<li>120 x 120 Buk\u00f3-ny\u00edl\u00f3 ablak<\/li>\n<li>120 x 150 Buk\u00f3-ny\u00edl\u00f3 ablak<\/li>\n<li>150 x 150 Buk\u00f3-ny\u00edl\u00f3 ablak<\/li>\n<li>150 x 150 K\u00e9tsz\u00e1rny\u00fa k\u00f6z\u00e9pen felny\u00edl\u00f3 ablak<\/li>\n<li>150 x 150 K\u00e9tsz\u00e1rny\u00fa tokosztott ablak<\/li>\n<\/ul>\n<p>Akci\u00f3s szabv\u00e1nym\u00e9ret\u0171 ablakok.<\/p>\n<p><strong>Az akci\u00f3s szabv\u00e1nym\u00e9ret\u0171 ablak \u00e1rakr\u00f3l \u00e9rdekl\u0151dj\u00f6n el\u00e9rhet\u0151s\u00e9geinken!<\/strong><br \/>&nbsp;<\/p>\n","protected":false},"author":1,"featured_media":1120,"parent":0,"menu_order":0,"comment_status":"closed","ping_status":"closed","template":"","meta":{"footnotes":""},"class_list":["post-618","page","type-page","status-publish","has-post-thumbnail","hentry"],"_links":{"self":[{"href":"https:\/\/www.ablakkarter.hu\/index.php?rest_route=\/wp\/v2\/pages\/618","targetHints":{"allow":["GET"]}}],"collection":[{"href":"https:\/\/www.ablakkarter.hu\/index.php?rest_route=\/wp\/v2\/pages"}],"about":[{"href":"https:\/\/www.ablakkarter.hu\/index.php?rest_route=\/wp\/v2\/types\/page"}],"author":[{"embeddable":true,"href":"https:\/\/www.ablakkarter.hu\/index.php?rest_route=\/wp\/v2\/users\/1"}],"replies":[{"embeddable":true,"href":"https:\/\/www.ablakkarter.hu\/index.php?rest_route=%2Fwp%2Fv2%2Fcomments&post=618"}],"version-history":[{"count":1,"href":"https:\/\/www.ablakkarter.hu\/index.php?rest_route=\/wp\/v2\/pages\/618\/revisions"}],"predecessor-version":[{"id":1085,"href":"https:\/\/www.ablakkarter.hu\/index.php?rest_route=\/wp\/v2\/pages\/618\/revisions\/1085"}],"wp:featuredmedia":[{"embeddable":true,"href":"https:\/\/www.ablakkarter.hu\/index.php?rest_route=\/wp\/v2\/media\/1120"}],"wp:attachment":[{"href":"https:\/\/www.ablakkarter.hu\/index.php?rest_route=%2Fwp%2Fv2%2Fmedia&parent=618"}],"curies":[{"name":"wp","href":"https:\/\/api.w.org\/{rel}","templated":true}]}}