{"id":602,"date":"2013-05-27T07:47:28","date_gmt":"2013-05-27T07:47:28","guid":{"rendered":"https:\/\/www.ablakkarter.hu\/cpl-belteri-ajto\/"},"modified":"2026-03-19T15:40:42","modified_gmt":"2026-03-19T15:40:42","slug":"cpl-belteri-ajto","status":"publish","type":"page","link":"https:\/\/www.ablakkarter.hu\/?page_id=602","title":{"rendered":"CPL f\u00f3li\u00e1s Belt\u00e9ri ajt\u00f3"},"content":{"rendered":"\n<h2 class=\"wp-block-heading has-large-font-size\"><strong>&nbsp;CPL f\u00f3li\u00e1s belt\u00e9ri ajt\u00f3 sz\u00ednek \u00e9s tulajdons\u00e1gaik<\/strong><\/h2>\n\n\n\n<hr class=\"wp-block-separator has-css-opacity\"\/>\n\n\n\n<p class=\"has-large-font-size\"><\/p>\n\n\n\n<p class=\"has-medium-font-size\">CPL (Continuously Pressed Laminates)&nbsp;&#8211; hasonl\u00f3an a Dekor fel\u00fclethez &#8211; egy nyomtatott mint\u00e1zat, er\u0151s faforg\u00e1cslap lemezre ragasztva. Komoly k\u00fcl\u00f6nbs\u00e9g a Dekor lemezhez k\u00e9pest az a plusz fed\u0151r\u00e9teg, amit\u0151l a CPL fel\u00fclet ellen\u00e1ll\u00f3v\u00e1, kop\u00e1s\u00e1ll\u00f3v\u00e1, kis m\u00e9rt\u00e9kben karcmentess\u00e9, k\u00f6nnyen kezelhet\u0151v\u00e9 v\u00e1lik.<\/p>\n\n\n\n<p class=\"has-medium-font-size\">A CPL ajt\u00f3k gy\u00e1rt\u00e1stechnol\u00f3gi\u00e1ja \u2013 ellent\u00e9tben a Dekor ajt\u00f3kkal \u2013 lehet\u0151v\u00e9 teszi, hogy az ajt\u00f3kat a megrendel\u0151 ig\u00e9nyei alapj\u00e1n egyedi m\u00e9retben k\u00e9sz\u00edts\u00fck el, illetve a mint\u00e1zat sz\u00e1lir\u00e1nya is tetsz\u0151legesen megv\u00e1laszthat\u00f3.Az ajt\u00f3k v\u00edzszintes \u00e9s f\u00fcgg\u0151leges sz\u00e1lir\u00e1nnyal, illetve ezek kombin\u00e1l\u00e1s\u00e1val egyar\u00e1nt rendelhet\u0151k.<\/p>\n\n\n\n<p class=\"has-medium-font-size\">A CPL fel\u00fclet\u0171 belt\u00e9ri ajt\u00f3 karbantart\u00e1st nem ig\u00e9nyel, teljes m\u00e9rt\u00e9kben gondoz\u00e1smentes.<\/p>\n\n\n\n<p class=\"has-medium-font-size\"><strong>Az egyedi CPL ajt\u00f3k el\u0151nyei:<\/strong><\/p>\n\n\n\n<p class=\"has-medium-font-size\"><img decoding=\"async\" src=\"https:\/\/borovi.eu\/media\/wysiwyg\/yes_small.jpg\" alt=\"\">\u25cb   Kop\u00e1s\u00e1ll\u00f3, kis m\u00e9rt\u00e9kben karc\u00e1ll\u00f3 CPL fel\u00fclet<br><img decoding=\"async\" src=\"https:\/\/borovi.eu\/media\/wysiwyg\/yes_small.jpg\" alt=\"\">\u25cb   Er\u0151s faforg\u00e1cslap hordoz\u00f3 fel\u00fclet<br><img decoding=\"async\" src=\"https:\/\/borovi.eu\/media\/wysiwyg\/yes_small.jpg\" alt=\"\">\u25cb   Egyedi m\u00e9retben k\u00e9sz\u00fcl fel\u00e1r n\u00e9lk\u00fcl*<br><img decoding=\"async\" src=\"https:\/\/borovi.eu\/media\/wysiwyg\/yes_small.jpg\" alt=\"\">\u25cb   29 \u00faj modern st\u00edlus\u00fa, \u00e9leth\u0171 famint\u00e1zattal illetve homog\u00e9n feh\u00e9r sz\u00ednben rendelhet\u0151<br>(Aland feny\u0151, Amerikai di\u00f3, Antracit t\u00f6lgy, Aragon t\u00f6lgy, Chromix ez\u00fcst, Chromix feh\u00e9r, Chromix bronz, Dijon di\u00f3, Doh\u00e1ny t\u00f6lgy, \u00c9szaki t\u00f6lgy, Feh\u00e9r ak\u00e1c, Feh\u00e9r len, Feh\u00e9r Gladstone t\u00f6lgy, Feh\u00e9r t\u00f6lgy, Fineline feh\u00e9r, F\u00fcst\u00f6lt t\u00f6lgy, Gleccser feh\u00e9r, Gladstone t\u00f6lgy, Grafit sz\u00fcrke, Homokb\u00e9zs, Lorenzo t\u00f6lgy, Nat\u00far hickory, Nat\u00far t\u00f6lgy, \u00d3nos t\u00f6lgy, Plat\u00e1n, Sharman t\u00f6lgy, Silver t\u00f6lgy, Tabak di\u00f3, Tonsberg t\u00f6lgy.)<br><img decoding=\"async\" src=\"https:\/\/borovi.eu\/media\/wysiwyg\/yes_small.jpg\" alt=\"\"> \u25cb   Extra opci\u00f3k\u00e9nt a famint\u00e1zat sz\u00e1lir\u00e1nya is v\u00e1laszthat\u00f3 fel\u00e1r n\u00e9lk\u00fcl<\/p>\n\n\n<div class=\"wp-block-image wp-duotone-unset-1\">\n<figure class=\"aligncenter size-full is-resized\"><img loading=\"lazy\" decoding=\"async\" width=\"725\" height=\"746\" src=\"https:\/\/www.ablakkarter.hu\/wp-content\/uploads\/2025\/04\/BOROVI_szinminta_karterablak-1.jpg\" alt=\"\" class=\"wp-image-1793\" style=\"width:472px;height:auto\" srcset=\"https:\/\/www.ablakkarter.hu\/wp-content\/uploads\/2025\/04\/BOROVI_szinminta_karterablak-1.jpg 725w, https:\/\/www.ablakkarter.hu\/wp-content\/uploads\/2025\/04\/BOROVI_szinminta_karterablak-1-600x617.jpg 600w, https:\/\/www.ablakkarter.hu\/wp-content\/uploads\/2025\/04\/BOROVI_szinminta_karterablak-1-292x300.jpg 292w\" sizes=\"auto, (max-width: 725px) 100vw, 725px\" \/><\/figure>\n<\/div>\n\n\n<p class=\"has-medium-font-size\"><\/p>\n\n\n<div class=\"wp-block-image\">\n<figure class=\"aligncenter size-large\"><img loading=\"lazy\" decoding=\"async\" width=\"1024\" height=\"690\" src=\"https:\/\/www.ablakkarter.hu\/wp-content\/uploads\/2025\/04\/BOROVI_CPL_karterablak-1024x690.jpg\" alt=\"\" class=\"wp-image-1795\" srcset=\"https:\/\/www.ablakkarter.hu\/wp-content\/uploads\/2025\/04\/BOROVI_CPL_karterablak-1024x690.jpg 1024w, https:\/\/www.ablakkarter.hu\/wp-content\/uploads\/2025\/04\/BOROVI_CPL_karterablak-600x404.jpg 600w, https:\/\/www.ablakkarter.hu\/wp-content\/uploads\/2025\/04\/BOROVI_CPL_karterablak-300x202.jpg 300w, https:\/\/www.ablakkarter.hu\/wp-content\/uploads\/2025\/04\/BOROVI_CPL_karterablak-768x517.jpg 768w, https:\/\/www.ablakkarter.hu\/wp-content\/uploads\/2025\/04\/BOROVI_CPL_karterablak.jpg 1137w\" sizes=\"auto, (max-width: 1024px) 100vw, 1024px\" \/><\/figure>\n<\/div>\n\n\n<p class=\"has-medium-font-size\">A CPL f\u00f3li\u00e1s belt\u00e9ri ajt\u00f3 fel\u00e1r n\u00e9lk\u00fcl f\u00fcgg\u0151leges sz\u00e1lir\u00e1ny eset\u00e9n maximum sz\u00e9less\u00e9g: 110 x magass\u00e1g: 220 cm-es m\u00e9retig, \u00e9s 15 cm falvastags\u00e1gig. V\u00edzszintes sz\u00e1lir\u00e1ny eset\u00e9n a CLP f\u00f3li\u00e1s belt\u00e9ri ajt\u00f3 maxim\u00e1lis magass\u00e1ga 210 cm.<\/p>\n\n\n\n<p>&nbsp;<\/p>\n\n\n\n<p class=\"has-medium-font-size\">A CPL &nbsp;ajt\u00f3k frontlemeze \u00e9s a tok frontlemeze CPL azaz lamin\u00e1lt (l\u00e1sd rajz). A lamin\u00e1l\u00e1s folyam\u00e1n melamin gyant\u00e1val beitatj\u00e1k \u00e9s pr\u00e9selik a dekorf\u00f3li\u00e1t egy speci\u00e1lis elj\u00e1r\u00e1ssal (CPL lemez gy\u00e1rt\u00f3ja az EGGER). Ez az elj\u00e1r\u00e1s egy bizonyos f\u00e9nyess\u00e9get \u00e9s egy fel\u00fcleti strukt\u00far\u00e1t ill. sz\u00ednt eredm\u00e9nyez. A CPL fel\u00fcletet az EGGER kivitelezi. Az EGGER term\u00e9keib\u0151l k\u00e9sz\u00edtj\u00fck az ajtajainkat. A dekorf\u00f3li\u00e1k alkalmaz\u00e1sa a t\u00f6bbi fel\u00fcleten technol\u00f3gi\u00e1b\u00f3l ad\u00f3d\u00f3an elker\u00fclhetetlen.<\/p>\n\n\n\n<div class=\"wp-block-buttons is-content-justification-center is-layout-flex wp-container-core-buttons-is-layout-16018d1d wp-block-buttons-is-layout-flex\">\n<div class=\"wp-block-button has-custom-width wp-block-button__width-100 is-style-fill\"><a class=\"wp-block-button__link has-vivid-cyan-blue-background-color has-background has-large-font-size has-custom-font-size wp-element-button\" href=\"http:\/\/ajtotervezo.borovi.eu\" target=\"_blank\" rel=\"noreferrer noopener\">Egyedi m\u00e9ret\u0171 <mark style=\"background-color:rgba(0, 0, 0, 0)\" class=\"has-inline-color has-black-color\">CPL f\u00f3li\u00e1s ajt\u00f3tervez\u0151<\/mark><\/a><\/div>\n\n\n\n<div class=\"wp-block-button has-custom-width wp-block-button__width-50 is-style-fill\"><a class=\"wp-block-button__link has-cyan-bluish-gray-background-color has-background has-large-font-size has-custom-font-size wp-element-button\" href=\"https:\/\/borovi.eu\/borovikatalogus\/\" target=\"_blank\" rel=\"noreferrer noopener\">Term\u00e9kismertet\u0151 megtekint\u00e9se<\/a><\/div>\n<\/div>\n\n\n\n<p class=\"has-medium-font-size\">Mivel a dekorf\u00f3lia nem esik lamin\u00e1l\u00e1sos elj\u00e1r\u00e1s al\u00e1 ez\u00e9rt:<\/p>\n\n\n\n<p class=\"has-medium-font-size\">&#8211; fel\u00fclete elt\u00e9r\u0151 f\u00e9nyess\u00e9g\u0171<br>&#8211; \u00e9rz\u00e9kenyebb a fizikai behat\u00e1sokkal szemben<br>&#8211; nem t\u00f6k\u00e9letesen sz\u00edn azonos.<br>&#8211; sz\u00ednek jelent\u0151s r\u00e9sz\u00e9ben a farezet is csak hasonl\u00f3, de nem azonos.<br><br><\/p>\n\n\n\n<figure class=\"wp-block-image size-large\"><img loading=\"lazy\" decoding=\"async\" width=\"1024\" height=\"335\" src=\"https:\/\/www.ablakkarter.hu\/wp-content\/uploads\/2025\/09\/cplstrorecplszinek-1024x335.png\" alt=\"\" class=\"wp-image-9115\" srcset=\"https:\/\/www.ablakkarter.hu\/wp-content\/uploads\/2025\/09\/cplstrorecplszinek-1024x335.png 1024w, https:\/\/www.ablakkarter.hu\/wp-content\/uploads\/2025\/09\/cplstrorecplszinek-600x196.png 600w, https:\/\/www.ablakkarter.hu\/wp-content\/uploads\/2025\/09\/cplstrorecplszinek-300x98.png 300w, https:\/\/www.ablakkarter.hu\/wp-content\/uploads\/2025\/09\/cplstrorecplszinek-768x251.png 768w, https:\/\/www.ablakkarter.hu\/wp-content\/uploads\/2025\/09\/cplstrorecplszinek-1536x502.png 1536w, https:\/\/www.ablakkarter.hu\/wp-content\/uploads\/2025\/09\/cplstrorecplszinek-2048x669.png 2048w\" sizes=\"auto, (max-width: 1024px) 100vw, 1024px\" \/><\/figure>\n\n\n\n<div class=\"wp-block-buttons is-content-justification-center is-layout-flex wp-container-core-buttons-is-layout-16018d1d wp-block-buttons-is-layout-flex\">\n<div class=\"wp-block-button has-custom-width wp-block-button__width-100 is-style-fill\"><a class=\"wp-block-button__link has-vivid-cyan-blue-background-color has-background has-large-font-size has-custom-font-size wp-element-button\" href=\"https:\/\/cplajtotervezo.hu\/\" target=\"_blank\" rel=\"noreferrer noopener\">Szabv\u00e1ny m\u00e9ret\u0171 <mark style=\"background-color:rgba(0, 0, 0, 0)\" class=\"has-inline-color has-black-color\">CPL f\u00f3li\u00e1s ajt\u00f3tervez\u0151<\/mark><\/a><\/div>\n\n\n\n<div class=\"wp-block-button has-custom-width wp-block-button__width-50 is-style-fill\"><a class=\"wp-block-button__link has-cyan-bluish-gray-background-color has-background has-large-font-size has-custom-font-size wp-element-button\" href=\"https:\/\/cplstore.hu\/wp-content\/uploads\/2023\/0https:\/\/cplstore.hu\/wp-content\/uploads\/2025\/01\/CPL_Store-Katalogus_2025.01.01.-tol.pdf\" target=\"_blank\" rel=\"noreferrer noopener\">Katal\u00f3gus megtekint\u00e9se<\/a><\/div>\n<\/div>\n\n\n\n<div data-wp-interactive=\"core\/file\" class=\"wp-block-file\"><object data-wp-bind--hidden=\"!state.hasPdfPreview\" hidden class=\"wp-block-file__embed\" data=\"https:\/\/www.ablakkarter.hu\/wp-content\/uploads\/2025\/09\/CPL_Store-Katalogus_2025.01.01.-tol.pdf\" type=\"application\/pdf\" style=\"width:100%;height:600px\" aria-label=\"CPL_Store-Katalogus_2025.01.01.-t\u0151l be\u00e1gyaz\u00e1sa\"><\/object><a id=\"wp-block-file--media-a6e71c36-5c62-4df2-8431-bbb06618d7c3\" href=\"https:\/\/www.ablakkarter.hu\/wp-content\/uploads\/2025\/09\/CPL_Store-Katalogus_2025.01.01.-tol.pdf\">CPL_Store-Katalogus_2025.01.01.-t\u0151l<\/a><a href=\"https:\/\/www.ablakkarter.hu\/wp-content\/uploads\/2025\/09\/CPL_Store-Katalogus_2025.01.01.-tol.pdf\" class=\"wp-block-file__button wp-element-button\" download aria-describedby=\"wp-block-file--media-a6e71c36-5c62-4df2-8431-bbb06618d7c3\">Let\u00f6lt\u00e9s<\/a><\/div>\n\n\n<div class=\"wp-block-image\">\n<figure class=\"aligncenter size-full is-resized\"><img loading=\"lazy\" decoding=\"async\" width=\"800\" height=\"561\" src=\"https:\/\/www.ablakkarter.hu\/wp-content\/uploads\/2022\/04\/Fel_let_metszet_CPL_GER_B_TOKKAL_resize_1.jpg\" alt=\"\" class=\"wp-image-1440\" style=\"width:693px;height:486px\" srcset=\"https:\/\/www.ablakkarter.hu\/wp-content\/uploads\/2022\/04\/Fel_let_metszet_CPL_GER_B_TOKKAL_resize_1.jpg 800w, https:\/\/www.ablakkarter.hu\/wp-content\/uploads\/2022\/04\/Fel_let_metszet_CPL_GER_B_TOKKAL_resize_1-600x421.jpg 600w, https:\/\/www.ablakkarter.hu\/wp-content\/uploads\/2022\/04\/Fel_let_metszet_CPL_GER_B_TOKKAL_resize_1-300x210.jpg 300w, https:\/\/www.ablakkarter.hu\/wp-content\/uploads\/2022\/04\/Fel_let_metszet_CPL_GER_B_TOKKAL_resize_1-768x539.jpg 768w\" sizes=\"auto, (max-width: 800px) 100vw, 800px\" \/><\/figure>\n<\/div>\n\n<div class=\"wp-block-image\">\n<figure class=\"aligncenter size-full is-resized\"><img loading=\"lazy\" decoding=\"async\" width=\"800\" height=\"561\" src=\"https:\/\/www.ablakkarter.hu\/wp-content\/uploads\/2022\/04\/Fel_let_metszet_CPL_UTH_TOKKAL_resize_1-2.jpg\" alt=\"\" class=\"wp-image-1448\" style=\"width:699px;height:490px\" srcset=\"https:\/\/www.ablakkarter.hu\/wp-content\/uploads\/2022\/04\/Fel_let_metszet_CPL_UTH_TOKKAL_resize_1-2.jpg 800w, https:\/\/www.ablakkarter.hu\/wp-content\/uploads\/2022\/04\/Fel_let_metszet_CPL_UTH_TOKKAL_resize_1-2-600x421.jpg 600w, https:\/\/www.ablakkarter.hu\/wp-content\/uploads\/2022\/04\/Fel_let_metszet_CPL_UTH_TOKKAL_resize_1-2-300x210.jpg 300w, https:\/\/www.ablakkarter.hu\/wp-content\/uploads\/2022\/04\/Fel_let_metszet_CPL_UTH_TOKKAL_resize_1-2-768x539.jpg 768w\" sizes=\"auto, (max-width: 800px) 100vw, 800px\" \/><\/figure>\n<\/div>","protected":false},"excerpt":{"rendered":"<p><iframe loading=\"lazy\" height=\"3535\" id=\"idIframe\" scrolling=\"no\" seamless=\"\" src=\"http:\/\/borovi.eu\/index.php\/hu\/External?id=48\" width=\"700\"><\/iframe><\/p>\n<h2 class=\"art-postheader\"><span style=\"font-size:16px;\"><strong><span style=\"font-family: verdana,geneva,sans-serif;\">A CPL f\u00f3li\u00e1s belt\u00e9ri ajt\u00f3k egyedi m\u00e9retre gy\u00e1rt\u00e1sa fel\u00e1r n\u00e9lk\u00fcl! <\/span><\/strong><\/span><\/h2>\n<h2 class=\"art-postheader\" style=\"text-align: left;\"><strong><span style=\"font-size:14px;\"><span style=\"font-family: verdana,geneva,sans-serif;\">A CPL fel\u00fclet\u0171 belt\u00e9ri ajt\u00f3 karbantart\u00e1st nem ig\u00e9nyel, teljes m\u00e9rt\u00e9kben gondoz\u00e1smentes.<\/p>\n<p>Az egyedi CPL ajt\u00f3k el\u0151nyei:<\/p>\n<p><img decoding=\"async\" alt=\"\" src=\"http:\/\/borovi.eu\/media\/wysiwyg\/yes_small.jpg\" \/>Kop\u00e1s\u00e1ll\u00f3, kis m\u00e9rt\u00e9kben karc\u00e1ll\u00f3 CPL fel\u00fclet<br \/><img decoding=\"async\" alt=\"\" src=\"http:\/\/borovi.eu\/media\/wysiwyg\/yes_small.jpg\" \/>Er\u0151s faforg\u00e1cslap hordoz\u00f3 fel\u00fclet<br \/><img decoding=\"async\" alt=\"\" src=\"http:\/\/borovi.eu\/media\/wysiwyg\/yes_small.jpg\" \/>Egyedi m\u00e9retben k\u00e9sz\u00fcl fel\u00e1r n\u00e9lk\u00fcl*<br \/><img decoding=\"async\" alt=\"\" src=\"http:\/\/borovi.eu\/media\/wysiwyg\/yes_small.jpg\" \/>13 modern st\u00edlus\u00fa, \u00e9leth\u0171 famint\u00e1zattal illetve homog\u00e9n feh\u00e9r sz\u00ednben rendelhet\u0151<br \/><img decoding=\"async\" alt=\"\" src=\"http:\/\/borovi.eu\/media\/wysiwyg\/yes_small.jpg\" \/>Extra opci\u00f3k\u00e9nt a famint\u00e1zat sz\u00e1lir\u00e1nya is v\u00e1laszthat\u00f3 fel\u00e1r n\u00e9lk\u00fcl<\/span><\/span><\/strong><\/h2>\n<h2 class=\"art-postheader\" style=\"text-align: left;\"><strong><span style=\"font-size:14px;\"><span style=\"font-family: verdana,geneva,sans-serif;\">A CPL f\u00f3li\u00e1s egysz\u00e1rny\u00fa belt\u00e9ri ajt\u00f3 maxim\u00e1lis m\u00e9rete <strong><span style=\"font-size:14px;\"><span style=\"font-family: verdana,geneva,sans-serif;\">* fel\u00e1r n\u00e9lk\u00fcl f\u00fcgg\u0151leges sz\u00e1l\u00edr\u00e1ny eset\u00e9n<\/span><\/span><\/strong>:&nbsp;&nbsp; Sz\u00e9less\u00e9g:110cm * Magass\u00e1g:220cm<\/span><\/span><\/strong>, <strong><span style=\"font-size:14px;\"><span style=\"font-family: verdana,geneva,sans-serif;\">15cm-es falvastags\u00e1gig. <\/span><\/span><\/strong><\/h2>\n<h2 class=\"art-postheader\" style=\"text-align: left;\"><strong><span style=\"font-size:14px;\"><span style=\"font-family: verdana,geneva,sans-serif;\">V\u00edzszintes sz\u00e1l\u00edr\u00e1ny eset\u00e9n a CPL f\u00f3li\u00e1s belt\u00e9ri ajt\u00f3 maxim\u00e1lis magass\u00e1g 210 cm.<\/span><\/span><\/strong><\/h2>\n<h2 class=\"art-postheader\"><a href=\"\/szabvany-dekor-ajtok\"><span style=\"color:#ffd700;\">Tov\u00e1bb a szabv\u00e1ny dekor ajt\u00f3khoz<\/span><\/a><\/h2>\n<p><script type=\"text\/javascript\">\n   document.getElementById('idIframe').style.padding = 0;\n   document.getElementById('idIframe').style.margin = 0;\n   document.getElementById('idIframe').style.border = 0;\n<\/script><\/p>\n","protected":false},"author":1,"featured_media":0,"parent":0,"menu_order":0,"comment_status":"closed","ping_status":"closed","template":"","meta":{"footnotes":""},"class_list":["post-602","page","type-page","status-publish","hentry"],"_links":{"self":[{"href":"https:\/\/www.ablakkarter.hu\/index.php?rest_route=\/wp\/v2\/pages\/602","targetHints":{"allow":["GET"]}}],"collection":[{"href":"https:\/\/www.ablakkarter.hu\/index.php?rest_route=\/wp\/v2\/pages"}],"about":[{"href":"https:\/\/www.ablakkarter.hu\/index.php?rest_route=\/wp\/v2\/types\/page"}],"author":[{"embeddable":true,"href":"https:\/\/www.ablakkarter.hu\/index.php?rest_route=\/wp\/v2\/users\/1"}],"replies":[{"embeddable":true,"href":"https:\/\/www.ablakkarter.hu\/index.php?rest_route=%2Fwp%2Fv2%2Fcomments&post=602"}],"version-history":[{"count":38,"href":"https:\/\/www.ablakkarter.hu\/index.php?rest_route=\/wp\/v2\/pages\/602\/revisions"}],"predecessor-version":[{"id":9117,"href":"https:\/\/www.ablakkarter.hu\/index.php?rest_route=\/wp\/v2\/pages\/602\/revisions\/9117"}],"wp:attachment":[{"href":"https:\/\/www.ablakkarter.hu\/index.php?rest_route=%2Fwp%2Fv2%2Fmedia&parent=602"}],"curies":[{"name":"wp","href":"https:\/\/api.w.org\/{rel}","templated":true}]}}