{"id":6,"date":"2012-05-24T20:19:00","date_gmt":"2012-05-24T20:19:00","guid":{"rendered":"https:\/\/www.ablakkarter.hu\/uzleteink\/"},"modified":"2026-03-11T13:45:07","modified_gmt":"2026-03-11T13:45:07","slug":"uzleteink","status":"publish","type":"page","link":"https:\/\/www.ablakkarter.hu\/?page_id=6","title":{"rendered":"\u00dczleteink"},"content":{"rendered":"\n<div style=\"height:100px\" aria-hidden=\"true\" class=\"wp-block-spacer\"><\/div>\n\n\n\n<hr class=\"wp-block-separator has-alpha-channel-opacity is-style-default\"\/>\n\n\n\n<p class=\"has-black-color has-text-color has-link-color has-medium-font-size wp-elements-17795d5856635826142520f21b574cdf\">\u25cf <strong>Karter Ablak Kft. \u2013 BAJA<\/strong><br><br>C\u00edm: 6500 Baja, D\u00e9ri Frigyes s\u00e9t\u00e1ny 11\/A.<br>Telefon\/Fax:<br>06-79\/320-165<br>Mobil:<br>06-70\/616-5093<br>06-70\/616-5096<br>GPS koordin\u00e1t\u00e1k:<br>X 18,953 Y 46,179<br>E-mail: karterablak@gmail.com ; baja@ablakkarter.hu<\/p>\n\n\n\n<iframe src=\"https:\/\/www.google.com\/maps\/embed?pb=!1m18!1m12!1m3!1d2762.594338998378!2d18.950206510960555!3d46.178730370974044!2m3!1f0!2f0!3f0!3m2!1i1024!2i768!4f13.1!3m3!1m2!1s0x47431ff2e4f40001%3A0x2baf4aaf3d0ad38!2sBaja%2C%20D%C3%A9ri%20Frigyes%20stny.%2011%2FA%2C%206500!5e0!3m2!1shu!2shu!4v1773235722921!5m2!1shu!2shu\" width=\"600\" height=\"450\" style=\"border:0;\" allowfullscreen=\"\" loading=\"lazy\" referrerpolicy=\"no-referrer-when-downgrade\"><\/iframe>\n\n\n\n<hr class=\"wp-block-separator has-alpha-channel-opacity is-style-default\"\/>\n\n\n\n<p class=\"has-black-color has-text-color has-link-color has-medium-font-size wp-elements-ec518d8f40281c651322edccf7e6053e\">\u25cf <strong>Karter Ablak Kft. \u2013 BAJA II.<\/strong><br><br>C\u00edm: 6500 Baja, Szegedi \u00fat 61.<br>Mobil: 06-70\/361-2592<br>E-mail: karterablak@gmail.com ; web@ablakkarter.hu<\/p>\n\n\n\n<iframe src=\"https:\/\/www.google.com\/maps\/embed?pb=!1m18!1m12!1m3!1d2762.28995119784!2d18.963852610961073!3d46.1847884709743!2m3!1f0!2f0!3f0!3m2!1i1024!2i768!4f13.1!3m3!1m2!1s0x47431f942045dded%3A0x98d752644bba2e50!2sBaja%2C%20Szegedi%20%C3%BAt%2061%2C%206500!5e0!3m2!1shu!2shu!4v1773235686237!5m2!1shu!2shu\" width=\"600\" height=\"450\" style=\"border:0;\" allowfullscreen=\"\" loading=\"lazy\" referrerpolicy=\"no-referrer-when-downgrade\"><\/iframe>\n\n\n\n<hr class=\"wp-block-separator has-alpha-channel-opacity is-style-default\"\/>\n\n\n\n<p class=\"has-black-color has-text-color has-link-color has-medium-font-size wp-elements-f64e36936461d8aa6c10187124dc2568\">\u25cf <strong>Karter Ablak Kft. \u2013 KALOCSA<\/strong><br><br>C\u00edm: 6300 Kalocsa, Szent Istv\u00e1n kir\u00e1ly \u00fat 80.<br>Mobil: 06-70\/413-1296<br>E-mail: karterablak@gmail.com ; kalocsa@ablakkarter.hu<\/p>\n\n\n\n<iframe src=\"https:\/\/www.google.com\/maps\/embed?pb=!1m18!1m12!1m3!1d2745.212693067343!2d18.97982981098563!3d46.52369287099059!2m3!1f0!2f0!3f0!3m2!1i1024!2i768!4f13.1!3m3!1m2!1s0x474257076032f559%3A0xbb0faa0c743d5b12!2zS2Fsb2NzYSwgU3plbnQgSXN0dsOhbiBraXLDoWx5IMO6dCA4MCwgNjMwMA!5e0!3m2!1shu!2shu!4v1773235659120!5m2!1shu!2shu\" width=\"600\" height=\"450\" style=\"border:0;\" allowfullscreen=\"\" loading=\"lazy\" referrerpolicy=\"no-referrer-when-downgrade\"><\/iframe>\n\n\n\n<hr class=\"wp-block-separator has-alpha-channel-opacity is-style-default\"\/>\n\n\n\n<p class=\"has-black-color has-text-color has-link-color has-medium-font-size wp-elements-e23524f7fd51f91259905e13868db073\">\u25cf <strong>Karter Ablak Kft. \u2013 KISK\u0150R\u00d6S<\/strong><br><br>C\u00edm: 6200 Kisk\u0151r\u00f6s, Pet\u0151fi S\u00e1ndor \u00fat 24.<br>Mobil: 06-70\/361-2578<br>E-mail: karterablak@gmail.com ; kiskoros@ablakkarter.hu<\/p>\n\n\n\n<iframe src=\"https:\/\/www.google.com\/maps\/embed?pb=!1m18!1m12!1m3!1d2740.5032632561874!2d19.286015010992365!3d46.616818870995715!2m3!1f0!2f0!3f0!3m2!1i1024!2i768!4f13.1!3m3!1m2!1s0x4743b2589f3ea0b5%3A0xcb484adeb99f27dd!2zS2lza8WRcsO2cywgUGV0xZFmaSBTw6FuZG9yIMO6dCAyNCwgNjIwMA!5e0!3m2!1shu!2shu!4v1773235604655!5m2!1shu!2shu\" width=\"600\" height=\"450\" style=\"border:0;\" allowfullscreen=\"\" loading=\"lazy\" referrerpolicy=\"no-referrer-when-downgrade\"><\/iframe>\n\n\n\n<hr class=\"wp-block-separator has-alpha-channel-opacity is-style-default\"\/>\n","protected":false},"excerpt":{"rendered":"<div class=\"left\" style=\"float:left;width:300px;\">\n<p><span style=\"font-size:16px;\"><strong><u>Karter Ablak Kft. &#8211; Baja <\/u><\/strong><\/span><\/p>\n<p><span style=\"font-size:16px;\">C\u00edm: 6500 Baja, D\u00e9ri Frigyes s\u00e9t\u00e1ny 11\/A<\/span><\/p>\n<p><span style=\"font-size:16px;\">Telefon\/Fax:<\/span><\/p>\n<p><span style=\"font-size:16px;\">06-79\/320-165<\/span><\/p>\n<p><span style=\"font-size:16px;\">Mobil:<\/span><\/p>\n<p><span style=\"font-size:16px;\">06-70\/616-50-93<\/span><\/p>\n<p><span style=\"font-size:16px;\">06-70\/616-50 -96<\/span><\/p>\n<p><span style=\"font-size:16px;\">GPS koordin\u00e1t\u00e1k:<\/span><\/p>\n<p><span style=\"font-size:16px;\">X 18,953 Y 46,179<\/span><\/p>\n<p><span style=\"font-size:16px;\">E-mail: <a href=\"mailto:karterablak@gmail.com\">karterablak@gmail.com<\/a><\/span><\/p>\n<p>&nbsp;<\/p>\n<p><span style=\"font-size:16px;\"><strong><u>Karter Ablak Kft. &#8211; Kalocsa<\/u><\/strong><\/span><\/p>\n<p><span style=\"font-size:16px;\">6300 Kalocsa, Szent Istv\u00e1n kir\u00e1ly u. 80.&nbsp;&nbsp;&nbsp;&nbsp;&nbsp;&nbsp;&nbsp;&nbsp;&nbsp;&nbsp;&nbsp;<\/span><\/p>\n<p><span style=\"font-size:16px;\">Mobil: 06-70\/413-12-96<\/span><\/p>\n<p><span style=\"font-size:16px;\">Email: karterablak@gmail.com<\/span><\/p>\n<p>&nbsp;<\/p>\n<p><span style=\"font-size:16px;\"><strong><u>Karter Ablak Kft. &#8211; Szeksz\u00e1rd<\/u><\/strong><\/span><\/p>\n<p><span style=\"font-size:16px;\">7100 Szeksz\u00e1rd, R\u00e1k\u00f3czi Ferenc u. 15&lrm;<\/span><\/p>\n<p><span style=\"font-size:16px;\">Mobil: 06-70\/385-33-06<\/span><\/p>\n<p><span style=\"font-size:16px;\">Email: <a href=\"mailto:karterablak@gmail.com\">karterablak@gmail.com<\/a><\/span><\/p>\n<\/div>\n<div class=right style=\"margin-left:300px;margin-top:10px;\"><?php\n  drupal_set_html_head('<script src=\"http:\/\/maps.google.com\/maps?file=api&amp;v=2&amp;key=AIzaSyDcyvPq17TqGD_Sm3TedUKr5g1CvtguTvI\"\n      type=\"text\/javascript\"><\/script><br \/>\n    <script type=\"text\/javascript\"><\/p>\n<p>    \/\/<![CDATA[\n\n    function load() {\n      if (GBrowserIsCompatible()) {\n\t  \n\t    function createMarker(point,html) {\n        var marker = new GMarker(point);\n        GEvent.addListener(marker, \"click\", function() {\n          marker.openInfoWindowHtml(html);\n        });\n\n        \/\/ The new marker \"mouseover\" listener        \n        GEvent.addListener(marker,\"mouseover\", function() {\n          marker.openInfoWindowHtml(html);\n        });        \n        \n        return marker;\n      }\n\t  \n      var map = new GMap2(document.getElementById(\"map\"));\n      map.addControl(new GLargeMapControl());\n      map.addControl(new GMapTypeControl());\n      map.setCenter(new GLatLng(46.399988,18.911591), 10);\n      map.setMapType(G_HYBRID_MAP);\n    \n      var point = new GLatLng(46.17882,18.953218);\n      var marker = createMarker(point,\"<font color=\\'red\\' face=\\'Verdana\\'>6500 Baja, D\u00e9ri Frigyes s\u00e9t\u00e1ny 11\/A.<\/font>\")\n      map.addOverlay(marker);\n\n      var point = new GLatLng(46.524161,18.982229);\n      var marker = createMarker(point,\"<font color=\\'red\\' face=\\'Verdana\\'>6300 Kalocsa, Szent Istv\u00e1n kir\u00e1ly u. 80.<\/font>\")\n      map.addOverlay(marker);\n\n      var point = new GLatLng(46.353208,18.703108);\n      var marker = createMarker(point,\"<font color=\\'red\\' face=\\'Verdana\\'>7100 Szeksz\u00e1rd, R\u00e1k\u00f3czi Ferenc u. 15.<\/font>\")\n      map.addOverlay(marker);\n      }\n    }\n\n    \/\/]]>\n    <\/script><br \/>\n    <script type=\"text\/javascript\">\n    window.onload = function() {\n      load();\n    }\n    window.onunload = function() {\n      GUnload();\n    } \n  <\/script>&#8216;);<br \/>\n?><\/p>\n<p><?php print ('\n\n<div align=\"center\">\n<div id=\"map\" style=\"width: 420px; height: 660px\"><\/div>\n<\/div>\n<p>&#8216;); ?><\/p>\n<\/div>\n","protected":false},"author":1,"featured_media":16695,"parent":0,"menu_order":0,"comment_status":"closed","ping_status":"open","template":"","meta":{"footnotes":""},"class_list":["post-6","page","type-page","status-publish","has-post-thumbnail","hentry"],"_links":{"self":[{"href":"https:\/\/www.ablakkarter.hu\/index.php?rest_route=\/wp\/v2\/pages\/6","targetHints":{"allow":["GET"]}}],"collection":[{"href":"https:\/\/www.ablakkarter.hu\/index.php?rest_route=\/wp\/v2\/pages"}],"about":[{"href":"https:\/\/www.ablakkarter.hu\/index.php?rest_route=\/wp\/v2\/types\/page"}],"author":[{"embeddable":true,"href":"https:\/\/www.ablakkarter.hu\/index.php?rest_route=\/wp\/v2\/users\/1"}],"replies":[{"embeddable":true,"href":"https:\/\/www.ablakkarter.hu\/index.php?rest_route=%2Fwp%2Fv2%2Fcomments&post=6"}],"version-history":[{"count":27,"href":"https:\/\/www.ablakkarter.hu\/index.php?rest_route=\/wp\/v2\/pages\/6\/revisions"}],"predecessor-version":[{"id":16709,"href":"https:\/\/www.ablakkarter.hu\/index.php?rest_route=\/wp\/v2\/pages\/6\/revisions\/16709"}],"wp:featuredmedia":[{"embeddable":true,"href":"https:\/\/www.ablakkarter.hu\/index.php?rest_route=\/wp\/v2\/media\/16695"}],"wp:attachment":[{"href":"https:\/\/www.ablakkarter.hu\/index.php?rest_route=%2Fwp%2Fv2%2Fmedia&parent=6"}],"curies":[{"name":"wp","href":"https:\/\/api.w.org\/{rel}","templated":true}]}}