{"id":580,"date":"2013-03-18T12:54:36","date_gmt":"2013-03-18T12:54:36","guid":{"rendered":"https:\/\/www.ablakkarter.hu\/toloajto\/"},"modified":"2026-03-17T15:37:20","modified_gmt":"2026-03-17T15:37:20","slug":"toloajto","status":"publish","type":"page","link":"https:\/\/www.ablakkarter.hu\/?page_id=580","title":{"rendered":"Tol\u00f3ajt\u00f3"},"content":{"rendered":"\n<figure class=\"wp-block-image size-large\"><img loading=\"lazy\" decoding=\"async\" width=\"1024\" height=\"683\" src=\"https:\/\/www.ablakkarter.hu\/wp-content\/uploads\/2026\/03\/Smoovio-Slide-toloajto-Muszaki-adatok-1024x683.jpg\" alt=\"\" class=\"wp-image-16854\" srcset=\"https:\/\/www.ablakkarter.hu\/wp-content\/uploads\/2026\/03\/Smoovio-Slide-toloajto-Muszaki-adatok-1024x683.jpg 1024w, https:\/\/www.ablakkarter.hu\/wp-content\/uploads\/2026\/03\/Smoovio-Slide-toloajto-Muszaki-adatok-300x200.jpg 300w, https:\/\/www.ablakkarter.hu\/wp-content\/uploads\/2026\/03\/Smoovio-Slide-toloajto-Muszaki-adatok-768x512.jpg 768w, https:\/\/www.ablakkarter.hu\/wp-content\/uploads\/2026\/03\/Smoovio-Slide-toloajto-Muszaki-adatok.jpg 1536w\" sizes=\"auto, (max-width: 1024px) 100vw, 1024px\" \/><\/figure>\n\n\n\n<p><\/p>\n\n\n<p style=\"text-align: center;\"><img loading=\"lazy\" decoding=\"async\" class=\" size-full wp-image-571\" src=\"https:\/\/www.ablakkarter.hu\/wp-content\/uploads\/2013\/03\/toloajto1.jpg\" alt=\"\" width=\"436\" height=\"269\" srcset=\"https:\/\/www.ablakkarter.hu\/wp-content\/uploads\/2013\/03\/toloajto1.jpg 436w, https:\/\/www.ablakkarter.hu\/wp-content\/uploads\/2013\/03\/toloajto1-300x185.jpg 300w\" sizes=\"auto, (max-width: 436px) 100vw, 436px\" \/><\/p>\n<p style=\"text-align: center;\"><img loading=\"lazy\" decoding=\"async\" class=\" size-full wp-image-577\" src=\"https:\/\/www.ablakkarter.hu\/wp-content\/uploads\/2013\/03\/toloajto2.jpg\" alt=\"\" width=\"604\" height=\"219\" srcset=\"https:\/\/www.ablakkarter.hu\/wp-content\/uploads\/2013\/03\/toloajto2.jpg 604w, https:\/\/www.ablakkarter.hu\/wp-content\/uploads\/2013\/03\/toloajto2-600x218.jpg 600w, https:\/\/www.ablakkarter.hu\/wp-content\/uploads\/2013\/03\/toloajto2-300x109.jpg 300w\" sizes=\"auto, (max-width: 604px) 100vw, 604px\" \/><\/p>\n<p><span style=\"font-size: 16px;\"><span style=\"font-family: verdana,geneva,sans-serif;\"><strong>Tol\u00f3ajt\u00f3k nyit\u00e1sm\u00f3djai<\/strong><\/span><\/span><\/p>\n<p><span style=\"font-size: 16px;\"><span style=\"font-family: verdana,geneva,sans-serif;\">A tol\u00f3ajt\u00f3k h\u00e1rom v\u00e1ltozatban kaphat\u00f3k:<\/span><\/span><\/p>\n<ul>\n<li><span style=\"font-size: 16px;\"><span style=\"font-family: verdana,geneva,sans-serif;\">Buk\u00f3 tol\u00f3ajt\u00f3<\/span><\/span><\/li>\n<li><span style=\"font-size: 16px;\"><span style=\"font-family: verdana,geneva,sans-serif;\">Emel\u0151 tol\u00f3ajt\u00f3<\/span><\/span><\/li>\n<li><span style=\"font-size: 16px;\"><span style=\"font-family: verdana,geneva,sans-serif;\">Harmonika ajt\u00f3 rendszerek<\/span><\/span><\/li>\n<\/ul>\n<p style=\"text-align: center;\"><span style=\"font-size: 16px;\"><strong><span style=\"font-family: verdana,geneva,sans-serif;\">Nagy \u00fcvegfel\u00fcleteket szeretne? \u00d3ri\u00e1si ajt\u00f3kat, \u00f3ri\u00e1si ablakokat?<\/span><\/strong><\/span><\/p>\n<p style=\"text-align: center;\"><span style=\"font-size: 16px;\"><strong><span style=\"font-family: verdana,geneva,sans-serif;\">T\u00f6k\u00e9letes kil\u00e1t\u00e1st? T\u00f6k\u00e9letes panor\u00e1m\u00e1t? <\/span><\/strong><\/span><\/p>\n<p style=\"text-align: center;\"><span style=\"font-size: 16px;\"><strong><span style=\"font-family: verdana,geneva,sans-serif;\">A Karter Ablak Kft megoldja!<\/span><\/strong><\/span><\/p>\n<p><span style=\"font-size: 18px;\"><span style=\"font-family: verdana,geneva,sans-serif;\"><strong>Buk\u00f3 tol\u00f3ajt\u00f3<\/strong><\/span><\/span><\/p>\n<p><span style=\"font-size: 16px;\"><span style=\"font-family: verdana,geneva,sans-serif;\">A tol\u00f3ajt\u00f3k nagy \u00fcvegfel\u00fclete megteremti a t\u00e1gas \u00e9s vil\u00e1gos otthon \u00e9rzet\u00e9t, valamint a takar\u00e9kos helykihaszn\u00e1l\u00e1st. A term\u00e9szet \u00e9s a kert rossz id\u0151 eset\u00e9n is mindennapi \u00e9let elv\u00e1laszthatatlan r\u00e9sz\u00e9v\u00e9 v\u00e1lik. Gy\u00f6ny\u00f6r\u0171 id\u0151ben az ajt\u00f3 eltolva egyszer\u0171en \u00e9s k\u00e9nyelmesen kinyithat\u00f3. A speci\u00e1lis tol\u00f3 rendszernek k\u00f6sz\u00f6nhet\u0151en m\u00e9g a nagym\u00e9ret\u0171 tol\u00f3ajt\u00f3k is meger\u0151ltet\u00e9s n\u00e9lk\u00fcl mozgathat\u00f3k.<\/span><\/span><\/p>\n<p><span style=\"font-size: 16px;\"><span style=\"font-family: verdana,geneva,sans-serif;\"><img loading=\"lazy\" decoding=\"async\" class=\" size-full wp-image-578\" src=\"https:\/\/www.ablakkarter.hu\/wp-content\/uploads\/2013\/03\/toloajto3.jpg\" alt=\"\" width=\"602\" height=\"234\" srcset=\"https:\/\/www.ablakkarter.hu\/wp-content\/uploads\/2013\/03\/toloajto3.jpg 602w, https:\/\/www.ablakkarter.hu\/wp-content\/uploads\/2013\/03\/toloajto3-600x233.jpg 600w, https:\/\/www.ablakkarter.hu\/wp-content\/uploads\/2013\/03\/toloajto3-300x117.jpg 300w\" sizes=\"auto, (max-width: 602px) 100vw, 602px\" \/><\/span><\/span><\/p>\n<p><span style=\"font-size: 18px;\"><span style=\"font-family: verdana,geneva,sans-serif;\"><strong>Emel\u0151 tol\u00f3ajt\u00f3<\/strong><\/span><\/span><\/p>\n<p><img loading=\"lazy\" decoding=\"async\" class=\" size-full wp-image-579\" src=\"https:\/\/www.ablakkarter.hu\/wp-content\/uploads\/2013\/03\/emelo_toloajto.jpg\" alt=\"\" width=\"600\" height=\"339\" srcset=\"https:\/\/www.ablakkarter.hu\/wp-content\/uploads\/2013\/03\/emelo_toloajto.jpg 600w, https:\/\/www.ablakkarter.hu\/wp-content\/uploads\/2013\/03\/emelo_toloajto-300x170.jpg 300w\" sizes=\"auto, (max-width: 600px) 100vw, 600px\" \/><\/p>\n<p><span style=\"font-size: 16px;\"><span style=\"font-family: verdana,geneva,sans-serif;\">K\u00fcl\u00f6n\u00f6sen nagy teraszajt\u00f3k eset\u00e9ben aj\u00e1nlott emel\u0151-tol\u00f3 ajt\u00f3t v\u00e1lasztani. Az emel\u0151 tol\u00f3ajt\u00f3 k\u00f6nnyen \u00e9s k\u00e9nyelmesen m\u0171k\u00f6dtethet\u0151. A mozg\u00f3 sz\u00e1rnyak minim\u00e1lis er\u0151kifejt\u00e9ssel eltolhat\u00f3k. A nagy tol\u00f3ajt\u00f3 kilincs seg\u00edts\u00e9g\u00e9vel az ajt\u00f3sz\u00e1rny megemelkedik \u00e9s nagyon k\u00f6nnyen tov\u00e1bb tolhat\u00f3. Az emel\u0151 tol\u00f3ajt\u00f3 ig\u00e9ny szerint k\u00e9t vagy ak\u00e1r n\u00e9gysz\u00e1rny\u00fa v\u00e1ltozatban is gy\u00e1rthat\u00f3k.<\/span><\/span><\/p>\n<p><span style=\"font-size: 16px;\"><span style=\"font-family: verdana,geneva,sans-serif;\"><strong>El\u0151nyei:<\/strong><\/span><\/span><\/p>\n<ul>\n<li><span style=\"font-size: 16px;\"><span style=\"font-family: verdana,geneva,sans-serif;\">A tol\u00f3ajt\u00f3k a megszokottn\u00e1l nagyobb m\u00e9retekben is gy\u00e1rthat\u00f3k<\/span><\/span><\/li>\n<li><span style=\"font-size: 16px;\"><span style=\"font-family: verdana,geneva,sans-serif;\">T\u00f6k\u00e9letes csap\u00f3es\u0151 elleni szigetel\u00e9s<\/span><\/span><\/li>\n<li><span style=\"font-size: 16px;\"><span style=\"font-family: verdana,geneva,sans-serif;\">Fokozott bet\u00f6r\u00e9sv\u00e9delem<\/span><\/span><\/li>\n<li><span style=\"font-size: 16px;\"><span style=\"font-family: verdana,geneva,sans-serif;\">Alacsony k\u00fcsz\u00f6b<\/span><\/span><\/li>\n<li><span style=\"font-size: 16px;\"><span style=\"font-family: verdana,geneva,sans-serif;\">Nagyon j\u00f3 h\u0151szigetel\u00e9si tulajdons\u00e1gok<\/span><\/span><\/li>\n<li><span style=\"font-size: 16px;\"><span style=\"font-family: verdana,geneva,sans-serif;\">Egyedi sz\u00ednv\u00e1laszt\u00e1si lehet\u0151s\u00e9g a k\u00fcls\u0151 \u00e9s bels\u0151 oldalon<\/span><\/span><\/li>\n<\/ul>\n<p><strong><span style=\"font-size: 16px;\"><span style=\"font-family: verdana,geneva,sans-serif;\">A buk\u00f3-tol\u00f3 ajt\u00f3 \u00e1rakr\u00f3l \u00e9s az emel\u0151-tol\u00f3 ajt\u00f3 \u00e1rakr\u00f3l \u00e9rdekl\u0151dj\u00f6n el\u00e9rhet\u0151s\u00e9geinken! <\/span><\/span><\/strong><\/p>\n<h2 class=\"art-postheader\"><a href=\"\/harmonika-ajto-0\"><span style=\"color: #ffd700;\"><strong><span style=\"font-size: 14px;\">Tov\u00e1bb a harmonika ajt\u00f3khoz<\/span><\/strong><\/span><\/a><\/h2>","protected":false},"excerpt":{"rendered":"<p style=\"text-align: center;\"><img loading=\"lazy\" decoding=\"async\" class=\" size-full wp-image-571\" alt=\"\" src=\"https:\/\/www.ablakkarter.hu\/wp-content\/uploads\/2013\/03\/toloajto1.jpg\" width=\"436\" height=\"269\" srcset=\"https:\/\/www.ablakkarter.hu\/wp-content\/uploads\/2013\/03\/toloajto1.jpg 436w, https:\/\/www.ablakkarter.hu\/wp-content\/uploads\/2013\/03\/toloajto1-300x185.jpg 300w\" sizes=\"auto, (max-width: 436px) 100vw, 436px\" \/><\/p>\n<p style=\"text-align: center;\"><img loading=\"lazy\" decoding=\"async\" class=\" size-full wp-image-577\" alt=\"\" src=\"https:\/\/www.ablakkarter.hu\/wp-content\/uploads\/2013\/03\/toloajto2.jpg\" width=\"604\" height=\"219\" srcset=\"https:\/\/www.ablakkarter.hu\/wp-content\/uploads\/2013\/03\/toloajto2.jpg 604w, https:\/\/www.ablakkarter.hu\/wp-content\/uploads\/2013\/03\/toloajto2-600x218.jpg 600w, https:\/\/www.ablakkarter.hu\/wp-content\/uploads\/2013\/03\/toloajto2-300x109.jpg 300w\" sizes=\"auto, (max-width: 604px) 100vw, 604px\" \/><\/p>\n<p><span style=\"font-size:16px;\"><span style=\"font-family: verdana,geneva,sans-serif;\"><strong>Tol\u00f3ajt\u00f3k nyit\u00e1sm\u00f3djai<\/strong><\/span><\/span><\/p>\n<p><span style=\"font-size:16px;\"><span style=\"font-family: verdana,geneva,sans-serif;\">A tol\u00f3ajt\u00f3k h\u00e1rom v\u00e1ltozatban kaphat\u00f3k:<\/span><\/span><\/p>\n<ul>\n<li><span style=\"font-size:16px;\"><span style=\"font-family: verdana,geneva,sans-serif;\">Buk\u00f3 tol\u00f3ajt\u00f3<\/span><\/span><\/li>\n<li><span style=\"font-size:16px;\"><span style=\"font-family: verdana,geneva,sans-serif;\">Emel\u0151 tol\u00f3ajt\u00f3<\/span><\/span><\/li>\n<li><span style=\"font-size:16px;\"><span style=\"font-family: verdana,geneva,sans-serif;\">Harmonika ajt\u00f3 rendszerek<\/span><\/span><\/li>\n<\/ul>\n<p style=\"text-align: center;\"><span style=\"font-size:16px;\"><strong><span style=\"font-family: verdana,geneva,sans-serif;\">Nagy \u00fcvegfel\u00fcleteket szeretne? \u00d3ri\u00e1si ajt\u00f3kat, \u00f3ri\u00e1si ablakokat?<\/span><\/strong><\/span><\/p>\n<p style=\"text-align: center;\"><span style=\"font-size:16px;\"><strong><span style=\"font-family: verdana,geneva,sans-serif;\">T\u00f6k\u00e9letes kil\u00e1t\u00e1st? T\u00f6k\u00e9letes panor\u00e1m\u00e1t? <\/span><\/strong><\/span><\/p>\n<p style=\"text-align: center;\"><span style=\"font-size:16px;\"><strong><span style=\"font-family: verdana,geneva,sans-serif;\">A Karter Ablak Kft megoldja!<\/span><\/strong><\/span><\/p>\n<p><span style=\"font-size:18px;\"><span style=\"font-family: verdana,geneva,sans-serif;\"><strong>Buk\u00f3 tol\u00f3ajt\u00f3<\/strong><\/span><\/span><\/p>\n<p><span style=\"font-size:16px;\"><span style=\"font-family: verdana,geneva,sans-serif;\">A tol\u00f3ajt\u00f3k nagy \u00fcvegfel\u00fclete megteremti a t\u00e1gas \u00e9s vil\u00e1gos otthon \u00e9rzet\u00e9t, valamint a takar\u00e9kos helykihaszn\u00e1l\u00e1st. A term\u00e9szet \u00e9s a kert rossz id\u0151 eset\u00e9n is mindennapi \u00e9let elv\u00e1laszthatatlan r\u00e9sz\u00e9v\u00e9 v\u00e1lik. Gy\u00f6ny\u00f6r\u0171 id\u0151ben az ajt\u00f3 eltolva egyszer\u0171en \u00e9s k\u00e9nyelmesen kinyithat\u00f3. A speci\u00e1lis tol\u00f3 rendszernek k\u00f6sz\u00f6nhet\u0151en m\u00e9g a nagym\u00e9ret\u0171 tol\u00f3ajt\u00f3k is meger\u0151ltet\u00e9s n\u00e9lk\u00fcl mozgathat\u00f3k.<\/span><\/span><\/p>\n<p><span style=\"font-size:16px;\"><span style=\"font-family: verdana,geneva,sans-serif;\"><img loading=\"lazy\" decoding=\"async\" class=\" size-full wp-image-578\" alt=\"\" src=\"https:\/\/www.ablakkarter.hu\/wp-content\/uploads\/2013\/03\/toloajto3.jpg\" width=\"602\" height=\"234\" srcset=\"https:\/\/www.ablakkarter.hu\/wp-content\/uploads\/2013\/03\/toloajto3.jpg 602w, https:\/\/www.ablakkarter.hu\/wp-content\/uploads\/2013\/03\/toloajto3-600x233.jpg 600w, https:\/\/www.ablakkarter.hu\/wp-content\/uploads\/2013\/03\/toloajto3-300x117.jpg 300w\" sizes=\"auto, (max-width: 602px) 100vw, 602px\" \/><\/span><\/span><\/p>\n<p>&nbsp;<\/p>\n<p><span style=\"font-size:18px;\"><span style=\"font-family: verdana,geneva,sans-serif;\"><strong>Emel\u0151 tol\u00f3ajt\u00f3<\/strong><\/span><\/span><\/p>\n<p><img loading=\"lazy\" decoding=\"async\" class=\" size-full wp-image-579\" alt=\"\" src=\"https:\/\/www.ablakkarter.hu\/wp-content\/uploads\/2013\/03\/emelo_toloajto.jpg\" width=\"600\" height=\"339\" srcset=\"https:\/\/www.ablakkarter.hu\/wp-content\/uploads\/2013\/03\/emelo_toloajto.jpg 600w, https:\/\/www.ablakkarter.hu\/wp-content\/uploads\/2013\/03\/emelo_toloajto-300x170.jpg 300w\" sizes=\"auto, (max-width: 600px) 100vw, 600px\" \/><\/p>\n<p><span style=\"font-size:16px;\"><span style=\"font-family: verdana,geneva,sans-serif;\">K\u00fcl\u00f6n\u00f6sen nagy teraszajt\u00f3k eset\u00e9ben aj\u00e1nlott emel\u0151-tol\u00f3 ajt\u00f3t v\u00e1lasztani. Az emel\u0151 tol\u00f3ajt\u00f3 k\u00f6nnyen \u00e9s k\u00e9nyelmesen m\u0171k\u00f6dtethet\u0151. A mozg\u00f3 sz\u00e1rnyak minim\u00e1lis er\u0151kifejt\u00e9ssel eltolhat\u00f3k. A nagy tol\u00f3ajt\u00f3 kilincs seg\u00edts\u00e9g\u00e9vel az ajt\u00f3sz\u00e1rny megemelkedik \u00e9s nagyon k\u00f6nnyen tov\u00e1bb tolhat\u00f3. Az emel\u0151 tol\u00f3ajt\u00f3 ig\u00e9ny szerint k\u00e9t vagy ak\u00e1r n\u00e9gysz\u00e1rny\u00fa v\u00e1ltozatban is gy\u00e1rthat\u00f3k.<\/span><\/span><\/p>\n<p><span style=\"font-size:16px;\"><span style=\"font-family: verdana,geneva,sans-serif;\"><strong>El\u0151nyei:<\/strong><\/span><\/span><\/p>\n<ul>\n<li><span style=\"font-size:16px;\"><span style=\"font-family: verdana,geneva,sans-serif;\">A tol\u00f3ajt\u00f3k a megszokottn\u00e1l nagyobb m\u00e9retekben is gy\u00e1rthat\u00f3k<\/span><\/span><\/li>\n<li><span style=\"font-size:16px;\"><span style=\"font-family: verdana,geneva,sans-serif;\">T\u00f6k\u00e9letes csap\u00f3es\u0151 elleni szigetel\u00e9s<\/span><\/span><\/li>\n<li><span style=\"font-size:16px;\"><span style=\"font-family: verdana,geneva,sans-serif;\">Fokozott bet\u00f6r\u00e9sv\u00e9delem<\/span><\/span><\/li>\n<li><span style=\"font-size:16px;\"><span style=\"font-family: verdana,geneva,sans-serif;\">Alacsony k\u00fcsz\u00f6b<\/span><\/span><\/li>\n<li><span style=\"font-size:16px;\"><span style=\"font-family: verdana,geneva,sans-serif;\">Nagyon j\u00f3 h\u0151szigetel\u00e9si tulajdons\u00e1gok<\/span><\/span><\/li>\n<li><span style=\"font-size:16px;\"><span style=\"font-family: verdana,geneva,sans-serif;\">Egyedi sz\u00ednv\u00e1laszt\u00e1si lehet\u0151s\u00e9g a k\u00fcls\u0151 \u00e9s bels\u0151 oldalon<\/span><\/span><\/li>\n<\/ul>\n<p><strong><span style=\"font-size:16px;\"><span style=\"font-family: verdana,geneva,sans-serif;\">A buk\u00f3-tol\u00f3 ajt\u00f3 \u00e1rakr\u00f3l \u00e9s az emel\u0151-tol\u00f3 ajt\u00f3 \u00e1rakr\u00f3l \u00e9rdekl\u0151dj\u00f6n el\u00e9rhet\u0151s\u00e9geinken! <\/span><\/span><\/strong><\/p>\n<h2 class=\"art-postheader\"><a href=\"\/harmonika-ajto-0\"><span style=\"color:#ffd700;\"><strong><span style=\"font-size: 14px;\">Tov\u00e1bb a harmonika ajt\u00f3khoz<\/span><\/strong><\/span><\/a><\/h2>\n","protected":false},"author":1,"featured_media":0,"parent":0,"menu_order":0,"comment_status":"closed","ping_status":"closed","template":"","meta":{"footnotes":""},"class_list":["post-580","page","type-page","status-publish","hentry"],"_links":{"self":[{"href":"https:\/\/www.ablakkarter.hu\/index.php?rest_route=\/wp\/v2\/pages\/580","targetHints":{"allow":["GET"]}}],"collection":[{"href":"https:\/\/www.ablakkarter.hu\/index.php?rest_route=\/wp\/v2\/pages"}],"about":[{"href":"https:\/\/www.ablakkarter.hu\/index.php?rest_route=\/wp\/v2\/types\/page"}],"author":[{"embeddable":true,"href":"https:\/\/www.ablakkarter.hu\/index.php?rest_route=\/wp\/v2\/users\/1"}],"replies":[{"embeddable":true,"href":"https:\/\/www.ablakkarter.hu\/index.php?rest_route=%2Fwp%2Fv2%2Fcomments&post=580"}],"version-history":[{"count":2,"href":"https:\/\/www.ablakkarter.hu\/index.php?rest_route=\/wp\/v2\/pages\/580\/revisions"}],"predecessor-version":[{"id":16855,"href":"https:\/\/www.ablakkarter.hu\/index.php?rest_route=\/wp\/v2\/pages\/580\/revisions\/16855"}],"wp:attachment":[{"href":"https:\/\/www.ablakkarter.hu\/index.php?rest_route=%2Fwp%2Fv2%2Fmedia&parent=580"}],"curies":[{"name":"wp","href":"https:\/\/api.w.org\/{rel}","templated":true}]}}