{"id":576,"date":"2013-03-18T10:36:51","date_gmt":"2013-03-18T10:36:51","guid":{"rendered":"https:\/\/www.ablakkarter.hu\/erkelyajto\/"},"modified":"2021-12-08T15:50:48","modified_gmt":"2021-12-08T15:50:48","slug":"erkelyajto","status":"publish","type":"page","link":"https:\/\/www.ablakkarter.hu\/?page_id=576","title":{"rendered":"Erk\u00e9lyajt\u00f3"},"content":{"rendered":"<p style=\"text-align: center;\"><img loading=\"lazy\" decoding=\"async\" class=\" size-full wp-image-574\" src=\"https:\/\/www.ablakkarter.hu\/wp-content\/uploads\/2013\/03\/erkelyajto1.jpg\" alt=\"\" width=\"457\" height=\"143\" srcset=\"https:\/\/www.ablakkarter.hu\/wp-content\/uploads\/2013\/03\/erkelyajto1.jpg 457w, https:\/\/www.ablakkarter.hu\/wp-content\/uploads\/2013\/03\/erkelyajto1-300x94.jpg 300w\" sizes=\"auto, (max-width: 457px) 100vw, 457px\" \/><\/p>\n<p style=\"text-align: center;\"><strong><span style=\"font-size: 16px;\"><span style=\"font-family: verdana,geneva,sans-serif;\">T\u00f6k\u00e9letes h\u0151szigetel\u00e9s\u0171, biztons\u00e1gos \u00e9s olcs\u00f3 erk\u00e9lyajt\u00f3t szeretne v\u00e1s\u00e1rolni?<\/span><\/span><\/strong><\/p>\n<p style=\"text-align: center;\"><span style=\"font-size: 16px;\"><span style=\"font-family: verdana,geneva,sans-serif;\"><strong>J\u00f3 helyen j\u00e1r!<\/strong><\/span><\/span><\/p>\n<p style=\"text-align: center;\"><strong><span style=\"font-size: 16px;\"><span style=\"font-family: verdana,geneva,sans-serif;\">Erk\u00e9lyajt\u00f3 v\u00e1s\u00e1rl\u00e1sa el\u0151tt l\u00e1togasson el az \u00d6nh\u00f6z legk\u00f6zelebb es\u0151 bemutat\u00f3term\u00fcnkbe \u00e9s k\u00e9rje koll\u00e9g\u00e1ink ingyenes szaktan\u00e1csad\u00e1s\u00e1t!<\/span><\/span><\/strong><\/p>\n<p><span style=\"font-size: 14px;\"><span style=\"font-family: verdana,geneva,sans-serif;\">\u00c9rdemes m\u00e1r az ablakv\u00e1s\u00e1rl\u00e1s, vagy az ablakcsere el\u0151tt v\u00e9giggondolni, hogy hogyan \u00e9s mire haszn\u00e1ljuk majd az erk\u00e9lyajt\u00f3t. Van olyan aki ritk\u00e1n, hetente, vagy csak havonta egyszer nyitja ki az erk\u00e9lyajt\u00f3t, \u00e9s csup\u00e1n csak a be\u00e1raml\u00f3 f\u00e9ny \u00e9s a t\u00e1gasabb lak\u00f3t\u00e9r miatt v\u00e1lasztja ezt a t\u00edpus\u00fa ny\u00edl\u00e1sz\u00e1r\u00f3t. Ezzel ellent\u00e9tben akad aki naponta t\u00f6bbsz\u00f6r \u00e1thalad az erk\u00e9lyajt\u00f3n, s\u0151t lehet, hogy s\u0171r\u0171bben haszn\u00e1lja mint a f\u0151bej\u00e1rati ajt\u00f3t. Az egyszer\u0171bb bels\u0151 kilincses tokk\u00fcsz\u00f6b\u00f6s erk\u00e9lyajt\u00f3, amit sokan csak olcs\u00f3 erk\u00e9lyajt\u00f3nak neveznek t\u00f6k\u00e9letes v\u00e1laszt\u00e1s azoknak akik ritk\u00e1n, vagy csak szell\u0151ztet\u00e9sre&nbsp; haszn\u00e1lj\u00e1k az erk\u00e9lyajt\u00f3t.<\/span><\/span><\/p>\n<p><span style=\"font-size: 14px;\"><span style=\"font-family: verdana,geneva,sans-serif;\">Az erk\u00e9lyajt\u00f3 alapkivitelben tokk\u00fcsz\u00f6bbel k\u00e9sz\u00fcl, vagyis a k\u00fcsz\u00f6b ugyanabb\u00f3l a m\u0171anyag profilb\u00f3l k\u00e9sz\u00fcl, mint a tok t\u00f6bbi r\u00e9sze. Ez azt jelenti, hogy \u00e1thalad\u00e1skor egy magasabb k\u00fcsz\u00f6b\u00f6t kell \u00e1tl\u00e9pn\u00fcnk. <\/span><\/span><\/p>\n<p><span style=\"font-size: 14px;\"><span style=\"font-family: verdana,geneva,sans-serif;\">Fel\u00e1r ellen\u00e9ben lehet\u0151s\u00e9g van alacsony alum\u00ednium k\u00fcsz\u00f6b alkalmaz\u00e1s\u00e1ra. Ha sokat \u00e9s sokszor haszn\u00e1lj\u00e1k az erk\u00e9lyajt\u00f3t akkor az alacsony k\u00fcsz\u00f6b\u00f6s vari\u00e1ci\u00f3t javasoljuk az esetleges botl\u00e1svesz\u00e9ly elker\u00fcl\u00e9se \u00e9rdek\u00e9ben.<\/span><\/span><\/p>\n<p><span style=\"font-size: 14px;\"><span style=\"font-family: verdana,geneva,sans-serif;\">Az erk\u00e9lyajt\u00f3, \u00fagy mint az ablak, bels\u0151 kilinccsel m\u0171k\u00f6dtethet\u0151. Hasznos kieg\u00e9sz\u00edt\u0151je a huzatz\u00e1r \u00e9s a beh\u00faz\u00f3 f\u00fcl melynek seg\u00edts\u00e9g\u00e9vel a teraszajt\u00f3 k\u00edv\u00fclr\u0151l is becsukhat\u00f3.&nbsp;<\/span><\/span><\/p>\n<p><span style=\"font-size: 14px;\"><span style=\"font-family: verdana,geneva,sans-serif;\">Ig\u00e9ny eset\u00e9n az erk\u00e9lyajt\u00f3 a nagyobb biztons\u00e1g \u00e9rdek\u00e9ben felszerelhet\u0151 \u00e1tmen\u0151 kilinccsel \u00e9s z\u00e1rral is.<\/span><\/span><\/p>\n<p><img loading=\"lazy\" decoding=\"async\" class=\" size-full wp-image-575\" style=\"width: 627px; height: 343px;\" src=\"https:\/\/www.ablakkarter.hu\/wp-content\/uploads\/2013\/03\/ketszarnyu_erkelyajto.jpg\" alt=\"K\u00e9tsz\u00e1rny\u00fa erk\u00e9lyajt\u00f3\" width=\"795\" height=\"435\" srcset=\"https:\/\/www.ablakkarter.hu\/wp-content\/uploads\/2013\/03\/ketszarnyu_erkelyajto.jpg 795w, https:\/\/www.ablakkarter.hu\/wp-content\/uploads\/2013\/03\/ketszarnyu_erkelyajto-600x328.jpg 600w, https:\/\/www.ablakkarter.hu\/wp-content\/uploads\/2013\/03\/ketszarnyu_erkelyajto-300x164.jpg 300w, https:\/\/www.ablakkarter.hu\/wp-content\/uploads\/2013\/03\/ketszarnyu_erkelyajto-768x420.jpg 768w\" sizes=\"auto, (max-width: 795px) 100vw, 795px\" \/><\/p>\n<p><span style=\"font-size: 14px;\"><span style=\"font-family: verdana,geneva,sans-serif;\"><b>A m\u0171anyag erk\u00e9lyajt\u00f3k m\u0171k\u00f6dtet\u00e9s\u00fck szerint az al\u00e1bbi v\u00e1ltozatokban gy\u00e1rthat\u00f3k:<\/b><\/span><\/span><\/p>\n<ul>\n<li><span style=\"font-size: 14px;\"><span style=\"font-family: verdana,geneva,sans-serif;\">Egysz\u00e1rny\u00fa ny\u00edl\u00f3 erk\u00e9lyajt\u00f3<\/span><\/span><\/li>\n<li><span style=\"font-size: 14px;\"><span style=\"font-family: verdana,geneva,sans-serif;\">Egysz\u00e1rny\u00fa buk\u00f3-ny\u00edl\u00f3 erk\u00e9lyajt\u00f3<\/span><\/span><\/li>\n<li><span style=\"font-size: 14px;\"><span style=\"font-family: verdana,geneva,sans-serif;\">K\u00e9tsz\u00e1rny\u00fa ny\u00edl\u00f3-ny\u00edl\u00f3 erk\u00e9lyajt\u00f3<\/span><\/span><\/li>\n<li><span style=\"font-size: 14px;\"><span style=\"font-family: verdana,geneva,sans-serif;\">K\u00e9tsz\u00e1rny\u00fa buk\u00f3-ny\u00edl\u00f3 erk\u00e9lyajt\u00f3<\/span><\/span><\/li>\n<li><span style=\"font-size: 14px;\"><span style=\"font-family: verdana,geneva,sans-serif;\">Tol\u00f3-buk\u00f3 erk\u00e9lyajt\u00f3<\/span><\/span><\/li>\n<li><span style=\"font-size: 14px;\"><span style=\"font-family: verdana,geneva,sans-serif;\">Emel\u0151-tol\u00f3 erk\u00e9lyajt\u00f3<\/span><\/span><\/li>\n<li><span style=\"font-size: 14px;\"><span style=\"font-family: verdana,geneva,sans-serif;\">Egysz\u00e1rny\u00fa ny\u00edl\u00f3 balkonajt\u00f3 (Er\u0151s\u00edtett erk\u00e9lyajt\u00f3)<\/span><\/span><\/li>\n<li><span style=\"font-size: 14px;\"><span style=\"font-family: verdana,geneva,sans-serif;\">K\u00e9tsz\u00e1rny\u00fa ny\u00edl\u00f3-ny\u00edl\u00f3 balkonajt\u00f3 (Er\u0151s\u00edtett k\u00e9tsz\u00e1rny\u00fa erk\u00e9lyajt\u00f3)<\/span><\/span><\/li>\n<li><span style=\"font-size: 14px;\"><span style=\"font-family: verdana,geneva,sans-serif;\">Harmonika ajt\u00f3<\/span><\/span><\/li>\n<\/ul>\n<p style=\"text-align: center;\"><img loading=\"lazy\" decoding=\"async\" class=\"shrinkToFit decoded\" src=\"http:\/\/ablakkarter.hu\/sites\/default\/files\/erkelyajto_huzatzar_0.jpg\" alt=\"http:\/\/ablakkarter.hu\/sites\/default\/files\/erkelyajto_huzatzar_0.jpg\" width=\"313\" height=\"365\"><\/p>\n<p style=\"text-align: center;\"><strong><span style=\"font-size: 16px;\"><span style=\"font-family: verdana,geneva,sans-serif;\">Az erk\u00e9lyajt\u00f3 \u00e1rakr\u00f3l \u00e9rdekl\u0151dj\u00f6n el\u00e9rhet\u0151s\u00e9geinken!<\/span><\/span><\/strong><\/p>\n<p style=\"text-align: center;\"><strong><a href=\"\/toloajto\"><span style=\"color: #ffd700;\"><span style=\"font-size: 16px;\"><span style=\"font-family: verdana,geneva,sans-serif;\">Tov\u00e1bb a buk\u00f3 \u00e9s tol\u00f3ajt\u00f3 oldalra<\/span><\/span><\/span><\/a><\/strong><\/p>\n<p style=\"text-align: center;\">\n","protected":false},"excerpt":{"rendered":"<p style=\"text-align: center;\"><img loading=\"lazy\" decoding=\"async\" class=\" size-full wp-image-574\" alt=\"\" src=\"https:\/\/www.ablakkarter.hu\/wp-content\/uploads\/2013\/03\/erkelyajto1.jpg\" width=\"457\" height=\"143\" srcset=\"https:\/\/www.ablakkarter.hu\/wp-content\/uploads\/2013\/03\/erkelyajto1.jpg 457w, https:\/\/www.ablakkarter.hu\/wp-content\/uploads\/2013\/03\/erkelyajto1-300x94.jpg 300w\" sizes=\"auto, (max-width: 457px) 100vw, 457px\" \/><\/p>\n<p style=\"text-align: center;\"><strong><span style=\"font-size:16px;\"><span style=\"font-family: verdana,geneva,sans-serif;\">T\u00f6k\u00e9letes h\u0151szigetel\u00e9s\u0171, biztons\u00e1gos \u00e9s olcs\u00f3 erk\u00e9lyajt\u00f3t szeretne v\u00e1s\u00e1rolni?<\/span><\/span><\/strong><\/p>\n<p style=\"text-align: center;\"><span style=\"font-size:16px;\"><span style=\"font-family: verdana,geneva,sans-serif;\"><strong>J\u00f3 helyen j\u00e1r!<\/strong><\/span><\/span><\/p>\n<p style=\"text-align: center;\"><strong><span style=\"font-size:16px;\"><span style=\"font-family: verdana,geneva,sans-serif;\">Erk\u00e9lyajt\u00f3 v\u00e1s\u00e1rl\u00e1sa el\u0151tt l\u00e1togasson el az \u00d6nh\u00f6z legk\u00f6zelebb es\u0151 bemutat\u00f3term\u00fcnkbe \u00e9s k\u00e9rje koll\u00e9g\u00e1ink ingyenes szaktan\u00e1csad\u00e1s\u00e1t!<\/span><\/span><\/strong><\/p>\n<p><span style=\"font-size:14px;\"><span style=\"font-family: verdana,geneva,sans-serif;\">\u00c9rdemes m\u00e1r az ablakv\u00e1s\u00e1rl\u00e1s, vagy az ablakcsere el\u0151tt v\u00e9giggondolni, hogy hogyan \u00e9s mire haszn\u00e1ljuk majd az erk\u00e9lyajt\u00f3t. Van olyan aki ritk\u00e1n, hetente, vagy csak havonta egyszer nyitja ki az erk\u00e9lyajt\u00f3t, \u00e9s csup\u00e1n csak a be\u00e1raml\u00f3 f\u00e9ny \u00e9s a t\u00e1gasabb lak\u00f3t\u00e9r miatt v\u00e1lasztja ezt a t\u00edpus\u00fa ny\u00edl\u00e1sz\u00e1r\u00f3t. Ezzel ellent\u00e9tben akad aki naponta t\u00f6bbsz\u00f6r \u00e1thalad az erk\u00e9lyajt\u00f3n, s\u0151t lehet, hogy s\u0171r\u0171bben haszn\u00e1lja mint a f\u0151bej\u00e1rati ajt\u00f3t. Az egyszer\u0171bb bels\u0151 kilincses tokk\u00fcsz\u00f6b\u00f6s erk\u00e9lyajt\u00f3, amit sokan csak olcs\u00f3 erk\u00e9lyajt\u00f3nak neveznek t\u00f6k\u00e9letes v\u00e1laszt\u00e1s azoknak akik ritk\u00e1n, vagy csak szell\u0151ztet\u00e9sre&nbsp; haszn\u00e1lj\u00e1k az erk\u00e9lyajt\u00f3t.<\/span><\/span><\/p>\n<p><span style=\"font-size:14px;\"><span style=\"font-family: verdana,geneva,sans-serif;\">Az erk\u00e9lyajt\u00f3 alapkivitelben tokk\u00fcsz\u00f6bbel k\u00e9sz\u00fcl, vagyis a k\u00fcsz\u00f6b ugyanabb\u00f3l a m\u0171anyag profilb\u00f3l k\u00e9sz\u00fcl, mint a tok t\u00f6bbi r\u00e9sze. Ez azt jelenti, hogy \u00e1thalad\u00e1skor egy magasabb k\u00fcsz\u00f6b\u00f6t kell \u00e1tl\u00e9pn\u00fcnk. <\/span><\/span><\/p>\n<p><span style=\"font-size:14px;\"><span style=\"font-family: verdana,geneva,sans-serif;\">Fel\u00e1r ellen\u00e9ben lehet\u0151s\u00e9g van alacsony alum\u00ednium k\u00fcsz\u00f6b alkalmaz\u00e1s\u00e1ra. Ha sokat \u00e9s sokszor haszn\u00e1lj\u00e1k az erk\u00e9lyajt\u00f3t akkor az alacsonyk\u00fcsz\u00f6b\u00f6s vari\u00e1ci\u00f3t javasoljuk az esetleges botl\u00e1svesz\u00e9ly elker\u0171l\u00e9se \u00e9rdek\u00e9ben.<\/span><\/span><\/p>\n<p><span style=\"font-size:14px;\"><span style=\"font-family: verdana,geneva,sans-serif;\">Az erk\u00e9lyajt\u00f3, \u00fagy mint az ablak, bels\u0151 kilinccsel m\u0171k\u00f6dtethet\u0151. Hasznos kieg\u00e9sz\u00edt\u0151je a huzatz\u00e1r \u00e9s a beh\u00faz\u00f3 f\u00fcl melynek seg\u00edts\u00e9g\u00e9vel a teraszajt\u00f3 k\u00edv\u00fclr\u0151l is becsukhat\u00f3.&nbsp;<\/span><\/span><\/p>\n<p><span style=\"font-size:14px;\"><span style=\"font-family: verdana,geneva,sans-serif;\">Ig\u00e9ny eset\u00e9n az erk\u00e9lyajt\u00f3 a nagyobb biztons\u00e1g \u00e9rdek\u00e9ben felszerelhet\u0151 \u00e1tmen\u0151 kilinccsel \u00e9s z\u00e1rral is.<\/span><\/span><\/p>\n<p>&nbsp;<img loading=\"lazy\" decoding=\"async\" class=\" size-full wp-image-575\" alt=\"K\u00e9tsz\u00e1rny\u00fa erk\u00e9lyajt\u00f3\" src=\"https:\/\/www.ablakkarter.hu\/wp-content\/uploads\/2013\/03\/ketszarnyu_erkelyajto.jpg\" style=\"width: 627px; height: 343px;\" width=\"795\" height=\"435\" srcset=\"https:\/\/www.ablakkarter.hu\/wp-content\/uploads\/2013\/03\/ketszarnyu_erkelyajto.jpg 795w, https:\/\/www.ablakkarter.hu\/wp-content\/uploads\/2013\/03\/ketszarnyu_erkelyajto-600x328.jpg 600w, https:\/\/www.ablakkarter.hu\/wp-content\/uploads\/2013\/03\/ketszarnyu_erkelyajto-300x164.jpg 300w, https:\/\/www.ablakkarter.hu\/wp-content\/uploads\/2013\/03\/ketszarnyu_erkelyajto-768x420.jpg 768w\" sizes=\"auto, (max-width: 795px) 100vw, 795px\" \/><\/p>\n<p><span style=\"font-size:14px;\"><span style=\"font-family: verdana,geneva,sans-serif;\"><b>A m\u0171anyag erk\u00e9lyajt\u00f3k m\u0171k\u00f6dtet\u00e9s\u00fck szerint az al\u00e1bbi v\u00e1ltozatokban gy\u00e1rthat\u00f3k:<\/b><\/span><\/span><\/p>\n<ul>\n<li><span style=\"font-size:14px;\"><span style=\"font-family: verdana,geneva,sans-serif;\">Egysz\u00e1rny\u00fa ny\u00edl\u00f3 erk\u00e9lyajt\u00f3<\/span><\/span><\/li>\n<li><span style=\"font-size:14px;\"><span style=\"font-family: verdana,geneva,sans-serif;\">Egysz\u00e1rny\u00fa buk\u00f3-ny\u00edl\u00f3 erk\u00e9lyajt\u00f3<\/span><\/span><\/li>\n<li><span style=\"font-size:14px;\"><span style=\"font-family: verdana,geneva,sans-serif;\">K\u00e9tsz\u00e1rny\u00fa ny\u00edl\u00f3-ny\u00edl\u00f3 erk\u00e9lyajt\u00f3<\/span><\/span><\/li>\n<li><span style=\"font-size:14px;\"><span style=\"font-family: verdana,geneva,sans-serif;\">K\u00e9tsz\u00e1rny\u00fa buk\u00f3-ny\u00edl\u00f3 erk\u00e9lyajt\u00f3<\/span><\/span><\/li>\n<li><span style=\"font-size:14px;\"><span style=\"font-family: verdana,geneva,sans-serif;\">Tol\u00f3-buk\u00f3 erk\u00e9lyajt\u00f3<\/span><\/span><\/li>\n<li><span style=\"font-size:14px;\"><span style=\"font-family: verdana,geneva,sans-serif;\">Emel\u0151-tol\u00f3 erk\u00e9lyajt\u00f3<\/span><\/span><\/li>\n<li><span style=\"font-size:14px;\"><span style=\"font-family: verdana,geneva,sans-serif;\">Egysz\u00e1rny\u00fa ny\u00edl\u00f3 balkonajt\u00f3 (Er\u0151s\u00edtett erk\u00e9lyajt\u00f3)<\/span><\/span><\/li>\n<li><span style=\"font-size:14px;\"><span style=\"font-family: verdana,geneva,sans-serif;\">K\u00e9tsz\u00e1rny\u00fa ny\u00edl\u00f3-ny\u00edl\u00f3 balkonajt\u00f3 (Er\u0151s\u00edtett k\u00e9tsz\u00e1rny\u00fa erk\u00e9lyajt\u00f3)<\/span><\/span><\/li>\n<li><span style=\"font-size:14px;\"><span style=\"font-family: verdana,geneva,sans-serif;\">Harmonika ajt\u00f3<\/span><\/span><\/li>\n<\/ul>\n<p style=\"text-align: center;\"><img loading=\"lazy\" decoding=\"async\" alt=\"http:\/\/ablakkarter.hu\/sites\/default\/files\/erkelyajto_huzatzar_0.jpg\" class=\"shrinkToFit decoded\" height=\"365\" src=\"http:\/\/ablakkarter.hu\/sites\/default\/files\/erkelyajto_huzatzar_0.jpg\" width=\"313\" \/><\/p>\n<p style=\"text-align: center;\"><strong><span style=\"font-size:16px;\"><span style=\"font-family: verdana,geneva,sans-serif;\">Az erk\u00e9lyajt\u00f3 \u00e1rakr\u00f3l \u00e9rdekl\u00f6dj\u00f6n el\u00e9rhet\u0151s\u00e9geinken!<\/span><\/span><\/strong><\/p>\n<p style=\"text-align: center;\"><strong><a href=\"\/toloajto\"><span style=\"color:#ffd700;\"><span style=\"font-size: 16px;\"><span style=\"font-family: verdana,geneva,sans-serif;\">Tov\u00e1bb a buk\u00f3 \u00e9s tol\u00f3ajt\u00f3 oldalra<\/span><\/span><\/span><\/a><\/strong><\/p>\n","protected":false},"author":1,"featured_media":1118,"parent":0,"menu_order":0,"comment_status":"closed","ping_status":"closed","template":"","meta":{"footnotes":""},"class_list":["post-576","page","type-page","status-publish","has-post-thumbnail","hentry"],"_links":{"self":[{"href":"https:\/\/www.ablakkarter.hu\/index.php?rest_route=\/wp\/v2\/pages\/576","targetHints":{"allow":["GET"]}}],"collection":[{"href":"https:\/\/www.ablakkarter.hu\/index.php?rest_route=\/wp\/v2\/pages"}],"about":[{"href":"https:\/\/www.ablakkarter.hu\/index.php?rest_route=\/wp\/v2\/types\/page"}],"author":[{"embeddable":true,"href":"https:\/\/www.ablakkarter.hu\/index.php?rest_route=\/wp\/v2\/users\/1"}],"replies":[{"embeddable":true,"href":"https:\/\/www.ablakkarter.hu\/index.php?rest_route=%2Fwp%2Fv2%2Fcomments&post=576"}],"version-history":[{"count":2,"href":"https:\/\/www.ablakkarter.hu\/index.php?rest_route=\/wp\/v2\/pages\/576\/revisions"}],"predecessor-version":[{"id":1162,"href":"https:\/\/www.ablakkarter.hu\/index.php?rest_route=\/wp\/v2\/pages\/576\/revisions\/1162"}],"wp:featuredmedia":[{"embeddable":true,"href":"https:\/\/www.ablakkarter.hu\/index.php?rest_route=\/wp\/v2\/media\/1118"}],"wp:attachment":[{"href":"https:\/\/www.ablakkarter.hu\/index.php?rest_route=%2Fwp%2Fv2%2Fmedia&parent=576"}],"curies":[{"name":"wp","href":"https:\/\/api.w.org\/{rel}","templated":true}]}}