{"id":573,"date":"2013-03-18T10:33:47","date_gmt":"2013-03-18T10:33:47","guid":{"rendered":"https:\/\/www.ablakkarter.hu\/teraszajto-erkelyajto\/"},"modified":"2026-03-17T15:35:13","modified_gmt":"2026-03-17T15:35:13","slug":"teraszajto-erkelyajto","status":"publish","type":"page","link":"https:\/\/www.ablakkarter.hu\/?page_id=573","title":{"rendered":"Teraszajt\u00f3 Erk\u00e9lyajt\u00f3"},"content":{"rendered":"<table style=\"width: 840px; height: 239px;\" cellspacing=\"1\" cellpadding=\"1\" border=\"1\">\n<tbody>\n<tr>\n<td style=\"text-align: center; background-color: #cc0000;\"><span style=\"font-size: 14px;\"><span style=\"font-family: verdana,geneva,sans-serif;\"><span style=\"font-size: 18px;\"><a href=\"\/erkelyajto\"><span style=\"color: #fff0f5;\">Erk\u00e9lyajt\u00f3<\/span><\/a><\/span><\/span><\/span><\/td>\n<td style=\"text-align: center; background-color: #cc0000;\"><span style=\"font-size: 18px;\"><span style=\"font-family: verdana,geneva,sans-serif;\"><a href=\"\/toloajto\"><span style=\"color: #fff0f5;\">Buk\u00f3-tol\u00f3 ajt\u00f3 \u00e9s Emel\u0151-tol\u00f3 ajt\u00f3<\/span><\/a> <\/span><\/span><\/td>\n<td style=\"text-align: center; background-color: #cc0000;\"><span style=\"font-size: 18px;\"><span style=\"font-family: verdana,geneva,sans-serif;\"><a href=\"\/harmonika-ajto-0\"><span style=\"color: #fff0f5;\">Harmonika ajt\u00f3<\/span><\/a><\/span><\/span><\/td>\n<\/tr>\n<tr>\n<td><a href=\"\/erkelyajto\"><img loading=\"lazy\" decoding=\"async\" class=\"size-full wp-image-570 aligncenter\" style=\"width: 193px; height: 190px;\" src=\"https:\/\/www.ablakkarter.hu\/wp-content\/uploads\/2013\/03\/erkelyajto2.jpg\" alt=\"Erk\u00e9lyajt\u00f3\" width=\"291\" height=\"287\" srcset=\"https:\/\/www.ablakkarter.hu\/wp-content\/uploads\/2013\/03\/erkelyajto2.jpg 291w, https:\/\/www.ablakkarter.hu\/wp-content\/uploads\/2013\/03\/erkelyajto2-100x100.jpg 100w\" sizes=\"auto, (max-width: 291px) 100vw, 291px\" \/><\/a><\/td>\n<td><a href=\"\/toloajto\"><img loading=\"lazy\" decoding=\"async\" class=\"size-full wp-image-571 aligncenter\" style=\"width: 308px; height: 190px;\" src=\"https:\/\/www.ablakkarter.hu\/wp-content\/uploads\/2013\/03\/toloajto1.jpg\" alt=\"\" width=\"436\" height=\"269\" srcset=\"https:\/\/www.ablakkarter.hu\/wp-content\/uploads\/2013\/03\/toloajto1.jpg 436w, https:\/\/www.ablakkarter.hu\/wp-content\/uploads\/2013\/03\/toloajto1-300x185.jpg 300w\" sizes=\"auto, (max-width: 436px) 100vw, 436px\" \/><\/a><\/td>\n<td><a href=\"\/harmonika-ajto-0\"><img loading=\"lazy\" decoding=\"async\" class=\"size-full wp-image-572 aligncenter\" style=\"width: 228px; height: 190px;\" src=\"https:\/\/www.ablakkarter.hu\/wp-content\/uploads\/2013\/03\/toloajto.jpg\" alt=\"\" width=\"320\" height=\"267\" srcset=\"https:\/\/www.ablakkarter.hu\/wp-content\/uploads\/2013\/03\/toloajto.jpg 320w, https:\/\/www.ablakkarter.hu\/wp-content\/uploads\/2013\/03\/toloajto-300x250.jpg 300w\" sizes=\"auto, (max-width: 320px) 100vw, 320px\" \/><\/a><\/td>\n<\/tr>\n<\/tbody>\n<\/table>\n","protected":false},"excerpt":{"rendered":"<table border=\"1\" cellpadding=\"1\" cellspacing=\"1\" style=\"width: 500px;\">\n<tbody>\n<tr>\n<td style=\"text-align: center; background-color: rgb(204, 0, 0);\"><span style=\"font-size:14px;\"><span style=\"font-family: verdana,geneva,sans-serif;\"><span style=\"font-size:18px;\"><a href=\"\/erkelyajto\"><span style=\"color: rgb(255, 240, 245);\">Erk\u00e9lyajt\u00f3<\/span><\/a><\/span><\/span><\/span><\/td>\n<td style=\"text-align: center; background-color: rgb(204, 0, 0);\"><span style=\"font-size:18px;\"><span style=\"font-family: verdana,geneva,sans-serif;\"><a href=\"\/toloajto\"><span style=\"color: rgb(255, 240, 245);\">Buk\u00f3-tol\u00f3 ajt\u00f3 \u00e9s Emel\u0151-tol\u00f3 ajt\u00f3<\/span><\/a><span style=\"color: rgb(255, 240, 245);\"> <\/span><\/span><\/span><\/td>\n<td style=\"text-align: center; background-color: rgb(204, 0, 0);\"><span style=\"font-size:18px;\"><span style=\"font-family: verdana,geneva,sans-serif;\"><a href=\"\/harmonika-ajto-0\"><span style=\"color: rgb(255, 240, 245);\">Harmonika ajt\u00f3<\/span><\/a><\/span><\/span><\/td>\n<\/tr>\n<tr>\n<td><a href=\"\/erkelyajto\"><img loading=\"lazy\" decoding=\"async\" class=\" size-full wp-image-570\" alt=\"Erk\u00e9lyajt\u00f3\" src=\"https:\/\/www.ablakkarter.hu\/wp-content\/uploads\/2013\/03\/erkelyajto2.jpg\" style=\"width: 193px; height: 190px;\" width=\"291\" height=\"287\" srcset=\"https:\/\/www.ablakkarter.hu\/wp-content\/uploads\/2013\/03\/erkelyajto2.jpg 291w, https:\/\/www.ablakkarter.hu\/wp-content\/uploads\/2013\/03\/erkelyajto2-100x100.jpg 100w\" sizes=\"auto, (max-width: 291px) 100vw, 291px\" \/><\/a><\/td>\n<td><a href=\"\/toloajto\"><img loading=\"lazy\" decoding=\"async\" class=\" size-full wp-image-571\" alt=\"\" src=\"https:\/\/www.ablakkarter.hu\/wp-content\/uploads\/2013\/03\/toloajto1.jpg\" style=\"width: 308px; height: 190px;\" width=\"436\" height=\"269\" srcset=\"https:\/\/www.ablakkarter.hu\/wp-content\/uploads\/2013\/03\/toloajto1.jpg 436w, https:\/\/www.ablakkarter.hu\/wp-content\/uploads\/2013\/03\/toloajto1-300x185.jpg 300w\" sizes=\"auto, (max-width: 436px) 100vw, 436px\" \/><\/a><\/td>\n<td><a href=\"\/harmonika-ajto-0\"><img loading=\"lazy\" decoding=\"async\" class=\" size-full wp-image-572\" alt=\"\" src=\"https:\/\/www.ablakkarter.hu\/wp-content\/uploads\/2013\/03\/toloajto.jpg\" style=\"width: 228px; height: 190px;\" width=\"320\" height=\"267\" srcset=\"https:\/\/www.ablakkarter.hu\/wp-content\/uploads\/2013\/03\/toloajto.jpg 320w, https:\/\/www.ablakkarter.hu\/wp-content\/uploads\/2013\/03\/toloajto-300x250.jpg 300w\" sizes=\"auto, (max-width: 320px) 100vw, 320px\" \/><\/a><\/td>\n<\/tr>\n<\/tbody>\n<\/table>\n<p>&nbsp;&nbsp;&nbsp;<\/p>\n<p>&nbsp;<\/p>\n","protected":false},"author":1,"featured_media":0,"parent":0,"menu_order":0,"comment_status":"closed","ping_status":"closed","template":"","meta":{"footnotes":""},"class_list":["post-573","page","type-page","status-publish","hentry"],"_links":{"self":[{"href":"https:\/\/www.ablakkarter.hu\/index.php?rest_route=\/wp\/v2\/pages\/573","targetHints":{"allow":["GET"]}}],"collection":[{"href":"https:\/\/www.ablakkarter.hu\/index.php?rest_route=\/wp\/v2\/pages"}],"about":[{"href":"https:\/\/www.ablakkarter.hu\/index.php?rest_route=\/wp\/v2\/types\/page"}],"author":[{"embeddable":true,"href":"https:\/\/www.ablakkarter.hu\/index.php?rest_route=\/wp\/v2\/users\/1"}],"replies":[{"embeddable":true,"href":"https:\/\/www.ablakkarter.hu\/index.php?rest_route=%2Fwp%2Fv2%2Fcomments&post=573"}],"version-history":[{"count":2,"href":"https:\/\/www.ablakkarter.hu\/index.php?rest_route=\/wp\/v2\/pages\/573\/revisions"}],"predecessor-version":[{"id":1143,"href":"https:\/\/www.ablakkarter.hu\/index.php?rest_route=\/wp\/v2\/pages\/573\/revisions\/1143"}],"wp:attachment":[{"href":"https:\/\/www.ablakkarter.hu\/index.php?rest_route=%2Fwp%2Fv2%2Fmedia&parent=573"}],"curies":[{"name":"wp","href":"https:\/\/api.w.org\/{rel}","templated":true}]}}