{"id":561,"date":"2013-03-18T08:11:40","date_gmt":"2013-03-18T08:11:40","guid":{"rendered":"https:\/\/www.ablakkarter.hu\/fakro-tetoablak\/"},"modified":"2021-12-15T14:21:03","modified_gmt":"2021-12-15T14:21:03","slug":"fakro-tetoablak","status":"publish","type":"page","link":"https:\/\/www.ablakkarter.hu\/?page_id=561","title":{"rendered":"FAKRO Tet\u0151ablak"},"content":{"rendered":"<p><img loading=\"lazy\" decoding=\"async\" class=\"wp-image-1256 aligncenter\" src=\"https:\/\/www.ablakkarter.hu\/wp-content\/uploads\/2021\/12\/fakrotetoablak-300x146.jpg\" alt=\"\" width=\"842\" height=\"410\" srcset=\"https:\/\/www.ablakkarter.hu\/wp-content\/uploads\/2021\/12\/fakrotetoablak-300x146.jpg 300w, https:\/\/www.ablakkarter.hu\/wp-content\/uploads\/2021\/12\/fakrotetoablak-600x293.jpg 600w, https:\/\/www.ablakkarter.hu\/wp-content\/uploads\/2021\/12\/fakrotetoablak-768x375.jpg 768w, https:\/\/www.ablakkarter.hu\/wp-content\/uploads\/2021\/12\/fakrotetoablak.jpg 848w\" sizes=\"auto, (max-width: 842px) 100vw, 842px\" \/><\/p>\n<p style=\"text-align: center;\"><strong><span style=\"font-size: 16px;\"><span style=\"font-family: verdana,geneva,sans-serif;\">FAKR\u00d3 tet\u0151ablak 10 \u00e9v garanci\u00e1val!<\/span><\/span><\/strong><\/p>\n<p style=\"text-align: center;\"><img loading=\"lazy\" decoding=\"async\" class=\" size-full wp-image-547\" style=\"width: 347px; height: 81px;\" src=\"https:\/\/www.ablakkarter.hu\/wp-content\/uploads\/2013\/03\/fakro1.jpg\" alt=\"\" width=\"347\" height=\"81\" srcset=\"https:\/\/www.ablakkarter.hu\/wp-content\/uploads\/2013\/03\/fakro1.jpg 347w, https:\/\/www.ablakkarter.hu\/wp-content\/uploads\/2013\/03\/fakro1-300x70.jpg 300w\" sizes=\"auto, (max-width: 347px) 100vw, 347px\" \/><\/p>\n<p style=\"text-align: center;\"><span style=\"font-size: 16px;\"><span style=\"font-family: verdana,geneva,sans-serif;\">Kiv\u00e1l\u00f3 min\u0151s\u00e9g \u00e9s sz\u00e1mtalan vari\u00e1ci\u00f3s lehet\u0151s\u00e9g jellemzi a<strong> FAKRO<\/strong> tet\u0151ablakokat.<\/span><\/span><\/p>\n<p style=\"text-align: center;\"><img loading=\"lazy\" decoding=\"async\" class=\" size-full wp-image-558\" src=\"https:\/\/www.ablakkarter.hu\/wp-content\/uploads\/2013\/03\/fakro2.jpg\" alt=\"\" width=\"560\" height=\"361\" srcset=\"https:\/\/www.ablakkarter.hu\/wp-content\/uploads\/2013\/03\/fakro2.jpg 698w, https:\/\/www.ablakkarter.hu\/wp-content\/uploads\/2013\/03\/fakro2-600x387.jpg 600w, https:\/\/www.ablakkarter.hu\/wp-content\/uploads\/2013\/03\/fakro2-300x193.jpg 300w\" sizes=\"auto, (max-width: 560px) 100vw, 560px\" \/><\/p>\n<p style=\"text-align: center;\"><span style=\"font-size: 16px;\"><span style=\"font-family: verdana,geneva,sans-serif;\"><strong>A FAKRO SLT t\u00edpus\u00fa flexibilis f\u00e9nycsatorna \u00e9s a FAKRO SRT t\u00edpus\u00fa merevfal\u00fa f\u00e9nycsatorna seg\u00edts\u00e9g\u00e9vel term\u00e9szetes f\u00e9nyt var\u00e1zsolhatunk az ablak n\u00e9lk\u00fcli <\/strong><strong>helys\u00e9gekbe.<\/strong><\/span><\/span><\/p>\n<p style=\"text-align: center;\"><img loading=\"lazy\" decoding=\"async\" class=\" size-full wp-image-559\" src=\"https:\/\/www.ablakkarter.hu\/wp-content\/uploads\/2013\/03\/fakro3.jpg\" alt=\"\" width=\"594\" height=\"408\" srcset=\"https:\/\/www.ablakkarter.hu\/wp-content\/uploads\/2013\/03\/fakro3.jpg 594w, https:\/\/www.ablakkarter.hu\/wp-content\/uploads\/2013\/03\/fakro3-300x206.jpg 300w\" sizes=\"auto, (max-width: 594px) 100vw, 594px\" \/><\/p>\n<p style=\"text-align: center;\">\n<p><strong><span style=\"font-size: 16px;\"><span style=\"font-family: verdana,geneva,sans-serif;\">A f\u00e9nycsatorna r\u00e9szei:<\/span><\/span><\/strong><\/p>\n<ul>\n<li><span style=\"font-size: 14px;\"><span style=\"font-family: verdana,geneva,sans-serif;\">A tet\u0151t\u00e9ri ablakok megjelen\u00e9s\u00e9hez hasonl\u00f3 k\u00fcls\u0151 egys\u00e9g<\/span><\/span><\/li>\n<li><span style=\"font-size: 14px;\"><span style=\"font-family: verdana,geneva,sans-serif;\">Speci\u00e1lis f\u00e9nyvisszaver\u0151 cs\u0151<\/span><\/span><\/li>\n<li><span style=\"font-size: 14px;\"><span style=\"font-family: verdana,geneva,sans-serif;\">Eleg\u00e1ns, ugyanakkor diszkr\u00e9t bels\u0151 f\u00e9nysz\u00f3r\u00f3egys\u00e9g<\/span><\/span><\/li>\n<\/ul>\n<p><span style=\"font-size: 14px;\"><span style=\"font-family: verdana,geneva,sans-serif;\">A f\u00e9nycsatorna a term\u00e9szetes f\u00e9nynek ak\u00e1r 99%-\u00e1t is k\u00e9pes tov\u00e1bb\u00edtani.<\/span><\/span><\/p>\n<p style=\"text-align: center;\"><span style=\"font-size: 14px;\"><span style=\"font-family: verdana,geneva,sans-serif;\"><strong>A f\u00e9nycsatorn\u00e1val energi\u00e1t takar\u00edthatunk meg!<\/strong> <\/span><\/span><\/p>\n<p><span style=\"font-size: 14px;\"><span style=\"font-family: verdana,geneva,sans-serif;\">A napf\u00e9nyt tov\u00e1bb\u00edt\u00f3 cs\u0151, melynek bels\u0151 fel\u00fclet\u00e9n szuper f\u00e9nyvisszaver\u0151 bevonat tal\u00e1lhat\u00f3, 14-szer t\u00f6bb f\u00e9nyt biztos\u00edt, mint egy 60W-os izz\u00f3. A Karter Ablak Kft term\u00e9kk\u00edn\u00e1lat\u00e1ban megtal\u00e1lhat\u00f3 a flexibilis \u00e9s a merev cs\u00f6ves f\u00e9nycsatorna is. Ut\u00f3bbi ak\u00e1r 6 m\u00e9terr\u0151l is elhozza nek\u00fcnk a term\u00e9szetes f\u00e9nyt.<\/span><\/span><\/p>\n<p style=\"text-align: center;\"><span style=\"font-size: 16px;\"><span style=\"font-family: verdana,geneva,sans-serif;\">A <strong>FAKRO<\/strong> k\u00edn\u00e1lat\u00e1ban megtal\u00e1lhat\u00f3 a j\u00f3 min\u0151s\u00e9g\u0171, stabil \u00e9s kiv\u00e1l\u00f3 h\u0151szigetel\u00e9s\u0171 padl\u00e1sfelj\u00e1r\u00f3 l\u00e9tra is, melynek egyes t\u00edpusai <strong>T\u0170ZG\u00c1TL\u00d3<\/strong> min\u0151s\u00edt\u00e9ssel rendelkeznek.<\/span><\/span><\/p>\n<p style=\"text-align: center;\"><img loading=\"lazy\" decoding=\"async\" class=\" size-full wp-image-560\" style=\"width: 528px; height: 171px;\" title=\"padl\u00e1sl\u00e9tra\" src=\"https:\/\/www.ablakkarter.hu\/wp-content\/uploads\/2013\/03\/Padlasletra.FAKRO_.jpg\" alt=\"padl\u00e1sl\u00e9tra\" width=\"528\" height=\"171\" srcset=\"https:\/\/www.ablakkarter.hu\/wp-content\/uploads\/2013\/03\/Padlasletra.FAKRO_.jpg 528w, https:\/\/www.ablakkarter.hu\/wp-content\/uploads\/2013\/03\/Padlasletra.FAKRO_-300x97.jpg 300w\" sizes=\"auto, (max-width: 528px) 100vw, 528px\" \/><\/p>\n<p style=\"text-align: center;\"><span style=\"font-size: 16px;\"><span style=\"font-family: verdana,geneva,sans-serif;\"><strong>A FAKRO tet\u0151ablak teljes v\u00e1laszt\u00e9k\u00e1r\u00f3l \u00e9rdekl\u0151dj\u00f6n vev\u0151szolg\u00e1latunk telefonsz\u00e1m\u00e1n!<\/strong><\/span><\/span><\/p>\n<p style=\"text-align: center;\"><span style=\"font-size: 16px;\"><span style=\"font-family: verdana,geneva,sans-serif;\"><strong>L\u00e1togasson el az \u00d6nh\u00f6z legk\u00f6zelebb es\u0151 bemutat\u00f3term\u00fcnkbe ahol szakk\u00e9pzett koll\u00e9g\u00e1ink seg\u00edts\u00e9g\u00e9vel kiv\u00e1laszthatja az \u00d6nnek legink\u00e1bb megfelel\u0151 tet\u0151ablakot!<\/strong><\/span><\/span><\/p>\n<h2 class=\"art-postheader\"><a href=\"\/velux-tetoablak\"><span style=\"color: #ffd700;\">Tov\u00e1bb a VELUX Tet\u0151ablak oldalra<\/span><\/a><\/h2>\n<p style=\"text-align: center;\">\n<p style=\"text-align: center;\">\n","protected":false},"excerpt":{"rendered":"<p style=\"text-align: center;\"><strong><span style=\"font-size:16px;\"><span style=\"font-family: verdana,geneva,sans-serif;\">FAKR\u00d3 tet\u0151ablak 10 \u00e9v garanci\u00e1val!<\/span><\/span><\/strong><\/p>\n<p style=\"text-align: center;\"><img loading=\"lazy\" decoding=\"async\" class=\" size-full wp-image-547\" alt=\"\" src=\"https:\/\/www.ablakkarter.hu\/wp-content\/uploads\/2013\/03\/fakro1.jpg\" style=\"width: 347px; height: 81px;\" width=\"347\" height=\"81\" srcset=\"https:\/\/www.ablakkarter.hu\/wp-content\/uploads\/2013\/03\/fakro1.jpg 347w, https:\/\/www.ablakkarter.hu\/wp-content\/uploads\/2013\/03\/fakro1-300x70.jpg 300w\" sizes=\"auto, (max-width: 347px) 100vw, 347px\" \/><\/p>\n<p style=\"text-align: center;\"><span style=\"font-size:16px;\"><span style=\"font-family: verdana,geneva,sans-serif;\">Kiv\u00e1l\u00f3 min\u0151s\u00e9g \u00e9s sz\u00e1mtalan vari\u00e1ci\u00f3s lehet\u0151s\u00e9g jellemzi a<strong> FAKRO<\/strong> tet\u0151ablakokat.<\/span><\/span><\/p>\n<p style=\"text-align: center;\"><img loading=\"lazy\" decoding=\"async\" class=\" size-full wp-image-558\" alt=\"\" height=\"361\" src=\"https:\/\/www.ablakkarter.hu\/wp-content\/uploads\/2013\/03\/fakro2.jpg\" width=\"560\" srcset=\"https:\/\/www.ablakkarter.hu\/wp-content\/uploads\/2013\/03\/fakro2.jpg 698w, https:\/\/www.ablakkarter.hu\/wp-content\/uploads\/2013\/03\/fakro2-600x387.jpg 600w, https:\/\/www.ablakkarter.hu\/wp-content\/uploads\/2013\/03\/fakro2-300x193.jpg 300w\" sizes=\"auto, (max-width: 560px) 100vw, 560px\" \/><\/p>\n<p style=\"text-align: center;\"><span style=\"font-size:16px;\"><span style=\"font-family: verdana,geneva,sans-serif;\"><strong>A FAKRO SLT t\u00edpus\u00fa flexibilis f\u00e9nycsatorna \u00e9s a FAKRO SRT t\u00edpus\u00fa merevfal\u00fa f\u00e9nycsatorna seg\u00edts\u00e9g\u00e9vel term\u00e9szetes f\u00e9nyt var\u00e1zsolhatunk az ablak n\u00e9lk\u00fcli <\/strong><strong>helys\u00e9gekbe.<\/strong><\/span><\/span><\/p>\n<p style=\"text-align: center;\"><img loading=\"lazy\" decoding=\"async\" class=\" size-full wp-image-559\" alt=\"\" src=\"https:\/\/www.ablakkarter.hu\/wp-content\/uploads\/2013\/03\/fakro3.jpg\" width=\"594\" height=\"408\" srcset=\"https:\/\/www.ablakkarter.hu\/wp-content\/uploads\/2013\/03\/fakro3.jpg 594w, https:\/\/www.ablakkarter.hu\/wp-content\/uploads\/2013\/03\/fakro3-300x206.jpg 300w\" sizes=\"auto, (max-width: 594px) 100vw, 594px\" \/><\/p>\n<p style=\"text-align: center;\">&nbsp;<\/p>\n<p><strong><span style=\"font-size:16px;\"><span style=\"font-family: verdana,geneva,sans-serif;\">A f\u00e9nycsatorna r\u00e9szei:<\/span><\/span><\/strong><\/p>\n<ul>\n<li><span style=\"font-size:14px;\"><span style=\"font-family: verdana,geneva,sans-serif;\">A tet\u0151t\u00e9ri ablakok megjelen\u00e9s\u00e9hez hasonl\u00f3 k\u00fcls\u0151 egys\u00e9g<\/span><\/span><\/li>\n<li><span style=\"font-size:14px;\"><span style=\"font-family: verdana,geneva,sans-serif;\">Speci\u00e1lis f\u00e9nyvisszaver\u0151 cs\u0151<\/span><\/span><\/li>\n<li><span style=\"font-size:14px;\"><span style=\"font-family: verdana,geneva,sans-serif;\">Eleg\u00e1ns, ugyanakkor diszkr\u00e9t bels\u0151 f\u00e9nysz\u00f3r\u00f3egys\u00e9g<\/span><\/span><\/li>\n<\/ul>\n<p><span style=\"font-size:14px;\"><span style=\"font-family: verdana,geneva,sans-serif;\">A f\u00e9nycsatorna a term\u00e9szetes f\u00e9nynek ak\u00e1r 99%-\u00e1t is k\u00e9pes tov\u00e1bb\u00edtani.<\/span><\/span><\/p>\n<p style=\"text-align: center;\"><span style=\"font-size:14px;\"><span style=\"font-family: verdana,geneva,sans-serif;\"><strong>A f\u00e9nycsatorn\u00e1val energi\u00e1t takar\u00edthatunk meg!<\/strong> <\/span><\/span><\/p>\n<p><span style=\"font-size:14px;\"><span style=\"font-family: verdana,geneva,sans-serif;\">A napf\u00e9nyt tov\u00e1bb\u00edt\u00f3 cs\u0151, melynek bels\u0151 fel\u00fclet\u00e9n szuper f\u00e9nyvisszaver\u0151 bevonat tal\u00e1lhat\u00f3, 14-szer t\u00f6bb f\u00e9nyt biztos\u00edt, mint egy 60W-os izz\u00f3. A Karter Ablak Kft term\u00e9kk\u00edn\u00e1lat\u00e1ban megtal\u00e1lhat\u00f3 a flexibilis \u00e9s a merev cs\u00f6ves f\u00e9nycsatorna is. Ut\u00f3bbi ak\u00e1r 6 m\u00e9terr\u0151l is elhozza nek\u00fcnk a term\u00e9szetes f\u00e9nyt.<\/span><\/span><\/p>\n<p style=\"text-align: center;\"><span style=\"font-size:16px;\"><span style=\"font-family: verdana,geneva,sans-serif;\">A <strong>FAKRO<\/strong> k\u00edn\u00e1lat\u00e1ban megtal\u00e1lhat\u00f3 a j\u00f3 min\u0151s\u00e9g\u0171, stabil \u00e9s kiv\u00e1l\u00f3 h\u0151szigetel\u00e9s\u0171 padl\u00e1sfelj\u00e1r\u00f3 l\u00e9tra is, melynek egyes t\u00edpusai <strong>T\u0170ZG\u00c1TL\u00d3<\/strong> min\u0151s\u00edt\u00e9ssel rendelkeznek.<\/span><\/span><\/p>\n<p style=\"text-align: center;\"><img loading=\"lazy\" decoding=\"async\" class=\" size-full wp-image-560\" alt=\"padl\u00e1sl\u00e9tra\" src=\"https:\/\/www.ablakkarter.hu\/wp-content\/uploads\/2013\/03\/Padlasletra.FAKRO_.jpg\" style=\"width: 528px; height: 171px;\" title=\"padl\u00e1sl\u00e9tra\" width=\"528\" height=\"171\" srcset=\"https:\/\/www.ablakkarter.hu\/wp-content\/uploads\/2013\/03\/Padlasletra.FAKRO_.jpg 528w, https:\/\/www.ablakkarter.hu\/wp-content\/uploads\/2013\/03\/Padlasletra.FAKRO_-300x97.jpg 300w\" sizes=\"auto, (max-width: 528px) 100vw, 528px\" \/><\/p>\n<p style=\"text-align: center;\"><span style=\"font-size:16px;\"><span style=\"font-family: verdana,geneva,sans-serif;\"><strong>A FAKRO tet\u0151ablak teljes v\u00e1laszt\u00e9k\u00e1r\u00f3l \u00e9rdekl\u0151dj\u00f6n vev\u0151szolg\u00e1latunk telefonsz\u00e1m\u00e1n!<\/strong><\/span><\/span><\/p>\n<p style=\"text-align: center;\"><span style=\"font-size:16px;\"><span style=\"font-family: verdana,geneva,sans-serif;\"><strong>L\u00e1togasson el az \u00d6nh\u00f6z legk\u00f6zelebb es\u0151 bemutat\u00f3term\u00fcnkbe ahol szakk\u00e9pzett koll\u00e9g\u00e1ink seg\u00edts\u00e9g\u00e9vel kiv\u00e1laszthatja az \u00d6nnek legink\u00e1bb megfelel\u0151 tet\u0151ablakot!<\/strong><\/span><\/span><\/p>\n<h2 class=\"art-postheader\"><a href=\"\/velux-tetoablak\"><span style=\"color:#ffd700;\">Tov\u00e1bb a VELUX Tet\u0151ablak oldalra<\/span><\/a><\/h2>\n<p style=\"text-align: center;\">&nbsp;<\/p>\n","protected":false},"author":1,"featured_media":1118,"parent":0,"menu_order":0,"comment_status":"closed","ping_status":"closed","template":"","meta":{"footnotes":""},"class_list":["post-561","page","type-page","status-publish","has-post-thumbnail","hentry"],"_links":{"self":[{"href":"https:\/\/www.ablakkarter.hu\/index.php?rest_route=\/wp\/v2\/pages\/561","targetHints":{"allow":["GET"]}}],"collection":[{"href":"https:\/\/www.ablakkarter.hu\/index.php?rest_route=\/wp\/v2\/pages"}],"about":[{"href":"https:\/\/www.ablakkarter.hu\/index.php?rest_route=\/wp\/v2\/types\/page"}],"author":[{"embeddable":true,"href":"https:\/\/www.ablakkarter.hu\/index.php?rest_route=\/wp\/v2\/users\/1"}],"replies":[{"embeddable":true,"href":"https:\/\/www.ablakkarter.hu\/index.php?rest_route=%2Fwp%2Fv2%2Fcomments&post=561"}],"version-history":[{"count":3,"href":"https:\/\/www.ablakkarter.hu\/index.php?rest_route=\/wp\/v2\/pages\/561\/revisions"}],"predecessor-version":[{"id":1259,"href":"https:\/\/www.ablakkarter.hu\/index.php?rest_route=\/wp\/v2\/pages\/561\/revisions\/1259"}],"wp:featuredmedia":[{"embeddable":true,"href":"https:\/\/www.ablakkarter.hu\/index.php?rest_route=\/wp\/v2\/media\/1118"}],"wp:attachment":[{"href":"https:\/\/www.ablakkarter.hu\/index.php?rest_route=%2Fwp%2Fv2%2Fmedia&parent=561"}],"curies":[{"name":"wp","href":"https:\/\/api.w.org\/{rel}","templated":true}]}}