{"id":557,"date":"2013-03-18T07:23:41","date_gmt":"2013-03-18T07:23:41","guid":{"rendered":"https:\/\/www.ablakkarter.hu\/schindler-tetoablak\/"},"modified":"2021-12-15T14:15:25","modified_gmt":"2021-12-15T14:15:25","slug":"schindler-tetoablak","status":"publish","type":"page","link":"https:\/\/www.ablakkarter.hu\/?page_id=557","title":{"rendered":"SCHINDLER Tet\u0151ablak"},"content":{"rendered":"<p style=\"text-align: center;\"><img loading=\"lazy\" decoding=\"async\" class=\"alignnone  wp-image-1252\" src=\"https:\/\/www.ablakkarter.hu\/wp-content\/uploads\/2021\/12\/schindler_tetoablak-300x122.jpg\" alt=\"\" width=\"854\" height=\"347\" srcset=\"https:\/\/www.ablakkarter.hu\/wp-content\/uploads\/2021\/12\/schindler_tetoablak-300x122.jpg 300w, https:\/\/www.ablakkarter.hu\/wp-content\/uploads\/2021\/12\/schindler_tetoablak-600x244.jpg 600w, https:\/\/www.ablakkarter.hu\/wp-content\/uploads\/2021\/12\/schindler_tetoablak-768x312.jpg 768w, https:\/\/www.ablakkarter.hu\/wp-content\/uploads\/2021\/12\/schindler_tetoablak.jpg 990w\" sizes=\"auto, (max-width: 854px) 100vw, 854px\" \/><\/p>\n<p style=\"text-align: center;\"><span style=\"font-size: 18px;\"><strong><span style=\"font-family: verdana,geneva,sans-serif;\">SCHINDLER tet\u0151t\u00e9ri ablak 5 \u00e9v garanci\u00e1val!<\/span><\/strong><\/span><\/p>\n<p><strong>SCHINDLER TET\u0150ABLAKOK<\/strong><\/p>\n<p><span style=\"font-size: 16px;\"><span style=\"font-family: verdana,geneva,sans-serif;\">Alapanyag\u00e1t tekintve fa tet\u0151ablak \u00e9s m\u0171anyag tet\u0151ablak is megtal\u00e1lhat\u00f3 a Magyar gy\u00e1rtm\u00e1ny\u00fa Schindler tet\u0151t\u00e9ri ablakok k\u00edn\u00e1lat\u00e1ban. A fa tet\u0151ablak anyaga fel\u00fcletkezelt skandin\u00e1v erdei feny\u0151. A m\u0171anyag tet\u0151ablak UV stabil, feh\u00e9r PVC.<\/span><\/span><\/p>\n<p><span style=\"font-size: 16px;\"><span style=\"font-family: verdana,geneva,sans-serif;\">A Schindler tet\u0151ablak burkol\u00f3keret<\/span><\/span><\/p>\n<ul>\n<li><span style=\"font-size: 16px;\"><span style=\"font-family: verdana,geneva,sans-serif;\">S\u00edk tet\u0151fed\u0151 anyaghoz (s\u00edkpala, bitumenes zsindely)<\/span><\/span><\/li>\n<li><span style=\"font-size: 16px;\"><span style=\"font-family: verdana,geneva,sans-serif;\">Hull\u00e1mos tet\u0151h\u00f6z (minden 16mm-n\u00e9l vastagabb tet\u0151fed\u0151 anyag)\u00a0\u00a0\u00a0 \u00a0<\/span><\/span><\/li>\n<\/ul>\n<p><img loading=\"lazy\" decoding=\"async\" class=\" size-full wp-image-551\" src=\"https:\/\/www.ablakkarter.hu\/wp-content\/uploads\/2013\/03\/schindler2.jpg\" alt=\"\" width=\"279\" height=\"250\" srcset=\"https:\/\/www.ablakkarter.hu\/wp-content\/uploads\/2013\/03\/schindler2.jpg 412w, https:\/\/www.ablakkarter.hu\/wp-content\/uploads\/2013\/03\/schindler2-300x269.jpg 300w\" sizes=\"auto, (max-width: 279px) 100vw, 279px\" \/> <img loading=\"lazy\" decoding=\"async\" class=\" size-full wp-image-552\" src=\"https:\/\/www.ablakkarter.hu\/wp-content\/uploads\/2013\/03\/hullamos_tetoablak.jpg\" alt=\"\" width=\"322\" height=\"250\" srcset=\"https:\/\/www.ablakkarter.hu\/wp-content\/uploads\/2013\/03\/hullamos_tetoablak.jpg 408w, https:\/\/www.ablakkarter.hu\/wp-content\/uploads\/2013\/03\/hullamos_tetoablak-300x232.jpg 300w\" sizes=\"auto, (max-width: 322px) 100vw, 322px\" \/><\/p>\n<p><span style=\"font-size: 16px;\"><span style=\"font-family: verdana,geneva,sans-serif;\">A burkol\u00f3keret anyaga fel\u00fcletkezelt sz\u00fcrke sz\u00edn\u0171 (RAL7043) alum\u00ednium. A burkol\u00f3keret biztos\u00edtja az ablak \u00e9s a tet\u0151fed\u0151 anyag v\u00edzz\u00e1r\u00f3 csatlakoz\u00e1s\u00e1t.<br \/>\nA burkol\u00f3keret a tet\u0151ablak tartoz\u00e9k\u00e1t k\u00e9pezi, \u00e9s k\u00fcl\u00f6n csomagban ker\u00fcl \u00e9rt\u00e9kes\u00edt\u00e9sre.<\/span><\/span><\/p>\n<p><strong><span style=\"font-size: 16px;\"><span style=\"font-family: verdana,geneva,sans-serif;\">Schindler tet\u0151ablak \u00fcvegez\u00e9s argon g\u00e1zt\u00f6lt\u00e9ssel<\/span><\/span><\/strong><\/p>\n<table style=\"width: 841px; height: 356px;\" border=\"1\" cellspacing=\"1\" cellpadding=\"1\">\n<tbody>\n<tr>\n<td><span style=\"font-size: 16px;\"><span style=\"font-family: verdana,geneva,sans-serif;\">K\u00e9tr\u00e9teg\u0171 \u00fcvegez\u00e9s<\/span><\/span><\/p>\n<p><span style=\"font-size: 16px;\"><span style=\"font-family: verdana,geneva,sans-serif;\">Ug=1,0 W\/m2K<\/span><\/span><\/td>\n<td><span style=\"font-size: 16px;\"><span style=\"font-family: verdana,geneva,sans-serif;\">Biztons\u00e1gi \u00fcvegez\u00e9s<\/span><\/span><\/p>\n<p><span style=\"font-size: 16px;\"><span style=\"font-family: verdana,geneva,sans-serif;\">Ug=1,2 W\/m2K<\/span><\/span><\/td>\n<td><span style=\"font-size: 16px;\"><span style=\"font-family: verdana,geneva,sans-serif;\">H\u00e1romr\u00e9teg\u0171 \u00fcvegez\u00e9s<\/span><\/span><\/p>\n<p><span style=\"font-size: 16px;\"><span style=\"font-family: verdana,geneva,sans-serif;\">Ug=0,7 W\/m2K<\/span><\/span><\/td>\n<\/tr>\n<tr>\n<td><img loading=\"lazy\" decoding=\"async\" class=\" size-full wp-image-553\" style=\"width: 120px; height: 196px;\" src=\"https:\/\/www.ablakkarter.hu\/wp-content\/uploads\/2013\/03\/schindler_g2.jpg\" alt=\"\" width=\"119\" height=\"194\" \/><\/td>\n<td><img loading=\"lazy\" decoding=\"async\" class=\" size-full wp-image-554\" style=\"width: 120px; height: 196px;\" src=\"https:\/\/www.ablakkarter.hu\/wp-content\/uploads\/2013\/03\/schindler_g3.jpg\" alt=\"\" width=\"119\" height=\"194\" \/><\/td>\n<td><img loading=\"lazy\" decoding=\"async\" class=\" size-full wp-image-555\" style=\"width: 113px; height: 196px;\" src=\"https:\/\/www.ablakkarter.hu\/wp-content\/uploads\/2013\/03\/schindler_g31.jpg\" alt=\"\" width=\"117\" height=\"203\" \/><\/td>\n<\/tr>\n<\/tbody>\n<\/table>\n<p><span style=\"font-size: 16px;\"><span style=\"font-family: verdana,geneva,sans-serif;\"><strong>Schindler tet\u0151ablakok \u00f6ssze\u00e9p\u00edt\u00e9se, sorol\u00e1sa<\/strong><\/span><\/span><\/p>\n<p><span style=\"font-size: 16px;\"><span style=\"font-family: verdana,geneva,sans-serif;\">Az azonos m\u00e9ret\u0171 tet\u0151ablakok a sorolhat\u00f3 burkol\u00f3keret seg\u00edts\u00e9g\u00e9vel egym\u00e1shoz v\u00edzszintesen \u00e9s f\u00fcgg\u0151legesen is be\u00e9p\u00edthet\u0151k. Az ablakok k\u00f6z\u00f6tti t\u00e1vols\u00e1g v\u00edzszintes sorol\u00e1sn\u00e1l 10-13 cm, f\u00fcgg\u0151leges sorol\u00e1sn\u00e1l 10 cm lehet.<\/span><\/span><\/p>\n<p><img loading=\"lazy\" decoding=\"async\" class=\"  wp-image-556\" style=\"width: 536px; height: 436px;\" src=\"https:\/\/www.ablakkarter.hu\/wp-content\/uploads\/2013\/03\/schindler4.jpg\" alt=\"\" width=\"484\" height=\"394\" srcset=\"https:\/\/www.ablakkarter.hu\/wp-content\/uploads\/2013\/03\/schindler4.jpg 484w, https:\/\/www.ablakkarter.hu\/wp-content\/uploads\/2013\/03\/schindler4-300x244.jpg 300w\" sizes=\"auto, (max-width: 484px) 100vw, 484px\" \/><\/p>\n<p><span style=\"font-size: 16px;\"><span style=\"font-family: verdana,geneva,sans-serif;\"><strong>SCHINDLER tet\u0151ablak m\u0171k\u00f6dtet\u00e9s<\/strong><br \/>\n\u2022\u00a0\u00a0 \u00a0K\u00e9zi m\u0171k\u00f6dtet\u00e9s<br \/>\n\u2022\u00a0\u00a0 \u00a0K\u00e9zi t\u00e1vnyit\u00f3s m\u0171k\u00f6dtet\u00e9s<br \/>\n\u2022\u00a0\u00a0 \u00a0Motoros m\u0171k\u00f6dtet\u00e9s<\/span><\/span><br \/>\n<span style=\"font-size: 16px;\"><span style=\"font-family: verdana,geneva,sans-serif;\"><strong>Tet\u0151ablak \u00e1rny\u00e9kol\u00f3k<\/strong><br \/>\n\u2022\u00a0\u00a0 \u00a0H\u0151v\u00e9d\u0151 k\u00fcls\u0151 rol\u00f3<br \/>\n\u2022\u00a0\u00a0 \u00a0F\u00e9nyz\u00e1r\u00f3 bels\u0151 rol\u00f3<br \/>\n\u2022\u00a0\u00a0 \u00a0F\u00e9ny\u00e1tereszt\u0151 bels\u0151 rol\u00f3<\/span><\/span><\/p>\n<p><img loading=\"lazy\" decoding=\"async\" class=\"  wp-image-550\" src=\"https:\/\/www.ablakkarter.hu\/wp-content\/uploads\/2013\/03\/schindler1.jpg\" alt=\"\" width=\"908\" height=\"370\" srcset=\"https:\/\/www.ablakkarter.hu\/wp-content\/uploads\/2013\/03\/schindler1.jpg 726w, https:\/\/www.ablakkarter.hu\/wp-content\/uploads\/2013\/03\/schindler1-600x245.jpg 600w, https:\/\/www.ablakkarter.hu\/wp-content\/uploads\/2013\/03\/schindler1-300x122.jpg 300w\" sizes=\"auto, (max-width: 908px) 100vw, 908px\" \/><\/p>\n<p style=\"text-align: center;\"><span style=\"font-size: 16px;\"><span style=\"font-family: verdana,geneva,sans-serif;\"><strong>V\u00e9dekezzen a rovarok ellen!<br \/>\nV\u00e1s\u00e1roljon m\u00e9retre gy\u00e1rtott rol\u00f3s sz\u00fanyogh\u00e1l\u00f3t tet\u0151t\u00e9ri ablakaira!<\/strong><\/span><\/span><\/p>\n<p style=\"text-align: center;\"><span style=\"font-size: 16px;\"><span style=\"font-family: verdana,geneva,sans-serif;\">A SCHINDLER tet\u0151ablak teljes term\u00e9kk\u00edn\u00e1lat\u00e1r\u00f3l \u00e9rdekl\u0151dj\u00f6n vev\u0151szolg\u00e1latunkon!<\/span><\/span><\/p>\n<p style=\"text-align: center;\"><span style=\"font-size: 16px;\"><span style=\"font-family: verdana,geneva,sans-serif;\">L\u00e1togasson el az \u00d6nh\u00f6z legk\u00f6zelebb es\u0151 bemutat\u00f3term\u00fcnkbe ahol szakk\u00e9pzett koll\u00e9g\u00e1ink seg\u00edts\u00e9g\u00e9vel kiv\u00e1laszthatja az \u00d6nnek legink\u00e1bb megfelel\u0151 tet\u0151ablakot!<\/span><\/span><\/p>\n<h2 class=\"art-postheader\"><a href=\"\/fakro-tetoablak\"><span style=\"color: #ffd700;\">Tov\u00e1bb a FAKRO Tet\u0151ablak oldalra<\/span><\/a><\/h2>\n","protected":false},"excerpt":{"rendered":"<p style=\"text-align: center;\">&nbsp;<\/p>\n<p style=\"text-align: center;\"><span style=\"font-size:18px;\"><strong><span style=\"font-family: verdana,geneva,sans-serif;\">SCHINDLER tet\u0151t\u00e9ri ablak 5 \u00e9v garanci\u00e1val!<\/span><\/strong><\/span><\/p>\n<p><span style=\"font-size:16px;\"><span style=\"font-family: verdana,geneva,sans-serif;\"><img loading=\"lazy\" decoding=\"async\" class=\" size-full wp-image-550\" alt=\"\" src=\"https:\/\/www.ablakkarter.hu\/wp-content\/uploads\/2013\/03\/schindler1.jpg\" width=\"726\" height=\"296\" srcset=\"https:\/\/www.ablakkarter.hu\/wp-content\/uploads\/2013\/03\/schindler1.jpg 726w, https:\/\/www.ablakkarter.hu\/wp-content\/uploads\/2013\/03\/schindler1-600x245.jpg 600w, https:\/\/www.ablakkarter.hu\/wp-content\/uploads\/2013\/03\/schindler1-300x122.jpg 300w\" sizes=\"auto, (max-width: 726px) 100vw, 726px\" \/><\/p>\n<p><strong>SCHINDLER TET\u0150ABLAKOK<\/strong><\/span><\/span><\/p>\n<p><span style=\"font-size:16px;\"><span style=\"font-family: verdana,geneva,sans-serif;\">Alapanyag\u00e1t tekintve fa tet\u0151ablak \u00e9s m\u0171anyag tet\u0151ablak is megtal\u00e1lhat\u00f3 a Magyar gy\u00e1rtm\u00e1ny\u00fa Schindler tet\u0151t\u00e9ri ablakok k\u00edn\u00e1lat\u00e1ban. A fa tet\u0151ablak anyaga fel\u00fcletkezelt skandin\u00e1v erdei feny\u0151. A m\u0171anyag tet\u0151ablak UV stabil, feh\u00e9r PVC.<\/span><\/span><\/p>\n<p><span style=\"font-size:16px;\"><span style=\"font-family: verdana,geneva,sans-serif;\">A Schindler tet\u0151ablak burkol\u00f3keret<\/span><\/span><\/p>\n<ul>\n<li><span style=\"font-size:16px;\"><span style=\"font-family: verdana,geneva,sans-serif;\">S\u00edk tet\u0151fed\u0151 anyaghoz (s\u00edkpala, bitumenes zsindely)<\/span><\/span><\/li>\n<li><span style=\"font-size:16px;\"><span style=\"font-family: verdana,geneva,sans-serif;\">Hull\u00e1mos tet\u0151h\u00f6z (minden 16mm-n\u00e9l vastagabb tet\u0151fed\u0151 anyag)&nbsp;&nbsp;&nbsp; &nbsp;<\/span><\/span><br \/>&nbsp;<\/li>\n<\/ul>\n<p><img loading=\"lazy\" decoding=\"async\" class=\" size-full wp-image-551\" alt=\"\" height=\"250\" src=\"https:\/\/www.ablakkarter.hu\/wp-content\/uploads\/2013\/03\/schindler2.jpg\" width=\"279\" srcset=\"https:\/\/www.ablakkarter.hu\/wp-content\/uploads\/2013\/03\/schindler2.jpg 412w, https:\/\/www.ablakkarter.hu\/wp-content\/uploads\/2013\/03\/schindler2-300x269.jpg 300w\" sizes=\"auto, (max-width: 279px) 100vw, 279px\" \/> <img loading=\"lazy\" decoding=\"async\" class=\" size-full wp-image-552\" alt=\"\" height=\"250\" src=\"https:\/\/www.ablakkarter.hu\/wp-content\/uploads\/2013\/03\/hullamos_tetoablak.jpg\" width=\"322\" srcset=\"https:\/\/www.ablakkarter.hu\/wp-content\/uploads\/2013\/03\/hullamos_tetoablak.jpg 408w, https:\/\/www.ablakkarter.hu\/wp-content\/uploads\/2013\/03\/hullamos_tetoablak-300x232.jpg 300w\" sizes=\"auto, (max-width: 322px) 100vw, 322px\" \/><\/p>\n<p><span style=\"font-size:16px;\"><span style=\"font-family: verdana,geneva,sans-serif;\">A burkol\u00f3keret anyaga fel\u00fcletkezelt sz\u00fcrke sz\u00edn\u0171 (RAL7043) alum\u00ednium. A burkol\u00f3keret biztos\u00edtja az ablak \u00e9s a tet\u0151fed\u0151 anyag v\u00edzz\u00e1r\u00f3 csatlakoz\u00e1s\u00e1t.<br \/>A burkol\u00f3keret a tet\u0151ablak tartoz\u00e9k\u00e1t k\u00e9pezi, \u00e9s k\u00fcl\u00f6n csomagban ker\u00fcl \u00e9rt\u00e9kes\u00edt\u00e9sre.<\/span><\/span><\/p>\n<p><strong><span style=\"font-size:16px;\"><span style=\"font-family: verdana,geneva,sans-serif;\">Schindler tet\u0151ablak \u00fcvegez\u00e9s argon g\u00e1zt\u00f6lt\u00e9ssel<\/span><\/span><\/strong><\/p>\n<table border=\"1\" cellpadding=\"1\" cellspacing=\"1\" style=\"width: 500px;\">\n<tbody>\n<tr>\n<td><span style=\"font-size:16px;\"><span style=\"font-family: verdana,geneva,sans-serif;\">K\u00e9tr\u00e9teg\u0171 \u00fcvegez\u00e9s<\/span><\/span><\/p>\n<p><span style=\"font-size:16px;\"><span style=\"font-family: verdana,geneva,sans-serif;\">Ug=1,0 W\/m2K<\/span><\/span><\/p>\n<\/td>\n<td><span style=\"font-size:16px;\"><span style=\"font-family: verdana,geneva,sans-serif;\">Biztons\u00e1gi \u00fcvegez\u00e9s<\/span><\/span><\/p>\n<p><span style=\"font-size:16px;\"><span style=\"font-family: verdana,geneva,sans-serif;\">Ug=1,2 W\/m2K<\/span><\/span><\/p>\n<\/td>\n<td><span style=\"font-size:16px;\"><span style=\"font-family: verdana,geneva,sans-serif;\">H\u00e1romr\u00e9teg\u0171 \u00fcvegez\u00e9s<\/span><\/span><\/p>\n<p><span style=\"font-size:16px;\"><span style=\"font-family: verdana,geneva,sans-serif;\">Ug=0,7 W\/m2K<\/span><\/span><\/p>\n<\/td>\n<\/tr>\n<tr>\n<td><img loading=\"lazy\" decoding=\"async\" class=\" size-full wp-image-553\" alt=\"\" src=\"https:\/\/www.ablakkarter.hu\/wp-content\/uploads\/2013\/03\/schindler_g2.jpg\" style=\"width: 120px; height: 196px;\" width=\"119\" height=\"194\" \/><\/td>\n<td><img loading=\"lazy\" decoding=\"async\" class=\" size-full wp-image-554\" alt=\"\" src=\"https:\/\/www.ablakkarter.hu\/wp-content\/uploads\/2013\/03\/schindler_g3.jpg\" style=\"width: 120px; height: 196px;\" width=\"119\" height=\"194\" \/><\/td>\n<td><img loading=\"lazy\" decoding=\"async\" class=\" size-full wp-image-555\" alt=\"\" src=\"https:\/\/www.ablakkarter.hu\/wp-content\/uploads\/2013\/03\/schindler_g31.jpg\" style=\"width: 113px; height: 196px;\" width=\"117\" height=\"203\" \/><\/td>\n<\/tr>\n<\/tbody>\n<\/table>\n<p><span style=\"font-size:16px;\"><span style=\"font-family: verdana,geneva,sans-serif;\"><strong>Schindler tet\u0151ablakok \u00f6ssze\u00e9p\u00edt\u00e9se, sorol\u00e1sa<\/strong><\/span><\/span><\/p>\n<p><span style=\"font-size:16px;\"><span style=\"font-family: verdana,geneva,sans-serif;\">Az azonos m\u00e9ret\u0171 tet\u0151ablakok a sorolhat\u00f3 burkol\u00f3keret seg\u00edts\u00e9g\u00e9vel egym\u00e1shoz v\u00edzszintesen \u00e9s f\u00fcgg\u0151legesen is be\u00e9p\u00edthet\u0151k. Az ablakok k\u00f6z\u00f6tti t\u00e1vols\u00e1g v\u00edzszintes sorol\u00e1sn\u00e1l 10-13 cm, f\u00fcgg\u0151leges sorol\u00e1sn\u00e1l 10 cm lehet.<\/span><\/span><\/p>\n<p><img loading=\"lazy\" decoding=\"async\" class=\" size-full wp-image-556\" alt=\"\" src=\"https:\/\/www.ablakkarter.hu\/wp-content\/uploads\/2013\/03\/schindler4.jpg\" style=\"width: 484px; height: 394px;\" width=\"484\" height=\"394\" srcset=\"https:\/\/www.ablakkarter.hu\/wp-content\/uploads\/2013\/03\/schindler4.jpg 484w, https:\/\/www.ablakkarter.hu\/wp-content\/uploads\/2013\/03\/schindler4-300x244.jpg 300w\" sizes=\"auto, (max-width: 484px) 100vw, 484px\" \/><\/p>\n<p><span style=\"font-size:16px;\"><span style=\"font-family: verdana,geneva,sans-serif;\"><strong>SCHINDLER tet\u0151ablak m\u0171k\u00f6dtet\u00e9s<\/strong><br \/>&bull;&nbsp;&nbsp; &nbsp;K\u00e9zi m\u0171k\u00f6dtet\u00e9s<br \/>&bull;&nbsp;&nbsp; &nbsp;K\u00e9zi t\u00e1vnyit\u00f3s m\u0171k\u00f6dtet\u00e9s<br \/>&bull;&nbsp;&nbsp; &nbsp;Motoros m\u0171k\u00f6dtet\u00e9s<\/span><\/span><br \/>&nbsp;<\/p>\n<p><span style=\"font-size:16px;\"><span style=\"font-family: verdana,geneva,sans-serif;\"><strong>Tet\u0151ablak \u00e1rny\u00e9kol\u00f3k<\/strong><br \/>&bull;&nbsp;&nbsp; &nbsp;H\u0151v\u00e9d\u0151 k\u00fcls\u0151 rol\u00f3<br \/>&bull;&nbsp;&nbsp; &nbsp;F\u00e9nyz\u00e1r\u00f3 bels\u0151 rol\u00f3<br \/>&bull;&nbsp;&nbsp; &nbsp;F\u00e9ny\u00e1tereszt\u0151 bels\u0151 rol\u00f3<\/span><\/span><\/p>\n<p>&nbsp;<\/p>\n<p style=\"text-align: center;\"><span style=\"font-size:16px;\"><span style=\"font-family: verdana,geneva,sans-serif;\"><strong>V\u00e9dekezzen a rovarok ellen!<br \/>V\u00e1s\u00e1roljon m\u00e9retre gy\u00e1rtott rol\u00f3s sz\u00fanyogh\u00e1l\u00f3t tet\u0151t\u00e9ri ablakaira!<\/strong><\/span><\/span><\/p>\n<p style=\"text-align: center;\"><span style=\"font-size:16px;\"><span style=\"font-family: verdana,geneva,sans-serif;\">A SCHINDLER tet\u0151ablak teljes term\u00e9kk\u00edn\u00e1lat\u00e1r\u00f3l \u00e9rdekl\u0151dj\u00f6n vev\u0151szolg\u00e1latunkon!<\/span><\/span><\/p>\n<p style=\"text-align: center;\"><span style=\"font-size:16px;\"><span style=\"font-family: verdana,geneva,sans-serif;\">L\u00e1togasson el az \u00d6nh\u00f6z legk\u00f6zelebb es\u0151 bemutat\u00f3term\u00fcnkbe ahol szakk\u00e9pzett koll\u00e9g\u00e1ink seg\u00edts\u00e9g\u00e9vel kiv\u00e1laszthatja az \u00d6nnek legink\u00e1bb megfelel\u0151 tet\u0151ablakot!<\/span><\/span><\/p>\n<h2 class=\"art-postheader\"><a href=\"\/fakro-tetoablak\"><span style=\"color:#ffd700;\">Tov\u00e1bb a FAKRO Tet\u0151ablak oldalra<\/span><\/a><\/h2>\n<p style=\"text-align: center;\">&nbsp;<\/p>\n","protected":false},"author":1,"featured_media":1118,"parent":0,"menu_order":0,"comment_status":"closed","ping_status":"closed","template":"","meta":{"footnotes":""},"class_list":["post-557","page","type-page","status-publish","has-post-thumbnail","hentry"],"_links":{"self":[{"href":"https:\/\/www.ablakkarter.hu\/index.php?rest_route=\/wp\/v2\/pages\/557","targetHints":{"allow":["GET"]}}],"collection":[{"href":"https:\/\/www.ablakkarter.hu\/index.php?rest_route=\/wp\/v2\/pages"}],"about":[{"href":"https:\/\/www.ablakkarter.hu\/index.php?rest_route=\/wp\/v2\/types\/page"}],"author":[{"embeddable":true,"href":"https:\/\/www.ablakkarter.hu\/index.php?rest_route=\/wp\/v2\/users\/1"}],"replies":[{"embeddable":true,"href":"https:\/\/www.ablakkarter.hu\/index.php?rest_route=%2Fwp%2Fv2%2Fcomments&post=557"}],"version-history":[{"count":4,"href":"https:\/\/www.ablakkarter.hu\/index.php?rest_route=\/wp\/v2\/pages\/557\/revisions"}],"predecessor-version":[{"id":1255,"href":"https:\/\/www.ablakkarter.hu\/index.php?rest_route=\/wp\/v2\/pages\/557\/revisions\/1255"}],"wp:featuredmedia":[{"embeddable":true,"href":"https:\/\/www.ablakkarter.hu\/index.php?rest_route=\/wp\/v2\/media\/1118"}],"wp:attachment":[{"href":"https:\/\/www.ablakkarter.hu\/index.php?rest_route=%2Fwp%2Fv2%2Fmedia&parent=557"}],"curies":[{"name":"wp","href":"https:\/\/api.w.org\/{rel}","templated":true}]}}