{"id":549,"date":"2013-03-18T07:20:56","date_gmt":"2013-03-18T07:20:56","guid":{"rendered":"https:\/\/www.ablakkarter.hu\/tetoablak\/"},"modified":"2022-04-28T10:21:54","modified_gmt":"2022-04-28T10:21:54","slug":"tetoablak","status":"publish","type":"page","link":"https:\/\/www.ablakkarter.hu\/?page_id=549","title":{"rendered":"Tet\u0151ablak"},"content":{"rendered":"\n<div class=\"wp-block-media-text alignwide is-stacked-on-mobile\" style=\"grid-template-columns:26% auto\"><figure class=\"wp-block-media-text__media\"><a href=\"https:\/\/www.ablakkarter.hu\/velux-tetoablak\/\"><img loading=\"lazy\" decoding=\"async\" width=\"1024\" height=\"355\" src=\"https:\/\/www.ablakkarter.hu\/wp-content\/uploads\/2022\/04\/2560px-Velux_logo.svg_-1024x355.png\" alt=\"\" class=\"wp-image-1507 size-full\" srcset=\"https:\/\/www.ablakkarter.hu\/wp-content\/uploads\/2022\/04\/2560px-Velux_logo.svg_-1024x355.png 1024w, https:\/\/www.ablakkarter.hu\/wp-content\/uploads\/2022\/04\/2560px-Velux_logo.svg_-600x208.png 600w, https:\/\/www.ablakkarter.hu\/wp-content\/uploads\/2022\/04\/2560px-Velux_logo.svg_-300x104.png 300w, https:\/\/www.ablakkarter.hu\/wp-content\/uploads\/2022\/04\/2560px-Velux_logo.svg_-768x266.png 768w, https:\/\/www.ablakkarter.hu\/wp-content\/uploads\/2022\/04\/2560px-Velux_logo.svg_-1536x533.png 1536w, https:\/\/www.ablakkarter.hu\/wp-content\/uploads\/2022\/04\/2560px-Velux_logo.svg_-2048x710.png 2048w\" sizes=\"auto, (max-width: 1024px) 100vw, 1024px\" \/><\/a><\/figure><div class=\"wp-block-media-text__content\">\n<p class=\"has-large-font-size\"><a href=\"https:\/\/www.ablakkarter.hu\/velux-tetoablak\/\" data-type=\"page\" data-id=\"569\">Velux tet\u0151ablak<\/a><\/p>\n<\/div><\/div>\n\n\n\n<hr class=\"wp-block-separator\"\/>\n\n\n\n<div class=\"wp-block-media-text alignwide is-stacked-on-mobile\" style=\"grid-template-columns:26% auto\"><figure class=\"wp-block-media-text__media\"><img loading=\"lazy\" decoding=\"async\" width=\"200\" height=\"100\" src=\"https:\/\/www.ablakkarter.hu\/wp-content\/uploads\/2022\/04\/schindler-logo.png\" alt=\"\" class=\"wp-image-1506 size-full\"\/><\/figure><div class=\"wp-block-media-text__content\">\n<p class=\"has-large-font-size\"><a href=\"https:\/\/www.ablakkarter.hu\/schindler-tetoablak\/\" data-type=\"page\" data-id=\"557\">Schnidler tet\u0151ablak<\/a><\/p>\n<\/div><\/div>\n\n\n\n<hr class=\"wp-block-separator\"\/>\n\n\n\n<div class=\"wp-block-media-text alignwide is-stacked-on-mobile\" style=\"grid-template-columns:28% auto\"><figure class=\"wp-block-media-text__media\"><a href=\"https:\/\/www.ablakkarter.hu\/fakro-tetoablak\/\"><img loading=\"lazy\" decoding=\"async\" width=\"180\" height=\"29\" src=\"https:\/\/www.ablakkarter.hu\/wp-content\/uploads\/2022\/04\/logo_fakro.png\" alt=\"\" class=\"wp-image-1508 size-full\"\/><\/a><\/figure><div class=\"wp-block-media-text__content\">\n<p class=\"has-large-font-size\"><a href=\"https:\/\/www.ablakkarter.hu\/fakro-tetoablak\/\" data-type=\"page\" data-id=\"561\">Fakro tet\u0151ablak<\/a><\/p>\n<\/div><\/div>\n\n\n\n<hr class=\"wp-block-separator\"\/>\n\n\n\n<p class=\"has-text-align-center\">A tet\u0151ablakokn\u00e1l rendk\u00edv\u00fcl fontos a szakszer\u0171 \u00e9s pontos be\u00e9p\u00edt\u00e9s.<br>S\u0151t tal\u00e1n sokkal fontosabb, mint maga az ablak!<br><strong>A tet\u0151ablakok be\u00e9p\u00edt\u00e9s\u00e9t mindig b\u00edzza szakemberre!<\/strong><\/p>\n","protected":false},"excerpt":{"rendered":"<table align=\"center\" border=\"1\" cellpadding=\"1\" cellspacing=\"1\" style=\"width: 500px;\">\n<tbody>\n<tr>\n<td style=\"vertical-align: bottom; background-color: rgb(204, 0, 0);\">\n<p style=\"text-align: center;\"><span style=\"font-size:18px;\"><a href=\"\/schindler\"><span style=\"color: rgb(255, 240, 245);\"><span style=\"font-family: verdana,geneva,sans-serif;\">VELUX tet\u0151ablak<\/span><\/span><\/a><\/span><\/p>\n<\/td>\n<td style=\"vertical-align: bottom; background-color: rgb(204, 0, 0);\">\n<p style=\"text-align: center;\"><span style=\"font-size:18px;\"><span style=\"font-family: verdana,geneva,sans-serif;\"><a href=\"\/fakro\"><span style=\"color: rgb(255, 240, 245);\">FAKRO tet\u0151ablak<\/span><\/a><\/span><\/span><\/p>\n<\/td>\n<td style=\"background-color: rgb(204, 0, 0);\">\n<p style=\"text-align: center;\"><span style=\"font-size:18px;\"><span style=\"font-family: verdana,geneva,sans-serif;\"><a href=\"\/velux\"><span style=\"color: rgb(255, 240, 245);\"><span style=\"font-size:18px;\"><a href=\"\/schindler\"><span style=\"color: rgb(255, 240, 245);\"><span style=\"font-family: verdana,geneva,sans-serif;\">SCHINDLER<\/span><\/span><\/a><\/span> tet\u0151ablak<\/span><\/a><\/span><\/span><\/p>\n<\/td>\n<\/tr>\n<tr>\n<td style=\"text-align: center; vertical-align: middle;\">\n<p style=\"text-align: center;\"><a href=\"\/velux\"><img loading=\"lazy\" decoding=\"async\" class=\" size-full wp-image-546\" alt=\"\" src=\"https:\/\/www.ablakkarter.hu\/wp-content\/uploads\/2013\/03\/Velux_tetoablak_logo.jpg\" style=\"width: 233px; height: 76px;\" width=\"585\" height=\"196\" srcset=\"https:\/\/www.ablakkarter.hu\/wp-content\/uploads\/2013\/03\/Velux_tetoablak_logo.jpg 585w, https:\/\/www.ablakkarter.hu\/wp-content\/uploads\/2013\/03\/Velux_tetoablak_logo-300x101.jpg 300w\" sizes=\"auto, (max-width: 585px) 100vw, 585px\" \/><\/a><\/p>\n<\/td>\n<td style=\"text-align: center; vertical-align: middle;\">\n<p><a href=\"\/fakro\"><img loading=\"lazy\" decoding=\"async\" class=\" size-full wp-image-547\" alt=\"\" src=\"https:\/\/www.ablakkarter.hu\/wp-content\/uploads\/2013\/03\/fakro1.jpg\" style=\"width: 247px; height: 77px;\" width=\"347\" height=\"81\" srcset=\"https:\/\/www.ablakkarter.hu\/wp-content\/uploads\/2013\/03\/fakro1.jpg 347w, https:\/\/www.ablakkarter.hu\/wp-content\/uploads\/2013\/03\/fakro1-300x70.jpg 300w\" sizes=\"auto, (max-width: 347px) 100vw, 347px\" \/><\/a><\/p>\n<\/td>\n<td style=\"vertical-align: top;\">\n<p><a href=\"\/schindler\"><img loading=\"lazy\" decoding=\"async\" class=\" size-full wp-image-548\" alt=\"\" src=\"https:\/\/www.ablakkarter.hu\/wp-content\/uploads\/2013\/03\/schindler_tetoablak_logo.jpg\" style=\"width: 244px; height: 76px;\" width=\"570\" height=\"180\" srcset=\"https:\/\/www.ablakkarter.hu\/wp-content\/uploads\/2013\/03\/schindler_tetoablak_logo.jpg 570w, https:\/\/www.ablakkarter.hu\/wp-content\/uploads\/2013\/03\/schindler_tetoablak_logo-300x95.jpg 300w\" sizes=\"auto, (max-width: 570px) 100vw, 570px\" \/><\/a><\/p>\n<\/td>\n<\/tr>\n<\/tbody>\n<\/table>\n<p style=\"text-align: center;\"><span style=\"font-size:16px;\"><span style=\"font-family: verdana,geneva,sans-serif;\">A tet\u0151ablakokn\u00e1l rendk\u00edv\u00fcl fontos a szakszer\u0171 \u00e9s pontos be\u00e9p\u00edt\u00e9s.<\/span><\/span><\/p>\n<p style=\"text-align: center;\"><span style=\"font-size:16px;\"><span style=\"font-family: verdana,geneva,sans-serif;\">S\u0151t tal\u00e1n sokkal fontosabb, mint maga az ablak!<\/span><\/span><\/p>\n<p style=\"text-align: center;\"><span style=\"font-size:16px;\"><span style=\"font-family: verdana,geneva,sans-serif;\">A tet\u0151ablakok be\u00e9p\u00edt\u00e9s\u00e9t mindig b\u00edzza szakemberre!<\/span><\/span><\/p>\n","protected":false},"author":1,"featured_media":1118,"parent":0,"menu_order":0,"comment_status":"closed","ping_status":"closed","template":"","meta":{"footnotes":""},"class_list":["post-549","page","type-page","status-publish","has-post-thumbnail","hentry"],"_links":{"self":[{"href":"https:\/\/www.ablakkarter.hu\/index.php?rest_route=\/wp\/v2\/pages\/549","targetHints":{"allow":["GET"]}}],"collection":[{"href":"https:\/\/www.ablakkarter.hu\/index.php?rest_route=\/wp\/v2\/pages"}],"about":[{"href":"https:\/\/www.ablakkarter.hu\/index.php?rest_route=\/wp\/v2\/types\/page"}],"author":[{"embeddable":true,"href":"https:\/\/www.ablakkarter.hu\/index.php?rest_route=\/wp\/v2\/users\/1"}],"replies":[{"embeddable":true,"href":"https:\/\/www.ablakkarter.hu\/index.php?rest_route=%2Fwp%2Fv2%2Fcomments&post=549"}],"version-history":[{"count":7,"href":"https:\/\/www.ablakkarter.hu\/index.php?rest_route=\/wp\/v2\/pages\/549\/revisions"}],"predecessor-version":[{"id":1512,"href":"https:\/\/www.ablakkarter.hu\/index.php?rest_route=\/wp\/v2\/pages\/549\/revisions\/1512"}],"wp:featuredmedia":[{"embeddable":true,"href":"https:\/\/www.ablakkarter.hu\/index.php?rest_route=\/wp\/v2\/media\/1118"}],"wp:attachment":[{"href":"https:\/\/www.ablakkarter.hu\/index.php?rest_route=%2Fwp%2Fv2%2Fmedia&parent=549"}],"curies":[{"name":"wp","href":"https:\/\/api.w.org\/{rel}","templated":true}]}}