{"id":545,"date":"2013-03-06T09:08:47","date_gmt":"2013-03-06T09:08:47","guid":{"rendered":"https:\/\/www.ablakkarter.hu\/technikai-ajtok\/"},"modified":"2021-12-08T15:34:02","modified_gmt":"2021-12-08T15:34:02","slug":"technikai-ajtok","status":"publish","type":"page","link":"https:\/\/www.ablakkarter.hu\/?page_id=545","title":{"rendered":"Technikai ajt\u00f3k"},"content":{"rendered":"<div align=\"center\">\n<p style=\"text-align: center;\">\n<table style=\"width: 500px;\" border=\"1\" cellspacing=\"1\" cellpadding=\"1\" align=\"center\">\n<tbody>\n<tr>\n<td style=\"text-align: center; background-color: #cc0000;\"><a href=\"\/fustgatlo-ajto\"><span style=\"color: #ffffff;\"><strong><span style=\"font-size: 16px;\"><span style=\"font-family: verdana,geneva,sans-serif;\">F\u00fcstg\u00e1tl\u00f3 ajt\u00f3k<\/span><\/span><\/strong><\/span><\/a><\/td>\n<td style=\"text-align: center; background-color: #cc0000;\"><a href=\"\/rontgen-ajto\"><span style=\"color: #ffffff;\"><strong><span style=\"font-size: 16px;\"><span style=\"font-family: verdana,geneva,sans-serif;\">R\u00f6ntgenajt\u00f3k<\/span><\/span><\/strong><\/span><\/a><\/td>\n<td style=\"text-align: center; background-color: #cc0000;\"><a href=\"\/tuzgatlo-ajto\"><span style=\"color: #ffffff;\"><strong><span style=\"font-size: 16px;\"><span style=\"font-family: verdana,geneva,sans-serif;\"><span style=\"font-weight: bold;\">T\u0171zg\u00e1tl\u00f3 ajt\u00f3k<\/span><\/span><\/span><\/strong><\/span><\/a><\/td>\n<\/tr>\n<tr>\n<td><a href=\"\/fustgatlo-ajto\"><img loading=\"lazy\" decoding=\"async\" class=\" size-full wp-image-542\" title=\"F\u00fcstg\u00e1tl\u00f3 ajt\u00f3\" src=\"https:\/\/www.ablakkarter.hu\/wp-content\/uploads\/2013\/03\/fustgatlo_ajto.jpg\" alt=\"\" width=\"199\" height=\"292\" \/><\/a><\/td>\n<td><img loading=\"lazy\" decoding=\"async\" class=\" size-full wp-image-543\" style=\"width: 178px; height: 294px;\" src=\"https:\/\/www.ablakkarter.hu\/wp-content\/uploads\/2013\/03\/rontgenajto.jpg\" alt=\"\" width=\"178\" height=\"294\" \/><\/td>\n<td><a href=\"\/tuzgatlo-ajto\"><img loading=\"lazy\" decoding=\"async\" class=\" size-full wp-image-544\" title=\"t\u0171zg\u00e1tl\u00f3 ajt\u00f3\" src=\"https:\/\/www.ablakkarter.hu\/wp-content\/uploads\/2013\/03\/tuzgatlo_ajto.jpg\" alt=\"\" width=\"172\" height=\"293\" \/><\/a><\/td>\n<\/tr>\n<\/tbody>\n<\/table>\n<\/div>\n<div align=\"center\"><\/div>\n","protected":false},"excerpt":{"rendered":"<div align=\"center\">\n<p style=\"text-align: center;\">&nbsp;<\/p>\n<table align=\"center\" border=\"1\" cellpadding=\"1\" cellspacing=\"1\" style=\"width: 500px;\">\n<tbody>\n<tr>\n<td style=\"text-align: center; background-color: rgb(204, 0, 0);\"><a href=\"\/fustgatlo-ajto\"><span style=\"color:#ffffff;\"><strong><span style=\"font-size: 16px;\"><span style=\"font-family: verdana,geneva,sans-serif;\">F\u00fcstg\u00e1tl\u00f3 ajt\u00f3k<\/span><\/span><\/strong><\/span><\/a><\/td>\n<td style=\"text-align: center; background-color: rgb(204, 0, 0);\"><a href=\"\/rontgen-ajto\"><span style=\"color:#ffffff;\"><strong><span style=\"font-size: 16px;\"><span style=\"font-family: verdana,geneva,sans-serif;\">R\u00f6ntgenajt\u00f3k<\/span><\/span><\/strong><\/span><\/a><\/td>\n<td style=\"text-align: center; background-color: rgb(204, 0, 0);\"><a href=\"\/tuzgatlo-ajto\"><span style=\"color:#ffffff;\"><strong><span style=\"font-size: 16px;\"><span style=\"font-family: verdana,geneva,sans-serif;\"><span style=\"font-weight: bold;\">T\u0171zg\u00e1tl\u00f3 ajt\u00f3k<\/span><\/span><\/span><\/strong><\/span><\/a><\/td>\n<\/tr>\n<tr>\n<td><a href=\"\/fustgatlo-ajto\"><img loading=\"lazy\" decoding=\"async\" class=\" size-full wp-image-542\" alt=\"\" height=\"292\" src=\"https:\/\/www.ablakkarter.hu\/wp-content\/uploads\/2013\/03\/fustgatlo_ajto.jpg\" title=\"F\u00fcstg\u00e1tl\u00f3 ajt\u00f3\" width=\"199\" \/><\/a><\/td>\n<td><img loading=\"lazy\" decoding=\"async\" class=\" size-full wp-image-543\" alt=\"\" src=\"https:\/\/www.ablakkarter.hu\/wp-content\/uploads\/2013\/03\/rontgenajto.jpg\" style=\"width: 178px; height: 294px;\" width=\"178\" height=\"294\" \/><\/td>\n<td><a href=\"\/tuzgatlo-ajto\"><img loading=\"lazy\" decoding=\"async\" class=\" size-full wp-image-544\" alt=\"\" height=\"293\" src=\"https:\/\/www.ablakkarter.hu\/wp-content\/uploads\/2013\/03\/tuzgatlo_ajto.jpg\" title=\"t\u0171zg\u00e1tl\u00f3 ajt\u00f3\" width=\"172\" \/><\/a><\/td>\n<\/tr>\n<\/tbody>\n<\/table>\n<\/div>\n<p>&nbsp;<\/p>\n<p>&nbsp;<\/p>\n","protected":false},"author":1,"featured_media":1118,"parent":0,"menu_order":0,"comment_status":"closed","ping_status":"closed","template":"","meta":{"footnotes":""},"class_list":["post-545","page","type-page","status-publish","has-post-thumbnail","hentry"],"_links":{"self":[{"href":"https:\/\/www.ablakkarter.hu\/index.php?rest_route=\/wp\/v2\/pages\/545","targetHints":{"allow":["GET"]}}],"collection":[{"href":"https:\/\/www.ablakkarter.hu\/index.php?rest_route=\/wp\/v2\/pages"}],"about":[{"href":"https:\/\/www.ablakkarter.hu\/index.php?rest_route=\/wp\/v2\/types\/page"}],"author":[{"embeddable":true,"href":"https:\/\/www.ablakkarter.hu\/index.php?rest_route=\/wp\/v2\/users\/1"}],"replies":[{"embeddable":true,"href":"https:\/\/www.ablakkarter.hu\/index.php?rest_route=%2Fwp%2Fv2%2Fcomments&post=545"}],"version-history":[{"count":1,"href":"https:\/\/www.ablakkarter.hu\/index.php?rest_route=\/wp\/v2\/pages\/545\/revisions"}],"predecessor-version":[{"id":1147,"href":"https:\/\/www.ablakkarter.hu\/index.php?rest_route=\/wp\/v2\/pages\/545\/revisions\/1147"}],"wp:featuredmedia":[{"embeddable":true,"href":"https:\/\/www.ablakkarter.hu\/index.php?rest_route=\/wp\/v2\/media\/1118"}],"wp:attachment":[{"href":"https:\/\/www.ablakkarter.hu\/index.php?rest_route=%2Fwp%2Fv2%2Fmedia&parent=545"}],"curies":[{"name":"wp","href":"https:\/\/api.w.org\/{rel}","templated":true}]}}