{"id":541,"date":"2013-03-05T11:57:09","date_gmt":"2013-03-05T11:57:09","guid":{"rendered":"https:\/\/www.ablakkarter.hu\/nyilaszaro-cegismerteto-karter-ablak-kft\/"},"modified":"2026-03-17T15:50:36","modified_gmt":"2026-03-17T15:50:36","slug":"nyilaszaro-cegismerteto-karter-ablak-kft","status":"publish","type":"page","link":"https:\/\/www.ablakkarter.hu\/?page_id=541","title":{"rendered":"Ny\u00edl\u00e1sz\u00e1r\u00f3 c\u00e9gismertet\u0151.  Karter Ablak Kft."},"content":{"rendered":"<div class=\"wp-block-image\">\n<figure class=\"aligncenter size-full is-resized\"><img loading=\"lazy\" decoding=\"async\" width=\"619\" height=\"619\" src=\"http:\/\/www.ablakkarter.hu\/wp-content\/uploads\/2021\/12\/cropped-Karter_Ablak_logo_620x620-2.png\" alt=\"\" class=\"wp-image-16481\" style=\"width:242px;height:auto\" srcset=\"https:\/\/www.ablakkarter.hu\/wp-content\/uploads\/2021\/12\/cropped-Karter_Ablak_logo_620x620-2.png 619w, https:\/\/www.ablakkarter.hu\/wp-content\/uploads\/2021\/12\/cropped-Karter_Ablak_logo_620x620-2-300x300.png 300w, https:\/\/www.ablakkarter.hu\/wp-content\/uploads\/2021\/12\/cropped-Karter_Ablak_logo_620x620-2-100x100.png 100w, https:\/\/www.ablakkarter.hu\/wp-content\/uploads\/2021\/12\/cropped-Karter_Ablak_logo_620x620-2-600x600.png 600w, https:\/\/www.ablakkarter.hu\/wp-content\/uploads\/2021\/12\/cropped-Karter_Ablak_logo_620x620-2-150x150.png 150w\" sizes=\"auto, (max-width: 619px) 100vw, 619px\" \/><\/figure>\n<\/div>\n\n\n<div style=\"height:100px\" aria-hidden=\"true\" class=\"wp-block-spacer\"><\/div>\n\n\n\n<p class=\"has-text-align-center has-medium-font-size\">Karter Ablak Kft.<br>Vel\u00fcnk az ablakcsere nem k\u00f6lts\u00e9g, ink\u00e1bb egy gyorsan megt\u00e9r\u00fcl\u0151 befektet\u00e9s!<br>&nbsp;<br>A Karter Ablak Kft f\u0151 tev\u00e9kenys\u00e9ge a m\u0171anyag ablak, fa ablak, bej\u00e1rati ajt\u00f3, belt\u00e9ri ajt\u00f3, gar\u00e1zskapu, red\u0151ny, sz\u00fanyogh\u00e1l\u00f3, ablakp\u00e1rk\u00e1ny gy\u00e1rt\u00e1sa, forgalmaz\u00e1sa valamint szakszer\u0171 be\u00e9p\u00edt\u00e9se, melyekre egyed\u00fcl\u00e1ll\u00f3 min\u0151s\u00e9gi garanci\u00e1t v\u00e1llalunk. Term\u00e9keink megkapt\u00e1k a &#8222;Kiv\u00e1l\u00f3 \u00c9p\u00edt\u00e9si Term\u00e9k&#8221; d\u00edjat valamint \u00c9MI-TVB min\u0151s\u00edt\u00e9ssel is rendelkeznek ezzel is biztos\u00edtva v\u00e1s\u00e1rl\u00f3inkat a val\u00f3ban kiv\u00e1l\u00f3 min\u0151s\u00e9gr\u0151l.<\/p>\n\n\n\n<p class=\"has-text-align-left has-medium-font-size\"><br>Term\u00e9ksk\u00e1l\u00e1nkat folyamatosan b\u0151v\u00edtj\u00fck, fejlesztj\u00fck. Ennek eredm\u00e9nyek\u00e9nt 2012-ben megkezdt\u00fck a Deceuninck\/Inoutic Prestige(N\u00e9met) k\u00f6z\u00e9pt\u00f6m\u00edt\u00e9ses m\u0171anyag ablakok forgalmaz\u00e1s\u00e1t, valamint bemutattuk leg\u00fajabb ablakprofilunkat, a Gealan S 9000IQ rendszert, amely m\u00e1r megfelel\u0151 \u00fcvegez\u00e9s alkalmaz\u00e1s\u00e1val passz\u00edvablak-passz\u00edvh\u00e1z kateg\u00f3ri\u00e1ba tartozik. Ugyancsak 2012-ben megkezdt\u00fck sz\u00fanyogh\u00e1l\u00f3 rendszerek gy\u00e1rt\u00e1s\u00e1t, valamint m\u0171anyag ablakp\u00e1rk\u00e1nyok \u00e9s m\u0171anyag takar\u00f3l\u00e9cek rakt\u00e1rr\u00f3l t\u00f6rt\u00e9n\u0151 \u00e9rt\u00e9kes\u00edt\u00e9s\u00e9t.<br>2015 \u00e9vben a nagy \u00e9rdekl\u0151d\u00e9sre val\u00f3 tekintettel b\u0151v\u00edtett\u00fck ablakv\u00e1laszt\u00e9kunkat az OKNOPLAST ablak \u00e9s ajt\u00f3 profilokkal , valamint bevezett\u00fck a n\u00e9gy r\u00e9teg\u0171 \u00fcvegez\u00e9st melyet kifejezetten&nbsp; passz\u00edv h\u00e1zakhoz aj\u00e1nlunk.<br>A Karter Ablak Kft \u00e1ltal forgalmazott ablakok \u00e9s ajt\u00f3k t\u00f6k\u00e9letes m\u0171k\u00f6d\u00e9s\u00e9t \u00e9s a maxim\u00e1lis biztons\u00e1got a ROTO NT (N\u00e9met) biztons\u00e1gi vasalat garant\u00e1lja.<br>Az \u00f3ri\u00e1si \u00fcvegv\u00e1laszt\u00e9knak k\u00f6sz\u00f6nhet\u0151en szinte minden \u00fcvegez\u00e9ssel szembeni ig\u00e9nyt teljes\u00edteni tudunk. Ablakainkat, ajt\u00f3inkat aj\u00e1nljuk mindazon \u00e9p\u00fcletekn\u00e9l, ahol a t\u00f6k\u00e9letes h\u0151- \u00e9s hangszigetel\u00e9s mellett a kedvez\u0151 beruh\u00e1z\u00e1si k\u00f6lts\u00e9g illetve a karbantart\u00e1si feladatok minimaliz\u00e1l\u00e1sa is fontos.<br>Term\u00e9keink k\u00f6z\u00f6tt megtal\u00e1lhat\u00f3k az \u00fcregkamr\u00e1s polikarbon\u00e1t lemezek valamint a t\u00f6m\u00f6r polikarbon\u00e1t&nbsp; \u00e9s Plexi lemez term\u00e9k is.<br>A polikarbon\u00e1t lemezek m\u00e9retrev\u00e1g\u00e1sa ingyenes!<br>Bemutat\u00f3termeinkben kiv\u00e1l\u00f3an felk\u00e9sz\u00fclt koll\u00e9g\u00e1ink ingyenes szaktan\u00e1csad\u00e1ssal, tov\u00e1bb\u00e1 ingyenes \u00e1raj\u00e1nlat k\u00e9sz\u00edt\u00e9ssel \u00e1llnak \u00dcgyfeleink rendelkez\u00e9s\u00e9re.<br>&nbsp;<br>Term\u00e9keinket nem csak bemutat\u00f3termeinkben, hanem az orsz\u00e1g eg\u00e9sz ter\u00fclet\u00e9n m\u0171k\u00f6d\u0151 \u00e9s folyamatosan b\u0151v\u00fcl\u0151 partnerh\u00e1l\u00f3zatunkon kereszt\u00fcl \u00e9rt\u00e9kes\u00edtj\u00fck.<\/p>\n\n\n\n<p class=\"has-large-font-size\" style=\"text-decoration:underline\">Term\u00e9keink:<\/p>\n\n\n\n<ul class=\"wp-block-list has-black-color has-text-color has-link-color has-medium-font-size wp-elements-9fbdfddc3a216a8445e5fb981ce448be\">\n<li class=\"has-medium-font-size\">M\u0171anyag ablak<\/li>\n\n\n\n<li class=\"has-medium-font-size\">M\u0171anyag bej\u00e1rati ajt\u00f3<\/li>\n\n\n\n<li class=\"has-medium-font-size\">M\u0171anyag erk\u00e9lyajt\u00f3<\/li>\n\n\n\n<li class=\"has-medium-font-size\">Fa ablak<\/li>\n\n\n\n<li class=\"has-medium-font-size\">Fa bej\u00e1rati ajt\u00f3<\/li>\n\n\n\n<li class=\"has-medium-font-size\">FA erk\u00e9lyajt\u00f3<\/li>\n\n\n\n<li class=\"has-medium-font-size\">Biztons\u00e1gi bej\u00e1rati ajt\u00f3<\/li>\n\n\n\n<li class=\"has-medium-font-size\">Alum\u00ednium bej\u00e1rati ajt\u00f3<\/li>\n\n\n\n<li class=\"has-medium-font-size\">Fa belt\u00e9ri ajt\u00f3<\/li>\n\n\n\n<li class=\"has-medium-font-size\">Dekorf\u00f3li\u00e1s belt\u00e9ri ajt\u00f3<\/li>\n\n\n\n<li class=\"has-medium-font-size\">Red\u0151ny<\/li>\n\n\n\n<li class=\"has-medium-font-size\">Sz\u00fanyogh\u00e1l\u00f3<\/li>\n\n\n\n<li class=\"has-medium-font-size\">Naperny\u0151<\/li>\n\n\n\n<li class=\"has-medium-font-size\">Gar\u00e1zskapu<\/li>\n\n\n\n<li class=\"has-medium-font-size\">Ablakp\u00e1rk\u00e1ny<\/li>\n\n\n\n<li class=\"has-medium-font-size\">Polikarbon\u00e1t lemez<\/li>\n\n\n\n<li class=\"has-medium-font-size\">Polikarbon\u00e1t el\u0151tet\u0151<\/li>\n<\/ul>\n\n\n\n<p class=\"has-text-align-center has-luminous-vivid-amber-color has-text-color has-link-color has-large-font-size wp-elements-19cb11ec2c18c236dfc35849c481a2ff\" style=\"font-style:normal;font-weight:700\">Mi\u00e9rt \u00e9ppen a Karter Ablak Kft?<\/p>\n\n\n\n<p class=\"has-large-font-size\" style=\"text-decoration:underline\"><br>Szolg\u00e1ltat\u00e1saink:<\/p>\n\n\n\n<ul class=\"wp-block-list has-black-color has-text-color has-link-color wp-elements-8cf1732a8108f8b5a526ca3ff1512bae\">\n<li class=\"has-medium-font-size\">Ingyenes \u00e1raj\u00e1nlat k\u00e9sz\u00edt\u00e9s<\/li>\n\n\n\n<li class=\"has-medium-font-size\">Ingyenes szaktan\u00e1csad\u00e1s<\/li>\n\n\n\n<li class=\"has-medium-font-size\">Ingyenes felm\u00e9r\u00e9s<\/li>\n\n\n\n<li class=\"has-medium-font-size\">Ajt\u00f3 \u2013 ablak be\u00e9p\u00edt\u00e9s<\/li>\n\n\n\n<li class=\"has-medium-font-size\">Red\u0151ny felszerel\u00e9s<\/li>\n\n\n\n<li class=\"has-medium-font-size\">Sz\u00fanyogh\u00e1l\u00f3 gy\u00e1rt\u00e1s<\/li>\n\n\n\n<li class=\"has-medium-font-size\">Ablakp\u00e1rk\u00e1ny rakt\u00e1rr\u00f3l ingyenes m\u00e9retre szab\u00e1ssal!<\/li>\n\n\n\n<li class=\"has-medium-font-size\">Gar\u00e1zskapu gy\u00e1rt\u00e1s<\/li>\n\n\n\n<li class=\"has-medium-font-size\">Gar\u00e1zskapu be\u00e9p\u00edt\u00e9s<\/li>\n\n\n\n<li class=\"has-medium-font-size\">Polikarbon\u00e1t lemez forgalmaz\u00e1sa, ingyenes m\u00e9retre v\u00e1g\u00e1ssal!<\/li>\n\n\n\n<li class=\"has-medium-font-size\">Polikarbon\u00e1t el\u0151tet\u0151k \u00e9s polikarbon\u00e1t teraszfed\u00e9sek k\u00e9sz\u00edt\u00e9se<\/li>\n<\/ul>\n\n\n\n<p><\/p>\n\n\n\n<p class=\"has-text-align-center has-medium-font-size\">Keresse folyamatos akci\u00f3inkat melyekkel lehet\u0151s\u00e9ge van m\u00e9g kedvez\u0151bb \u00e1ron megv\u00e1s\u00e1rolni \u00e1lmai ny\u00edl\u00e1sz\u00e1r\u00f3j\u00e1t!<br>Ismeri a&nbsp; Karter Ablak Kft term\u00e9keit? V\u00e1s\u00e1rolt m\u00e1r ablakot t\u0151l\u00fcnk? Akkor \u00d6n m\u00e1r tudja!<br>Vel\u00fcnk az ablakcsere nem k\u00f6lts\u00e9g, ink\u00e1bb egy gyorsan megt\u00e9r\u00fcl\u0151 befektet\u00e9s!<br>&nbsp;<\/p>\n","protected":false},"excerpt":{"rendered":"<p align=\"center\"><span style=\"font-size:14px;\"><span style=\"font-family: verdana,geneva,sans-serif;\"><b><img loading=\"lazy\" decoding=\"async\" class=\" size-full wp-image-539\" alt=\"\" height=\"120\" src=\"https:\/\/www.ablakkarter.hu\/wp-content\/uploads\/2013\/03\/ablakkarter_logo.png\" width=\"132\" \/><\/b><\/span><\/span><\/p>\n<p align=\"center\"><span style=\"font-size:18px;\"><span style=\"font-family: tahoma,geneva,sans-serif;\"><b>Karter Ablak Kft.<\/b><\/span><\/span><\/p>\n<p align=\"center\"><span style=\"font-size:18px;\"><span style=\"font-family: tahoma,geneva,sans-serif;\"><b>Vel\u00fcnk az ablakcsere nem k\u00f6lts\u00e9g, ink\u00e1bb egy gyorsan megt\u00e9r\u00fcl\u0151 befektet\u00e9s! <\/b><\/span><\/span><\/p>\n<p align=\"center\">&nbsp;<\/p>\n<p><strong><span style=\"font-family:tahoma,geneva,sans-serif;\"><span style=\"font-size: 14px;\">A Karter Ablak Kft f\u0151 tev\u00e9kenys\u00e9ge a m\u0171anyag ablak, fa ablak, bej\u00e1rati ajt\u00f3, belt\u00e9ri ajt\u00f3, gar\u00e1zskapu, red\u0151ny, sz\u00fanyogh\u00e1l\u00f3, ablakp\u00e1rk\u00e1ny gy\u00e1rt\u00e1sa, forgalmaz\u00e1sa valamint szakszer\u0171 be\u00e9p\u00edt\u00e9se, melyekre egyed\u00fcl\u00e1ll\u00f3 min\u0151s\u00e9gi garanci\u00e1t v\u00e1llalunk. Term\u00e9keink megkapt\u00e1k a &quot;Kiv\u00e1l\u00f3 \u00c9p\u00edt\u00e9si Term\u00e9k&quot; d\u00edjat valamint \u00c9MI-TVB min\u0151s\u00edt\u00e9ssel is rendelkeznek ezzel is biztos\u00edtva v\u00e1s\u00e1rl\u00f3inkat a val\u00f3ban kiv\u00e1l\u00f3 min\u0151s\u00e9gr\u0151l.<\/span><\/span><\/strong><\/p>\n<p><strong><span style=\"font-family:tahoma,geneva,sans-serif;\"><span style=\"font-size: 14px;\">Term\u00e9ksk\u00e1l\u00e1nkat folyamatosan b\u0151v\u00edtj\u00fck, fejlesztj\u00fck. Ennek eredm\u00e9nyek\u00e9nt 2012-ben megkezdt\u00fck a Deceuninck\/Inoutic Prestige(N\u00e9met) k\u00f6z\u00e9pt\u00f6m\u00edt\u00e9ses m\u0171anyag ablakok forgalmaz\u00e1s\u00e1t, valamint bemutattuk leg\u00fajabb ablakprofilunkat, a Gealan S 9000IQ rendszert, amely m\u00e1r megfelel\u0151 \u00fcvegez\u00e9s alkalmaz\u00e1s\u00e1val passz\u00edvablak-passz\u00edvh\u00e1z kateg\u00f3ri\u00e1ba tartozik. Ugyancsak 2012-ben megkezdt\u00fck sz\u00fanyogh\u00e1l\u00f3 rendszerek gy\u00e1rt\u00e1s\u00e1t, valamint m\u0171anyag ablakp\u00e1rk\u00e1nyok \u00e9s m\u0171anyag takar\u00f3l\u00e9cek rakt\u00e1rr\u00f3l t\u00f6rt\u00e9n\u0151 \u00e9rt\u00e9kes\u00edt\u00e9s\u00e9t. <\/span><\/span><\/strong><\/p>\n<p><strong><span style=\"font-family:tahoma,geneva,sans-serif;\"><span style=\"font-size: 14px;\">2015 \u00e9vben a nagy \u00e9rdekl\u0151d\u00e9sre val\u00f3 tekintettel b\u0151v\u00edtett\u00fck ablakv\u00e1laszt\u00e9kunkat az OKNOPLAST ablak \u00e9s ajt\u00f3 profilokkal , valamint bevezett\u00fck a n\u00e9gy r\u00e9teg\u0171 \u00fcvegez\u00e9st melyet kifejezetten&nbsp; passz\u00edv h\u00e1zakhoz aj\u00e1nlunk. <\/span><\/span><\/strong><\/p>\n<p><strong><span style=\"font-family:tahoma,geneva,sans-serif;\"><span style=\"font-size: 14px;\">A Karter Ablak Kft \u00e1ltal forgalmazott ablakok \u00e9s ajt\u00f3k t\u00f6k\u00e9letes m\u0171k\u00f6d\u00e9s\u00e9t \u00e9s a maxim\u00e1lis biztons\u00e1got a ROTO NT (N\u00e9met) biztons\u00e1gi vasalat garant\u00e1lja.<\/span><\/span><\/strong><\/p>\n<p><strong><span style=\"font-family:tahoma,geneva,sans-serif;\"><span style=\"font-size: 14px;\">Az \u00f3ri\u00e1si \u00fcvegv\u00e1laszt\u00e9knak k\u00f6sz\u00f6nhet\u0151en szinte minden \u00fcvegez\u00e9ssel szembeni ig\u00e9nyt teljes\u00edteni tudunk. Ablakainkat, ajt\u00f3inkat aj\u00e1nljuk mindazon \u00e9p\u00fcletekn\u00e9l, ahol a t\u00f6k\u00e9letes h\u0151- \u00e9s hangszigetel\u00e9s mellett a kedvez\u0151 beruh\u00e1z\u00e1si k\u00f6lts\u00e9g illetve a karbantart\u00e1si feladatok minimaliz\u00e1l\u00e1sa is fontos.<\/span><\/span><\/strong><\/p>\n<p><strong><span style=\"font-family:tahoma,geneva,sans-serif;\"><span style=\"font-size: 14px;\">Term\u00e9keink k\u00f6z\u00f6tt megtal\u00e1lhat\u00f3k az \u00fcregkamr\u00e1s polikarbon\u00e1t lemezek valamint a t\u00f6m\u00f6r polikarbon\u00e1t&nbsp; \u00e9s Plexi lemez term\u00e9k is. <\/span><\/span><\/strong><\/p>\n<p><strong><span style=\"font-family:tahoma,geneva,sans-serif;\"><span style=\"font-size: 14px;\">A polikarbon\u00e1t lemezek m\u00e9retrev\u00e1g\u00e1sa ingyenes!<\/span><\/span><\/strong><\/p>\n<p><strong><span style=\"font-family:tahoma,geneva,sans-serif;\"><span style=\"font-size: 14px;\">Bemutat\u00f3termeinkben kiv\u00e1l\u00f3an felk\u00e9sz\u00fclt koll\u00e9g\u00e1ink ingyenes szaktan\u00e1csad\u00e1ssal, tov\u00e1bb\u00e1 ingyenes \u00e1raj\u00e1nlat k\u00e9sz\u00edt\u00e9ssel \u00e1llnak \u00dcgyfeleink rendelkez\u00e9s\u00e9re.<\/span><\/span><\/strong><\/p>\n<p>&nbsp;<\/p>\n<p><strong><span style=\"font-family:tahoma,geneva,sans-serif;\"><span style=\"font-size: 14px;\">Term\u00e9keinket nem csak bemutat\u00f3termeinkben, hanem az orsz\u00e1g eg\u00e9sz ter\u00fclet\u00e9n m\u0171k\u00f6d\u0151 \u00e9s folyamatosan b\u0151v\u00fcl\u0151 partnerh\u00e1l\u00f3zatunkon <\/span><\/span><\/strong><\/p>\n<p><strong><span style=\"font-family:tahoma,geneva,sans-serif;\"><span style=\"font-size: 14px;\">kereszt\u00fcl \u00e9rt\u00e9kes\u00edtj\u00fck.<\/span><\/span><\/strong><\/p>\n<p>&nbsp;<\/p>\n<p><span style=\"font-family:tahoma,geneva,sans-serif;\"><span style=\"font-size: 16px;\"><strong><u>Term\u00e9keink:<\/u><\/strong><\/span><\/span><\/p>\n<p>&nbsp;<\/p>\n<ul>\n<li><strong><span style=\"font-family:tahoma,geneva,sans-serif;\"><span style=\"font-size: 14px;\">M\u0171anyag ablak<\/span><\/span><\/strong><\/li>\n<li><strong><span style=\"font-family:tahoma,geneva,sans-serif;\"><span style=\"font-size: 14px;\">M\u0171anyag bej\u00e1rati ajt\u00f3<\/span><\/span><\/strong><\/li>\n<li><strong><span style=\"font-family:tahoma,geneva,sans-serif;\"><span style=\"font-size: 14px;\">M\u0171anyag erk\u00e9lyajt\u00f3<\/span><\/span><\/strong><\/li>\n<li><strong><span style=\"font-family:tahoma,geneva,sans-serif;\"><span style=\"font-size: 14px;\">Fa ablak<\/span><\/span><\/strong><\/li>\n<li><strong><span style=\"font-family:tahoma,geneva,sans-serif;\"><span style=\"font-size: 14px;\">Fa bej\u00e1rati ajt\u00f3<\/span><\/span><\/strong><\/li>\n<li><strong><span style=\"font-family:tahoma,geneva,sans-serif;\"><span style=\"font-size: 14px;\">FA erk\u00e9lyajt\u00f3<\/span><\/span><\/strong><\/li>\n<li><strong><span style=\"font-family:tahoma,geneva,sans-serif;\"><span style=\"font-size: 14px;\">Biztons\u00e1gi bej\u00e1rati ajt\u00f3<\/span><\/span><\/strong><\/li>\n<li><strong><span style=\"font-family:tahoma,geneva,sans-serif;\"><span style=\"font-size: 14px;\">Alum\u00ednium bej\u00e1rati ajt\u00f3<\/span><\/span><\/strong><\/li>\n<li><strong><span style=\"font-family:tahoma,geneva,sans-serif;\"><span style=\"font-size: 14px;\">Fa belt\u00e9ri ajt\u00f3<\/span><\/span><\/strong><\/li>\n<li><strong><span style=\"font-family:tahoma,geneva,sans-serif;\"><span style=\"font-size: 14px;\">Dekorf\u00f3li\u00e1s belt\u00e9ri ajt\u00f3<\/span><\/span><\/strong><\/li>\n<li><strong><span style=\"font-family:tahoma,geneva,sans-serif;\"><span style=\"font-size: 14px;\">Red\u0151ny<\/span><\/span><\/strong><\/li>\n<li><strong><span style=\"font-family:tahoma,geneva,sans-serif;\"><span style=\"font-size: 14px;\">Sz\u00fanyogh\u00e1l\u00f3<\/span><\/span><\/strong><\/li>\n<li><strong><span style=\"font-family:tahoma,geneva,sans-serif;\"><span style=\"font-size: 14px;\">Naperny\u0151<\/span><\/span><\/strong><\/li>\n<li><strong><span style=\"font-family:tahoma,geneva,sans-serif;\"><span style=\"font-size: 14px;\">Gar\u00e1zskapu<\/span><\/span><\/strong><\/li>\n<li><strong><span style=\"font-family:tahoma,geneva,sans-serif;\"><span style=\"font-size: 14px;\">Ablakp\u00e1rk\u00e1ny<\/span><\/span><\/strong><\/li>\n<li><strong><span style=\"font-family:tahoma,geneva,sans-serif;\"><span style=\"font-size: 14px;\">Polikarbon\u00e1t lemez <\/span><\/span><\/strong><\/li>\n<li><span style=\"font-size:14px;\"><span style=\"font-family: tahoma,geneva,sans-serif;\"><strong>Polikarbon\u00e1t el\u0151tet\u0151<\/strong><\/span><\/span><\/li>\n<\/ul>\n<p><span style=\"font-size:18px;\"><strong><span style=\"font-family: tahoma,geneva,sans-serif;\">Mi\u00e9rt \u00e9ppen a Karter Ablak Kft?<\/span><\/strong><\/span><\/p>\n<p>&nbsp;<\/p>\n<p><span style=\"font-size:16px;\"><strong><span style=\"font-family: tahoma,geneva,sans-serif;\">Szolg\u00e1ltat\u00e1saink:<\/span><\/strong><\/span><\/p>\n<p>&nbsp;<\/p>\n<ul>\n<li><strong><span style=\"font-family:tahoma,geneva,sans-serif;\"><span style=\"font-size: 14px;\">Ingyenes \u00e1raj\u00e1nlat k\u00e9sz\u00edt\u00e9s<\/span><\/span><\/strong><\/li>\n<li><strong><span style=\"font-family:tahoma,geneva,sans-serif;\"><span style=\"font-size: 14px;\">Ingyenes szaktan\u00e1csad\u00e1s<\/span><\/span><\/strong><\/li>\n<li><strong><span style=\"font-family:tahoma,geneva,sans-serif;\"><span style=\"font-size: 14px;\">Ingyenes felm\u00e9r\u00e9s<\/span><\/span><\/strong><\/li>\n<li><strong><span style=\"font-family:tahoma,geneva,sans-serif;\"><span style=\"font-size: 14px;\">Ajt\u00f3 &ndash; ablak be\u00e9p\u00edt\u00e9s<\/span><\/span><\/strong><\/li>\n<li><strong><span style=\"font-family:tahoma,geneva,sans-serif;\"><span style=\"font-size: 14px;\">Red\u0151ny felszerel\u00e9s<\/span><\/span><\/strong><\/li>\n<li><strong><span style=\"font-family:tahoma,geneva,sans-serif;\"><span style=\"font-size: 14px;\">Sz\u00fanyogh\u00e1l\u00f3 gy\u00e1rt\u00e1s<\/span><\/span><\/strong><\/li>\n<li><strong><span style=\"font-family:tahoma,geneva,sans-serif;\"><span style=\"font-size: 14px;\">Ablakp\u00e1rk\u00e1ny rakt\u00e1rr\u00f3l ingyenes m\u00e9retre szab\u00e1ssal!<\/span><\/span><\/strong><\/li>\n<li><strong><span style=\"font-family:tahoma,geneva,sans-serif;\"><span style=\"font-size: 14px;\">Gar\u00e1zskapu gy\u00e1rt\u00e1s<\/span><\/span><\/strong><\/li>\n<li><strong><span style=\"font-family:tahoma,geneva,sans-serif;\"><span style=\"font-size: 14px;\">Gar\u00e1zskapu be\u00e9p\u00edt\u00e9s<\/span><\/span><\/strong><\/li>\n<li><strong><span style=\"font-family:tahoma,geneva,sans-serif;\"><span style=\"font-size: 14px;\">Polikarbon\u00e1t lemez forgalmaz\u00e1sa, ingyenes m\u00e9retre v\u00e1g\u00e1ssal!<\/span><\/span><\/strong><\/li>\n<li><strong><span style=\"font-size:14px;\"><span style=\"font-family: tahoma,geneva,sans-serif;\">Polikarbon\u00e1t el\u0151tet\u0151k \u00e9s polikarbon\u00e1t teraszfed\u00e9sek k\u00e9sz\u00edt\u00e9se<\/span><\/span><\/strong><\/li>\n<\/ul>\n<p align=\"center\"><span style=\"font-size:16px;\"><strong><span style=\"font-family: tahoma,geneva,sans-serif;\">Keresse folyamatos akci\u00f3inkat melyekkel lehet\u0151s\u00e9ge van m\u00e9g kedvez\u0151bb \u00e1ron megv\u00e1s\u00e1rolni \u00e1lmai ny\u00edl\u00e1sz\u00e1r\u00f3j\u00e1t! <\/span><\/strong><\/span><\/p>\n<p align=\"center\"><span style=\"font-size:16px;\"><strong><span style=\"font-family: tahoma,geneva,sans-serif;\">Ismeri a&nbsp; Karter Ablak Kft term\u00e9keit? V\u00e1s\u00e1rolt m\u00e1r ablakot t\u0151l\u00fcnk? Akkor \u00d6n m\u00e1r tudja!<\/span><\/strong><\/span><\/p>\n<p align=\"center\"><span style=\"font-size:16px;\"><span style=\"font-family: verdana,geneva,sans-serif;\"><b>Vel\u00fcnk az ablakcsere nem k\u00f6lts\u00e9g, ink\u00e1bb egy gyorsan megt\u00e9r\u00fcl\u0151 befektet\u00e9s! <img loading=\"lazy\" decoding=\"async\" class=\" size-full wp-image-540\" alt=\"linkek\" src=\"https:\/\/www.ablakkarter.hu\/wp-content\/uploads\/2013\/03\/karterablak.jpg\" style=\"width: 37px; height: 34px;\" width=\"37\" height=\"34\" \/><\/b><\/span><\/span><\/p>\n<p align=\"center\">&nbsp;<\/p>\n<p align=\"center\">&nbsp;<\/p>\n<p>&nbsp;<\/p>\n","protected":false},"author":1,"featured_media":0,"parent":0,"menu_order":0,"comment_status":"closed","ping_status":"closed","template":"","meta":{"footnotes":""},"class_list":["post-541","page","type-page","status-publish","hentry"],"_links":{"self":[{"href":"https:\/\/www.ablakkarter.hu\/index.php?rest_route=\/wp\/v2\/pages\/541","targetHints":{"allow":["GET"]}}],"collection":[{"href":"https:\/\/www.ablakkarter.hu\/index.php?rest_route=\/wp\/v2\/pages"}],"about":[{"href":"https:\/\/www.ablakkarter.hu\/index.php?rest_route=\/wp\/v2\/types\/page"}],"author":[{"embeddable":true,"href":"https:\/\/www.ablakkarter.hu\/index.php?rest_route=\/wp\/v2\/users\/1"}],"replies":[{"embeddable":true,"href":"https:\/\/www.ablakkarter.hu\/index.php?rest_route=%2Fwp%2Fv2%2Fcomments&post=541"}],"version-history":[{"count":5,"href":"https:\/\/www.ablakkarter.hu\/index.php?rest_route=\/wp\/v2\/pages\/541\/revisions"}],"predecessor-version":[{"id":16860,"href":"https:\/\/www.ablakkarter.hu\/index.php?rest_route=\/wp\/v2\/pages\/541\/revisions\/16860"}],"wp:attachment":[{"href":"https:\/\/www.ablakkarter.hu\/index.php?rest_route=%2Fwp%2Fv2%2Fmedia&parent=541"}],"curies":[{"name":"wp","href":"https:\/\/api.w.org\/{rel}","templated":true}]}}