{"id":536,"date":"2013-02-28T11:33:09","date_gmt":"2013-02-28T11:33:09","guid":{"rendered":"https:\/\/www.ablakkarter.hu\/harmonika-ajto\/"},"modified":"2026-03-09T10:04:33","modified_gmt":"2026-03-09T10:04:33","slug":"harmonika-ajto","status":"publish","type":"page","link":"https:\/\/www.ablakkarter.hu\/?page_id=536","title":{"rendered":"Harmonika ajt\u00f3"},"content":{"rendered":"<table style=\"width: 760px;\" border=\"1\" cellspacing=\"1\" cellpadding=\"1\">\n<tbody>\n<tr>\n<td><span style=\"font-size: 16px;\"><span style=\"font-family: verdana,geneva,sans-serif;\"><u><strong>HARMONIKA AJT\u00d3<\/strong><\/u><\/span><\/span><\/p>\n<p><strong><span style=\"font-size: 14px;\"><span style=\"font-family: verdana,geneva,sans-serif;\">Praktikus v\u00e1laszt\u00e1s olyan lak\u00e1sokban, ahol az egym\u00e1sba ny\u00edl\u00f3 ajt\u00f3k k\u00f6zleked\u00e9si neh\u00e9zs\u00e9geket okoznak.<\/span><\/span><\/strong><\/p>\n<p><strong><span style=\"font-size: 14px;\"><span style=\"font-family: verdana,geneva,sans-serif;\">A harmonika ajt\u00f3 t\u00e9relv\u00e1laszt\u00e1s c\u00e9lj\u00e1ra is kit\u0171n\u0151 megold\u00e1s.<\/span><\/span><\/strong><\/p>\n<p><strong><span style=\"font-size: 14px;\"><span style=\"font-family: verdana,geneva,sans-serif;\">Gyorsan be\u00e9p\u00edthet\u0151, k\u00f6nnyen kezelhet\u0151, tiszt\u00edt\u00e1sa egyszer\u0171.<br \/>\nT\u00f6m\u00f6r \u00e9s ablakos kivitelben is megrendelhet\u0151.<br \/>\nT\u00f6bbf\u00e9le sz\u00ednben, m\u00e9retre gy\u00e1rtva szerelj\u00fck.<\/span><\/span><\/strong><\/p>\n<p><strong><span style=\"font-size: 14px;\"><span style=\"font-family: verdana,geneva,sans-serif;\">A kis lak\u00e1sok t\u00f6k\u00e9letes ny\u00edl\u00e1sz\u00e1r\u00f3i a minim\u00e1lis hely ig\u00e9ny\u0171 \u00f6szzehajthat\u00f3 harmonika ajt\u00f3k.<\/span><\/span><\/strong><\/p>\n<p><strong><span style=\"font-size: 14px;\"><span style=\"font-family: verdana,geneva,sans-serif;\">A harmonika ajt\u00f3kat ig\u00e9ny eset\u00e9n be\u00e9p\u00edtj\u00fck!<\/span><\/span><\/strong><\/p>\n<p><strong><span style=\"font-size: 14px;\"><span style=\"font-family: verdana,geneva,sans-serif;\">Tudtad? <\/span><\/span><\/strong><\/p>\n<p><strong><span style=\"font-size: 14px;\"><span style=\"font-family: verdana,geneva,sans-serif;\">A harmonika ajt\u00f3 z\u00e1rhat\u00f3 kivitelben is rendelhet\u0151!<\/span><\/span><\/strong><\/p>\n<p><strong><span style=\"font-size: 14px;\"><span style=\"font-family: verdana,geneva,sans-serif;\">Harmonikus \u00f6tlet!<\/span><\/span><\/strong><\/p>\n<p><strong><span style=\"font-size: 14px;\"><span style=\"font-family: verdana,geneva,sans-serif;\">Nagy l\u00e9gterek harmonika ajt\u00f3val t\u00f6rt\u00e9n\u0151 lev\u00e1laszt\u00e1s\u00e1val, t\u00e9relv\u00e1laszt\u00e1ssal energi\u00e1t takar\u00edthat meg!<\/span><\/span><\/strong><\/p>\n<p><strong><span style=\"font-size: 14px;\"><span style=\"font-family: verdana,geneva,sans-serif;\">V\u00e1llaljuk harmonika ajt\u00f3k egyedi m\u00e9retben t\u00f6rt\u00e9n\u0151 legy\u00e1rt\u00e1s\u00e1t is.<\/span><\/span><\/strong><\/td>\n<td>\n<p style=\"text-align: center;\"><img decoding=\"async\" style=\"width: 248px; height: 350px;\" src=\"http:\/\/www.ablakkarter.hu\/sites\/default\/files\/harmonika_ajto_kart.png\" alt=\"Harm\u00f3nika ajt\u00f3\" \/><\/p>\n<\/td>\n<\/tr>\n<\/tbody>\n<\/table>\n<p style=\"text-align: center;\">\n<p style=\"text-align: center;\">\n","protected":false},"excerpt":{"rendered":"<table border=\"1\" cellpadding=\"1\" cellspacing=\"1\" style=\"width: 760px;\">\n<tbody>\n<tr>\n<td>\n<p><span style=\"font-size:16px;\"><span style=\"font-family: verdana,geneva,sans-serif;\"><u><strong>HARMONIKA AJT\u00d3<\/strong><\/u><\/span><\/span><\/p>\n<p><strong><span style=\"font-size:14px;\"><span style=\"font-family: verdana,geneva,sans-serif;\">Praktikus v\u00e1laszt\u00e1s olyan lak\u00e1sokban, ahol az egym\u00e1sba ny\u00edl\u00f3 ajt\u00f3k k\u00f6zleked\u00e9si neh\u00e9zs\u00e9geket okoznak.<\/span><\/span><\/strong><\/p>\n<p><strong><span style=\"font-size:14px;\"><span style=\"font-family: verdana,geneva,sans-serif;\">A harmonika ajt\u00f3 t\u00e9relv\u00e1laszt\u00e1s c\u00e9lj\u00e1ra is kit\u0171n\u0151 megold\u00e1s.<\/span><\/span><\/strong><\/p>\n<p><strong><span style=\"font-size:14px;\"><span style=\"font-family: verdana,geneva,sans-serif;\">Gyorsan be\u00e9p\u00edthet\u0151, k\u00f6nnyen kezelhet\u0151, tiszt\u00edt\u00e1sa egyszer\u0171.<br \/>T\u00f6m\u00f6r \u00e9s ablakos kivitelben is megrendelhet\u0151.<br \/>T\u00f6bbf\u00e9le sz\u00ednben, m\u00e9retre gy\u00e1rtva szerelj\u00fck.<\/span><\/span><\/strong><\/p>\n<p><strong><span style=\"font-size:14px;\"><span style=\"font-family: verdana,geneva,sans-serif;\">A kis lak\u00e1sok t\u00f6k\u00e9letes ny\u00edl\u00e1sz\u00e1r\u00f3i a minim\u00e1lis hely ig\u00e9ny\u0171 \u00f6szzehajthat\u00f3 harmonika ajt\u00f3k.<\/span><\/span><\/strong><\/p>\n<p><strong><span style=\"font-size:14px;\"><span style=\"font-family: verdana,geneva,sans-serif;\">A harmonika ajt\u00f3kat ig\u00e9ny eset\u00e9n be\u00e9p\u00edtj\u00fck!<\/span><\/span><\/strong><\/p>\n<p><strong><span style=\"font-size:14px;\"><span style=\"font-family: verdana,geneva,sans-serif;\">Tudtad? <\/span><\/span><\/strong><\/p>\n<p><strong><span style=\"font-size:14px;\"><span style=\"font-family: verdana,geneva,sans-serif;\">A harmonika ajt\u00f3 z\u00e1rhat\u00f3 kivitelben is rendelhet\u0151!<\/span><\/span><\/strong><\/p>\n<p><strong><span style=\"font-size:14px;\"><span style=\"font-family: verdana,geneva,sans-serif;\">Harmonikus \u00f6tlet!<\/span><\/span><\/strong><\/p>\n<p><strong><span style=\"font-size:14px;\"><span style=\"font-family: verdana,geneva,sans-serif;\">Nagy l\u00e9gterek harmonika ajt\u00f3val t\u00f6rt\u00e9n\u0151 lev\u00e1laszt\u00e1s\u00e1val, t\u00e9relv\u00e1laszt\u00e1ssal energi\u00e1t takar\u00edthat meg!<\/span><\/span><\/strong><\/p>\n<p><strong><span style=\"font-size:14px;\"><span style=\"font-family: verdana,geneva,sans-serif;\">V\u00e1llaljuk harmonika ajt\u00f3k egyedi m\u00e9retben t\u00f6rt\u00e9n\u0151 legy\u00e1rt\u00e1s\u00e1t is.<\/span><\/span><\/strong><\/p>\n<\/td>\n<td>\n<p style=\"text-align: center;\"><img decoding=\"async\" alt=\"Harm\u00f3nika ajt\u00f3\" src=\"http:\/\/www.ablakkarter.hu\/sites\/default\/files\/harmonika_ajto_kart.png\" style=\"width: 248px; height: 350px;\" \/><\/p>\n<\/td>\n<\/tr>\n<\/tbody>\n<\/table>\n<p style=\"text-align: center;\">&nbsp;<\/p>\n<p style=\"text-align: center;\"><strong><span style=\"font-size:14px;\"><span style=\"font-family: verdana,geneva,sans-serif;\">A harmonika ajt\u00f3 sz\u00ednv\u00e1laszt\u00e9k\u00e1t tekints\u00e9k meg bemutat\u00f3termeinkben!<\/span><\/span><\/strong><\/p>\n","protected":false},"author":1,"featured_media":1118,"parent":0,"menu_order":0,"comment_status":"closed","ping_status":"closed","template":"","meta":{"footnotes":""},"class_list":["post-536","page","type-page","status-publish","has-post-thumbnail","hentry"],"_links":{"self":[{"href":"https:\/\/www.ablakkarter.hu\/index.php?rest_route=\/wp\/v2\/pages\/536","targetHints":{"allow":["GET"]}}],"collection":[{"href":"https:\/\/www.ablakkarter.hu\/index.php?rest_route=\/wp\/v2\/pages"}],"about":[{"href":"https:\/\/www.ablakkarter.hu\/index.php?rest_route=\/wp\/v2\/types\/page"}],"author":[{"embeddable":true,"href":"https:\/\/www.ablakkarter.hu\/index.php?rest_route=\/wp\/v2\/users\/1"}],"replies":[{"embeddable":true,"href":"https:\/\/www.ablakkarter.hu\/index.php?rest_route=%2Fwp%2Fv2%2Fcomments&post=536"}],"version-history":[{"count":1,"href":"https:\/\/www.ablakkarter.hu\/index.php?rest_route=\/wp\/v2\/pages\/536\/revisions"}],"predecessor-version":[{"id":1145,"href":"https:\/\/www.ablakkarter.hu\/index.php?rest_route=\/wp\/v2\/pages\/536\/revisions\/1145"}],"wp:featuredmedia":[{"embeddable":true,"href":"https:\/\/www.ablakkarter.hu\/index.php?rest_route=\/wp\/v2\/media\/1118"}],"wp:attachment":[{"href":"https:\/\/www.ablakkarter.hu\/index.php?rest_route=%2Fwp%2Fv2%2Fmedia&parent=536"}],"curies":[{"name":"wp","href":"https:\/\/api.w.org\/{rel}","templated":true}]}}