{"id":531,"date":"2013-02-28T11:23:03","date_gmt":"2013-02-28T11:23:03","guid":{"rendered":"https:\/\/www.ablakkarter.hu\/szalagfuggony\/"},"modified":"2021-12-13T15:17:12","modified_gmt":"2021-12-13T15:17:12","slug":"szalagfuggony","status":"publish","type":"page","link":"https:\/\/www.ablakkarter.hu\/?page_id=531","title":{"rendered":"Szalagf\u00fcgg\u00f6ny"},"content":{"rendered":"<p><span style=\"font-size: 16px;\"><span style=\"font-family: verdana,geneva,sans-serif;\"><strong>SZALAGF\u00dcGG\u00d6NY:<\/strong><\/span><\/span><\/p>\n<p><span style=\"font-size: 16px;\"><span style=\"font-family: verdana,geneva,sans-serif;\"><strong><span style=\"font-size: 14px;\">A<\/span><\/strong> <strong>szalagf\u00fcgg\u00f6ny<\/strong> <strong><span style=\"font-size: 14px;\">b\u00e1rmilyen bels\u0151 t\u00e9rnek eleg\u00e1ns \u00e9s praktikus megjelen\u00e9st biztos\u00edt.<\/span><\/strong><\/span><\/span><\/p>\n<p><strong><span style=\"font-size: 14px;\"><span style=\"font-family: verdana,geneva,sans-serif;\">A szalagf\u00fcgg\u00f6ny rendk\u00edv\u00fcl gazdag sz\u00edn \u00e9s textilv\u00e1laszt\u00e9kkal rendelhet\u0151.<\/span><\/span><\/strong><\/p>\n<p><strong><span style=\"font-size: 14px;\"><span style=\"font-family: verdana,geneva,sans-serif;\">A szalagf\u00fcgg\u00f6ny felszerelhet\u0151 mennyezetre \u00e9s oldalfali t\u00e1vtart\u00f3 konzol seg\u00edts\u00e9g\u00e9vel oldalfalra is.<\/span><\/span><\/strong><\/p>\n<p><strong><span style=\"font-size: 14px;\"><span style=\"font-family: verdana,geneva,sans-serif;\">A szalagf\u00fcgg\u00f6ny lamell\u00e1inak seg\u00edts\u00e9g\u00e9vel a bejut\u00f3 f\u00e9ny mennyis\u00e9g\u00e9t \u00e9s ir\u00e1ny\u00e1t egyszer\u0171en szab\u00e1lyozhatjuk.<\/span><\/span><\/strong><\/p>\n<p><strong><span style=\"font-size: 14px;\"><span style=\"font-family: verdana,geneva,sans-serif;\">A szalagf\u00fcgg\u00f6ny lamell\u00e1k UV-stabilak, speci\u00e1lis portasz\u00edt\u00f3 anyaggal kezeltek.<\/span><\/span><\/strong><\/p>\n<p><strong><span style=\"font-size: 14px;\"><span style=\"font-family: verdana,geneva,sans-serif;\">A szalagf\u00fcg\u00f6ny\u00f6k maxim\u00e1lis sz\u00e9less\u00e9ge 500cm \u00e9s a maxim\u00e1lis magass\u00e1ga 400cm lehet.<\/span><\/span><\/strong><\/p>\n<p><img loading=\"lazy\" decoding=\"async\" class=\" size-full wp-image-528\" style=\"width: 360px; height: 360px;\" src=\"https:\/\/www.ablakkarter.hu\/wp-content\/uploads\/2013\/02\/szalagfuggony-darab.jpg\" alt=\"Szalagf\u00fcgg\u00f6ny\" width=\"600\" height=\"600\" srcset=\"https:\/\/www.ablakkarter.hu\/wp-content\/uploads\/2013\/02\/szalagfuggony-darab.jpg 600w, https:\/\/www.ablakkarter.hu\/wp-content\/uploads\/2013\/02\/szalagfuggony-darab-300x300.jpg 300w, https:\/\/www.ablakkarter.hu\/wp-content\/uploads\/2013\/02\/szalagfuggony-darab-100x100.jpg 100w, https:\/\/www.ablakkarter.hu\/wp-content\/uploads\/2013\/02\/szalagfuggony-darab-150x150.jpg 150w\" sizes=\"auto, (max-width: 600px) 100vw, 600px\" \/> <img loading=\"lazy\" decoding=\"async\" class=\" size-full wp-image-529\" style=\"width: 360px; height: 360px;\" src=\"https:\/\/www.ablakkarter.hu\/wp-content\/uploads\/2013\/02\/szalagfuggony.jpg\" alt=\"\" width=\"600\" height=\"600\" srcset=\"https:\/\/www.ablakkarter.hu\/wp-content\/uploads\/2013\/02\/szalagfuggony.jpg 600w, https:\/\/www.ablakkarter.hu\/wp-content\/uploads\/2013\/02\/szalagfuggony-300x300.jpg 300w, https:\/\/www.ablakkarter.hu\/wp-content\/uploads\/2013\/02\/szalagfuggony-100x100.jpg 100w, https:\/\/www.ablakkarter.hu\/wp-content\/uploads\/2013\/02\/szalagfuggony-150x150.jpg 150w\" sizes=\"auto, (max-width: 600px) 100vw, 600px\" \/><\/p>\n<p style=\"text-align: center;\"><strong><span style=\"font-size: 16px;\"><span style=\"font-family: verdana,geneva,sans-serif;\">A Karter Ablak Kft v\u00e1llalja a s\u00e9r\u00fclt, elpiszkol\u00f3dott lamell\u00e1k cser\u00e9j\u00e9t.<\/span><\/span><\/strong><\/p>\n<table style=\"width: 700px;\" border=\"1\" width=\"700\" cellspacing=\"1\" cellpadding=\"1\">\n<tbody>\n<tr>\n<td><strong><span style=\"font-size: 16px;\"><span style=\"font-family: verdana,geneva,sans-serif;\">Szalagf\u00fcgg\u00f6ny kezel\u00e9si lehet\u0151s\u00e9gek<\/span><\/span><\/strong><\/p>\n<p><strong><span style=\"font-size: 14px;\"><span style=\"font-family: verdana,geneva,sans-serif;\">A kezel\u00e9si m\u00f3dokat \u00d6n hat\u00e1rozza meg.<\/span><\/span><\/strong><\/p>\n<p style=\"margin-left: 36.0pt;\"><span style=\"font-size: 16px;\"><span style=\"font-family: verdana,geneva,sans-serif;\"><strong>A szalagf\u00fcgg\u00f6ny \u00f6sszeh\u00fazhat\u00f3:<\/strong><\/span><\/span><\/p>\n<ul>\n<li><strong><span style=\"font-size: 14px;\"><span style=\"font-family: verdana,geneva,sans-serif;\">kezel\u0151zsin\u00f3rok ir\u00e1ny\u00e1ba<\/span><\/span><\/strong><\/li>\n<li><strong><span style=\"font-size: 14px;\"><span style=\"font-family: verdana,geneva,sans-serif;\">kezel\u0151vel ellenkez\u0151 oldalra<\/span><\/span><\/strong><\/li>\n<li><strong><span style=\"font-size: 14px;\"><span style=\"font-family: verdana,geneva,sans-serif;\">k\u00f6z\u00e9pr\u0151l k\u00e9t oldalra gy\u0171jt\u0151<\/span><\/span><\/strong><\/li>\n<li><strong><span style=\"font-size: 14px;\"><span style=\"font-family: verdana,geneva,sans-serif;\">k\u00f6z\u00e9pre gy\u0171jt\u0151<\/span><\/span><\/strong><\/li>\n<\/ul>\n<\/td>\n<td><img loading=\"lazy\" decoding=\"async\" class=\" size-full wp-image-529\" style=\"width: 350px; height: 169px;\" src=\"https:\/\/www.ablakkarter.hu\/wp-content\/uploads\/2013\/02\/szalagfuggony.jpg\" alt=\"Szalagf\u00fcgg\u00f6ny\" width=\"600\" height=\"600\" srcset=\"https:\/\/www.ablakkarter.hu\/wp-content\/uploads\/2013\/02\/szalagfuggony.jpg 600w, https:\/\/www.ablakkarter.hu\/wp-content\/uploads\/2013\/02\/szalagfuggony-300x300.jpg 300w, https:\/\/www.ablakkarter.hu\/wp-content\/uploads\/2013\/02\/szalagfuggony-100x100.jpg 100w, https:\/\/www.ablakkarter.hu\/wp-content\/uploads\/2013\/02\/szalagfuggony-150x150.jpg 150w\" sizes=\"auto, (max-width: 600px) 100vw, 600px\" \/><\/td>\n<\/tr>\n<\/tbody>\n<\/table>\n<p style=\"margin-left: 36pt; text-align: center;\"><strong><span style=\"font-size: 14px;\"><span style=\"font-family: verdana,geneva,sans-serif;\">A szalagf\u00fcgg\u00f6ny szerelhet\u0151 menyezetre \u00e9s konzollal oldalfalra<\/span> egyar\u00e1nt<\/span><\/strong><\/p>\n<p><span style=\"font-size: 16px;\"><span style=\"font-family: verdana,geneva,sans-serif;\"><img loading=\"lazy\" decoding=\"async\" class=\" size-full wp-image-530\" style=\"width: 740px; height: 142px;\" src=\"https:\/\/www.ablakkarter.hu\/wp-content\/uploads\/2013\/02\/szalagfuggony_kezelesi_mod.jpg\" alt=\"\" width=\"856\" height=\"164\" srcset=\"https:\/\/www.ablakkarter.hu\/wp-content\/uploads\/2013\/02\/szalagfuggony_kezelesi_mod.jpg 856w, https:\/\/www.ablakkarter.hu\/wp-content\/uploads\/2013\/02\/szalagfuggony_kezelesi_mod-600x115.jpg 600w, https:\/\/www.ablakkarter.hu\/wp-content\/uploads\/2013\/02\/szalagfuggony_kezelesi_mod-300x57.jpg 300w, https:\/\/www.ablakkarter.hu\/wp-content\/uploads\/2013\/02\/szalagfuggony_kezelesi_mod-768x147.jpg 768w\" sizes=\"auto, (max-width: 856px) 100vw, 856px\" \/><\/span><\/span><\/p>\n<p><strong><span style=\"font-size: 14px;\"><span style=\"font-family: verdana,geneva,sans-serif;\">A leggyakrabban haszn\u00e1lt szalagf\u00fcgg\u00f6ny textil t\u00edpusok:<\/span><\/span><\/strong><\/p>\n<ul>\n<li><strong><span style=\"font-size: 14px;\"><span style=\"font-family: verdana,geneva,sans-serif;\">Corra szalagf\u00fcgg\u00f6ny<\/span><\/span><\/strong><\/li>\n<li><strong><span style=\"font-size: 14px;\"><span style=\"font-family: verdana,geneva,sans-serif;\">Shantung szalagf\u00fcgg\u00f6ny<\/span><\/span><\/strong><\/li>\n<li><strong><span style=\"font-size: 14px;\"><span style=\"font-family: verdana,geneva,sans-serif;\">Sandra szalagf\u00fcgg\u00f6ny<\/span><\/span><\/strong><\/li>\n<li><strong><span style=\"font-size: 14px;\"><span style=\"font-family: verdana,geneva,sans-serif;\">Evelyn szalagf\u00fcgg\u00f6ny<\/span><\/span><\/strong><\/li>\n<\/ul>\n<p><strong><span style=\"font-size: 14px;\"><span style=\"font-family: verdana,geneva,sans-serif;\">Szalagf\u00fcgg\u00f6ny referencia munk\u00e1ink:<\/span><\/span><\/strong><\/p>\n<ul>\n<li><strong><span style=\"font-size: 14px;\"><span style=\"font-family: verdana,geneva,sans-serif;\">Bajai Polg\u00e1rmesteri Hivatal szalagf\u00fcgg\u00f6ny\u00f6k felszerel\u00e9se.<\/span><\/span><\/strong><\/li>\n<li><strong><span style=\"font-size: 14px;\"><span style=\"font-family: verdana,geneva,sans-serif;\">Szeksz\u00e1rd J\u00e1r\u00e1si Hivatal szalagf\u00fcgg\u00f6ny\u00f6k felszerel\u00e9se.<\/span><\/span><\/strong><\/li>\n<li><strong><span style=\"font-size: 14px;\"><span style=\"font-family: verdana,geneva,sans-serif;\">Baja Manna Patika szalagf\u00fcgg\u00f6ny\u00f6k felszerel\u00e9se.<\/span><\/span><\/strong><\/li>\n<\/ul>\n<p style=\"text-align: center;\"><span style=\"font-size: 20px;\"><strong><span style=\"font-family: verdana,geneva,sans-serif;\">A Karter Ablak Kft v\u00e1llalja szalagf\u00fcgg\u00f6ny\u00f6k gy\u00e1rt\u00e1s\u00e1t, valamint gyors \u00e9s szakszer\u0171 felszerel\u00e9s\u00e9t!<\/span><\/strong><\/span><\/p>\n<p style=\"text-align: center;\"><strong><span style=\"font-size: 14px;\"><span style=\"font-family: verdana,geneva,sans-serif;\">A szalagf\u00fcgg\u00f6ny textil mint\u00e1kat megtekintheti bemutat\u00f3termeinkben!<\/span><\/span><\/strong><\/p>\n<p style=\"text-align: center;\">\n","protected":false},"excerpt":{"rendered":"<p><span style=\"font-size:16px;\"><span style=\"font-family: verdana,geneva,sans-serif;\"><strong>SZALAGF\u00dcGG\u00d6NY:<\/strong><\/span><\/span><\/p>\n<p><span style=\"font-size:16px;\"><span style=\"font-family: verdana,geneva,sans-serif;\"><strong><span style=\"font-size:14px;\">A<\/span><\/strong> <strong>szalagf\u00fcgg\u00f6ny<\/strong> <strong><span style=\"font-size:14px;\">b\u00e1rmilyen bels\u0151 t\u00e9rnek eleg\u00e1ns \u00e9s praktikus megjelen\u00e9st biztos\u00edt.<\/span><\/strong><\/span><\/span><\/p>\n<p><strong><span style=\"font-size:14px;\"><span style=\"font-family: verdana,geneva,sans-serif;\">A szalagf\u00fcgg\u00f6ny rendk\u00edv\u00fcl gazdag sz\u00edn \u00e9s textilv\u00e1laszt\u00e9kkal rendelhet\u0151.<\/span><\/span><\/strong><\/p>\n<p><strong><span style=\"font-size:14px;\"><span style=\"font-family: verdana,geneva,sans-serif;\">A szalagf\u00fcgg\u00f6ny felszerelhet\u0151 mennyezetre \u00e9s oldalfali t\u00e1vtart\u00f3 konzol seg\u00edts\u00e9g\u00e9vel oldalfalra is.<\/span><\/span><\/strong><\/p>\n<p><strong><span style=\"font-size:14px;\"><span style=\"font-family: verdana,geneva,sans-serif;\">A szalagf\u00fcgg\u00f6ny lamell\u00e1inak seg\u00edts\u00e9g\u00e9vel a bejut\u00f3 f\u00e9ny mennyis\u00e9g\u00e9t \u00e9s ir\u00e1ny\u00e1t egyszer\u0171en szab\u00e1lyozhatjuk.<\/span><\/span><\/strong><\/p>\n<p><strong><span style=\"font-size:14px;\"><span style=\"font-family: verdana,geneva,sans-serif;\">A szalagf\u00fcgg\u00f6ny lamell\u00e1k UV-stabilak, speci\u00e1lis portasz\u00edt\u00f3 anyaggal kezeltek.<\/span><\/span><\/strong><\/p>\n<p><strong><span style=\"font-size:14px;\"><span style=\"font-family: verdana,geneva,sans-serif;\">A szalagf\u00fcg\u00f6ny\u00f6k maxim\u00e1lis sz\u00e9less\u00e9ge 500cm \u00e9s a maxim\u00e1lis magass\u00e1ga 400cm lehet.<\/span><\/span><\/strong><\/p>\n<p><img loading=\"lazy\" decoding=\"async\" class=\" size-full wp-image-528\" alt=\"Szalagf\u00fcgg\u00f6ny\" src=\"https:\/\/www.ablakkarter.hu\/wp-content\/uploads\/2013\/02\/szalagfuggony-darab.jpg\" style=\"width: 360px; height: 360px;\" width=\"600\" height=\"600\" srcset=\"https:\/\/www.ablakkarter.hu\/wp-content\/uploads\/2013\/02\/szalagfuggony-darab.jpg 600w, https:\/\/www.ablakkarter.hu\/wp-content\/uploads\/2013\/02\/szalagfuggony-darab-300x300.jpg 300w, https:\/\/www.ablakkarter.hu\/wp-content\/uploads\/2013\/02\/szalagfuggony-darab-100x100.jpg 100w, https:\/\/www.ablakkarter.hu\/wp-content\/uploads\/2013\/02\/szalagfuggony-darab-150x150.jpg 150w\" sizes=\"auto, (max-width: 600px) 100vw, 600px\" \/> <img loading=\"lazy\" decoding=\"async\" class=\" size-full wp-image-529\" alt=\"\" src=\"https:\/\/www.ablakkarter.hu\/wp-content\/uploads\/2013\/02\/szalagfuggony.jpg\" style=\"width: 360px; height: 360px;\" width=\"600\" height=\"600\" srcset=\"https:\/\/www.ablakkarter.hu\/wp-content\/uploads\/2013\/02\/szalagfuggony.jpg 600w, https:\/\/www.ablakkarter.hu\/wp-content\/uploads\/2013\/02\/szalagfuggony-300x300.jpg 300w, https:\/\/www.ablakkarter.hu\/wp-content\/uploads\/2013\/02\/szalagfuggony-100x100.jpg 100w, https:\/\/www.ablakkarter.hu\/wp-content\/uploads\/2013\/02\/szalagfuggony-150x150.jpg 150w\" sizes=\"auto, (max-width: 600px) 100vw, 600px\" \/><\/p>\n<p style=\"text-align: center;\"><strong><span style=\"font-size:16px;\"><span style=\"font-family: verdana,geneva,sans-serif;\">A Karter Ablak Kft v\u00e1llalja a s\u00e9r\u00fclt, elpiszkol\u00f3dott lamell\u00e1k cser\u00e9j\u00e9t.<\/span><\/span><\/strong><\/p>\n<table border=\"1\" cellpadding=\"1\" cellspacing=\"1\" height=\"186\" style=\"width: 700px;\" width=\"700\">\n<tbody>\n<tr>\n<td>\n<p><strong><span style=\"font-size:16px;\"><span style=\"font-family: verdana,geneva,sans-serif;\">Szalagf\u00fcgg\u00f6ny kezel\u00e9si lehet\u0151s\u00e9gek<\/span><\/span><\/strong><\/p>\n<p><strong><span style=\"font-size:14px;\"><span style=\"font-family: verdana,geneva,sans-serif;\">A kezel\u00e9si m\u00f3dokat \u00d6n hat\u00e1rozza meg.<\/span><\/span><\/strong><\/p>\n<p style=\"margin-left:36.0pt;\"><span style=\"font-size:16px;\"><span style=\"font-family: verdana,geneva,sans-serif;\"><strong>A szalagf\u00fcgg\u00f6ny \u00f6sszeh\u00fazhat\u00f3:<\/strong><\/span><\/span><\/p>\n<ul>\n<li><strong><span style=\"font-size:14px;\"><span style=\"font-family: verdana,geneva,sans-serif;\">kezel\u0151zsin\u00f3rok ir\u00e1ny\u00e1ba<\/span><\/span><\/strong><\/li>\n<li><strong><span style=\"font-size:14px;\"><span style=\"font-family: verdana,geneva,sans-serif;\">kezel\u0151vel ellenkez\u0151 oldalra<\/span><\/span><\/strong><\/li>\n<li><strong><span style=\"font-size:14px;\"><span style=\"font-family: verdana,geneva,sans-serif;\">k\u00f6z\u00e9pr\u0151l k\u00e9t oldalra gy\u0171jt\u0151<\/span><\/span><\/strong><\/li>\n<li><strong><span style=\"font-size:14px;\"><span style=\"font-family: verdana,geneva,sans-serif;\">k\u00f6z\u00e9pre gy\u0171jt\u0151<\/span><\/span><\/strong><\/li>\n<\/ul>\n<\/td>\n<td>\n<p><img loading=\"lazy\" decoding=\"async\" class=\" size-full wp-image-529\" alt=\"Szalagf\u00fcgg\u00f6ny\" src=\"https:\/\/www.ablakkarter.hu\/wp-content\/uploads\/2013\/02\/szalagfuggony.jpg\" style=\"width: 350px; height: 169px;\" width=\"600\" height=\"600\" srcset=\"https:\/\/www.ablakkarter.hu\/wp-content\/uploads\/2013\/02\/szalagfuggony.jpg 600w, https:\/\/www.ablakkarter.hu\/wp-content\/uploads\/2013\/02\/szalagfuggony-300x300.jpg 300w, https:\/\/www.ablakkarter.hu\/wp-content\/uploads\/2013\/02\/szalagfuggony-100x100.jpg 100w, https:\/\/www.ablakkarter.hu\/wp-content\/uploads\/2013\/02\/szalagfuggony-150x150.jpg 150w\" sizes=\"auto, (max-width: 600px) 100vw, 600px\" \/><\/p>\n<\/td>\n<\/tr>\n<\/tbody>\n<\/table>\n<p style=\"margin-left: 36pt; text-align: center;\"><strong><span style=\"font-size:14px;\"><span style=\"font-family: verdana,geneva,sans-serif;\">A szalagf\u00fcgg\u00f6ny szerelhet\u0151 menyezetre \u00e9s konzollal oldalfalra<\/span> egyar\u00e1nt<\/span><\/strong><\/p>\n<p><span style=\"font-size:16px;\"><span style=\"font-family: verdana,geneva,sans-serif;\"><img loading=\"lazy\" decoding=\"async\" class=\" size-full wp-image-530\" alt=\"\" src=\"https:\/\/www.ablakkarter.hu\/wp-content\/uploads\/2013\/02\/szalagfuggony_kezelesi_mod.jpg\" style=\"width: 740px; height: 142px;\" width=\"856\" height=\"164\" srcset=\"https:\/\/www.ablakkarter.hu\/wp-content\/uploads\/2013\/02\/szalagfuggony_kezelesi_mod.jpg 856w, https:\/\/www.ablakkarter.hu\/wp-content\/uploads\/2013\/02\/szalagfuggony_kezelesi_mod-600x115.jpg 600w, https:\/\/www.ablakkarter.hu\/wp-content\/uploads\/2013\/02\/szalagfuggony_kezelesi_mod-300x57.jpg 300w, https:\/\/www.ablakkarter.hu\/wp-content\/uploads\/2013\/02\/szalagfuggony_kezelesi_mod-768x147.jpg 768w\" sizes=\"auto, (max-width: 856px) 100vw, 856px\" \/><\/span><\/span><\/p>\n<p>&nbsp;<\/p>\n<p><strong><span style=\"font-size:14px;\"><span style=\"font-family: verdana,geneva,sans-serif;\">A leggyakrabban haszn\u00e1lt szalagf\u00fcgg\u00f6ny textil t\u00edpusok:<\/span><\/span><\/strong><\/p>\n<ul>\n<li><strong><span style=\"font-size:14px;\"><span style=\"font-family: verdana,geneva,sans-serif;\">Corra szalagf\u00fcgg\u00f6ny<\/span><\/span><\/strong><\/li>\n<li><strong><span style=\"font-size:14px;\"><span style=\"font-family: verdana,geneva,sans-serif;\">Shantung szalagf\u00fcgg\u00f6ny<\/span><\/span><\/strong><\/li>\n<li><strong><span style=\"font-size:14px;\"><span style=\"font-family: verdana,geneva,sans-serif;\">Sandra szalagf\u00fcgg\u00f6ny<\/span><\/span><\/strong><\/li>\n<li><strong><span style=\"font-size:14px;\"><span style=\"font-family: verdana,geneva,sans-serif;\">Evelyn szalagf\u00fcgg\u00f6ny<\/span><\/span><\/strong><\/li>\n<\/ul>\n<p>&nbsp;<\/p>\n<p><strong><span style=\"font-size:14px;\"><span style=\"font-family: verdana,geneva,sans-serif;\">Szalagf\u00fcgg\u00f6ny referencia munk\u00e1ink:<\/span><\/span><\/strong><\/p>\n<ul>\n<li><strong><span style=\"font-size:14px;\"><span style=\"font-family: verdana,geneva,sans-serif;\">Bajai Polg\u00e1rmesteri Hivatal szalagf\u00fcgg\u00f6ny\u00f6k felszerel\u00e9se.<\/span><\/span><\/strong><\/li>\n<li><strong><span style=\"font-size:14px;\"><span style=\"font-family: verdana,geneva,sans-serif;\">Szeksz\u00e1rd J\u00e1r\u00e1si Hivtal szalagf\u00fcgg\u00f6ny\u00f6k felszerel\u00e9se.<\/span><\/span><\/strong><\/li>\n<li><strong><span style=\"font-size:14px;\"><span style=\"font-family: verdana,geneva,sans-serif;\">Baja Manna Patika szalagf\u00fcgg\u00f6ny\u00f6k felszerel\u00e9se.<\/span><\/span><\/strong><\/li>\n<\/ul>\n<p style=\"text-align: center;\"><span style=\"font-size:20px;\"><strong><span style=\"font-family: verdana,geneva,sans-serif;\">A Karter Ablak Kft v\u00e1llalja szalagf\u00fcgg\u00f6ny\u00f6k gy\u00e1rt\u00e1s\u00e1t, valamint gyors \u00e9s szakszer\u0171 felszerel\u00e9s\u00e9t!<\/span><\/strong><\/span><\/p>\n<p style=\"text-align: center;\"><strong><span style=\"font-size:14px;\"><span style=\"font-family: verdana,geneva,sans-serif;\">A szalagf\u00f6gg\u00f6ny textil mint\u00e1kat megtekintheti bemutat\u00f3termeinkben!<\/span><\/span><\/strong><\/p>\n","protected":false},"author":1,"featured_media":1118,"parent":0,"menu_order":0,"comment_status":"closed","ping_status":"closed","template":"","meta":{"footnotes":""},"class_list":["post-531","page","type-page","status-publish","has-post-thumbnail","hentry"],"_links":{"self":[{"href":"https:\/\/www.ablakkarter.hu\/index.php?rest_route=\/wp\/v2\/pages\/531","targetHints":{"allow":["GET"]}}],"collection":[{"href":"https:\/\/www.ablakkarter.hu\/index.php?rest_route=\/wp\/v2\/pages"}],"about":[{"href":"https:\/\/www.ablakkarter.hu\/index.php?rest_route=\/wp\/v2\/types\/page"}],"author":[{"embeddable":true,"href":"https:\/\/www.ablakkarter.hu\/index.php?rest_route=\/wp\/v2\/users\/1"}],"replies":[{"embeddable":true,"href":"https:\/\/www.ablakkarter.hu\/index.php?rest_route=%2Fwp%2Fv2%2Fcomments&post=531"}],"version-history":[{"count":1,"href":"https:\/\/www.ablakkarter.hu\/index.php?rest_route=\/wp\/v2\/pages\/531\/revisions"}],"predecessor-version":[{"id":1175,"href":"https:\/\/www.ablakkarter.hu\/index.php?rest_route=\/wp\/v2\/pages\/531\/revisions\/1175"}],"wp:featuredmedia":[{"embeddable":true,"href":"https:\/\/www.ablakkarter.hu\/index.php?rest_route=\/wp\/v2\/media\/1118"}],"wp:attachment":[{"href":"https:\/\/www.ablakkarter.hu\/index.php?rest_route=%2Fwp%2Fv2%2Fmedia&parent=531"}],"curies":[{"name":"wp","href":"https:\/\/api.w.org\/{rel}","templated":true}]}}