{"id":527,"date":"2013-02-28T11:21:38","date_gmt":"2013-02-28T11:21:38","guid":{"rendered":"https:\/\/www.ablakkarter.hu\/reluxa\/"},"modified":"2021-12-13T15:12:37","modified_gmt":"2021-12-13T15:12:37","slug":"reluxa","status":"publish","type":"page","link":"https:\/\/www.ablakkarter.hu\/?page_id=527","title":{"rendered":"Reluxa"},"content":{"rendered":"<table style=\"width: 720px;\" cellspacing=\"1\" cellpadding=\"1\" border=\"1\">\n<tbody>\n<tr>\n<td>\n<ul>\n<li><strong><span style=\"font-size: 14px;\"><span style=\"font-family: verdana,geneva,sans-serif;\">A reluxa olcs\u00f3bb \u00e1rny\u00e9kol\u00f3<\/span><\/span><\/strong><\/li>\n<li><strong><span style=\"font-size: 14px;\"><span style=\"font-family: verdana,geneva,sans-serif;\">K\u00f6nnyen kezelhet\u0151, eszt\u00e9tikus<\/span><\/span><\/strong><\/li>\n<li><strong><span style=\"font-size: 14px;\"><span style=\"font-family: verdana,geneva,sans-serif;\">Gyorsan szerelhet\u0151<\/span><\/span><\/strong><\/li>\n<li><strong><span style=\"font-size: 14px;\"><span style=\"font-family: verdana,geneva,sans-serif;\">\u00d3ri\u00e1si sz\u00ednv\u00e1laszt\u00e9k<\/span> <span style=\"font-family: verdana,geneva,sans-serif;\">fel\u00e1r n\u00e9lk\u00fcl<\/span><\/span><\/strong><\/li>\n<li><strong><span style=\"font-size: 14px;\"><span style=\"font-family: verdana,geneva,sans-serif;\">Nem fakul<\/span><\/span><\/strong><\/li>\n<li><strong><span style=\"font-size: 14px;\"><span style=\"font-family: verdana,geneva,sans-serif;\">Hossz\u00fa \u00e9lettartam\u00fa<\/span><\/span><\/strong><\/li>\n<li><strong><span style=\"font-size: 14px;\"><span style=\"font-family: verdana,geneva,sans-serif;\">Karbantart\u00e1st nem ig\u00e9nyel<\/span><\/span><\/strong><\/li>\n<\/ul>\n<\/td>\n<td><img loading=\"lazy\" decoding=\"async\" class=\" size-full wp-image-175\" src=\"https:\/\/www.ablakkarter.hu\/wp-content\/uploads\/2012\/07\/reluxa_kart.jpg\" alt=\"Reluxa\" width=\"371\" height=\"165\"><\/td>\n<\/tr>\n<\/tbody>\n<\/table>\n<p><strong><span style=\"font-size: 14px;\"><span style=\"font-family: verdana,geneva,sans-serif;\">Az alum\u00edniumlamell\u00e1s reluxa a bels\u0151t\u00e9ri \u00e1rny\u00e9kol\u00e1s egyik legelterjedtebb m\u00f3dja. A lamell\u00e1k forgat\u00e1s\u00e1val szab\u00e1lyozhat\u00f3 a f\u00e9ny mennyis\u00e9ge, \u00e9s ir\u00e1nya.<\/span><\/span><\/strong><\/p>\n<p><strong><span style=\"font-size: 14px;\"><span style=\"font-family: verdana,geneva,sans-serif;\">Szinte b\u00e1rmelyen ablak-, illetve ajt\u00f3t\u00edpusra felszerelhet\u0151. Fesz\u00edtett r\u00f6gz\u00edt\u00e9sn\u00e9l a reluxa<br \/>\negy\u00fctt bukik &#8211; ny\u00edlik az ablakkal.<\/span><\/span><\/strong><\/p>\n<p><strong><span style=\"font-size: 14px;\"><span style=\"font-family: verdana,geneva,sans-serif;\">A reluxa anyaga alum\u00ednium, ez\u00e9rt vizes helyis\u00e9gekben, f\u00fcrd\u0151szob\u00e1ban is haszn\u00e1lhat\u00f3.<\/span><\/span><\/strong><\/p>\n<p><strong><span style=\"font-size: 14px;\"><span style=\"font-family: verdana,geneva,sans-serif;\">Reluxa m\u00e9retek:<\/span><\/span><\/strong><\/p>\n<p><strong><span style=\"font-size: 14px;\"><span style=\"font-family: verdana,geneva,sans-serif;\">Alum\u00ednium reluxa max. sz\u00e9less\u00e9ge: 200cm<br \/>\nAlum\u00ednium reluxa max.magass\u00e1ga: 300cm<\/span><\/span><\/strong><\/p>\n<p><a title=\"Reluxa\" href=\"https:\/\/www.ablakkarter.hu\/wp-content\/uploads\/2013\/02\/karter_ablak_reluxa.jpg\" rel=\"lightbox[Standard]\"><img loading=\"lazy\" decoding=\"async\" class=\" size-full wp-image-525\" src=\"https:\/\/www.ablakkarter.hu\/wp-content\/uploads\/2013\/02\/karter_ablak_reluxa.jpg\" alt=\"\" width=\"310\" height=\"177\" srcset=\"https:\/\/www.ablakkarter.hu\/wp-content\/uploads\/2013\/02\/karter_ablak_reluxa.jpg 732w, https:\/\/www.ablakkarter.hu\/wp-content\/uploads\/2013\/02\/karter_ablak_reluxa-600x343.jpg 600w, https:\/\/www.ablakkarter.hu\/wp-content\/uploads\/2013\/02\/karter_ablak_reluxa-300x171.jpg 300w\" sizes=\"auto, (max-width: 310px) 100vw, 310px\" \/><\/a><a title=\"Reluxa\" href=\"https:\/\/www.ablakkarter.hu\/wp-content\/uploads\/2013\/02\/karter_ablak_reluxa_orange.jpg\" rel=\"lightbox[Standard]\"> <img loading=\"lazy\" decoding=\"async\" class=\" size-full wp-image-526\" src=\"https:\/\/www.ablakkarter.hu\/wp-content\/uploads\/2013\/02\/karter_ablak_reluxa_orange.jpg\" alt=\"\" width=\"439\" height=\"177\" srcset=\"https:\/\/www.ablakkarter.hu\/wp-content\/uploads\/2013\/02\/karter_ablak_reluxa_orange.jpg 776w, https:\/\/www.ablakkarter.hu\/wp-content\/uploads\/2013\/02\/karter_ablak_reluxa_orange-600x241.jpg 600w, https:\/\/www.ablakkarter.hu\/wp-content\/uploads\/2013\/02\/karter_ablak_reluxa_orange-300x121.jpg 300w, https:\/\/www.ablakkarter.hu\/wp-content\/uploads\/2013\/02\/karter_ablak_reluxa_orange-768x309.jpg 768w\" sizes=\"auto, (max-width: 439px) 100vw, 439px\" \/><\/a><\/p>\n<p><strong><span style=\"font-size: 14px;\"><span style=\"font-family: verdana,geneva,sans-serif;\">Figyelem! <\/span><\/span><\/strong><\/p>\n<p style=\"text-align: center;\"><strong><span style=\"font-size: 14px;\"><span style=\"font-family: verdana,geneva,sans-serif;\">Az eredeti reluxa sz\u00ednek elt\u00e9rhetnek a sz\u00e1m\u00edt\u00f3g\u00e9pen l\u00e1tott t\u00f3nust\u00f3l ez\u00e9rt ezek csak t\u00e1j\u00e9koztat\u00f3 jelleg\u0171ek!<\/span><\/span><\/strong><\/p>\n<p style=\"text-align: center;\"><span style=\"color: #ffff00;\"><span style=\"font-family: verdana,geneva,sans-serif;\"><span style=\"font-size: 16px;\"><strong>Megrendel\u00e9s el\u0151tt k\u00e9rj\u00e9k ki \u00e1rny\u00e9kol\u00e1stechnik\u00e1val foglalkoz\u00f3 koll\u00e9g\u00e1ink ingyenes szaktan\u00e1csait!<\/strong><\/span><\/span><\/span><br \/>\n<strong><span style=\"font-size: 14px;\"><span style=\"font-family: verdana,geneva,sans-serif;\">A reluxa \u00e1rakr\u00f3l \u00e9s a kivitelez\u00e9si lehet\u0151s\u00e9gekr\u0151l \u00e9rdekl\u0151dj\u00f6n el\u00e9rhet\u0151s\u00e9geinken!<\/span><\/span><\/strong><\/p>\n<p style=\"text-align: center;\"><strong><span style=\"font-size: 14px;\"><span style=\"font-family: verdana,geneva,sans-serif;\">A reluxa sz\u00ednv\u00e1laszt\u00e9k megtekinthet\u0151 bemutat\u00f3termeinkben!<\/span><\/span><\/strong><\/p>\n<p style=\"text-align: center;\">\n","protected":false},"excerpt":{"rendered":"<table border=\"1\" cellpadding=\"1\" cellspacing=\"1\" style=\"width: 720px;\">\n<tbody>\n<tr>\n<td>\n<ul>\n<li><strong><span style=\"font-size:14px;\"><span style=\"font-family: verdana,geneva,sans-serif;\">A reluxa olcs\u00f3bb \u00e1rny\u00e9kol\u00f3<\/span><\/span><\/strong><\/li>\n<li><strong><span style=\"font-size:14px;\"><span style=\"font-family: verdana,geneva,sans-serif;\">K\u00f6nnyen kezelhet\u0151, eszt\u00e9tikus<\/span><\/span><\/strong><\/li>\n<li><strong><span style=\"font-size:14px;\"><span style=\"font-family: verdana,geneva,sans-serif;\">Gyorsan szerelhet\u0151<\/span><\/span><\/strong><\/li>\n<li><strong><span style=\"font-size:14px;\"><span style=\"font-family: verdana,geneva,sans-serif;\">\u00d3ri\u00e1si sz\u00ednv\u00e1laszt\u00e9k<\/span> <span style=\"font-family: verdana,geneva,sans-serif;\">fel\u00e1r n\u00e9lk\u00fcl<\/span><\/span><\/strong><\/li>\n<li><strong><span style=\"font-size:14px;\"><span style=\"font-family: verdana,geneva,sans-serif;\">Nem fakul<\/span><\/span><\/strong><\/li>\n<li><strong><span style=\"font-size:14px;\"><span style=\"font-family: verdana,geneva,sans-serif;\">Hossz\u00fa \u00e9lettartam\u00fa<\/span><\/span><\/strong><\/li>\n<li><strong><span style=\"font-size:14px;\"><span style=\"font-family: verdana,geneva,sans-serif;\">Karbantart\u00e1st nem ig\u00e9nyel<\/span><\/span><\/strong><\/li>\n<\/ul>\n<\/td>\n<td><img loading=\"lazy\" decoding=\"async\" class=\" size-full wp-image-175\" alt=\"Reluxa\" height=\"165\" src=\"https:\/\/www.ablakkarter.hu\/wp-content\/uploads\/2012\/07\/reluxa_kart.jpg\" width=\"371\" \/><\/td>\n<\/tr>\n<\/tbody>\n<\/table>\n<p><strong><span style=\"font-size:14px;\"><span style=\"font-family: verdana,geneva,sans-serif;\">Az alum\u00edniumlamell\u00e1s reluxa a bels\u0151t\u00e9ri \u00e1rny\u00e9kol\u00e1s egyik legelterjedtebb m\u00f3dja. A lamell\u00e1k forgat\u00e1s\u00e1val szab\u00e1lyozhat\u00f3 a f\u00e9ny mennyis\u00e9ge, \u00e9s ir\u00e1nya.<\/span><\/span><\/strong><\/p>\n<p><strong><span style=\"font-size:14px;\"><span style=\"font-family: verdana,geneva,sans-serif;\">Szinte b\u00e1rmelyen ablak-, illetve ajt\u00f3t\u00edpusra felszerelhet\u0151. Fesz\u00edtett r\u00f6gz\u00edt\u00e9sn\u00e9l a reluxa<br \/>egy\u00fctt bukik &#8211; ny\u00edlik az ablakkal.<\/span><\/span><\/strong><\/p>\n<p><strong><span style=\"font-size:14px;\"><span style=\"font-family: verdana,geneva,sans-serif;\">A reluxa anyaga alum\u00ednium, ez\u00e9rt vizes helyis\u00e9gekben, f\u00fcrd\u0151szob\u00e1ban is haszn\u00e1lhat\u00f3.<\/span><\/span><\/strong><\/p>\n<p><strong><span style=\"font-size:14px;\"><span style=\"font-family: verdana,geneva,sans-serif;\">Reluxa m\u00e9retek:<\/span><\/span><\/strong><\/p>\n<p><strong><span style=\"font-size:14px;\"><span style=\"font-family: verdana,geneva,sans-serif;\">Alum\u00ednium reluxa max. sz\u00e9less\u00e9ge: 200cm<br \/>Alum\u00ednium reluxa max.magass\u00e1ga: 300cm<\/span><\/span><\/strong><\/p>\n<p><a href=\"https:\/\/www.ablakkarter.hu\/wp-content\/uploads\/2013\/02\/karter_ablak_reluxa.jpg\" rel=\"lightbox[Standard]\" title=\"Reluxa\"><img loading=\"lazy\" decoding=\"async\" class=\" size-full wp-image-525\" alt=\"\" height=\"177\" src=\"https:\/\/www.ablakkarter.hu\/wp-content\/uploads\/2013\/02\/karter_ablak_reluxa.jpg\" width=\"310\" srcset=\"https:\/\/www.ablakkarter.hu\/wp-content\/uploads\/2013\/02\/karter_ablak_reluxa.jpg 732w, https:\/\/www.ablakkarter.hu\/wp-content\/uploads\/2013\/02\/karter_ablak_reluxa-600x343.jpg 600w, https:\/\/www.ablakkarter.hu\/wp-content\/uploads\/2013\/02\/karter_ablak_reluxa-300x171.jpg 300w\" sizes=\"auto, (max-width: 310px) 100vw, 310px\" \/><\/a><a href=\"https:\/\/www.ablakkarter.hu\/wp-content\/uploads\/2013\/02\/karter_ablak_reluxa_orange.jpg\" rel=\"lightbox[Standard]\" title=\"Reluxa\"> <img loading=\"lazy\" decoding=\"async\" class=\" size-full wp-image-526\" alt=\"\" height=\"177\" src=\"https:\/\/www.ablakkarter.hu\/wp-content\/uploads\/2013\/02\/karter_ablak_reluxa_orange.jpg\" width=\"439\" srcset=\"https:\/\/www.ablakkarter.hu\/wp-content\/uploads\/2013\/02\/karter_ablak_reluxa_orange.jpg 776w, https:\/\/www.ablakkarter.hu\/wp-content\/uploads\/2013\/02\/karter_ablak_reluxa_orange-600x241.jpg 600w, https:\/\/www.ablakkarter.hu\/wp-content\/uploads\/2013\/02\/karter_ablak_reluxa_orange-300x121.jpg 300w, https:\/\/www.ablakkarter.hu\/wp-content\/uploads\/2013\/02\/karter_ablak_reluxa_orange-768x309.jpg 768w\" sizes=\"auto, (max-width: 439px) 100vw, 439px\" \/><\/a><\/p>\n<p><strong><span style=\"font-size:14px;\"><span style=\"font-family: verdana,geneva,sans-serif;\">Figyelem! <\/span><\/span><\/strong><\/p>\n<p style=\"text-align: center;\"><strong><span style=\"font-size:14px;\"><span style=\"font-family: verdana,geneva,sans-serif;\">Az eredeti reluxa sz\u00ednek elt\u00e9rhetnek a sz\u00e1m\u00edt\u00f3g\u00e9pen l\u00e1tott t\u00f3nust\u00f3l ez\u00e9rt ezek csak t\u00e1j\u00e9koztat\u00f3 jelleg\u0171ek!<\/span><\/span><\/strong><\/p>\n<p style=\"text-align: center;\"><span style=\"color:#ffff00;\"><span style=\"font-family: verdana,geneva,sans-serif;\"><span style=\"font-size: 16px;\"><strong>Megrendel\u00e9s el\u0151tt k\u00e9rj\u00e9k ki \u00e1rny\u00e9kol\u00e1stechnik\u00e1val foglalkoz\u00f3 koll\u00e9g\u00e1ink ingyenes szaktan\u00e1csait!<\/strong><\/span><\/span><\/span><br \/><strong><span style=\"font-size:14px;\"><span style=\"font-family: verdana,geneva,sans-serif;\">A reluxa \u00e1rakr\u00f3l \u00e9s a kivitelez\u00e9si lehet\u0151s\u00e9gekr\u0151l \u00e9rdekl\u0151dj\u00f6n el\u00e9rhet\u0151s\u00e9geinken!<\/span><\/span><\/strong><\/p>\n<p style=\"text-align: center;\"><strong><span style=\"font-size:14px;\"><span style=\"font-family: verdana,geneva,sans-serif;\">A reluxa sz\u00ednv\u00e1laszt\u00e9k megtekinthet\u0151 bemutat\u00f3termeinkben!<\/span><\/span><\/strong><\/p>\n","protected":false},"author":1,"featured_media":1118,"parent":0,"menu_order":0,"comment_status":"closed","ping_status":"closed","template":"","meta":{"footnotes":""},"class_list":["post-527","page","type-page","status-publish","has-post-thumbnail","hentry"],"_links":{"self":[{"href":"https:\/\/www.ablakkarter.hu\/index.php?rest_route=\/wp\/v2\/pages\/527","targetHints":{"allow":["GET"]}}],"collection":[{"href":"https:\/\/www.ablakkarter.hu\/index.php?rest_route=\/wp\/v2\/pages"}],"about":[{"href":"https:\/\/www.ablakkarter.hu\/index.php?rest_route=\/wp\/v2\/types\/page"}],"author":[{"embeddable":true,"href":"https:\/\/www.ablakkarter.hu\/index.php?rest_route=\/wp\/v2\/users\/1"}],"replies":[{"embeddable":true,"href":"https:\/\/www.ablakkarter.hu\/index.php?rest_route=%2Fwp%2Fv2%2Fcomments&post=527"}],"version-history":[{"count":2,"href":"https:\/\/www.ablakkarter.hu\/index.php?rest_route=\/wp\/v2\/pages\/527\/revisions"}],"predecessor-version":[{"id":1172,"href":"https:\/\/www.ablakkarter.hu\/index.php?rest_route=\/wp\/v2\/pages\/527\/revisions\/1172"}],"wp:featuredmedia":[{"embeddable":true,"href":"https:\/\/www.ablakkarter.hu\/index.php?rest_route=\/wp\/v2\/media\/1118"}],"wp:attachment":[{"href":"https:\/\/www.ablakkarter.hu\/index.php?rest_route=%2Fwp%2Fv2%2Fmedia&parent=527"}],"curies":[{"name":"wp","href":"https:\/\/api.w.org\/{rel}","templated":true}]}}