{"id":521,"date":"2012-09-25T11:36:42","date_gmt":"2012-09-25T11:36:42","guid":{"rendered":"https:\/\/www.ablakkarter.hu\/classic-bejarati-ajto\/"},"modified":"2022-05-11T13:28:53","modified_gmt":"2022-05-11T13:28:53","slug":"classic-bejarati-ajto","status":"publish","type":"page","link":"https:\/\/www.ablakkarter.hu\/?page_id=521","title":{"rendered":"Classic bej\u00e1rati ajt\u00f3"},"content":{"rendered":"\n<h2 class=\"has-text-align-center wp-block-heading\">\u00a0Classic bej\u00e1rati ajt\u00f3<\/h2>\n\n\n\n<p class=\"has-text-align-center\"><br>A Classic t\u00edpus\u00fa oszt\u00f3bord\u00e1s m\u0171anyag bej\u00e1rati ajt\u00f3k tetsz\u0151leges oszt\u00e1sokkal \u00e9s a megrendel\u0151 \u00e1ltal kiv\u00e1lasztott \u00fcvegez\u00e9ssel k\u00e9sz\u00fclnek el.<br>A weboldalon szerepl\u0151 k\u00e9pek a leggyakrabban v\u00e1lasztott osztott bej\u00e1rati ajt\u00f3 t\u00edpusokat mutatj\u00e1k be.<br>A bej\u00e1rati ajt\u00f3k t\u00f6m\u00f6r \u00e9s \u00fcveges v\u00e1ltozatban is megrendelhet\u0151k.<\/p>\n\n\n\n<p><\/p>\n\n\n\n<p>A m\u0171anyag bej\u00e1rati ajt\u00f3k \u00e1r\u00e1t befoly\u00e1solja az oszt\u00f3bord\u00e1k sz\u00e1ma, a ny\u00edl\u00e1sz\u00e1r\u00f3 sz\u00edne, az \u00fcveg t\u00edpusa valamint az ajt\u00f3 bet\u00f6r\u00e9sbiztons\u00e1gi param\u00e9terei.<\/p>\n\n\n\n<p><strong>Feh\u00e9r sz\u00edn\u0171 oszt\u00f3bord\u00e1s m\u0171anyag bej\u00e1rati ajt\u00f3k<\/strong><\/p>\n\n\n\n<figure class=\"wp-block-gallery has-nested-images columns-5 is-cropped wp-block-gallery-1 is-layout-flex wp-block-gallery-is-layout-flex\">\n<figure class=\"wp-block-image size-large\"><img loading=\"lazy\" decoding=\"async\" width=\"273\" height=\"606\" data-id=\"1623\" src=\"https:\/\/www.ablakkarter.hu\/wp-content\/uploads\/2022\/05\/c1.png\" alt=\"\" class=\"wp-image-1623\" srcset=\"https:\/\/www.ablakkarter.hu\/wp-content\/uploads\/2022\/05\/c1.png 273w, https:\/\/www.ablakkarter.hu\/wp-content\/uploads\/2022\/05\/c1-135x300.png 135w\" sizes=\"auto, (max-width: 273px) 100vw, 273px\" \/><\/figure>\n\n\n\n<figure class=\"wp-block-image size-large\"><img loading=\"lazy\" decoding=\"async\" width=\"273\" height=\"606\" data-id=\"1626\" src=\"https:\/\/www.ablakkarter.hu\/wp-content\/uploads\/2022\/05\/c2.png\" alt=\"\" class=\"wp-image-1626\" srcset=\"https:\/\/www.ablakkarter.hu\/wp-content\/uploads\/2022\/05\/c2.png 273w, https:\/\/www.ablakkarter.hu\/wp-content\/uploads\/2022\/05\/c2-135x300.png 135w\" sizes=\"auto, (max-width: 273px) 100vw, 273px\" \/><\/figure>\n\n\n\n<figure class=\"wp-block-image size-large\"><img loading=\"lazy\" decoding=\"async\" width=\"273\" height=\"606\" data-id=\"1624\" src=\"https:\/\/www.ablakkarter.hu\/wp-content\/uploads\/2022\/05\/c3.png\" alt=\"\" class=\"wp-image-1624\" srcset=\"https:\/\/www.ablakkarter.hu\/wp-content\/uploads\/2022\/05\/c3.png 273w, https:\/\/www.ablakkarter.hu\/wp-content\/uploads\/2022\/05\/c3-135x300.png 135w\" sizes=\"auto, (max-width: 273px) 100vw, 273px\" \/><\/figure>\n\n\n\n<figure class=\"wp-block-image size-large\"><img loading=\"lazy\" decoding=\"async\" width=\"273\" height=\"606\" data-id=\"1625\" src=\"https:\/\/www.ablakkarter.hu\/wp-content\/uploads\/2022\/05\/c4.png\" alt=\"\" class=\"wp-image-1625\" srcset=\"https:\/\/www.ablakkarter.hu\/wp-content\/uploads\/2022\/05\/c4.png 273w, https:\/\/www.ablakkarter.hu\/wp-content\/uploads\/2022\/05\/c4-135x300.png 135w\" sizes=\"auto, (max-width: 273px) 100vw, 273px\" \/><\/figure>\n\n\n\n<figure class=\"wp-block-image size-large\"><img loading=\"lazy\" decoding=\"async\" width=\"273\" height=\"606\" data-id=\"1627\" src=\"https:\/\/www.ablakkarter.hu\/wp-content\/uploads\/2022\/05\/c5.png\" alt=\"\" class=\"wp-image-1627\" srcset=\"https:\/\/www.ablakkarter.hu\/wp-content\/uploads\/2022\/05\/c5.png 273w, https:\/\/www.ablakkarter.hu\/wp-content\/uploads\/2022\/05\/c5-135x300.png 135w\" sizes=\"auto, (max-width: 273px) 100vw, 273px\" \/><\/figure>\n<figcaption class=\"blocks-gallery-caption\">Feh\u00e9r sz\u00edn\u0171 oszt\u00f3bord\u00e1s m\u0171anyag bej\u00e1rati ajt\u00f3k<\/figcaption><\/figure>\n\n\n\n<hr class=\"wp-block-separator\"\/>\n\n\n\n<p><strong>Aranyt\u00f6lgy sz\u00edn\u0171 oszt\u00f3bord\u00e1s m\u0171anyag bej\u00e1rati ajt\u00f3k<\/strong><\/p>\n\n\n\n<div class=\"wp-block-group\"><div class=\"wp-block-group__inner-container is-layout-flow wp-block-group-is-layout-flow\">\n<div class=\"wp-block-columns is-layout-flex wp-container-core-columns-is-layout-9d6595d7 wp-block-columns-is-layout-flex\">\n<div class=\"wp-block-column is-layout-flow wp-block-column-is-layout-flow\" style=\"flex-basis:100%\">\n<figure class=\"wp-block-gallery has-nested-images columns-5 is-cropped wp-block-gallery-2 is-layout-flex wp-block-gallery-is-layout-flex\">\n<figure class=\"wp-block-image size-large\"><img loading=\"lazy\" decoding=\"async\" width=\"273\" height=\"606\" data-id=\"1613\" src=\"https:\/\/www.ablakkarter.hu\/wp-content\/uploads\/2022\/05\/c6.png\" alt=\"\" class=\"wp-image-1613\" srcset=\"https:\/\/www.ablakkarter.hu\/wp-content\/uploads\/2022\/05\/c6.png 273w, https:\/\/www.ablakkarter.hu\/wp-content\/uploads\/2022\/05\/c6-135x300.png 135w\" sizes=\"auto, (max-width: 273px) 100vw, 273px\" \/><\/figure>\n\n\n\n<figure class=\"wp-block-image size-large\"><img loading=\"lazy\" decoding=\"async\" width=\"273\" height=\"606\" data-id=\"1616\" src=\"https:\/\/www.ablakkarter.hu\/wp-content\/uploads\/2022\/05\/c7.png\" alt=\"\" class=\"wp-image-1616\" srcset=\"https:\/\/www.ablakkarter.hu\/wp-content\/uploads\/2022\/05\/c7.png 273w, https:\/\/www.ablakkarter.hu\/wp-content\/uploads\/2022\/05\/c7-135x300.png 135w\" sizes=\"auto, (max-width: 273px) 100vw, 273px\" \/><\/figure>\n\n\n\n<figure class=\"wp-block-image size-large\"><img loading=\"lazy\" decoding=\"async\" width=\"273\" height=\"606\" data-id=\"1617\" src=\"https:\/\/www.ablakkarter.hu\/wp-content\/uploads\/2022\/05\/c8.png\" alt=\"\" class=\"wp-image-1617\" srcset=\"https:\/\/www.ablakkarter.hu\/wp-content\/uploads\/2022\/05\/c8.png 273w, https:\/\/www.ablakkarter.hu\/wp-content\/uploads\/2022\/05\/c8-135x300.png 135w\" sizes=\"auto, (max-width: 273px) 100vw, 273px\" \/><\/figure>\n\n\n\n<figure class=\"wp-block-image size-large\"><img loading=\"lazy\" decoding=\"async\" width=\"273\" height=\"606\" data-id=\"1615\" src=\"https:\/\/www.ablakkarter.hu\/wp-content\/uploads\/2022\/05\/c9.png\" alt=\"\" class=\"wp-image-1615\" srcset=\"https:\/\/www.ablakkarter.hu\/wp-content\/uploads\/2022\/05\/c9.png 273w, https:\/\/www.ablakkarter.hu\/wp-content\/uploads\/2022\/05\/c9-135x300.png 135w\" sizes=\"auto, (max-width: 273px) 100vw, 273px\" \/><\/figure>\n\n\n\n<figure class=\"wp-block-image size-large\"><img loading=\"lazy\" decoding=\"async\" width=\"273\" height=\"606\" data-id=\"1614\" src=\"https:\/\/www.ablakkarter.hu\/wp-content\/uploads\/2022\/05\/c10.png\" alt=\"\" class=\"wp-image-1614\" srcset=\"https:\/\/www.ablakkarter.hu\/wp-content\/uploads\/2022\/05\/c10.png 273w, https:\/\/www.ablakkarter.hu\/wp-content\/uploads\/2022\/05\/c10-135x300.png 135w\" sizes=\"auto, (max-width: 273px) 100vw, 273px\" \/><\/figure>\n<figcaption class=\"blocks-gallery-caption\">Aranyt\u00f6lgy sz\u00edn\u0171 oszt\u00f3bord\u00e1s m\u0171anyag bej\u00e1rati ajt\u00f3k<\/figcaption><\/figure>\n<\/div>\n<\/div>\n<\/div><\/div>\n\n\n\n<hr class=\"wp-block-separator\"\/>\n\n\n\n<p><strong>Antracit sz\u00edn\u0171 oszt\u00f3bord\u00e1s m\u0171anyag bej\u00e1rati ajt\u00f3k<\/strong><\/p>\n\n\n\n<figure class=\"wp-block-gallery has-nested-images columns-5 is-cropped wp-block-gallery-3 is-layout-flex wp-block-gallery-is-layout-flex\">\n<figure class=\"wp-block-image size-large\"><img loading=\"lazy\" decoding=\"async\" width=\"273\" height=\"606\" data-id=\"1618\" src=\"https:\/\/www.ablakkarter.hu\/wp-content\/uploads\/2022\/05\/c11.png\" alt=\"\" class=\"wp-image-1618\" srcset=\"https:\/\/www.ablakkarter.hu\/wp-content\/uploads\/2022\/05\/c11.png 273w, https:\/\/www.ablakkarter.hu\/wp-content\/uploads\/2022\/05\/c11-135x300.png 135w\" sizes=\"auto, (max-width: 273px) 100vw, 273px\" \/><\/figure>\n\n\n\n<figure class=\"wp-block-image size-large\"><img loading=\"lazy\" decoding=\"async\" width=\"273\" height=\"606\" data-id=\"1622\" src=\"https:\/\/www.ablakkarter.hu\/wp-content\/uploads\/2022\/05\/c12.png\" alt=\"\" class=\"wp-image-1622\" srcset=\"https:\/\/www.ablakkarter.hu\/wp-content\/uploads\/2022\/05\/c12.png 273w, https:\/\/www.ablakkarter.hu\/wp-content\/uploads\/2022\/05\/c12-135x300.png 135w\" sizes=\"auto, (max-width: 273px) 100vw, 273px\" \/><\/figure>\n\n\n\n<figure class=\"wp-block-image size-large\"><img loading=\"lazy\" decoding=\"async\" width=\"273\" height=\"606\" data-id=\"1621\" src=\"https:\/\/www.ablakkarter.hu\/wp-content\/uploads\/2022\/05\/c13.png\" alt=\"\" class=\"wp-image-1621\" srcset=\"https:\/\/www.ablakkarter.hu\/wp-content\/uploads\/2022\/05\/c13.png 273w, https:\/\/www.ablakkarter.hu\/wp-content\/uploads\/2022\/05\/c13-135x300.png 135w\" sizes=\"auto, (max-width: 273px) 100vw, 273px\" \/><\/figure>\n\n\n\n<figure class=\"wp-block-image size-large\"><img loading=\"lazy\" decoding=\"async\" width=\"273\" height=\"606\" data-id=\"1620\" src=\"https:\/\/www.ablakkarter.hu\/wp-content\/uploads\/2022\/05\/c14.png\" alt=\"\" class=\"wp-image-1620\" srcset=\"https:\/\/www.ablakkarter.hu\/wp-content\/uploads\/2022\/05\/c14.png 273w, https:\/\/www.ablakkarter.hu\/wp-content\/uploads\/2022\/05\/c14-135x300.png 135w\" sizes=\"auto, (max-width: 273px) 100vw, 273px\" \/><\/figure>\n\n\n\n<figure class=\"wp-block-image size-large\"><img loading=\"lazy\" decoding=\"async\" width=\"273\" height=\"606\" data-id=\"1619\" src=\"https:\/\/www.ablakkarter.hu\/wp-content\/uploads\/2022\/05\/c15.png\" alt=\"\" class=\"wp-image-1619\" srcset=\"https:\/\/www.ablakkarter.hu\/wp-content\/uploads\/2022\/05\/c15.png 273w, https:\/\/www.ablakkarter.hu\/wp-content\/uploads\/2022\/05\/c15-135x300.png 135w\" sizes=\"auto, (max-width: 273px) 100vw, 273px\" \/><\/figure>\n<figcaption class=\"blocks-gallery-caption\">Antracit sz\u00edn\u0171 oszt\u00f3bord\u00e1s m\u0171anyag bej\u00e1rati ajt\u00f3k<\/figcaption><\/figure>\n\n\n\n<hr class=\"wp-block-separator\"\/>\n\n\n\n<p class=\"has-text-align-center\"><strong>M\u0171anyag bej\u00e1rati ajt\u00f3 Baja<\/strong> &#8211; <strong>M\u0171anyag bej\u00e1rati ajt\u00f3 Kalocsa &#8211; <strong>M\u0171anyag bej\u00e1rati ajt\u00f3 Kisk\u0151r\u00f6s<\/strong><\/strong><\/p>\n\n\n\n<p><\/p>\n\n\n\n<figure class=\"wp-block-gallery has-nested-images columns-8 is-cropped wp-block-gallery-4 is-layout-flex wp-block-gallery-is-layout-flex\">\n<figure class=\"wp-block-image size-large\"><img loading=\"lazy\" decoding=\"async\" width=\"235\" height=\"498\" data-id=\"1634\" src=\"https:\/\/www.ablakkarter.hu\/wp-content\/uploads\/2022\/05\/TELE.jpg\" alt=\"\" class=\"wp-image-1634\" srcset=\"https:\/\/www.ablakkarter.hu\/wp-content\/uploads\/2022\/05\/TELE.jpg 235w, https:\/\/www.ablakkarter.hu\/wp-content\/uploads\/2022\/05\/TELE-142x300.jpg 142w\" sizes=\"auto, (max-width: 235px) 100vw, 235px\" \/><\/figure>\n\n\n\n<figure class=\"wp-block-image size-large\"><img loading=\"lazy\" decoding=\"async\" width=\"94\" height=\"200\" data-id=\"1628\" src=\"https:\/\/www.ablakkarter.hu\/wp-content\/uploads\/2022\/05\/1OSZTOBORDAS_k.jpg\" alt=\"\" class=\"wp-image-1628\"\/><\/figure>\n\n\n\n<figure class=\"wp-block-image size-large\"><img loading=\"lazy\" decoding=\"async\" width=\"94\" height=\"200\" data-id=\"1630\" src=\"https:\/\/www.ablakkarter.hu\/wp-content\/uploads\/2022\/05\/2OSZTOBORDAS_k.jpg\" alt=\"\" class=\"wp-image-1630\"\/><\/figure>\n\n\n\n<figure class=\"wp-block-image size-large\"><img loading=\"lazy\" decoding=\"async\" width=\"94\" height=\"200\" data-id=\"1631\" src=\"https:\/\/www.ablakkarter.hu\/wp-content\/uploads\/2022\/05\/3OSZTOBORDAS_k.jpg\" alt=\"\" class=\"wp-image-1631\"\/><\/figure>\n\n\n\n<figure class=\"wp-block-image size-large\"><img loading=\"lazy\" decoding=\"async\" width=\"94\" height=\"200\" data-id=\"1632\" src=\"https:\/\/www.ablakkarter.hu\/wp-content\/uploads\/2022\/05\/F1_OSZTOBORDAS_k.jpg\" alt=\"\" class=\"wp-image-1632\"\/><\/figure>\n\n\n\n<figure class=\"wp-block-image size-large\"><img loading=\"lazy\" decoding=\"async\" width=\"94\" height=\"200\" data-id=\"1636\" src=\"https:\/\/www.ablakkarter.hu\/wp-content\/uploads\/2022\/05\/VARIO5_k.jpg\" alt=\"\" class=\"wp-image-1636\"\/><\/figure>\n\n\n\n<figure class=\"wp-block-image size-large\"><img loading=\"lazy\" decoding=\"async\" width=\"94\" height=\"200\" data-id=\"1629\" src=\"https:\/\/www.ablakkarter.hu\/wp-content\/uploads\/2022\/05\/1F_2V_k.jpg\" alt=\"\" class=\"wp-image-1629\"\/><\/figure>\n\n\n\n<figure class=\"wp-block-image size-large\"><img loading=\"lazy\" decoding=\"async\" width=\"94\" height=\"200\" data-id=\"1637\" src=\"https:\/\/www.ablakkarter.hu\/wp-content\/uploads\/2022\/05\/F_V_OSZTOBORDAS_k-1.jpg\" alt=\"\" class=\"wp-image-1637\"\/><\/figure>\n<\/figure>\n","protected":false},"excerpt":{"rendered":"<p style=\"text-align: center;\"><strong><span style=\"font-size:14px;\"><span style=\"font-family: verdana,geneva,sans-serif;\">A Classic t\u00edpus\u00fa m\u0171anyag bej\u00e1rati ajt\u00f3k tetsz\u0151leges oszt\u00e1sokkal \u00e9s a megrendel\u0151 \u00e1ltal kiv\u00e1lasztott \u00fcvegez\u00e9ssel k\u00e9sz\u00fclnek el. A weboldalon szerepl\u0151 k\u00e9pek a leggyakrabban v\u00e1lasztott osztott bej\u00e1rati ajt\u00f3 t\u00edpusokat mutatj\u00e1k be. A bej\u00e1rati ajt\u00f3k t\u00f6m\u00f6r \u00e9s \u00fcveges v\u00e1ltozatban is megrendelhet\u0151k.<\/span><\/span><\/strong><\/p>\n<p style=\"text-align: center;\"><a href=\"https:\/\/www.ablakkarter.hu\/wp-content\/uploads\/2012\/09\/TELE.jpg\" rel=\"lightbox[Standard]\" title=\"Tele\"><img loading=\"lazy\" decoding=\"async\" class=\" size-full wp-image-505\" alt=\"Osztobord\u00e1s panel\" class=\"kat_lec\" src=\"https:\/\/www.ablakkarter.hu\/wp-content\/uploads\/2012\/09\/TELE_k.jpg\" style=\"width: 94px; height: 200px;\" title=\"\" width=\"94\" height=\"200\" \/><\/a><a class=\"lightbox-processed\" href=\"https:\/\/www.ablakkarter.hu\/wp-content\/uploads\/2012\/09\/1OSZTOBORDAS.jpg\" rel=\"lightbox[Standard]\" title=\"1 osztobord\u00e1s\"> <img loading=\"lazy\" decoding=\"async\" class=\" size-full wp-image-508\" alt=\"Osztobord\u00e1s panel\" class=\"kat_lec\" src=\"https:\/\/www.ablakkarter.hu\/wp-content\/uploads\/2012\/09\/1OSZTOBORDAS_k.jpg\" style=\"width: 94px; height: 200px;\" title=\"\" width=\"94\" height=\"200\" \/><\/a><a class=\"lightbox-processed\" href=\"https:\/\/www.ablakkarter.hu\/wp-content\/uploads\/2012\/09\/2OSZTOBORDAS.jpg\" rel=\"lightbox[Standard]\" title=\"2 osztobord\u00e1s\"> <img loading=\"lazy\" decoding=\"async\" class=\" size-full wp-image-510\" alt=\"Osztobord\u00e1s panel\" class=\"kat_lec\" src=\"https:\/\/www.ablakkarter.hu\/wp-content\/uploads\/2012\/09\/2OSZTOBORDAS_k.jpg\" style=\"width: 94px; height: 200px;\" title=\"\" width=\"94\" height=\"200\" \/> <\/a><a class=\"lightbox-processed\" href=\"https:\/\/www.ablakkarter.hu\/wp-content\/uploads\/2012\/09\/3OSZTOBORDAS.jpg\" rel=\"lightbox[Standard]\" title=\"3 osztobord\u00e1s\"><img loading=\"lazy\" decoding=\"async\" class=\" size-full wp-image-512\" alt=\"Osztobord\u00e1s panel\" class=\"kat_lec\" src=\"https:\/\/www.ablakkarter.hu\/wp-content\/uploads\/2012\/09\/3OSZTOBORDAS_k.jpg\" style=\"width: 94px; height: 200px;\" title=\"\" width=\"94\" height=\"200\" \/> <\/a><\/p>\n<p style=\"text-align: center;\"><a class=\"lightbox-processed\" href=\"https:\/\/www.ablakkarter.hu\/wp-content\/uploads\/2012\/09\/F1_OSZTOBORDAS.jpg\" rel=\"lightbox[Standard]\" title=\"1 f\u00fcgg\u0151leges osztobord\u00e1s\"><img loading=\"lazy\" decoding=\"async\" class=\" size-full wp-image-514\" alt=\"Osztobord\u00e1s panel\" class=\"kat_lec\" src=\"https:\/\/www.ablakkarter.hu\/wp-content\/uploads\/2012\/09\/F1_OSZTOBORDAS_k.jpg\" style=\"width: 94px; height: 200px;\" title=\"\" width=\"94\" height=\"200\" \/><\/a><a class=\"lightbox-processed\" href=\"https:\/\/www.ablakkarter.hu\/wp-content\/uploads\/2012\/09\/VARIO5.jpg\" rel=\"lightbox[Standard]\" title=\"5 vari\u00e1lt\"> <img loading=\"lazy\" decoding=\"async\" class=\" size-full wp-image-516\" alt=\"Osztobord\u00e1s panel\" class=\"kat_lec\" src=\"https:\/\/www.ablakkarter.hu\/wp-content\/uploads\/2012\/09\/VARIO5_k.jpg\" style=\"width: 94px; height: 200px;\" title=\"\" width=\"94\" height=\"200\" \/> <\/a><a class=\"lightbox-processed\" href=\"https:\/\/www.ablakkarter.hu\/wp-content\/uploads\/2012\/09\/1F_2V.jpg\" rel=\"lightbox[Standard]\" title=\"1 f\u00fcgg\u0151leges 2 v\u00edzszintes osztobord\u00e1s\"><img loading=\"lazy\" decoding=\"async\" class=\" size-full wp-image-518\" alt=\"Osztobord\u00e1s panel\" class=\"kat_lec\" src=\"https:\/\/www.ablakkarter.hu\/wp-content\/uploads\/2012\/09\/1F_2V_k.jpg\" style=\"width: 94px; height: 200px;\" title=\"\" width=\"94\" height=\"200\" \/><\/a><a class=\"lightbox-processed\" href=\"https:\/\/www.ablakkarter.hu\/wp-content\/uploads\/2012\/09\/F_V_OSZTOBORDAS.jpg\" rel=\"lightbox[Standard]\" title=\"2 f\u00fcgg\u0151leges 2 v\u00edzszintes osztobord\u00e1s\"> <img loading=\"lazy\" decoding=\"async\" class=\" size-full wp-image-520\" alt=\"Osztobord\u00e1s panel\" class=\"kat_lec\" src=\"https:\/\/www.ablakkarter.hu\/wp-content\/uploads\/2012\/09\/F_V_OSZTOBORDAS_k.jpg\" style=\"width: 94px; height: 200px;\" title=\"\" width=\"94\" height=\"200\" \/><\/a><\/p>\n<p style=\"text-align: center;\"><strong><span style=\"font-size:14px;\"><span style=\"font-family: verdana,geneva,sans-serif;\">A m\u0171anyag bej\u00e1rati ajt\u00f3k \u00e1r\u00e1t befoly\u00e1solja az oszt\u00f3bord\u00e1k sz\u00e1ma, a ny\u00edl\u00e1sz\u00e1r\u00f3 sz\u00edne, az \u00fcveg t\u00edpusa valamint az ajt\u00f3 bet\u00f6r\u00e9sbiztons\u00e1gi param\u00e9terei.<\/span><\/span><\/strong><\/p>\n<p style=\"text-align: center;\"><strong><span style=\"font-size:14px;\"><span style=\"font-family: verdana,geneva,sans-serif;\">M\u0171anyag bej\u00e1rati ajt\u00f3 Baja<\/span><\/span><\/strong> &#8211; <strong><span style=\"font-size:14px;\"><span style=\"font-family: verdana,geneva,sans-serif;\">M\u0171anyag bej\u00e1rati ajt\u00f3 Kalocsa &#8211; <strong><span style=\"font-size:14px;\"><span style=\"font-family: verdana,geneva,sans-serif;\">M\u0171anyag bej\u00e1rati ajt\u00f3 Szeksz\u00e1rd<\/span><\/span><\/strong><\/span><\/span><\/strong><\/p>\n<p style=\"text-align: center;\">&nbsp;<\/p>\n","protected":false},"author":1,"featured_media":1118,"parent":0,"menu_order":0,"comment_status":"closed","ping_status":"closed","template":"","meta":{"footnotes":""},"class_list":["post-521","page","type-page","status-publish","has-post-thumbnail","hentry"],"_links":{"self":[{"href":"https:\/\/www.ablakkarter.hu\/index.php?rest_route=\/wp\/v2\/pages\/521","targetHints":{"allow":["GET"]}}],"collection":[{"href":"https:\/\/www.ablakkarter.hu\/index.php?rest_route=\/wp\/v2\/pages"}],"about":[{"href":"https:\/\/www.ablakkarter.hu\/index.php?rest_route=\/wp\/v2\/types\/page"}],"author":[{"embeddable":true,"href":"https:\/\/www.ablakkarter.hu\/index.php?rest_route=\/wp\/v2\/users\/1"}],"replies":[{"embeddable":true,"href":"https:\/\/www.ablakkarter.hu\/index.php?rest_route=%2Fwp%2Fv2%2Fcomments&post=521"}],"version-history":[{"count":6,"href":"https:\/\/www.ablakkarter.hu\/index.php?rest_route=\/wp\/v2\/pages\/521\/revisions"}],"predecessor-version":[{"id":1643,"href":"https:\/\/www.ablakkarter.hu\/index.php?rest_route=\/wp\/v2\/pages\/521\/revisions\/1643"}],"wp:featuredmedia":[{"embeddable":true,"href":"https:\/\/www.ablakkarter.hu\/index.php?rest_route=\/wp\/v2\/media\/1118"}],"wp:attachment":[{"href":"https:\/\/www.ablakkarter.hu\/index.php?rest_route=%2Fwp%2Fv2%2Fmedia&parent=521"}],"curies":[{"name":"wp","href":"https:\/\/api.w.org\/{rel}","templated":true}]}}