{"id":455,"date":"2012-09-25T08:45:43","date_gmt":"2012-09-25T08:45:43","guid":{"rendered":"https:\/\/www.ablakkarter.hu\/fustgatlo-ajto\/"},"modified":"2021-12-08T15:34:28","modified_gmt":"2021-12-08T15:34:28","slug":"fustgatlo-ajto","status":"publish","type":"page","link":"https:\/\/www.ablakkarter.hu\/?page_id=455","title":{"rendered":"F\u00fcstg\u00e1tl\u00f3 ajt\u00f3"},"content":{"rendered":"<p><span style=\"font-size: 16px;\">Az ut\u00f3bbi \u00e9vek tapasztalatai igazolj\u00e1k, hogy t\u0171z eset\u00e9n a legnagyobb vesz\u00e9lyt nem a h\u0151k\u00e9pz\u0151d\u00e9s, hanem a k\u00f6zben keletkez\u0151 toxikus g\u00e1zok okozz\u00e1k.<\/span><\/p>\n<p><span style=\"font-size: 16px;\">A Karter Ablak Kft f\u00fcstg\u00e1tl\u00f3 ajt\u00f3i k\u00e9pesek \u00e9p\u00fcletek bels\u0151 tereiben a f\u00fcst tov\u00e1bbterjed\u00e9s\u00e9t megakad\u00e1lyozni.<\/span><\/p>\n<p><span style=\"font-size: 16px;\">A f\u00fcstg\u00e1tl\u00f3 ajt\u00f3kn\u00e1l fontos k\u00f6vetelm\u00e9ny a n\u00e9gyoldali t\u00f6m\u00edt\u00e9s, melyet a falcban fut\u00f3 gumit\u00f6m\u00edt\u00e9ssel \u00e9s az ajt\u00f3lap alj\u00e1ba szerelt k\u00fcsz\u00f6bbel biztos\u00edtanak.<\/span><\/p>\n<h2 class=\"art-postheader\"><a href=\"\/rontgen-ajto\"><span style=\"color: #ffd700;\"><strong><span style=\"font-size: 14px;\">Tov\u00e1bb a r\u00f6ntgen ajt\u00f3 oldalra<\/span><\/strong><\/span><\/a><\/h2>\n","protected":false},"excerpt":{"rendered":"<p><span style=\"font-size:16px;\">Az ut\u00f3bbi \u00e9vek tapasztalatai igazolj\u00e1k, hogy t\u0171z eset\u00e9n a legnagyobb vesz\u00e9lyt nem a h\u0151k\u00e9pz\u0151d\u00e9s, hanem a k\u00f6zben keletkez\u0151 toxikus g\u00e1zok okozz\u00e1k.<\/span><\/p>\n<p><span style=\"font-size:16px;\">A Karter Ablak Kft f\u00fcstg\u00e1tl\u00f3 ajt\u00f3i k\u00e9pesek \u00e9p\u00fcletek bels\u0151 tereiben a f\u00fcst tov\u00e1bbterjed\u00e9s\u00e9t megakad\u00e1lyozni.<\/span><\/p>\n<p><span style=\"font-size:16px;\">A f\u00fcstg\u00e1tl\u00f3 ajt\u00f3kn\u00e1l fontos k\u00f6vetelm\u00e9ny a n\u00e9gyoldali t\u00f6m\u00edt\u00e9s, melyet a falcban fut\u00f3 gumit\u00f6m\u00edt\u00e9ssel \u00e9s az ajt\u00f3lap alj\u00e1ba szerelt k\u00fcsz\u00f6bbel biztos\u00edtanak.<\/span><\/p>\n<h2 class=\"art-postheader\"><a href=\"\/rontgen-ajto\"><span style=\"color:#ffd700;\"><strong><span style=\"font-size: 14px;\">Tov\u00e1bb a r\u00f6ntgen ajt\u00f3 oldalra<\/span><\/strong><\/span><\/a><\/h2>\n","protected":false},"author":1,"featured_media":1118,"parent":0,"menu_order":0,"comment_status":"closed","ping_status":"closed","template":"","meta":{"footnotes":""},"class_list":["post-455","page","type-page","status-publish","has-post-thumbnail","hentry"],"_links":{"self":[{"href":"https:\/\/www.ablakkarter.hu\/index.php?rest_route=\/wp\/v2\/pages\/455","targetHints":{"allow":["GET"]}}],"collection":[{"href":"https:\/\/www.ablakkarter.hu\/index.php?rest_route=\/wp\/v2\/pages"}],"about":[{"href":"https:\/\/www.ablakkarter.hu\/index.php?rest_route=\/wp\/v2\/types\/page"}],"author":[{"embeddable":true,"href":"https:\/\/www.ablakkarter.hu\/index.php?rest_route=\/wp\/v2\/users\/1"}],"replies":[{"embeddable":true,"href":"https:\/\/www.ablakkarter.hu\/index.php?rest_route=%2Fwp%2Fv2%2Fcomments&post=455"}],"version-history":[{"count":1,"href":"https:\/\/www.ablakkarter.hu\/index.php?rest_route=\/wp\/v2\/pages\/455\/revisions"}],"predecessor-version":[{"id":1148,"href":"https:\/\/www.ablakkarter.hu\/index.php?rest_route=\/wp\/v2\/pages\/455\/revisions\/1148"}],"wp:featuredmedia":[{"embeddable":true,"href":"https:\/\/www.ablakkarter.hu\/index.php?rest_route=\/wp\/v2\/media\/1118"}],"wp:attachment":[{"href":"https:\/\/www.ablakkarter.hu\/index.php?rest_route=%2Fwp%2Fv2%2Fmedia&parent=455"}],"curies":[{"name":"wp","href":"https:\/\/api.w.org\/{rel}","templated":true}]}}