{"id":452,"date":"2012-09-25T08:37:17","date_gmt":"2012-09-25T08:37:17","guid":{"rendered":"https:\/\/www.ablakkarter.hu\/tuzgatlo-ajto\/"},"modified":"2021-12-08T15:34:56","modified_gmt":"2021-12-08T15:34:56","slug":"tuzgatlo-ajto","status":"publish","type":"page","link":"https:\/\/www.ablakkarter.hu\/?page_id=452","title":{"rendered":"T\u0171zg\u00e1tl\u00f3 ajt\u00f3"},"content":{"rendered":"<table style=\"width: 720px;\" border=\"1\" cellspacing=\"1\" cellpadding=\"1\">\n<tbody>\n<tr>\n<td>\n<p><span style=\"font-size: 16px;\"><span style=\"font-family: verdana,geneva,sans-serif;\">A <strong>t\u0171zg\u00e1tl\u00f3 ajt\u00f3<\/strong> olyan speci\u00e1lis ny\u00edl\u00e1sz\u00e1r\u00f3, amely t\u0171z eset\u00e9n, csukott \u00e1llapotban a t\u0171z tov\u00e1bbterjed\u00e9s\u00e9t meghat\u00e1rozott ideig megakad\u00e1lyozza.<\/span><\/span><\/p>\n<p><strong><span style=\"font-size: 16px;\"><span style=\"font-family: verdana,geneva,sans-serif;\">T\u0171zg\u00e1tl\u00f3 ajt\u00f3 be\u00e9p\u00edt\u00e9se sz\u00fcks\u00e9ges minden olyan helyis\u00e9g t\u00e9relhat\u00e1rol\u00e1s\u00e1n\u00e1l, ahol a szakhat\u00f3s\u00e1g el\u0151\u00edrja a t\u0171zv\u00e9delmet.<\/span><\/span><\/strong><\/p>\n<p><span style=\"font-size: 16px;\"><span style=\"font-family: verdana,geneva,sans-serif;\"><strong>T30 perces<\/strong> t\u0171zg\u00e1tl\u00f3 ajt\u00f3: egy- \u00e9s k\u00e9tsz\u00e1rny\u00fa, tele vagy \u00fcvegezett kivitelben, ac\u00e9l vagy fatokkal<\/span><\/span><\/p>\n<p><span style=\"font-size: 16px;\"><span style=\"font-family: verdana,geneva,sans-serif;\"><strong>T60 perces<\/strong> t\u0171zg\u00e1tl\u00f3 ajt\u00f3: egysz\u00e1rny\u00fa, tele kivitel\u0171 ajt\u00f3 ac\u00e9l tokkal, ill. k\u00e9tsz\u00e1rny\u00fa tele vagy \u00fcvegezett kivitel\u0171 ajt\u00f3 ac\u00e9ltokkal.<\/span><\/span><\/p>\n<p style=\"font-family: 'Arial',Helvetica,sans-serif; font-size: 13px; color: #575757;\">\n<p><span style=\"font-size: 16px;\"><span style=\"font-family: verdana,geneva,sans-serif;\">Term\u00e9keink k\u00f6z\u00fcl kiemelten aj\u00e1nljuk Magyarorsz\u00e1gon egyed\u00fcl\u00e1ll\u00f3 t\u0171z \u00e9s f\u00fcstg\u00e1tl\u00f3 automata tol\u00f3ajt\u00f3 rendszereket illetve az automata leg\u00f6rd\u00fcl\u0151 f\u00fcgg\u00f6nyeinket t\u0171z \u00e9s f\u00fcstg\u00e1tl\u00e1si megold\u00e1sokra egyar\u00e1nt .<\/span><\/span><\/p>\n<p><span style=\"font-size: 16px;\"><span style=\"font-family: verdana,geneva,sans-serif;\">T\u0171zg\u00e1tl\u00f3 ajt\u00f3 v\u00e1s\u00e1rl\u00e1s Baja. T\u0171zg\u00e1tl\u00f3 ajt\u00f3 megold\u00e1sok Kalocsa. T\u0171zg\u00e1tl\u00f3 ajt\u00f3 beszerel\u00e9s Szeksz\u00e1rd<\/span><\/span>.<\/td>\n<td><\/td>\n<td>\n<p style=\"text-align: center;\"><img loading=\"lazy\" decoding=\"async\" class=\" size-full wp-image-451\" src=\"https:\/\/www.ablakkarter.hu\/wp-content\/uploads\/2012\/09\/Tuzgaltlo_ajto_k.jpg\" alt=\"T\u0171zg\u00e1tl\u00f3 ajt\u00f3\" width=\"352\" height=\"449\" srcset=\"https:\/\/www.ablakkarter.hu\/wp-content\/uploads\/2012\/09\/Tuzgaltlo_ajto_k.jpg 350w, https:\/\/www.ablakkarter.hu\/wp-content\/uploads\/2012\/09\/Tuzgaltlo_ajto_k-235x300.jpg 235w\" sizes=\"auto, (max-width: 352px) 100vw, 352px\" \/><\/p>\n<\/td>\n<\/tr>\n<\/tbody>\n<\/table>\n<p style=\"text-align: center;\">\n","protected":false},"excerpt":{"rendered":"<p>&nbsp;<\/p>\n<table border=\"1\" cellpadding=\"1\" cellspacing=\"1\" style=\"width: 720px;\">\n<tbody>\n<tr>\n<td>\n<p>&nbsp;<\/p>\n<p><span style=\"font-size:16px;\"><span style=\"font-family: verdana,geneva,sans-serif;\">A <strong>t\u0171zg\u00e1tl\u00f3 ajt\u00f3<\/strong> olyan speci\u00e1lis ny\u00edl\u00e1sz\u00e1r\u00f3, amely t\u0171z eset\u00e9n, csukott \u00e1llapotban a t\u0171z tov\u00e1bbterjed\u00e9s\u00e9t meghat\u00e1rozott ideig megakad\u00e1lyozza.<\/span><\/span><\/p>\n<p><strong><span style=\"font-size:16px;\"><span style=\"font-family: verdana,geneva,sans-serif;\">T\u0171zg\u00e1tl\u00f3 ajt\u00f3 be\u00e9p\u00edt\u00e9se sz\u00fcks\u00e9ges minden olyan helyis\u00e9g t\u00e9relhat\u00e1rol\u00e1s\u00e1n\u00e1l, ahol a szakhat\u00f3s\u00e1g el\u0151\u00edrja a t\u0171zv\u00e9delmet.<\/span><\/span><\/strong><\/p>\n<p><span style=\"font-size:16px;\"><span style=\"font-family: verdana,geneva,sans-serif;\"><strong>T30 perces<\/strong> t\u0171zg\u00e1tl\u00f3 ajt\u00f3: egy- \u00e9s k\u00e9tsz\u00e1rny\u00fa, tele vagy \u00fcvegezett kivitelben, ac\u00e9l vagy fatokkal<\/span><\/span><\/p>\n<p><span style=\"font-size:16px;\"><span style=\"font-family: verdana,geneva,sans-serif;\"><strong>T60 perces<\/strong> t\u0171zg\u00e1tl\u00f3 ajt\u00f3: egysz\u00e1rny\u00fa, tele kivitel\u0171 ajt\u00f3 ac\u00e9l tokkal, ill. k\u00e9tsz\u00e1rny\u00fa tele vagy \u00fcvegezett kivitel\u0171 ajt\u00f3 ac\u00e9ltokkal.<\/span><\/span><\/p>\n<p style=\"font-family:&quot;Arial&quot;,Helvetica,sans-serif;font-size:13px;color:#575757;\">&nbsp;<\/p>\n<p><span style=\"font-size:16px;\"><span style=\"font-family: verdana,geneva,sans-serif;\">Term\u00e9keink k\u00f6z\u00fcl kiemelten aj\u00e1nljuk Magyarorsz\u00e1gon egyed\u00fcl\u00e1ll\u00f3 t\u0171z \u00e9s f\u00fcstg\u00e1tl\u00f3 automata tol\u00f3ajt\u00f3 rendszereket illetve az automata leg\u00f6rd\u00fcl\u0151 f\u00fcgg\u00f6nyeinket t\u0171z \u00e9s f\u00fcstg\u00e1tl\u00e1si megold\u00e1sokra egyar\u00e1nt .<\/span><\/span><\/p>\n<p>&nbsp;<\/p>\n<p><span style=\"font-size:16px;\"><span style=\"font-family: verdana,geneva,sans-serif;\">T\u0171zg\u00e1tl\u00f3 ajt\u00f3 v\u00e1s\u00e1rl\u00e1s Baja. T\u0171zg\u00e1tl\u00f3 ajt\u00f3 megold\u00e1sok Kalocsa. T\u0171zg\u00e1tl\u00f3 ajt\u00f3 beszerel\u00e9s Szeksz\u00e1rd<\/span><\/span>.<\/p>\n<p>&nbsp;<\/p>\n<\/td>\n<td>&nbsp;&nbsp;&nbsp;<\/td>\n<td>\n<p style=\"text-align: center;\"><img loading=\"lazy\" decoding=\"async\" class=\" size-full wp-image-451\" alt=\"T\u0171zg\u00e1tl\u00f3 ajt\u00f3\" class=\"kat_lec\" height=\"449\" src=\"https:\/\/www.ablakkarter.hu\/wp-content\/uploads\/2012\/09\/Tuzgaltlo_ajto_k.jpg\" width=\"352\" srcset=\"https:\/\/www.ablakkarter.hu\/wp-content\/uploads\/2012\/09\/Tuzgaltlo_ajto_k.jpg 350w, https:\/\/www.ablakkarter.hu\/wp-content\/uploads\/2012\/09\/Tuzgaltlo_ajto_k-235x300.jpg 235w\" sizes=\"auto, (max-width: 352px) 100vw, 352px\" \/><\/p>\n<\/td>\n<\/tr>\n<\/tbody>\n<\/table>\n<p>&nbsp;<\/p>\n<p style=\"text-align: center;\">&nbsp;<\/p>\n","protected":false},"author":1,"featured_media":1118,"parent":0,"menu_order":0,"comment_status":"closed","ping_status":"closed","template":"","meta":{"footnotes":""},"class_list":["post-452","page","type-page","status-publish","has-post-thumbnail","hentry"],"_links":{"self":[{"href":"https:\/\/www.ablakkarter.hu\/index.php?rest_route=\/wp\/v2\/pages\/452","targetHints":{"allow":["GET"]}}],"collection":[{"href":"https:\/\/www.ablakkarter.hu\/index.php?rest_route=\/wp\/v2\/pages"}],"about":[{"href":"https:\/\/www.ablakkarter.hu\/index.php?rest_route=\/wp\/v2\/types\/page"}],"author":[{"embeddable":true,"href":"https:\/\/www.ablakkarter.hu\/index.php?rest_route=\/wp\/v2\/users\/1"}],"replies":[{"embeddable":true,"href":"https:\/\/www.ablakkarter.hu\/index.php?rest_route=%2Fwp%2Fv2%2Fcomments&post=452"}],"version-history":[{"count":1,"href":"https:\/\/www.ablakkarter.hu\/index.php?rest_route=\/wp\/v2\/pages\/452\/revisions"}],"predecessor-version":[{"id":1149,"href":"https:\/\/www.ablakkarter.hu\/index.php?rest_route=\/wp\/v2\/pages\/452\/revisions\/1149"}],"wp:featuredmedia":[{"embeddable":true,"href":"https:\/\/www.ablakkarter.hu\/index.php?rest_route=\/wp\/v2\/media\/1118"}],"wp:attachment":[{"href":"https:\/\/www.ablakkarter.hu\/index.php?rest_route=%2Fwp%2Fv2%2Fmedia&parent=452"}],"curies":[{"name":"wp","href":"https:\/\/api.w.org\/{rel}","templated":true}]}}