{"id":450,"date":"2012-09-25T06:59:42","date_gmt":"2012-09-25T06:59:42","guid":{"rendered":"https:\/\/www.ablakkarter.hu\/hangszigetelo-uveg\/"},"modified":"2021-12-13T15:24:37","modified_gmt":"2021-12-13T15:24:37","slug":"hangszigetelo-uveg","status":"publish","type":"page","link":"https:\/\/www.ablakkarter.hu\/?page_id=450","title":{"rendered":"Hangszigetel\u0151 \u00fcveg"},"content":{"rendered":"<p style=\"text-align: center;\"><span style=\"font-size: 14px;\"><span style=\"font-family: verdana,geneva,sans-serif;\"><strong>A korszer\u0171 m\u0171anyag ablakok l\u00e9ghangg\u00e1tl\u00e1sa, hangszigetel\u00e9se k\u00e9tr\u00e9teg\u0171 \u00fcvegez\u00e9s eset\u00e9n 36dB.\u00a0 \u00a0 \u00a0 \u00a0 \u00a0\u00a0 Az \u00fcvegek hangszigetel\u00e9se fokozhat\u00f3 elt\u00e9r\u0151 \u00fcvegvastags\u00e1gok alkalmaz\u00e1s\u00e1val, l\u00e9gr\u00e9s n\u00f6vel\u00e9s\u00e9vel, neh\u00e9z g\u00e1z t\u00f6lt\u00e9ssel,\u00a0 speci\u00e1lis akusztikus f\u00f3li\u00e1val.<\/strong> <\/span><\/span><\/p>\n<p style=\"text-align: center;\"><span style=\"font-size: 14px;\"><img loading=\"lazy\" decoding=\"async\" class=\" size-full wp-image-447\" style=\"width: 627px; height: 237px;\" src=\"https:\/\/www.ablakkarter.hu\/wp-content\/uploads\/2012\/09\/hangszigetelo_ablakuvegek.jpg\" alt=\"Hangszigetel\u0151 ablak\u00fcvegek\" width=\"627\" height=\"237\" srcset=\"https:\/\/www.ablakkarter.hu\/wp-content\/uploads\/2012\/09\/hangszigetelo_ablakuvegek.jpg 627w, https:\/\/www.ablakkarter.hu\/wp-content\/uploads\/2012\/09\/hangszigetelo_ablakuvegek-600x227.jpg 600w, https:\/\/www.ablakkarter.hu\/wp-content\/uploads\/2012\/09\/hangszigetelo_ablakuvegek-300x113.jpg 300w\" sizes=\"auto, (max-width: 627px) 100vw, 627px\" \/><\/span><\/p>\n<p><strong><span style=\"font-size: 14px;\"><span style=\"font-family: verdana,geneva,sans-serif;\">Fontos t\u00e9nyez\u0151 az \u00fcveget befogad\u00f3 ablakkeret akusztikai min\u0151s\u00e9ge, valamint az ablakbe\u00e9p\u00edt\u00e9s szakszer\u0171 kivitelez\u00e9se.<\/span><\/span><\/strong><\/p>\n<p><strong><span style=\"font-size: 14px;\"><span style=\"font-family: verdana,geneva,sans-serif;\">Ha az ablakcsere csere c\u00e9lja a hangszigetel\u00e9s jav\u00edt\u00e1sa, akkor legal\u00e1bb 5dB javul\u00e1st kell megc\u00e9lozni.<\/span><\/span><\/strong><\/p>\n<p style=\"text-align: center;\"><span style=\"font-size: 14px;\"><span style=\"font-family: verdana,geneva,sans-serif;\"><strong>10 dB hangszigetel\u00e9s javul\u00e1s k\u00f6vetkezt\u00e9ben a bels\u0151 terekben a zajszint a fel\u00e9re cs\u00f6kken!<\/strong><\/span><\/span><\/p>\n<p style=\"text-align: center;\"><span style=\"font-size: 14px;\"><img loading=\"lazy\" decoding=\"async\" class=\" size-full wp-image-448\" src=\"https:\/\/www.ablakkarter.hu\/wp-content\/uploads\/2012\/09\/hangszigetelt_uveg_ablak.jpg\" alt=\"\" width=\"383\" height=\"247\" \/> <img loading=\"lazy\" decoding=\"async\" class=\" size-full wp-image-449\" src=\"https:\/\/www.ablakkarter.hu\/wp-content\/uploads\/2012\/09\/Hangszigetelt_uveg.png\" alt=\"Hangszigetelt \u00fcveg\" width=\"346\" height=\"246\" \/><\/span><\/p>\n<p style=\"text-align: center;\"><span style=\"font-size: 14px;\"><strong><span style=\"font-family: verdana,geneva,sans-serif;\">A Karter Ablak Kft korszer\u0171 ny\u00edl\u00e1sz\u00e1r\u00f3inak be\u00e9p\u00edt\u00e9s\u00e9vel a zaj\u00e1rtalom m\u00e1r az alapkiviteln\u00e9l is jelent\u0151sen cs\u00f6kken!<\/span><\/strong><\/span><\/p>\n<p style=\"text-align: center;\"><span style=\"font-size: 14px;\"><strong><span style=\"font-family: verdana,geneva,sans-serif;\">A hangszigetelt \u00fcveg \u00e1rakr\u00f3l \u00e9rdekl\u0151dj\u00f6n el\u00e9rhet\u0151s\u00e9geinken!<\/span><\/strong><\/span><\/p>\n<p style=\"text-align: center;\">\n","protected":false},"excerpt":{"rendered":"<p style=\"text-align: center;\"><span style=\"font-size:14px;\"><span style=\"font-family: verdana,geneva,sans-serif;\"><strong>A korszer\u0171 m\u0171anyag ablakok l\u00e9ghangg\u00e1tl\u00e1sa, hangszigetel\u00e9se k\u00e9tr\u00e9teg\u0171 \u00fcvegez\u00e9s eset\u00e9n 36dB.&nbsp; &nbsp; &nbsp; &nbsp; &nbsp;&nbsp; Az \u00fcvegek hangszigetel\u00e9se fokozhat\u00f3 elt\u00e9r\u0151 \u00fcvegvastags\u00e1gok alkalmaz\u00e1s\u00e1val, l\u00e9gr\u00e9s n\u00f6vel\u00e9s\u00e9vel, neh\u00e9z g\u00e1z t\u00f6lt\u00e9ssel,&nbsp; speci\u00e1lis akusztikus f\u00f3li\u00e1val.<\/strong> <\/span><\/span><\/p>\n<p style=\"text-align: center;\"><span style=\"font-size:14px;\"><img loading=\"lazy\" decoding=\"async\" class=\" size-full wp-image-447\" alt=\"Hangszigetel\u0151 ablak\u00fcvegek\" src=\"https:\/\/www.ablakkarter.hu\/wp-content\/uploads\/2012\/09\/hangszigetelo_ablakuvegek.jpg\" style=\"width: 627px; height: 237px;\" width=\"627\" height=\"237\" srcset=\"https:\/\/www.ablakkarter.hu\/wp-content\/uploads\/2012\/09\/hangszigetelo_ablakuvegek.jpg 627w, https:\/\/www.ablakkarter.hu\/wp-content\/uploads\/2012\/09\/hangszigetelo_ablakuvegek-600x227.jpg 600w, https:\/\/www.ablakkarter.hu\/wp-content\/uploads\/2012\/09\/hangszigetelo_ablakuvegek-300x113.jpg 300w\" sizes=\"auto, (max-width: 627px) 100vw, 627px\" \/><\/span><\/p>\n<p><strong><span style=\"font-size:14px;\"><span style=\"font-family: verdana,geneva,sans-serif;\">Fontos t\u00e9nyez\u0151 az \u00fcveget befogad\u00f3 ablakkeret akusztikai min\u0151s\u00e9ge, valamint az ablakbe\u00e9p\u00edt\u00e9s szakszer\u0171 kivitelez\u00e9se.<\/span><\/span><\/strong><\/p>\n<p><strong><span style=\"font-size:14px;\"><span style=\"font-family: verdana,geneva,sans-serif;\">Ha az ablakcsere csere c\u00e9lja a hangszigetel\u00e9s jav\u00edt\u00e1sa, akkor legal\u00e1bb 5dB javul\u00e1st kell megc\u00e9lozni.<\/span><\/span><\/strong><\/p>\n<p style=\"text-align: center;\"><span style=\"font-size:14px;\"><span style=\"font-family: verdana,geneva,sans-serif;\"><strong>10 dB hangszigetel\u00e9s javul\u00e1s k\u00f6vetkezt\u00e9ben a bels\u0151 terekben a zajszint a fel\u00e9re cs\u00f6kken!<\/strong><\/span><\/span><\/p>\n<p style=\"text-align: center;\"><span style=\"font-size:14px;\"><img loading=\"lazy\" decoding=\"async\" class=\" size-full wp-image-448\" alt=\"\" height=\"247\" src=\"https:\/\/www.ablakkarter.hu\/wp-content\/uploads\/2012\/09\/hangszigetelt_uveg_ablak.jpg\" width=\"383\" \/> <img loading=\"lazy\" decoding=\"async\" class=\" size-full wp-image-449\" alt=\"Hangszigetelt \u00fcveg\" class=\"kat_lec\" height=\"246\" src=\"https:\/\/www.ablakkarter.hu\/wp-content\/uploads\/2012\/09\/Hangszigetelt_uveg.png\" width=\"346\" \/><\/span><\/p>\n<p style=\"text-align: center;\"><span style=\"font-size:14px;\"><strong><span style=\"font-family: verdana,geneva,sans-serif;\">A Karter Ablak Kft korszer\u0171 ny\u00edl\u00e1sz\u00e1r\u00f3inak be\u00e9p\u00edt\u00e9s\u00e9vel a zaj\u00e1rtalom m\u00e1r az alapkiviteln\u00e9l is jelent\u0151sen cs\u00f6kken!<\/span><\/strong><\/span><\/p>\n<p style=\"text-align: center;\"><span style=\"font-size:14px;\"><strong><span style=\"font-family: verdana,geneva,sans-serif;\">A hangszigetelt \u00fcveg \u00e1rakr\u00f3l \u00e9rdekl\u0151dj\u00f6n el\u00e9rhet\u0151s\u00e9geinken!<\/span><\/strong><\/span><\/p>\n","protected":false},"author":1,"featured_media":1118,"parent":0,"menu_order":0,"comment_status":"closed","ping_status":"closed","template":"","meta":{"footnotes":""},"class_list":["post-450","page","type-page","status-publish","has-post-thumbnail","hentry"],"_links":{"self":[{"href":"https:\/\/www.ablakkarter.hu\/index.php?rest_route=\/wp\/v2\/pages\/450","targetHints":{"allow":["GET"]}}],"collection":[{"href":"https:\/\/www.ablakkarter.hu\/index.php?rest_route=\/wp\/v2\/pages"}],"about":[{"href":"https:\/\/www.ablakkarter.hu\/index.php?rest_route=\/wp\/v2\/types\/page"}],"author":[{"embeddable":true,"href":"https:\/\/www.ablakkarter.hu\/index.php?rest_route=\/wp\/v2\/users\/1"}],"replies":[{"embeddable":true,"href":"https:\/\/www.ablakkarter.hu\/index.php?rest_route=%2Fwp%2Fv2%2Fcomments&post=450"}],"version-history":[{"count":1,"href":"https:\/\/www.ablakkarter.hu\/index.php?rest_route=\/wp\/v2\/pages\/450\/revisions"}],"predecessor-version":[{"id":1184,"href":"https:\/\/www.ablakkarter.hu\/index.php?rest_route=\/wp\/v2\/pages\/450\/revisions\/1184"}],"wp:featuredmedia":[{"embeddable":true,"href":"https:\/\/www.ablakkarter.hu\/index.php?rest_route=\/wp\/v2\/media\/1118"}],"wp:attachment":[{"href":"https:\/\/www.ablakkarter.hu\/index.php?rest_route=%2Fwp%2Fv2%2Fmedia&parent=450"}],"curies":[{"name":"wp","href":"https:\/\/api.w.org\/{rel}","templated":true}]}}