{"id":405,"date":"2012-09-18T09:01:11","date_gmt":"2012-09-18T09:01:11","guid":{"rendered":"https:\/\/www.ablakkarter.hu\/savmaratott-uveg\/"},"modified":"2021-12-13T15:21:37","modified_gmt":"2021-12-13T15:21:37","slug":"savmaratott-uveg","status":"publish","type":"page","link":"https:\/\/www.ablakkarter.hu\/?page_id=405","title":{"rendered":"Savmaratott \u00fcveg"},"content":{"rendered":"<p><strong><span style=\"font-size: 14px;\"><span style=\"font-family: verdana,geneva,sans-serif;\">A savmaratott \u00fcvegek eleg\u00e1ns mint\u00e1zata fluorsav felhord\u00e1s\u00e1val k\u00e9sz\u00fcl.\u00a0A savmart \u00fcvegek tiszt\u00edt\u00e1sa l\u00e9nyegesen egyszer\u0171bb, tapint\u00e1suk l\u00e1gyabb, \u00e9s az ujjlenyomat sem marad meg az \u00fcvegen.<\/span><\/span><\/strong><\/p>\n<table border=\"1\" cellspacing=\"1\" cellpadding=\"1\" align=\"center\">\n<tbody>\n<tr>\n<td style=\"text-align: center; background-color: #3300ff;\" colspan=\"5\"><span style=\"font-size: 16px;\"><strong>Savmarott \u00fcvegek<\/strong><\/span><\/td>\n<\/tr>\n<tr>\n<td style=\"text-align: center; background-color: #cc0000;\"><span style=\"font-size: 16px;\"><strong>Basak \u00fcveg<\/strong><\/span><\/td>\n<td style=\"text-align: center; background-color: #cc0000;\"><span style=\"font-size: 16px;\"><strong>Buket \u00fcveg<\/strong><\/span><\/td>\n<td style=\"text-align: center; background-color: #cc0000;\"><span style=\"font-size: 16px;\"><strong>Diamant \u00fcveg <\/strong><\/span><\/td>\n<td style=\"text-align: center; background-color: #cc0000;\"><span style=\"font-size: 16px;\"><strong>Diamant \u00fcveg k\u00e9k<\/strong><\/span><\/td>\n<td style=\"text-align: center; background-color: #cc0000;\"><span style=\"font-size: 16px;\"><strong>Diamant \u00fcveg z\u00f6ld<\/strong><\/span><\/td>\n<\/tr>\n<tr>\n<td style=\"text-align: center;\"><a title=\"Basak\" href=\"https:\/\/www.ablakkarter.hu\/wp-content\/uploads\/2012\/09\/basak.jpg\" rel=\"lightbox[Standard]\"><img loading=\"lazy\" decoding=\"async\" class=\" size-full wp-image-387\" style=\"width: 120px; height: 110px;\" src=\"https:\/\/www.ablakkarter.hu\/wp-content\/uploads\/2012\/09\/basak_k.jpg\" alt=\"Savmarott\" width=\"120\" height=\"110\" \/><\/a><\/td>\n<td style=\"text-align: center;\"><a title=\"Bukett\" href=\"https:\/\/www.ablakkarter.hu\/wp-content\/uploads\/2012\/09\/Bukett.jpg\" rel=\"lightbox[Standard]\"><img loading=\"lazy\" decoding=\"async\" class=\" size-full wp-image-390\" style=\"width: 120px; height: 110px;\" src=\"https:\/\/www.ablakkarter.hu\/wp-content\/uploads\/2012\/09\/Bukett_k.jpg\" alt=\"Savmarott\" width=\"120\" height=\"110\" \/><\/a><\/td>\n<td style=\"text-align: center;\"><a title=\"Diamant feh\u00e9r\" href=\"https:\/\/www.ablakkarter.hu\/wp-content\/uploads\/2012\/09\/Diamant_feher.jpg\" rel=\"lightbox[Standard]\"><img loading=\"lazy\" decoding=\"async\" class=\" size-full wp-image-392\" style=\"width: 120px; height: 110px;\" src=\"https:\/\/www.ablakkarter.hu\/wp-content\/uploads\/2012\/09\/Diamant_feher_k.jpg\" alt=\"Savmarott\" width=\"120\" height=\"110\" \/><\/a><\/td>\n<td style=\"text-align: center;\"><a title=\"Diamant k\u00e9k\" href=\"https:\/\/www.ablakkarter.hu\/wp-content\/uploads\/2012\/09\/Diamant_kek.jpg\" rel=\"lightbox[Standard]\"><img loading=\"lazy\" decoding=\"async\" class=\" size-full wp-image-394\" style=\"width: 120px; height: 110px;\" src=\"https:\/\/www.ablakkarter.hu\/wp-content\/uploads\/2012\/09\/Diamant_kek_k.jpg\" alt=\"Savmarott\" width=\"120\" height=\"110\" \/><\/a><\/td>\n<td style=\"text-align: center;\"><a title=\"diamant z\u00f6ld\" href=\"https:\/\/www.ablakkarter.hu\/wp-content\/uploads\/2012\/09\/diamante_zold.jpg\" rel=\"lightbox[Standard]\"><img loading=\"lazy\" decoding=\"async\" class=\" size-full wp-image-129\" style=\"width: 120px; height: 110px;\" src=\"https:\/\/www.ablakkarter.hu\/wp-content\/uploads\/2012\/07\/diamante_zold_k.jpg\" alt=\"Savmarott\" width=\"120\" height=\"110\" \/><\/a><\/td>\n<\/tr>\n<tr>\n<td style=\"text-align: center; background-color: #cc0000;\"><span style=\"font-size: 16px;\"><strong>Kurqaz \u00fcveg<\/strong><\/span><\/td>\n<td style=\"text-align: center; background-color: #cc0000;\"><span style=\"font-size: 16px;\"><strong>Nautilus \u00fcveg <\/strong><\/span><\/td>\n<td style=\"text-align: center; background-color: #cc0000;\"><span style=\"font-size: 16px;\"><strong>Punto \u00fcveg k\u00e9k<\/strong><\/span><\/td>\n<td style=\"text-align: center; background-color: #cc0000;\"><span style=\"font-size: 16px;\"><strong>Santuk \u00fcveg<\/strong><\/span><\/td>\n<td style=\"text-align: center; background-color: #cc0000;\"><span style=\"font-size: 16px;\"><strong>Uadi \u00fcveg<\/strong><\/span><\/td>\n<\/tr>\n<tr>\n<td style=\"text-align: center;\"><a title=\"Kurqaz\" href=\"https:\/\/www.ablakkarter.hu\/wp-content\/uploads\/2012\/09\/Kurqaz.jpg\" rel=\"lightbox[Standard]\"><img loading=\"lazy\" decoding=\"async\" class=\" size-full wp-image-397\" style=\"width: 120px; height: 110px;\" src=\"https:\/\/www.ablakkarter.hu\/wp-content\/uploads\/2012\/09\/Kurqaz_k.jpg\" alt=\"Savmarott\" width=\"120\" height=\"110\" \/><\/a><\/td>\n<td style=\"text-align: center;\"><a title=\"nautilus k\u00e9k\" href=\"https:\/\/www.ablakkarter.hu\/wp-content\/uploads\/2012\/09\/nautilus_kek.jpg\" rel=\"lightbox[Standard]\"><img loading=\"lazy\" decoding=\"async\" class=\" size-full wp-image-399\" style=\"width: 120px; height: 110px;\" src=\"https:\/\/www.ablakkarter.hu\/wp-content\/uploads\/2012\/09\/nautilus_kek_k.jpg\" alt=\"Savmarott\" width=\"120\" height=\"110\" \/><\/a><\/td>\n<td style=\"text-align: center;\"><a title=\"Punto\" href=\"https:\/\/www.ablakkarter.hu\/wp-content\/uploads\/2012\/09\/punto.jpg\" rel=\"lightbox[Standard]\"><img loading=\"lazy\" decoding=\"async\" class=\" size-full wp-image-401\" style=\"width: 120px; height: 110px;\" src=\"https:\/\/www.ablakkarter.hu\/wp-content\/uploads\/2012\/09\/punto_k.jpg\" alt=\"Savmarott\" width=\"120\" height=\"110\" \/><\/a><\/td>\n<td style=\"text-align: center;\"><a title=\"Santuk\" href=\"https:\/\/www.ablakkarter.hu\/wp-content\/uploads\/2012\/09\/santuk.jpg\" rel=\"lightbox[Standard]\"><img loading=\"lazy\" decoding=\"async\" class=\" size-full wp-image-403\" style=\"width: 120px; height: 110px;\" src=\"https:\/\/www.ablakkarter.hu\/wp-content\/uploads\/2012\/09\/santuk_k.jpg\" alt=\"Savmarott\" width=\"120\" height=\"110\" \/><\/a><\/td>\n<td style=\"text-align: center;\"><a title=\"Uadi feh\u00e9r\" href=\"\/sites\/default\/files\/uadi feher.jpg\" rel=\"lightbox[Standard]\"><img loading=\"lazy\" decoding=\"async\" class=\" size-full wp-image-404\" style=\"width: 120px; height: 110px;\" src=\"https:\/\/www.ablakkarter.hu\/wp-content\/uploads\/2012\/09\/uadi_feher_k.jpg\" alt=\"Savmarott\" width=\"120\" height=\"110\" \/><\/a><\/td>\n<\/tr>\n<\/tbody>\n<\/table>\n<p style=\"text-align: center;\">\n<p style=\"text-align: center;\"><span style=\"font-size: 14px;\"><span style=\"font-family: verdana,geneva,sans-serif;\"><strong><span class=\"ff1 cf0 fs18\">Savmaratott \u00fcveg \u00e1rak:<\/span><\/strong><\/span><\/span><\/p>\n<p style=\"text-align: center;\"><span style=\"font-size: 14px;\"><span style=\"font-family: verdana,geneva,sans-serif;\"><strong><span class=\"ff1 cf0 fs18\">T\u00f6r\u00f6k savmaratott <\/span><span class=\"ff0 cf0 fs18\">\u00fcveg \u00e1r: <\/span><br \/>\n<span class=\"ff0 cf0 fs18\">\u00a0\u00a0 4mm 29<\/span><span class=\"ff1 cf0 fs18\">.<\/span><span class=\"ff0 cf0 fs18\">400<\/span><span class=\"ff1 cf0 fs18\">.-<wbr \/> Ft<\/span> <span class=\"ff1 cf0 fs18\">\/<\/span> <span class=\"ff1 cf0 fs18\">m2 -t\u0151l<\/span><\/strong><\/span><\/span><\/p>\n<p style=\"text-align: center;\"><span style=\"font-size: 14px;\"><span style=\"font-family: verdana,geneva,sans-serif;\"><strong><span class=\"ff1 cf0 fs18\">Olasz <\/span><span class=\"ff0 cf0 fs18\">savmaratott <\/span><span class=\"ff1 cf0 fs18\">katedr\u00e1l \u00fcveg \u00e1r:<\/span><br \/>\n<span class=\"ff0 cf0 fs18\">\u00a04mm \u00a0 36.<\/span><span class=\"ff0 cf0 fs18\">000<\/span><span class=\"ff1 cf0 fs18\">.-<wbr \/> Ft\/m2 &#8211;<wbr \/>t\u0151l<\/span><\/strong><\/span><\/span><\/p>\n<p style=\"text-align: center;\"><span style=\"font-size: 14px;\"><span style=\"font-family: verdana,geneva,sans-serif;\"><strong><span class=\"ff1 cf0 fs18\">Bej\u00e1rati ajt\u00f3 d\u00edszpanelek savmart \u00fcvegez\u00e9s\u00e9nek fel\u00e1ra:<\/span><\/strong><\/span><\/span><\/p>\n<p style=\"text-align: center;\"><span style=\"font-size: 14px;\"><span style=\"font-family: verdana,geneva,sans-serif;\"><strong>Kis \u00fcveges bej\u00e1rati ajt\u00f3 d\u00edszpanel: 3.000,-Ft\/\u00fcveg<\/strong><\/span><\/span><\/p>\n<p style=\"text-align: center;\"><span style=\"font-size: 14px;\"><span style=\"font-family: verdana,geneva,sans-serif;\"><strong>Nagy \u00fcveges bej\u00e1rati ajt\u00f3 d\u00edszpanel: 8.400,-Ft\/\u00fcveg<\/strong><\/span><\/span><\/p>\n<p style=\"text-align: center;\">\n<p style=\"text-align: center;\"><span style=\"font-size: 14px;\"><span style=\"font-family: verdana,geneva,sans-serif;\"><strong>Az \u00fcveg \u00e1rak brutt\u00f3 \u00c1FA-s \u00e1rak!<\/strong><\/span><\/span><\/p>\n<p style=\"text-align: center;\"><strong><span style=\"font-size: 16px;\"><span style=\"font-family: verdana,geneva,sans-serif;\"><strong><span style=\"font-size: 14px;\"><span class=\"ff0 cf0 fs18\">\u00a0<\/span><span class=\"ff1 cf0 fs18\"><wbr \/><\/span>A savmaratott \u00fcveg \u00e1rak t\u00e1j\u00e9koztat\u00f3 jelleg\u0171 \u00e1rak!<\/span><\/strong><\/span><\/span><\/strong><\/p>\n<p style=\"text-align: center;\"><strong><span style=\"font-size: 16px;\"><span style=\"font-family: verdana,geneva,sans-serif;\"><strong><span style=\"font-size: 14px;\">Ablak \u00e9s \u00fcveges bej\u00e1rati ajt\u00f3 valamint \u00fcveges belt\u00e9ri ajt\u00f3 v\u00e1s\u00e1rl\u00e1s eset\u00e9n<\/span><\/strong><span style=\"font-size: 14px;\"> ig\u00e9nyeljen felm\u00e9r\u00e9st, vagy k\u00e9rjen \u00e1raj\u00e1nlatot.Ny\u00edl\u00e1sz\u00e1r\u00f3 bemutat\u00f3 termeinkben felk\u00e9sz\u00fclt koll\u00e9g\u00e1ink t\u00e1j\u00e9koztatj\u00e1k v\u00e1s\u00e1rl\u00f3inkat az \u00fcvegez\u00e9si lehet\u0151s\u00e9gekr\u0151l \u00e9s a felm\u00e9rt ny\u00edl\u00e1sz\u00e1r\u00f3k kiv\u00e1lasztott \u00fcvegez\u00e9s\u00e9re \u00e1raj\u00e1nlatot tesznek! <\/span><\/span><\/span><\/strong><\/p>\n<p style=\"text-align: center;\"><strong><span style=\"font-size: 16px;\"><span style=\"font-family: verdana,geneva,sans-serif;\"><span style=\"font-size: 14px;\">K\u00e9rd\u00e9se van a ny\u00edl\u00e1sz\u00e1r\u00f3k \u00fcvegez\u00e9s\u00e9vel kapcsolatban? \u00c9rdekl\u0151dj\u00f6n el\u00e9rhet\u0151s\u00e9geinken!<\/span><\/span><\/span><\/strong><\/p>\n<p style=\"text-align: center;\"><strong><span style=\"font-size: 14px;\"><span style=\"font-family: verdana,geneva,sans-serif;\">K\u00e9rjen ingyenes ny\u00edl\u00e1sz\u00e1r\u00f3 \u00e1raj\u00e1nlatot most!<\/span><\/span><\/strong><\/p>\n<p style=\"text-align: center;\"><strong><span style=\"font-size: 16px;\"><span style=\"font-family: verdana,geneva,sans-serif;\"><span style=\"font-size: 14px;\">Karter Ablak Kft. <\/span><\/span><\/span><\/strong><\/p>\n<p style=\"text-align: center;\"><strong><span style=\"font-size: 16px;\"><span style=\"font-family: verdana,geneva,sans-serif;\"><span style=\"font-size: 14px;\">Tel\/Fax:+36-79\/320-165<\/span><\/span><\/span><\/strong><\/p>\n<h2 class=\"art-postheader\"><a href=\"\/hoszigetelt-uveg\"><span style=\"color: #ffd700;\"><strong><span style=\"font-size: 14px;\">Tov\u00e1bb a h\u0151szigetelt \u00fcvegre<\/span><\/strong><\/span><\/a><\/h2>\n<h2 class=\"art-postheader\"><\/h2>\n","protected":false},"excerpt":{"rendered":"<p><strong><span style=\"font-size:14px;\"><span style=\"font-family: verdana,geneva,sans-serif;\">A savmaratott \u00fcvegek eleg\u00e1ns mint\u00e1zata fluorsav felhord\u00e1s\u00e1val k\u00e9sz\u00fcl.&nbsp;A savmart \u00fcvegek tiszt\u00edt\u00e1sa l\u00e9nyegesen egyszer\u0171bb, tapint\u00e1suk l\u00e1gyabb, \u00e9s az ujjlenyomat sem marad meg az \u00fcvegen.<\/span><\/span><\/strong><\/p>\n<table align=\"center\" border=\"1\" cellpadding=\"1\" cellspacing=\"1\">\n<tbody>\n<tr>\n<td colspan=\"5\" style=\"text-align: center; background-color: rgb(51, 0, 255);\"><span style=\"font-size:16px;\"><strong>Savmarott \u00fcvegek<\/strong><\/span><\/td>\n<\/tr>\n<tr>\n<td style=\"text-align: center; background-color: rgb(204, 0, 0);\"><span style=\"font-size:16px;\"><strong>Basak \u00fcveg<\/strong><\/span><\/td>\n<td style=\"text-align: center; background-color: rgb(204, 0, 0);\"><span style=\"font-size:16px;\"><strong>Buket \u00fcveg<\/strong><\/span><\/td>\n<td style=\"text-align: center; background-color: rgb(204, 0, 0);\"><span style=\"font-size:16px;\"><strong>Diamant \u00fcveg <\/strong><\/span><\/td>\n<td style=\"text-align: center; background-color: rgb(204, 0, 0);\"><span style=\"font-size:16px;\"><strong>Diamant \u00fcveg k\u00e9k<\/strong><\/span><\/td>\n<td style=\"text-align: center; background-color: rgb(204, 0, 0);\"><span style=\"font-size:16px;\"><strong>Diamant \u00fcveg z\u00f6ld<\/strong><\/span><\/td>\n<\/tr>\n<tr>\n<td style=\"text-align: center;\"><a href=\"https:\/\/www.ablakkarter.hu\/wp-content\/uploads\/2012\/09\/basak.jpg\" rel=\"lightbox[Standard]\" title=\"Basak\"><img loading=\"lazy\" decoding=\"async\" class=\" size-full wp-image-387\" alt=\"Savmarott\" class=\"kat_lec\" src=\"https:\/\/www.ablakkarter.hu\/wp-content\/uploads\/2012\/09\/basak_k.jpg\" style=\"width: 120px; height: 110px;\" width=\"120\" height=\"110\" \/><\/a><\/td>\n<td style=\"text-align: center;\"><a href=\"https:\/\/www.ablakkarter.hu\/wp-content\/uploads\/2012\/09\/Bukett.jpg\" rel=\"lightbox[Standard]\" title=\"Bukett\"><img loading=\"lazy\" decoding=\"async\" class=\" size-full wp-image-390\" alt=\"Savmarott\" class=\"kat_lec\" src=\"https:\/\/www.ablakkarter.hu\/wp-content\/uploads\/2012\/09\/Bukett_k.jpg\" style=\"width: 120px; height: 110px;\" width=\"120\" height=\"110\" \/><\/a><\/td>\n<td style=\"text-align: center;\"><a href=\"https:\/\/www.ablakkarter.hu\/wp-content\/uploads\/2012\/09\/Diamant_feher.jpg\" rel=\"lightbox[Standard]\" title=\"Diamant feh\u00e9r\"><img loading=\"lazy\" decoding=\"async\" class=\" size-full wp-image-392\" alt=\"Savmarott\" class=\"kat_lec\" src=\"https:\/\/www.ablakkarter.hu\/wp-content\/uploads\/2012\/09\/Diamant_feher_k.jpg\" style=\"width: 120px; height: 110px;\" width=\"120\" height=\"110\" \/><\/a><\/td>\n<td style=\"text-align: center;\"><a href=\"https:\/\/www.ablakkarter.hu\/wp-content\/uploads\/2012\/09\/Diamant_kek.jpg\" rel=\"lightbox[Standard]\" title=\"Diamant k\u00e9k\"><img loading=\"lazy\" decoding=\"async\" class=\" size-full wp-image-394\" alt=\"Savmarott\" class=\"kat_lec\" src=\"https:\/\/www.ablakkarter.hu\/wp-content\/uploads\/2012\/09\/Diamant_kek_k.jpg\" style=\"width: 120px; height: 110px;\" width=\"120\" height=\"110\" \/><\/a><\/td>\n<td style=\"text-align: center;\"><a href=\"https:\/\/www.ablakkarter.hu\/wp-content\/uploads\/2012\/09\/diamante_zold.jpg\" rel=\"lightbox[Standard]\" title=\"diamant z\u00f6ld\"><img loading=\"lazy\" decoding=\"async\" class=\" size-full wp-image-129\" alt=\"Savmarott\" class=\"kat_lec\" src=\"https:\/\/www.ablakkarter.hu\/wp-content\/uploads\/2012\/07\/diamante_zold_k.jpg\" style=\"width: 120px; height: 110px;\" width=\"120\" height=\"110\" \/><\/a><\/td>\n<\/tr>\n<tr>\n<td style=\"text-align: center; background-color: rgb(204, 0, 0);\"><span style=\"font-size:16px;\"><strong>Kurqaz \u00fcveg<\/strong><\/span><\/td>\n<td style=\"text-align: center; background-color: rgb(204, 0, 0);\"><span style=\"font-size:16px;\"><strong>Nautilus \u00fcveg <\/strong><\/span><\/td>\n<td style=\"text-align: center; background-color: rgb(204, 0, 0);\"><span style=\"font-size:16px;\"><strong>Punto \u00fcveg k\u00e9k<\/strong><\/span><\/td>\n<td style=\"text-align: center; background-color: rgb(204, 0, 0);\"><span style=\"font-size:16px;\"><strong>Santuk \u00fcveg<\/strong><\/span><\/td>\n<td style=\"text-align: center; background-color: rgb(204, 0, 0);\"><span style=\"font-size:16px;\"><strong>Uadi \u00fcveg<\/strong><\/span><\/td>\n<\/tr>\n<tr>\n<td style=\"text-align: center;\"><a href=\"https:\/\/www.ablakkarter.hu\/wp-content\/uploads\/2012\/09\/Kurqaz.jpg\" rel=\"lightbox[Standard]\" title=\"Kurqaz\"><img loading=\"lazy\" decoding=\"async\" class=\" size-full wp-image-397\" alt=\"Savmarott\" class=\"kat_lec\" src=\"https:\/\/www.ablakkarter.hu\/wp-content\/uploads\/2012\/09\/Kurqaz_k.jpg\" style=\"width: 120px; height: 110px;\" width=\"120\" height=\"110\" \/><\/a><\/td>\n<td style=\"text-align: center;\"><a href=\"https:\/\/www.ablakkarter.hu\/wp-content\/uploads\/2012\/09\/nautilus_kek.jpg\" rel=\"lightbox[Standard]\" title=\"nautilus k\u00e9k\"><img loading=\"lazy\" decoding=\"async\" class=\" size-full wp-image-399\" alt=\"Savmarott\" class=\"kat_lec\" src=\"https:\/\/www.ablakkarter.hu\/wp-content\/uploads\/2012\/09\/nautilus_kek_k.jpg\" style=\"width: 120px; height: 110px;\" width=\"120\" height=\"110\" \/><\/a><\/td>\n<td style=\"text-align: center;\"><a href=\"https:\/\/www.ablakkarter.hu\/wp-content\/uploads\/2012\/09\/punto.jpg\" rel=\"lightbox[Standard]\" title=\"Punto\"><img loading=\"lazy\" decoding=\"async\" class=\" size-full wp-image-401\" alt=\"Savmarott\" class=\"kat_lec\" src=\"https:\/\/www.ablakkarter.hu\/wp-content\/uploads\/2012\/09\/punto_k.jpg\" style=\"width: 120px; height: 110px;\" width=\"120\" height=\"110\" \/><\/a><\/td>\n<td style=\"text-align: center;\"><a href=\"https:\/\/www.ablakkarter.hu\/wp-content\/uploads\/2012\/09\/santuk.jpg\" rel=\"lightbox[Standard]\" title=\"Santuk\"><img loading=\"lazy\" decoding=\"async\" class=\" size-full wp-image-403\" alt=\"Savmarott\" class=\"kat_lec\" src=\"https:\/\/www.ablakkarter.hu\/wp-content\/uploads\/2012\/09\/santuk_k.jpg\" style=\"width: 120px; height: 110px;\" width=\"120\" height=\"110\" \/><\/a><\/td>\n<td style=\"text-align: center;\"><a href=\"\/sites\/default\/files\/uadi feher.jpg\" rel=\"lightbox[Standard]\" title=\"Uadi feh\u00e9r\"><img loading=\"lazy\" decoding=\"async\" class=\" size-full wp-image-404\" alt=\"Savmarott\" class=\"kat_lec\" src=\"https:\/\/www.ablakkarter.hu\/wp-content\/uploads\/2012\/09\/uadi_feher_k.jpg\" style=\"width: 120px; height: 110px;\" width=\"120\" height=\"110\" \/><\/a><\/td>\n<\/tr>\n<\/tbody>\n<\/table>\n<p style=\"text-align: center;\">&nbsp;<\/p>\n<p style=\"text-align: center;\"><span style=\"font-size:14px;\"><span style=\"font-family: verdana,geneva,sans-serif;\"><strong><span class=\"ff1 cf0 fs18\">Savmaratott \u00fcveg \u00e1rak:<\/span><\/strong><\/span><\/span><\/p>\n<p style=\"text-align: center;\"><span style=\"font-size:14px;\"><span style=\"font-family: verdana,geneva,sans-serif;\"><strong><span class=\"ff1 cf0 fs18\">T\u00f6r\u00f6k savmaratott <\/span><span class=\"ff0 cf0 fs18\">\u00fcveg \u00e1r: <\/span><br \/><span class=\"ff0 cf0 fs18\">&nbsp;&nbsp; 4mm 29<\/span><span class=\"ff1 cf0 fs18\">.<\/span><span class=\"ff0 cf0 fs18\">400<\/span><span class=\"ff1 cf0 fs18\">.-<wbr \/> Ft<\/span><span class=\"ff0 cf0 fs18\"> <\/span><span class=\"ff1 cf0 fs18\">\/<\/span><span class=\"ff0 cf0 fs18\"> <\/span><span class=\"ff1 cf0 fs18\">m2 -t\u0151l<\/span><\/strong><\/span><\/span><\/p>\n<p style=\"text-align: center;\"><span style=\"font-size:14px;\"><span style=\"font-family: verdana,geneva,sans-serif;\"><strong><span class=\"ff1 cf0 fs18\">Olasz <\/span><span class=\"ff0 cf0 fs18\">savmaratott <\/span><span class=\"ff1 cf0 fs18\">katedr\u00e1l \u00fcveg \u00e1r:<\/span><br \/><span class=\"ff0 cf0 fs18\">&nbsp;4mm &nbsp; 36.<\/span><span class=\"ff0 cf0 fs18\">000<\/span><span class=\"ff1 cf0 fs18\">.-<wbr \/> Ft\/m2 &#8211;<wbr \/>t\u0151l<\/span><\/strong><\/span><\/span><\/p>\n<p style=\"text-align: center;\"><span style=\"font-size:14px;\"><span style=\"font-family: verdana,geneva,sans-serif;\"><strong><span class=\"ff1 cf0 fs18\">Bej\u00e1rati ajt\u00f3 d\u00edszpanelek savmart \u00fcvegez\u00e9s\u00e9nek fel\u00e1ra:<\/span><\/strong><\/span><\/span><\/p>\n<p style=\"text-align: center;\"><span style=\"font-size:14px;\"><span style=\"font-family: verdana,geneva,sans-serif;\"><strong>Kis \u00fcveges bej\u00e1rati ajt\u00f3 d\u00edszpanel: 3.000,-Ft\/\u00fcveg<\/strong><\/span><\/span><\/p>\n<p style=\"text-align: center;\"><span style=\"font-size:14px;\"><span style=\"font-family: verdana,geneva,sans-serif;\"><strong>Nagy \u00fcveges bej\u00e1rati ajt\u00f3 d\u00edszpanel: 8.400,-Ft\/\u00fcveg<\/strong><\/span><\/span><\/p>\n<p style=\"text-align: center;\">&nbsp;<\/p>\n<p style=\"text-align: center;\"><span style=\"font-size:14px;\"><span style=\"font-family: verdana,geneva,sans-serif;\"><strong>Az \u00fcveg \u00e1rak brutt\u00f3 \u00c1FA-s \u00e1rak!<\/strong><\/span><\/span><\/p>\n<p style=\"text-align: center;\"><strong><span style=\"font-size:16px;\"><span style=\"font-family: verdana,geneva,sans-serif;\"><strong><span style=\"font-size:14px;\"><span class=\"ff0 cf0 fs18\">&nbsp;<\/span><span class=\"ff1 cf0 fs18\"><wbr \/><\/span>A savmaratott \u00fcveg \u00e1rak t\u00e1j\u00e9koztat\u00f3 jelleg\u0171 \u00e1rak!<\/span><\/strong><\/span><\/span><\/strong><\/p>\n<p style=\"text-align: center;\"><strong><span style=\"font-size:16px;\"><span style=\"font-family: verdana,geneva,sans-serif;\"><strong><span style=\"font-size:14px;\">Ablak \u00e9s \u00fcveges bej\u00e1rati ajt\u00f3 valamint \u00fcveges belt\u00e9ri ajt\u00f3 v\u00e1s\u00e1rl\u00e1s eset\u00e9n<\/span><\/strong><span style=\"font-size:14px;\"> ig\u00e9nyeljen felm\u00e9r\u00e9st, vagy k\u00e9rjen \u00e1raj\u00e1nlatot.Ny\u00edl\u00e1sz\u00e1r\u00f3 bemutat\u00f3 termeinkben felk\u00e9sz\u00fclt koll\u00e9g\u00e1ink t\u00e1j\u00e9koztatj\u00e1k v\u00e1s\u00e1rl\u00f3inkat az \u00fcvegez\u00e9si lehet\u0151s\u00e9gekr\u0151l \u00e9s a felm\u00e9rt ny\u00edl\u00e1sz\u00e1r\u00f3k k\u00edv\u00e1lasztott \u00fcvegez\u00e9s\u00e9re \u00e1raj\u00e1nlatot tesznek! <\/span><\/span><\/span><\/strong><\/p>\n<p style=\"text-align: center;\"><strong><span style=\"font-size:16px;\"><span style=\"font-family: verdana,geneva,sans-serif;\"><span style=\"font-size:14px;\">K\u00e9rd\u00e9se van a ny\u00edl\u00e1sz\u00e1r\u00f3k \u00fcvegez\u00e9s\u00e9vel kapcsolatban? \u00c9rdekl\u0151dj\u00f6n el\u00e9rhet\u0151s\u00e9geinken!<\/span><\/span><\/span><\/strong><\/p>\n<p style=\"text-align: center;\"><strong><span style=\"font-size:14px;\"><span style=\"font-family: verdana,geneva,sans-serif;\">K\u00e9rjen ingyenes ny\u00edl\u00e1sz\u00e1r\u00f3 \u00e1raj\u00e1nlatot most!<\/span><\/span><\/strong><\/p>\n<p style=\"text-align: center;\"><strong><span style=\"font-size:16px;\"><span style=\"font-family: verdana,geneva,sans-serif;\"><span style=\"font-size:14px;\">Karter Ablak Kft. <\/span><\/span><\/span><\/strong><\/p>\n<p style=\"text-align: center;\"><strong><span style=\"font-size:16px;\"><span style=\"font-family: verdana,geneva,sans-serif;\"><span style=\"font-size:14px;\">Tel\/Fax:+36-79\/320-165<\/span><\/span><\/span><\/strong><\/p>\n<h2 class=\"art-postheader\"><a href=\"\/hoszigetelt-uveg\"><span style=\"color:#ffd700;\"><strong><span style=\"font-size: 14px;\">Tov\u00e1bb a h\u0151szigetelt \u00fcvegre<\/span><\/strong><\/span><\/a><\/h2>\n","protected":false},"author":1,"featured_media":1118,"parent":0,"menu_order":0,"comment_status":"closed","ping_status":"closed","template":"","meta":{"footnotes":""},"class_list":["post-405","page","type-page","status-publish","has-post-thumbnail","hentry"],"_links":{"self":[{"href":"https:\/\/www.ablakkarter.hu\/index.php?rest_route=\/wp\/v2\/pages\/405","targetHints":{"allow":["GET"]}}],"collection":[{"href":"https:\/\/www.ablakkarter.hu\/index.php?rest_route=\/wp\/v2\/pages"}],"about":[{"href":"https:\/\/www.ablakkarter.hu\/index.php?rest_route=\/wp\/v2\/types\/page"}],"author":[{"embeddable":true,"href":"https:\/\/www.ablakkarter.hu\/index.php?rest_route=\/wp\/v2\/users\/1"}],"replies":[{"embeddable":true,"href":"https:\/\/www.ablakkarter.hu\/index.php?rest_route=%2Fwp%2Fv2%2Fcomments&post=405"}],"version-history":[{"count":1,"href":"https:\/\/www.ablakkarter.hu\/index.php?rest_route=\/wp\/v2\/pages\/405\/revisions"}],"predecessor-version":[{"id":1178,"href":"https:\/\/www.ablakkarter.hu\/index.php?rest_route=\/wp\/v2\/pages\/405\/revisions\/1178"}],"wp:featuredmedia":[{"embeddable":true,"href":"https:\/\/www.ablakkarter.hu\/index.php?rest_route=\/wp\/v2\/media\/1118"}],"wp:attachment":[{"href":"https:\/\/www.ablakkarter.hu\/index.php?rest_route=%2Fwp%2Fv2%2Fmedia&parent=405"}],"curies":[{"name":"wp","href":"https:\/\/api.w.org\/{rel}","templated":true}]}}