{"id":386,"date":"2012-09-18T08:59:58","date_gmt":"2012-09-18T08:59:58","guid":{"rendered":"https:\/\/www.ablakkarter.hu\/diszuveg\/"},"modified":"2021-12-13T15:21:58","modified_gmt":"2021-12-13T15:21:58","slug":"diszuveg","status":"publish","type":"page","link":"https:\/\/www.ablakkarter.hu\/?page_id=386","title":{"rendered":"D\u00edsz\u00fcveg"},"content":{"rendered":"<p style=\"text-align: center;\"><span style=\"font-size: 16px;\"><span style=\"font-family: verdana,geneva,sans-serif;\"><strong>Garant\u00e1ljuk, hogy \u00fcvegeink csod\u00e1latos sz\u00edneikkel, v\u00e1ltozatos formavil\u00e1gukkal \u00e9letre keltik otthona hangulat\u00e1t!<\/strong><\/span><\/span><\/p>\n<p><span style=\"font-size: 16px;\"><span style=\"font-family: verdana,geneva,sans-serif;\">A <strong>Karter Ablak Kft.<\/strong> k\u00edn\u00e1lat\u00e1ban valamennyi Eur\u00f3p\u00e1ban alkalmazott egyedi k\u00e9zi gy\u00e1rt\u00e1s\u00fa d\u00edsz\u00fcveg el\u0151\u00e1ll\u00edt\u00e1si technol\u00f3gia megtal\u00e1lhat\u00f3. Alkalmaz\u00e1sukkal a ny\u00edl\u00e1sz\u00e1r\u00f3k ak\u00e1r iparm\u0171v\u00e9szeti mesterm\u0171vekk\u00e9 is v\u00e1lhatnak.<\/span><\/span><\/p>\n<p><span style=\"font-size: 16px;\"><span style=\"font-family: verdana,geneva,sans-serif;\"><strong>Nincs \u00f6tlete, hogy milyen d\u00edsz\u00fcveget v\u00e1lasszon?<\/strong><\/span><\/span><\/p>\n<p><span style=\"font-size: 16px;\"><span style=\"font-family: verdana,geneva,sans-serif;\">L\u00e1togasson el hozz\u00e1nk, ahol t\u00f6bb ezer vari\u00e1ci\u00f3b\u00f3l v\u00e1logathat! <\/span><\/span><\/p>\n<p><span style=\"font-size: 16px;\"><span style=\"font-family: verdana,geneva,sans-serif;\">A<strong>z ablak\u00fcvegek d\u00edsz\u00fcveg k\u00edn\u00e1lata: <\/strong><\/span><\/span><\/p>\n<ul>\n<li><span style=\"font-size: 16px;\"><span style=\"font-family: verdana,geneva,sans-serif;\">Krist\u00e1ly\u00fcveg technol\u00f3gia<\/span><\/span><\/li>\n<li><span style=\"font-size: 16px;\"><span style=\"font-family: verdana,geneva,sans-serif;\">Tiffany technol\u00f3gi\u00e1val gy\u00e1rtott \u00fcveg<\/span><\/span><\/li>\n<li><span style=\"font-size: 16px;\"><span style=\"font-family: verdana,geneva,sans-serif;\">Fusingolt \u00fcveg technol\u00f3gia<\/span><\/span><\/li>\n<li><span style=\"font-size: 16px;\"><span style=\"font-family: verdana,geneva,sans-serif;\">\u00d3lomsz\u00e1las \u00fcveg technol\u00f3gia<\/span><\/span><\/li>\n<li><span style=\"font-size: 16px;\"><span style=\"font-family: verdana,geneva,sans-serif;\">Dombor\u00fa reflexi\u00f3s \u00fcveg technol\u00f3gia<\/span><\/span><\/li>\n<li><span style=\"font-size: 16px;\"><span style=\"font-family: verdana,geneva,sans-serif;\">\u00dcveghajl\u00edt\u00e1s<\/span><\/span><\/li>\n<\/ul>\n<p><span style=\"font-size: 16px;\"><span style=\"font-family: verdana,geneva,sans-serif;\">Amennyiben saj\u00e1t elk\u00e9pzel\u00e9seit szeretn\u00e9 megval\u00f3s\u00edtani, ennek sincs semmi akad\u00e1lya. Seg\u00edt\u00fcnk a megtervez\u00e9s\u00e9ben, illetve ha m\u00e1r konkr\u00e9t tervet hoz azt is elk\u00e9sz\u00edtj\u00fck.<\/span><\/span><\/p>\n<p style=\"text-align: center;\"><a title=\"D\u00edsz\u00fcveg 1\" href=\"https:\/\/www.ablakkarter.hu\/wp-content\/uploads\/2012\/09\/diszuveg_1.jpg\" rel=\"lightbox[Standard]\"><img loading=\"lazy\" decoding=\"async\" class=\" size-full wp-image-381\" style=\"width: 120px; height: 156px;\" src=\"https:\/\/www.ablakkarter.hu\/wp-content\/uploads\/2012\/09\/diszuveg_1.jpg\" alt=\"D\u00edsz\u00fcveg\" width=\"420\" height=\"546\" srcset=\"https:\/\/www.ablakkarter.hu\/wp-content\/uploads\/2012\/09\/diszuveg_1.jpg 420w, https:\/\/www.ablakkarter.hu\/wp-content\/uploads\/2012\/09\/diszuveg_1-231x300.jpg 231w\" sizes=\"auto, (max-width: 420px) 100vw, 420px\" \/><\/a><a title=\"D\u00edsz\u00fcveg 2\" href=\"https:\/\/www.ablakkarter.hu\/wp-content\/uploads\/2012\/09\/diszuveg_2.jpg\" rel=\"lightbox[Standard]\"> <img loading=\"lazy\" decoding=\"async\" class=\" size-full wp-image-382\" style=\"width: 120px; height: 156px;\" src=\"https:\/\/www.ablakkarter.hu\/wp-content\/uploads\/2012\/09\/diszuveg_2.jpg\" alt=\"D\u00edsz\u00fcveg\" width=\"420\" height=\"546\" srcset=\"https:\/\/www.ablakkarter.hu\/wp-content\/uploads\/2012\/09\/diszuveg_2.jpg 420w, https:\/\/www.ablakkarter.hu\/wp-content\/uploads\/2012\/09\/diszuveg_2-231x300.jpg 231w\" sizes=\"auto, (max-width: 420px) 100vw, 420px\" \/><\/a><a title=\"D\u00edsz\u00fcveg 3\" href=\"https:\/\/www.ablakkarter.hu\/wp-content\/uploads\/2012\/09\/diszuveg_3.jpg\" rel=\"lightbox[Standard]\"> <img loading=\"lazy\" decoding=\"async\" class=\" size-full wp-image-383\" style=\"width: 120px; height: 156px;\" src=\"https:\/\/www.ablakkarter.hu\/wp-content\/uploads\/2012\/09\/diszuveg_3.jpg\" alt=\"D\u00edsz\u00fcveg\" width=\"420\" height=\"546\" srcset=\"https:\/\/www.ablakkarter.hu\/wp-content\/uploads\/2012\/09\/diszuveg_3.jpg 420w, https:\/\/www.ablakkarter.hu\/wp-content\/uploads\/2012\/09\/diszuveg_3-231x300.jpg 231w\" sizes=\"auto, (max-width: 420px) 100vw, 420px\" \/>&nbsp; <\/a><\/p>\n<p style=\"text-align: center;\"><a title=\"D\u00edsz\u00fcveg 4\" href=\"https:\/\/www.ablakkarter.hu\/wp-content\/uploads\/2012\/09\/diszuveg_4.jpg\" rel=\"lightbox[Standard]\"><img loading=\"lazy\" decoding=\"async\" class=\" size-full wp-image-384\" style=\"width: 120px; height: 156px;\" src=\"https:\/\/www.ablakkarter.hu\/wp-content\/uploads\/2012\/09\/diszuveg_4.jpg\" alt=\"D\u00edsz\u00fcveg\" width=\"420\" height=\"546\" srcset=\"https:\/\/www.ablakkarter.hu\/wp-content\/uploads\/2012\/09\/diszuveg_4.jpg 420w, https:\/\/www.ablakkarter.hu\/wp-content\/uploads\/2012\/09\/diszuveg_4-231x300.jpg 231w\" sizes=\"auto, (max-width: 420px) 100vw, 420px\" \/><\/a><a title=\"D\u00edsz\u00fcveg 5\" href=\"https:\/\/www.ablakkarter.hu\/wp-content\/uploads\/2012\/09\/diszuveg_5.jpg\" rel=\"lightbox[Standard]\"> <img loading=\"lazy\" decoding=\"async\" class=\" size-full wp-image-385\" style=\"width: 120px; height: 156px;\" src=\"https:\/\/www.ablakkarter.hu\/wp-content\/uploads\/2012\/09\/diszuveg_5.jpg\" alt=\"D\u00edsz\u00fcveg\" width=\"420\" height=\"546\" srcset=\"https:\/\/www.ablakkarter.hu\/wp-content\/uploads\/2012\/09\/diszuveg_5.jpg 420w, https:\/\/www.ablakkarter.hu\/wp-content\/uploads\/2012\/09\/diszuveg_5-231x300.jpg 231w\" sizes=\"auto, (max-width: 420px) 100vw, 420px\" \/><\/a><a title=\"D\u00edsz\u00fcveg 6\" href=\"https:\/\/www.ablakkarter.hu\/wp-content\/uploads\/2012\/07\/diszuveg_6.jpg\" rel=\"lightbox[Standard]\"> <img loading=\"lazy\" decoding=\"async\" class=\" size-full wp-image-120\" style=\"width: 120px; height: 156px;\" src=\"https:\/\/www.ablakkarter.hu\/wp-content\/uploads\/2012\/07\/diszuveg_6.jpg\" alt=\"D\u00edsz\u00fcveg\" width=\"420\" height=\"546\" srcset=\"https:\/\/www.ablakkarter.hu\/wp-content\/uploads\/2012\/07\/diszuveg_6.jpg 420w, https:\/\/www.ablakkarter.hu\/wp-content\/uploads\/2012\/07\/diszuveg_6-231x300.jpg 231w\" sizes=\"auto, (max-width: 420px) 100vw, 420px\" \/><\/a><\/p>\n<h2 class=\"art-postheader\"><a href=\"\/katedral-uveg\"><span style=\"color: #ffd700;\"><strong><span style=\"font-size: 14px;\">Tov\u00e1bb a katedr\u00e1l \u00fcvegre<\/span><\/strong><\/span><\/a><\/h2>\n<h2 class=\"art-postheader\"><\/h2>\n","protected":false},"excerpt":{"rendered":"<p style=\"text-align: center;\"><span style=\"font-size:16px;\"><span style=\"font-family: verdana,geneva,sans-serif;\"><strong>Garant\u00e1ljuk, hogy \u00fcvegeink csod\u00e1latos sz\u00edneikkel, v\u00e1ltozatos formavil\u00e1gukkal \u00e9letre keltik otthona hangulat\u00e1t!<\/strong><\/span><\/span><\/p>\n<p><span style=\"font-size:16px;\"><span style=\"font-family: verdana,geneva,sans-serif;\">A <strong>Karter Ablak Kft.<\/strong> k\u00edn\u00e1lat\u00e1ban valamennyi Eur\u00f3p\u00e1ban alkalmazott egyedi k\u00e9zi gy\u00e1rt\u00e1s\u00fa d\u00edsz\u00fcveg el\u0151\u00e1ll\u00edt\u00e1si technol\u00f3gia megtal\u00e1lhat\u00f3. Alkalmaz\u00e1sukkal a ny\u00edl\u00e1sz\u00e1r\u00f3k ak\u00e1r iparm\u0171v\u00e9szeti mesterm\u0171vekk\u00e9 is v\u00e1lhatnak.<\/span><\/span><\/p>\n<p><span style=\"font-size:16px;\"><span style=\"font-family: verdana,geneva,sans-serif;\"><strong>Nincs \u00f6tlete, hogy milyen d\u00edsz\u00fcveget v\u00e1lasszon?<\/strong><\/span><\/span><\/p>\n<p><span style=\"font-size:16px;\"><span style=\"font-family: verdana,geneva,sans-serif;\">L\u00e1togasson el hozz\u00e1nk, ahol t\u00f6bb ezer vari\u00e1ci\u00f3b\u00f3l v\u00e1logathat! <\/span><\/span><\/p>\n<p><span style=\"font-size:16px;\"><span style=\"font-family: verdana,geneva,sans-serif;\">A<strong>z ablak\u00fcvegek d\u00edsz\u00fcveg k\u00edn\u00e1lata: <\/strong><\/span><\/span><\/p>\n<ul>\n<li><span style=\"font-size:16px;\"><span style=\"font-family: verdana,geneva,sans-serif;\">Krist\u00e1ly\u00fcveg technol\u00f3gia<\/span><\/span><\/li>\n<li><span style=\"font-size:16px;\"><span style=\"font-family: verdana,geneva,sans-serif;\">Tiffany technol\u00f3gi\u00e1val gy\u00e1rtott \u00fcveg<\/span><\/span><\/li>\n<li><span style=\"font-size:16px;\"><span style=\"font-family: verdana,geneva,sans-serif;\">Fusingolt \u00fcveg technol\u00f3gia<\/span><\/span><\/li>\n<li><span style=\"font-size:16px;\"><span style=\"font-family: verdana,geneva,sans-serif;\">\u00d3lomsz\u00e1las \u00fcveg technol\u00f3gia<\/span><\/span><\/li>\n<li><span style=\"font-size:16px;\"><span style=\"font-family: verdana,geneva,sans-serif;\">Dombor\u00fa reflexi\u00f3s \u00fcveg technol\u00f3gia<\/span><\/span><\/li>\n<li><span style=\"font-size:16px;\"><span style=\"font-family: verdana,geneva,sans-serif;\">\u00dcveghajl\u00edt\u00e1s<\/span><\/span><\/li>\n<\/ul>\n<p><span style=\"font-size:16px;\"><span style=\"font-family: verdana,geneva,sans-serif;\">Amennyiben saj\u00e1t elk\u00e9pzel\u00e9seit szeretn\u00e9 megval\u00f3s\u00edtani, ennek sincs semmi akad\u00e1lya. Seg\u00edt\u00fcnk a megtervez\u00e9s\u00e9ben, illetve ha m\u00e1r konkr\u00e9t tervet hoz azt is elk\u00e9sz\u00edtj\u00fck.<\/span><\/span><\/p>\n<p style=\"text-align: center;\"><a href=\"https:\/\/www.ablakkarter.hu\/wp-content\/uploads\/2012\/09\/diszuveg_1.jpg\" rel=\"lightbox[Standard]\" title=\"D\u00edsz\u00fcveg 1\"><img loading=\"lazy\" decoding=\"async\" class=\" size-full wp-image-381\" alt=\"D\u00edsz\u00fcveg\" class=\"kat_lec\" src=\"https:\/\/www.ablakkarter.hu\/wp-content\/uploads\/2012\/09\/diszuveg_1.jpg\" style=\"width: 120px; height: 156px;\" width=\"420\" height=\"546\" srcset=\"https:\/\/www.ablakkarter.hu\/wp-content\/uploads\/2012\/09\/diszuveg_1.jpg 420w, https:\/\/www.ablakkarter.hu\/wp-content\/uploads\/2012\/09\/diszuveg_1-231x300.jpg 231w\" sizes=\"auto, (max-width: 420px) 100vw, 420px\" \/><\/a><a href=\"https:\/\/www.ablakkarter.hu\/wp-content\/uploads\/2012\/09\/diszuveg_2.jpg\" rel=\"lightbox[Standard]\" title=\"D\u00edsz\u00fcveg 2\"> <img loading=\"lazy\" decoding=\"async\" class=\" size-full wp-image-382\" alt=\"D\u00edsz\u00fcveg\" class=\"kat_lec\" src=\"https:\/\/www.ablakkarter.hu\/wp-content\/uploads\/2012\/09\/diszuveg_2.jpg\" style=\"width: 120px; height: 156px;\" width=\"420\" height=\"546\" srcset=\"https:\/\/www.ablakkarter.hu\/wp-content\/uploads\/2012\/09\/diszuveg_2.jpg 420w, https:\/\/www.ablakkarter.hu\/wp-content\/uploads\/2012\/09\/diszuveg_2-231x300.jpg 231w\" sizes=\"auto, (max-width: 420px) 100vw, 420px\" \/><\/a><a href=\"https:\/\/www.ablakkarter.hu\/wp-content\/uploads\/2012\/09\/diszuveg_3.jpg\" rel=\"lightbox[Standard]\" title=\"D\u00edsz\u00fcveg 3\"> <img loading=\"lazy\" decoding=\"async\" class=\" size-full wp-image-383\" alt=\"D\u00edsz\u00fcveg\" class=\"kat_lec\" src=\"https:\/\/www.ablakkarter.hu\/wp-content\/uploads\/2012\/09\/diszuveg_3.jpg\" style=\"width: 120px; height: 156px;\" width=\"420\" height=\"546\" srcset=\"https:\/\/www.ablakkarter.hu\/wp-content\/uploads\/2012\/09\/diszuveg_3.jpg 420w, https:\/\/www.ablakkarter.hu\/wp-content\/uploads\/2012\/09\/diszuveg_3-231x300.jpg 231w\" sizes=\"auto, (max-width: 420px) 100vw, 420px\" \/>&nbsp; <\/a><\/p>\n<p style=\"text-align: center;\"><a href=\"https:\/\/www.ablakkarter.hu\/wp-content\/uploads\/2012\/09\/diszuveg_4.jpg\" rel=\"lightbox[Standard]\" title=\"D\u00edsz\u00fcveg 4\"><img loading=\"lazy\" decoding=\"async\" class=\" size-full wp-image-384\" alt=\"D\u00edsz\u00fcveg\" class=\"kat_lec\" src=\"https:\/\/www.ablakkarter.hu\/wp-content\/uploads\/2012\/09\/diszuveg_4.jpg\" style=\"width: 120px; height: 156px;\" width=\"420\" height=\"546\" srcset=\"https:\/\/www.ablakkarter.hu\/wp-content\/uploads\/2012\/09\/diszuveg_4.jpg 420w, https:\/\/www.ablakkarter.hu\/wp-content\/uploads\/2012\/09\/diszuveg_4-231x300.jpg 231w\" sizes=\"auto, (max-width: 420px) 100vw, 420px\" \/><\/a><a href=\"https:\/\/www.ablakkarter.hu\/wp-content\/uploads\/2012\/09\/diszuveg_5.jpg\" rel=\"lightbox[Standard]\" title=\"D\u00edsz\u00fcveg 5\"> <img loading=\"lazy\" decoding=\"async\" class=\" size-full wp-image-385\" alt=\"D\u00edsz\u00fcveg\" class=\"kat_lec\" src=\"https:\/\/www.ablakkarter.hu\/wp-content\/uploads\/2012\/09\/diszuveg_5.jpg\" style=\"width: 120px; height: 156px;\" width=\"420\" height=\"546\" srcset=\"https:\/\/www.ablakkarter.hu\/wp-content\/uploads\/2012\/09\/diszuveg_5.jpg 420w, https:\/\/www.ablakkarter.hu\/wp-content\/uploads\/2012\/09\/diszuveg_5-231x300.jpg 231w\" sizes=\"auto, (max-width: 420px) 100vw, 420px\" \/><\/a><a href=\"https:\/\/www.ablakkarter.hu\/wp-content\/uploads\/2012\/07\/diszuveg_6.jpg\" rel=\"lightbox[Standard]\" title=\"D\u00edsz\u00fcveg 6\"> <img loading=\"lazy\" decoding=\"async\" class=\" size-full wp-image-120\" alt=\"D\u00edsz\u00fcveg\" class=\"kat_lec\" src=\"https:\/\/www.ablakkarter.hu\/wp-content\/uploads\/2012\/07\/diszuveg_6.jpg\" style=\"width: 120px; height: 156px;\" width=\"420\" height=\"546\" srcset=\"https:\/\/www.ablakkarter.hu\/wp-content\/uploads\/2012\/07\/diszuveg_6.jpg 420w, https:\/\/www.ablakkarter.hu\/wp-content\/uploads\/2012\/07\/diszuveg_6-231x300.jpg 231w\" sizes=\"auto, (max-width: 420px) 100vw, 420px\" \/><\/a><\/p>\n<h2 class=\"art-postheader\"><a href=\"\/katedral-uveg\"><span style=\"color:#ffd700;\"><strong><span style=\"font-size: 14px;\">Tov\u00e1bb a katedr\u00e1l \u00fcvegre<\/span><\/strong><\/span><\/a><\/h2>\n","protected":false},"author":1,"featured_media":1118,"parent":0,"menu_order":0,"comment_status":"closed","ping_status":"closed","template":"","meta":{"footnotes":""},"class_list":["post-386","page","type-page","status-publish","has-post-thumbnail","hentry"],"_links":{"self":[{"href":"https:\/\/www.ablakkarter.hu\/index.php?rest_route=\/wp\/v2\/pages\/386","targetHints":{"allow":["GET"]}}],"collection":[{"href":"https:\/\/www.ablakkarter.hu\/index.php?rest_route=\/wp\/v2\/pages"}],"about":[{"href":"https:\/\/www.ablakkarter.hu\/index.php?rest_route=\/wp\/v2\/types\/page"}],"author":[{"embeddable":true,"href":"https:\/\/www.ablakkarter.hu\/index.php?rest_route=\/wp\/v2\/users\/1"}],"replies":[{"embeddable":true,"href":"https:\/\/www.ablakkarter.hu\/index.php?rest_route=%2Fwp%2Fv2%2Fcomments&post=386"}],"version-history":[{"count":2,"href":"https:\/\/www.ablakkarter.hu\/index.php?rest_route=\/wp\/v2\/pages\/386\/revisions"}],"predecessor-version":[{"id":1179,"href":"https:\/\/www.ablakkarter.hu\/index.php?rest_route=\/wp\/v2\/pages\/386\/revisions\/1179"}],"wp:featuredmedia":[{"embeddable":true,"href":"https:\/\/www.ablakkarter.hu\/index.php?rest_route=\/wp\/v2\/media\/1118"}],"wp:attachment":[{"href":"https:\/\/www.ablakkarter.hu\/index.php?rest_route=%2Fwp%2Fv2%2Fmedia&parent=386"}],"curies":[{"name":"wp","href":"https:\/\/api.w.org\/{rel}","templated":true}]}}