{"id":379,"date":"2012-09-13T13:18:59","date_gmt":"2012-09-13T13:18:59","guid":{"rendered":"https:\/\/www.ablakkarter.hu\/napellenzo\/"},"modified":"2021-12-13T15:14:30","modified_gmt":"2021-12-13T15:14:30","slug":"napellenzo","status":"publish","type":"page","link":"https:\/\/www.ablakkarter.hu\/?page_id=379","title":{"rendered":"Napellenz\u0151"},"content":{"rendered":"<p style=\"text-align: center;\"><span style=\"font-family: verdana,geneva,sans-serif;\"><strong><span style=\"font-size: 16px;\">A forr\u00f3 ny\u00e1ri napsug\u00e1rz\u00e1s kiv\u00e9d\u00e9se \u00e9rdek\u00e9ben is k\u00e9rje a Karter Ablak Kft seg\u00edts\u00e9g\u00e9t!<\/span><\/strong><\/span><\/p>\n<p><span style=\"font-size: 14px;\"><span style=\"font-family: verdana,geneva,sans-serif;\">Napellenz\u0151ink k\u00fcl\u00f6n\u00f6sen er\u0151s f\u00e9mszerkezettel, \u00e9s impregn\u00e1lt UV stabil ponyv\u00e1val k\u00e9sz\u00fclnek. \u00a0Kiv\u00e1l\u00f3an alkalmasak teraszok, erk\u00e9lyek \u00e1rny\u00e9kol\u00e1s\u00e1ra, s\u0151t enyhe csapad\u00e9k ellen is v\u00e9delmet ny\u00fajtanak.<\/span><\/span><\/p>\n<ul>\n<li><span style=\"font-size: 14px;\"><span style=\"font-family: verdana,geneva,sans-serif;\">Eleg\u00e1ns k\u00f6ny\u00f6kkaros megold\u00e1s<\/span><\/span><\/li>\n<li><span style=\"font-size: 14px;\"><span style=\"font-family: verdana,geneva,sans-serif;\">Nagy \u00e1ll\u00edt\u00e1si sz\u00f6gtartom\u00e1ny<\/span><\/span><\/li>\n<li><span style=\"font-size: 14px;\"><span style=\"font-family: verdana,geneva,sans-serif;\">Sz\u00e9les sz\u00edn \u00e9s t\u00edpus v\u00e1laszt\u00e9k<\/span><\/span><\/li>\n<li><span style=\"font-size: 14px;\"><span style=\"font-family: verdana,geneva,sans-serif;\">Hossz\u00fa \u00e9lettartam<\/span><\/span><\/li>\n<li><span style=\"font-size: 14px;\"><span style=\"font-family: verdana,geneva,sans-serif;\">K\u00f6nnyen kezelhet\u0151<\/span><\/span><\/li>\n<li><span style=\"font-size: 14px;\"><span style=\"font-family: verdana,geneva,sans-serif;\">Motoriz\u00e1lhat\u00f3<\/span><\/span><\/li>\n<\/ul>\n<p><a title=\"K\u00f6ny\u00f6kkaros napellenz\u0151\" href=\"https:\/\/www.ablakkarter.hu\/wp-content\/uploads\/2012\/07\/konyokkaros_napellenzo.jpg\" rel=\"lightbox[Standard]\"><img loading=\"lazy\" decoding=\"async\" class=\" size-full wp-image-107\" style=\"width: 320px; height: 240px;\" title=\"K\u00f6ny\u00f6kkaros napellenz\u0151\" src=\"https:\/\/www.ablakkarter.hu\/wp-content\/uploads\/2012\/07\/konyokkaros_napellenzo.jpg\" alt=\"K\u00f6ny\u00f6kkaros napellenz\u0151\" width=\"800\" height=\"600\" srcset=\"https:\/\/www.ablakkarter.hu\/wp-content\/uploads\/2012\/07\/konyokkaros_napellenzo.jpg 800w, https:\/\/www.ablakkarter.hu\/wp-content\/uploads\/2012\/07\/konyokkaros_napellenzo-300x225.jpg 300w, https:\/\/www.ablakkarter.hu\/wp-content\/uploads\/2012\/07\/konyokkaros_napellenzo-768x576.jpg 768w\" sizes=\"auto, (max-width: 800px) 100vw, 800px\" \/> <\/a> <a title=\"piros napellenz\u0151\" href=\"https:\/\/www.ablakkarter.hu\/wp-content\/uploads\/2012\/09\/napellenzo_piros12.jpg\" rel=\"lightbox[Standard]\"> <img loading=\"lazy\" decoding=\"async\" class=\" size-full wp-image-378\" style=\"width: 421px; height: 240px;\" src=\"https:\/\/www.ablakkarter.hu\/wp-content\/uploads\/2012\/09\/napellenzo_piros12.jpg\" alt=\"\" width=\"777\" height=\"443\" srcset=\"https:\/\/www.ablakkarter.hu\/wp-content\/uploads\/2012\/09\/napellenzo_piros12.jpg 777w, https:\/\/www.ablakkarter.hu\/wp-content\/uploads\/2012\/09\/napellenzo_piros12-600x342.jpg 600w, https:\/\/www.ablakkarter.hu\/wp-content\/uploads\/2012\/09\/napellenzo_piros12-300x171.jpg 300w, https:\/\/www.ablakkarter.hu\/wp-content\/uploads\/2012\/09\/napellenzo_piros12-768x438.jpg 768w\" sizes=\"auto, (max-width: 777px) 100vw, 777px\" \/><\/a><\/p>\n<p><span style=\"font-size: 16px;\">A napellenz\u0151 megrendelhet\u0151 motoros m\u0171k\u00f6dtet\u00e9ssel, \u00e9s sz\u00e9l\u00e9rz\u00e9kel\u0151vel is. A sz\u00e9l\u00e9rz\u00e9kel\u0151 nagyobb er\u0151ss\u00e9g\u0171 sz\u00e9l eset\u00e9n jelet ad a motornak, ami automatikusan betekeri a napellenz\u0151 ponyv\u00e1j\u00e1t.<\/span><\/p>\n<p><span style=\"font-size: 16px;\">A motoros napellenz\u0151t m\u0171k\u00f6dtethetj\u00fck fali kapcsol\u00f3val vagy t\u00e1vir\u00e1ny\u00edt\u00f3val.<\/span><\/p>\n<p><span style=\"font-size: 16px;\">Term\u00e9keinkhez a kiv\u00e1l\u00f3 min\u0151s\u00e9g\u0171 DICKSON \u00e9s SATTLER ponyvav\u00e1laszt\u00e9kot javasoljuk<\/span>. <span style=\"font-size: 14px;\"><span style=\"font-family: verdana,geneva,sans-serif;\">A napellenz\u0151 ponyva portasz\u00edt\u00f3 \u00e9s v\u00edzleperget\u0151 hat\u00e1s\u00fa<\/span><\/span><\/p>\n<p style=\"text-align: center;\"><span style=\"font-size: 14px;\"><span style=\"font-family: verdana,geneva,sans-serif;\">A k\u00f6ny\u00f6kkaros napellenz\u0151k \u00f3ri\u00e1si sz\u00ednv\u00e1laszt\u00e9k\u00e1r\u00f3l gy\u0151z\u0151dj\u00f6n meg a Karter Ablak Kft bemutat\u00f3termeiben!<\/span><\/span><\/p>\n<p style=\"text-align: center;\"><span style=\"font-family: verdana,geneva,sans-serif;\"><strong><span style=\"font-size: 16px;\">Minden term\u00e9k\u00fcnk egyedi m\u00e9retben, a megrendel\u0151 k\u00edv\u00e1ns\u00e1ga \u00e9s a helyi adotts\u00e1gok figyelembev\u00e9tel\u00e9vel k\u00e9sz\u00fcl.<\/span><\/strong><\/span><\/p>\n<p style=\"text-align: center;\"><span style=\"font-size: 16px;\"><span style=\"font-family: verdana,geneva,sans-serif;\"><strong>A k\u00f6ny\u00f6kkaros napellenz\u0151 \u00e1rakr\u00f3l, \u00e9s a kivitelez\u00e9si lehet\u0151s\u00e9gekr\u0151l \u00e9rdekl\u0151dj\u00f6n el\u00e9rhet\u0151s\u00e9geinken!<\/strong><\/span><\/span><\/p>\n<p style=\"text-align: center;\">\n","protected":false},"excerpt":{"rendered":"<p style=\"text-align: center;\"><span style=\"font-family:verdana,geneva,sans-serif;\"><strong><span style=\"font-size: 16px;\">A forr\u00f3 ny\u00e1ri napsug\u00e1rz\u00e1s kiv\u00e9d\u00e9se \u00e9rdek\u00e9ben is k\u00e9rje a Karter Ablak Kft seg\u00edts\u00e9g\u00e9t!<\/span><\/strong><\/span><\/p>\n<p><span style=\"font-size:14px;\"><span style=\"font-family: verdana,geneva,sans-serif;\">Napellenz\u0151ink k\u00fcl\u00f6n\u00f6sen er\u0151s f\u00e9mszerkezettel, \u00e9s impregn\u00e1lt UV stabil ponyv\u00e1val k\u00e9sz\u00fclnek. &nbsp;Kiv\u00e1l\u00f3an alkalmasak teraszok, erk\u00e9lyek \u00e1rny\u00e9kol\u00e1s\u00e1ra, s\u0151t enyhe csapad\u00e9k ellen is v\u00e9delmet ny\u00fajtanak.<\/span><\/span><\/p>\n<ul>\n<li><span style=\"font-size:14px;\"><span style=\"font-family: verdana,geneva,sans-serif;\">Eleg\u00e1ns k\u00f6ny\u00f6kkaros megold\u00e1s<\/span><\/span><\/li>\n<li><span style=\"font-size:14px;\"><span style=\"font-family: verdana,geneva,sans-serif;\">Nagy \u00e1ll\u00edt\u00e1si sz\u00f6gtartom\u00e1ny<\/span><\/span><\/li>\n<li><span style=\"font-size:14px;\"><span style=\"font-family: verdana,geneva,sans-serif;\">Sz\u00e9les sz\u00edn \u00e9s t\u00edpus v\u00e1laszt\u00e9k<\/span><\/span><\/li>\n<li><span style=\"font-size:14px;\"><span style=\"font-family: verdana,geneva,sans-serif;\">Hossz\u00fa \u00e9lettartam<\/span><\/span><\/li>\n<li><span style=\"font-size:14px;\"><span style=\"font-family: verdana,geneva,sans-serif;\">K\u00f6nnyen kezelhet\u0151<\/span><\/span><\/li>\n<li><span style=\"font-size:14px;\"><span style=\"font-family: verdana,geneva,sans-serif;\">Motoriz\u00e1lhat\u00f3<\/span><\/span><\/li>\n<\/ul>\n<p><a href=\"https:\/\/www.ablakkarter.hu\/wp-content\/uploads\/2012\/07\/konyokkaros_napellenzo.jpg\" rel=\"lightbox[Standard]\" title=\"K\u00f6ny\u00f6kkaros napellenz\u0151\"><img loading=\"lazy\" decoding=\"async\" class=\" size-full wp-image-107\" alt=\"K\u00f6ny\u00f6kkaros napellenz\u0151\" src=\"https:\/\/www.ablakkarter.hu\/wp-content\/uploads\/2012\/07\/konyokkaros_napellenzo.jpg\" style=\"width: 320px; height: 240px;\" title=\"K\u00f6ny\u00f6kkaros napellenz\u0151\" width=\"800\" height=\"600\" srcset=\"https:\/\/www.ablakkarter.hu\/wp-content\/uploads\/2012\/07\/konyokkaros_napellenzo.jpg 800w, https:\/\/www.ablakkarter.hu\/wp-content\/uploads\/2012\/07\/konyokkaros_napellenzo-300x225.jpg 300w, https:\/\/www.ablakkarter.hu\/wp-content\/uploads\/2012\/07\/konyokkaros_napellenzo-768x576.jpg 768w\" sizes=\"auto, (max-width: 800px) 100vw, 800px\" \/> <\/a> <a href=\"https:\/\/www.ablakkarter.hu\/wp-content\/uploads\/2012\/09\/napellenzo_piros12.jpg\" rel=\"lightbox[Standard]\" title=\"piros napellenz\u0151\"> <img loading=\"lazy\" decoding=\"async\" class=\" size-full wp-image-378\" alt=\"\" src=\"https:\/\/www.ablakkarter.hu\/wp-content\/uploads\/2012\/09\/napellenzo_piros12.jpg\" style=\"width: 421px; height: 240px;\" width=\"777\" height=\"443\" srcset=\"https:\/\/www.ablakkarter.hu\/wp-content\/uploads\/2012\/09\/napellenzo_piros12.jpg 777w, https:\/\/www.ablakkarter.hu\/wp-content\/uploads\/2012\/09\/napellenzo_piros12-600x342.jpg 600w, https:\/\/www.ablakkarter.hu\/wp-content\/uploads\/2012\/09\/napellenzo_piros12-300x171.jpg 300w, https:\/\/www.ablakkarter.hu\/wp-content\/uploads\/2012\/09\/napellenzo_piros12-768x438.jpg 768w\" sizes=\"auto, (max-width: 777px) 100vw, 777px\" \/><\/a><\/p>\n<p><span style=\"font-size:16px;\">A napellenz\u0151 megrendelhet\u0151 motoros m\u0171k\u00f6dtet\u00e9ssel, \u00e9s sz\u00e9l\u00e9rz\u00e9kel\u0151vel is. A sz\u00e9l\u00e9rz\u00e9kel\u0151 nagyobb er\u0151ss\u00e9g\u0171 sz\u00e9l eset\u00e9n jelet ad a motornak, ami automatikusan betekeri a napellenz\u0151 ponyv\u00e1j\u00e1t.<\/span><\/p>\n<p><span style=\"font-size:16px;\">A motoros napellenz\u0151t m\u0171k\u00f6dtethetj\u00fck fali kapcsol\u00f3val vagy t\u00e1vir\u00e1ny\u00edt\u00f3val.<\/span><\/p>\n<p><span style=\"font-size:16px;\">Term\u00e9keinkhez a kiv\u00e1l\u00f3 min\u0151s\u00e9g\u0171 DICKSON \u00e9s SATTLER ponyvav\u00e1laszt\u00e9kot javasoljuk<\/span>. <span style=\"font-size:14px;\"><span style=\"font-family: verdana,geneva,sans-serif;\">A napelenz\u0151 ponyva portasz\u00edt\u00f3 \u00e9s v\u00edzleperget\u0151 hat\u00e1s\u00fa<\/span><\/span><\/p>\n<p style=\"text-align: center;\"><span style=\"font-size:14px;\"><span style=\"font-family: verdana,geneva,sans-serif;\">A k\u00f6ny\u00f6kkaros napellenz\u0151k \u00f3ri\u00e1si sz\u00ednv\u00e1laszt\u00e9k\u00e1r\u00f3l gy\u0151z\u0151dj\u00f6n meg a Karter Ablak Kft bemutat\u00f3termeiben!<\/span><\/span><\/p>\n<p style=\"text-align: center;\"><span style=\"font-family:verdana,geneva,sans-serif;\"><strong><span style=\"font-size: 16px;\">Minden term\u00e9k\u00fcnk egyedi m\u00e9retben, a megrendel\u0151 k\u00edv\u00e1ns\u00e1ga \u00e9s a helyi adotts\u00e1gok figyelembev\u00e9tel\u00e9vel k\u00e9sz\u00fcl.<\/span><\/strong><\/span><\/p>\n<p style=\"text-align: center;\"><span style=\"font-size:16px;\"><span style=\"font-family: verdana,geneva,sans-serif;\"><strong>A k\u00f6ny\u00f6kkaros napellenz\u0151 \u00e1rakr\u00f3l, \u00e9s a kivitelez\u00e9si lehet\u0151s\u00e9gekr\u0151l \u00e9rdekl\u0151dj\u00f6n el\u00e9rhet\u0151s\u00e9geinken!<\/strong><\/span><\/span><\/p>\n","protected":false},"author":1,"featured_media":1118,"parent":0,"menu_order":0,"comment_status":"closed","ping_status":"closed","template":"","meta":{"footnotes":""},"class_list":["post-379","page","type-page","status-publish","has-post-thumbnail","hentry"],"_links":{"self":[{"href":"https:\/\/www.ablakkarter.hu\/index.php?rest_route=\/wp\/v2\/pages\/379","targetHints":{"allow":["GET"]}}],"collection":[{"href":"https:\/\/www.ablakkarter.hu\/index.php?rest_route=\/wp\/v2\/pages"}],"about":[{"href":"https:\/\/www.ablakkarter.hu\/index.php?rest_route=\/wp\/v2\/types\/page"}],"author":[{"embeddable":true,"href":"https:\/\/www.ablakkarter.hu\/index.php?rest_route=\/wp\/v2\/users\/1"}],"replies":[{"embeddable":true,"href":"https:\/\/www.ablakkarter.hu\/index.php?rest_route=%2Fwp%2Fv2%2Fcomments&post=379"}],"version-history":[{"count":1,"href":"https:\/\/www.ablakkarter.hu\/index.php?rest_route=\/wp\/v2\/pages\/379\/revisions"}],"predecessor-version":[{"id":1174,"href":"https:\/\/www.ablakkarter.hu\/index.php?rest_route=\/wp\/v2\/pages\/379\/revisions\/1174"}],"wp:featuredmedia":[{"embeddable":true,"href":"https:\/\/www.ablakkarter.hu\/index.php?rest_route=\/wp\/v2\/media\/1118"}],"wp:attachment":[{"href":"https:\/\/www.ablakkarter.hu\/index.php?rest_route=%2Fwp%2Fv2%2Fmedia&parent=379"}],"curies":[{"name":"wp","href":"https:\/\/api.w.org\/{rel}","templated":true}]}}