{"id":377,"date":"2012-09-13T13:16:37","date_gmt":"2012-09-13T13:16:37","guid":{"rendered":"https:\/\/www.ablakkarter.hu\/ablakszellozo-nyilaszaro-legbevezeto\/"},"modified":"2021-12-13T15:29:52","modified_gmt":"2021-12-13T15:29:52","slug":"ablakszellozo-nyilaszaro-legbevezeto","status":"publish","type":"page","link":"https:\/\/www.ablakkarter.hu\/?page_id=377","title":{"rendered":"Ablakszell\u0151z\u0151 &#8211; Ny\u00edl\u00e1sz\u00e1r\u00f3 l\u00e9gbevezet\u0151"},"content":{"rendered":"<p><span style=\"font-family: verdana,geneva,sans-serif;\"><span style=\"font-size: 16px;\"><strong>Ablakszell\u0151z\u0151k, \u00e9s ablakba \u00e9p\u00edthet\u0151 l\u00e9gbevezet\u0151k a&nbsp; friss leveg\u0151 biztos\u00edt\u00e1s\u00e1ra!<\/strong><\/span><\/span><\/p>\n<p><span style=\"font-size: 14px;\"><span style=\"font-family: verdana,geneva,sans-serif;\">A Karter Ablak Kft az <strong>AERECO<\/strong> L\u00e9gtechnika Kft. \u00e9s a <strong>TITON Ltd<\/strong>. ny\u00edl\u00e1sz\u00e1r\u00f3kba szerelhet\u0151, illetve fal\u00e1tvezet\u00e9ses l\u00e9gbevezet\u0151 elemeit forgalmazza. <\/span><\/span><\/p>\n<p style=\"text-align: center;\"><strong><a href=\"https:\/\/www.ablakkarter.hu\/wp-content\/uploads\/2012\/09\/aereco-legbevezetok.pdf\"><span style=\"color: #ffff00;\"><span style=\"font-size: 14px;\"><span style=\"font-family: verdana,geneva,sans-serif;\">AERECO l\u00e9gbevezet\u0151 katal\u00f3gus<\/span><\/span><\/span><\/a><\/strong><\/p>\n<p style=\"text-align: center;\"><span style=\"font-size: 14px;\"><strong><span style=\"font-family: verdana,geneva,sans-serif;\">A higroszab\u00e1lyoz\u00e1s\u00fa l\u00e9gbevezet\u0151k be\u00e9p\u00edt\u00e9s\u00e9vel megel\u0151zhet\u0151, ill. megsz\u00fcntethet\u0151 a p\u00e1ralecsap\u00f3d\u00e1s \u00e9s pen\u00e9szed\u00e9s!<\/span><\/strong><\/span><\/p>\n<p style=\"text-align: center;\"><img loading=\"lazy\" decoding=\"async\" class=\" size-full wp-image-374\" src=\"https:\/\/www.ablakkarter.hu\/wp-content\/uploads\/2012\/09\/aereco_no.jpg\" alt=\"\" width=\"562\" height=\"212\" srcset=\"https:\/\/www.ablakkarter.hu\/wp-content\/uploads\/2012\/09\/aereco_no.jpg 562w, https:\/\/www.ablakkarter.hu\/wp-content\/uploads\/2012\/09\/aereco_no-300x113.jpg 300w\" sizes=\"auto, (max-width: 562px) 100vw, 562px\" \/><\/p>\n<p><span style=\"font-size: 14px;\"><span style=\"font-family: verdana,geneva,sans-serif;\">A balesetek elker\u00fcl\u00e9se \u00e9rdek\u00e9ben a ny\u00edlt \u00e9g\u00e9ster\u0171 g\u00e1zk\u00e9sz\u00fcl\u00e9kekkel ell\u00e1tott helyis\u00e9gekben, mint p\u00e9ld\u00e1ul a g\u00e1zt\u0171zhely vagy a g\u00e1zkaz\u00e1n, a friss leveg\u0151 biztos\u00edt\u00e1sa <strong>k\u00f6telez\u0151.<\/strong> Ehhez alkalmazhat\u00f3k a bevizsg\u00e1lt \u00e9s a G\u00e1zm\u0171vek enged\u00e9ly\u00e9vel rendelkez\u0151, ny\u00edl\u00e1sz\u00e1r\u00f3kba szerelhet\u0151, higroszab\u00e1lyoz\u00e1s\u00fa, <strong>nem lez\u00e1rhat\u00f3 l\u00e9gbevezet\u0151k<\/strong>. <\/span><\/span><\/p>\n<p><span style=\"font-size: 14px;\"><span style=\"font-family: verdana,geneva,sans-serif;\">\u00c9MI enged\u00e9lyezett nem lez\u00e1rhat\u00f3 l\u00e9gbevezet\u0151k: <strong>Aereco EMM916<\/strong> valamint <strong>Titon 4000<\/strong><\/span><strong> <span style=\"font-family: verdana,geneva,sans-serif;\">GR <\/span><\/strong><\/span><\/p>\n<p><span style=\"font-size: 14px;\"><span style=\"font-family: verdana,geneva,sans-serif;\"><strong>Az Aereco higroszab\u00e1lyoz\u00e1s\u00fa l\u00e9gbevezet\u0151k el\u0151nyei: <\/strong><\/span><\/span><\/p>\n<ul>\n<li><span style=\"font-size: 14px;\"><span style=\"font-family: verdana,geneva,sans-serif;\">G\u00e1zszolg\u00e1ltat\u00f3k \u00e1ltal el\u0151\u00edrt l\u00e9gbevezet\u00e9s biztos\u00edt\u00e1sa<\/span><\/span><\/li>\n<li><span style=\"font-size: 14px;\"><span style=\"font-family: verdana,geneva,sans-serif;\">Bels\u0151 relat\u00edv p\u00e1ratartalom alapj\u00e1n nyit \u00e9s z\u00e1r<\/span><\/span><\/li>\n<li><span style=\"font-size: 14px;\"><span style=\"font-family: verdana,geneva,sans-serif;\">Automatikusan szab\u00e1lyozza a l\u00e9gcser\u00e9t<\/span><\/span><\/li>\n<li><span style=\"font-size: 14px;\"><span style=\"font-family: verdana,geneva,sans-serif;\">Megel\u0151zi a p\u00e1ralecsap\u00f3d\u00e1st \u00e9s a pen\u00e9szesed\u00e9st<\/span><\/span><\/li>\n<li><span style=\"font-size: 14px;\"><span style=\"font-family: verdana,geneva,sans-serif;\">Ut\u00f3lag is be\u00e9p\u00edthet\u0151<\/span><\/span><\/li>\n<li><span style=\"font-size: 14px;\"><span style=\"font-family: verdana,geneva,sans-serif;\">Cs\u00f6kkenti a szell\u0151z\u00e9si h\u0151vesztes\u00e9get<\/span><\/span><\/li>\n<li><span style=\"font-size: 14px;\"><span style=\"font-family: verdana,geneva,sans-serif;\">Seg\u00e9denergi\u00e1t nem ig\u00e9nyel<\/span><\/span><\/li>\n<li><span style=\"font-size: 14px;\"><span style=\"font-family: verdana,geneva,sans-serif;\">Eszt\u00e9tikus megjelen\u00e9s\u0171<\/span><\/span><\/li>\n<li><span style=\"font-size: 14px;\"><span style=\"font-family: verdana,geneva,sans-serif;\">\u00c9MI min\u0151s\u00edt\u00e9ssel rendelkezik<\/span><\/span><\/li>\n<li><span style=\"font-size: 14px;\"><span style=\"font-family: verdana,geneva,sans-serif;\">Kiv\u00e1l\u00f3 \u00c9p\u00edt\u00e9si Term\u00e9k<\/span><\/span><\/li>\n<\/ul>\n<p style=\"text-align: center;\"><span style=\"font-size: 14px;\"><span style=\"font-family: verdana,geneva,sans-serif;\">Fontos kiemelni a term\u00e9k haszn\u00e1lat\u00e1nak fontoss\u00e1g\u00e1t a lak\u00e1sokban el\u0151fordul\u00f3 pen\u00e9szed\u00e9sek megakad\u00e1lyoz\u00e1s\u00e1ra, illetve a friss leveg\u0151 ut\u00e1np\u00f3tl\u00e1s\u00e1nak biztos\u00edt\u00e1s\u00e1ra.<\/span><\/span><br \/>\n<span style=\"font-size: 14px;\"><span style=\"font-family: verdana,geneva,sans-serif;\"><strong>Szell\u0151ztet\u00e9s hi\u00e1ny\u00e1ban a lak\u00e1sban termel\u0151d\u0151 p\u00e1ra nem tud elt\u00e1vozni, \u00edgy el\u0151bb-ut\u00f3bb pen\u00e9szfoltok jelennek meg a lak\u00e1sban.<\/strong><\/span><\/span><\/p>\n<p><span style=\"font-size: 14px;\"><span style=\"font-family: verdana,geneva,sans-serif;\"><strong>R\u00e9sszell\u0151ztet\u0151k be\u00e9p\u00edt\u00e9s\u00e9t a k\u00f6vetkez\u0151 esetekben javasoljuk:<\/strong><\/span><\/span><\/p>\n<ul>\n<li><span style=\"font-size: 14px;\"><span style=\"font-family: verdana,geneva,sans-serif;\">G\u00e1zszolg\u00e1ltat\u00f3k \u00e1ltal el\u0151\u00edrt l\u00e9gbevezet\u00e9s biztos\u00edt\u00e1sa<\/span><\/span><\/li>\n<li><span style=\"font-size: 14px;\"><span style=\"font-family: verdana,geneva,sans-serif;\">Lak\u00f3t\u00e9r p\u00e1ratartalm\u00e1nak cs\u00f6kkent\u00e9se<\/span><\/span><\/li>\n<li><span style=\"font-size: 14px;\"><span style=\"font-family: verdana,geneva,sans-serif;\">Folyamatos friss leveg\u0151 ut\u00e1np\u00f3tl\u00e1sa<\/span><\/span><\/li>\n<li><span style=\"font-size: 14px;\"><span style=\"font-family: verdana,geneva,sans-serif;\">P\u00e1raelsz\u00edv\u00f3k \u00e1ltal kivezetett leveg\u0151 ut\u00e1np\u00f3tl\u00e1sa<\/span><\/span><\/li>\n<li><span style=\"font-size: 14px;\"><span style=\"font-family: verdana,geneva,sans-serif;\">Kandall\u00f3k \u00e9s cser\u00e9pk\u00e1lyh\u00e1k \u00e9g\u00e9s\u00e9hez sz\u00fcks\u00e9ges leveg\u0151 ut\u00e1np\u00f3tl\u00e1sa<\/span><\/span><\/li>\n<li><span style=\"font-size: 14px;\"><span style=\"font-family: verdana,geneva,sans-serif;\">P\u00e1ratartalom optim\u00e1lis szinten tart\u00e1sa<\/span><\/span><\/li>\n<\/ul>\n<p style=\"text-align: center;\"><span style=\"font-size: 16px;\"><strong><span style=\"font-family: verdana,geneva,sans-serif;\">Higroszab\u00e1lyz\u00e1s &#8211; p\u00e1ra\u00e9rz\u00e9kel\u00e9s \u00e9s automatikus szab\u00e1lyz\u00e1s<\/span><\/strong><\/span> <span style=\"font-size: 16px;\"><strong><span style=\"font-family: verdana,geneva,sans-serif;\">az Aereco ablakba \u00e9p\u00edthet\u0151 l\u00e9gbevezet\u0151kkel!<\/span><\/strong><\/span><\/p>\n<p style=\"text-align: center;\"><img loading=\"lazy\" decoding=\"async\" class=\" size-full wp-image-376\" src=\"https:\/\/www.ablakkarter.hu\/wp-content\/uploads\/2012\/09\/legbevezeto_aereco.jpg\" alt=\"\" width=\"704\" height=\"352\"><\/p>\n<p><span style=\"font-size: 14px;\"><span style=\"font-family: verdana,geneva,sans-serif;\"><strong>Az Aereco l\u00e9gbevezet\u0151k <\/strong>\u00e9rz\u00e9kel\u0151je azt az ismert fizikai jelens\u00e9get haszn\u00e1lja ki, hogy egyes anyagok megny\u00falnak a p\u00e1ratartalom emelked\u00e9sekor \u00e9s \u00f6sszeh\u00faz\u00f3dnak, ha a leveg\u0151 sz\u00e1razabb\u00e1 v\u00e1lik. Ezen az elven m\u0171k\u00f6dik az \u00e9rz\u00e9kel\u0151k poliamid p\u00e1ntk\u00f6tege, amely egy vagy t\u00f6bb zsalut mozgat, ezzel befoly\u00e1solva a szell\u0151z\u0151 leveg\u0151 mennyis\u00e9g\u00e9t. Min\u00e9l nagyobb a helyis\u00e9g leveg\u0151j\u00e9nek p\u00e1ratartalma, ann\u00e1l jobban kinyitnak a zsaluk.<\/span><\/span><\/p>\n<p style=\"margin-left: 36.0pt;\" align=\"center\"><span style=\"font-size: 16px;\"><strong><span style=\"font-family: verdana,geneva,sans-serif;\">\u00daj ny\u00edl\u00e1sz\u00e1r\u00f3 v\u00e1s\u00e1rl\u00e1sa eset\u00e9n k\u00e9rje, a G\u00e1zm\u0171vek \u00e1ltal elfogadott AERECO l\u00e9gbevezet\u0151 elemek beszerel\u00e9s\u00e9t! <\/span><\/strong><\/span><\/p>\n<p style=\"margin-left: 36.0pt;\" align=\"center\"><strong><span style=\"font-size: 14px;\"><span style=\"font-family: verdana,geneva,sans-serif;\">A Karter Ablak Kft munkat\u00e1rsai seg\u00edtenek \u00d6nnek a ny\u00edl\u00e1sz\u00e1r\u00f3kba \u00e9p\u00edthet\u0151 megfelel\u0151 szell\u0151z\u00e9si rendszer kiv\u00e1laszt\u00e1s\u00e1ban \u00e9s telep\u00edt\u00e9s\u00e9ben. <\/span><\/span><\/strong><\/p>\n<p style=\"margin-left: 36.0pt;\" align=\"center\"><span style=\"font-size: 14px;\"><span style=\"font-family: verdana,geneva,sans-serif;\">Ha a term\u00e9kekr\u0151l r\u00e9szletes m\u0171szaki inform\u00e1ci\u00f3ra van sz\u00fcks\u00e9ge, k\u00e9rj\u00fck, keresse koll\u00e9g\u00e1inkat szem\u00e9lyesen, vagy el\u00e9rhet\u0151s\u00e9geinken.<\/span><\/span><\/p>\n<p align=\"center\"><span style=\"font-size: 18px;\"><span style=\"font-family: verdana,geneva,sans-serif;\"><strong>Aereco l\u00e9gbevezet\u0151 elemek ut\u00f3lagos<\/strong> <strong>beszerel\u00e9se bont\u00e1s n\u00e9lk\u00fcl!<\/strong><\/span><\/span><\/p>\n<p style=\"text-align: center;\">\n<p style=\"text-align: center;\">\n","protected":false},"excerpt":{"rendered":"<p><span style=\"font-family:verdana,geneva,sans-serif;\"><span style=\"font-size: 16px;\"><strong>Ablakszell\u0151z\u0151k, \u00e9s ablakba \u00e9p\u00edthet\u0151 l\u00e9gbevezet\u0151k a&nbsp; friss leveg\u0151 biztos\u00edt\u00e1s\u00e1ra!<\/strong><\/span><\/span><\/p>\n<p><span style=\"font-size:14px;\"><span style=\"font-family: verdana,geneva,sans-serif;\">A Karter Ablak Kft az <strong>AERECO<\/strong> L\u00e9gtechnika Kft. \u00e9s a <strong>TITON Ltd<\/strong>. ny\u00edl\u00e1sz\u00e1r\u00f3kba szerelhet\u0151, illetve fal\u00e1tvezet\u00e9ses l\u00e9gbevezet\u0151 elemeit forgalmazza. <\/span><\/span><\/p>\n<p style=\"text-align: center;\"><strong><a href=\"https:\/\/www.ablakkarter.hu\/wp-content\/uploads\/2012\/09\/aereco-legbevezetok.pdf\"><span style=\"color:#ffff00;\"><span style=\"font-size: 14px;\"><span style=\"font-family: verdana,geneva,sans-serif;\">AERECO l\u00e9gbevezet\u0151 katal\u00f3gus<\/span><\/span><\/span><\/a><\/strong><\/p>\n<p style=\"text-align: center;\"><span style=\"font-size:14px;\"><strong><span style=\"font-family: verdana,geneva,sans-serif;\">A higroszab\u00e1lyoz\u00e1s\u00fa l\u00e9gbevezet\u0151k be\u00e9p\u00edt\u00e9s\u00e9vel megel\u0151zhet\u0151, ill. megsz\u00fcntethet\u0151 a p\u00e1ralecsap\u00f3d\u00e1s \u00e9s pen\u00e9szed\u00e9s!<\/span><\/strong><\/span><\/p>\n<p style=\"text-align: center;\"><img loading=\"lazy\" decoding=\"async\" class=\" size-full wp-image-374\" alt=\"\" height=\"212\" src=\"https:\/\/www.ablakkarter.hu\/wp-content\/uploads\/2012\/09\/aereco_no.jpg\" width=\"562\" srcset=\"https:\/\/www.ablakkarter.hu\/wp-content\/uploads\/2012\/09\/aereco_no.jpg 562w, https:\/\/www.ablakkarter.hu\/wp-content\/uploads\/2012\/09\/aereco_no-300x113.jpg 300w\" sizes=\"auto, (max-width: 562px) 100vw, 562px\" \/><\/p>\n<p><span style=\"font-size:14px;\"><span style=\"font-family: verdana,geneva,sans-serif;\">A balesetek elker\u00fcl\u00e9se \u00e9rdek\u00e9ben a ny\u00edlt \u00e9g\u00e9ster\u0171 g\u00e1zk\u00e9sz\u00fcl\u00e9kekkel ell\u00e1tott helyis\u00e9gekben, mint p\u00e9ld\u00e1ul a g\u00e1zt\u0171zhely vagy a g\u00e1zkaz\u00e1n, a friss leveg\u0151 biztos\u00edt\u00e1sa <strong>k\u00f6telez\u0151.<\/strong> Ehhez alkalmazhat\u00f3k a bevizsg\u00e1lt \u00e9s a G\u00e1zm\u0171vek enged\u00e9ly\u00e9vel rendelkez\u0151, ny\u00edl\u00e1sz\u00e1r\u00f3kba szerelhet\u0151, higroszab\u00e1lyoz\u00e1s\u00fa, <strong>nem lez\u00e1rhat\u00f3 l\u00e9gbevezet\u0151k<\/strong>. <\/span><\/span><\/p>\n<p><span style=\"font-size:14px;\"><span style=\"font-family: verdana,geneva,sans-serif;\">\u00c9MI enged\u00e9lyezett nem lez\u00e1rhat\u00f3 l\u00e9gbevezet\u0151k: <strong>Aereco EMM916<\/strong> valamint <strong>Titon 4000<\/strong><\/span><strong> <span style=\"font-family: verdana,geneva,sans-serif;\">GR <\/span><\/strong><\/span><\/p>\n<p><span style=\"font-size:14px;\"><span style=\"font-family: verdana,geneva,sans-serif;\"><strong>Az Aereco higroszab\u00e1lyoz\u00e1s\u00fa l\u00e9gbevezet\u0151k el\u0151nyei: <\/strong><\/span><\/span><\/p>\n<ul>\n<li><span style=\"font-size:14px;\"><span style=\"font-family: verdana,geneva,sans-serif;\">G\u00e1zszolg\u00e1ltat\u00f3k \u00e1ltal el\u0151\u00edrt l\u00e9gbevezet\u00e9s biztos\u00edt\u00e1sa<\/span><\/span><\/li>\n<li><span style=\"font-size:14px;\"><span style=\"font-family: verdana,geneva,sans-serif;\">Bels\u0151 relat\u00edv p\u00e1ratartalom alapj\u00e1n nyit \u00e9s z\u00e1r<\/span><\/span><\/li>\n<li><span style=\"font-size:14px;\"><span style=\"font-family: verdana,geneva,sans-serif;\">Automatikusan szab\u00e1lyozza a l\u00e9gcser\u00e9t<\/span><\/span><\/li>\n<li><span style=\"font-size:14px;\"><span style=\"font-family: verdana,geneva,sans-serif;\">Megel\u0151zi a p\u00e1ralecsap\u00f3d\u00e1st \u00e9s a pen\u00e9szesed\u00e9st<\/span><\/span><\/li>\n<li><span style=\"font-size:14px;\"><span style=\"font-family: verdana,geneva,sans-serif;\">Ut\u00f3lag is be\u00e9p\u00edthet\u0151<\/span><\/span><\/li>\n<li><span style=\"font-size:14px;\"><span style=\"font-family: verdana,geneva,sans-serif;\">Cs\u00f6kkenti a szell\u0151z\u00e9si h\u0151vesztes\u00e9get<\/span><\/span><\/li>\n<li><span style=\"font-size:14px;\"><span style=\"font-family: verdana,geneva,sans-serif;\">Seg\u00e9denergi\u00e1t nem ig\u00e9nyel<\/span><\/span><\/li>\n<li><span style=\"font-size:14px;\"><span style=\"font-family: verdana,geneva,sans-serif;\">Eszt\u00e9tikus megjelen\u00e9s\u0171<\/span><\/span><\/li>\n<li><span style=\"font-size:14px;\"><span style=\"font-family: verdana,geneva,sans-serif;\">\u00c9MI min\u0151s\u00edt\u00e9ssel rendelkezik<\/span><\/span><\/li>\n<li><span style=\"font-size:14px;\"><span style=\"font-family: verdana,geneva,sans-serif;\">Kiv\u00e1l\u00f3 \u00c9p\u00edt\u00e9si Term\u00e9k<\/span><\/span><\/li>\n<\/ul>\n<p style=\"text-align: center;\"><span style=\"font-size:14px;\"><span style=\"font-family: verdana,geneva,sans-serif;\">Fontos kiemelni a term\u00e9k haszn\u00e1lat\u00e1nak fontoss\u00e1g\u00e1t a lak\u00e1sokban el\u0151fordul\u00f3 pen\u00e9szed\u00e9sek megakad\u00e1lyoz\u00e1s\u00e1ra, illetve a friss leveg\u0151 ut\u00e1np\u00f3tl\u00e1s\u00e1nak biztos\u00edt\u00e1s\u00e1ra.<\/span><\/span><br \/><span style=\"font-size:14px;\"><span style=\"font-family: verdana,geneva,sans-serif;\"><strong>Szell\u0151ztet\u00e9s hi\u00e1ny\u00e1ban a lak\u00e1sban termel\u0151d\u0151 p\u00e1ra nem tud elt\u00e1vozni, \u00edgy el\u0151bb-ut\u00f3bb pen\u00e9szfoltok jelennek meg a lak\u00e1sban.<\/strong><\/span><\/span><\/p>\n<p><span style=\"font-size:14px;\"><span style=\"font-family: verdana,geneva,sans-serif;\"><strong>R\u00e9sszell\u0151ztet\u0151k be\u00e9p\u00edt\u00e9s\u00e9t a k\u00f6vetkez\u0151 esetekben javasoljuk:<\/strong><\/span><\/span><\/p>\n<ul>\n<li><span style=\"font-size:14px;\"><span style=\"font-family: verdana,geneva,sans-serif;\">G\u00e1zszolg\u00e1ltat\u00f3k \u00e1ltal el\u0151\u00edrt l\u00e9gbevezet\u00e9s biztos\u00edt\u00e1sa<\/span><\/span><\/li>\n<li><span style=\"font-size:14px;\"><span style=\"font-family: verdana,geneva,sans-serif;\">Lak\u00f3t\u00e9r p\u00e1ratartalm\u00e1nak cs\u00f6kkent\u00e9se<\/span><\/span><\/li>\n<li><span style=\"font-size:14px;\"><span style=\"font-family: verdana,geneva,sans-serif;\">Folyamatos friss leveg\u0151 ut\u00e1np\u00f3tl\u00e1sa<\/span><\/span><\/li>\n<li><span style=\"font-size:14px;\"><span style=\"font-family: verdana,geneva,sans-serif;\">P\u00e1raelsz\u00edv\u00f3k \u00e1ltal kivezetett leveg\u0151 ut\u00e1np\u00f3tl\u00e1sa<\/span><\/span><\/li>\n<li><span style=\"font-size:14px;\"><span style=\"font-family: verdana,geneva,sans-serif;\">Kandall\u00f3k \u00e9s cser\u00e9pk\u00e1lyh\u00e1k \u00e9g\u00e9s\u00e9hez sz\u00fcks\u00e9ges leveg\u0151 ut\u00e1np\u00f3tl\u00e1sa<\/span><\/span><\/li>\n<li><span style=\"font-size:14px;\"><span style=\"font-family: verdana,geneva,sans-serif;\">P\u00e1ratartalom optim\u00e1lis szinten tart\u00e1sa<\/span><\/span><\/li>\n<\/ul>\n<p style=\"text-align: center;\"><span style=\"font-size:16px;\"><strong><span style=\"font-family: verdana,geneva,sans-serif;\">Higroszab\u00e1lyz\u00e1s &#8211; p\u00e1ra\u00e9rz\u00e9kel\u00e9s \u00e9s automatikus szab\u00e1lyz\u00e1s<\/span><\/strong><\/span> <span style=\"font-size:16px;\"><strong><span style=\"font-family: verdana,geneva,sans-serif;\">az Aereco ablakba \u00e9p\u00edthet\u0151 l\u00e9gbevezet\u0151kkel!<\/span><\/strong><\/span><\/p>\n<p style=\"text-align: center;\"><img loading=\"lazy\" decoding=\"async\" class=\" size-full wp-image-376\" alt=\"\" height=\"352\" src=\"https:\/\/www.ablakkarter.hu\/wp-content\/uploads\/2012\/09\/legbevezeto_aereco.jpg\" width=\"704\" \/><\/p>\n<p><span style=\"font-size:14px;\"><span style=\"font-family: verdana,geneva,sans-serif;\"><strong>Az Aereco l\u00e9gbevezet\u0151k <\/strong>\u00e9rz\u00e9kel\u0151je azt az ismert fizikai jelens\u00e9get haszn\u00e1lja ki, hogy egyes anyagok megny\u00falnak a p\u00e1ratartalom emelked\u00e9sekor \u00e9s \u00f6sszeh\u00faz\u00f3dnak, ha a leveg\u0151 sz\u00e1razabb\u00e1 v\u00e1lik. Ezen az elven m\u0171k\u00f6dik az \u00e9rz\u00e9kel\u0151k poliamid p\u00e1ntk\u00f6tege, amely egy vagy t\u00f6bb zsalut mozgat, ezzel befoly\u00e1solva a szell\u0151z\u0151 leveg\u0151 mennyis\u00e9g\u00e9t. Min\u00e9l nagyobb a helyis\u00e9g leveg\u0151j\u00e9nek p\u00e1ratartalma, ann\u00e1l jobban kinyitnak a zsaluk.<\/span><\/span><\/p>\n<p align=\"center\" style=\"margin-left:36.0pt;\"><span style=\"font-size:16px;\"><strong><span style=\"font-family: verdana,geneva,sans-serif;\">\u00daj ny\u00edl\u00e1sz\u00e1r\u00f3 v\u00e1s\u00e1rl\u00e1sa eset\u00e9n k\u00e9rje, a G\u00e1zm\u0171vek \u00e1ltal elfogadott AERECO l\u00e9gbevezet\u0151 elemek beszerel\u00e9s\u00e9t! <\/span><\/strong><\/span><\/p>\n<p align=\"center\" style=\"margin-left:36.0pt;\"><strong><span style=\"font-size:14px;\"><span style=\"font-family: verdana,geneva,sans-serif;\">A Karter Ablak Kft munkat\u00e1rsai seg\u00edtenek \u00d6nnek a ny\u00edl\u00e1sz\u00e1r\u00f3kba \u00e9p\u00edthet\u0151 megfelel\u0151 szell\u0151z\u00e9si rendszer kiv\u00e1laszt\u00e1s\u00e1ban \u00e9s telep\u00edt\u00e9s\u00e9ben. <\/span><\/span><\/strong><\/p>\n<p align=\"center\" style=\"margin-left:36.0pt;\"><span style=\"font-size:14px;\"><span style=\"font-family: verdana,geneva,sans-serif;\">Ha a term\u00e9kekr\u0151l r\u00e9szletes m\u0171szaki inform\u00e1ci\u00f3ra van sz\u00fcks\u00e9ge, k\u00e9rj\u00fck, keresse koll\u00e9g\u00e1inkat szem\u00e9lyesen, vagy el\u00e9rhet\u0151s\u00e9geinken.<\/span><\/span><\/p>\n<p align=\"center\"><span style=\"font-size:18px;\"><span style=\"font-family: verdana,geneva,sans-serif;\"><strong>Aereco l\u00e9gbevezet\u0151 elemek ut\u00f3lagos<\/strong> <strong>beszerel\u00e9se bont\u00e1s n\u00e9lk\u00fcl!<\/strong><\/span><\/span><\/p>\n<p style=\"text-align: center;\">&nbsp;<\/p>\n","protected":false},"author":1,"featured_media":1118,"parent":0,"menu_order":0,"comment_status":"closed","ping_status":"closed","template":"","meta":{"footnotes":""},"class_list":["post-377","page","type-page","status-publish","has-post-thumbnail","hentry"],"_links":{"self":[{"href":"https:\/\/www.ablakkarter.hu\/index.php?rest_route=\/wp\/v2\/pages\/377","targetHints":{"allow":["GET"]}}],"collection":[{"href":"https:\/\/www.ablakkarter.hu\/index.php?rest_route=\/wp\/v2\/pages"}],"about":[{"href":"https:\/\/www.ablakkarter.hu\/index.php?rest_route=\/wp\/v2\/types\/page"}],"author":[{"embeddable":true,"href":"https:\/\/www.ablakkarter.hu\/index.php?rest_route=\/wp\/v2\/users\/1"}],"replies":[{"embeddable":true,"href":"https:\/\/www.ablakkarter.hu\/index.php?rest_route=%2Fwp%2Fv2%2Fcomments&post=377"}],"version-history":[{"count":2,"href":"https:\/\/www.ablakkarter.hu\/index.php?rest_route=\/wp\/v2\/pages\/377\/revisions"}],"predecessor-version":[{"id":1191,"href":"https:\/\/www.ablakkarter.hu\/index.php?rest_route=\/wp\/v2\/pages\/377\/revisions\/1191"}],"wp:featuredmedia":[{"embeddable":true,"href":"https:\/\/www.ablakkarter.hu\/index.php?rest_route=\/wp\/v2\/media\/1118"}],"wp:attachment":[{"href":"https:\/\/www.ablakkarter.hu\/index.php?rest_route=%2Fwp%2Fv2%2Fmedia&parent=377"}],"curies":[{"name":"wp","href":"https:\/\/api.w.org\/{rel}","templated":true}]}}