{"id":354,"date":"2012-09-13T12:26:09","date_gmt":"2012-09-13T12:26:09","guid":{"rendered":"https:\/\/www.ablakkarter.hu\/ipari-kapu\/"},"modified":"2021-12-13T15:27:55","modified_gmt":"2021-12-13T15:27:55","slug":"ipari-kapu","status":"publish","type":"page","link":"https:\/\/www.ablakkarter.hu\/?page_id=354","title":{"rendered":"Ipari kapu"},"content":{"rendered":"<p style=\"text-align: center;\"><strong><span style=\"font-size: 16px;\"><span style=\"font-family: verdana,geneva,sans-serif;\">A Karter Ablak Kft. lakoss\u00e1gi gar\u00e1zskapukon k\u00edv\u00fcl ipari kapukat is k\u00edn\u00e1l!<\/span><\/span><\/strong><\/p>\n<p align=\"center\"><span style=\"font-size: 16px;\"><span style=\"font-family: verdana,geneva,sans-serif;\"><strong>EGYEDI M\u00c9RET\u0170 IPARI KAPUK\u00a0FEL\u00c1R N\u00c9LK\u00dcL!<\/strong><\/span><\/span><\/p>\n<p align=\"center\"><img loading=\"lazy\" decoding=\"async\" class=\" size-full wp-image-351\" style=\"width: 660px; height: 290px;\" src=\"https:\/\/www.ablakkarter.hu\/wp-content\/uploads\/2012\/09\/iparikapu_arak.jpg\" alt=\"Ipari kapuk\" width=\"665\" height=\"292\" srcset=\"https:\/\/www.ablakkarter.hu\/wp-content\/uploads\/2012\/09\/iparikapu_arak.jpg 665w, https:\/\/www.ablakkarter.hu\/wp-content\/uploads\/2012\/09\/iparikapu_arak-600x263.jpg 600w, https:\/\/www.ablakkarter.hu\/wp-content\/uploads\/2012\/09\/iparikapu_arak-300x132.jpg 300w\" sizes=\"auto, (max-width: 665px) 100vw, 665px\" \/><\/p>\n<p><span style=\"font-size: 16px;\"><span style=\"font-family: verdana,geneva,sans-serif;\"><strong>Az ipari kapuk <\/strong>ide\u00e1lis megold\u00e1st ny\u00fajtanak \u00fczemek, csarnokok, rakt\u00e1rak \u00e9s teremgar\u00e1zsok bej\u00e1ratainak lez\u00e1r\u00e1s\u00e1ra. Ipari kapuk extra sz\u00e9less\u00e9gi \u00e9s magass\u00e1gi m\u00e9retekben is rendelhet\u0151k.<\/span><\/span><\/p>\n<ul>\n<li><span style=\"font-size: 16px;\"><span style=\"font-family: verdana,geneva,sans-serif;\"><strong>Sz\u00e9less\u00e9g maximum 7 m\u00e9ter <\/strong><\/span><\/span><\/li>\n<li><span style=\"font-size: 16px;\"><span style=\"font-family: verdana,geneva,sans-serif;\"><strong>Magass\u00e1g maximum 6 m\u00e9ter <\/strong><\/span><\/span><\/li>\n<li><span style=\"font-size: 16px;\"><span style=\"font-family: verdana,geneva,sans-serif;\">40mm vastag h\u0151szigetelt szendvicspanel kapulapok<\/span><\/span><\/li>\n<li><span style=\"font-size: 16px;\"><span style=\"font-family: verdana,geneva,sans-serif;\">N\u00e9gy oldali \u00e9s a kapulapok k\u00f6z\u00f6tti gumit\u00f6m\u00edt\u00e9s<\/span><\/span><\/li>\n<li><span style=\"font-size: 16px;\"><span style=\"font-family: verdana,geneva,sans-serif;\">Rendk\u00edv\u00fcl stabil szerkezet<\/span><\/span><\/li>\n<li><span style=\"font-size: 16px;\"><span style=\"font-family: verdana,geneva,sans-serif;\"><strong>Horganyzott ac\u00e9l keretek \u00e9s alkatr\u00e9szek<\/strong><\/span><\/span><\/li>\n<li><span style=\"font-size: 16px;\"><span style=\"font-family: verdana,geneva,sans-serif;\">Rug\u00f3t\u00f6r\u00e9s biztos\u00edt\u00f3<\/span><\/span><\/li>\n<li><span style=\"font-size: 16px;\"><span style=\"font-family: verdana,geneva,sans-serif;\">Zuhan\u00e1s g\u00e1tl\u00f3<\/span><\/span><\/li>\n<li><span style=\"font-size: 16px;\"><span style=\"font-family: verdana,geneva,sans-serif;\">Ujjbecs\u00edp\u0151d\u00e9s elleni v\u00e9delem<\/span><\/span><\/li>\n<li><span style=\"font-size: 16px;\"><span style=\"font-family: verdana,geneva,sans-serif;\"><strong>Ipari szell\u0151z\u0151k \u00e9s panor\u00e1ma bevil\u00e1g\u00edt\u00f3 panelek<\/strong><\/span><\/span><\/li>\n<li><span style=\"font-size: 16px;\"><span style=\"font-family: verdana,geneva,sans-serif;\"><strong>Alapsz\u00edn: feh\u00e9r<\/strong><\/span><\/span><\/li>\n<li><span style=\"font-size: 16px;\"><span style=\"font-family: verdana,geneva,sans-serif;\"><strong>A RAL sz\u00ednsk\u00e1la b\u00e1rmely sz\u00edn\u00e9ben rendelhet\u0151<\/strong><\/span><\/span><\/li>\n<\/ul>\n<p><span style=\"font-size: 16px;\"><span style=\"font-family: verdana,geneva,sans-serif;\"><strong>Az ipari kapu m\u0171k\u00f6dtet\u00e9se:<\/strong><\/span><\/span><\/p>\n<ul>\n<li><span style=\"font-size: 16px;\"><span style=\"font-family: verdana,geneva,sans-serif;\">K\u00e9zi l\u00e1ncos mozgat\u00e1ssal<\/span><\/span><\/li>\n<li><span style=\"font-size: 16px;\"><span style=\"font-family: verdana,geneva,sans-serif;\">Tengelyv\u00e9gi motoros hajt\u00e1ssal, ipari motorokkal<\/span><\/span><\/li>\n<\/ul>\n<p><span style=\"font-size: 16px;\"><span style=\"font-family: verdana,geneva,sans-serif;\">A kapuk megfelelnek az EU \u00e1ltal meghat\u00e1rozott szigor\u00fa biztons\u00e1gi k\u00f6vetelm\u00e9nyeknek. Az al\u00e1bbi kieg\u00e9sz\u00edt\u0151ket javasoljuk:<\/span><\/span><\/p>\n<ul>\n<li><span style=\"font-size: 16px;\"><span style=\"font-family: verdana,geneva,sans-serif;\">zuhan\u00e1s g\u00e1tl\u00f3 (dr\u00f3tk\u00f6t\u00e9l szakad\u00e1s elleni v\u00e9delem)*<\/span><\/span><\/li>\n<li><span style=\"font-size: 16px;\"><span style=\"font-family: verdana,geneva,sans-serif;\">rug\u00f3t\u00f6r\u00e9s elleni v\u00e9delem**<\/span><\/span><\/li>\n<li><span style=\"font-size: 16px;\"><span style=\"font-family: verdana,geneva,sans-serif;\">\u00e9l v\u00e9delem (motoros m\u0171k\u00f6dtet\u00e9sn\u00e9l)<\/span><\/span><\/li>\n<li><span style=\"font-size: 16px;\"><span style=\"font-family: verdana,geneva,sans-serif;\">r\u00e1csos szell\u0151z\u0151ny\u00edl\u00e1s kipufog\u00f3g\u00e1z elvezet\u0151 ny\u00edl\u00e1s<\/span><\/span><\/li>\n<\/ul>\n<h2><span style=\"font-size: 16px;\"><span style=\"font-family: verdana,geneva,sans-serif;\"><strong>Az ipari kapu kieg\u00e9sz\u00edt\u0151 elemei<\/strong><\/span><\/span><\/h2>\n<ul>\n<li><span style=\"font-size: 16px;\"><span style=\"font-family: verdana,geneva,sans-serif;\">Szem\u00e9lybej\u00e1r\u00f3<\/span><\/span><\/li>\n<li><span style=\"font-size: 16px;\"><span style=\"font-family: verdana,geneva,sans-serif;\">Ipari ablak (665&#215;345 mm)<\/span><\/span><\/li>\n<li><span style=\"font-size: 16px;\"><span style=\"font-family: verdana,geneva,sans-serif;\">Motoros m\u0171k\u00f6dtet\u00e9s *<\/span><\/span><\/li>\n<li><span style=\"font-size: 16px;\"><span style=\"font-family: verdana,geneva,sans-serif;\">L\u00e1ncos cs\u00f6rl\u0151 **<\/span><\/span><\/li>\n<li><span style=\"font-size: 16px;\"><span style=\"font-family: verdana,geneva,sans-serif;\">Foganty\u00fa<\/span><\/span><\/li>\n<li><span style=\"font-size: 16px;\"><span style=\"font-family: verdana,geneva,sans-serif;\">Bels\u0151 retesz<\/span><\/span><\/li>\n<li><span style=\"font-size: 16px;\"><span style=\"font-family: verdana,geneva,sans-serif;\">Cilinderes z\u00e1r<\/span><\/span><\/li>\n<li><span style=\"font-size: 16px;\"><span style=\"font-family: verdana,geneva,sans-serif;\">Panor\u00e1ma szekci\u00f3k <\/span><\/span><\/li>\n<li><span style=\"font-size: 16px;\"><span style=\"font-family: verdana,geneva,sans-serif;\">Foganty\u00fa<\/span><\/span><\/li>\n<li><span style=\"font-size: 16px;\"><span style=\"font-family: verdana,geneva,sans-serif;\">Bels\u0151 retesz<\/span><\/span><\/li>\n<li><span style=\"font-size: 16px;\"><span style=\"font-family: verdana,geneva,sans-serif;\">Cilinderes z\u00e1r<\/span><\/span><\/li>\n<\/ul>\n<p><span style=\"font-size: 16px;\"><span style=\"font-family: verdana,geneva,sans-serif;\">Az ipari kapuk megb\u00edzhat\u00f3 kapuk, egyszer\u0171en \u00e9s gyorsan telep\u00edthet\u0151k.<\/span><\/span><\/p>\n<p style=\"text-align: center;\"><span style=\"font-size: 16px;\"><span style=\"font-family: verdana,geneva,sans-serif;\"><strong>V\u00e1lasszon h\u0151szigetelt ipari kaput!<\/strong><\/span><\/span><\/p>\n<p style=\"text-align: center;\"><span style=\"font-size: 16px;\"><span style=\"font-family: verdana,geneva,sans-serif;\"><strong>Kiv\u00e1l\u00f3 h\u0151szigetel\u00e9s\u0171 ipari kapu &#8211; Energiamegtakar\u00edt\u00e1s <\/strong><\/span><\/span><\/p>\n<p style=\"text-align: center;\">\n<p><span style=\"font-size: 16px;\"><span style=\"font-family: verdana,geneva,sans-serif;\"><strong>Az ipari kapu alkatr\u00e9szeinek anyaga k\u00fcl\u00f6n\u00f6sen er\u0151s ig\u00e9nybev\u00e9telre lett kifejlesztve<\/strong><\/span><\/span><\/p>\n<p style=\"text-align: center;\"><span style=\"font-size: 16px;\"><span style=\"font-family: verdana,geneva,sans-serif;\"><strong>Az ipari kapu biztons\u00e1gos hiszen a biztons\u00e1gi kieg\u00e9sz\u00edt\u0151k eg\u00e9sz sora seg\u00edti a megb\u00edzhat\u00f3, val\u00f3ban biztons\u00e1gos m\u0171k\u00f6d\u00e9st.<\/strong><\/span><\/span><\/p>\n<h2 align=\"center\"><span style=\"font-size: 16px;\"><span style=\"font-family: verdana,geneva,sans-serif;\"><strong>V\u00e1llaljuk ipari gar\u00e1zskapuk szerel\u00e9s\u00e9t, teljes k\u00f6r\u0171 kivitelez\u00e9s\u00e9t valamint a gar\u00e1zskapuk garanci\u00e1lis \u00e9s garanci\u00e1n t\u00fali jav\u00edt\u00e1s\u00e1t!<\/strong><\/span><\/span><\/h2>\n<p style=\"text-align: center;\"><strong><span style=\"font-size: 16px;\"><span style=\"font-family: verdana,geneva,sans-serif;\">Az ipari gar\u00e1zskapu igen nagy ig\u00e9nybev\u00e9telnek van kit\u00e9ve amit gyakran, \u00e9s sokan haszn\u00e1lnak.<\/span><\/span><\/strong><\/p>\n<p style=\"text-align: center;\"><strong><span style=\"font-size: 16px;\"><span style=\"font-family: verdana,geneva,sans-serif;\">Az ipari kapu telep\u00edt\u00e9se komoly szak\u00e9rtelmet ig\u00e9nyel!<\/span><\/span><\/strong><\/p>\n<p style=\"text-align: center;\"><img loading=\"lazy\" decoding=\"async\" class=\" size-full wp-image-352\" style=\"width: 350px; height: 200px;\" src=\"https:\/\/www.ablakkarter.hu\/wp-content\/uploads\/2012\/09\/ik_1.jpg\" alt=\"Ipari gar\u00e1zskapu\" width=\"718\" height=\"411\" srcset=\"https:\/\/www.ablakkarter.hu\/wp-content\/uploads\/2012\/09\/ik_1.jpg 718w, https:\/\/www.ablakkarter.hu\/wp-content\/uploads\/2012\/09\/ik_1-600x343.jpg 600w, https:\/\/www.ablakkarter.hu\/wp-content\/uploads\/2012\/09\/ik_1-300x172.jpg 300w\" sizes=\"auto, (max-width: 718px) 100vw, 718px\" \/><\/p>\n<p><em><strong><a href=\"https:\/\/www.ablakkarter.hu\/wp-content\/uploads\/2012\/09\/Kivitelezes_elotti_nyilatkozat_ipari_kapuhoz.pdf\" target=\"_blank\" rel=\"noopener\"><span style=\"color: #fff0f5;\"><span style=\"font-size: 16px;\"><span style=\"background-color: #0000cd;\">Ipari kapu felm\u00e9r\u0151lap &gt;&gt;<\/span><\/span><\/span><\/a><\/strong><\/em><\/p>\n","protected":false},"excerpt":{"rendered":"<p style=\"text-align: center;\"><strong><span style=\"font-size:16px;\"><span style=\"font-family: verdana,geneva,sans-serif;\">A Karter Ablak Kft. lakoss\u00e1gi gar\u00e1zskapukon k\u00edv\u00fcl ipari kapukat is k\u00edn\u00e1l!<\/span><\/span><\/strong><\/p>\n<p align=\"center\"><span style=\"font-size:16px;\"><span style=\"font-family: verdana,geneva,sans-serif;\"><strong>EGYEDI M\u00c9RET\u0170 IPARI KAPUK&nbsp;FEL\u00c1R N\u00c9LK\u00dcL!<\/strong><\/span><\/span><\/p>\n<p align=\"center\"><img loading=\"lazy\" decoding=\"async\" class=\" size-full wp-image-351\" alt=\"Ipari kapuk\" src=\"https:\/\/www.ablakkarter.hu\/wp-content\/uploads\/2012\/09\/iparikapu_arak.jpg\" style=\"width: 660px; height: 290px;\" width=\"665\" height=\"292\" srcset=\"https:\/\/www.ablakkarter.hu\/wp-content\/uploads\/2012\/09\/iparikapu_arak.jpg 665w, https:\/\/www.ablakkarter.hu\/wp-content\/uploads\/2012\/09\/iparikapu_arak-600x263.jpg 600w, https:\/\/www.ablakkarter.hu\/wp-content\/uploads\/2012\/09\/iparikapu_arak-300x132.jpg 300w\" sizes=\"auto, (max-width: 665px) 100vw, 665px\" \/><\/p>\n<p><span style=\"font-size:16px;\"><span style=\"font-family: verdana,geneva,sans-serif;\"><strong>Az ipari kapuk <\/strong>ide\u00e1lis megold\u00e1st ny\u00fajtanak \u00fczemek, csarnokok, rakt\u00e1rak \u00e9s teremgar\u00e1zsok bej\u00e1ratainak lez\u00e1r\u00e1s\u00e1ra. Ipari kapuk extra sz\u00e9less\u00e9gi \u00e9s magass\u00e1gi m\u00e9retekben is rendelhet\u0151k.<\/span><\/span><\/p>\n<ul>\n<li><span style=\"font-size:16px;\"><span style=\"font-family: verdana,geneva,sans-serif;\"><strong>Sz\u00e9less\u00e9g maximum 7 m\u00e9ter <\/strong><\/span><\/span><\/li>\n<li><span style=\"font-size:16px;\"><span style=\"font-family: verdana,geneva,sans-serif;\"><strong>Magass\u00e1g maximum 6 m\u00e9ter <\/strong><\/span><\/span><\/li>\n<li><span style=\"font-size:16px;\"><span style=\"font-family: verdana,geneva,sans-serif;\">40mm vastag h\u0151szigetelt szendvicspanel kapulapok<\/span><\/span><\/li>\n<li><span style=\"font-size:16px;\"><span style=\"font-family: verdana,geneva,sans-serif;\">N\u00e9gy oldali \u00e9s a kapulapok k\u00f6z\u00f6tti gumit\u00f6m\u00edt\u00e9s<\/span><\/span><\/li>\n<li><span style=\"font-size:16px;\"><span style=\"font-family: verdana,geneva,sans-serif;\">Rendk\u00edv\u00fcl stabil szerkezet<\/span><\/span><\/li>\n<li><span style=\"font-size:16px;\"><span style=\"font-family: verdana,geneva,sans-serif;\"><strong>Horganyzott ac\u00e9l keretek \u00e9s alkatr\u00e9szek<\/strong><\/span><\/span><\/li>\n<li><span style=\"font-size:16px;\"><span style=\"font-family: verdana,geneva,sans-serif;\">Rug\u00f3t\u00f6r\u00e9s biztos\u00edt\u00f3<\/span><\/span><\/li>\n<li><span style=\"font-size:16px;\"><span style=\"font-family: verdana,geneva,sans-serif;\">Zuhan\u00e1s g\u00e1tl\u00f3<\/span><\/span><\/li>\n<li><span style=\"font-size:16px;\"><span style=\"font-family: verdana,geneva,sans-serif;\">Ujjbecs\u00edp\u0151d\u00e9s elleni v\u00e9delem<\/span><\/span><\/li>\n<li><span style=\"font-size:16px;\"><span style=\"font-family: verdana,geneva,sans-serif;\"><strong>Ipari szell\u0151z\u0151k \u00e9s panor\u00e1ma bevil\u00e1g\u00edt\u00f3 panelek<\/strong><\/span><\/span><\/li>\n<li><span style=\"font-size:16px;\"><span style=\"font-family: verdana,geneva,sans-serif;\"><strong>Alapsz\u00edn: feh\u00e9r<\/strong><\/span><\/span><\/li>\n<li><span style=\"font-size:16px;\"><span style=\"font-family: verdana,geneva,sans-serif;\"><strong>A RAL sz\u00ednsk\u00e1la b\u00e1rmely sz\u00edn\u00e9ben rendelhet\u0151<\/strong><\/span><\/span><\/li>\n<\/ul>\n<p><span style=\"font-size:16px;\"><span style=\"font-family: verdana,geneva,sans-serif;\"><strong>Az ipari kapu m\u0171k\u00f6dtet\u00e9se:<\/strong><\/span><\/span><\/p>\n<ul>\n<li><span style=\"font-size:16px;\"><span style=\"font-family: verdana,geneva,sans-serif;\">K\u00e9zi l\u00e1ncos mozgat\u00e1ssal<\/span><\/span><\/li>\n<li><span style=\"font-size:16px;\"><span style=\"font-family: verdana,geneva,sans-serif;\">Tengelyv\u00e9gi motoros hajt\u00e1ssal, ipari motorokkal<\/span><\/span><\/li>\n<\/ul>\n<p><span style=\"font-size:16px;\"><span style=\"font-family: verdana,geneva,sans-serif;\">A kapuk megfelelnek az EU \u00e1ltal meghat\u00e1rozott szigor\u00fa biztons\u00e1gi k\u00f6vetelm\u00e9nyeknek. Az al\u00e1bbi kieg\u00e9sz\u00edt\u0151ket javasoljuk:<\/span><\/span><\/p>\n<ul>\n<li><span style=\"font-size:16px;\"><span style=\"font-family: verdana,geneva,sans-serif;\">zuhan\u00e1s g\u00e1tl\u00f3 (dr\u00f3tk\u00f6t\u00e9l szakad\u00e1s elleni v\u00e9delem)*<\/span><\/span><\/li>\n<li><span style=\"font-size:16px;\"><span style=\"font-family: verdana,geneva,sans-serif;\">rug\u00f3t\u00f6r\u00e9s elleni v\u00e9delem**<\/span><\/span><\/li>\n<li><span style=\"font-size:16px;\"><span style=\"font-family: verdana,geneva,sans-serif;\">\u00e9l v\u00e9delem (motoros m\u0171k\u00f6dtet\u00e9sn\u00e9l)<\/span><\/span><\/li>\n<li><span style=\"font-size:16px;\"><span style=\"font-family: verdana,geneva,sans-serif;\">r\u00e1csos szell\u0151z\u0151ny\u00edl\u00e1s kipufog\u00f3g\u00e1z elvezet\u0151 ny\u00edl\u00e1s<\/span><\/span><\/li>\n<\/ul>\n<h2><span style=\"font-size:16px;\"><span style=\"font-family: verdana,geneva,sans-serif;\"><strong>Az ipari kapu kieg\u00e9sz\u00edt\u0151 elemei<\/strong><\/span><\/span><\/h2>\n<ul>\n<li><span style=\"font-size:16px;\"><span style=\"font-family: verdana,geneva,sans-serif;\">Szem\u00e9lybej\u00e1r\u00f3<\/span><\/span><\/li>\n<li><span style=\"font-size:16px;\"><span style=\"font-family: verdana,geneva,sans-serif;\">Ipari ablak (665&#215;345 mm)<\/span><\/span><\/li>\n<li><span style=\"font-size:16px;\"><span style=\"font-family: verdana,geneva,sans-serif;\">Motoros m\u0171k\u00f6dtet\u00e9s *<\/span><\/span><\/li>\n<li><span style=\"font-size:16px;\"><span style=\"font-family: verdana,geneva,sans-serif;\">L\u00e1ncos cs\u00f6rl\u0151 **<\/span><\/span><\/li>\n<li><span style=\"font-size:16px;\"><span style=\"font-family: verdana,geneva,sans-serif;\">Foganty\u00fa<\/span><\/span><\/li>\n<li><span style=\"font-size:16px;\"><span style=\"font-family: verdana,geneva,sans-serif;\">Bels\u0151 retesz<\/span><\/span><\/li>\n<li><span style=\"font-size:16px;\"><span style=\"font-family: verdana,geneva,sans-serif;\">Cilinderes z\u00e1r<\/span><\/span><\/li>\n<li><span style=\"font-size:16px;\"><span style=\"font-family: verdana,geneva,sans-serif;\">Panor\u00e1ma szekci\u00f3k <\/span><\/span><\/li>\n<li><span style=\"font-size:16px;\"><span style=\"font-family: verdana,geneva,sans-serif;\">Foganty\u00fa<\/span><\/span><\/li>\n<li><span style=\"font-size:16px;\"><span style=\"font-family: verdana,geneva,sans-serif;\">Bels\u0151 retesz<\/span><\/span><\/li>\n<li><span style=\"font-size:16px;\"><span style=\"font-family: verdana,geneva,sans-serif;\">Cilinderes z\u00e1r<\/span><\/span><\/li>\n<\/ul>\n<p><span style=\"font-size:16px;\"><span style=\"font-family: verdana,geneva,sans-serif;\">Az ipari kapuk megb\u00edzhat\u00f3 kapuk, egyszer\u0171en \u00e9s gyorsan telep\u00edthet\u0151k.<\/span><\/span><\/p>\n<p style=\"text-align: center;\"><span style=\"font-size:16px;\"><span style=\"font-family: verdana,geneva,sans-serif;\"><strong>V\u00e1lasszon h\u0151szigetelt ipari kaput!<\/strong><\/span><\/span><\/p>\n<p style=\"text-align: center;\"><span style=\"font-size:16px;\"><span style=\"font-family: verdana,geneva,sans-serif;\"><strong>Kiv\u00e1l\u00f3 h\u0151szigetel\u00e9s\u0171 ipari kapu &#8211; Energiamegtakar\u00edt\u00e1s <\/strong><\/span><\/span><\/p>\n<p style=\"text-align: center;\">&nbsp;<\/p>\n<p><span style=\"font-size:16px;\"><span style=\"font-family: verdana,geneva,sans-serif;\"><strong>Az ipari kapu alkatr\u00e9szeinek anyaga k\u00fcl\u00f6n\u00f6sen er\u0151s ig\u00e9nybev\u00e9telre lett kifejlesztve<\/strong><\/span><\/span><\/p>\n<p style=\"text-align: center;\"><span style=\"font-size:16px;\"><span style=\"font-family: verdana,geneva,sans-serif;\"><strong>Az ipari kapu biztons\u00e1gos hiszen a biztons\u00e1gi kieg\u00e9sz\u00edt\u0151k eg\u00e9sz sora seg\u00edti a megb\u00edzhat\u00f3, val\u00f3ban biztons\u00e1gos m\u0171k\u00f6d\u00e9st.<\/strong><\/span><\/span><\/p>\n<h2 align=\"center\"><span style=\"font-size:16px;\"><span style=\"font-family: verdana,geneva,sans-serif;\"><strong>V\u00e1llaljuk ipari gar\u00e1zskapuk szerel\u00e9s\u00e9t, teljes k\u00f6r\u0171 kivitelez\u00e9s\u00e9t valamint a gar\u00e1zskapuk garanci\u00e1lis \u00e9s garanci\u00e1n t\u00fali jav\u00edt\u00e1s\u00e1t!<\/strong><\/span><\/span><\/h2>\n<p style=\"text-align: center;\"><strong><span style=\"font-size:16px;\"><span style=\"font-family: verdana,geneva,sans-serif;\">Az ipari gar\u00e1zskapu igen nagy ig\u00e9nybev\u00e9telnek van kit\u00e9ve amit gyakran, \u00e9s sokan haszn\u00e1lnak.<\/span><\/span><\/strong><\/p>\n<p style=\"text-align: center;\"><strong><span style=\"font-size:16px;\"><span style=\"font-family: verdana,geneva,sans-serif;\">Az ipari kapu telep\u00edt\u00e9se komoly szak\u00e9rtelmet ig\u00e9nyel!<\/span><\/span><\/strong><\/p>\n<p style=\"text-align: center;\"><img loading=\"lazy\" decoding=\"async\" class=\" size-full wp-image-352\" alt=\"Ipari gar\u00e1zskapu\" class=\"kat_lec\" src=\"https:\/\/www.ablakkarter.hu\/wp-content\/uploads\/2012\/09\/ik_1.jpg\" style=\"width: 350px; height: 200px;\" width=\"718\" height=\"411\" srcset=\"https:\/\/www.ablakkarter.hu\/wp-content\/uploads\/2012\/09\/ik_1.jpg 718w, https:\/\/www.ablakkarter.hu\/wp-content\/uploads\/2012\/09\/ik_1-600x343.jpg 600w, https:\/\/www.ablakkarter.hu\/wp-content\/uploads\/2012\/09\/ik_1-300x172.jpg 300w\" sizes=\"auto, (max-width: 718px) 100vw, 718px\" \/><\/p>\n<p><em><strong><a href=\"https:\/\/www.ablakkarter.hu\/wp-content\/uploads\/2012\/09\/Kivitelezes_elotti_nyilatkozat_ipari_kapuhoz.pdf\" target=\"_blank\" rel=\"noopener\"><span style=\"color:#fff0f5;\"><span style=\"font-size: 16px;\"><span style=\"background-color: rgb(0, 0, 205);\">Ipari kapu felm\u00e9r\u0151lap &gt;&gt;<\/span><\/span><\/span><\/a><\/strong><\/em><\/p>\n<p>&nbsp;<\/p>\n","protected":false},"author":1,"featured_media":1118,"parent":0,"menu_order":0,"comment_status":"closed","ping_status":"closed","template":"","meta":{"footnotes":""},"class_list":["post-354","page","type-page","status-publish","has-post-thumbnail","hentry"],"_links":{"self":[{"href":"https:\/\/www.ablakkarter.hu\/index.php?rest_route=\/wp\/v2\/pages\/354","targetHints":{"allow":["GET"]}}],"collection":[{"href":"https:\/\/www.ablakkarter.hu\/index.php?rest_route=\/wp\/v2\/pages"}],"about":[{"href":"https:\/\/www.ablakkarter.hu\/index.php?rest_route=\/wp\/v2\/types\/page"}],"author":[{"embeddable":true,"href":"https:\/\/www.ablakkarter.hu\/index.php?rest_route=\/wp\/v2\/users\/1"}],"replies":[{"embeddable":true,"href":"https:\/\/www.ablakkarter.hu\/index.php?rest_route=%2Fwp%2Fv2%2Fcomments&post=354"}],"version-history":[{"count":1,"href":"https:\/\/www.ablakkarter.hu\/index.php?rest_route=\/wp\/v2\/pages\/354\/revisions"}],"predecessor-version":[{"id":1188,"href":"https:\/\/www.ablakkarter.hu\/index.php?rest_route=\/wp\/v2\/pages\/354\/revisions\/1188"}],"wp:featuredmedia":[{"embeddable":true,"href":"https:\/\/www.ablakkarter.hu\/index.php?rest_route=\/wp\/v2\/media\/1118"}],"wp:attachment":[{"href":"https:\/\/www.ablakkarter.hu\/index.php?rest_route=%2Fwp%2Fv2%2Fmedia&parent=354"}],"curies":[{"name":"wp","href":"https:\/\/api.w.org\/{rel}","templated":true}]}}