{"id":278,"date":"2012-07-25T12:50:17","date_gmt":"2012-07-25T12:50:17","guid":{"rendered":"https:\/\/www.ablakkarter.hu\/fenyo-belteri-ajto\/"},"modified":"2026-03-19T14:39:01","modified_gmt":"2026-03-19T14:39:01","slug":"fenyo-belteri-ajto","status":"publish","type":"page","link":"https:\/\/www.ablakkarter.hu\/?page_id=278","title":{"rendered":"Feny\u0151 belt\u00e9ri ajt\u00f3"},"content":{"rendered":"\n<p class=\"has-text-align-center\"><span style=\"font-size: 14px;\"><strong><span style=\"font-family: verdana,geneva,sans-serif;\">A lucfeny\u0151 \u00e9s borovi feny\u0151 belt\u00e9ri ajt\u00f3k gy\u00e1rt\u00e1sa szabv\u00e1nym\u00e9retek \u00e9s mint\u00e1zatok kiv\u00e1laszt\u00e1sa alapj\u00e1n t\u00f6rt\u00e9nik. A feny\u0151 belt\u00e9ri ajt\u00f3k egyedi m\u00e9retre gy\u00e1rthat\u00f3k \u00e9s ig\u00e9ny eset\u00e9n v\u00e1llaljuk a ny\u00edl\u00e1sz\u00e1r\u00f3k gy\u00e1ri fel\u00fcletkezel\u00e9s\u00e9t is. A m\u00e9retre gy\u00e1rt\u00e1si lehet\u0151s\u00e9gekr\u0151l \u00e9rdekl\u0151dj\u00f6n el\u00e9rhet\u0151s\u00e9geinken! &nbsp; <\/span><\/strong><\/span><\/p>\n\n\n<div class=\"wp-block-image\">\n<figure class=\"aligncenter size-large\"><img loading=\"lazy\" decoding=\"async\" width=\"1024\" height=\"499\" src=\"https:\/\/www.ablakkarter.hu\/wp-content\/uploads\/2024\/09\/fa_belteri_ajtok-1024x499.jpg\" alt=\"\" class=\"wp-image-1716\" srcset=\"https:\/\/www.ablakkarter.hu\/wp-content\/uploads\/2024\/09\/fa_belteri_ajtok-1024x499.jpg 1024w, https:\/\/www.ablakkarter.hu\/wp-content\/uploads\/2024\/09\/fa_belteri_ajtok-scaled-600x292.jpg 600w, https:\/\/www.ablakkarter.hu\/wp-content\/uploads\/2024\/09\/fa_belteri_ajtok-300x146.jpg 300w, https:\/\/www.ablakkarter.hu\/wp-content\/uploads\/2024\/09\/fa_belteri_ajtok-768x374.jpg 768w, https:\/\/www.ablakkarter.hu\/wp-content\/uploads\/2024\/09\/fa_belteri_ajtok-1536x748.jpg 1536w, https:\/\/www.ablakkarter.hu\/wp-content\/uploads\/2024\/09\/fa_belteri_ajtok-2048x997.jpg 2048w\" sizes=\"auto, (max-width: 1024px) 100vw, 1024px\" \/><\/figure>\n<\/div>\n\n\n<p class=\"has-text-align-center\"><\/p>\n\n\n\n<p><span style=\"font-size: 14px;\"><strong><span style=\"font-family: verdana,geneva,sans-serif;\">Fel\u00fcletkezel\u00e9s szempontj\u00e1b\u00f3l a fa belt\u00e9ri ajt\u00f3kat k\u00e9t csoportra oszthatjuk:<\/span><\/strong><\/span><\/p>\n\n\n\n<ul class=\"wp-block-list\">\n<li><span style=\"font-size: 14px;\"><strong><span style=\"font-family: verdana,geneva,sans-serif;\">Nat\u00far fel\u00fclet\u0171<span style=\"font-size: 14px;\"><strong><span style=\"font-family: verdana,geneva,sans-serif;\"> fa belt\u00e9ri ajt\u00f3<\/span><\/strong><\/span> <\/span><\/strong><\/span><\/li>\n\n\n\n<li><span style=\"font-size: 14px;\"><strong><span style=\"font-family: verdana,geneva,sans-serif;\">Fel\u00fcletkezelt<span style=\"font-size: 14px;\"><strong><span style=\"font-family: verdana,geneva,sans-serif;\"> fa belt\u00e9ri ajt\u00f3<\/span><\/strong><\/span>&nbsp;&nbsp;&nbsp;&nbsp;&nbsp;&nbsp;&nbsp;&nbsp; <\/span><\/strong><\/span><\/li>\n<\/ul>\n\n\n\n<p><span style=\"font-size: 14px;\"><strong><span style=\"font-family: verdana,geneva,sans-serif;\">A belt\u00e9ri ajt\u00f3 alapanyag szerinti oszt\u00e1lyoz\u00e1sa: <\/span><\/strong><\/span><\/p>\n\n\n\n<ul class=\"wp-block-list\">\n<li><span style=\"font-size: 14px;\"><strong><span style=\"font-family: verdana,geneva,sans-serif;\">Els\u0151 oszt\u00e1ly\u00fa lucfeny\u0151<\/span><\/strong><\/span><\/li>\n\n\n\n<li><span style=\"font-size: 14px;\"><strong><span style=\"font-family: verdana,geneva,sans-serif;\">Borovi feny\u0151<\/span><\/strong><\/span><\/li>\n<\/ul>\n\n\n\n<p><span style=\"font-size: 14px;\"><strong><span style=\"font-family: verdana,geneva,sans-serif;\"><span style=\"font-size: 14px;\"><strong><span style=\"font-family: verdana,geneva,sans-serif;\">Belt\u00e9ri ajt\u00f3 t\u00edpusv\u00e1laszt\u00e9k<\/span><\/strong><\/span>:<\/span><\/strong><\/span><\/p>\n\n\n\n<ul class=\"wp-block-list\">\n<li><span style=\"font-size: 14px;\"><strong><span style=\"font-family: verdana,geneva,sans-serif;\">Egysz\u00e1rny\u00fa <span style=\"font-size: 14px;\"><strong><span style=\"font-family: verdana,geneva,sans-serif;\">feny\u0151 belt\u00e9ri ajt\u00f3<\/span><\/strong><\/span><\/span><\/strong><\/span><\/li>\n\n\n\n<li><span style=\"font-size: 14px;\"><strong><span style=\"font-family: verdana,geneva,sans-serif;\">K\u00e9tsz\u00e1rny\u00fa feny\u0151 belt\u00e9ri ajt\u00f3<\/span><\/strong><\/span><\/li>\n\n\n\n<li><strong><span style=\"font-size: 14px;\"><span style=\"font-family: verdana,geneva,sans-serif;\">Tol\u00f3ajt\u00f3<\/span><\/span><\/strong><\/li>\n\n\n\n<li><span style=\"font-size: 14px;\"><strong><span style=\"font-family: verdana,geneva,sans-serif;\">T\u00f6m\u00f6r feny\u0151 belt\u00e9ri ajt\u00f3 <\/span><\/strong><\/span><\/li>\n\n\n\n<li><span style=\"font-size: 14px;\"><strong><span style=\"font-family: verdana,geneva,sans-serif;\">F\u00e9lig \u00fcvegezhet\u0151 <span style=\"font-size: 14px;\"><strong><span style=\"font-family: verdana,geneva,sans-serif;\">feny\u0151 belt\u00e9ri ajt\u00f3&nbsp; <\/span><\/strong><\/span><\/span><\/strong><\/span><\/li>\n\n\n\n<li><span style=\"font-size: 14px;\"><strong><span style=\"font-family: verdana,geneva,sans-serif;\">M\u00e9lyen \u00fcvegezhet\u0151 <span style=\"font-size: 14px;\"><strong><span style=\"font-family: verdana,geneva,sans-serif;\">feny\u0151 belt\u00e9ri ajt\u00f3<\/span><\/strong><\/span><\/span><\/strong><\/span><\/li>\n<\/ul>\n\n\n\n<p><strong><span style=\"font-size: 14px;\"><span style=\"font-family: verdana,geneva,sans-serif;\">Belt\u00e9ri ajt\u00f3khoz v\u00e1laszthat\u00f3 ajt\u00f3tok t\u00edpusok:<\/span><\/span><\/strong><\/p>\n\n\n\n<ul class=\"wp-block-list\">\n<li><span style=\"font-size: 14px;\"><strong><span style=\"font-family: verdana,geneva,sans-serif;\"><span style=\"font-size: 14px;\"><strong><span style=\"font-family: verdana,geneva,sans-serif;\">Pall\u00f3tokos belt\u00e9ri ajt\u00f3<\/span><\/strong><\/span><\/span><\/strong><\/span><\/li>\n\n\n\n<li><span style=\"font-size: 14px;\"><strong><span style=\"font-family: verdana,geneva,sans-serif;\"><span style=\"font-size: 14px;\"><strong><span style=\"font-family: verdana,geneva,sans-serif;\">Ger\u00e9btokos belt\u00e9ri ajt\u00f3<\/span><\/strong><\/span><\/span><\/strong><\/span><\/li>\n\n\n\n<li><span style=\"font-size: 14px;\"><strong><span style=\"font-family: verdana,geneva,sans-serif;\"><span style=\"font-size: 14px;\"><strong><span style=\"font-family: verdana,geneva,sans-serif;\">Ut\u00f3lag szerelhet\u0151 tokos belt\u00e9ri ajt\u00f3<\/span><\/strong><\/span><\/span><\/strong><\/span><\/li>\n<\/ul>\n\n\n\n<p class=\"has-text-align-center\"><span style=\"font-size: 14px;\"><strong><span style=\"font-family: verdana,geneva,sans-serif;\">A belt\u00e9ri fa ajt\u00f3k alaptartoz\u00e9ka a norm\u00e1l ajt\u00f3z\u00e1r \u00e9s a becsavar\u00f3s ajt\u00f3p\u00e1nt.<\/span><\/strong><\/span><\/p>\n\n\n\n<p class=\"has-text-align-center\"><span style=\"font-size: 14px;\"><span style=\"font-family: verdana,geneva,sans-serif;\"><strong>A belt\u00e9ri fa ajt\u00f3khoz a kilincs, a k\u00f6sz\u00f6b \u00e9s a szerel\u00e9si h\u00e9zag elt\u00fcntet\u00e9s\u00e9t szolg\u00e1l\u00f3 takar\u00f3l\u00e9c nem alaptartoz\u00e9k!<\/strong><\/span><\/span><\/p>\n\n\n\n<p><span style=\"font-size: 14px;\"><strong><span style=\"font-family: verdana,geneva,sans-serif;\">Feny\u0151 belt\u00e9ri ajt\u00f3 szabv\u00e1ny m\u00e9retek: <\/span><\/strong><\/span><\/p>\n\n\n\n<ul class=\"wp-block-list\">\n<li><span style=\"font-size: 14px;\"><strong><span style=\"font-family: verdana,geneva,sans-serif;\">Egysz\u00e1rny\u00fa bejt\u00e9ri ajt\u00f3 szabv\u00e1ny m\u00e9ret: 75*210 cm, 90*210 cm, 100*210 cm. <\/span><\/strong><\/span><\/li>\n\n\n\n<li><span style=\"font-size: 14px;\"><strong><span style=\"font-family: verdana,geneva,sans-serif;\"><span style=\"font-size: 14px;\"><strong><span style=\"font-family: verdana,geneva,sans-serif;\">K\u00e9tsz\u00e1rny\u00fa bejt\u00e9ri ajt\u00f3 szabv\u00e1ny m\u00e9ret:<\/span><\/strong><\/span> 140*210 cm<\/span><\/strong><\/span><\/li>\n<\/ul>\n\n\n\n<p class=\"has-text-align-center\"><strong><span style=\"font-size: 16px;\"><span style=\"font-family: verdana,geneva,sans-serif;\">Tekintse meg a <strong><span style=\"font-size: 16px;\"><span style=\"font-family: verdana,geneva,sans-serif;\">fa ny\u00edl\u00e1sz\u00e1r\u00f3khoz javasolt <\/span><\/span><\/strong>MILESI vastaglaz\u00far sz\u00ednmint\u00e1t! <\/span><\/span><\/strong><\/p>\n\n\n\n<figure class=\"wp-block-image\"><a href=\"https:\/\/www.ablakkarter.hu\/wp-content\/uploads\/2012\/07\/vastaglazur.jpg\" rel=\"lightbox[Standard]\"><img loading=\"lazy\" decoding=\"async\" width=\"740\" height=\"1158\" src=\"https:\/\/www.ablakkarter.hu\/wp-content\/uploads\/2012\/07\/vastaglazur.jpg\" alt=\"\" class=\"wp-image-277\" srcset=\"https:\/\/www.ablakkarter.hu\/wp-content\/uploads\/2012\/07\/vastaglazur.jpg 740w, https:\/\/www.ablakkarter.hu\/wp-content\/uploads\/2012\/07\/vastaglazur-192x300.jpg 192w, https:\/\/www.ablakkarter.hu\/wp-content\/uploads\/2012\/07\/vastaglazur-654x1024.jpg 654w\" sizes=\"auto, (max-width: 740px) 100vw, 740px\" \/><\/a><\/figure>\n\n\n\n<p class=\"has-text-align-center\"><\/p>\n\n\n\n<h2 class=\"wp-block-heading art-postheader\"><strong><span style=\"font-size: 14px;\"><span style=\"font-family: verdana,geneva,sans-serif;\">Feny\u0151 belt\u00e9ri ajt\u00f3 Baja &#8211; <\/span><\/span><\/strong><strong><span style=\"font-size: 14px;\"><span style=\"font-family: verdana,geneva,sans-serif;\">Feny\u0151 belt\u00e9ri ajt\u00f3<\/span><\/span><\/strong><strong><span style=\"font-size: 14px;\"><span style=\"font-family: verdana,geneva,sans-serif;\"> Kalocsa &#8211; <\/span><\/span><\/strong><strong><span style=\"font-size: 14px;\"><span style=\"font-family: verdana,geneva,sans-serif;\">Feny\u0151 belt\u00e9ri ajt\u00f3<\/span><\/span><\/strong><strong><span style=\"font-size: 14px;\"><span style=\"font-family: verdana,geneva,sans-serif;\"> Kisk\u0151r\u00f6s<\/span><\/span><\/strong><\/h2>\n\n\n\n<h2 class=\"wp-block-heading art-postheader\"><a href=\"\/nyomott-mintas-lemezelt-belteri-ajto\"><span style=\"color: #ffd700;\">Tov\u00e1bb a nyomott mint\u00e1s lemezelt belt\u00e9ri ajt\u00f3khoz<\/span><\/a><\/h2>\n\n\n\n<p class=\"has-text-align-center\">&nbsp;<\/p>\n","protected":false},"excerpt":{"rendered":"<p style=\"text-align: center;\"><span style=\"font-size:14px;\"><strong><span style=\"font-family: verdana,geneva,sans-serif;\">A lucfeny\u0151 \u00e9s borovi feny\u0151 belt\u00e9ri ajt\u00f3k gy\u00e1rt\u00e1sa szabv\u00e1nym\u00e9retek \u00e9s mint\u00e1zatok kiv\u00e1laszt\u00e1sa alapj\u00e1n t\u00f6rt\u00e9nik. A feny\u0151 belt\u00e9ri ajt\u00f3k egyedi m\u00e9retre gy\u00e1rthat\u00f3k \u00e9s ig\u00e9ny eset\u00e9n v\u00e1llaljuk a ny\u00edl\u00e1sz\u00e1r\u00f3k gy\u00e1ri fel\u00fcletkezel\u00e9s\u00e9tt is. A m\u00e9retre gy\u00e1rt\u00e1si lehet\u0151s\u00e9gekr\u0151l \u00e9rdekl\u0151dj\u00f6n el\u00e9rhet\u0151s\u00e9geinken! &nbsp;&nbsp; <\/span><\/strong><\/span><\/p>\n<p>&nbsp;<\/p>\n<p style=\"text-align: center;\"><a href=\"https:\/\/www.ablakkarter.hu\/wp-content\/uploads\/2012\/07\/Alfold_felig_uveges.JPG\" rel=\"lightbox[Standard]\" title=\"Alf\u00f6ld f\u00e9lig \u00fcveges\"><img loading=\"lazy\" decoding=\"async\" class=\" size-full wp-image-233\" alt=\"Feny\u0151 belt\u00e9ri ajt\u00f3\" class=\"kat_lec\" src=\"https:\/\/www.ablakkarter.hu\/wp-content\/uploads\/2012\/07\/Alfold_felig_uveges_k.jpg\" style=\"width: 82px; height: 200px;\" width=\"82\" height=\"200\" \/><\/a><a href=\"https:\/\/www.ablakkarter.hu\/wp-content\/uploads\/2012\/07\/Alfold_melyen_uveges.JPG\" rel=\"lightbox[Standard]\" title=\"Alf\u00f6ld m\u00e9lyen \u00fcveges\"> <img loading=\"lazy\" decoding=\"async\" class=\" size-full wp-image-250\" alt=\"Feny\u0151 belt\u00e9ri ajt\u00f3\" class=\"kat_lec\" src=\"https:\/\/www.ablakkarter.hu\/wp-content\/uploads\/2012\/07\/Alfold_melyen_uveges_k.jpg\" style=\"width: 82px; height: 200px;\" width=\"82\" height=\"200\" \/><\/a><a href=\"https:\/\/www.ablakkarter.hu\/wp-content\/uploads\/2012\/07\/Alfold_tele.JPG\" rel=\"lightbox[Standard]\" title=\"Alf\u00f6ld tele\"> <img loading=\"lazy\" decoding=\"async\" class=\" size-full wp-image-252\" alt=\"Feny\u0151 belt\u00e9ri ajt\u00f3\" class=\"kat_lec\" src=\"https:\/\/www.ablakkarter.hu\/wp-content\/uploads\/2012\/07\/Alfold_tele_k.jpg\" style=\"width: 82px; height: 200px;\" width=\"82\" height=\"200\" \/> <\/a><a href=\"https:\/\/www.ablakkarter.hu\/wp-content\/uploads\/2012\/07\/Fenyo_ives_kazettas_felig_uv.JPG\" rel=\"lightbox[Standard]\" title=\"Feny\u0151 \u00edves kazett\u00e1s f\u00e9lig \u00fcveges\"><img loading=\"lazy\" decoding=\"async\" class=\" size-full wp-image-254\" alt=\"Feny\u0151 belt\u00e9ri ajt\u00f3\" class=\"kat_lec\" src=\"https:\/\/www.ablakkarter.hu\/wp-content\/uploads\/2012\/07\/Fenyo_ives_kazettas_felig_uv_k.jpg\" style=\"width: 82px; height: 200px;\" width=\"82\" height=\"200\" \/> <\/a><a href=\"https:\/\/www.ablakkarter.hu\/wp-content\/uploads\/2012\/07\/Fenyo_ives_kazettas_melyen_uv.JPG\" rel=\"lightbox[Standard]\" title=\"Feny\u0151 \u00edves kazett\u00e1s m\u00e9lyen \u00fcveges\"><img loading=\"lazy\" decoding=\"async\" class=\" size-full wp-image-256\" alt=\"Feny\u0151 belt\u00e9ri ajt\u00f3\" class=\"kat_lec\" src=\"https:\/\/www.ablakkarter.hu\/wp-content\/uploads\/2012\/07\/Fenyo_ives_kazettas_melyen_uv_k.jpg\" style=\"width: 82px; height: 200px;\" width=\"82\" height=\"200\" \/><\/a><\/p>\n<p style=\"text-align: center;\"><a href=\"https:\/\/www.ablakkarter.hu\/wp-content\/uploads\/2012\/07\/Fenyo_ives_kazettas_tele.JPG\" rel=\"lightbox[Standard]\" title=\"Feny\u0151 \u00edves kazett\u00e1s tele\"><img loading=\"lazy\" decoding=\"async\" class=\" size-full wp-image-258\" alt=\"Feny\u0151 belt\u00e9ri ajt\u00f3\" class=\"kat_lec\" src=\"https:\/\/www.ablakkarter.hu\/wp-content\/uploads\/2012\/07\/Fenyo_ives_kazettas_tele_k.jpg\" style=\"width: 82px; height: 200px;\" width=\"82\" height=\"200\" \/><\/a> <a href=\"https:\/\/www.ablakkarter.hu\/wp-content\/uploads\/2012\/07\/Matra_felig_uv.jpg\" rel=\"lightbox[Standard]\" title=\"M\u00e1tra f\u00e9lig \u00fcveges\"> <img loading=\"lazy\" decoding=\"async\" class=\" size-full wp-image-260\" alt=\"Feny\u0151 belt\u00e9ri ajt\u00f3\" class=\"kat_lec\" src=\"https:\/\/www.ablakkarter.hu\/wp-content\/uploads\/2012\/07\/Matra_felig_uv_k.jpg\" style=\"width: 82px; height: 200px;\" width=\"82\" height=\"200\" \/><\/a> <a href=\"https:\/\/www.ablakkarter.hu\/wp-content\/uploads\/2012\/07\/Matra_tele.jpg\" rel=\"lightbox[Standard]\" title=\"M\u00e1tra tele\"> <img loading=\"lazy\" decoding=\"async\" class=\" size-full wp-image-262\" alt=\"Feny\u0151 belt\u00e9ri ajt\u00f3\" class=\"kat_lec\" src=\"https:\/\/www.ablakkarter.hu\/wp-content\/uploads\/2012\/07\/Matra_tele_k.jpg\" style=\"width: 82px; height: 200px;\" width=\"82\" height=\"200\" \/> <\/a> <a href=\"https:\/\/www.ablakkarter.hu\/wp-content\/uploads\/2012\/07\/Rona_felig_uv.JPG\" rel=\"lightbox[Standard]\" title=\"R\u00f3na f\u00e9lig \u00fcveges\"><img loading=\"lazy\" decoding=\"async\" class=\" size-full wp-image-264\" alt=\"Feny\u0151 belt\u00e9ri ajt\u00f3\" class=\"kat_lec\" src=\"https:\/\/www.ablakkarter.hu\/wp-content\/uploads\/2012\/07\/Rona_felig_uv_k.jpg\" style=\"width: 82px; height: 200px;\" width=\"82\" height=\"200\" \/> <\/a> <a href=\"https:\/\/www.ablakkarter.hu\/wp-content\/uploads\/2012\/07\/Rona_melyen_uv.JPG\" rel=\"lightbox[Standard]\" title=\"R\u00f3na m\u00e9lyen \u00fcveges\"><img loading=\"lazy\" decoding=\"async\" class=\" size-full wp-image-266\" alt=\"Feny\u0151 belt\u00e9ri ajt\u00f3\" class=\"kat_lec\" src=\"https:\/\/www.ablakkarter.hu\/wp-content\/uploads\/2012\/07\/Rona_melyen_uv_k.jpg\" style=\"width: 82px; height: 200px;\" width=\"82\" height=\"200\" \/><\/a><\/p>\n<p style=\"text-align: center;\"><a href=\"https:\/\/www.ablakkarter.hu\/wp-content\/uploads\/2012\/07\/Rona_tele.JPG\" rel=\"lightbox[Standard]\" title=\"R\u00f3na tele\"><img loading=\"lazy\" decoding=\"async\" class=\" size-full wp-image-268\" alt=\"Feny\u0151 belt\u00e9ri ajt\u00f3\" class=\"kat_lec\" src=\"https:\/\/www.ablakkarter.hu\/wp-content\/uploads\/2012\/07\/Rona_tele_k.jpg\" style=\"width: 82px; height: 200px;\" width=\"82\" height=\"200\" \/><\/a> <a href=\"https:\/\/www.ablakkarter.hu\/wp-content\/uploads\/2012\/07\/Rusztikus_melyen_uv.JPG\" rel=\"lightbox[Standard]\" title=\"Rusztikus m\u00e9lyen \u00fcveges\"> <img loading=\"lazy\" decoding=\"async\" class=\" size-full wp-image-270\" alt=\"Feny\u0151 belt\u00e9ri ajt\u00f3\" class=\"kat_lec\" src=\"https:\/\/www.ablakkarter.hu\/wp-content\/uploads\/2012\/07\/Rusztikus_melyen_uv_k.jpg\" style=\"width: 82px; height: 200px;\" width=\"82\" height=\"200\" \/><\/a> <a href=\"https:\/\/www.ablakkarter.hu\/wp-content\/uploads\/2012\/07\/Rusztikus_felig_uv.JPG\" rel=\"lightbox[Standard]\" title=\"Rusztikus f\u00e9lig \u00fcveges\"> <img loading=\"lazy\" decoding=\"async\" class=\" size-full wp-image-272\" alt=\"Feny\u0151 belt\u00e9ri ajt\u00f3\" class=\"kat_lec\" src=\"https:\/\/www.ablakkarter.hu\/wp-content\/uploads\/2012\/07\/Rusztikus_felig_uv_k.jpg\" style=\"width: 82px; height: 200px;\" width=\"82\" height=\"200\" \/> <\/a> <a href=\"https:\/\/www.ablakkarter.hu\/wp-content\/uploads\/2012\/07\/Rusztikus_tele.JPG\" rel=\"lightbox[Standard]\" title=\"Rusztikus tele\"><img loading=\"lazy\" decoding=\"async\" class=\" size-full wp-image-274\" alt=\"Feny\u0151 belt\u00e9ri ajt\u00f3\" class=\"kat_lec\" src=\"https:\/\/www.ablakkarter.hu\/wp-content\/uploads\/2012\/07\/Rusztikus_tele_k.jpg\" style=\"width: 82px; height: 200px;\" width=\"82\" height=\"200\" \/> <\/a> <a href=\"https:\/\/www.ablakkarter.hu\/wp-content\/uploads\/2012\/07\/Zebra_tomor.jpg\" rel=\"lightbox[Standard]\" title=\"Zebra t\u00f6m\u00f6r\"><img loading=\"lazy\" decoding=\"async\" class=\" size-full wp-image-276\" alt=\"Feny\u0151 belt\u00e9ri ajt\u00f3\" class=\"kat_lec\" src=\"https:\/\/www.ablakkarter.hu\/wp-content\/uploads\/2012\/07\/Zebra_tomor_k.jpg\" style=\"width: 82px; height: 200px;\" width=\"82\" height=\"200\" \/><\/a><\/p>\n<p><span style=\"font-size:14px;\"><strong><span style=\"font-family: verdana,geneva,sans-serif;\">Fel\u00fcletkezel\u00e9s szempontj\u00e1b\u00f3l a fa belt\u00e9ri ajt\u00f3kat k\u00e9t csoportra oszthatjuk:<\/span><\/strong><\/span><\/p>\n<ul>\n<li><span style=\"font-size:14px;\"><strong><span style=\"font-family: verdana,geneva,sans-serif;\">Nat\u00far fel\u00fclet\u0171<span style=\"font-size:14px;\"><strong><span style=\"font-family: verdana,geneva,sans-serif;\"> fa belt\u00e9ri ajt\u00f3<\/span><\/strong><\/span> <\/span><\/strong><\/span><\/li>\n<li><span style=\"font-size:14px;\"><strong><span style=\"font-family: verdana,geneva,sans-serif;\">Fel\u00fcletkezelt<span style=\"font-size:14px;\"><strong><span style=\"font-family: verdana,geneva,sans-serif;\"> fa belt\u00e9ri ajt\u00f3<\/span><\/strong><\/span>&nbsp;&nbsp;&nbsp;&nbsp;&nbsp;&nbsp;&nbsp;&nbsp; <\/span><\/strong><\/span><\/li>\n<\/ul>\n<p><span style=\"font-size:14px;\"><strong><span style=\"font-family: verdana,geneva,sans-serif;\">A belt\u00e9ri ajt\u00f3 alapanyag szerinti oszt\u00e1lyoz\u00e1sa: <\/span><\/strong><\/span><\/p>\n<ul>\n<li><span style=\"font-size:14px;\"><strong><span style=\"font-family: verdana,geneva,sans-serif;\">Els\u0151 oszt\u00e1ly\u00fa lucfeny\u0151<\/span><\/strong><\/span><\/li>\n<li><span style=\"font-size:14px;\"><strong><span style=\"font-family: verdana,geneva,sans-serif;\">Borovi feny\u0151<\/span><\/strong><\/span><\/li>\n<\/ul>\n<p><span style=\"font-size:14px;\"><strong><span style=\"font-family: verdana,geneva,sans-serif;\"><span style=\"font-size:14px;\"><strong><span style=\"font-family: verdana,geneva,sans-serif;\">Belt\u00e9ri ajt\u00f3 t\u00edpusv\u00e1laszt\u00e9k<\/span><\/strong><\/span>:<\/span><\/strong><\/span><\/p>\n<ul>\n<li><span style=\"font-size:14px;\"><strong><span style=\"font-family: verdana,geneva,sans-serif;\">Egysz\u00e1rny\u00fa <span style=\"font-size:14px;\"><strong><span style=\"font-family: verdana,geneva,sans-serif;\">feny\u0151 belt\u00e9ri ajt\u00f3<\/span><\/strong><\/span><\/span><\/strong><\/span><\/li>\n<li><span style=\"font-size:14px;\"><strong><span style=\"font-family: verdana,geneva,sans-serif;\">K\u00e9tsz\u00e1rny\u00fa feny\u0151 belt\u00e9ri ajt\u00f3<\/span><\/strong><\/span><\/li>\n<li><strong><span style=\"font-size:14px;\"><span style=\"font-family: verdana,geneva,sans-serif;\">Tol\u00f3ajt\u00f3<\/span><\/span><\/strong><\/li>\n<li><span style=\"font-size:14px;\"><strong><span style=\"font-family: verdana,geneva,sans-serif;\">T\u00f6m\u00f6r feny\u0151 belt\u00e9ri ajt\u00f3 <\/span><\/strong><\/span><\/li>\n<li><span style=\"font-size:14px;\"><strong><span style=\"font-family: verdana,geneva,sans-serif;\">F\u00e9lig \u00fcvegezhet\u0151 <span style=\"font-size:14px;\"><strong><span style=\"font-family: verdana,geneva,sans-serif;\">feny\u0151 belt\u00e9ri ajt\u00f3&nbsp; <\/span><\/strong><\/span><\/span><\/strong><\/span><\/li>\n<li><span style=\"font-size:14px;\"><strong><span style=\"font-family: verdana,geneva,sans-serif;\">M\u00e9lyen \u00fcvegezhet\u0151 <span style=\"font-size:14px;\"><strong><span style=\"font-family: verdana,geneva,sans-serif;\">feny\u0151 belt\u00e9ri ajt\u00f3<\/span><\/strong><\/span><\/span><\/strong><\/span><\/li>\n<\/ul>\n<p><strong><span style=\"font-size:14px;\"><span style=\"font-family: verdana,geneva,sans-serif;\">Belt\u00e9ri ajt\u00f3khoz v\u00e1laszthat\u00f3 ajt\u00f3tok t\u00edpusok:<\/span><\/span><\/strong><\/p>\n<ul>\n<li align=\"JUSTIFY\"><span style=\"font-size:14px;\"><strong><span style=\"font-family: verdana,geneva,sans-serif;\"><span style=\"font-size:14px;\"><strong><span style=\"font-family: verdana,geneva,sans-serif;\">Pall\u00f3tokos belt\u00e9ri ajt\u00f3<\/span><\/strong><\/span><\/span><\/strong><\/span><\/li>\n<li align=\"JUSTIFY\"><span style=\"font-size:14px;\"><strong><span style=\"font-family: verdana,geneva,sans-serif;\"><span style=\"font-size:14px;\"><strong><span style=\"font-family: verdana,geneva,sans-serif;\">Ger\u00e9btokos belt\u00e9ri ajt\u00f3<\/span><\/strong><\/span><\/span><\/strong><\/span><\/li>\n<li align=\"JUSTIFY\"><span style=\"font-size:14px;\"><strong><span style=\"font-family: verdana,geneva,sans-serif;\"><span style=\"font-size:14px;\"><strong><span style=\"font-family: verdana,geneva,sans-serif;\">Hevedertokos belt\u00e9ri ajt\u00f3<\/span><\/strong><\/span><\/span><\/strong><\/span><\/li>\n<li align=\"JUSTIFY\"><span style=\"font-size:14px;\"><strong><span style=\"font-family: verdana,geneva,sans-serif;\"><span style=\"font-size:14px;\"><strong><span style=\"font-family: verdana,geneva,sans-serif;\">Ut\u00f3lag szerelhet\u0151 tokos belt\u00e9ri ajt\u00f3<\/span><\/strong><\/span><\/span><\/strong><\/span><\/li>\n<\/ul>\n<p style=\"text-align: center;\"><span style=\"font-size:14px;\"><strong><span style=\"font-family: verdana,geneva,sans-serif;\">A belt\u00e9ri fa ajt\u00f3k alaptartoz\u00e9ka a norm\u00e1l ajt\u00f3z\u00e1r \u00e9s a becsavar\u00f3s ajt\u00f3p\u00e1nt.<\/span><\/strong><\/span><\/p>\n<p style=\"text-align: center;\"><span style=\"font-size:14px;\"><span style=\"font-family: verdana,geneva,sans-serif;\"><strong>A belt\u00e9ri fa ajt\u00f3khoz a kilincs, a k\u00f6sz\u00f6b \u00e9s a szerel\u00e9si h\u00e9zag elt\u00fcntet\u00e9s\u00e9t szolg\u00e1l\u00f3 takar\u00f3l\u00e9c nem alaptartoz\u00e9k!<\/strong><\/span><\/span><\/p>\n<p><span style=\"font-size:14px;\"><strong><span style=\"font-family: verdana,geneva,sans-serif;\">Feny\u0151 belt\u00e9ri ajt\u00f3 szabv\u00e1ny m\u00e9retek: <\/span><\/strong><\/span><\/p>\n<ul>\n<li><span style=\"font-size:14px;\"><strong><span style=\"font-family: verdana,geneva,sans-serif;\">Egysz\u00e1rny\u00fa bejt\u00e9ri ajt\u00f3 szabv\u00e1ny m\u00e9ret: 75*210 cm, 90*210 cm, 100*210 cm. <\/span><\/strong><\/span><\/li>\n<li><span style=\"font-size:14px;\"><strong><span style=\"font-family: verdana,geneva,sans-serif;\"><span style=\"font-size:14px;\"><strong><span style=\"font-family: verdana,geneva,sans-serif;\">K\u00e9tsz\u00e1rny\u00fa bejt\u00e9ri ajt\u00f3 szabv\u00e1ny m\u00e9ret:<\/span><\/strong><\/span> 140*210 cm<\/span><\/strong><\/span><\/li>\n<\/ul>\n<p style=\"text-align: center;\"><strong><span style=\"font-size:16px;\"><span style=\"font-family: verdana,geneva,sans-serif;\">Tekintse meg a <strong><span style=\"font-size:16px;\"><span style=\"font-family: verdana,geneva,sans-serif;\">fa ny\u00edl\u00e1sz\u00e1r\u00f3khoz javasolt <\/span><\/span><\/strong>MILESI vastaglaz\u00far sz\u00ednmint\u00e1t! <\/span><\/span><\/strong><\/p>\n<p style=\"text-align: center;\"><a href=\"https:\/\/www.ablakkarter.hu\/wp-content\/uploads\/2012\/07\/vastaglazur.jpg\" rel=\"lightbox[Standard]\"><img loading=\"lazy\" decoding=\"async\" class=\" size-full wp-image-277\" alt=\"\" height=\"651\" src=\"https:\/\/www.ablakkarter.hu\/wp-content\/uploads\/2012\/07\/vastaglazur.jpg\" width=\"415\" srcset=\"https:\/\/www.ablakkarter.hu\/wp-content\/uploads\/2012\/07\/vastaglazur-192x300.jpg 192w, https:\/\/www.ablakkarter.hu\/wp-content\/uploads\/2012\/07\/vastaglazur-654x1024.jpg 654w\" sizes=\"auto, (max-width: 415px) 100vw, 415px\" \/><\/a><\/p>\n<h2 class=\"art-postheader\"><strong><span style=\"font-size:14px;\"><span style=\"font-family: verdana,geneva,sans-serif;\">Feny\u0151 belt\u00e9ri ajt\u00f3 Baja &#8211; <\/span><\/span><\/strong><strong><span style=\"font-size:14px;\"><span style=\"font-family: verdana,geneva,sans-serif;\">Feny\u0151 belt\u00e9ri ajt\u00f3<\/span><\/span><\/strong><strong><span style=\"font-size:14px;\"><span style=\"font-family: verdana,geneva,sans-serif;\"> Kalocsa &#8211; <\/span><\/span><\/strong><strong><span style=\"font-size:14px;\"><span style=\"font-family: verdana,geneva,sans-serif;\">Feny\u0151 belt\u00e9ri ajt\u00f3<\/span><\/span><\/strong><strong><span style=\"font-size:14px;\"><span style=\"font-family: verdana,geneva,sans-serif;\"> Szeksz\u00e1rd<\/span><\/span><\/strong><\/h2>\n<h2 class=\"art-postheader\"><a href=\"\/nyomott-mintas-lemezelt-belteri-ajto\"><span style=\"color:#ffd700;\">Tov\u00e1bb a nyomott mint\u00e1s lemezelt belt\u00e9ri ajt\u00f3khoz<\/span><\/a><\/h2>\n<p style=\"text-align: center;\">&nbsp;<\/p>\n","protected":false},"author":1,"featured_media":0,"parent":0,"menu_order":0,"comment_status":"closed","ping_status":"closed","template":"","meta":{"footnotes":""},"class_list":["post-278","page","type-page","status-publish","hentry"],"_links":{"self":[{"href":"https:\/\/www.ablakkarter.hu\/index.php?rest_route=\/wp\/v2\/pages\/278","targetHints":{"allow":["GET"]}}],"collection":[{"href":"https:\/\/www.ablakkarter.hu\/index.php?rest_route=\/wp\/v2\/pages"}],"about":[{"href":"https:\/\/www.ablakkarter.hu\/index.php?rest_route=\/wp\/v2\/types\/page"}],"author":[{"embeddable":true,"href":"https:\/\/www.ablakkarter.hu\/index.php?rest_route=\/wp\/v2\/users\/1"}],"replies":[{"embeddable":true,"href":"https:\/\/www.ablakkarter.hu\/index.php?rest_route=%2Fwp%2Fv2%2Fcomments&post=278"}],"version-history":[{"count":5,"href":"https:\/\/www.ablakkarter.hu\/index.php?rest_route=\/wp\/v2\/pages\/278\/revisions"}],"predecessor-version":[{"id":16877,"href":"https:\/\/www.ablakkarter.hu\/index.php?rest_route=\/wp\/v2\/pages\/278\/revisions\/16877"}],"wp:attachment":[{"href":"https:\/\/www.ablakkarter.hu\/index.php?rest_route=%2Fwp%2Fv2%2Fmedia&parent=278"}],"curies":[{"name":"wp","href":"https:\/\/api.w.org\/{rel}","templated":true}]}}