{"id":247,"date":"2012-07-25T12:47:41","date_gmt":"2012-07-25T12:47:41","guid":{"rendered":"https:\/\/www.ablakkarter.hu\/nyomott-mintas-lemezelt-belteri-ajto\/"},"modified":"2026-03-19T14:38:49","modified_gmt":"2026-03-19T14:38:49","slug":"nyomott-mintas-lemezelt-belteri-ajto","status":"publish","type":"page","link":"https:\/\/www.ablakkarter.hu\/?page_id=247","title":{"rendered":"Nyomott mint\u00e1s lemezelt belt\u00e9ri ajt\u00f3"},"content":{"rendered":"\n<p class=\"has-large-font-size\">Nyomott mint\u00e1s lemezelt belt\u00e9ri ajt\u00f3<\/p>\n\n\n\n<p class=\"has-medium-font-size\"><span style=\"font-size: 16px;\"><span style=\"font-family: verdana,geneva,sans-serif;\">Az ajt\u00f3lap nyomott mint\u00e1zat\u00e1nak \u00e9s faerezett fel\u00fclet\u00e9nek k\u00f6sz\u00f6nhet\u0151en az ajt\u00f3 nagyon kellemes \u00e9rzetet kelt.<\/span><\/span><\/p>\n\n\n\n<p class=\"has-medium-font-size\">\u25ba <span style=\"font-size: 16px;\"><span style=\"font-family: verdana,geneva,sans-serif;\">A legkedveltebb term\u00e9k<\/span><\/span><br>\u25ba <span style=\"font-size: 16px;\"><span style=\"font-family: verdana,geneva,sans-serif;\">Kedvez\u0151 \u00e1r\u00fa, olcs\u00f3 HDF belt\u00e9ri ajt\u00f3<\/span><\/span><br>\u25ba <span style=\"font-size: 16px;\"><span style=\"font-family: verdana,geneva,sans-serif;\">Eszt\u00e9tikus megjelen\u00e9s<\/span><\/span><br>\u25ba <span style=\"font-size: 16px;\"><span style=\"font-family: verdana,geneva,sans-serif;\">3 oldalon 40 mm vastag falcolt ajt\u00f3lap szerkezet, pap\u00edrr\u00e1cs bet\u00e9ttel<\/span><\/span><br>\u25ba <span style=\"font-size: 16px;\"><span style=\"font-family: verdana,geneva,sans-serif;\">Feh\u00e9r alapm\u00e1zolt faerezetes, mintanyomott frontlemez bor\u00edt\u00e1s<\/span><\/span><br>\u25ba <span style=\"font-size: 16px;\"><span style=\"font-family: verdana,geneva,sans-serif;\">12 cm vastag nat\u00far hossztoldott lucfeny\u0151 pall\u00f3tok<\/span><\/span>kal<br>\u25ba <span style=\"font-size: 16px;\"><span style=\"font-family: verdana,geneva,sans-serif;\">4,5cm vastag nat\u00far hossztoldott lucfeny\u0151 ger\u00e9btokkal is rendelhet\u0151<\/span><\/span><br>\u25ba <span style=\"font-size: 16px;\"><span style=\"font-family: verdana,geneva,sans-serif;\">Tele, f\u00e9lig \u00fcvegezhet\u0151 \u00e9s m\u00e9lyen \u00fcvegezhet\u0151 kivitel<\/span><\/span><br>\u25ba <span style=\"font-size: 16px;\"><span style=\"font-family: verdana,geneva,sans-serif;\">Norm\u00e1l ajt\u00f3z\u00e1rral (+ 1 db kulccsal) \u00e9s becsavar\u00f3s ajt\u00f3p\u00e1nttal szerelve (tartoz\u00e9k)<\/span><\/span><br>\u25ba <strong><span style=\"font-size: 16px;\"><span style=\"font-family: verdana,geneva,sans-serif;\">M\u00e9retek<\/span><\/span>:<\/strong><br><mark style=\"background-color:#000000\" class=\"has-inline-color has-luminous-vivid-amber-color\"><strong> <span style=\"font-size: 16px;\"><span style=\"font-family: verdana,geneva,sans-serif;\">75*210 cm<\/span><\/span> ,<mark style=\"background-color:#000000\" class=\"has-inline-color has-luminous-vivid-amber-color\"><strong>  <span style=\"font-size: 16px;\"><span style=\"font-family: verdana,geneva,sans-serif;\">90*210 cm<\/span><\/span> ,  <span style=\"font-size: 16px;\"><span style=\"font-family: verdana,geneva,sans-serif;\">100*210 cm<\/span><\/span> ,  <span style=\"font-size: 16px;\"><span style=\"font-family: verdana,geneva,sans-serif;\">140*210 cm<\/span><\/span><\/strong><\/mark> <\/strong><\/mark>(k\u00e9tsz\u00e1rny\u00fa kivitel)<br>\u25ba Egyedi m\u00e9retben, egyedi fel\u00e1rral is rendelhet\u0151<\/p>\n\n\n<div class=\"wp-block-image is-style-default\">\n<figure class=\"aligncenter size-large\"><img loading=\"lazy\" decoding=\"async\" width=\"1024\" height=\"444\" src=\"https:\/\/www.ablakkarter.hu\/wp-content\/uploads\/2025\/04\/HDF_ajtok_karterablak-1024x444.jpg\" alt=\"\" class=\"wp-image-1771\" srcset=\"https:\/\/www.ablakkarter.hu\/wp-content\/uploads\/2025\/04\/HDF_ajtok_karterablak-1024x444.jpg 1024w, https:\/\/www.ablakkarter.hu\/wp-content\/uploads\/2025\/04\/HDF_ajtok_karterablak-scaled-600x260.jpg 600w, https:\/\/www.ablakkarter.hu\/wp-content\/uploads\/2025\/04\/HDF_ajtok_karterablak-300x130.jpg 300w, https:\/\/www.ablakkarter.hu\/wp-content\/uploads\/2025\/04\/HDF_ajtok_karterablak-768x333.jpg 768w, https:\/\/www.ablakkarter.hu\/wp-content\/uploads\/2025\/04\/HDF_ajtok_karterablak-1536x666.jpg 1536w, https:\/\/www.ablakkarter.hu\/wp-content\/uploads\/2025\/04\/HDF_ajtok_karterablak-2048x888.jpg 2048w\" sizes=\"auto, (max-width: 1024px) 100vw, 1024px\" \/><figcaption class=\"wp-element-caption\">\u25ba  <strong>Dusa Craftmaster t\u00f6m\u00f6r\/\u00fcveghelyes &#8211; Zebra Efes t\u00f6m\u00f6r\/\u00fcveghelyes &#8211; Olympos t\u00f6m\u00f6r\/\u00fcveghelyes<\/strong><\/figcaption><\/figure>\n<\/div>\n\n\n<p>&nbsp;<\/p>\n\n\n\n<h2 class=\"wp-block-heading art-postheader\"><a href=\"\/egyedi-cpl-ajtok\" data-wplink-edit=\"true\"><span style=\"color: #ffd700;\">Tov\u00e1bb az egyedi CPL ajt\u00f3khoz<\/span><\/a><\/h2>\n\n\n\n<p class=\"has-text-align-center\">&nbsp;<\/p>\n","protected":false},"excerpt":{"rendered":"<p><span style=\"font-size:16px;\"><span style=\"font-family: verdana,geneva,sans-serif;\">Az ajt\u00f3lap nyomott mint\u00e1zat\u00e1nak \u00e9s faerezett fel\u00fclet\u00e9nek k\u00f6sz\u00f6nhet\u0151en az ajt\u00f3 nagyon kellemes \u00e9rzetet kelt.<\/span><\/span><\/p>\n<ul>\n<li><span style=\"font-size:16px;\"><span style=\"font-family: verdana,geneva,sans-serif;\"><strong>A legkedveltebb term\u00e9k<\/strong><\/span><\/span><\/li>\n<li><span style=\"font-size:16px;\"><span style=\"font-family: verdana,geneva,sans-serif;\"><strong>Kedvez\u0151 \u00e1r\u00fa, olcs\u00f3 belt\u00e9ri ajt\u00f3<\/strong><\/span><\/span><\/li>\n<li><span style=\"font-size:16px;\"><span style=\"font-family: verdana,geneva,sans-serif;\">Eszt\u00e9tikus megjelen\u00e9s<\/span><\/span><\/li>\n<li><span style=\"font-size:16px;\"><span style=\"font-family: verdana,geneva,sans-serif;\">3 oldalon falcolt ajt\u00f3lap pap\u00edrr\u00e1cs bet\u00e9ttel<\/span><\/span><\/li>\n<li><span style=\"font-size:16px;\"><span style=\"font-family: verdana,geneva,sans-serif;\">Feh\u00e9r alapm\u00e1zolt faerezetes, mintanyomott frontlemez bor\u00edt\u00e1s<\/span><\/span><\/li>\n<li><span style=\"font-size:16px;\"><span style=\"font-family: verdana,geneva,sans-serif;\">12 cm vastag nat\u00far hossztoldott lucfeny\u0151 pall\u00f3tok<\/span><\/span><\/li>\n<li><span style=\"font-size:16px;\"><span style=\"font-family: verdana,geneva,sans-serif;\">4,5cm vastag nat\u00far hossztoldott lucfeny\u0151 ger\u00e9btokkal is rendelhet\u0151<\/span><\/span><\/li>\n<li><span style=\"font-size:16px;\"><span style=\"font-family: verdana,geneva,sans-serif;\">Tele, f\u00e9lig \u00fcvegezhet\u0151 \u00e9s m\u00e9lyen \u00fcvegezhet\u0151 kivitel<\/span><\/span><\/li>\n<li><span style=\"font-size:16px;\"><span style=\"font-family: verdana,geneva,sans-serif;\">Norm\u00e1l ajt\u00f3z\u00e1rral \u00e9s becsavar\u00f3s ajt\u00f3p\u00e1nttal szerelve (tartoz\u00e9k)<\/span><\/span><\/li>\n<li><span style=\"font-size:16px;\"><span style=\"font-family: verdana,geneva,sans-serif;\">M\u00e9retek: 75*210 cm, 90*210 cm, 100*210 cm, 140*210 cm<\/span><\/span><\/li>\n<\/ul>\n<p style=\"text-align: center;\"><a href=\"https:\/\/www.ablakkarter.hu\/wp-content\/uploads\/2012\/07\/Dusa_felig_uv.JPG\" rel=\"lightbox[Standard]\" title=\"Dusa f\u00e9lig \u00fcveges\"><img loading=\"lazy\" decoding=\"async\" class=\" size-full wp-image-234\" alt=\"Nyomott mint\u00e1s belt\u00e9ri ajt\u00f3\" class=\"kat_lec\" src=\"https:\/\/www.ablakkarter.hu\/wp-content\/uploads\/2012\/07\/Dusa_felig_uv_k.jpg\" style=\"width: 82px; height: 200px;\" width=\"82\" height=\"200\" \/><\/a><a href=\"https:\/\/www.ablakkarter.hu\/wp-content\/uploads\/2012\/07\/Dusa_melyen_uv.JPG\" rel=\"lightbox[Standard]\" title=\"Dusa m\u00e9lyen \u00fcveges\"> <img loading=\"lazy\" decoding=\"async\" class=\" size-full wp-image-244\" alt=\"Nyomott mint\u00e1s belt\u00e9ri ajt\u00f3\" class=\"kat_lec\" src=\"https:\/\/www.ablakkarter.hu\/wp-content\/uploads\/2012\/07\/Dusa_melyen_uv_k.jpg\" style=\"width: 82px; height: 200px;\" width=\"82\" height=\"200\" \/><\/a><a href=\"https:\/\/www.ablakkarter.hu\/wp-content\/uploads\/2012\/07\/Dusa_tele.JPG\" rel=\"lightbox[Standard]\" title=\"Dusa tele\"> <img loading=\"lazy\" decoding=\"async\" class=\" size-full wp-image-246\" alt=\"Nyomott mint\u00e1s belt\u00e9ri ajt\u00f3\" class=\"kat_lec\" src=\"https:\/\/www.ablakkarter.hu\/wp-content\/uploads\/2012\/07\/Dusa_tele_k.jpg\" style=\"width: 82px; height: 200px;\" width=\"82\" height=\"200\" \/><\/a><\/p>\n<h2 class=\"art-postheader\"><a href=\"\/egyedi-cpl-ajtok\"><span style=\"color:#ffd700;\">Tov\u00e1bb az egyedi CPL ajt\u00f3khoz<\/span><\/a><\/h2>\n<p style=\"text-align: center;\">&nbsp;<\/p>\n","protected":false},"author":1,"featured_media":0,"parent":0,"menu_order":0,"comment_status":"closed","ping_status":"closed","template":"","meta":{"footnotes":""},"class_list":["post-247","page","type-page","status-publish","hentry"],"_links":{"self":[{"href":"https:\/\/www.ablakkarter.hu\/index.php?rest_route=\/wp\/v2\/pages\/247","targetHints":{"allow":["GET"]}}],"collection":[{"href":"https:\/\/www.ablakkarter.hu\/index.php?rest_route=\/wp\/v2\/pages"}],"about":[{"href":"https:\/\/www.ablakkarter.hu\/index.php?rest_route=\/wp\/v2\/types\/page"}],"author":[{"embeddable":true,"href":"https:\/\/www.ablakkarter.hu\/index.php?rest_route=\/wp\/v2\/users\/1"}],"replies":[{"embeddable":true,"href":"https:\/\/www.ablakkarter.hu\/index.php?rest_route=%2Fwp%2Fv2%2Fcomments&post=247"}],"version-history":[{"count":13,"href":"https:\/\/www.ablakkarter.hu\/index.php?rest_route=\/wp\/v2\/pages\/247\/revisions"}],"predecessor-version":[{"id":1789,"href":"https:\/\/www.ablakkarter.hu\/index.php?rest_route=\/wp\/v2\/pages\/247\/revisions\/1789"}],"wp:attachment":[{"href":"https:\/\/www.ablakkarter.hu\/index.php?rest_route=%2Fwp%2Fv2%2Fmedia&parent=247"}],"curies":[{"name":"wp","href":"https:\/\/api.w.org\/{rel}","templated":true}]}}