{"id":240,"date":"2012-07-25T12:37:52","date_gmt":"2012-07-25T12:37:52","guid":{"rendered":"https:\/\/www.ablakkarter.hu\/belteri-ajto\/"},"modified":"2026-03-19T14:37:55","modified_gmt":"2026-03-19T14:37:55","slug":"belteri-ajto","status":"publish","type":"page","link":"https:\/\/www.ablakkarter.hu\/?page_id=240","title":{"rendered":"Belt\u00e9ri ajt\u00f3"},"content":{"rendered":"\n<div class=\"wp-block-columns are-vertically-aligned-top is-layout-flex wp-container-core-columns-is-layout-9d6595d7 wp-block-columns-is-layout-flex\">\n<div class=\"wp-block-column is-vertically-aligned-top is-layout-flow wp-block-column-is-layout-flow\"><div class=\"wp-block-image\">\n<figure class=\"aligncenter size-full is-resized\"><img loading=\"lazy\" decoding=\"async\" width=\"82\" height=\"200\" src=\"http:\/\/www.ablakkarter.hu\/wp-content\/uploads\/2026\/03\/a_hdf.jpg\" alt=\"\" class=\"wp-image-16867\" style=\"object-fit:cover;width:100px;height:250px\"\/><figcaption class=\"wp-element-caption\"><a href=\"https:\/\/www.ablakkarter.hu\/?page_id=247\" data-type=\"page\" data-id=\"247\"><strong>Nyomott mint\u00e1s lemezelt belt\u00e9ri ajt\u00f3<\/strong><\/a><\/figcaption><\/figure>\n<\/div><\/div>\n\n\n\n<div class=\"wp-block-column is-vertically-aligned-top is-layout-flow wp-block-column-is-layout-flow\"><div class=\"wp-block-image\">\n<figure class=\"aligncenter size-full is-resized\"><img loading=\"lazy\" decoding=\"async\" width=\"82\" height=\"200\" src=\"http:\/\/www.ablakkarter.hu\/wp-content\/uploads\/2026\/03\/a_fa.jpg\" alt=\"\" class=\"wp-image-16868\" style=\"object-fit:cover;width:100px;height:250px\"\/><figcaption class=\"wp-element-caption\"><a href=\"https:\/\/www.ablakkarter.hu\/?page_id=278\" data-type=\"page\" data-id=\"278\"><strong>Feny\u0151 belt\u00e9ri ajt\u00f3<\/strong><\/a><\/figcaption><\/figure>\n<\/div><\/div>\n\n\n\n<div class=\"wp-block-column is-vertically-aligned-top is-layout-flow wp-block-column-is-layout-flow\"><div class=\"wp-block-image\">\n<figure class=\"aligncenter size-full is-resized\"><img loading=\"lazy\" decoding=\"async\" width=\"148\" height=\"309\" src=\"https:\/\/www.ablakkarter.hu\/wp-content\/uploads\/2026\/03\/a_dekor.jpg\" alt=\"\" class=\"wp-image-16870\" style=\"object-fit:cover;width:100px;height:250px\" srcset=\"https:\/\/www.ablakkarter.hu\/wp-content\/uploads\/2026\/03\/a_dekor.jpg 148w, https:\/\/www.ablakkarter.hu\/wp-content\/uploads\/2026\/03\/a_dekor-144x300.jpg 144w\" sizes=\"auto, (max-width: 148px) 100vw, 148px\" \/><figcaption class=\"wp-element-caption\"><a href=\"https:\/\/www.ablakkarter.hu\/?page_id=603\" data-type=\"page\" data-id=\"603\"><strong>Dekorf\u00f3li\u00e1s Belt\u00e9ri ajt\u00f3<\/strong><\/a><\/figcaption><\/figure>\n<\/div><\/div>\n\n\n\n<div class=\"wp-block-column is-vertically-aligned-top is-layout-flow wp-block-column-is-layout-flow\"><div class=\"wp-block-image\">\n<figure class=\"aligncenter size-full is-resized\"><img loading=\"lazy\" decoding=\"async\" width=\"85\" height=\"160\" src=\"https:\/\/www.ablakkarter.hu\/wp-content\/uploads\/2026\/03\/a_cpl.jpg\" alt=\"\" class=\"wp-image-16871\" style=\"object-fit:cover;width:100px;height:250px\"\/><figcaption class=\"wp-element-caption\"><a href=\"https:\/\/www.ablakkarter.hu\/?page_id=602\" data-type=\"page\" data-id=\"602\"><strong>CPL f\u00f3li\u00e1s Belt\u00e9ri ajt\u00f3<\/strong><\/a><\/figcaption><\/figure>\n<\/div><\/div>\n\n\n\n<div class=\"wp-block-column is-vertically-aligned-top is-layout-flow wp-block-column-is-layout-flow\"><div class=\"wp-block-image is-style-default\">\n<figure class=\"aligncenter size-full is-resized\"><img loading=\"lazy\" decoding=\"async\" width=\"107\" height=\"224\" src=\"https:\/\/www.ablakkarter.hu\/wp-content\/uploads\/2026\/03\/a_mdf.jpg\" alt=\"\" class=\"wp-image-16872\" style=\"object-fit:cover;width:100px;height:250px\"\/><figcaption class=\"wp-element-caption\"><a href=\"https:\/\/www.ablakkarter.hu\/?page_id=1153\" data-type=\"page\" data-id=\"1153\"><strong>Festett MDF Belt\u00e9ri ajt\u00f3<\/strong><\/a><\/figcaption><\/figure>\n<\/div><\/div>\n<\/div>\n\n\n\n<p class=\"has-black-color has-text-color has-link-color has-medium-font-size wp-elements-42e2a5e2c5b51eb847b65ffb3986e378\">Belt\u00e9ri ajt\u00f3t nem k\u00f6nny\u0171 v\u00e1lasztani, hiszen \u00f3ri\u00e1si a v\u00e1laszt\u00e9k.<\/p>\n\n\n\n<p class=\"has-black-color has-text-color has-link-color has-medium-font-size wp-elements-5861632d0a49df9583f98ac206985ba6\">Az ajt\u00f3 anyaga, sz\u00edne, mint\u00e1zata, m\u00e9rete, \u00fcvegez\u00e9se mind sz\u00ednes\u00edti az egy\u00e9bk\u00e9nt is gazdag bels\u0151 ajt\u00f3 k\u00edn\u00e1latot. &nbsp;&nbsp;&nbsp;&nbsp;&nbsp;&nbsp;&nbsp;&nbsp;&nbsp;&nbsp;&nbsp;&nbsp;&nbsp;&nbsp;&nbsp;&nbsp;&nbsp;&nbsp;&nbsp;&nbsp;&nbsp;&nbsp;&nbsp;&nbsp;&nbsp;<\/p>\n\n\n\n<p class=\"has-black-color has-text-color has-link-color has-medium-font-size wp-elements-937cb83b869c34c9b08f6a521696a4e2\">Tal\u00e1n a legegyszer\u0171bb, ha bef\u00e1rad az \u00d6nh\u00f6z legk\u00f6zelebb tal\u00e1lhat\u00f3 ny\u00edl\u00e1sz\u00e1r\u00f3 bemutat\u00f3term\u00fcnkbe, ahol felk\u00e9sz\u00fclt szakembereink t\u00e1j\u00e9koztatj\u00e1k a sz\u00e9les v\u00e1laszt\u00e9kr\u00f3l \u00e9s a be\u00e9p\u00edt\u00e9si lehet\u0151s\u00e9gekr\u0151l.<\/p>\n\n\n\n<p class=\"has-black-color has-text-color has-link-color has-medium-font-size wp-elements-e1ec7f8c42c5643e7fcd4bdb373f25ab\">Megrendel\u00e9s eset\u00e9n helysz\u00edni felm\u00e9r\u00e9st v\u00e9gz\u00fcnk d\u00edjmentesen, hogy m\u00e9ret, vagy be\u00e9p\u00edthet\u0151s\u00e9g miatt ne \u00e9rj\u00e9k \u00d6nt meglepet\u00e9sek. Elmondjuk, hogy melyik ajt\u00f3 mit tud, \u00e9s az adott helysz\u00ednre mit \u00e9rdemes \u00e9s mit nem v\u00e1s\u00e1rolni.<\/p>\n\n\n\n<p class=\"has-black-color has-text-color has-link-color has-medium-font-size wp-elements-c500cbcdf89395b768caa1b98f4178fc\"><strong>Merre ny\u00edlnak a belt\u00e9ri ajt\u00f3k?<\/strong><br>A nyit\u00e1sir\u00e1nyt az hat\u00e1rozza meg, hogy a csukott ajt\u00f3n\u00e1l az ajt\u00f3p\u00e1ntok melyik oldalon l\u00e1that\u00f3k. A jobbos ajt\u00f3 eset\u00e9ben a p\u00e1nt jobb oldalon, m\u00edg a kilincs a bal oldalon tal\u00e1lhat\u00f3, balos ajt\u00f3 eset\u00e9ben pedig ford\u00edtva, a p\u00e1nt a bal oldalon az ajt\u00f3kilincs pedig a jobb oldalon.<\/p>\n\n\n\n<p class=\"has-black-color has-text-color has-link-color has-medium-font-size wp-elements-4f9b2af9472a6d4cdfc144d6d87398d9\"><strong>Belt\u00e9ri ajt\u00f3 nyit\u00e1sir\u00e1ny meghat\u00e1roz\u00e1s<\/strong><\/p>\n\n\n<div class=\"wp-block-image\">\n<figure class=\"aligncenter\"><img loading=\"lazy\" decoding=\"async\" width=\"400\" height=\"170\" src=\"https:\/\/www.ablakkarter.hu\/wp-content\/uploads\/2012\/07\/ajto_nyitasirany_balos.jpg\" alt=\"ajt\u00f3 balos\" class=\"wp-image-238\" srcset=\"https:\/\/www.ablakkarter.hu\/wp-content\/uploads\/2012\/07\/ajto_nyitasirany_balos.jpg 400w, https:\/\/www.ablakkarter.hu\/wp-content\/uploads\/2012\/07\/ajto_nyitasirany_balos-300x128.jpg 300w\" sizes=\"auto, (max-width: 400px) 100vw, 400px\" \/><\/figure>\n<\/div>\n\n<div class=\"wp-block-image\">\n<figure class=\"aligncenter\"><img loading=\"lazy\" decoding=\"async\" width=\"400\" height=\"170\" src=\"https:\/\/www.ablakkarter.hu\/wp-content\/uploads\/2012\/07\/ajto_nyitasirany_jobbos.jpg\" alt=\"ajt\u00f3 jobbos\" class=\"wp-image-239\" srcset=\"https:\/\/www.ablakkarter.hu\/wp-content\/uploads\/2012\/07\/ajto_nyitasirany_jobbos.jpg 400w, https:\/\/www.ablakkarter.hu\/wp-content\/uploads\/2012\/07\/ajto_nyitasirany_jobbos-300x128.jpg 300w\" sizes=\"auto, (max-width: 400px) 100vw, 400px\" \/><\/figure>\n<\/div>\n\n\n<p class=\"has-text-align-center has-small-font-size\">Belt\u00e9ri ajt\u00f3 Baja- Belt\u00e9ri ajt\u00f3 Kalocsa &#8211; Belt\u00e9ri ajt\u00f3 Kisk\u0151r\u00f6s<\/p>\n","protected":false},"excerpt":{"rendered":"<div align=\"center\">\n<table border=\"1\" cellpadding=\"1\" cellspacing=\"1\" style=\"width: 500px;\">\n<tbody>\n<tr>\n<td><a href=\"\/fenyo-belteri-ajto\"><img loading=\"lazy\" decoding=\"async\" class=\" size-full wp-image-233\" alt=\"feny\u0151 belt\u00e9ri ajt\u00f3\" height=\"200\" src=\"https:\/\/www.ablakkarter.hu\/wp-content\/uploads\/2012\/07\/Alfold_felig_uveges_k.jpg\" title=\"feny\u0151 belt\u00e9ri ajt\u00f3\" width=\"85\" \/><\/a><\/td>\n<td><a href=\"\/nyomott-mintas-lemezelt-belteri-ajto\"><img loading=\"lazy\" decoding=\"async\" class=\" size-full wp-image-234\" alt=\"\" height=\"200\" src=\"https:\/\/www.ablakkarter.hu\/wp-content\/uploads\/2012\/07\/Dusa_felig_uv_k.jpg\" width=\"85\" \/><\/a><\/td>\n<td><a href=\"\/egyedi-cpl-ajtok\"><img loading=\"lazy\" decoding=\"async\" class=\" size-full wp-image-235\" alt=\"\" height=\"200\" src=\"https:\/\/www.ablakkarter.hu\/wp-content\/uploads\/2012\/07\/delosz_dijon_dio_f_1.jpg\" width=\"102\" \/><\/a><\/td>\n<td><a href=\"\/szabvany-dekor-ajtok\"><img loading=\"lazy\" decoding=\"async\" class=\" size-full wp-image-236\" alt=\"\" height=\"200\" src=\"https:\/\/www.ablakkarter.hu\/wp-content\/uploads\/2012\/07\/ithaka.jpg\" width=\"102\" \/><\/a><\/td>\n<td><a href=\"\/festett-mdf-ajtok\"><img loading=\"lazy\" decoding=\"async\" class=\" size-full wp-image-237\" alt=\"festett mdf ajt\u00f3k\" height=\"200\" src=\"https:\/\/www.ablakkarter.hu\/wp-content\/uploads\/2012\/07\/mdf.jpg\" title=\"festett mdf ajt\u00f3k\" width=\"102\" \/><\/a><\/td>\n<\/tr>\n<tr>\n<td style=\"text-align: center;\"><a href=\"\/fenyo-belteri-ajto\"><strong><span style=\"font-size:14px;\"><span style=\"font-family: verdana,geneva,sans-serif;\">Feny\u0151 belt\u00e9ri ajt\u00f3<\/span><\/span><\/strong><\/a><\/td>\n<td style=\"text-align: center;\"><a href=\"\/nyomott-mintas-lemezelt-belteri-ajto\"><strong><span style=\"font-size:14px;\"><span style=\"font-family: verdana,geneva,sans-serif;\">Lemezelt&nbsp; belt\u00e9ri ajt\u00f3<\/span><\/span><\/strong><\/a><\/td>\n<td style=\"text-align: center;\">\n<p><span style=\"font-size:14px;\"><span style=\"font-family: verdana,geneva,sans-serif;\"><a href=\"\/egyedi-cpl-ajtok\"><strong>CPL f\u00f3li\u00e1s belt\u00e9ri ajt\u00f3k<\/strong><\/a><\/span><\/span><\/p>\n<\/td>\n<td style=\"text-align: center;\"><a href=\"\/szabvany-dekor-ajtok\"><strong><span style=\"font-size:14px;\"><span style=\"font-family: verdana,geneva,sans-serif;\">Dekorf\u00f3li\u00e1s belt\u00e9ri ajt\u00f3k<\/span><\/span><\/strong><\/a><\/td>\n<td style=\"text-align: center;\"><a href=\"\/festett-mdf-ajtok\"><strong><span style=\"font-size:14px;\"><span style=\"font-family: verdana,geneva,sans-serif;\">Festett MDF belt\u00e9ri ajt\u00f3k<\/span><\/span><\/strong><\/a><\/td>\n<\/tr>\n<\/tbody>\n<\/table>\n<\/div>\n<p style=\"text-align: center;\"><strong><span style=\"font-family:verdana,geneva,sans-serif;\"><span style=\"font-size: 16px;\">Belt\u00e9ri ajt\u00f3t nem k\u00f6nny\u0171 v\u00e1lasztani, hiszen \u00f3ri\u00e1si a v\u00e1laszt\u00e9k.<\/span><\/span><\/strong><\/p>\n<p><strong><span style=\"font-size:14px;\"><span style=\"font-family: verdana,geneva,sans-serif;\">Az ajt\u00f3 anyaga, sz\u00edne, mint\u00e1zata, m\u00e9rete, \u00fcvegez\u00e9se mind sz\u00ednes\u00edti az egy\u00e9bk\u00e9nt is gazdag bels\u0151 ajt\u00f3 k\u00edn\u00e1latot. &nbsp;&nbsp;&nbsp;&nbsp;&nbsp;&nbsp;&nbsp;&nbsp;&nbsp;&nbsp;&nbsp;&nbsp;&nbsp;&nbsp;&nbsp;&nbsp;&nbsp;&nbsp;&nbsp;&nbsp;&nbsp;&nbsp;&nbsp;&nbsp;&nbsp; <\/span><\/span><\/strong><\/p>\n<p><strong><span style=\"font-size:14px;\"><span style=\"font-family: verdana,geneva,sans-serif;\">Tal\u00e1n a legegyszer\u0171bb, ha bef\u00e1rad az \u00d6nh\u00f6z legk\u00f6zelebb tal\u00e1lhat\u00f3 ny\u00edl\u00e1sz\u00e1r\u00f3 bemutat\u00f3term\u00fcnkbe, ahol felk\u00e9sz\u00fclt szakembereink t\u00e1j\u00e9koztatj\u00e1k a sz\u00e9les v\u00e1laszt\u00e9kr\u00f3l \u00e9s a be\u00e9p\u00edt\u00e9si lehet\u0151s\u00e9gekr\u0151l.<\/span><\/span><\/strong><\/p>\n<p><strong><span style=\"font-size:14px;\"><span style=\"font-family: verdana,geneva,sans-serif;\">Megrendel\u00e9s eset\u00e9n helysz\u00edni felm\u00e9r\u00e9st v\u00e9gz\u00fcnk d\u00edjmentesen, hogy m\u00e9ret, vagy be\u00e9p\u00edthet\u0151s\u00e9g miatt ne \u00e9rj\u00e9k \u00d6nt meglepet\u00e9sek. Elmondjuk, hogy melyik ajt\u00f3 mit tud, \u00e9s az adott helysz\u00ednre mit \u00e9rdemes \u00e9s mit nem v\u00e1s\u00e1rolni.<\/span><\/span><\/strong><\/p>\n<p style=\"text-align: center;\"><strong><span style=\"font-size:14px;\"><span style=\"font-family: verdana,geneva,sans-serif;\">Merre ny\u00edlnak a belt\u00e9ri ajt\u00f3k?<\/span><\/span><\/strong><\/p>\n<p style=\"text-align: center;\"><strong><span style=\"font-size:14px;\"><span style=\"font-family: verdana,geneva,sans-serif;\"><span class=\"st\">A ny\u00edt\u00e1sir\u00e1nyt az hat\u00e1rozza meg, hogy a csukott ajt\u00f3n\u00e1l az ajt\u00f3p\u00e1ntok melyik oldalon l\u00e1that\u00f3k. A jobbos ajt\u00f3 eset\u00e9ben a p\u00e1nt jobb oldalon, m\u00edg a kilincs a bal oldalon tal\u00e1lhat\u00f3<\/span>, balos ajt\u00f3 eset\u00e9ben pedig ford\u00edtva, a p\u00e1nt a bal oldalon az ajt\u00f3kilincs pedig a jobb olalon.<\/span><\/span><\/strong><\/p>\n<p style=\"text-align: center;\"><strong><span style=\"font-size:14px;\"><span style=\"font-family: verdana,geneva,sans-serif;\">Belt\u00e9ri ajt\u00f3 nyit\u00e1sir\u00e1ny meghat\u00e1roz\u00e1s<\/span><\/span><\/strong><\/p>\n<p><img loading=\"lazy\" decoding=\"async\" class=\" size-full wp-image-238\" alt=\"ajt\u00f3 balos\" height=\"150\" src=\"https:\/\/www.ablakkarter.hu\/wp-content\/uploads\/2012\/07\/ajto_nyitasirany_balos.jpg\" width=\"355\" srcset=\"https:\/\/www.ablakkarter.hu\/wp-content\/uploads\/2012\/07\/ajto_nyitasirany_balos.jpg 400w, https:\/\/www.ablakkarter.hu\/wp-content\/uploads\/2012\/07\/ajto_nyitasirany_balos-300x128.jpg 300w\" sizes=\"auto, (max-width: 355px) 100vw, 355px\" \/>&nbsp; <img loading=\"lazy\" decoding=\"async\" class=\" size-full wp-image-239\" alt=\"ajt\u00f3 jobbos\" height=\"151\" src=\"https:\/\/www.ablakkarter.hu\/wp-content\/uploads\/2012\/07\/ajto_nyitasirany_jobbos.jpg\" width=\"356\" srcset=\"https:\/\/www.ablakkarter.hu\/wp-content\/uploads\/2012\/07\/ajto_nyitasirany_jobbos.jpg 400w, https:\/\/www.ablakkarter.hu\/wp-content\/uploads\/2012\/07\/ajto_nyitasirany_jobbos-300x128.jpg 300w\" sizes=\"auto, (max-width: 356px) 100vw, 356px\" \/><\/p>\n<p style=\"text-align: center;\"><strong><span style=\"font-size:14px;\"><span style=\"font-family: verdana,geneva,sans-serif;\">Belt\u00e9ri ajt\u00f3 Baja- Belt\u00e9ri ajt\u00f3 Kalocsa &#8211; Belt\u00e9ri ajt\u00f3 Szeksz\u00e1rd<\/span><\/span><\/strong><\/p>\n","protected":false},"author":1,"featured_media":0,"parent":0,"menu_order":0,"comment_status":"closed","ping_status":"closed","template":"","meta":{"footnotes":""},"class_list":["post-240","page","type-page","status-publish","hentry"],"_links":{"self":[{"href":"https:\/\/www.ablakkarter.hu\/index.php?rest_route=\/wp\/v2\/pages\/240","targetHints":{"allow":["GET"]}}],"collection":[{"href":"https:\/\/www.ablakkarter.hu\/index.php?rest_route=\/wp\/v2\/pages"}],"about":[{"href":"https:\/\/www.ablakkarter.hu\/index.php?rest_route=\/wp\/v2\/types\/page"}],"author":[{"embeddable":true,"href":"https:\/\/www.ablakkarter.hu\/index.php?rest_route=\/wp\/v2\/users\/1"}],"replies":[{"embeddable":true,"href":"https:\/\/www.ablakkarter.hu\/index.php?rest_route=%2Fwp%2Fv2%2Fcomments&post=240"}],"version-history":[{"count":24,"href":"https:\/\/www.ablakkarter.hu\/index.php?rest_route=\/wp\/v2\/pages\/240\/revisions"}],"predecessor-version":[{"id":16876,"href":"https:\/\/www.ablakkarter.hu\/index.php?rest_route=\/wp\/v2\/pages\/240\/revisions\/16876"}],"wp:attachment":[{"href":"https:\/\/www.ablakkarter.hu\/index.php?rest_route=%2Fwp%2Fv2%2Fmedia&parent=240"}],"curies":[{"name":"wp","href":"https:\/\/api.w.org\/{rel}","templated":true}]}}