{"id":232,"date":"2012-07-25T12:23:49","date_gmt":"2012-07-25T12:23:49","guid":{"rendered":"https:\/\/www.ablakkarter.hu\/polikarbonat-hullam-es-trapezlemezek\/"},"modified":"2022-03-24T09:54:48","modified_gmt":"2022-03-24T09:54:48","slug":"polikarbonat-hullam-es-trapezlemezek","status":"publish","type":"page","link":"https:\/\/www.ablakkarter.hu\/?page_id=232","title":{"rendered":"Polikarbon\u00e1t hull\u00e1m- \u00e9s trap\u00e9zlemezek"},"content":{"rendered":"<p style=\"text-align: center;\"><span style=\"font-family: verdana,geneva,sans-serif;\"><span style=\"font-size: 16px;\">A polikarbon\u00e1t t\u00f6k\u00e9letes megold\u00e1s tet\u0151fed\u00e9sre, homlokzatburkol\u00e1sra az ipari, mez\u0151gazdas\u00e1gi szerkezetekn\u00e9l \u00e9s a bark\u00e1csol\u00e1s ter\u00fclet\u00e9n. A k\u00f6nny\u0171, \u00e1tl\u00e1tsz\u00f3, id\u0151j\u00e1r\u00e1s\u00e1ll\u00f3 polikarbon\u00e1t lemez el\u0151tet\u0151k, teraszok, aut\u00f3be\u00e1ll\u00f3k fed\u00e9s\u00e9re is alkalmazhat\u00f3. <\/span><\/span><\/p>\n<table style=\"width: 848px; height: 745px;\" border=\"1\" cellspacing=\"1\" cellpadding=\"1\">\n<tbody>\n<tr>\n<td><span style=\"font-family: verdana,geneva,sans-serif;\"><span style=\"font-size: 16px;\"><u><strong>F\u0151bb jellemz\u0151k:\u00a0<\/strong><\/u><\/span><\/span><\/p>\n<ul>\n<li><span style=\"font-family: verdana,geneva,sans-serif;\"><span style=\"font-size: 16px;\">J\u00f3 vegyi ellen\u00e1ll\u00e1s<\/span><\/span><\/li>\n<li><span style=\"font-family: verdana,geneva,sans-serif;\"><span style=\"font-size: 16px;\">Any\u00edg\u00e1ban UV \u00e1ll\u00f3 <\/span><\/span><\/li>\n<li><span style=\"font-family: verdana,geneva,sans-serif;\"><span style=\"font-size: 16px;\">Id\u0151j\u00e1r\u00e1s\u00e1ll\u00f3<\/span><\/span><\/li>\n<li><span style=\"font-family: verdana,geneva,sans-serif;\"><span style=\"font-size: 16px;\">Nem rozsd\u00e1sodik, nem korrod\u00e1l<\/span><\/span><\/li>\n<li><span style=\"font-family: verdana,geneva,sans-serif;\"><span style=\"font-size: 16px;\">Csek\u00e9ly s\u00faly\u00fa, sz\u00e1ll\u00edt\u00e1sa k\u00f6nny\u0171<\/span><\/span><\/li>\n<li><span style=\"font-family: verdana,geneva,sans-serif;\"><span style=\"font-size: 16px;\">\u00dct\u00e9s\u00e1ll\u00f3<\/span><\/span><\/li>\n<\/ul>\n<p><span style=\"font-family: verdana,geneva,sans-serif;\"><span style=\"font-size: 16px;\"><u><strong>Sz\u00ednek:<\/strong><\/u><\/span><\/span><\/p>\n<ul>\n<li><span style=\"font-family: verdana,geneva,sans-serif;\"><span style=\"font-size: 16px;\">V\u00edztiszta<\/span><\/span><\/li>\n<li><span style=\"font-family: verdana,geneva,sans-serif;\"><span style=\"font-size: 16px;\">Bronz<\/span><\/span><\/li>\n<\/ul>\n<p><span style=\"font-family: verdana,geneva,sans-serif;\"><span style=\"font-size: 16px;\"><u><strong>Tulajdons\u00e1gok:<\/strong><\/u><\/span><\/span><\/p>\n<ul>\n<li><span style=\"font-family: verdana,geneva,sans-serif;\"><span style=\"font-size: 16px;\">Vastags\u00e1g: 0,8 mm<\/span><\/span><\/li>\n<li><span style=\"font-size: 16px;\"><span style=\"font-family: verdana,geneva,sans-serif;\">S\u00faly:1,15kg\/m2<\/span><\/span><\/li>\n<\/ul>\n<p><span style=\"font-family: verdana,geneva,sans-serif;\"><span style=\"font-size: 16px;\"><u><strong>T\u00e1blam\u00e9retek:<\/strong><\/u><\/span><\/span><\/p>\n<p><span style=\"font-size: 16px;\"><span style=\"font-family: verdana,geneva,sans-serif;\">Sz\u00e9less\u00e9g x hossz\u00fas\u00e1g:<\/span><\/span><\/p>\n<p><span style=\"font-family: verdana,geneva,sans-serif;\"><span style=\"font-size: 16px;\">1060 mm\u00a0x 1000 mm<\/span><\/span><\/p>\n<ul>\n<li style=\"list-style-type: none;\">\n<ul>\n<li><span style=\"font-family: verdana,geneva,sans-serif;\"><span style=\"font-size: 16px;\">1060 mm\u00a0x 2000 mm<\/span><\/span><\/li>\n<li><span style=\"font-family: verdana,geneva,sans-serif;\"><span style=\"font-size: 16px;\">1060 mm x 3000 mm<\/span><\/span><\/li>\n<\/ul>\n<\/li>\n<\/ul>\n<\/td>\n<td><img loading=\"lazy\" decoding=\"async\" class=\"size-full wp-image-231 aligncenter\" src=\"https:\/\/www.ablakkarter.hu\/wp-content\/uploads\/2012\/07\/polikarbonat_hullamlemez_trapezlemez.jpg\" alt=\"\" width=\"394\" height=\"394\" srcset=\"https:\/\/www.ablakkarter.hu\/wp-content\/uploads\/2012\/07\/polikarbonat_hullamlemez_trapezlemez.jpg 404w, https:\/\/www.ablakkarter.hu\/wp-content\/uploads\/2012\/07\/polikarbonat_hullamlemez_trapezlemez-300x300.jpg 300w, https:\/\/www.ablakkarter.hu\/wp-content\/uploads\/2012\/07\/polikarbonat_hullamlemez_trapezlemez-150x150.jpg 150w\" sizes=\"auto, (max-width: 394px) 100vw, 394px\" \/><\/td>\n<\/tr>\n<\/tbody>\n<\/table>\n<p style=\"text-align: center;\">\n<p><span style=\"font-size: 16px;\"><span style=\"font-family: verdana,geneva,sans-serif;\">A kiv\u00e1l\u00f3 min\u0151s\u00e9g\u0171, anyag\u00e1ban UV-v\u00e9dett, v\u00edztiszta, 0,8 mm vastag Marlon polikarbon\u00e1t hull\u00e1mlemez teraszok \u00e9s el\u0151tet\u0151 fed\u00e9s\u00e9re kiv\u00e1l\u00f3an alkalmazhat\u00f3.<\/span><\/span><\/p>\n<p><span style=\"font-size: 16px;\"><span style=\"font-family: verdana,geneva,sans-serif;\"><strong>A polikarbon\u00e1t hull\u00e1mlemez szerel\u00e9se: <\/strong><\/span><\/span><\/p>\n<p><span style=\"font-size: 16px;\"><span style=\"font-family: verdana,geneva,sans-serif;\">\u00a0\u00a0\u00a0\u00a0\u00a0\u00a0\u00a0\u00a0\u00a0\u00a0 &#8211; keresztir\u00e1ny\u00fa al\u00e1t\u00e1maszt\u00e1s: 80-100 cm<\/span><\/span><\/p>\n<p><span style=\"font-size: 16px;\"><span style=\"font-family: verdana,geneva,sans-serif;\">\u00a0\u00a0\u00a0\u00a0\u00a0\u00a0\u00a0\u00a0\u00a0\u00a0 &#8211; csavaroz\u00e1s az al\u00e1t\u00e1maszt\u00e1son: 50 cm<\/span><\/span><\/p>\n<p><span style=\"font-size: 16px;\"><span style=\"font-family: verdana,geneva,sans-serif;\"><strong>Gy\u00e1rt\u00f3:<\/strong> Brett Martin Ltd. ( UK. )<\/span><\/span><\/p>\n<p style=\"text-align: center;\"><span style=\"font-size: 16px;\"><span style=\"font-family: verdana,geneva,sans-serif;\">Ha bizonytalan a polikarbon\u00e1t lemezek be\u00e9p\u00edt\u00e9s\u00e9hez sz\u00fcks\u00e9ges tartoz\u00e9kok kiv\u00e1laszt\u00e1s\u00e1ban, k\u00e9rje<strong> ingyenes polikarbon\u00e1t \u00e1raj\u00e1nlatunkat!<\/strong> <\/span><\/span><\/p>\n<p style=\"text-align: center;\"><span style=\"font-size: 16px;\"><span style=\"font-family: verdana,geneva,sans-serif;\">A pontos aj\u00e1nlat \u00e9rdek\u00e9ben k\u00e9rj\u00fck,adja meg a be\u00e9p\u00edteni illetve lefedni k\u00edv\u00e1nt fel\u00fclet m\u00e9reteit, a lejt\u00e9s ir\u00e1ny\u00e1t, megl\u00e9v\u0151 szerkezet eset\u00e9n az al\u00e1t\u00e1maszt\u00e1st \u00e9s a r\u00f6gz\u00edt\u00e9st biztos\u00edt\u00f3 elemek t\u00e1vols\u00e1g\u00e1t!<\/span><\/span><\/p>\n<p style=\"text-align: center;\">A m\u00e9retre v\u00e1g\u00e1si lehet\u0151s\u00e9gekr\u0151l \u00e9rdekl\u0151dj\u00f6n koll\u00e9g\u00e1inkn\u00e1l!<\/p>\n<h2 class=\"art-postheader\"><u><span style=\"font-size: 16px;\"><span style=\"font-family: verdana,geneva,sans-serif;\"><a href=\"\/pmmaakrilplexi-lemezek\"><span style=\"color: #ffd700;\"><strong>Tov\u00e1bb a PMMA\/akril\/plexi lemezekre<\/strong><\/span><\/a><\/span><\/span><\/u><\/h2>\n","protected":false},"excerpt":{"rendered":"<p>&nbsp;<\/p>\n<p style=\"text-align: center;\"><span style=\"font-family:verdana,geneva,sans-serif;\"><span style=\"font-size: 16px;\">A polikarbon\u00e1t t\u00f6k\u00e9letes megold\u00e1s tet\u0151fed\u00e9sre, homlokzatburkol\u00e1sra az ipari, mez\u0151gazdas\u00e1gi szerkezetekn\u00e9l \u00e9s a bark\u00e1csol\u00e1s ter\u00fclet\u00e9n. A k\u00f6nny\u0171, \u00e1tl\u00e1tsz\u00f3, id\u0151j\u00e1r\u00e1s\u00e1ll\u00f3 polikarbon\u00e1t lemez el\u0151tet\u0151k, teraszok, aut\u00f3be\u00e1ll\u00f3k fed\u00e9s\u00e9re is alkalmazhat\u00f3. <\/span><\/span><\/p>\n<table border=\"1\" cellpadding=\"1\" cellspacing=\"1\" style=\"width: 740px;\">\n<tbody>\n<tr>\n<td>\n<p><span style=\"font-family:verdana,geneva,sans-serif;\"><span style=\"font-size: 16px;\"><u><strong>F\u0151bb jellemz\u0151k:&nbsp;<\/strong><\/u><\/span><\/span><\/p>\n<ul>\n<li><span style=\"font-family:verdana,geneva,sans-serif;\"><span style=\"font-size: 16px;\">J\u00f3 vegyi ellen\u00e1ll\u00e1s<\/span><\/span><\/li>\n<li><span style=\"font-family:verdana,geneva,sans-serif;\"><span style=\"font-size: 16px;\">Any\u00edg\u00e1ban UV \u00e1ll\u00f3 <\/span><\/span><\/li>\n<li><span style=\"font-family:verdana,geneva,sans-serif;\"><span style=\"font-size: 16px;\">Id\u0151j\u00e1r\u00e1s\u00e1ll\u00f3<\/span><\/span><\/li>\n<li><span style=\"font-family:verdana,geneva,sans-serif;\"><span style=\"font-size: 16px;\">Nem rozsd\u00e1sodik, nem korrod\u00e1l<\/span><\/span><\/li>\n<li><span style=\"font-family:verdana,geneva,sans-serif;\"><span style=\"font-size: 16px;\">Csek\u00e9ly s\u00faly\u00fa, sz\u00e1ll\u00edt\u00e1sa k\u00f6nny\u0171<\/span><\/span>&nbsp;&nbsp;&nbsp;&nbsp;&nbsp;&nbsp;&nbsp;&nbsp;&nbsp;&nbsp;&nbsp;&nbsp;&nbsp;&nbsp;<\/li>\n<li><span style=\"font-family:verdana,geneva,sans-serif;\"><span style=\"font-size: 16px;\">\u00dct\u00e9s\u00e1ll\u00f3<\/span><\/span><\/li>\n<\/ul>\n<p><span style=\"font-family:verdana,geneva,sans-serif;\"><span style=\"font-size: 16px;\"><u><strong>Sz\u00ednek:<\/strong><\/u><\/span><\/span><\/p>\n<ul>\n<li><span style=\"font-family:verdana,geneva,sans-serif;\"><span style=\"font-size: 16px;\">V\u00edztiszta<\/span><\/span><\/li>\n<li><span style=\"font-family:verdana,geneva,sans-serif;\"><span style=\"font-size: 16px;\">Bronz<\/span><\/span><\/li>\n<\/ul>\n<p><span style=\"font-family:verdana,geneva,sans-serif;\"><span style=\"font-size: 16px;\"><u><strong>Tulajdons\u00e1gok:<\/strong><\/u><\/span><\/span><\/p>\n<ul>\n<li><span style=\"font-family:verdana,geneva,sans-serif;\"><span style=\"font-size: 16px;\">Vastags\u00e1g: 0,8 mm<\/span><\/span><\/li>\n<li><span style=\"font-size:16px;\"><span style=\"font-family: verdana,geneva,sans-serif;\">S\u00faly:1,15kg\/m2<\/span><\/span><\/li>\n<\/ul>\n<p><span style=\"font-family:verdana,geneva,sans-serif;\"><span style=\"font-size: 16px;\"><u><strong>T\u00e1blam\u00e9retek:<\/strong><\/u><\/span><\/span><\/p>\n<p><span style=\"font-size:16px;\"><span style=\"font-family: verdana,geneva,sans-serif;\">Sz\u00e9less\u00e9g x hossz\u00fas\u00e1g:<\/span><\/span><\/p>\n<p><span style=\"font-family:verdana,geneva,sans-serif;\"><span style=\"font-size: 16px;\">1060 mm&nbsp;x 1000 mm<\/span><\/span><\/p>\n<ul>\n<li>\n<ul>\n<li><span style=\"font-family:verdana,geneva,sans-serif;\"><span style=\"font-size: 16px;\">1060 mm&nbsp;x 2000 mm<\/span><\/span><\/li>\n<li><span style=\"font-family:verdana,geneva,sans-serif;\"><span style=\"font-size: 16px;\">1060 mm x 3000 mm<\/span><\/span><\/li>\n<\/ul>\n<\/li>\n<\/ul>\n<\/td>\n<td>\n<p><img loading=\"lazy\" decoding=\"async\" class=\" size-full wp-image-231\" alt=\"\" height=\"394\" src=\"https:\/\/www.ablakkarter.hu\/wp-content\/uploads\/2012\/07\/polikarbonat_hullamlemez_trapezlemez.jpg\" width=\"394\" srcset=\"https:\/\/www.ablakkarter.hu\/wp-content\/uploads\/2012\/07\/polikarbonat_hullamlemez_trapezlemez.jpg 404w, https:\/\/www.ablakkarter.hu\/wp-content\/uploads\/2012\/07\/polikarbonat_hullamlemez_trapezlemez-300x300.jpg 300w, https:\/\/www.ablakkarter.hu\/wp-content\/uploads\/2012\/07\/polikarbonat_hullamlemez_trapezlemez-150x150.jpg 150w\" sizes=\"auto, (max-width: 394px) 100vw, 394px\" \/><\/p>\n<\/td>\n<\/tr>\n<\/tbody>\n<\/table>\n<p style=\"text-align: center;\">&nbsp;<\/p>\n<p><span style=\"font-size:16px;\"><span style=\"font-family: verdana,geneva,sans-serif;\">A kiv\u00e1l\u00f3 min\u0151s\u00e9g\u0171, anyag\u00e1ban UV-v\u00e9dett, v\u00edztiszta, 0,8 mm vastag Marlon polikarbon\u00e1t hull\u00e1mlemez teraszok \u00e9s el\u0151tet\u0151 fed\u00e9s\u00e9re kiv\u00e1l\u00f3an alkalmazhat\u00f3.<\/span><\/span><\/p>\n<p><span style=\"font-size:16px;\"><span style=\"font-family: verdana,geneva,sans-serif;\"><strong>A polikarbon\u00e1t hull\u00e1mlemez szerel\u00e9se: <\/strong><\/span><\/span><\/p>\n<p><span style=\"font-size:16px;\"><span style=\"font-family: verdana,geneva,sans-serif;\">&nbsp;&nbsp;&nbsp;&nbsp;&nbsp;&nbsp;&nbsp;&nbsp;&nbsp;&nbsp; &#8211; keresztir\u00e1ny\u00fa al\u00e1t\u00e1maszt\u00e1s: 80-100 cm<\/span><\/span><\/p>\n<p><span style=\"font-size:16px;\"><span style=\"font-family: verdana,geneva,sans-serif;\">&nbsp;&nbsp;&nbsp;&nbsp;&nbsp;&nbsp;&nbsp;&nbsp;&nbsp;&nbsp; &#8211; csavaroz\u00e1s az al\u00e1t\u00e1maszt\u00e1son: 50 cm<\/span><\/span><\/p>\n<p>&nbsp;<\/p>\n<p><span style=\"font-size:16px;\"><span style=\"font-family: verdana,geneva,sans-serif;\"><strong>Gy\u00e1rt\u00f3:<\/strong> Brett Martin Ltd. ( UK. )<\/span><\/span><\/p>\n<p style=\"text-align: center;\"><span style=\"font-size:16px;\"><span style=\"font-family: verdana,geneva,sans-serif;\">Ha bizonytalan a polikarbon\u00e1t lemezek be\u00e9p\u00edt\u00e9s\u00e9hez sz\u00fcks\u00e9ges tartoz\u00e9kok kiv\u00e1laszt\u00e1s\u00e1ban,<strong> <\/strong>k\u00e9rje<strong> ingyenes polikarbon\u00e1t \u00e1raj\u00e1nlatunkat!<\/strong> <\/span><\/span><\/p>\n<p style=\"text-align: center;\"><span style=\"font-size:16px;\"><span style=\"font-family: verdana,geneva,sans-serif;\">A pontos aj\u00e1nlat \u00e9rdek\u00e9ben k\u00e9rj\u00fck,adja meg a be\u00e9p\u00edteni illetve lefedni k\u00edv\u00e1nt fel\u00fclet m\u00e9reteit, a lejt\u00e9s ir\u00e1ny\u00e1t, megl\u00e9v\u0151 szerkezet eset\u00e9n az al\u00e1t\u00e1maszt\u00e1st \u00e9s a r\u00f6gz\u00edt\u00e9st biztos\u00edt\u00f3 elemek t\u00e1vols\u00e1g\u00e1t!<\/span><\/span><\/p>\n<p style=\"text-align: center;\">&nbsp;<\/p>\n<p style=\"text-align: center;\"><span style=\"font-family:verdana,geneva,sans-serif;\"><span style=\"font-size: 16px;\"><span style=\"color: rgb(255, 255, 0);\">A m\u00e9retre v\u00e1g\u00e1si lehet\u0151s\u00e9gekr\u0151l \u00e9rdekl\u0151dj\u00f6n koll\u00e9g\u00e1ink\u00e1l!<\/span><\/span><\/span><\/p>\n<h2 class=\"art-postheader\"><u><span style=\"font-size:16px;\"><span style=\"font-family: verdana,geneva,sans-serif;\"><a href=\"\/pmmaakrilplexi-lemezek\"><span style=\"color: rgb(255, 215, 0);\"><strong>Tov\u00e1bb a PMMA\/akril\/plexi lemezekre<\/strong><\/span><\/a><\/span><\/span><\/u><\/h2>\n","protected":false},"author":1,"featured_media":1118,"parent":0,"menu_order":0,"comment_status":"closed","ping_status":"closed","template":"","meta":{"footnotes":""},"class_list":["post-232","page","type-page","status-publish","has-post-thumbnail","hentry"],"_links":{"self":[{"href":"https:\/\/www.ablakkarter.hu\/index.php?rest_route=\/wp\/v2\/pages\/232","targetHints":{"allow":["GET"]}}],"collection":[{"href":"https:\/\/www.ablakkarter.hu\/index.php?rest_route=\/wp\/v2\/pages"}],"about":[{"href":"https:\/\/www.ablakkarter.hu\/index.php?rest_route=\/wp\/v2\/types\/page"}],"author":[{"embeddable":true,"href":"https:\/\/www.ablakkarter.hu\/index.php?rest_route=\/wp\/v2\/users\/1"}],"replies":[{"embeddable":true,"href":"https:\/\/www.ablakkarter.hu\/index.php?rest_route=%2Fwp%2Fv2%2Fcomments&post=232"}],"version-history":[{"count":3,"href":"https:\/\/www.ablakkarter.hu\/index.php?rest_route=\/wp\/v2\/pages\/232\/revisions"}],"predecessor-version":[{"id":1308,"href":"https:\/\/www.ablakkarter.hu\/index.php?rest_route=\/wp\/v2\/pages\/232\/revisions\/1308"}],"wp:featuredmedia":[{"embeddable":true,"href":"https:\/\/www.ablakkarter.hu\/index.php?rest_route=\/wp\/v2\/media\/1118"}],"wp:attachment":[{"href":"https:\/\/www.ablakkarter.hu\/index.php?rest_route=%2Fwp%2Fv2%2Fmedia&parent=232"}],"curies":[{"name":"wp","href":"https:\/\/api.w.org\/{rel}","templated":true}]}}