{"id":229,"date":"2012-07-25T12:13:56","date_gmt":"2012-07-25T12:13:56","guid":{"rendered":"https:\/\/www.ablakkarter.hu\/tomor-polikarbonat-lemezek\/"},"modified":"2022-03-24T09:56:53","modified_gmt":"2022-03-24T09:56:53","slug":"tomor-polikarbonat-lemezek","status":"publish","type":"page","link":"https:\/\/www.ablakkarter.hu\/?page_id=229","title":{"rendered":"T\u00f6m\u00f6r polikarbon\u00e1t lemezek"},"content":{"rendered":"<p><a href=\"https:\/\/www.ablakkarter.hu\/wp-content\/uploads\/2012\/07\/tomor_polikarbonat.gif\"><img loading=\"lazy\" decoding=\"async\" class=\" size-full wp-image-226\" title=\"t\u00f6m\u00f6r polikarbon\u00e1t\" src=\"https:\/\/www.ablakkarter.hu\/wp-content\/uploads\/2012\/07\/tomor_polikarbonat.gif\" alt=\"\" width=\"372\" height=\"247\" \/><\/a> <a href=\"https:\/\/www.ablakkarter.hu\/wp-content\/uploads\/2012\/07\/tomor_polikarbonat_lemez.gif\"><img loading=\"lazy\" decoding=\"async\" class=\" size-full wp-image-227\" title=\"t\u00f6m\u00f6r polikarbon\u00e1t lemez\" src=\"https:\/\/www.ablakkarter.hu\/wp-content\/uploads\/2012\/07\/tomor_polikarbonat_lemez.gif\" alt=\"\" width=\"371\" height=\"247\" \/><\/a><\/p>\n<p style=\"text-align: center;\"><span style=\"font-size: 16px;\"><span style=\"font-family: verdana,geneva,sans-serif;\"><strong>A polikarbon\u00e1t lemezek olyan \u00e1tl\u00e1tsz\u00f3ak mint az \u00fcveg, de a s\u00falyuk 50%-kal k\u00f6nnyebb, \u00e9s a szil\u00e1rds\u00e1guk 200-szor nagyobb.<\/strong><\/span><\/span><\/p>\n<p><span style=\"font-size: 16px;\"><span style=\"font-family: verdana,geneva,sans-serif;\">A polikarbon\u00e1t lemez t\u00f6k\u00e9letes megold\u00e1s a rong\u00e1l\u00e1snak kitett helyeken.<br \/>\nMegold\u00e1st jelentenek a burkol\u00e1s \u00e9s az \u00fcvegez\u00e9s j\u00f3form\u00e1n minden ter\u00fclet\u00e9n.<br \/>\nA polikarbon\u00e1t lemezek ellen\u00e1llnak az olyan h\u0151m\u00e9rs\u00e9kletnek is, amelyn\u00e9l sok egy\u00e9b m\u0171anyag megolvad, vagy k\u00f6nnyen \u00f6sszet\u00f6rik.<\/span><\/span><\/p>\n<p><a href=\"https:\/\/www.ablakkarter.hu\/wp-content\/uploads\/2012\/07\/polikarbonat_olcso.jpg\"><img loading=\"lazy\" decoding=\"async\" class=\"  wp-image-228\" title=\"Olcs\u00f3 polikarbon\u00e1t\" src=\"https:\/\/www.ablakkarter.hu\/wp-content\/uploads\/2012\/07\/polikarbonat_olcso.jpg\" alt=\"\" width=\"899\" height=\"314\" srcset=\"https:\/\/www.ablakkarter.hu\/wp-content\/uploads\/2012\/07\/polikarbonat_olcso.jpg 618w, https:\/\/www.ablakkarter.hu\/wp-content\/uploads\/2012\/07\/polikarbonat_olcso-300x105.jpg 300w\" sizes=\"auto, (max-width: 899px) 100vw, 899px\" \/><\/a><\/p>\n<p><span style=\"font-size: 16px;\"><span style=\"font-family: verdana,geneva,sans-serif;\"><u><strong>Sz\u00ednv\u00e1laszt\u00e9k:<\/strong><\/u><\/span><\/span><\/p>\n<ul>\n<li><span style=\"font-size: 16px;\"><span style=\"font-family: verdana,geneva,sans-serif;\">V\u00edztiszta<\/span><\/span><\/li>\n<li><span style=\"font-size: 16px;\"><span style=\"font-family: verdana,geneva,sans-serif;\">Bronz<\/span><\/span><\/li>\n<li><span style=\"font-size: 16px;\"><span style=\"font-family: verdana,geneva,sans-serif;\">Op\u00e1l<\/span><\/span><\/li>\n<\/ul>\n<p><span style=\"font-size: 16px;\"><span style=\"font-family: verdana,geneva,sans-serif;\"><u><strong>T\u00e1blam\u00e9retek:<\/strong><\/u><\/span><\/span><\/p>\n<ul>\n<li><span style=\"font-size: 16px;\"><span style=\"font-family: verdana,geneva,sans-serif;\">Vastags\u00e1g: 1 &#8211; 10 mm<\/span><\/span><\/li>\n<li><span style=\"font-size: 16px;\"><span style=\"font-family: verdana,geneva,sans-serif;\">Sz\u00e9less\u00e9g x hossz\u00fas\u00e1g: 2050 mm x 3050 mm<\/span><\/span><\/li>\n<li><span style=\"font-size: 16px;\"><span style=\"font-family: verdana,geneva,sans-serif;\">Kiadhat\u00f3 standard m\u00e9retek: 1250\u00d72050 mm: 1 t\u00e1bla, 2050\u00d73050 mm: 1\/6, 1\/3, 1\/2, 2\/3, 1 t\u00e1bla<\/span><\/span><\/li>\n<\/ul>\n<p style=\"text-align: center;\">A m\u00e9retre v\u00e1g\u00e1si lehet\u0151s\u00e9gekr\u0151l \u00e9rdekl\u0151dj\u00f6n koll\u00e9g\u00e1inkn\u00e1l!<\/p>\n<p><span style=\"font-size: 16px;\"><span style=\"font-family: verdana,geneva,sans-serif;\"><u><em><strong>Leggyakoribb felhaszn\u00e1l\u00e1si ter\u00fcletek:<\/strong><\/em><\/u><\/span><\/span><\/p>\n<ul>\n<li><span style=\"font-size: 16px;\"><span style=\"font-family: verdana,geneva,sans-serif;\">Biztons\u00e1gi \u00fcvegez\u00e9s: \u00fczemi g\u00e9pek v\u00e9d\u0151burkolata, buszmeg\u00e1ll\u00f3k, telefonf\u00fclk\u00e9k,<br \/>\nrend\u0151rs\u00e9gi v\u00e9d\u0151pajzs, gar\u00e1zsajt\u00f3 bet\u00e9t<\/span><\/span><\/li>\n<li><span style=\"font-size: 16px;\"><span style=\"font-family: verdana,geneva,sans-serif;\">\u00c9p\u00edt\u0151ipar: \u00e9p\u00fcletek, csarnokok fed\u00e9se, stadionok fed\u00e9se, j\u00e1t\u00e9kos kispad v\u00e9d\u0151erny\u0151,<br \/>\ntet\u0151ablakok, fel\u00fclvil\u00e1g\u00edt\u00f3k, \u00e1tl\u00e1tsz\u00f3 zajv\u00e9d\u0151falak<\/span><\/span><\/li>\n<li><span style=\"font-size: 16px;\"><span style=\"font-family: verdana,geneva,sans-serif;\">Rekl\u00e1mipar: utcai rekl\u00e1mdobozok, vil\u00e1g\u00edt\u00f3testek<\/span><\/span><\/li>\n<li><span style=\"font-size: 16px;\"><span style=\"font-family: verdana,geneva,sans-serif;\">MAKROCLEAR FA t\u00f6m\u00f6r polikarbon\u00e1t: \u00e9lelmiszeripari felhaszn\u00e1l\u00e1sra (FDA \u00e9s EU standard)<br \/>\nMAKROCLEAR FR <span style=\"font-size: 16px;\"><span style=\"font-family: verdana,geneva,sans-serif;\">t\u00f6m\u00f6r polikarbon\u00e1t<\/span><\/span>: \u00e9g\u00e9sg\u00e1tolt kivitel (&#8222;V0&#8221; t\u0171z\u00e1ll\u00f3s\u00e1gi besorol\u00e1s UL 94 szerint 3,05 mm felett)<br \/>\nFentiekkel kapcsolatban k\u00e9rje szakembereink tan\u00e1cs\u00e1t!<\/span><\/span><\/li>\n<\/ul>\n<h2 class=\"art-postheader\"><a href=\"https:\/\/www.ablakkarter.hu\/polikarbonat-hullam-es-trapezlemezek\/\"><span style=\"color: #ffd700;\"><span style=\"font-size: 14px;\"><strong>Tov\u00e1bb a polikarbon\u00e1t \u00e9s PVC hull\u00e1m- \u00e9s trap\u00e9zlemezekre<\/strong><\/span><\/span><\/a><\/h2>\n<h2 class=\"art-postheader\"><\/h2>\n","protected":false},"excerpt":{"rendered":"<p><a href=\"https:\/\/www.ablakkarter.hu\/wp-content\/uploads\/2012\/07\/tomor_polikarbonat.gif\"><img loading=\"lazy\" decoding=\"async\" class=\" size-full wp-image-226\" alt=\"\" height=\"247\" src=\"https:\/\/www.ablakkarter.hu\/wp-content\/uploads\/2012\/07\/tomor_polikarbonat.gif\" title=\"t\u00f6m\u00f6r polikarbon\u00e1t\" width=\"372\" \/><\/a> <a href=\"https:\/\/www.ablakkarter.hu\/wp-content\/uploads\/2012\/07\/tomor_polikarbonat_lemez.gif\"><img loading=\"lazy\" decoding=\"async\" class=\" size-full wp-image-227\" alt=\"\" height=\"247\" src=\"https:\/\/www.ablakkarter.hu\/wp-content\/uploads\/2012\/07\/tomor_polikarbonat_lemez.gif\" title=\"t\u00f6m\u00f6r polikarbon\u00e1t lemez\" width=\"371\" \/><\/a><\/p>\n<p style=\"text-align: center;\"><span style=\"font-size:16px;\"><span style=\"font-family: verdana,geneva,sans-serif;\"><strong>A polikarbon\u00e1t lemezek olyan \u00e1tl\u00e1tsz\u00f3ak mint az \u00fcveg, de a s\u00falyuk 50%-kal k\u00f6nnyebb, \u00e9s a szil\u00e1rds\u00e1guk 200-szor nagyobb.<\/strong><\/span><\/span><\/p>\n<p><span style=\"font-size:16px;\"><span style=\"font-family: verdana,geneva,sans-serif;\">A polikarbon\u00e1t lemez t\u00f6k\u00e9letes megold\u00e1s a rong\u00e1l\u00e1snak kitett helyeken.<br \/>Megold\u00e1st jelentenek a burkol\u00e1s \u00e9s az \u00fcvegez\u00e9s j\u00f3form\u00e1n minden ter\u00fclet\u00e9n.<br \/>A polikarbon\u00e1t lemezek ellen\u00e1llnak az olyan h\u0151m\u00e9rs\u00e9kletnek is, amelyn\u00e9l sok egy\u00e9b m\u0171anyag megolvad, vagy k\u00f6nnyen \u00f6sszet\u00f6rik.<\/span><\/span><\/p>\n<p><a href=\"https:\/\/www.ablakkarter.hu\/wp-content\/uploads\/2012\/07\/polikarbonat_olcso.jpg\"><img loading=\"lazy\" decoding=\"async\" class=\" size-full wp-image-228\" alt=\"\" height=\"244\" src=\"https:\/\/www.ablakkarter.hu\/wp-content\/uploads\/2012\/07\/polikarbonat_olcso.jpg\" title=\"Olcs\u00f3 polikarbon\u00e1t\" width=\"713\" \/><\/a><\/p>\n<p><span style=\"font-size:16px;\"><span style=\"font-family: verdana,geneva,sans-serif;\"><u><strong>Sz\u00ednv\u00e1laszt\u00e9k:<\/strong><\/u><\/span><\/span><\/p>\n<ul>\n<li><span style=\"font-size:16px;\"><span style=\"font-family: verdana,geneva,sans-serif;\">V\u00edztiszta<\/span><\/span><\/li>\n<li><span style=\"font-size:16px;\"><span style=\"font-family: verdana,geneva,sans-serif;\">Bronz<\/span><\/span><\/li>\n<li><span style=\"font-size:16px;\"><span style=\"font-family: verdana,geneva,sans-serif;\">Op\u00e1l<\/span><\/span><\/li>\n<\/ul>\n<p><span style=\"font-size:16px;\"><span style=\"font-family: verdana,geneva,sans-serif;\"><u><strong>T\u00e1blam\u00e9retek:<\/strong><\/u><\/span><\/span><\/p>\n<ul>\n<li><span style=\"font-size:16px;\"><span style=\"font-family: verdana,geneva,sans-serif;\">Vastags\u00e1g: 1 &#8211; 10 mm<\/span><\/span><\/li>\n<li><span style=\"font-size:16px;\"><span style=\"font-family: verdana,geneva,sans-serif;\">Sz\u00e9less\u00e9g x hossz\u00fas\u00e1g: 2050 mm x 3050 mm<\/span><\/span><\/li>\n<li><span style=\"font-size:16px;\"><span style=\"font-family: verdana,geneva,sans-serif;\">Kiadhat\u00f3 standard m\u00e9retek: 1250&times;2050 mm: 1 t\u00e1bla, 2050&times;3050 mm: 1\/6, 1\/3, 1\/2, 2\/3, 1 t\u00e1bla<\/span><\/span><\/li>\n<\/ul>\n<p style=\"text-align: center;\"><span style=\"font-size:16px;\"><span style=\"font-family: verdana,geneva,sans-serif;\"><span style=\"color: rgb(255, 255, 0);\">A m\u00e9retre v\u00e1g\u00e1si lehet\u0151s\u00e9gekr\u0151l \u00e9rdekl\u0151dj\u00f6n koll\u00e9g\u00e1inkn\u00e1l!&nbsp;<\/span><\/span><\/span><\/p>\n<p><span style=\"font-size:16px;\"><span style=\"font-family: verdana,geneva,sans-serif;\"><u><em><strong>Leggyakoribb felhaszn\u00e1l\u00e1si ter\u00fcletek:<\/strong><\/em><\/u><\/span><\/span><\/p>\n<ul>\n<li><span style=\"font-size:16px;\"><span style=\"font-family: verdana,geneva,sans-serif;\">Biztons\u00e1gi \u00fcvegez\u00e9s: \u00fczemi g\u00e9pek v\u00e9d\u0151burkolata, buszmeg\u00e1ll\u00f3k, telefonf\u00fclk\u00e9k,<br \/>rend\u0151rs\u00e9gi v\u00e9d\u0151pajzs, gar\u00e1zsajt\u00f3 bet\u00e9t<\/span><\/span><\/li>\n<li><span style=\"font-size:16px;\"><span style=\"font-family: verdana,geneva,sans-serif;\">\u00c9p\u00edt\u0151ipar: \u00e9p\u00fcletek, csarnokok fed\u00e9se, stadionok fed\u00e9se, j\u00e1t\u00e9kos kispad v\u00e9d\u0151erny\u0151,<br \/>tet\u0151ablakok, fel\u00fclvil\u00e1g\u00edt\u00f3k, \u00e1tl\u00e1tsz\u00f3 zajv\u00e9d\u0151falak<\/span><\/span><\/li>\n<li><span style=\"font-size:16px;\"><span style=\"font-family: verdana,geneva,sans-serif;\">Rekl\u00e1mipar: utcai rekl\u00e1mdobozok, vil\u00e1g\u00edt\u00f3testek<\/span><\/span><\/li>\n<li><span style=\"font-size:16px;\"><span style=\"font-family: verdana,geneva,sans-serif;\">MAKROCLEAR FA t\u00f6m\u00f6r polikarbon\u00e1t: \u00e9lelmiszeripari felhaszn\u00e1l\u00e1sra (FDA \u00e9s EU standard)<br \/>MAKROCLEAR FR <span style=\"font-size:16px;\"><span style=\"font-family: verdana,geneva,sans-serif;\">t\u00f6m\u00f6r polikarbon\u00e1t<\/span><\/span>: \u00e9g\u00e9sg\u00e1tolt kivitel (&quot;V0&quot; t\u0171z\u00e1ll\u00f3s\u00e1gi besorol\u00e1s UL 94 szerint 3,05 mm felett)<br \/>Fentiekkel kapcsolatban k\u00e9rje szakembereink tan\u00e1cs\u00e1t!<\/span><\/span><\/li>\n<\/ul>\n<h2 class=\"art-postheader\"><a href=\"\/polikarbonat-es-pvc-hullam-es-trapezlemezek\"><span style=\"color:#ffd700;\"><span style=\"font-size: 14px;\"><strong>Tov\u00e1bb a polikarbon\u00e1t \u00e9s PVC hull\u00e1m- \u00e9s trap\u00e9zlemezekre<\/strong><\/span><\/span><\/a><\/h2>\n<p>&nbsp;<\/p>\n","protected":false},"author":1,"featured_media":1118,"parent":0,"menu_order":0,"comment_status":"closed","ping_status":"closed","template":"","meta":{"footnotes":""},"class_list":["post-229","page","type-page","status-publish","has-post-thumbnail","hentry"],"_links":{"self":[{"href":"https:\/\/www.ablakkarter.hu\/index.php?rest_route=\/wp\/v2\/pages\/229","targetHints":{"allow":["GET"]}}],"collection":[{"href":"https:\/\/www.ablakkarter.hu\/index.php?rest_route=\/wp\/v2\/pages"}],"about":[{"href":"https:\/\/www.ablakkarter.hu\/index.php?rest_route=\/wp\/v2\/types\/page"}],"author":[{"embeddable":true,"href":"https:\/\/www.ablakkarter.hu\/index.php?rest_route=\/wp\/v2\/users\/1"}],"replies":[{"embeddable":true,"href":"https:\/\/www.ablakkarter.hu\/index.php?rest_route=%2Fwp%2Fv2%2Fcomments&post=229"}],"version-history":[{"count":4,"href":"https:\/\/www.ablakkarter.hu\/index.php?rest_route=\/wp\/v2\/pages\/229\/revisions"}],"predecessor-version":[{"id":1310,"href":"https:\/\/www.ablakkarter.hu\/index.php?rest_route=\/wp\/v2\/pages\/229\/revisions\/1310"}],"wp:featuredmedia":[{"embeddable":true,"href":"https:\/\/www.ablakkarter.hu\/index.php?rest_route=\/wp\/v2\/media\/1118"}],"wp:attachment":[{"href":"https:\/\/www.ablakkarter.hu\/index.php?rest_route=%2Fwp%2Fv2%2Fmedia&parent=229"}],"curies":[{"name":"wp","href":"https:\/\/api.w.org\/{rel}","templated":true}]}}