{"id":178,"date":"2021-12-01T13:55:54","date_gmt":"2021-12-01T13:55:54","guid":{"rendered":"https:\/\/www.ablakkarter.hu\/?page_id=178"},"modified":"2021-12-13T15:11:20","modified_gmt":"2021-12-13T15:11:20","slug":"belso-arnyekolok","status":"publish","type":"page","link":"https:\/\/www.ablakkarter.hu\/?page_id=178","title":{"rendered":"Bels\u0151 \u00e1rny\u00e9kol\u00f3k"},"content":{"rendered":"<p><span style=\"font-size: 16px;\"><strong>A bels\u0151 \u00e1rny\u00e9kol\u00f3k<\/strong> kiv\u00e1l\u00f3an alkalmasak a helyis\u00e9g s\u00f6t\u00e9t\u00edt\u00e9s\u00e9re, a k\u00edv\u00e1ncsi tekintetek megakad\u00e1lyoz\u00e1s\u00e1ra. Pomp\u00e1zatos sz\u00edneikkel, mint\u00e1zatukkal lak\u00e1sunkat teljesen egyediv\u00e9 var\u00e1zsolhatjuk.<\/span><br \/>\n<span style=\"font-size: 16px;\"><strong>RELUXA:<\/strong><\/span><\/p>\n<ul>\n<li><span style=\"font-size: 16px;\">Olcs\u00f3. A reluxa az egyik legolcs\u00f3bb \u00e1rny\u00e9kol\u00f3<\/span><\/li>\n<li><span style=\"font-size: 16px;\">K\u00f6nnyen kezelhet\u0151, eszt\u00e9tikus<\/span><\/li>\n<li><span style=\"font-size: 16px;\">Nagyfok\u00fa f\u00e9ny- \u00e9s h\u0151 visszaver\u0151 k\u00e9pess\u00e9g<\/span><\/li>\n<li><span style=\"font-size: 16px;\">V\u00e9d a napt\u00f3l<\/span><\/li>\n<li><span style=\"font-size: 16px;\">Gyorsan szerelhet\u0151<\/span><\/li>\n<li><span style=\"font-size: 16px;\">\u00d3ri\u00e1si sz\u00ednv\u00e1laszt\u00e9k<\/span><\/li>\n<li><span style=\"font-size: 16px;\">Nem fakul<\/span><\/li>\n<li><span style=\"font-size: 16px;\">Hossz\u00fa \u00e9lettartam\u00fa<\/span><\/li>\n<li><span style=\"font-size: 16px;\">Karbantart\u00e1st nem ig\u00e9nyel<\/span><\/li>\n<\/ul>\n<p><span style=\"font-size: 16px;\">&nbsp;Az alum\u00edniumlamell\u00e1s reluxa a bels\u0151t\u00e9ri \u00e1rny\u00e9kol\u00e1s egyik legelterjedtebb m\u00f3dja. A lamell\u00e1k forgat\u00e1s\u00e1val szab\u00e1lyozhat\u00f3 a f\u00e9ny mennyis\u00e9ge, \u00e9s ir\u00e1nya.<\/span><\/p>\n<p><span style=\"font-size: 16px;\">Szinte b\u00e1rmelyen ablak-, illetve ajt\u00f3t\u00edpusra felszerelhet\u0151. Fesz\u00edtett r\u00f6gz\u00edt\u00e9sn\u00e9l a reluxa<br \/>\negy\u00fctt bukik &#8211; ny\u00edlik az ablakkal.<\/span><\/p>\n<p><span style=\"font-size: 16px;\">A reluxa anyaga alum\u00ednium, ez\u00e9rt vizes helyis\u00e9gekben, f\u00fcrd\u0151szob\u00e1ban is haszn\u00e1lhat\u00f3.<\/span><\/p>\n<p><span style=\"font-size: 16px;\"><strong><strong>Reluxa m\u00e9retek:<\/strong><\/strong><\/span><\/p>\n<p><span style=\"font-size: 16px;\">Alum\u00ednium reluxa max. sz\u00e9less\u00e9ge: 200cm<br \/>\nAlum\u00ednium reluxa max.magass\u00e1ga: 300cm<\/span><\/p>\n<p><span style=\"font-size: 16px;\">Figyelem! Az eredeti sz\u00ednek elt\u00e9rhetnek a sz\u00e1m\u00edt\u00f3g\u00e9pen l\u00e1tott t\u00f3nust\u00f3l ez\u00e9rt ezek csak t\u00e1j\u00e9koztat\u00f3 jelleg\u0171ek!<\/span><\/p>\n<p style=\"text-align: center;\"><span style=\"font-size: 16px;\"><strong>Megrendel\u00e9s el\u0151tt k\u00e9rj\u00e9k ki \u00e1rny\u00e9kol\u00e1stechnik\u00e1val foglalkoz\u00f3 koll\u00e9g\u00e1ink ingyenes szaktan\u00e1csait!<\/strong><\/span><br \/>\n<img loading=\"lazy\" decoding=\"async\" class=\" size-full wp-image-175\" style=\"width: 300px; height: 199px;\" src=\"https:\/\/www.ablakkarter.hu\/wp-content\/uploads\/2012\/07\/reluxa_kart.jpg\" alt=\"Reluxa\" width=\"350\" height=\"232\" srcset=\"https:\/\/www.ablakkarter.hu\/wp-content\/uploads\/2012\/07\/reluxa_kart.jpg 350w, https:\/\/www.ablakkarter.hu\/wp-content\/uploads\/2012\/07\/reluxa_kart-300x199.jpg 300w\" sizes=\"auto, (max-width: 350px) 100vw, 350px\" \/><\/p>\n<hr>\n<p><span style=\"font-size: 16px;\"><strong>SZALAGF\u00dcGG\u00d6NY:<\/strong><\/span><\/p>\n<p><span style=\"font-size: 16px;\">A <strong>szalagf\u00fcgg\u00f6ny<\/strong> b\u00e1rmilyen bels\u0151 t\u00e9rnek eleg\u00e1ns \u00e9s praktikus megjelen\u00e9st biztos\u00edt.<\/span><\/p>\n<p><span style=\"font-size: 16px;\">Gazdag sz\u00edn \u00e9s textilv\u00e1laszt\u00e9kkal rendelhet\u0151.<\/span><\/p>\n<p><span style=\"font-size: 16px;\">A szalagf\u00fcgg\u00f6ny lamell\u00e1inak seg\u00edts\u00e9g\u00e9vel a bejut\u00f3 f\u00e9ny mennyis\u00e9g\u00e9t \u00e9s ir\u00e1ny\u00e1t egyszer\u0171en szab\u00e1lyozhatjuk.<\/span><\/p>\n<p><span style=\"font-size: 16px;\">A szalagf\u00fcgg\u00f6ny lamell\u00e1k UV-stabilak, speci\u00e1lis antisztatikus \u00e9s portasz\u00edt\u00f3 anyaggal kezeltek. A Karter Ablak Kft v\u00e1llalja a s\u00e9r\u00fclt, vagy esetleg elpiszkol\u00f3dott lamell\u00e1k cser\u00e9j\u00e9t.&nbsp;&nbsp;&nbsp;&nbsp;&nbsp;&nbsp;&nbsp;&nbsp;&nbsp;&nbsp;&nbsp;&nbsp;&nbsp;&nbsp;&nbsp; <\/span><\/p>\n<p><span style=\"font-size: 16px;\">A kezel\u00e9si m\u00f3dokat \u00d6n v\u00e1lasztja meg.<\/span><\/p>\n<p style=\"margin-left: 36.0pt;\"><span style=\"font-size: 16px;\"><strong>A szalagf\u00fcgg\u00f6ny \u00f6sszeh\u00fazhat\u00f3:<\/strong><\/span><\/p>\n<ul>\n<li><span style=\"font-size: 16px;\">kezel\u0151zsin\u00f3rok ir\u00e1ny\u00e1ba<\/span><\/li>\n<li><span style=\"font-size: 16px;\">ellenkez\u0151 oldalra<\/span><\/li>\n<li><span style=\"font-size: 16px;\">lehet k\u00f6z\u00e9pr\u0151l k\u00e9t oldalra gy\u0171jt\u0151<\/span><\/li>\n<\/ul>\n<p style=\"margin-left: 36.0pt;\"><span style=\"font-size: 16px;\"><strong>A szalagf\u00fcgg\u00f6ny szerelhet\u0151:<\/strong><\/span><\/p>\n<ul>\n<li><span style=\"font-size: 16px;\">mennyezetre<\/span><\/li>\n<li><span style=\"font-size: 16px;\">konzollal oldalfalra<\/span><\/li>\n<\/ul>\n<p style=\"text-align: center;\"><img decoding=\"async\" style=\"width: 350px; height: 169px;\" src=\"\/sites\/default\/files\/szalagf\u00fcgg\u00f6ny_kart.jpg\" alt=\"szalagf\u00fcgg\u00f6ny\"><\/p>\n<hr>\n<p><span style=\"font-size: 16px;\"><u><strong>ROLETTA:<\/strong><\/u><\/span><\/p>\n<p><span style=\"font-size: 16px;\">Napjaink egyik legmodernebb bels\u0151 \u00e1rny\u00e9kol\u00f3ja!<\/span><\/p>\n<p><span style=\"font-size: 16px;\">A rolett\u00e1k eszt\u00e9tikus megjelen\u00e9st biztos\u00edtanak, emellett v\u00e9denek a betekint\u00e9s \u00e9s a nap k\u00e1ros sug\u00e1rz\u00e1sa ellen is. Felszerel\u00e9se rendk\u00edv\u00fcl egyszer\u0171. A roletta rendelhet\u0151 rug\u00f3s tengellyel ell\u00e1tott, illetve gy\u00f6ngyl\u00e1ncos m\u0171k\u00f6dtet\u00e9ssel is.<\/span><\/p>\n<p><span style=\"font-size: 16px;\">Anyag\u00e1t tekintve megk\u00fcl\u00f6nb\u00f6ztet\u00fcnk f\u00e9nyz\u00e1r\u00f3 \u00e9s f\u00e9ny\u00e1tereszt\u0151 rolett\u00e1t. Ennek megfelel\u0151en lehet: alupigment\u00e1lt textil vagy f\u00e9ny\u00e1tereszt\u0151 textil. Az alupigment bevonatos text\u00edlia a h\u0151sugarak jelent\u0151s r\u00e9sz\u00e9t visszaveri.<\/span><\/p>\n<p><span style=\"font-size: 16px;\">&nbsp;Figyelem! Az eredeti sz\u00ednek elt\u00e9rhetnek a sz\u00e1m\u00edt\u00f3g\u00e9pen l\u00e1tott t\u00f3nust\u00f3l ez\u00e9rt ezek csak t\u00e1j\u00e9koztat\u00f3 jelleg\u0171ek!<\/span><\/p>\n<p style=\"text-align: center;\"><img loading=\"lazy\" decoding=\"async\" class=\" size-full wp-image-176\" style=\"width: 306px; height: 284px;\" src=\"https:\/\/www.ablakkarter.hu\/wp-content\/uploads\/2012\/07\/Roletta.png\" alt=\"Roletta\" width=\"306\" height=\"284\" srcset=\"https:\/\/www.ablakkarter.hu\/wp-content\/uploads\/2012\/07\/Roletta.png 306w, https:\/\/www.ablakkarter.hu\/wp-content\/uploads\/2012\/07\/Roletta-300x278.png 300w\" sizes=\"auto, (max-width: 306px) 100vw, 306px\" \/><\/p>\n<hr>\n<p><span style=\"font-size: 16px;\"><u><strong>HARM\u00d3NIKA AJT\u00d3<\/strong><\/u><\/span><\/p>\n<p><span style=\"font-size: 16px;\">Praktikus v\u00e1laszt\u00e1s olyan lak\u00e1sokban, ahol az egym\u00e1sba ny\u00edl\u00f3 ajt\u00f3k k\u00f6zleked\u00e9si neh\u00e9zs\u00e9geket okoznak.<\/span><\/p>\n<p><span style=\"font-size: 16px;\">T\u00e9relv\u00e1laszt\u00e1s c\u00e9lj\u00e1ra is kit\u0171n\u0151 megold\u00e1st ny\u00fajt kis helyig\u00e9nye miatt.<\/span><\/p>\n<p><span style=\"font-size: 16px;\">Gyorsan be\u00e9p\u00edthet\u0151, k\u00f6nnyen kezelhet\u0151, tiszt\u00edt\u00e1sa egyszer\u0171.<br \/>\nT\u00f6m\u00f6r \u00e9s ablakos kivitelben is megrendelhet\u0151.<br \/>\nT\u00f6bbf\u00e9le sz\u00ednben, m\u00e9retre gy\u00e1rtva szerelj\u00fck.<\/span><\/p>\n<p><span style=\"font-size: 16px;\">Figyelem! Az eredeti sz\u00ednek elt\u00e9rhetnek a sz\u00e1m\u00edt\u00f3g\u00e9pen l\u00e1tott t\u00f3nust\u00f3l ez\u00e9rt ezek csak t\u00e1j\u00e9koztat\u00f3 jelleg\u0171ek!<\/span><\/p>\n<p><span style=\"font-size: 16px;\">Term\u00e9keinket ig\u00e9ny eset\u00e9n be\u00e9p\u00edtj\u00fck!<\/span><\/p>\n<p style=\"text-align: center;\"><img loading=\"lazy\" decoding=\"async\" class=\" size-full wp-image-177\" style=\"width: 248px; height: 350px;\" src=\"https:\/\/www.ablakkarter.hu\/wp-content\/uploads\/2012\/07\/harmonika_ajto_kart.png\" alt=\"Harm\u00f3nika ajt\u00f3\" width=\"248\" height=\"350\" srcset=\"https:\/\/www.ablakkarter.hu\/wp-content\/uploads\/2012\/07\/harmonika_ajto_kart.png 248w, https:\/\/www.ablakkarter.hu\/wp-content\/uploads\/2012\/07\/harmonika_ajto_kart-213x300.png 213w\" sizes=\"auto, (max-width: 248px) 100vw, 248px\" \/><\/p>\n<p style=\"text-align: center;\">\n","protected":false},"excerpt":{"rendered":"<p><span style=\"font-size:16px;\"><strong>A bels\u0151 \u00e1rny\u00e9kol\u00f3k<\/strong> kiv\u00e1l\u00f3an alkalmasak a helyis\u00e9g s\u00f6t\u00e9t\u00edt\u00e9s\u00e9re, a k\u00edv\u00e1ncsi tekintetek megakad\u00e1lyoz\u00e1s\u00e1ra. Pomp\u00e1zatos sz\u00edneikkel, mint\u00e1zatukkal lak\u00e1sunkat teljesen egyediv\u00e9 var\u00e1zsolhatjuk.<\/span><br \/>&nbsp;<\/p>\n<p><span style=\"font-size:16px;\"><strong>RELUXA:<\/strong><\/span><\/p>\n<ul>\n<li><span style=\"font-size:16px;\">Olcs\u00f3. A reluxa az egyik legolcs\u00f3bb \u00e1rny\u00e9kol\u00f3<\/span><\/li>\n<li><span style=\"font-size:16px;\">K\u00f6nnyen kezelhet\u0151, eszt\u00e9tikus<\/span><\/li>\n<li><span style=\"font-size:16px;\">Nagyfok\u00fa f\u00e9ny- \u00e9s h\u0151 visszaver\u0151 k\u00e9pess\u00e9g<\/span><\/li>\n<li><span style=\"font-size:16px;\">V\u00e9d a napt\u00f3l<\/span><\/li>\n<li><span style=\"font-size:16px;\">Gyorsan szerelhet\u0151<\/span><\/li>\n<li><span style=\"font-size:16px;\">\u00d3ri\u00e1si sz\u00ednv\u00e1laszt\u00e9k<\/span><\/li>\n<li><span style=\"font-size:16px;\">Nem fakul<\/span><\/li>\n<li><span style=\"font-size:16px;\">Hossz\u00fa \u00e9lettartam\u00fa<\/span><\/li>\n<li><span style=\"font-size:16px;\">Karbantart\u00e1st nem ig\u00e9nyel<\/span><\/li>\n<\/ul>\n<p><span style=\"font-size:16px;\">&nbsp;Az alum\u00edniumlamell\u00e1s reluxa a bels\u0151t\u00e9ri \u00e1rny\u00e9kol\u00e1s egyik legelterjedtebb m\u00f3dja. A lamell\u00e1k forgat\u00e1s\u00e1val szab\u00e1lyozhat\u00f3 a f\u00e9ny mennyis\u00e9ge, \u00e9s ir\u00e1nya.<\/span><\/p>\n<p><span style=\"font-size:16px;\">Szinte b\u00e1rmelyen ablak-, illetve ajt\u00f3t\u00edpusra felszerelhet\u0151. Fesz\u00edtett r\u00f6gz\u00edt\u00e9sn\u00e9l a reluxa<br \/>egy\u00fctt bukik &#8211; ny\u00edlik az ablakkal.<\/span><\/p>\n<p><span style=\"font-size:16px;\">A reluxa anyaga alum\u00ednium, ez\u00e9rt vizes helyis\u00e9gekben, f\u00fcrd\u0151szob\u00e1ban is haszn\u00e1lhat\u00f3.<\/span><\/p>\n<p><span style=\"font-size:16px;\"><strong><strong>Reluxa m\u00e9retek:<\/strong><\/strong><\/span><\/p>\n<p><span style=\"font-size:16px;\">Alum\u00ednium reluxa max. sz\u00e9less\u00e9ge: 200cm<br \/>Alum\u00ednium reluxa max.magass\u00e1ga: 300cm<\/span><\/p>\n<p><span style=\"font-size:16px;\">Figyelem! Az eredeti sz\u00ednek elt\u00e9rhetnek a sz\u00e1m\u00edt\u00f3g\u00e9pen l\u00e1tott t\u00f3nust\u00f3l ez\u00e9rt ezek csak t\u00e1j\u00e9koztat\u00f3 jelleg\u0171ek!<\/span><\/p>\n<p style=\"text-align: center;\"><span style=\"font-size:16px;\"><strong>Megrendel\u00e9s el\u0151tt k\u00e9rj\u00e9k ki \u00e1rny\u00e9kol\u00e1stechnik\u00e1val foglalkoz\u00f3 koll\u00e9g\u00e1ink ingyenes szaktan\u00e1csait!<\/strong><\/span><br \/><img loading=\"lazy\" decoding=\"async\" class=\" size-full wp-image-175\" alt=\"Reluxa\" src=\"https:\/\/www.ablakkarter.hu\/wp-content\/uploads\/2012\/07\/reluxa_kart.jpg\" style=\"width: 300px; height: 199px;\" width=\"350\" height=\"232\" srcset=\"https:\/\/www.ablakkarter.hu\/wp-content\/uploads\/2012\/07\/reluxa_kart.jpg 350w, https:\/\/www.ablakkarter.hu\/wp-content\/uploads\/2012\/07\/reluxa_kart-300x199.jpg 300w\" sizes=\"auto, (max-width: 350px) 100vw, 350px\" \/><\/p>\n<hr \/>\n<p><span style=\"font-size:16px;\"><strong>SZALAGF\u00dcGG\u00d6NY:<\/strong><\/span><\/p>\n<p><span style=\"font-size:16px;\">A <strong>szalagf\u00fcgg\u00f6ny<\/strong> b\u00e1rmilyen bels\u0151 t\u00e9rnek eleg\u00e1ns \u00e9s praktikus megjelen\u00e9st biztos\u00edt.<\/span><\/p>\n<p><span style=\"font-size:16px;\">Gazdag sz\u00edn \u00e9s textilv\u00e1laszt\u00e9kkal rendelhet\u0151.<\/span><\/p>\n<p><span style=\"font-size:16px;\">A szalagf\u00fcgg\u00f6ny lamell\u00e1inak seg\u00edts\u00e9g\u00e9vel a bejut\u00f3 f\u00e9ny mennyis\u00e9g\u00e9t \u00e9s ir\u00e1ny\u00e1t egyszer\u0171en szab\u00e1lyozhatjuk.<\/span><\/p>\n<p><span style=\"font-size:16px;\">A szalagf\u00fcgg\u00f6ny lamell\u00e1k UV-stabilak, speci\u00e1lis antisztatikus \u00e9s portasz\u00edt\u00f3 anyaggal kezeltek. A Karter Ablak Kft v\u00e1llalja a s\u00e9r\u00fclt, vagy esetleg elpiszkol\u00f3dott lamell\u00e1k cser\u00e9j\u00e9t.&nbsp;&nbsp;&nbsp;&nbsp;&nbsp;&nbsp;&nbsp;&nbsp;&nbsp;&nbsp;&nbsp;&nbsp;&nbsp;&nbsp;&nbsp; <\/span><\/p>\n<p><span style=\"font-size:16px;\">A kezel\u00e9si m\u00f3dokat \u00d6n v\u00e1lasztja meg.<\/span><\/p>\n<p style=\"margin-left:36.0pt;\"><span style=\"font-size:16px;\"><strong>A szalagf\u00fcgg\u00f6ny \u00f6sszeh\u00fazhat\u00f3:<\/strong><\/span><\/p>\n<ul>\n<li><span style=\"font-size:16px;\">kezel\u0151zsin\u00f3rok ir\u00e1ny\u00e1ba<\/span><\/li>\n<li><span style=\"font-size:16px;\">ellenkez\u0151 oldalra<\/span><\/li>\n<li><span style=\"font-size:16px;\">lehet k\u00f6z\u00e9pr\u0151l k\u00e9t oldalra gy\u0171jt\u0151<\/span><\/li>\n<\/ul>\n<p style=\"margin-left:36.0pt;\"><span style=\"font-size:16px;\"><strong>A szalagf\u00fcgg\u00f6ny szerelhet\u0151:<\/strong><\/span><\/p>\n<ul>\n<li><span style=\"font-size:16px;\">mennyezetre<\/span><\/li>\n<li><span style=\"font-size:16px;\">konzollal oldalfalra<\/span><\/li>\n<\/ul>\n<p style=\"text-align: center;\"><img decoding=\"async\" alt=\"szalagf\u00fcgg\u00f6ny\" src=\"\/sites\/default\/files\/szalagf\u00fcgg\u00f6ny_kart.jpg\" style=\"width: 350px; height: 169px;\" \/><\/p>\n<hr \/>\n<p><span style=\"font-size:16px;\"><u><strong>ROLETTA:<\/strong><\/u><\/span><\/p>\n<p><span style=\"font-size:16px;\">Napjaink egyik legmodernebb bels\u0151 \u00e1rny\u00e9kol\u00f3ja!<\/span><\/p>\n<p><span style=\"font-size:16px;\">A rolett\u00e1k eszt\u00e9tikus megjelen\u00e9st biztos\u00edtanak, emellett v\u00e9denek a betekint\u00e9s \u00e9s a nap k\u00e1ros sug\u00e1rz\u00e1sa ellen is. Felszerel\u00e9se rendk\u00edv\u00fcl egyszer\u0171. A roletta rendelhet\u0151 rug\u00f3s tengellyel ell\u00e1tott, illetve gy\u00f6ngyl\u00e1ncos m\u0171k\u00f6dtet\u00e9ssel is.<\/span><\/p>\n<p><span style=\"font-size:16px;\">Anyag\u00e1t tekintve megk\u00fcl\u00f6nb\u00f6ztet\u00fcnk f\u00e9nyz\u00e1r\u00f3 \u00e9s f\u00e9ny\u00e1tereszt\u0151 rolett\u00e1t. Ennek megfelel\u0151en lehet: alupigment\u00e1lt textil vagy f\u00e9ny\u00e1tereszt\u0151 textil. Az alupigment bevonatos text\u00edlia a h\u0151sugarak jelent\u0151s r\u00e9sz\u00e9t visszaveri.<\/span><\/p>\n<p><span style=\"font-size:16px;\">&nbsp;Figyelem! Az eredeti sz\u00ednek elt\u00e9rhetnek a sz\u00e1m\u00edt\u00f3g\u00e9pen l\u00e1tott t\u00f3nust\u00f3l ez\u00e9rt ezek csak t\u00e1j\u00e9koztat\u00f3 jelleg\u0171ek!<\/span><\/p>\n<p style=\"text-align: center;\"><img loading=\"lazy\" decoding=\"async\" class=\" size-full wp-image-176\" alt=\"Roletta\" src=\"https:\/\/www.ablakkarter.hu\/wp-content\/uploads\/2012\/07\/Roletta.png\" style=\"width: 306px; height: 284px;\" width=\"306\" height=\"284\" srcset=\"https:\/\/www.ablakkarter.hu\/wp-content\/uploads\/2012\/07\/Roletta.png 306w, https:\/\/www.ablakkarter.hu\/wp-content\/uploads\/2012\/07\/Roletta-300x278.png 300w\" sizes=\"auto, (max-width: 306px) 100vw, 306px\" \/><\/p>\n<hr \/>\n<p><span style=\"font-size:16px;\"><u><strong>HARM\u00d3NIKA AJT\u00d3<\/strong><\/u><\/span><\/p>\n<p><span style=\"font-size:16px;\">Praktikus v\u00e1laszt\u00e1s olyan lak\u00e1sokban, ahol az egym\u00e1sba ny\u00edl\u00f3 ajt\u00f3k k\u00f6zleked\u00e9si neh\u00e9zs\u00e9geket okoznak.<\/span><\/p>\n<p><span style=\"font-size:16px;\">T\u00e9relv\u00e1laszt\u00e1s c\u00e9lj\u00e1ra is kit\u0171n\u0151 megold\u00e1st ny\u00fajt kis helyig\u00e9nye miatt.<\/span><\/p>\n<p><span style=\"font-size:16px;\">Gyorsan be\u00e9p\u00edthet\u0151, k\u00f6nnyen kezelhet\u0151, tiszt\u00edt\u00e1sa egyszer\u0171.<br \/>T\u00f6m\u00f6r \u00e9s ablakos kivitelben is megrendelhet\u0151.<br \/>T\u00f6bbf\u00e9le sz\u00ednben, m\u00e9retre gy\u00e1rtva szerelj\u00fck.<\/span><\/p>\n<p><span style=\"font-size:16px;\">Figyelem! Az eredeti sz\u00ednek elt\u00e9rhetnek a sz\u00e1m\u00edt\u00f3g\u00e9pen l\u00e1tott t\u00f3nust\u00f3l ez\u00e9rt ezek csak t\u00e1j\u00e9koztat\u00f3 jelleg\u0171ek!<\/span><\/p>\n<p><span style=\"font-size:16px;\">Term\u00e9keinket ig\u00e9ny eset\u00e9n be\u00e9p\u00edtj\u00fck!<\/span><\/p>\n<p style=\"text-align: center;\"><img loading=\"lazy\" decoding=\"async\" class=\" size-full wp-image-177\" alt=\"Harm\u00f3nika ajt\u00f3\" src=\"https:\/\/www.ablakkarter.hu\/wp-content\/uploads\/2012\/07\/harmonika_ajto_kart.png\" style=\"width: 248px; height: 350px;\" width=\"248\" height=\"350\" srcset=\"https:\/\/www.ablakkarter.hu\/wp-content\/uploads\/2012\/07\/harmonika_ajto_kart.png 248w, https:\/\/www.ablakkarter.hu\/wp-content\/uploads\/2012\/07\/harmonika_ajto_kart-213x300.png 213w\" sizes=\"auto, (max-width: 248px) 100vw, 248px\" \/><\/p>\n","protected":false},"author":1,"featured_media":1118,"parent":0,"menu_order":0,"comment_status":"closed","ping_status":"closed","template":"","meta":{"footnotes":""},"class_list":["post-178","page","type-page","status-publish","has-post-thumbnail","hentry"],"_links":{"self":[{"href":"https:\/\/www.ablakkarter.hu\/index.php?rest_route=\/wp\/v2\/pages\/178","targetHints":{"allow":["GET"]}}],"collection":[{"href":"https:\/\/www.ablakkarter.hu\/index.php?rest_route=\/wp\/v2\/pages"}],"about":[{"href":"https:\/\/www.ablakkarter.hu\/index.php?rest_route=\/wp\/v2\/types\/page"}],"author":[{"embeddable":true,"href":"https:\/\/www.ablakkarter.hu\/index.php?rest_route=\/wp\/v2\/users\/1"}],"replies":[{"embeddable":true,"href":"https:\/\/www.ablakkarter.hu\/index.php?rest_route=%2Fwp%2Fv2%2Fcomments&post=178"}],"version-history":[{"count":2,"href":"https:\/\/www.ablakkarter.hu\/index.php?rest_route=\/wp\/v2\/pages\/178\/revisions"}],"predecessor-version":[{"id":1169,"href":"https:\/\/www.ablakkarter.hu\/index.php?rest_route=\/wp\/v2\/pages\/178\/revisions\/1169"}],"wp:featuredmedia":[{"embeddable":true,"href":"https:\/\/www.ablakkarter.hu\/index.php?rest_route=\/wp\/v2\/media\/1118"}],"wp:attachment":[{"href":"https:\/\/www.ablakkarter.hu\/index.php?rest_route=%2Fwp%2Fv2%2Fmedia&parent=178"}],"curies":[{"name":"wp","href":"https:\/\/api.w.org\/{rel}","templated":true}]}}