{"id":1719,"date":"2025-03-05T12:47:51","date_gmt":"2025-03-05T12:47:51","guid":{"rendered":"https:\/\/www.ablakkarter.hu\/?page_id=1719"},"modified":"2025-03-05T12:47:52","modified_gmt":"2025-03-05T12:47:52","slug":"otthonfelujitasi-tamogatas-2025","status":"publish","type":"page","link":"https:\/\/www.ablakkarter.hu\/?page_id=1719","title":{"rendered":"Otthonfel\u00faj\u00edt\u00e1si t\u00e1mogat\u00e1s 2025"},"content":{"rendered":"\n<p>2025 elej\u00e9n a korm\u00e1ny ism\u00e9t elind\u00edtotta a kor\u00e1bban, 2021-2022-ben rendk\u00edv\u00fcli n\u00e9pszer\u0171s\u00e9gnek \u00f6rvend\u0151 otthonfel\u00faj\u00edt\u00e1si programot. A vid\u00e9ki otthonfel\u00faj\u00edt\u00e1si program keret\u00e9ben ak\u00e1r 3 milli\u00f3 forintos vissza nem t\u00e9r\u00edtend\u0151 t\u00e1mogat\u00e1s ig\u00e9nyelhet\u0151, valamint sz\u00fcks\u00e9g eset\u00e9n 6 milli\u00f3 forintig kamatt\u00e1mogatott hitel is felvehet\u0151 a munk\u00e1latok el\u0151finansz\u00edroz\u00e1s\u00e1ra \u2013 mindezt energetikai k\u00f6vetelm\u00e9nyek n\u00e9lk\u00fcl. Fontos v\u00e1ltoz\u00e1s, hogy a program kiz\u00e1r\u00f3lag 5000 f\u0151 alatti kistelep\u00fcl\u00e9seken \u00e9rhet\u0151 el, \u00e9s az ig\u00e9nyelhet\u0151 \u00f6sszeg a kor\u00e1bban felvett t\u00e1mogat\u00e1ssal cs\u00f6kkentett m\u00e9rt\u00e9kben \u00e1ll rendelkez\u00e9sre. \u00dajdons\u00e1g tov\u00e1bb\u00e1, hogy a t\u00e1mogatott ingatlanban legal\u00e1bb 5 \u00e9vig lakni kell, \u00e9s a sz\u00e1ml\u00e1kat meg kell \u0151rizni. Minden fontos felt\u00e9tel, ig\u00e9nyl\u00e9si inform\u00e1ci\u00f3 \u00e9s tov\u00e1bbi tudnival\u00f3 egy helyen!<\/p>\n\n\n\n<h3 class=\"wp-block-heading\">Jelen pillanatban, azaz 2025-ben k\u00e9tf\u00e9le otthonfel\u00faj\u00edt\u00e1si program \u00e9rhet\u0151 el Magyarorsz\u00e1gon<\/h3>\n\n\n\n<ul class=\"wp-block-list\">\n<li><strong>Vid\u00e9ki otthonfel\u00faj\u00edt\u00e1si program<\/strong>, amely 2025. janu\u00e1r 1-j\u00e9n indult, \u00e9s a fel\u00faj\u00edt\u00e1si munk\u00e1latok sz\u00e9les k\u00f6r\u00e9re ig\u00e9nyelhet\u0151.<\/li>\n<\/ul>\n\n\n\n<div class=\"wp-block-buttons is-layout-flex wp-block-buttons-is-layout-flex\">\n<div class=\"wp-block-button\"><a class=\"wp-block-button__link wp-element-button\" href=\"https:\/\/www.allamkincstar.gov.hu\/csaladok-tamogatasa\/Csalad_gyermek\/videki-otthonfelujitasi-program\/a-videki-otthonfelujitasi-program-kereteben-nyujthato-otthonfelujitasi-tamogatas\">Vid\u00e9ki Otthonfel\u00faj\u00edt\u00e1si Program<\/a><\/div>\n<\/div>\n\n\n\n<ul class=\"wp-block-list\">\n<li><strong>Energetikai korszer\u0171s\u00edt\u00e9si otthonfel\u00faj\u00edt\u00e1si program<\/strong>, amely 2024. j\u00falius 1-j\u00e9n indult, \u00e9s 2025. janu\u00e1r 20-t\u00f3l kedvez\u0151bb felt\u00e9telekkel folytat\u00f3dik. Enn\u00e9l a programn\u00e1l legal\u00e1bb 30%-os energiamegtakar\u00edt\u00e1s el\u00e9r\u00e9se k\u00f6telez\u0151.<\/li>\n<\/ul>\n\n\n\n<div class=\"wp-block-buttons is-layout-flex wp-block-buttons-is-layout-flex\">\n<div class=\"wp-block-button\"><a class=\"wp-block-button__link wp-element-button\" href=\"https:\/\/mehi.hu\/hirek\/valtoznak-az-energetikai-otthonfelujitasi-program-feltetelei\/\"><strong>Energetikai korszer\u0171s\u00edt\u00e9si otthonfel\u00faj\u00edt\u00e1si program<\/strong><\/a><\/div>\n<\/div>\n\n\n\n<p>\u200d<a href=\"https:\/\/kormany.hu\/hirek\/egyszerusitett-feltetelekkel-indul-ujra-az-energetikai-otthonfelujitasi-program\">https:\/\/kormany.hu\/hirek\/egyszerusitett-feltetelekkel-indul-ujra-az-energetikai-otthonfelujitasi-program<\/a><\/p>\n\n\n\n<p>Ebben a cikkben a vid\u00e9ki otthonfel\u00faj\u00edt\u00e1si program felt\u00e9teleit ismertetj\u00fck.<\/p>\n\n\n\n<h3 class=\"wp-block-heading\">Ki jogosult az otthonfel\u00faj\u00edt\u00e1si t\u00e1mogat\u00e1sra 2025-ben?<\/h3>\n\n\n\n<p>A <strong>389\/2024. (XII. 11.) Korm. rendelet<\/strong> alapj\u00e1n az al\u00e1bbi felt\u00e9telek teljes\u00edt\u00e9se sz\u00fcks\u00e9ges:<\/p>\n\n\n\n<ul class=\"wp-block-list\">\n<li><strong>Nagykor\u00fa, cselekv\u0151k\u00e9pes szem\u00e9ly<\/strong>, aki legal\u00e1bb egy <strong>25 \u00e9v alatti gyermeket nevel<\/strong> saj\u00e1t h\u00e1ztart\u00e1s\u00e1ban.<\/li>\n\n\n\n<li><strong>Magyar \u00e1llampolg\u00e1r<\/strong>, vagy olyan szem\u00e9ly, aki rendelkezik Magyarorsz\u00e1gon h\u00e1rom h\u00f3napot meghalad\u00f3 tart\u00f3zkod\u00e1si joggal.<\/li>\n\n\n\n<li><strong>Magyarorsz\u00e1gi tb-jogviszony<\/strong>, amely legal\u00e1bb 1 \u00e9ves, \u00e9s legfeljebb 30 napos megszak\u00edt\u00e1s van benne (k\u00fclf\u00f6ldi munkaviszony \u00e9s hazai\/k\u00fclf\u00f6ldi fels\u0151oktat\u00e1si tanulm\u00e1ny is elfogadhat\u00f3).<\/li>\n\n\n\n<li><strong>Nincs 5000 forintot meghalad\u00f3 k\u00f6ztartoz\u00e1sa<\/strong>.<\/li>\n\n\n\n<li>Az ig\u00e9nyl\u0151 lehet <strong>egyed\u00fcl\u00e1ll\u00f3, h\u00e1zas, elv\u00e1lt vagy \u00e9lett\u00e1rsi kapcsolatban \u00e9l\u0151<\/strong>.<\/li>\n<\/ul>\n\n\n\n<p>\u200d<\/p>\n\n\n\n<p>Ha h\u00e1zast\u00e1rsak vagy \u00e9lett\u00e1rsak azonos lakc\u00edmen \u00e9lnek, csak <strong>egy\u00fcttesen<\/strong> ny\u00fajthatj\u00e1k be az ig\u00e9nyt. Ebben az esetben a <strong>tb-jogviszony felt\u00e9tel\u00e9t elegend\u0151 egyik\u00fcknek teljes\u00edteni<\/strong>, m\u00edg a <strong>k\u00f6ztartoz\u00e1smentess\u00e9get mindkett\u0151j\u00fcknek igazolniuk kell<\/strong>.<\/p>\n\n\n\n<p>\u200d<\/p>\n\n\n\n<h3 class=\"wp-block-heading\">Mekkora \u00f6sszeg\u0171 t\u00e1mogat\u00e1s ig\u00e9nyelhet\u0151?<\/h3>\n\n\n\n<ul class=\"wp-block-list\">\n<li><strong>Maximum 3 milli\u00f3 forint<\/strong>, amely a fel\u00faj\u00edt\u00e1si k\u00f6lts\u00e9gek <strong>legfeljebb 50%-\u00e1t<\/strong> fedezi.<\/li>\n\n\n\n<li>A t\u00e1mogat\u00e1s kiz\u00e1r\u00f3lag <strong>fele-fele ar\u00e1nyban<\/strong> vehet\u0151 ig\u00e9nybe <strong>anyagk\u00f6lts\u00e9gre \u00e9s munkad\u00edjra<\/strong>.<\/li>\n\n\n\n<li>Az <strong>50-50%-os szab\u00e1ly<\/strong> az \u00f6sszk\u00f6lts\u00e9gre vonatkozik, nem az egyes sz\u00e1ml\u00e1kra. Ez azt jelenti, hogy az ig\u00e9nyl\u00e9shez a teljes sz\u00e1mla\u00f6sszeg <strong>legal\u00e1bb 25%-\u00e1t mind az anyagk\u00f6lts\u00e9gnek, mind a munkad\u00edjnak el kell \u00e9rnie<\/strong>.<\/li>\n\n\n\n<li>Az egyes r\u00e9szmunk\u00e1kra ez a szab\u00e1ly nem \u00e9rv\u00e9nyes, \u00edgy beny\u00fajthat\u00f3 p\u00e9ld\u00e1ul olyan sz\u00e1mla is, amely <strong>csak anyagk\u00f6lts\u00e9get tartalmaz<\/strong>, munkad\u00edj vagy v\u00e1llalkoz\u00f3i szerz\u0151d\u00e9s n\u00e9lk\u00fcl.<\/li>\n<\/ul>\n\n\n\n<p>\u200d<\/p>\n\n\n\n<figure class=\"wp-block-table\"><table class=\"has-fixed-layout\"><thead><tr><th>T\u00e1mogat\u00e1s<\/th><th>\u00c9rt\u00e9k<\/th><\/tr><\/thead><tbody><tr><td>Maxim\u00e1lis \u00f6sszeg<\/td><td>3 milli\u00f3 Ft<\/td><\/tr><tr><td>A sz\u00e1ml\u00e1kkal igazolt fel\u00faj\u00edt\u00e1si k\u00f6lts\u00e9g ar\u00e1ny\u00e1ban<\/td><td>50%<\/td><\/tr><tr><td>A t\u00e1mogat\u00e1son bel\u00fcli ar\u00e1nyok<\/td><td>50% anyagk\u00f6lts\u00e9g, 50% munkad\u00edj<\/td><\/tr><tr><td>Ig\u00e9nyl\u00e9si hat\u00e1rid\u0151<\/td><td>2026. j\u00fanius 30.<\/td><\/tr><tr><td>Legfontosabb felt\u00e9tele<\/td><td>Legal\u00e1bb egy gyermek<\/td><\/tr><\/tbody><\/table><\/figure>\n\n\n\n<figure class=\"wp-block-table\"><table class=\"has-fixed-layout\"><thead><tr><th>Hitel<\/th><th><\/th><\/tr><\/thead><tbody><tr><td>T\u00edpusa<\/td><td>Kamatt\u00e1mogatott lak\u00e1sc\u00e9l\u00fa jelz\u00e1loghitel<\/td><\/tr><tr><td>Maxim\u00e1lis \u00f6sszeg*<\/td><td>6 milli\u00f3 Ft<\/td><\/tr><tr><td>Maxim\u00e1lis (t\u00e1mogatott) futamid\u0151<\/td><td>10 \u00e9v<\/td><\/tr><tr><td>Kamatt\u00e1mogat\u00e1s m\u00e9rt\u00e9ke<\/td><td>3 sz\u00e1zal\u00e9kpont<\/td><\/tr><tr><td>Hitelfelvev\u0151 \u00e1ltal fizetend\u0151 kamat<\/td><td>5 \u00e9ves \u00c1KK-hozam \u00d7 110% + 1%pont &#8211; 3 sz\u00e1zal\u00e9kpont<\/td><\/tr><tr><td>A kamatt\u00e1mogat\u00e1s legfontosabb felt\u00e9tele<\/td><td>Az otthonfel\u00faj\u00edt\u00e1si t\u00e1mogat\u00e1s ig\u00e9nybev\u00e9tele<\/td><\/tr><\/tbody><\/table><\/figure>\n\n\n\n<p>Az aktu\u00e1lis tartoz\u00e1s a fel\u00faj\u00edt\u00e1si t\u00e1mogat\u00e1sb\u00f3l el\u0151t\u00f6rleszt\u00e9sre ker\u00fcl.<\/p>\n\n\n\n<p>\u200d<\/p>\n\n\n\n<h3 class=\"wp-block-heading\">Hogyan \u00e9s meddig lehet ig\u00e9nyelni?<\/h3>\n\n\n\n<p>A t\u00e1mogat\u00e1s ir\u00e1nti k\u00e9relmet a Magyar Kincst\u00e1r \u00e1ltal biztos\u00edtott formanyomtatv\u00e1nyon lehet beny\u00fajtani:<\/p>\n\n\n\n<ul class=\"wp-block-list\">\n<li>Elektronikusan, az ig\u00e9nyl\u0151 (vagy egy\u00fcttes ig\u00e9nyl\u00e9s eset\u00e9n az egyik ig\u00e9nyl\u0151) azonos\u00edt\u00e1s\u00e1t k\u00f6vet\u0151en a Kincst\u00e1r online fel\u00fclet\u00e9n.<\/li>\n\n\n\n<li>Postai \u00faton.<\/li>\n\n\n\n<li>Szem\u00e9lyesen, a Kincst\u00e1r ter\u00fcleti szervein\u00e9l.<\/li>\n<\/ul>\n\n\n\n<p>A t\u00e1mogat\u00e1s kiz\u00e1r\u00f3lag a fel\u00faj\u00edt\u00e1si munk\u00e1k befejez\u00e9s\u00e9t k\u00f6vet\u0151en, <strong>ut\u00f3lag \u00e9s egy alkalommal<\/strong> vehet\u0151 ig\u00e9nybe. Ha az ig\u00e9nyl\u0151 kor\u00e1bban m\u00e1r kapott otthonfel\u00faj\u00edt\u00e1si t\u00e1mogat\u00e1st, akkor csak a <strong>3 milli\u00f3 forintos keretb\u0151l fennmarad\u00f3 k\u00fcl\u00f6nb\u00f6zetre jogosult<\/strong>.<\/p>\n\n\n\n<p>A t\u00e1mogat\u00e1si ig\u00e9ny beny\u00fajt\u00e1s\u00e1nak hat\u00e1rideje: <strong>a munk\u00e1latok befejez\u00e9s\u00e9t \u00e9s a sz\u00e1ml\u00e1k kifizet\u00e9s\u00e9t k\u00f6vet\u0151 60 napon bel\u00fcl, de legk\u00e9s\u0151bb 2026. j\u00fanius 30-ig<\/strong>. A beny\u00fajtott sz\u00e1ml\u00e1kat az ig\u00e9nyl\u0151nek a legutols\u00f3 kifizet\u00e9st\u0151l sz\u00e1m\u00edtva <strong>5 \u00e9vig meg kell \u0151riznie<\/strong>.<\/p>\n\n\n\n<h3 class=\"wp-block-heading\">Milyen ingatlanra ig\u00e9nyelhet\u0151 az otthonfel\u00faj\u00edt\u00e1si t\u00e1mogat\u00e1s?<\/h3>\n\n\n\n<p>A t\u00e1mogat\u00e1s kiz\u00e1r\u00f3lag <strong>5000 f\u0151 alatti kistelep\u00fcl\u00e9seken<\/strong> tal\u00e1lhat\u00f3 ingatlanokra vehet\u0151 ig\u00e9nybe, amelyeket a vonatkoz\u00f3 jogszab\u00e1ly mell\u00e9klete tartalmaz. Az al\u00e1bbi felt\u00e9teleknek kell megfelelnie az ingatlannak:<\/p>\n\n\n\n<ul class=\"wp-block-list\">\n<li>Az ingatlan-nyilv\u00e1ntart\u00e1sban <strong>lak\u00e1sk\u00e9nt vagy lak\u00f3h\u00e1zk\u00e9nt<\/strong> szerepel, esetleg tanya vagy birtokk\u00f6zpont (nyaral\u00f3 nem jogosult).<\/li>\n\n\n\n<li>Az ingatlan <strong>legal\u00e1bb 50%-os tulajdoni h\u00e1nyada az ig\u00e9nyl\u0151 vagy kiskor\u00fa gyermeke nev\u00e9n van<\/strong> (l\u00edzingelt ingatlanra nem ig\u00e9nyelhet\u0151).<\/li>\n\n\n\n<li>K\u00f6z\u00f6s tulajdonban l\u00e9v\u0151 ingatlan eset\u00e9n a t\u00e1mogat\u00e1s akkor vehet\u0151 ig\u00e9nybe, ha az ig\u00e9nyl\u0151 kiz\u00e1r\u00f3lagos haszn\u00e1lati joggal rendelkezik az \u00e9rintett lak\u00e1sra vagy annak legal\u00e1bb 50%-os alapter\u00fclet\u00e9re.<\/li>\n<\/ul>\n\n\n\n<h3 class=\"wp-block-heading\">Bentlak\u00e1si k\u00f6telezetts\u00e9g \u2013 5 \u00e9vig az ingatlanban kell \u00e9lni<\/h3>\n\n\n\n<p>A t\u00e1mogat\u00e1s foly\u00f3s\u00edt\u00e1s\u00e1t k\u00f6vet\u0151en az ig\u00e9nyl\u0151nek <strong>legal\u00e1bb 5 \u00e9vig \u00e9letvitelszer\u0171en a t\u00e1mogatott ingatlanban kell laknia<\/strong>. Ez al\u00f3l kiv\u00e9telt k\u00e9peznek az al\u00e1bbi esetek:<\/p>\n\n\n\n<ul class=\"wp-block-list\">\n<li>Ha az ig\u00e9nyl\u0151 vagy gyermeke munkav\u00e9gz\u00e9se miatt <strong>szolg\u00e1lati lak\u00e1sban k\u00f6teles lakni<\/strong>.<\/li>\n\n\n\n<li>Ha a t\u00e1mogatott szem\u00e9lyt vagy gyermek\u00e9t <strong>tart\u00f3san eg\u00e9szs\u00e9g\u00fcgyi int\u00e9zm\u00e9nyben kezelik<\/strong>.<\/li>\n\n\n\n<li>Ha a t\u00e1mogatott szem\u00e9ly munk\u00e1ja miatt <strong>legfeljebb \u00f6t \u00e9vig m\u00e1s telep\u00fcl\u00e9sen tart\u00f3zkodik<\/strong>.<\/li>\n\n\n\n<li>Ha a t\u00e1mogatott szem\u00e9ly k\u00f6zeli hozz\u00e1tartoz\u00f3j\u00e1t \u00e1polja, ez\u00e9rt ideiglenesen nem a t\u00e1mogatott ingatlanban \u00e9l.<\/li>\n\n\n\n<li>Ha az ig\u00e9nyl\u0151 vagy a t\u00e1mogat\u00e1sra jogosult gyermek <strong>elhunyt<\/strong>.<\/li>\n\n\n\n<li>Ha a nagykor\u00fa gyermek, akire tekintettel a t\u00e1mogat\u00e1st ig\u00e9nyelt\u00e9k, <strong>elk\u00f6lt\u00f6zik<\/strong>.<\/li>\n\n\n\n<li>Ha a kiskor\u00fa gyermek <strong>nagykor\u00fav\u00e1 v\u00e1l\u00e1sa ut\u00e1n elk\u00f6lt\u00f6zik<\/strong>.<\/li>\n<\/ul>\n\n\n\n<h3 class=\"wp-block-heading\">Gyermekekre \u00e9s elv\u00e1lt sz\u00fcl\u0151kre vonatkoz\u00f3 szab\u00e1lyok<\/h3>\n\n\n\n<p>A t\u00e1mogat\u00e1s olyan gyermek ut\u00e1n vehet\u0151 ig\u00e9nybe, aki:<\/p>\n\n\n\n<ul class=\"wp-block-list\">\n<li>Az ig\u00e9nyl\u0151 <strong>v\u00e9r szerinti vagy \u00f6r\u00f6kbefogadott gyermeke<\/strong>.<\/li>\n\n\n\n<li><strong>25 \u00e9v alatti<\/strong>, vagy jogosult fogyat\u00e9koss\u00e1gi t\u00e1mogat\u00e1sra vagy vakok szem\u00e9lyi j\u00e1rad\u00e9k\u00e1ra.<\/li>\n\n\n\n<li><strong>\u00c1lland\u00f3 lakc\u00edme a t\u00e1mogatott ingatlanban van<\/strong>.<\/li>\n<\/ul>\n\n\n\n<p>A t\u00e1mogat\u00e1s ig\u00e9nyelhet\u0151 <strong>a 12. het\u00e9t bet\u00f6lt\u00f6tt magzatra<\/strong> is, valamint olyan gyermekre, aki fels\u0151oktat\u00e1sban tanul vagy \u00f6n\u00e1ll\u00f3 munkaviszonya van.<\/p>\n\n\n\n<p>Elv\u00e1lt sz\u00fcl\u0151k eset\u00e9ben az a f\u00e9l jogosult a t\u00e1mogat\u00e1sra, akin\u00e9l a gyermek lakik. Ha mindk\u00e9t sz\u00fcl\u0151 neveli a gyermeket, akkor a t\u00e1mogat\u00e1s <strong>50-50%-ban oszlik meg<\/strong>. Az egyik f\u00e9l azonban <strong>lemondhat a teljes t\u00e1mogat\u00e1sr\u00f3l a m\u00e1sik sz\u00fcl\u0151 jav\u00e1ra<\/strong>.<\/p>\n\n\n\n<h3 class=\"wp-block-heading\">Milyen dokumentumok sz\u00fcks\u00e9gesek?<\/h3>\n\n\n\n<p>Az ig\u00e9nyl\u00e9shez az al\u00e1bbi dokumentumokat kell beny\u00fajtani:<\/p>\n\n\n\n<ul class=\"wp-block-list\">\n<li><strong>V\u00e1llalkoz\u00e1si szerz\u0151d\u00e9s<\/strong>.<\/li>\n\n\n\n<li><strong>Sz\u00e1ml\u00e1k<\/strong> az anyagk\u00f6lts\u00e9gr\u0151l \u00e9s a munkad\u00edjr\u00f3l.<\/li>\n\n\n\n<li><strong>Sz\u00e1mla\u00f6sszes\u00edt\u0151<\/strong>.<\/li>\n<\/ul>\n\n\n\n<p>A kivitelez\u0151 <strong>nem lehet az ig\u00e9nyl\u0151 k\u00f6zeli hozz\u00e1tartoz\u00f3ja<\/strong>, \u00e9s az ig\u00e9nyl\u0151nek <strong>nem lehet tulajdonr\u00e9sze vagy tiszts\u00e9ge a v\u00e1llalkoz\u00e1sban<\/strong>.<\/p>\n\n\n\n<p>Nem fogadhat\u00f3 el olyan sz\u00e1mla, amelyet az ig\u00e9nyl\u0151 <strong>m\u00e1r beny\u00fajtott a falusi CSOK vagy az energetikai korszer\u0171s\u00edt\u00e9si t\u00e1mogat\u00e1s ig\u00e9nyl\u00e9sekor<\/strong>.<\/p>\n\n\n\n<p>A minta dokumentumok <a href=\"https:\/\/www.allamkincstar.gov.hu\/csaladok-tamogatasa\/Csalad_gyermek\/videki-otthonfelujitasi-program\/a-videki-otthonfelujitasi-program-kereteben-nyujthato-otthonfelujitasi-tamogatas\" target=\"_blank\" rel=\"noreferrer noopener\">ide kattintva<\/a> \u00e9rhet\u0151ek el.<\/p>\n\n\n\n<p>\u200d<\/p>\n\n\n\n<figure class=\"wp-block-table\"><table class=\"has-fixed-layout\"><thead><tr><th>P\u00e9lda<\/th><th>V\u00e1llalkoz\u00f3i d\u00edj<\/th><th>Anyagk\u00f6lts\u00e9g<\/th><th>Felvehet\u0151 t\u00e1mogat\u00e1s*<\/th><\/tr><\/thead><tbody><tr><td>1. p\u00e9lda<\/td><td>0 Ft<\/td><td>6 000 000 Ft<\/td><td>0 Ft<\/td><\/tr><tr><td>2. p\u00e9lda<\/td><td>6 000 000 Ft<\/td><td>0 Ft<\/td><td>0 Ft<\/td><\/tr><tr><td>3. p\u00e9lda<\/td><td>1 500 000 Ft<\/td><td>4 500 000 Ft<\/td><td>3 000 000 Ft<\/td><\/tr><tr><td>4. p\u00e9lda<\/td><td>2 000 000 Ft<\/td><td>3 000 000 Ft<\/td><td>2 500 000 Ft<\/td><\/tr><tr><td>5. p\u00e9lda<\/td><td>3 000 000 Ft<\/td><td>3 000 000 Ft<\/td><td>3 000 000 Ft<\/td><\/tr><tr><td>6. p\u00e9lda<\/td><td>1 000 000 Ft<\/td><td>2 000 000 Ft<\/td><td>1 500 000 Ft<\/td><\/tr><tr><td>7. p\u00e9lda<\/td><td>1 000 000 Ft<\/td><td>9 000 000 Ft<\/td><td>1 000 000 Ft<\/td><\/tr><tr><td>8. p\u00e9lda<\/td><td>500 000 Ft<\/td><td>500 000 Ft<\/td><td>500 000 Ft<\/td><\/tr><tr><td>9. p\u00e9lda<\/td><td>750 000 Ft<\/td><td>5 250 000 Ft<\/td><td>1 500 000 Ft<\/td><\/tr><tr><td>10. p\u00e9lda<\/td><td>4 000 000 Ft<\/td><td>500 000 Ft<\/td><td>1 000 000 Ft<\/td><\/tr><\/tbody><\/table><\/figure>\n\n\n\n<p>A v\u00e1llalkoz\u00f3i d\u00edj-anyagk\u00f6lts\u00e9g ar\u00e1ny mindig 50-50%<\/p>\n\n\n\n<p>\u200d<\/p>\n\n\n\n<h3 class=\"wp-block-heading\"><strong>Elb\u00edr\u00e1l\u00e1s \u00e9s ellen\u0151rz\u00e9s<\/strong><\/h3>\n\n\n\n<p>A t\u00e1mogat\u00e1si k\u00e9relmeket a Kincst\u00e1r a be\u00e9rkez\u00e9st k\u00f6vet\u0151en <strong>90 napon bel\u00fcl<\/strong>, elektronikus beny\u00fajt\u00e1s eset\u00e9n <strong>30 napon bel\u00fcl<\/strong> b\u00edr\u00e1lja el. Hi\u00e1nyp\u00f3tl\u00e1sra <strong>egy alkalommal<\/strong> van lehet\u0151s\u00e9g, \u00e9s az elb\u00edr\u00e1l\u00e1si hat\u00e1rid\u0151 legfeljebb <strong>45 nappal meghosszabb\u00edthat\u00f3<\/strong>.<\/p>\n\n\n\n<p>A t\u00e1mogat\u00e1s jogszer\u0171 felhaszn\u00e1l\u00e1s\u00e1t a Kincst\u00e1r a foly\u00f3s\u00edt\u00e1st k\u00f6vet\u0151en <strong>1 \u00e9vig<\/strong>, m\u00edg a bentlak\u00e1si k\u00f6telezetts\u00e9g teljes\u00edt\u00e9s\u00e9t <strong>5 \u00e9vig<\/strong> ellen\u0151rizheti. Az ellen\u0151rz\u00e9st a lak\u00e1s fekv\u00e9se szerint illet\u00e9kes <strong>f\u0151v\u00e1rosi vagy v\u00e1rmegyei korm\u00e1nyhivatal<\/strong> bevon\u00e1s\u00e1val, ak\u00e1r <strong>helysz\u00edni vizsg\u00e1lat keret\u00e9ben<\/strong> is elv\u00e9gezhetik. A vizsg\u00e1lat eredm\u00e9ny\u00e9r\u0151l a korm\u00e1nyhivatal <strong>jegyz\u0151k\u00f6nyvet k\u00e9sz\u00edt<\/strong>, amelyet elektronikus \u00faton tov\u00e1bb\u00edtanak a Kincst\u00e1rnak.<\/p>\n\n\n\n<h3 class=\"wp-block-heading\"><strong>Otthonfel\u00faj\u00edt\u00e1si hitel \u2013 finansz\u00edroz\u00e1si lehet\u0151s\u00e9g bankokon kereszt\u00fcl<\/strong><\/h3>\n\n\n\n<p>Azok sz\u00e1m\u00e1ra, akik nem rendelkeznek elegend\u0151 saj\u00e1t forr\u00e1ssal a fel\u00faj\u00edt\u00e1s elv\u00e9gz\u00e9s\u00e9hez, <strong>kamatt\u00e1mogatott otthonfel\u00faj\u00edt\u00e1si hitel<\/strong> vehet\u0151 ig\u00e9nybe. A hitel f\u0151bb jellemz\u0151i:<\/p>\n\n\n\n<ul class=\"wp-block-list\">\n<li><strong>2025. febru\u00e1r 1-t\u0151l t\u00f6bb bankn\u00e1l is el\u00e9rhet\u0151.<\/strong><\/li>\n\n\n\n<li><strong>\u00c1llamilag t\u00e1mogatott hitelforma<\/strong> a futamid\u0151 v\u00e9g\u00e9ig.<\/li>\n\n\n\n<li><strong>Maximum 6 milli\u00f3 forint ig\u00e9nyelhet\u0151.<\/strong><\/li>\n\n\n\n<li><strong>Legfeljebb 10 \u00e9ves kamatt\u00e1mogat\u00e1s<\/strong>, amely mellett a kezdeti t\u00f6rleszt\u0151r\u00e9szlet <strong>kb. havi 58 ezer forint<\/strong>.<\/li>\n\n\n\n<li><strong>Jelz\u00e1logfedezet sz\u00fcks\u00e9ges<\/strong>, ez\u00e9rt \u00e1ltal\u00e1ban <strong>k\u00f6zjegyz\u0151i \u00e9s \u00e9rt\u00e9kbecsl\u0151i k\u00f6zrem\u0171k\u00f6d\u00e9s<\/strong> is kell.<\/li>\n\n\n\n<li>Az ig\u00e9nyelt otthonfel\u00faj\u00edt\u00e1si t\u00e1mogat\u00e1s \u00f6sszeg\u00e9t a hitel el\u0151t\u00f6rleszt\u00e9s\u00e9re ford\u00edtj\u00e1k, ez\u00e1ltal cs\u00f6kken a t\u00f6rleszt\u0151r\u00e9szlet.<\/li>\n\n\n\n<li>Az \u00fcgyleti kamat <strong>nem haladhatja meg<\/strong> az \u00c1KK \u00e1ltal havonta k\u00f6zz\u00e9tett <strong>5 \u00e9ves \u00e1llamk\u00f6tv\u00e9ny \u00e1tlaghozam\u00e1nak 110%-\u00e1t +1 sz\u00e1zal\u00e9kponttal<\/strong>.<\/li>\n\n\n\n<li>Az ig\u00e9nyelt t\u00e1mogat\u00e1s m\u00e9rt\u00e9k\u00e9nek <strong>el kell \u00e9rnie a felvett hitel\u00f6sszeg legal\u00e1bb 25%-\u00e1t<\/strong>.<\/li>\n<\/ul>\n\n\n\n<h3 class=\"wp-block-heading\"><strong>Milyen munk\u00e1latokra ig\u00e9nyelhet\u0151 a t\u00e1mogat\u00e1s a ny\u00edl\u00e1sz\u00e1r\u00f3kat illet\u0151en?<\/strong><\/h3>\n\n\n\n<p>A 2025-ben \u00fajraind\u00edtott <strong>vid\u00e9ki otthonfel\u00faj\u00edt\u00e1si program<\/strong> lehet\u0151s\u00e9get biztos\u00edt az ingatlantulajdonosok sz\u00e1m\u00e1ra, hogy <strong>ny\u00edl\u00e1sz\u00e1r\u00f3k cser\u00e9j\u00e9re \u00e9s korszer\u0171s\u00edt\u00e9s\u00e9re<\/strong> is t\u00e1mogat\u00e1st ig\u00e9nyeljenek. Az \u00e1llami t\u00e1mogat\u00e1s c\u00e9lja az ingatlanok moderniz\u00e1l\u00e1sa \u00e9s energiahat\u00e9konys\u00e1g\u00e1nak n\u00f6vel\u00e9se. Az otthonfel\u00faj\u00edt\u00e1si t\u00e1mogat\u00e1s keret\u00e9ben a k\u00f6vetkez\u0151 <strong>ny\u00edl\u00e1sz\u00e1r\u00f3-csere \u00e9s korszer\u0171s\u00edt\u00e9si munk\u00e1latok<\/strong> finansz\u00edrozhat\u00f3k:<\/p>\n\n\n\n<ul class=\"wp-block-list\">\n<li><strong>K\u00fcls\u0151 ny\u00edl\u00e1sz\u00e1r\u00f3k be\u00e9p\u00edt\u00e9se \u00e9s cser\u00e9je<\/strong><\/li>\n\n\n\n<li><strong>Red\u0151ny\u00f6k, \u00e1rny\u00e9kol\u00f3k, spalett\u00e1k, rovarh\u00e1l\u00f3k, biztons\u00e1gi r\u00e1csok felszerel\u00e9se vagy cser\u00e9je<\/strong><\/li>\n\n\n\n<li><strong>P\u00e1rk\u00e1nyok, k\u00fcsz\u00f6b\u00f6k l\u00e9tes\u00edt\u00e9se, cser\u00e9je vagy fel\u00faj\u00edt\u00e1sa<\/strong><\/li>\n<\/ul>\n\n\n\n<p>A t\u00e1mogat\u00e1s nagyszer\u0171 lehet\u0151s\u00e9get biztos\u00edt a r\u00e9gi, elavult ny\u00edl\u00e1sz\u00e1r\u00f3k cser\u00e9j\u00e9re \u00e9s korszer\u0171s\u00edt\u00e9s\u00e9re, jelent\u0151s megtakar\u00edt\u00e1st k\u00edn\u00e1lva az ingatlantulajdonosok sz\u00e1m\u00e1ra. \u00c9rdemes id\u0151ben t\u00e1j\u00e9koz\u00f3dni \u00e9s megtervezni a sz\u00fcks\u00e9ges munk\u00e1latokat, hogy maxim\u00e1lisan kihaszn\u00e1lhat\u00f3 legyen a program ny\u00fajtotta t\u00e1mogat\u00e1s.<\/p>\n","protected":false},"excerpt":{"rendered":"<p>2025 elej\u00e9n a korm\u00e1ny ism\u00e9t elind\u00edtotta a kor\u00e1bban, 2021-2022-ben rendk\u00edv\u00fcli n\u00e9pszer\u0171s\u00e9gnek \u00f6rvend\u0151 otthonfel\u00faj\u00edt\u00e1si programot. A vid\u00e9ki otthonfel\u00faj\u00edt\u00e1si program keret\u00e9ben ak\u00e1r 3 milli\u00f3 forintos vissza nem t\u00e9r\u00edtend\u0151 t\u00e1mogat\u00e1s ig\u00e9nyelhet\u0151, valamint sz\u00fcks\u00e9g eset\u00e9n 6 milli\u00f3 forintig kamatt\u00e1mogatott hitel is felvehet\u0151 a munk\u00e1latok el\u0151finansz\u00edroz\u00e1s\u00e1ra \u2013 mindezt energetikai k\u00f6vetelm\u00e9nyek n\u00e9lk\u00fcl. Fontos v\u00e1ltoz\u00e1s, hogy a program kiz\u00e1r\u00f3lag 5000 f\u0151 alatti &hellip; <\/p>\n<p class=\"link-more\"><a href=\"https:\/\/www.ablakkarter.hu\/?page_id=1719\" class=\"more-link\">Continue reading<span class=\"screen-reader-text\"> &#8222;Otthonfel\u00faj\u00edt\u00e1si t\u00e1mogat\u00e1s 2025&#8221;<\/span><\/a><\/p>\n","protected":false},"author":2,"featured_media":1118,"parent":0,"menu_order":0,"comment_status":"closed","ping_status":"closed","template":"","meta":{"footnotes":""},"class_list":["post-1719","page","type-page","status-publish","has-post-thumbnail","hentry"],"_links":{"self":[{"href":"https:\/\/www.ablakkarter.hu\/index.php?rest_route=\/wp\/v2\/pages\/1719","targetHints":{"allow":["GET"]}}],"collection":[{"href":"https:\/\/www.ablakkarter.hu\/index.php?rest_route=\/wp\/v2\/pages"}],"about":[{"href":"https:\/\/www.ablakkarter.hu\/index.php?rest_route=\/wp\/v2\/types\/page"}],"author":[{"embeddable":true,"href":"https:\/\/www.ablakkarter.hu\/index.php?rest_route=\/wp\/v2\/users\/2"}],"replies":[{"embeddable":true,"href":"https:\/\/www.ablakkarter.hu\/index.php?rest_route=%2Fwp%2Fv2%2Fcomments&post=1719"}],"version-history":[{"count":1,"href":"https:\/\/www.ablakkarter.hu\/index.php?rest_route=\/wp\/v2\/pages\/1719\/revisions"}],"predecessor-version":[{"id":1721,"href":"https:\/\/www.ablakkarter.hu\/index.php?rest_route=\/wp\/v2\/pages\/1719\/revisions\/1721"}],"wp:featuredmedia":[{"embeddable":true,"href":"https:\/\/www.ablakkarter.hu\/index.php?rest_route=\/wp\/v2\/media\/1118"}],"wp:attachment":[{"href":"https:\/\/www.ablakkarter.hu\/index.php?rest_route=%2Fwp%2Fv2%2Fmedia&parent=1719"}],"curies":[{"name":"wp","href":"https:\/\/api.w.org\/{rel}","templated":true}]}}