{"id":1595,"date":"2022-05-11T12:49:26","date_gmt":"2022-05-11T12:49:26","guid":{"rendered":"https:\/\/www.ablakkarter.hu\/?page_id=1595"},"modified":"2025-04-25T13:32:43","modified_gmt":"2025-04-25T13:32:43","slug":"gealan-eco-akcios-bejarati-ajtok","status":"publish","type":"page","link":"https:\/\/www.ablakkarter.hu\/?page_id=1595","title":{"rendered":"Gealan ECO akci\u00f3s bej\u00e1rati ajt\u00f3k"},"content":{"rendered":"\n<h2 class=\"wp-block-heading has-text-align-center\">GEALAN akci\u00f3s bej\u00e1rati ajt\u00f3k!<\/h2>\n\n\n\n<h2 class=\"wp-block-heading has-text-align-center has-luminous-vivid-orange-color has-text-color\"><strong>V\u00e1logatott alkot\u00f3elemek, min\u0151s\u00e9gi \u00f6sszeszerel\u00e9s, rendk\u00edv\u00fcl KEDVEZ\u0150 \u00e1r!<\/strong><\/h2>\n\n\n\n<p class=\"has-medium-font-size\"><br>\u2022 Min\u0151s\u00e9gi n\u00e9met Gealan m\u0171anyag bej\u00e1rati ajt\u00f3profil<br>\u2022 24 f\u00e9le bej\u00e1rati ajt\u00f3 panelv\u00e1laszt\u00e9k<br>\u2022 5 pontos biztons\u00e1gi z\u00e1r<br>\u2022 3 db 3D \u00e1ll\u00edthat\u00f3 min\u0151s\u00e9gi GU ajt\u00f3 p\u00e1ntok<br>\u2022 H\u0151h\u00eddmentes alum\u00ednium k\u00fcsz\u00f6b k\u00fcsz\u00f6bmerev\u00edt\u00e9ssel<br>\u2022 3 kulcsos biztons\u00e1gi z\u00e1rbet\u00e9t<br>\u2022 Be\u00e9p\u00edt\u00e9si m\u00e9lys\u00e9g: 74 mm<br>\u2022 Ac\u00e9lmerev\u00edt\u00e9s a tokban \u00e9s sz\u00e1rnyban egyar\u00e1nt<br>\u2022 V\u00e1laszthat\u00f3 panelvastags\u00e1g: 24 mm vagy 44 mm<br>\u2022 Sz\u00fcrke sz\u00edn\u0171 dupl\u00e1n k\u00f6rbefut\u00f3 \u00fctk\u00f6z\u0151t\u00f6m\u00edt\u00e9s<br>\u2022 Feh\u00e9r sz\u00edn\u0171 bej\u00e1rati ajt\u00f3kilincs alaptartoz\u00e9k<\/p>\n\n\n\n<h2 class=\"wp-block-heading has-text-align-center\">M\u0171anyag bej\u00e1rati ajt\u00f3<br>Egyedi m\u00e9retre gy\u00e1rt\u00e1s fel\u00e1r n\u00e9lk\u00fcl<\/h2>\n\n\n\n<div class=\"wp-block-media-text alignwide is-stacked-on-mobile\"><figure class=\"wp-block-media-text__media\"><img loading=\"lazy\" decoding=\"async\" width=\"800\" height=\"800\" src=\"https:\/\/www.ablakkarter.hu\/wp-content\/uploads\/2022\/05\/e2.jpg\" alt=\"\" class=\"wp-image-1600 size-full\" srcset=\"https:\/\/www.ablakkarter.hu\/wp-content\/uploads\/2022\/05\/e2.jpg 800w, https:\/\/www.ablakkarter.hu\/wp-content\/uploads\/2022\/05\/e2-300x300.jpg 300w, https:\/\/www.ablakkarter.hu\/wp-content\/uploads\/2022\/05\/e2-100x100.jpg 100w, https:\/\/www.ablakkarter.hu\/wp-content\/uploads\/2022\/05\/e2-600x600.jpg 600w, https:\/\/www.ablakkarter.hu\/wp-content\/uploads\/2022\/05\/e2-150x150.jpg 150w, https:\/\/www.ablakkarter.hu\/wp-content\/uploads\/2022\/05\/e2-768x768.jpg 768w\" sizes=\"auto, (max-width: 800px) 100vw, 800px\" \/><\/figure><div class=\"wp-block-media-text__content\">\n<p class=\"has-medium-font-size\">\u25cf <strong>PVC bej\u00e1rati ajt\u00f3 profil:<\/strong><br> 4 l\u00e9gkamr\u00e1s tok, 4 l\u00e9gkamr\u00e1s sz\u00e1rny. H\u0151\u00e1tbocs\u00e1t\u00e1si \u00e9rt\u00e9ke 1,2 W\/m2K. N\u00e9met min\u0151s\u00e9g!<br>\u25cf <strong>Ac\u00e9lmerev\u00edt\u00e9s:<\/strong><br>Rozsdamentes ac\u00e9lmerev\u00edt\u00e9s a megfelel\u0151 stabilit\u00e1s\u00e9rt<br>\u25cf <strong>Ajt\u00f3panel:<\/strong><br>24 mm vagy 44 mm h\u0151szigetelt ajt\u00f3panel 24 f\u00e9le v\u00e1ltozatban!<br>\u25cf <strong>T\u00f6m\u00edt\u00e9s:<\/strong><br>K\u00e9tszeres k\u00f6rbefut\u00f3 t\u00f6m\u00edt\u00e9s sz\u00fcrke sz\u00ednben<br>\u25cf <strong>K\u00fcsz\u00f6b:<\/strong><br>H\u0151h\u00eddmentes alum\u00ednium k\u00fcsz\u00f6b<\/p>\n<\/div><\/div>\n\n\n\n<p class=\"has-text-align-center has-medium-font-size\"><strong>Az akci\u00f3s d\u00edszpaneles bej\u00e1rati ajt\u00f3k kiz\u00e1r\u00f3lag GR\u00cdZ \u00fcveggel rendelhet\u0151k!<\/strong><br><strong><br>Gy\u00e1rt\u00e1si m\u00e9rethat\u00e1r: Sz\u00e9less\u00e9g: 800-1100 mm, Magass\u00e1g: 1900-2200 mm<\/strong><br><strong><br>Fontos: Az akci\u00f3s bej\u00e1rati ajt\u00f3k csak befel\u00e9 ny\u00edl\u00f3 kivitelben \u00e9s csak feh\u00e9r sz\u00ednben rendelhet\u0151k!<\/strong><\/p>\n\n\n\n<figure class=\"wp-block-image size-large\"><img loading=\"lazy\" decoding=\"async\" width=\"1024\" height=\"552\" src=\"https:\/\/www.ablakkarter.hu\/wp-content\/uploads\/2022\/05\/e7-1024x552.jpg\" alt=\"\" class=\"wp-image-1601\" srcset=\"https:\/\/www.ablakkarter.hu\/wp-content\/uploads\/2022\/05\/e7-1024x552.jpg 1024w, https:\/\/www.ablakkarter.hu\/wp-content\/uploads\/2022\/05\/e7-600x323.jpg 600w, https:\/\/www.ablakkarter.hu\/wp-content\/uploads\/2022\/05\/e7-300x162.jpg 300w, https:\/\/www.ablakkarter.hu\/wp-content\/uploads\/2022\/05\/e7-768x414.jpg 768w, https:\/\/www.ablakkarter.hu\/wp-content\/uploads\/2022\/05\/e7.jpg 1063w\" sizes=\"auto, (max-width: 1024px) 100vw, 1024px\" \/><\/figure>\n\n\n\n<figure class=\"wp-block-image size-large\"><img loading=\"lazy\" decoding=\"async\" width=\"1024\" height=\"552\" src=\"https:\/\/www.ablakkarter.hu\/wp-content\/uploads\/2022\/05\/e6-1024x552.jpg\" alt=\"\" class=\"wp-image-1602\" srcset=\"https:\/\/www.ablakkarter.hu\/wp-content\/uploads\/2022\/05\/e6-1024x552.jpg 1024w, https:\/\/www.ablakkarter.hu\/wp-content\/uploads\/2022\/05\/e6-600x323.jpg 600w, https:\/\/www.ablakkarter.hu\/wp-content\/uploads\/2022\/05\/e6-300x162.jpg 300w, https:\/\/www.ablakkarter.hu\/wp-content\/uploads\/2022\/05\/e6-768x414.jpg 768w, https:\/\/www.ablakkarter.hu\/wp-content\/uploads\/2022\/05\/e6.jpg 1063w\" sizes=\"auto, (max-width: 1024px) 100vw, 1024px\" \/><\/figure>\n\n\n\n<figure class=\"wp-block-image size-large\"><img loading=\"lazy\" decoding=\"async\" width=\"1024\" height=\"552\" src=\"https:\/\/www.ablakkarter.hu\/wp-content\/uploads\/2022\/05\/e5-1024x552.jpg\" alt=\"\" class=\"wp-image-1603\" srcset=\"https:\/\/www.ablakkarter.hu\/wp-content\/uploads\/2022\/05\/e5-1024x552.jpg 1024w, https:\/\/www.ablakkarter.hu\/wp-content\/uploads\/2022\/05\/e5-600x323.jpg 600w, https:\/\/www.ablakkarter.hu\/wp-content\/uploads\/2022\/05\/e5-300x162.jpg 300w, https:\/\/www.ablakkarter.hu\/wp-content\/uploads\/2022\/05\/e5-768x414.jpg 768w, https:\/\/www.ablakkarter.hu\/wp-content\/uploads\/2022\/05\/e5.jpg 1063w\" sizes=\"auto, (max-width: 1024px) 100vw, 1024px\" \/><\/figure>\n\n\n\n<figure class=\"wp-block-image size-large\"><img loading=\"lazy\" decoding=\"async\" width=\"1024\" height=\"552\" src=\"https:\/\/www.ablakkarter.hu\/wp-content\/uploads\/2022\/05\/e4-1024x552.jpg\" alt=\"\" class=\"wp-image-1604\" srcset=\"https:\/\/www.ablakkarter.hu\/wp-content\/uploads\/2022\/05\/e4-1024x552.jpg 1024w, https:\/\/www.ablakkarter.hu\/wp-content\/uploads\/2022\/05\/e4-600x323.jpg 600w, https:\/\/www.ablakkarter.hu\/wp-content\/uploads\/2022\/05\/e4-300x162.jpg 300w, https:\/\/www.ablakkarter.hu\/wp-content\/uploads\/2022\/05\/e4-768x414.jpg 768w, https:\/\/www.ablakkarter.hu\/wp-content\/uploads\/2022\/05\/e4.jpg 1063w\" sizes=\"auto, (max-width: 1024px) 100vw, 1024px\" \/><\/figure>\n\n\n\n<figure class=\"wp-block-image size-large\"><img loading=\"lazy\" decoding=\"async\" width=\"1024\" height=\"552\" src=\"https:\/\/www.ablakkarter.hu\/wp-content\/uploads\/2022\/05\/e8-1024x552.jpg\" alt=\"\" class=\"wp-image-1605\" srcset=\"https:\/\/www.ablakkarter.hu\/wp-content\/uploads\/2022\/05\/e8-1024x552.jpg 1024w, https:\/\/www.ablakkarter.hu\/wp-content\/uploads\/2022\/05\/e8-600x323.jpg 600w, https:\/\/www.ablakkarter.hu\/wp-content\/uploads\/2022\/05\/e8-300x162.jpg 300w, https:\/\/www.ablakkarter.hu\/wp-content\/uploads\/2022\/05\/e8-768x414.jpg 768w, https:\/\/www.ablakkarter.hu\/wp-content\/uploads\/2022\/05\/e8.jpg 1063w\" sizes=\"auto, (max-width: 1024px) 100vw, 1024px\" \/><\/figure>\n\n\n\n<figure class=\"wp-block-image size-large\"><img loading=\"lazy\" decoding=\"async\" width=\"1024\" height=\"552\" src=\"https:\/\/www.ablakkarter.hu\/wp-content\/uploads\/2022\/05\/e3-1024x552.jpg\" alt=\"\" class=\"wp-image-1606\" srcset=\"https:\/\/www.ablakkarter.hu\/wp-content\/uploads\/2022\/05\/e3-1024x552.jpg 1024w, https:\/\/www.ablakkarter.hu\/wp-content\/uploads\/2022\/05\/e3-600x323.jpg 600w, https:\/\/www.ablakkarter.hu\/wp-content\/uploads\/2022\/05\/e3-300x162.jpg 300w, https:\/\/www.ablakkarter.hu\/wp-content\/uploads\/2022\/05\/e3-768x414.jpg 768w, https:\/\/www.ablakkarter.hu\/wp-content\/uploads\/2022\/05\/e3.jpg 1063w\" sizes=\"auto, (max-width: 1024px) 100vw, 1024px\" \/><\/figure>\n\n\n<div class=\"wp-block-image\">\n<figure class=\"aligncenter size-large is-resized\"><img loading=\"lazy\" decoding=\"async\" width=\"461\" height=\"1024\" src=\"https:\/\/www.ablakkarter.hu\/wp-content\/uploads\/2022\/05\/tele-ajto-stadur-betet-461x1024.png\" alt=\"\" class=\"wp-image-1607\" style=\"width:206px;height:457px\" srcset=\"https:\/\/www.ablakkarter.hu\/wp-content\/uploads\/2022\/05\/tele-ajto-stadur-betet-461x1024.png 461w, https:\/\/www.ablakkarter.hu\/wp-content\/uploads\/2022\/05\/tele-ajto-stadur-betet-600x1333.png 600w, https:\/\/www.ablakkarter.hu\/wp-content\/uploads\/2022\/05\/tele-ajto-stadur-betet-135x300.png 135w, https:\/\/www.ablakkarter.hu\/wp-content\/uploads\/2022\/05\/tele-ajto-stadur-betet-768x1707.png 768w, https:\/\/www.ablakkarter.hu\/wp-content\/uploads\/2022\/05\/tele-ajto-stadur-betet-691x1536.png 691w, https:\/\/www.ablakkarter.hu\/wp-content\/uploads\/2022\/05\/tele-ajto-stadur-betet.png 900w\" sizes=\"auto, (max-width: 461px) 100vw, 461px\" \/><figcaption class=\"wp-element-caption\">T\u00f6m\u00f6r Stadur bet\u00e9tes<\/figcaption><\/figure>\n<\/div>\n\n\n<p class=\"has-text-align-center\"><br><\/p>\n\n\n\n<h2 class=\"wp-block-heading has-large-font-size\">Akci\u00f3s m\u0171anyag bej\u00e1rati ajt\u00f3k<\/h2>\n\n\n\n<p class=\"has-text-align-center has-medium-font-size\"><br>A Gealan m\u0171anyag bej\u00e1rati ajt\u00f3 az egyik legn\u00e9pszer\u0171bb bej\u00e1rati ajt\u00f3. Siker\u00e9nek titka, hogy v\u00e1logatott n\u00e9met alapanyagokb\u00f3l k\u00e9sz\u00fcl, m\u00e9gis rendk\u00edv\u00fcl kedvez\u0151 az ajt\u00f3 \u00e1ra.<br>Az akci\u00f3s bej\u00e1rati ajt\u00f3k kiemelked\u0151 m\u0171szaki tartalommal rendelkeznek!<br><br>Tipp: Az \u00e1tlagost\u00f3l jobb h\u0151szigetel\u00e9s\u0171 ajt\u00f3t keres?<br>V\u00e1lassza a 44 mm-es vastags\u00e1g\u00fa ajt\u00f3paneleket!<\/p>\n\n\n\n<p class=\"has-text-align-left has-medium-font-size\"><br>Akci\u00f3s m\u0171anyag bej\u00e1rati ajt\u00f3k &#8211; M\u0171szaki adatok (m\u00e9ret\/mm)<br>\u2022 Ny\u00edl\u00e1sz\u00e1r\u00f3 teljes vastags\u00e1ga: 91 mm<br>\u2022 Ajt\u00f3panel minim\u00e1lis vastags\u00e1ga: 24 mm<br>\u2022 Ajt\u00f3panel maxim\u00e1lis vastags\u00e1ga: 44 mm<br>\u2022 Tok be\u00e9p\u00edt\u00e9si m\u00e9lys\u00e9ge: 74 mm<br><br>Nyit\u00e1s t\u00edpusok:<br>\u2022 Befel\u00e9 ny\u00edl\u00f3: Igen<br>\u2022 Kifel\u00e9 ny\u00edl\u00f3: Nem<br><br>Egy\u00e9b adatok:<br>\u2022 Uf \u00e9rt\u00e9k (profil h\u0151\u00e1tbocs\u00e1t\u00e1si \u00e9rt\u00e9ke,): 1,2 W\/m2K<br>\u2022 K\u00f6rbefut\u00f3 t\u00f6m\u00edt\u00e9sek sz\u00e1ma: 2 DB (AD)<br>\u2022 Ac\u00e9lmerev\u00edt\u00e9s tokban \u00e9s sz\u00e1rnyban: Igen<br><br><strong>M\u0171anyag bej\u00e1rati ajt\u00f3 &#8211; Ajt\u00f3panel tulajdons\u00e1gai<\/strong><br><br>Az ajt\u00f3panel befoly\u00e1solja a h\u0151szigetel\u00e9si, bet\u00f6r\u00e9sbiztons\u00e1gi \u00e9s a hangszigetel\u00e9si tulajdons\u00e1gokat.<br>Legn\u00e9pszer\u0171bb bej\u00e1rati ajt\u00f3panelek, PVC d\u00edszpanelek<br>\u2022 P1 100 t\u00edpus\u00fa ajt\u00f3panel (haz\u00e1nkban a legn\u00e9pszer\u0171bb): Igen<br>\u2022 \u00dcvegbet\u00e9tes v\u00e1ltozatok: Igen<br>\u2022 Klasszikus st\u00edlus\u00fa ajt\u00f3panelek: Igen<br>\u2022 Modern, egyenes vonalvezet\u00e9s\u0171 ajt\u00f3panelek: Igen<br>\u2022 T\u00f6m\u00f6r STADUR bet\u00e9t 24 vagy 44mmes verzi\u00f3ban: Igen<\/p>\n\n\n\n<figure class=\"wp-block-image size-full is-resized\"><img loading=\"lazy\" decoding=\"async\" width=\"800\" height=\"800\" src=\"https:\/\/www.ablakkarter.hu\/wp-content\/uploads\/2022\/05\/e9.jpg\" alt=\"\" class=\"wp-image-1608\" style=\"width:593px;height:593px\" srcset=\"https:\/\/www.ablakkarter.hu\/wp-content\/uploads\/2022\/05\/e9.jpg 800w, https:\/\/www.ablakkarter.hu\/wp-content\/uploads\/2022\/05\/e9-300x300.jpg 300w, https:\/\/www.ablakkarter.hu\/wp-content\/uploads\/2022\/05\/e9-100x100.jpg 100w, https:\/\/www.ablakkarter.hu\/wp-content\/uploads\/2022\/05\/e9-600x600.jpg 600w, https:\/\/www.ablakkarter.hu\/wp-content\/uploads\/2022\/05\/e9-150x150.jpg 150w, https:\/\/www.ablakkarter.hu\/wp-content\/uploads\/2022\/05\/e9-768x768.jpg 768w\" sizes=\"auto, (max-width: 800px) 100vw, 800px\" \/><\/figure>\n","protected":false},"excerpt":{"rendered":"<p>GEALAN akci\u00f3s bej\u00e1rati ajt\u00f3k! V\u00e1logatott alkot\u00f3elemek, min\u0151s\u00e9gi \u00f6sszeszerel\u00e9s, rendk\u00edv\u00fcl KEDVEZ\u0150 \u00e1r! \u2022 Min\u0151s\u00e9gi n\u00e9met Gealan m\u0171anyag bej\u00e1rati ajt\u00f3profil\u2022 24 f\u00e9le bej\u00e1rati ajt\u00f3 panelv\u00e1laszt\u00e9k\u2022 5 pontos biztons\u00e1gi z\u00e1r\u2022 3 db 3D \u00e1ll\u00edthat\u00f3 min\u0151s\u00e9gi GU ajt\u00f3 p\u00e1ntok\u2022 H\u0151h\u00eddmentes alum\u00ednium k\u00fcsz\u00f6b k\u00fcsz\u00f6bmerev\u00edt\u00e9ssel\u2022 3 kulcsos biztons\u00e1gi z\u00e1rbet\u00e9t\u2022 Be\u00e9p\u00edt\u00e9si m\u00e9lys\u00e9g: 74 mm\u2022 Ac\u00e9lmerev\u00edt\u00e9s a tokban \u00e9s sz\u00e1rnyban egyar\u00e1nt\u2022 V\u00e1laszthat\u00f3 panelvastags\u00e1g: &hellip; <\/p>\n<p class=\"link-more\"><a href=\"https:\/\/www.ablakkarter.hu\/?page_id=1595\" class=\"more-link\">Continue reading<span class=\"screen-reader-text\"> &#8222;Gealan ECO akci\u00f3s bej\u00e1rati ajt\u00f3k&#8221;<\/span><\/a><\/p>\n","protected":false},"author":2,"featured_media":1118,"parent":0,"menu_order":0,"comment_status":"closed","ping_status":"closed","template":"","meta":{"footnotes":""},"class_list":["post-1595","page","type-page","status-publish","has-post-thumbnail","hentry"],"_links":{"self":[{"href":"https:\/\/www.ablakkarter.hu\/index.php?rest_route=\/wp\/v2\/pages\/1595","targetHints":{"allow":["GET"]}}],"collection":[{"href":"https:\/\/www.ablakkarter.hu\/index.php?rest_route=\/wp\/v2\/pages"}],"about":[{"href":"https:\/\/www.ablakkarter.hu\/index.php?rest_route=\/wp\/v2\/types\/page"}],"author":[{"embeddable":true,"href":"https:\/\/www.ablakkarter.hu\/index.php?rest_route=\/wp\/v2\/users\/2"}],"replies":[{"embeddable":true,"href":"https:\/\/www.ablakkarter.hu\/index.php?rest_route=%2Fwp%2Fv2%2Fcomments&post=1595"}],"version-history":[{"count":6,"href":"https:\/\/www.ablakkarter.hu\/index.php?rest_route=\/wp\/v2\/pages\/1595\/revisions"}],"predecessor-version":[{"id":1802,"href":"https:\/\/www.ablakkarter.hu\/index.php?rest_route=\/wp\/v2\/pages\/1595\/revisions\/1802"}],"wp:featuredmedia":[{"embeddable":true,"href":"https:\/\/www.ablakkarter.hu\/index.php?rest_route=\/wp\/v2\/media\/1118"}],"wp:attachment":[{"href":"https:\/\/www.ablakkarter.hu\/index.php?rest_route=%2Fwp%2Fv2%2Fmedia&parent=1595"}],"curies":[{"name":"wp","href":"https:\/\/api.w.org\/{rel}","templated":true}]}}