{"id":14,"date":"2012-06-04T09:50:11","date_gmt":"2012-06-04T09:50:11","guid":{"rendered":"https:\/\/www.ablakkarter.hu\/muanyag-nyillaszarok\/"},"modified":"2026-03-11T13:59:41","modified_gmt":"2026-03-11T13:59:41","slug":"muanyag-nyillaszarok","status":"publish","type":"page","link":"https:\/\/www.ablakkarter.hu\/?page_id=14","title":{"rendered":"M\u0171anyag ny\u00edl\u00e1sz\u00e1r\u00f3k"},"content":{"rendered":"\n<p class=\"has-black-color has-text-color has-link-color has-large-font-size wp-elements-3b6baef44bb1d371e0e848f2f983a60a\"><span style=\"font-size: 18px;\"><strong><u>Mi\u00e9rt m\u0171anyag?<\/u><\/strong><\/span><\/p>\n\n\n\n<ul class=\"wp-block-list has-black-color has-text-color has-link-color has-medium-font-size wp-elements-4f6f6066e99a778f48481dbb6ad763f3\">\n<li><span style=\"font-size: 18px;\">Gondoz\u00e1smentes<\/span><\/li>\n\n\n\n<li><span style=\"font-size: 18px;\">Nem kell festeni<\/span><\/li>\n\n\n\n<li><span style=\"font-size: 18px;\">Kiv\u00e1l\u00f3 hang &#8211; \u00e9s h\u0151szigetel\u00e9s<\/span><\/li>\n\n\n\n<li><span style=\"font-size: 18px;\">Nagyfok\u00fa stabilit\u00e1s<\/span><\/li>\n\n\n\n<li><span style=\"font-size: 18px;\">Kedvez\u0151 \u00e1r<\/span><\/li>\n\n\n\n<li><span style=\"font-size: 18px;\">\u00d3ri\u00e1si sz\u00ednv\u00e1laszt\u00e9k<\/span><\/li>\n\n\n\n<li><span style=\"font-size: 18px;\">UV stabil<\/span><\/li>\n<\/ul>\n","protected":false},"excerpt":{"rendered":"<p><span style=\"font-size:18px;\"><strong><u>Mi\u00e9rt m\u0171anyag?<\/u><\/strong><\/span><br \/>&nbsp;<\/p>\n<ul>\n<li><span style=\"font-size:18px;\">Gondoz\u00e1smentes<\/span><\/li>\n<li><span style=\"font-size:18px;\">Nem kell festeni<\/span><\/li>\n<li><span style=\"font-size:18px;\">Kiv\u00e1l\u00f3 hang &#8211; \u00e9s h\u0151szigetel\u00e9s<\/span><\/li>\n<li><span style=\"font-size:18px;\">Nagyfok\u00fa stabilit\u00e1s<\/span><\/li>\n<li><span style=\"font-size:18px;\">Kedvez\u0151 \u00e1r<\/span><\/li>\n<li><span style=\"font-size:18px;\">\u00d3ri\u00e1si sz\u00ednv\u00e1laszt\u00e9k<\/span><\/li>\n<li><span style=\"font-size:18px;\">UV stabil<\/span><\/li>\n<\/ul>\n<p>&nbsp;<\/p>\n<p>&nbsp;<\/p>\n","protected":false},"author":1,"featured_media":0,"parent":0,"menu_order":0,"comment_status":"closed","ping_status":"closed","template":"","meta":{"footnotes":""},"class_list":["post-14","page","type-page","status-publish","hentry"],"_links":{"self":[{"href":"https:\/\/www.ablakkarter.hu\/index.php?rest_route=\/wp\/v2\/pages\/14","targetHints":{"allow":["GET"]}}],"collection":[{"href":"https:\/\/www.ablakkarter.hu\/index.php?rest_route=\/wp\/v2\/pages"}],"about":[{"href":"https:\/\/www.ablakkarter.hu\/index.php?rest_route=\/wp\/v2\/types\/page"}],"author":[{"embeddable":true,"href":"https:\/\/www.ablakkarter.hu\/index.php?rest_route=\/wp\/v2\/users\/1"}],"replies":[{"embeddable":true,"href":"https:\/\/www.ablakkarter.hu\/index.php?rest_route=%2Fwp%2Fv2%2Fcomments&post=14"}],"version-history":[{"count":2,"href":"https:\/\/www.ablakkarter.hu\/index.php?rest_route=\/wp\/v2\/pages\/14\/revisions"}],"predecessor-version":[{"id":16722,"href":"https:\/\/www.ablakkarter.hu\/index.php?rest_route=\/wp\/v2\/pages\/14\/revisions\/16722"}],"wp:attachment":[{"href":"https:\/\/www.ablakkarter.hu\/index.php?rest_route=%2Fwp%2Fv2%2Fmedia&parent=14"}],"curies":[{"name":"wp","href":"https:\/\/api.w.org\/{rel}","templated":true}]}}