{"id":13,"date":"2012-05-24T21:28:47","date_gmt":"2012-05-24T21:28:47","guid":{"rendered":"https:\/\/www.ablakkarter.hu\/ablak-ajto-kapu\/"},"modified":"2026-03-09T10:04:53","modified_gmt":"2026-03-09T10:04:53","slug":"ablak-ajto-kapu","status":"publish","type":"page","link":"https:\/\/www.ablakkarter.hu\/?page_id=13","title":{"rendered":"Ablak &#8211; Ajt\u00f3 &#8211; Kapu"},"content":{"rendered":"<p align=\"center\"><span style=\"font-size: 16px;\"><strong><u>Vel\u00fcnk az ablakcsere nem k\u00f6lts\u00e9g, hanem egy gyorsan megt\u00e9r\u00fcl\u0151 befektet\u00e9s!<\/u><\/strong><\/span><\/p>\n<p><span style=\"font-size: 16px;\"><strong>Bemutat\u00f3termeinkben megtekintheti, s\u0151t kipr\u00f3b\u00e1lhatja az ablakvil\u00e1g leg\u00fajabb modelljeit.<\/strong> Munkat\u00e1rsaink seg\u00edts\u00e9g\u00e9vel megold\u00e1st tal\u00e1lhat m\u0171szaki, m\u00e9retez\u00e9si \u00e9s egy\u00e9b k\u00e9rd\u00e9seire. Kiv\u00e1laszthatja az \u00d6n sz\u00e1m\u00e1ra legmegfelel\u0151bb profilt, \u00fcveget, red\u0151nyt, sz\u00fanyogh\u00e1l\u00f3t, p\u00e1rk\u00e1nyokat, egy\u00e9b kieg\u00e9sz\u00edt\u0151ket.<\/span><\/p>\n<p><span style=\"font-size: 16px;\"><strong>Amir\u0151l a Karter Ablak Kft. nem hallgat:<\/strong><\/span><\/p>\n<ul>\n<li><span style=\"font-size: 16px;\"><strong>Minden <strong>Karter Ablak Kft <\/strong>\u00e1ltal gy\u00e1rtott ny\u00edl\u00e1sz\u00e1r\u00f3t a falny\u00edl\u00e1s m\u00e9ret\u00e9nek megfelel\u0151en egyedi m\u00e9retben gy\u00e1rtunk.<\/strong><\/span><\/li>\n<li><span style=\"font-size: 16px;\"><strong>Az egyedi gy\u00e1rt\u00e1snak nincs fel\u00e1ra!<\/strong><\/span><\/li>\n<li><span style=\"font-size: 16px;\"><strong>V\u00e1s\u00e1rl\u00f3ink \u00e9rdek\u00e9ben minden esetben ragaszkodunk a falny\u00edl\u00e1sok pontos felm\u00e9r\u00e9s\u00e9hez. <\/strong><\/span><\/li>\n<li><span style=\"font-size: 16px;\"><strong>A megrendelt ny\u00edl\u00e1sz\u00e1r\u00f3k bizonyos felt\u00e9telekkel 7 munkanap eltelt\u00e9vel \u00e1tvehet\u0151ek. <\/strong><\/span><\/li>\n<li><span style=\"font-size: 16px;\"><strong>A gy\u00e1rt\u00e1si hat\u00e1rid\u0151t nem befoly\u00e1solja sem a m\u00e9ret, sem a mennyis\u00e9g.<\/strong><\/span><\/li>\n<\/ul>\n","protected":false},"excerpt":{"rendered":"<p align=\"center\"><span style=\"font-size:16px;\"><strong><u>Vel\u00fcnk az ablakcsere nem k\u00f6lts\u00e9g, hanem egy gyorsan megt\u00e9r\u00fcl\u0151 befektet\u00e9s!<\/u><\/strong><\/span><\/p>\n<p>&nbsp;<\/p>\n<p><span style=\"font-size:16px;\"><strong>Bemutat\u00f3termeinkben megtekintheti, s\u0151t kipr\u00f3b\u00e1lhatja az ablakvil\u00e1g leg\u00fajabb modelljeit.<\/strong> Munkat\u00e1rsaink seg\u00edts\u00e9g\u00e9vel megold\u00e1st tal\u00e1lhat m\u0171szaki, m\u00e9retez\u00e9si \u00e9s egy\u00e9b k\u00e9rd\u00e9seire. Kiv\u00e1laszthatja az \u00d6n sz\u00e1m\u00e1ra legmegfelel\u0151bb profilt, \u00fcveget, red\u0151nyt, sz\u00fanyogh\u00e1l\u00f3t, p\u00e1rk\u00e1nyokat, egy\u00e9b kieg\u00e9sz\u00edt\u0151ket.<\/span><\/p>\n<p>&nbsp;<\/p>\n<p>&nbsp;<\/p>\n","protected":false},"author":1,"featured_media":1118,"parent":0,"menu_order":0,"comment_status":"closed","ping_status":"closed","template":"","meta":{"footnotes":""},"class_list":["post-13","page","type-page","status-publish","has-post-thumbnail","hentry"],"_links":{"self":[{"href":"https:\/\/www.ablakkarter.hu\/index.php?rest_route=\/wp\/v2\/pages\/13","targetHints":{"allow":["GET"]}}],"collection":[{"href":"https:\/\/www.ablakkarter.hu\/index.php?rest_route=\/wp\/v2\/pages"}],"about":[{"href":"https:\/\/www.ablakkarter.hu\/index.php?rest_route=\/wp\/v2\/types\/page"}],"author":[{"embeddable":true,"href":"https:\/\/www.ablakkarter.hu\/index.php?rest_route=\/wp\/v2\/users\/1"}],"replies":[{"embeddable":true,"href":"https:\/\/www.ablakkarter.hu\/index.php?rest_route=%2Fwp%2Fv2%2Fcomments&post=13"}],"version-history":[{"count":2,"href":"https:\/\/www.ablakkarter.hu\/index.php?rest_route=\/wp\/v2\/pages\/13\/revisions"}],"predecessor-version":[{"id":765,"href":"https:\/\/www.ablakkarter.hu\/index.php?rest_route=\/wp\/v2\/pages\/13\/revisions\/765"}],"wp:featuredmedia":[{"embeddable":true,"href":"https:\/\/www.ablakkarter.hu\/index.php?rest_route=\/wp\/v2\/media\/1118"}],"wp:attachment":[{"href":"https:\/\/www.ablakkarter.hu\/index.php?rest_route=%2Fwp%2Fv2%2Fmedia&parent=13"}],"curies":[{"name":"wp","href":"https:\/\/api.w.org\/{rel}","templated":true}]}}