{"id":1283,"date":"2022-03-16T13:14:41","date_gmt":"2022-03-16T13:14:41","guid":{"rendered":"https:\/\/www.ablakkarter.hu\/?page_id=1283"},"modified":"2026-03-11T15:31:49","modified_gmt":"2026-03-11T15:31:49","slug":"ajanlatkeres","status":"publish","type":"page","link":"https:\/\/www.ablakkarter.hu\/?page_id=1283","title":{"rendered":"\u25ba Aj\u00e1nlatk\u00e9r\u00e9s"},"content":{"rendered":"<style id=\"wpforms-css-vars-1281\">\n\t\t\t\t#wpforms-1281 {\n\t\t\t\t--wpforms-container-padding: 0px;\n--wpforms-container-border-width: 1px;\n--wpforms-container-border-radius: 3px;\n--wpforms-background-color: rgba(0, 0, 0, 0);\n--wpforms-field-size-input-height: 43px;\n--wpforms-field-size-input-spacing: 15px;\n--wpforms-field-size-font-size: 16px;\n--wpforms-field-size-line-height: 19px;\n--wpforms-field-size-padding-h: 14px;\n--wpforms-field-size-checkbox-size: 16px;\n--wpforms-field-size-sublabel-spacing: 5px;\n--wpforms-field-size-icon-size: 1;\n--wpforms-label-size-font-size: 16px;\n--wpforms-label-size-line-height: 19px;\n--wpforms-label-size-sublabel-font-size: 14px;\n--wpforms-label-size-sublabel-line-height: 17px;\n--wpforms-button-size-font-size: 17px;\n--wpforms-button-size-height: 41px;\n--wpforms-button-size-padding-h: 15px;\n--wpforms-button-size-margin-top: 10px;\n--wpforms-container-shadow-size-box-shadow: none;\n\t\t\t}\n\t\t\t<\/style><div class=\"wpforms-container wpforms-container-full wpforms-render-modern\" id=\"wpforms-1281\"><form id=\"wpforms-form-1281\" class=\"wpforms-validate wpforms-form\" data-formid=\"1281\" method=\"post\" enctype=\"multipart\/form-data\" action=\"\/index.php?rest_route=%2Fwp%2Fv2%2Fpages%2F1283\" data-token=\"30f44e4c7a04dff611d89adc637b4ef9\" data-token-time=\"1776661799\"><noscript class=\"wpforms-error-noscript\">Please enable JavaScript in your browser to complete this form.<\/noscript><div id=\"wpforms-error-noscript\" style=\"display: none;\">Please enable JavaScript in your browser to complete this form.<\/div><div class=\"wpforms-field-container\"><div id=\"wpforms-1281-field_0-container\" class=\"wpforms-field wpforms-field-name\" data-field-id=\"0\"><label class=\"wpforms-field-label\" for=\"wpforms-1281-field_0\">\u00dcgyf\u00e9l n\u00e9v <span class=\"wpforms-required-label\" aria-hidden=\"true\">*<\/span><\/label><input type=\"text\" id=\"wpforms-1281-field_0\" class=\"wpforms-field-medium wpforms-field-required\" name=\"wpforms[fields][0]\" aria-errormessage=\"wpforms-1281-field_0-error\" required><\/div><div id=\"wpforms-1281-field_12-container\" class=\"wpforms-field wpforms-field-name\" data-field-id=\"12\"><label class=\"wpforms-field-label\" for=\"wpforms-1281-field_12\">Telefonsz\u00e1m <span class=\"wpforms-required-label\" aria-hidden=\"true\">*<\/span><\/label><input type=\"text\" id=\"wpforms-1281-field_12\" class=\"wpforms-field-medium wpforms-field-required\" name=\"wpforms[fields][12]\" aria-errormessage=\"wpforms-1281-field_12-error\" aria-describedby=\"wpforms-1281-field_12-description\" required><div id=\"wpforms-1281-field_12-description\" class=\"wpforms-field-description\">pl.: +36 70 123 4567<\/div><\/div><div id=\"wpforms-1281-field_1-container\" class=\"wpforms-field wpforms-field-email\" data-field-id=\"1\"><label class=\"wpforms-field-label\" for=\"wpforms-1281-field_1\">E-mail c\u00edm <span class=\"wpforms-required-label\" aria-hidden=\"true\">*<\/span><\/label><input type=\"email\" id=\"wpforms-1281-field_1\" class=\"wpforms-field-medium wpforms-field-required\" name=\"wpforms[fields][1]\" spellcheck=\"false\" aria-errormessage=\"wpforms-1281-field_1-error\" required><\/div><div id=\"wpforms-1281-field_14-container\" class=\"wpforms-field wpforms-field-name\" data-field-id=\"14\"><label class=\"wpforms-field-label\" for=\"wpforms-1281-field_14\">V\u00e1ros \/ Telep\u00fcl\u00e9s <span class=\"wpforms-required-label\" aria-hidden=\"true\">*<\/span><\/label><input type=\"text\" id=\"wpforms-1281-field_14\" class=\"wpforms-field-medium wpforms-field-required\" name=\"wpforms[fields][14]\" aria-errormessage=\"wpforms-1281-field_14-error\" required><\/div>\t\t<div id=\"wpforms-1281-field_4-container\"\n\t\t\tclass=\"wpforms-field wpforms-field-text\"\n\t\t\tdata-field-type=\"text\"\n\t\t\tdata-field-id=\"4\"\n\t\t\t>\n\t\t\t<label class=\"wpforms-field-label\" for=\"wpforms-1281-field_4\" >al\u00e1bbi  term\u00e9kcsoportok<\/label>\n\t\t\t<input type=\"text\" id=\"wpforms-1281-field_4\" class=\"wpforms-field-medium\" name=\"wpforms[fields][4]\" >\n\t\t<\/div>\n\t\t<div id=\"wpforms-1281-field_3-container\" class=\"wpforms-field wpforms-field-select wpforms-field-select-style-classic\" data-field-id=\"3\"><label class=\"wpforms-field-label\" for=\"wpforms-1281-field_3\">K\u00e9rj\u00fck v\u00e1lasszon az al\u00e1bbi term\u00e9kcsoportok k\u00f6z\u00fcl: <span class=\"wpforms-required-label\" aria-hidden=\"true\">*<\/span><\/label><select id=\"wpforms-1281-field_3\" class=\"wpforms-field-medium wpforms-field-required\" name=\"wpforms[fields][3]\" required=\"required\"><option value=\"Dekor \/ CPL \/ MDF Belt\u00e9ri ajt\u00f3\"  selected='selected' class=\"choice-10 depth-1\"  >Dekor \/ CPL \/ MDF Belt\u00e9ri ajt\u00f3<\/option><option value=\"Fa Belt\u00e9ri ajt\u00f3\"  class=\"choice-1 depth-1\"  >Fa Belt\u00e9ri ajt\u00f3<\/option><option value=\"Bej\u00e1rati ajt\u00f3\"  class=\"choice-2 depth-1\"  >Bej\u00e1rati ajt\u00f3<\/option><option value=\"M\u0171anyag ablak\"  class=\"choice-3 depth-1\"  >M\u0171anyag ablak<\/option><option value=\"Fa ablak\"  class=\"choice-4 depth-1\"  >Fa ablak<\/option><option value=\"PVC \/ Alum\u00ednium \/ M\u0171k\u0151 p\u00e1rk\u00e1ny\"  class=\"choice-11 depth-1\"  >PVC \/ Alum\u00ednium \/ M\u0171k\u0151 p\u00e1rk\u00e1ny<\/option><option value=\"M\u0171anyag \/ Alum\u00ednium Red\u0151ny\"  class=\"choice-5 depth-1\"  >M\u0171anyag \/ Alum\u00ednium Red\u0151ny<\/option><option value=\"Reluxa \/ Szalagf\u00fcgg\u00f6ny\"  class=\"choice-6 depth-1\"  >Reluxa \/ Szalagf\u00fcgg\u00f6ny<\/option><option value=\"Sz\u00fanyogh\u00e1l\u00f3\"  class=\"choice-7 depth-1\"  >Sz\u00fanyogh\u00e1l\u00f3<\/option><option value=\"Polikarbon\u00e1t lemez\"  class=\"choice-8 depth-1\"  >Polikarbon\u00e1t lemez<\/option><option value=\"EGY\u00c9B\"  class=\"choice-9 depth-1\"  >EGY\u00c9B<\/option><\/select><\/div><div id=\"wpforms-1281-field_2-container\" class=\"wpforms-field wpforms-field-textarea\" data-field-id=\"2\"><label class=\"wpforms-field-label\" for=\"wpforms-1281-field_2\">Aj\u00e1nlatk\u00e9r\u00e9s r\u00e9szletei <span class=\"wpforms-required-label\" aria-hidden=\"true\">*<\/span><\/label><textarea id=\"wpforms-1281-field_2\" class=\"wpforms-field-medium wpforms-field-required\" name=\"wpforms[fields][2]\" aria-errormessage=\"wpforms-1281-field_2-error\" aria-describedby=\"wpforms-1281-field_2-description\" required><\/textarea><div id=\"wpforms-1281-field_2-description\" class=\"wpforms-field-description\">K\u00e9rj\u00fck a ny\u00edl\u00e1sz\u00e1r\u00f3k m\u00e9reteit a k\u00f6vetkez\u0151 sorrendben t\u00fcntess\u00e9k fel: SZ\u00c9LESS\u00c9G x MAGASS\u00c1G<\/div><\/div><div id=\"wpforms-1281-field_19-container\" class=\"wpforms-field wpforms-field-checkbox\" data-field-id=\"19\"><fieldset><legend class=\"wpforms-field-label\"> Adatv\u00e9delmi nyilatkozat (GDPR)<\/legend><ul id=\"wpforms-1281-field_19\"><li class=\"choice-1 depth-1\"><input type=\"checkbox\" id=\"wpforms-1281-field_19_1\" name=\"wpforms[fields][19][]\" value=\"Elfogadom\" aria-errormessage=\"wpforms-1281-field_19_1-error\" aria-describedby=\"wpforms-1281-field_19-description\"  ><label class=\"wpforms-field-label-inline\" for=\"wpforms-1281-field_19_1\">Elfogadom<\/label><\/li><\/ul><div id=\"wpforms-1281-field_19-description\" class=\"wpforms-field-description\">Hozz\u00e1j\u00e1rulok, hogy adataimat a Karter Ablak Kft. az adatkezel\u00e9si t\u00e1j\u00e9koztat\u00f3ban foglaltak szerint kezelje.<\/div><\/fieldset><\/div><script>\n\t\t\t\t( function() {\n\t\t\t\t\tconst style = document.createElement( 'style' );\n\t\t\t\t\tstyle.appendChild( document.createTextNode( '#wpforms-1281-field_4-container { position: absolute !important; overflow: hidden !important; display: inline !important; height: 1px !important; width: 1px !important; z-index: -1000 !important; padding: 0 !important; } #wpforms-1281-field_4-container input { visibility: hidden; } #wpforms-conversational-form-page #wpforms-1281-field_4-container label { counter-increment: none; }' ) );\n\t\t\t\t\tdocument.head.appendChild( style );\n\t\t\t\t\tdocument.currentScript?.remove();\n\t\t\t\t} )();\n\t\t\t<\/script><\/div><!-- .wpforms-field-container --><div class=\"wpforms-submit-container\" ><input type=\"hidden\" name=\"wpforms[id]\" value=\"1281\"><input type=\"hidden\" name=\"page_title\" value=\"\"><input type=\"hidden\" name=\"page_url\" value=\"https:\/\/www.ablakkarter.hu\/index.php?rest_route=\/wp\/v2\/pages\/1283\"><input type=\"hidden\" name=\"url_referer\" value=\"\"><button type=\"submit\" name=\"wpforms[submit]\" id=\"wpforms-submit-1281\" class=\"wpforms-submit\" data-alt-text=\"Folyamatban...\" data-submit-text=\"ELK\u00dcLD\u00d6M AZ \u00c1RAJ\u00c1NLAT K\u00c9R\u00c9ST\" aria-live=\"assertive\" value=\"wpforms-submit\">ELK\u00dcLD\u00d6M AZ \u00c1RAJ\u00c1NLAT K\u00c9R\u00c9ST<\/button><\/div><\/form><\/div>  <!-- .wpforms-container -->\n","protected":false},"excerpt":{"rendered":"","protected":false},"author":1,"featured_media":16694,"parent":0,"menu_order":0,"comment_status":"closed","ping_status":"closed","template":"","meta":{"footnotes":""},"class_list":["post-1283","page","type-page","status-publish","has-post-thumbnail","hentry"],"_links":{"self":[{"href":"https:\/\/www.ablakkarter.hu\/index.php?rest_route=\/wp\/v2\/pages\/1283","targetHints":{"allow":["GET"]}}],"collection":[{"href":"https:\/\/www.ablakkarter.hu\/index.php?rest_route=\/wp\/v2\/pages"}],"about":[{"href":"https:\/\/www.ablakkarter.hu\/index.php?rest_route=\/wp\/v2\/types\/page"}],"author":[{"embeddable":true,"href":"https:\/\/www.ablakkarter.hu\/index.php?rest_route=\/wp\/v2\/users\/1"}],"replies":[{"embeddable":true,"href":"https:\/\/www.ablakkarter.hu\/index.php?rest_route=%2Fwp%2Fv2%2Fcomments&post=1283"}],"version-history":[{"count":18,"href":"https:\/\/www.ablakkarter.hu\/index.php?rest_route=\/wp\/v2\/pages\/1283\/revisions"}],"predecessor-version":[{"id":16577,"href":"https:\/\/www.ablakkarter.hu\/index.php?rest_route=\/wp\/v2\/pages\/1283\/revisions\/16577"}],"wp:featuredmedia":[{"embeddable":true,"href":"https:\/\/www.ablakkarter.hu\/index.php?rest_route=\/wp\/v2\/media\/16694"}],"wp:attachment":[{"href":"https:\/\/www.ablakkarter.hu\/index.php?rest_route=%2Fwp%2Fv2%2Fmedia&parent=1283"}],"curies":[{"name":"wp","href":"https:\/\/api.w.org\/{rel}","templated":true}]}}