{"id":12759,"date":"2025-11-13T13:49:14","date_gmt":"2025-11-13T13:49:14","guid":{"rendered":"https:\/\/www.ablakkarter.hu\/?page_id=12759"},"modified":"2025-11-13T15:06:53","modified_gmt":"2025-11-13T15:06:53","slug":"12759-2","status":"publish","type":"page","link":"https:\/\/www.ablakkarter.hu\/?page_id=12759","title":{"rendered":"Adatv\u00e9delmi ir\u00e1nyelvek"},"content":{"rendered":"\n<p>Ezen dokumentum megfelel a 2016\/679\/EU \u00c1ltal\u00e1nos Adatv\u00e9delmi Rendelet (GDPR) el\u0151\u00edr\u00e1sainak, \u00e9s kifejezetten kapcsolatfelv\u00e9teli c\u00e9l\u00fa adatkezel\u00e9shez k\u00e9sz\u00fclt.<\/p>\n\n\n\n<p>Adatv\u00e9delmi ir\u00e1nyelvek \u2013 <a href=\"https:\/\/www.ablakkarter.hu\/\">www.ablakkarter.hu<\/a><\/p>\n\n\n\n<p>Hat\u00e1lyos: 2023. m\u00e1rcius 01-t\u0151l<\/p>\n\n\n\n<ol class=\"wp-block-list\">\n<li>Az adatkezel\u0151 adatai<\/li>\n<\/ol>\n\n\n\n<p>N\u00e9v: Karter Ablak Kft.<br>Sz\u00e9khely: 6500 Baja, Malom utca 10.<br>Ad\u00f3sz\u00e1m: 11711890-2-03<br>E-mail: karterablak@t-online.hu<br>Kapcsolattart\u00f3: P\u00e1ti Mikl\u00f3s<br>Telefonsz\u00e1m: +36 70 616 5096<\/p>\n\n\n\n<p>Weboldal: <a href=\"https:\/\/www.ablakkarter.hu\/\">www.ablakkarter.hu<\/a><\/p>\n\n\n\n<p>Az adatkezel\u0151 felel\u0151s az\u00e9rt, hogy az \u00d6n szem\u00e9lyes adatait a vonatkoz\u00f3 jogszab\u00e1lyoknak megfelel\u0151en kezelje, k\u00fcl\u00f6n\u00f6s tekintettel a 2016\/679\/EU \u00c1ltal\u00e1nos Adatv\u00e9delmi Rendeletre (GDPR) \u00e9s az Infotv. (2011. \u00e9vi CXII. t\u00f6rv\u00e9ny) el\u0151\u00edr\u00e1saira.<\/p>\n\n\n\n<ol start=\"2\" class=\"wp-block-list\">\n<li>Az adatkezel\u00e9s c\u00e9lja<br>A weboldalon kereszt\u00fcl megadott szem\u00e9lyes adatok kezel\u00e9se kiz\u00e1r\u00f3lag kapcsolatfelv\u00e9tel \u00e9s \u00e1raj\u00e1nlat-k\u00e9r\u00e9s feldolgoz\u00e1sa c\u00e9lj\u00e1b\u00f3l t\u00f6rt\u00e9nik.<\/li>\n\n\n\n<li>Az adatkezel\u00e9s jogalapja<\/li>\n<\/ol>\n\n\n\n<p>Az adatkezel\u00e9s jogalapja a GDPR 6. cikk (1) bekezd\u00e9s a) pontja alapj\u00e1n az \u00e9rintett hozz\u00e1j\u00e1rul\u00e1sa, amelyet a kapcsolatfelv\u00e9teli \u0171rlap kit\u00f6lt\u00e9s\u00e9vel \u00e9s elk\u00fcld\u00e9s\u00e9vel ad meg.<\/p>\n\n\n\n<ol start=\"4\" class=\"wp-block-list\">\n<li>A kezelt adatok k\u00f6re<br>A kapcsolatfelv\u00e9teli \u0171rlapon kereszt\u00fcl az al\u00e1bbi szem\u00e9lyes adatokat kezelj\u00fck:<br>N\u00e9v<br>E-mail c\u00edm<br>Telefonsz\u00e1m<br>Telep\u00fcl\u00e9s<br>\u00dczenet tartalma (opcion\u00e1lisan)<br><\/li>\n\n\n\n<li>Az adatkezel\u00e9s id\u0151tartama<br>A megadott adatokat az adatkezel\u0151 legfeljebb 6 h\u00f3napig \u0151rzi a kapcsolatfelv\u00e9telt k\u00f6vet\u0151en, vagy az \u00e9rintett k\u00e9r\u00e9s\u00e9re halad\u00e9ktalanul t\u00f6rli.<br><\/li>\n\n\n\n<li>Adattov\u00e1bb\u00edt\u00e1s \u00e9s adatfeldolgoz\u00f3k<br>Az adatokat az adatkezel\u0151 nem adja tov\u00e1bb harmadik f\u00e9lnek, \u00e9s nem haszn\u00e1l k\u00fcls\u0151 adatfeldolgoz\u00f3 szolg\u00e1ltat\u00e1st (pl. Google Analytics, Facebook Pixel, h\u00edrlev\u00e9lk\u00fcld\u0151 rendszerek stb.).<br>A weboldal nem tartalmaz webshop-funkci\u00f3t, nem kezel fizet\u00e9si adatokat.<br><\/li>\n\n\n\n<li>Az \u00e9rintett jogai<br>Az \u00e9rintett k\u00e9relmezheti az adatkezel\u0151t\u0151l:<br>a r\u00f3la t\u00e1rolt adatokhoz val\u00f3 hozz\u00e1f\u00e9r\u00e9st,<br>azok helyesb\u00edt\u00e9s\u00e9t, t\u00f6rl\u00e9s\u00e9t vagy korl\u00e1toz\u00e1s\u00e1t,<br>tiltakozhat az adatkezel\u00e9s ellen,<br>valamint \u00e9lhet az adathordozhat\u00f3s\u00e1ghoz val\u00f3 jog\u00e1val.<\/li>\n<\/ol>\n\n\n\n<p>K\u00e9relm\u00e9t az al\u00e1bbi e-mail c\u00edmen ny\u00fajthatja be: info@poliplexi.hu<\/p>\n\n\n\n<ol start=\"8\" class=\"wp-block-list\">\n<li>Jogorvoslati lehet\u0151s\u00e9gek<br>Amennyiben az \u00e9rintett \u00fagy v\u00e9li, hogy az adatkezel\u0151 megs\u00e9rtette a szem\u00e9lyes adatok v\u00e9delm\u00e9hez f\u0171z\u0151d\u0151 jogait, panasszal \u00e9lhet a<br>Nemzeti Adatv\u00e9delmi \u00e9s Inform\u00e1ci\u00f3szabads\u00e1g Hat\u00f3s\u00e1gn\u00e1l (NAIH):<\/li>\n<\/ol>\n\n\n\n<p>C\u00edm: 1055 Budapest, Falk Miksa utca 9\u201311.<br>Postac\u00edm: 1363 Budapest, Pf. 9.<br>Telefon: +36 (1) 391-1400<br>E-mail: ugyfelszolgalat@naih.hu<br>Web: www.naih.hu<\/p>\n\n\n\n<ol start=\"9\" class=\"wp-block-list\">\n<li>Adatbiztons\u00e1g<br>Az adatkezel\u0151 minden sz\u00fcks\u00e9ges technikai \u00e9s szervez\u00e9si int\u00e9zked\u00e9st megtesz annak \u00e9rdek\u00e9ben, hogy a szem\u00e9lyes adatok v\u00e9delme biztos\u00edtott legyen, \u00e9s azokhoz illet\u00e9ktelen szem\u00e9ly ne f\u00e9rhessen hozz\u00e1.<\/li>\n\n\n\n<li>Egy\u00e9b rendelkez\u00e9sek<br>Az adatkezel\u0151 fenntartja a jogot jelen adatv\u00e9delmi t\u00e1j\u00e9koztat\u00f3 m\u00f3dos\u00edt\u00e1s\u00e1ra. A v\u00e1ltoz\u00e1sokat a weboldalon k\u00f6zz\u00e9teszi.<\/li>\n<\/ol>\n\n\n\n<p>\ud83d\udd39 Karter Ablak Kft.<br><a href=\"https:\/\/www.ablakkarter.hu\/\">www.ablakkarter.hu<\/a><\/p>\n\n\n\n<p>Hat\u00e1lyos d\u00e1tum: 2023. m\u00e1rcius 01.<\/p>\n","protected":false},"excerpt":{"rendered":"<p>Ezen dokumentum megfelel a 2016\/679\/EU \u00c1ltal\u00e1nos Adatv\u00e9delmi Rendelet (GDPR) el\u0151\u00edr\u00e1sainak, \u00e9s kifejezetten kapcsolatfelv\u00e9teli c\u00e9l\u00fa adatkezel\u00e9shez k\u00e9sz\u00fclt. Adatv\u00e9delmi ir\u00e1nyelvek \u2013 www.ablakkarter.hu Hat\u00e1lyos: 2023. m\u00e1rcius 01-t\u0151l N\u00e9v: Karter Ablak Kft.Sz\u00e9khely: 6500 Baja, Malom utca 10.Ad\u00f3sz\u00e1m: 11711890-2-03E-mail: karterablak@t-online.huKapcsolattart\u00f3: P\u00e1ti Mikl\u00f3sTelefonsz\u00e1m: +36 70 616 5096 Weboldal: www.ablakkarter.hu Az adatkezel\u0151 felel\u0151s az\u00e9rt, hogy az \u00d6n szem\u00e9lyes adatait a vonatkoz\u00f3 jogszab\u00e1lyoknak &hellip; <\/p>\n<p class=\"link-more\"><a href=\"https:\/\/www.ablakkarter.hu\/?page_id=12759\" class=\"more-link\">Continue reading<span class=\"screen-reader-text\"> &#8222;Adatv\u00e9delmi ir\u00e1nyelvek&#8221;<\/span><\/a><\/p>\n","protected":false},"author":2,"featured_media":0,"parent":0,"menu_order":0,"comment_status":"closed","ping_status":"closed","template":"","meta":{"footnotes":""},"class_list":["post-12759","page","type-page","status-publish","hentry"],"_links":{"self":[{"href":"https:\/\/www.ablakkarter.hu\/index.php?rest_route=\/wp\/v2\/pages\/12759","targetHints":{"allow":["GET"]}}],"collection":[{"href":"https:\/\/www.ablakkarter.hu\/index.php?rest_route=\/wp\/v2\/pages"}],"about":[{"href":"https:\/\/www.ablakkarter.hu\/index.php?rest_route=\/wp\/v2\/types\/page"}],"author":[{"embeddable":true,"href":"https:\/\/www.ablakkarter.hu\/index.php?rest_route=\/wp\/v2\/users\/2"}],"replies":[{"embeddable":true,"href":"https:\/\/www.ablakkarter.hu\/index.php?rest_route=%2Fwp%2Fv2%2Fcomments&post=12759"}],"version-history":[{"count":3,"href":"https:\/\/www.ablakkarter.hu\/index.php?rest_route=\/wp\/v2\/pages\/12759\/revisions"}],"predecessor-version":[{"id":12767,"href":"https:\/\/www.ablakkarter.hu\/index.php?rest_route=\/wp\/v2\/pages\/12759\/revisions\/12767"}],"wp:attachment":[{"href":"https:\/\/www.ablakkarter.hu\/index.php?rest_route=%2Fwp%2Fv2%2Fmedia&parent=12759"}],"curies":[{"name":"wp","href":"https:\/\/api.w.org\/{rel}","templated":true}]}}