{"id":122,"date":"2012-07-25T05:10:07","date_gmt":"2012-07-25T05:10:07","guid":{"rendered":"https:\/\/www.ablakkarter.hu\/kiegeszitok\/"},"modified":"2021-12-08T15:26:59","modified_gmt":"2021-12-08T15:26:59","slug":"kiegeszitok","status":"publish","type":"page","link":"https:\/\/www.ablakkarter.hu\/?page_id=122","title":{"rendered":"Kieg\u00e9sz\u00edt\u0151k"},"content":{"rendered":"<table style=\"width: 835px; height: 239px;\" border=\"1\" cellspacing=\"1\" cellpadding=\"1\">\n<tbody>\n<tr>\n<td style=\"text-align: center; background-color: #cc0000;\"><strong><span style=\"font-size: 14px;\"><a href=\"\/ablakszellozo-nyilaszaro-legbevezeto\"><span style=\"color: #ffffff;\"><span style=\"font-family: verdana,geneva,sans-serif;\">Ablakszell\u0151z\u0151, l\u00e9gbevezet\u0151<\/span><\/span><\/a><\/span><\/strong><\/td>\n<td style=\"text-align: center; background-color: #cc0000;\"><strong><span style=\"font-size: 14px;\"><a href=\"\/uveg\"><span style=\"color: #ffffff;\"><span style=\"font-family: verdana,geneva,sans-serif;\">\u00dcveg<\/span><\/span><\/a><\/span><\/strong><\/td>\n<td style=\"text-align: center; background-color: #cc0000;\"><strong><span style=\"font-size: 14px;\"><span style=\"font-family: verdana,geneva,sans-serif;\"><a href=\"\/alosztok-alosztasok\"><span style=\"color: #ffffff;\">\u00c1loszt\u00f3k, \u00e1loszt\u00e1sok<\/span><\/a><\/span><\/span><\/strong><\/td>\n<td style=\"text-align: center; background-color: #cc0000;\"><strong><span style=\"font-size: 14px;\"><a href=\"\/kilincsek\"><span style=\"color: #ffffff;\"><span style=\"font-family: verdana,geneva,sans-serif;\">Kilincs<\/span><\/span><\/a><\/span><\/strong><\/td>\n<\/tr>\n<tr>\n<td style=\"text-align: center;\"><a href=\"\/ablakszellozo-nyilaszaro-legbevezeto\"><img loading=\"lazy\" decoding=\"async\" class=\" size-full wp-image-119\" style=\"width: 236px; height: 180px;\" title=\"ablakszell\u0151z\u0151\" src=\"https:\/\/www.ablakkarter.hu\/wp-content\/uploads\/2012\/07\/ablakszellozo.jpg\" alt=\"\" width=\"257\" height=\"196\" \/><\/a><\/td>\n<td style=\"text-align: center;\"><a href=\"\/uveg\"><img loading=\"lazy\" decoding=\"async\" class=\" size-full wp-image-120\" style=\"width: 138px; height: 180px;\" title=\"\u00fcveg\" src=\"https:\/\/www.ablakkarter.hu\/wp-content\/uploads\/2012\/07\/diszuveg_6.jpg\" alt=\"\" width=\"420\" height=\"546\" srcset=\"https:\/\/www.ablakkarter.hu\/wp-content\/uploads\/2012\/07\/diszuveg_6.jpg 420w, https:\/\/www.ablakkarter.hu\/wp-content\/uploads\/2012\/07\/diszuveg_6-231x300.jpg 231w\" sizes=\"auto, (max-width: 420px) 100vw, 420px\" \/><\/a><\/td>\n<td style=\"text-align: center;\"><a href=\"\/alosztok-alosztasok\"><img loading=\"lazy\" decoding=\"async\" class=\" size-full wp-image-121\" style=\"width: 245px; height: 180px;\" src=\"https:\/\/www.ablakkarter.hu\/wp-content\/uploads\/2012\/07\/aloszto2.jpg\" alt=\"\" width=\"450\" height=\"331\" srcset=\"https:\/\/www.ablakkarter.hu\/wp-content\/uploads\/2012\/07\/aloszto2.jpg 450w, https:\/\/www.ablakkarter.hu\/wp-content\/uploads\/2012\/07\/aloszto2-300x221.jpg 300w\" sizes=\"auto, (max-width: 450px) 100vw, 450px\" \/><\/a><\/td>\n<td style=\"text-align: center;\"><a href=\"\/kilincsek\"><img decoding=\"async\" style=\"width: 103px; height: 180px;\" title=\"kilincsek\" src=\"http:\/\/www.ablakkarter.hu\/sites\/default\/files\/hoppe_zarhato_ablakkilincs_k.jpg\" alt=\"\" \/><\/a><\/td>\n<\/tr>\n<\/tbody>\n<\/table>\n","protected":false},"excerpt":{"rendered":"<table border=\"1\" cellpadding=\"1\" cellspacing=\"1\" style=\"width: 500px;\">\n<tbody>\n<tr>\n<td style=\"text-align: center; background-color: rgb(204, 0, 0);\"><strong><span style=\"font-size:14px;\"><a href=\"\/ablakszellozo-nyilaszaro-legbevezeto\"><span style=\"color: rgb(255, 255, 255);\"><span style=\"font-family: verdana,geneva,sans-serif;\">Ablakszell\u0151z\u0151, l\u00e9gbevezet\u0151<\/span><\/span><\/a><\/span><\/strong><\/td>\n<td style=\"text-align: center; background-color: rgb(204, 0, 0);\"><strong><span style=\"font-size:14px;\"><a href=\"\/uveg\"><span style=\"color: rgb(255, 255, 255);\"><span style=\"font-family: verdana,geneva,sans-serif;\">\u00dcveg<\/span><\/span><\/a><\/span><\/strong><\/td>\n<td style=\"text-align: center; background-color: rgb(204, 0, 0);\"><strong><span style=\"font-size:14px;\"><span style=\"font-family: verdana,geneva,sans-serif;\"><a href=\"\/alosztok-alosztasok\"><span style=\"color: rgb(255, 255, 255);\">\u00c1loszt\u00f3k, \u00e1loszt\u00e1sok<\/span><\/a><\/span><\/span><\/strong><\/td>\n<td style=\"text-align: center; background-color: rgb(204, 0, 0);\"><strong><span style=\"font-size:14px;\"><a href=\"\/kilincsek\"><span style=\"color: rgb(255, 255, 255);\"><span style=\"font-family: verdana,geneva,sans-serif;\">Kilincs<\/span><\/span><\/a><\/span><\/strong><\/td>\n<\/tr>\n<tr>\n<td style=\"text-align: center;\"><a href=\"\/ablakszellozo-nyilaszaro-legbevezeto\"><img loading=\"lazy\" decoding=\"async\" class=\" size-full wp-image-119\" alt=\"\" src=\"https:\/\/www.ablakkarter.hu\/wp-content\/uploads\/2012\/07\/ablakszellozo.jpg\" style=\"width: 236px; height: 180px;\" title=\"ablakszell\u0151z\u0151\" width=\"257\" height=\"196\" \/><\/a><\/td>\n<td style=\"text-align: center;\"><a href=\"\/uveg\"><img loading=\"lazy\" decoding=\"async\" class=\" size-full wp-image-120\" alt=\"\" src=\"https:\/\/www.ablakkarter.hu\/wp-content\/uploads\/2012\/07\/diszuveg_6.jpg\" style=\"width: 138px; height: 180px;\" title=\"\u00fcveg\" width=\"420\" height=\"546\" srcset=\"https:\/\/www.ablakkarter.hu\/wp-content\/uploads\/2012\/07\/diszuveg_6.jpg 420w, https:\/\/www.ablakkarter.hu\/wp-content\/uploads\/2012\/07\/diszuveg_6-231x300.jpg 231w\" sizes=\"auto, (max-width: 420px) 100vw, 420px\" \/><\/a><\/td>\n<td style=\"text-align: center;\"><a href=\"\/alosztok-alosztasok\"><img loading=\"lazy\" decoding=\"async\" class=\" size-full wp-image-121\" alt=\"\" src=\"https:\/\/www.ablakkarter.hu\/wp-content\/uploads\/2012\/07\/aloszto2.jpg\" style=\"width: 245px; height: 180px;\" width=\"450\" height=\"331\" srcset=\"https:\/\/www.ablakkarter.hu\/wp-content\/uploads\/2012\/07\/aloszto2.jpg 450w, https:\/\/www.ablakkarter.hu\/wp-content\/uploads\/2012\/07\/aloszto2-300x221.jpg 300w\" sizes=\"auto, (max-width: 450px) 100vw, 450px\" \/><\/a><\/td>\n<td style=\"text-align: center;\"><a href=\"\/kilincsek\"><img decoding=\"async\" alt=\"\" src=\"http:\/\/www.ablakkarter.hu\/sites\/default\/files\/hoppe_zarhato_ablakkilincs_k.jpg\" style=\"width: 103px; height: 180px;\" title=\"kilincsek\" \/><\/a><\/td>\n<\/tr>\n<\/tbody>\n<\/table>\n<p>&nbsp;<\/p>\n","protected":false},"author":1,"featured_media":1118,"parent":0,"menu_order":0,"comment_status":"closed","ping_status":"closed","template":"","meta":{"footnotes":""},"class_list":["post-122","page","type-page","status-publish","has-post-thumbnail","hentry"],"_links":{"self":[{"href":"https:\/\/www.ablakkarter.hu\/index.php?rest_route=\/wp\/v2\/pages\/122","targetHints":{"allow":["GET"]}}],"collection":[{"href":"https:\/\/www.ablakkarter.hu\/index.php?rest_route=\/wp\/v2\/pages"}],"about":[{"href":"https:\/\/www.ablakkarter.hu\/index.php?rest_route=\/wp\/v2\/types\/page"}],"author":[{"embeddable":true,"href":"https:\/\/www.ablakkarter.hu\/index.php?rest_route=\/wp\/v2\/users\/1"}],"replies":[{"embeddable":true,"href":"https:\/\/www.ablakkarter.hu\/index.php?rest_route=%2Fwp%2Fv2%2Fcomments&post=122"}],"version-history":[{"count":1,"href":"https:\/\/www.ablakkarter.hu\/index.php?rest_route=\/wp\/v2\/pages\/122\/revisions"}],"predecessor-version":[{"id":1132,"href":"https:\/\/www.ablakkarter.hu\/index.php?rest_route=\/wp\/v2\/pages\/122\/revisions\/1132"}],"wp:featuredmedia":[{"embeddable":true,"href":"https:\/\/www.ablakkarter.hu\/index.php?rest_route=\/wp\/v2\/media\/1118"}],"wp:attachment":[{"href":"https:\/\/www.ablakkarter.hu\/index.php?rest_route=%2Fwp%2Fv2%2Fmedia&parent=122"}],"curies":[{"name":"wp","href":"https:\/\/api.w.org\/{rel}","templated":true}]}}