{"id":12,"date":"2012-05-24T21:22:04","date_gmt":"2012-05-24T21:22:04","guid":{"rendered":"https:\/\/www.ablakkarter.hu\/karter-thermo78\/"},"modified":"2022-03-29T13:19:00","modified_gmt":"2022-03-29T13:19:00","slug":"karter-thermo78","status":"publish","type":"page","link":"https:\/\/www.ablakkarter.hu\/?page_id=12","title":{"rendered":"KARTER Thermo78"},"content":{"rendered":"<table style=\"width: 700px;\" border=\"1\" cellspacing=\"1\" cellpadding=\"1\">\n<tbody>\n<tr>\n<td>\n<ul>\n<li><span style=\"font-family: verdana,geneva,sans-serif;\"><span style=\"font-size: 14px;\">Be\u00e9p\u00edt\u00e9si m\u00e9lys\u00e9g: 78mm<\/span><\/span><\/li>\n<li><span style=\"font-family: verdana,geneva,sans-serif;\"><span style=\"font-size: 14px;\">Hossztoldott r\u00e9tegragasztott borovi feny\u0151 vagy lucfeny\u0151<\/span><\/span><\/li>\n<li><span style=\"font-family: verdana,geneva,sans-serif;\"><span style=\"font-size: 14px;\">Dupl\u00e1n k\u00f6rbefut\u00f3 EPDM CS125 \u00e9s DIPRO L2110 \u00a0t\u00f6m\u00edt\u0151profil<\/span><\/span><\/li>\n<li><span style=\"font-family: verdana,geneva,sans-serif;\"><span style=\"font-size: 14px;\">\u00dcveg: U<sub>g <\/sub>=1,0 W\/m<sup>2<\/sup>K (4Float-16Ar-4Low-E)<\/span><\/span><\/li>\n<li><span style=\"font-family: verdana,geneva,sans-serif;\"><span style=\"font-size: 14px;\">STEMESEDER alum\u00ednium szokny\u00e1s f\u00e9m v\u00edzvet\u0151 \u00e9s sz\u00e1rnytakar\u00f3 profil <\/span><\/span><\/li>\n<li><span style=\"font-family: verdana,geneva,sans-serif;\"><span style=\"font-size: 14px;\">ROTO NT biztons\u00e1gi vasalat hib\u00e1s m\u0171k\u00f6dtet\u00e9s g\u00e1tl\u00f3 \u00e9s r\u00e9sszell\u0151ztet\u0151 funkci\u00f3val<\/span><\/span><\/li>\n<li><span style=\"font-family: verdana,geneva,sans-serif;\"><span style=\"font-size: 14px;\">Hoppe elox\u00e1lt alum\u00ednium kilincs<\/span><\/span><\/li>\n<li><span style=\"font-family: verdana,geneva,sans-serif;\"><span style=\"font-size: 14px;\">V\u00e1laszthat\u00f3 kilincs sz\u00ednek: F2 Pezsg\u0151; F4 Bronz; <\/span><\/span><\/li>\n<li><span style=\"font-family: verdana,geneva,sans-serif;\"><span style=\"font-size: 14px;\">MILESI SPA HYDROCROM gy\u00e1ri laz\u00faros 3+1 r\u00e9teg\u0171 fel\u00fcletkezel\u00e9s<br \/>\n(21 f\u00e9le standard sz\u00edn + feh\u00e9r)<br \/>\nSz\u00ednminta alapj\u00e1n! <\/span><\/span><\/li>\n<\/ul>\n<\/td>\n<td>\n<p style=\"text-align: center;\"><img loading=\"lazy\" decoding=\"async\" class=\" size-full wp-image-8\" src=\"https:\/\/www.ablakkarter.hu\/wp-content\/uploads\/2012\/05\/FA78.png\" alt=\"\" width=\"240\" height=\"310\" \/><\/p>\n<\/td>\n<\/tr>\n<\/tbody>\n<\/table>\n<h2 class=\"art-postheader\"><a href=\"\/karter-thermo90\"><span style=\"color: #ffd700;\">Tov\u00e1bb a KARTER Thermo90 oldalra<\/span><\/a><\/h2>\n","protected":false},"excerpt":{"rendered":"<table border=\"1\" cellpadding=\"1\" cellspacing=\"1\" style=\"width: 700px;\">\n<tbody>\n<tr>\n<td>\n<ul>\n<li><span style=\"font-family:verdana,geneva,sans-serif;\"><span style=\"font-size: 14px;\">Be\u00e9p\u00edt\u00e9si m\u00e9lys\u00e9g: 78mm<\/span><\/span><\/li>\n<li><span style=\"font-family:verdana,geneva,sans-serif;\"><span style=\"font-size: 14px;\">Hossztoldott r\u00e9tegragasztott borovi feny\u0151 vagy lucfeny\u0151<\/span><\/span><\/li>\n<li><span style=\"font-family:verdana,geneva,sans-serif;\"><span style=\"font-size: 14px;\">Dupl\u00e1n k\u00f6rbefut\u00f3 EPDM CS125 \u00e9s DIPRO L2110 &nbsp;t\u00f6m\u00edt\u0151profil<\/span><\/span><\/li>\n<li><span style=\"font-family:verdana,geneva,sans-serif;\"><span style=\"font-size: 14px;\">\u00dcveg: U<sub>g <\/sub>=1,0 W\/m<sup>2<\/sup>K (4Float-16Ar-4Low-E)<\/span><\/span><\/li>\n<li><span style=\"font-family:verdana,geneva,sans-serif;\"><span style=\"font-size: 14px;\">STEMESEDER alum\u00ednium szokny\u00e1s f\u00e9m v\u00edzvet\u0151 \u00e9s sz\u00e1rnytakar\u00f3 profil <\/span><\/span><\/li>\n<li><span style=\"font-family:verdana,geneva,sans-serif;\"><span style=\"font-size: 14px;\">ROTO NT biztons\u00e1gi vasalat hib\u00e1s m\u0171k\u00f6dtet\u00e9s g\u00e1tl\u00f3 \u00e9s r\u00e9sszell\u0151ztet\u0151 funkci\u00f3val<\/span><\/span><\/li>\n<li><span style=\"font-family:verdana,geneva,sans-serif;\"><span style=\"font-size: 14px;\">Hoppe elox\u00e1lt alum\u00ednium kilincs<\/span><\/span><\/li>\n<li><span style=\"font-family:verdana,geneva,sans-serif;\"><span style=\"font-size: 14px;\">V\u00e1laszthat\u00f3 kilincs sz\u00ednek: F2 Pezsg\u0151; F4 Bronz; <\/span><\/span><\/li>\n<li><span style=\"font-family:verdana,geneva,sans-serif;\"><span style=\"font-size: 14px;\">MILESI SPA HYDROCROM gy\u00e1ri laz\u00faros 3+1 r\u00e9teg\u0171 fel\u00fcletkezel\u00e9s<br \/>(21 f\u00e9le standard sz\u00edn + feh\u00e9r)<br \/>Sz\u00ednminta alapj\u00e1n! <\/span><\/span><\/li>\n<\/ul>\n<p>&nbsp;<\/p>\n<\/td>\n<td>\n<p style=\"text-align: center;\"><img loading=\"lazy\" decoding=\"async\" class=\" size-full wp-image-8\" alt=\"\" height=\"310\" src=\"https:\/\/www.ablakkarter.hu\/wp-content\/uploads\/2012\/05\/FA78.png\" width=\"240\" \/><\/p>\n<\/td>\n<\/tr>\n<\/tbody>\n<\/table>\n<h2 class=\"art-postheader\"><a href=\"\/karter-thermo90\"><span style=\"color:#ffd700;\">Tov\u00e1bb a KARTER Thermo90 oldalra<\/span><\/a><\/h2>\n","protected":false},"author":1,"featured_media":8,"parent":0,"menu_order":0,"comment_status":"closed","ping_status":"closed","template":"","meta":{"footnotes":""},"class_list":["post-12","page","type-page","status-publish","has-post-thumbnail","hentry"],"_links":{"self":[{"href":"https:\/\/www.ablakkarter.hu\/index.php?rest_route=\/wp\/v2\/pages\/12","targetHints":{"allow":["GET"]}}],"collection":[{"href":"https:\/\/www.ablakkarter.hu\/index.php?rest_route=\/wp\/v2\/pages"}],"about":[{"href":"https:\/\/www.ablakkarter.hu\/index.php?rest_route=\/wp\/v2\/types\/page"}],"author":[{"embeddable":true,"href":"https:\/\/www.ablakkarter.hu\/index.php?rest_route=\/wp\/v2\/users\/1"}],"replies":[{"embeddable":true,"href":"https:\/\/www.ablakkarter.hu\/index.php?rest_route=%2Fwp%2Fv2%2Fcomments&post=12"}],"version-history":[{"count":1,"href":"https:\/\/www.ablakkarter.hu\/index.php?rest_route=\/wp\/v2\/pages\/12\/revisions"}],"predecessor-version":[{"id":1334,"href":"https:\/\/www.ablakkarter.hu\/index.php?rest_route=\/wp\/v2\/pages\/12\/revisions\/1334"}],"wp:featuredmedia":[{"embeddable":true,"href":"https:\/\/www.ablakkarter.hu\/index.php?rest_route=\/wp\/v2\/media\/8"}],"wp:attachment":[{"href":"https:\/\/www.ablakkarter.hu\/index.php?rest_route=%2Fwp%2Fv2%2Fmedia&parent=12"}],"curies":[{"name":"wp","href":"https:\/\/api.w.org\/{rel}","templated":true}]}}